{"id":10709,"date":"2018-05-10T20:44:12","date_gmt":"2018-05-10T18:44:12","guid":{"rendered":"https:\/\/www.plongee-plaisir.com\/fr\/?p=10709"},"modified":"2021-04-04T16:17:51","modified_gmt":"2021-04-04T14:17:51","slug":"profils-inverses-possibles-ou-non","status":"publish","type":"page","link":"https:\/\/www.plongee-plaisir.com\/fr\/profils-inverses-possibles-ou-non\/","title":{"rendered":"Profils invers\u00e9s : possibles ou non ?"},"content":{"rendered":"\n<p class=\"has-luminous-vivid-orange-color has-text-color wp-block-paragraph\"><a href=\"https:\/\/www.plongee-plaisir.com\/fr\/fiches-infos\/\">FICHES INFO<\/a> &gt; VOUS PERFECTIONNER<\/p>\n\n\n\n<div class=\"wp-block-kadence-spacer aligncenter kt-block-spacer-_c2638d-86\"><div class=\"kt-block-spacer kt-block-spacer-halign-center\" style=\"height:6px\"><hr class=\"kt-divider\" style=\"border-top-color:rgba(255, 105, 0, 1);border-top-width:10px;width:100%;border-top-style:solid\"\/><\/div><\/div>\n\n\n\n<h1 class=\"wp-block-heading\">Profils invers\u00e9s : possibles ou non ?<\/h1>\n\n\n\n<h2 class=\"wp-block-heading\">D\u00e9finition d\u2019un \u00ab profil invers\u00e9 \u00bb<\/h2>\n\n\n\n<p class=\"wp-block-paragraph\">Lors d\u2019une plong\u00e9e simple, cela consiste \u00e0 atteindre la plus grande profondeur en fin de&nbsp;plong\u00e9e, puis \u00e0 remonter en surface.&nbsp;En plong\u00e9e successive, cela revient \u00e0 descendre plus profond que lors de la premi\u00e8re&nbsp;plong\u00e9e.<\/p>\n\n\n\n<h2 class=\"wp-block-heading\">Questions soulev\u00e9es<\/h2>\n\n\n\n<p class=\"wp-block-paragraph\">Tous les mod\u00e8les de d\u00e9saturation (ordinateurs, tables) consid\u00e8rent, par convention, que&nbsp;la profondeur la plus importante est atteinte en d\u00e9but de plong\u00e9e ou lors de la premi\u00e8re&nbsp;plong\u00e9e et assoient leurs calculs sur ce postulat.<\/p>\n\n\n\n<p class=\"wp-block-paragraph\">Les profils invers\u00e9s se situent en dehors de ce cadre, c&rsquo;est \u00e0 dire qu&rsquo;ils n&rsquo;ont pas \u00e9t\u00e9 mod\u00e9lis\u00e9s.<\/p>\n\n\n\n<h2 class=\"wp-block-heading\">Dangerosit\u00e9<\/h2>\n\n\n\n<p class=\"wp-block-paragraph\">Hamilton et Thalmann indiquent \u00e0 ce sujet, pour les plong\u00e9es sans paliers : aucune&nbsp;preuve convaincante n\u2019a montr\u00e9 que les profils invers\u00e9s en plong\u00e9e sans d\u00e9compression&nbsp;entra\u00eenent une augmentation des risques d\u2019accidents de d\u00e9compression [\u2026] pour les&nbsp;plong\u00e9es sans d\u00e9compression \u00e0 moins de 40 m\u00e8tres et dont le diff\u00e9rentiel de profondeur&nbsp;est inf\u00e9rieur \u00e0 12 m\u00e8tres (Hamilton R.W et Thalmann E.D., Decompression Practice dans&nbsp;Bennet et Elliot\u2019s Physiology and Medecine of Diving, 2003, p. 474).<\/p>\n\n\n\n<p class=\"wp-block-paragraph\">La dangerosit\u00e9 de ce type de profil d\u00e9pendrait donc de la profondeur, du temps de plong\u00e9e&nbsp;et de la diff\u00e9rence de profondeur entre les deux plong\u00e9es. Dans tous les cas, ce type de&nbsp;profil ne fait pas partie des param\u00e8tres pris en compte par les mod\u00e8les de d\u00e9saturation&nbsp;(ordinateurs, tables).<\/p>\n\n\n\n<p class=\"wp-block-paragraph\">En l\u2019absence de certitudes sur ce point, nous ne saurions trop recommander de rester&nbsp;prudents et, dans la mesure du possible, d&rsquo;\u00e9viter de pratiquer ce type de plong\u00e9e.<\/p>\n\n\n\n<div style=\"height:11px\" aria-hidden=\"true\" class=\"wp-block-spacer\"><\/div>\n\n\n\n<div class=\"wp-block-image is-style-default\"><figure class=\"alignleft\"><img decoding=\"async\" width=\"736\" height=\"559\" src=\"https:\/\/www.plongee-plaisir.com\/fr\/wp-content\/uploads\/2018\/05\/ipack_251.png\" alt=\"\" class=\"wp-image-10712\" srcset=\"https:\/\/www.plongee-plaisir.com\/fr\/wp-content\/uploads\/2018\/05\/ipack_251.png 736w, https:\/\/www.plongee-plaisir.com\/fr\/wp-content\/uploads\/2018\/05\/ipack_251-300x228.png 300w, https:\/\/www.plongee-plaisir.com\/fr\/wp-content\/uploads\/2018\/05\/ipack_251-600x456.png 600w\" sizes=\"(max-width: 736px) 100vw, 736px\" \/><\/figure><\/div>\n\n\n\n<div class=\"wp-block-image is-style-default\"><figure class=\"alignleft\"><img decoding=\"async\" width=\"734\" height=\"559\" src=\"https:\/\/www.plongee-plaisir.com\/fr\/wp-content\/uploads\/2018\/05\/ipack_250.png\" alt=\"\" class=\"wp-image-10711\" srcset=\"https:\/\/www.plongee-plaisir.com\/fr\/wp-content\/uploads\/2018\/05\/ipack_250.png 734w, https:\/\/www.plongee-plaisir.com\/fr\/wp-content\/uploads\/2018\/05\/ipack_250-300x228.png 300w, https:\/\/www.plongee-plaisir.com\/fr\/wp-content\/uploads\/2018\/05\/ipack_250-600x457.png 600w\" sizes=\"(max-width: 734px) 100vw, 734px\" \/><\/figure><\/div>\n\n\n\n<div style=\"height:22px\" aria-hidden=\"true\" class=\"wp-block-spacer\"><\/div>\n\n\n\n<p class=\"wp-block-paragraph\"><\/p>\n\n\n\n<p class=\"wp-block-paragraph\">\u00a9 Extrait des&nbsp;<a href=\"https:\/\/www.plongee-plaisir.com\/fr\/livres-plongee\/\">livres Plong\u00e9e Plaisir<\/a>&nbsp;par Alain Foret aux Editions GAP.<br>Toute reproduction interdite sur quelque support que ce soit sans accord \u00e9crit de l\u2019\u00e9diteur et de l\u2019auteur.<\/p>\n\n\n\n<div class=\"wp-block-image is-style-default\"><figure class=\"alignleft size-large is-resized\"><img decoding=\"async\" src=\"https:\/\/www.plongee-plaisir.com\/fr\/wp-content\/uploads\/2021\/02\/carre.jpg\" alt=\"\" class=\"wp-image-48240\" width=\"30\" srcset=\"https:\/\/www.plongee-plaisir.com\/fr\/wp-content\/uploads\/2021\/02\/carre.jpg 102w, https:\/\/www.plongee-plaisir.com\/fr\/wp-content\/uploads\/2021\/02\/carre-100x100.jpg 100w\" sizes=\"(max-width: 102px) 100vw, 102px\" \/><\/figure><\/div>\n<style class=\"advgb-styles-renderer\">.wp-block-kadence-spacer.kt-block-spacer-_c2638d-86 .kt-block-spacer{height:6px;}.wp-block-kadence-spacer.kt-block-spacer-_c2638d-86 .kt-divider{border-top-width:10px;border-top-color:#ff6900;width:100%;border-top-style:solid;}<\/style>","protected":false},"excerpt":{"rendered":"<p>FICHES INFO &gt; VOUS PERFECTIONNER Profils invers\u00e9s : possibles ou non ? D\u00e9finition d\u2019un \u00ab profil invers\u00e9 \u00bb Lors d\u2019une plong\u00e9e simple, cela consiste \u00e0 atteindre la plus grande profondeur en fin de&nbsp;plong\u00e9e, puis \u00e0 remonter en surface.&nbsp;En plong\u00e9e successive, cela revient \u00e0 descendre plus profond que lors de la premi\u00e8re&nbsp;plong\u00e9e. Questions soulev\u00e9es Tous les [&hellip;]<\/p>\n","protected":false},"author":4,"featured_media":35254,"parent":0,"menu_order":0,"comment_status":"open","ping_status":"open","template":"","meta":{"_crdt_document":"","_uag_custom_page_level_css":"","advgb_blocks_editor_width":"","advgb_blocks_columns_visual_guide":"","_genesis_hide_title":true,"_genesis_hide_breadcrumbs":false,"_genesis_hide_singular_image":false,"_genesis_hide_footer_widgets":false,"_genesis_custom_body_class":"","_genesis_custom_post_class":"","_genesis_layout":"content-sidebar","_vp_format_video_url":"","_vp_image_focal_point":[],"footnotes":""},"class_list":{"0":"post-10709","1":"page","2":"type-page","3":"status-publish","4":"has-post-thumbnail","6":"entry"},"yoast_head":"<!-- This site is optimized with the Yoast SEO plugin v27.4 - https:\/\/yoast.com\/product\/yoast-seo-wordpress\/ -->\n<title>Profils invers\u00e9s : possibles ou non ? - Plong\u00e9e Plaisir, site officiel<\/title>\n<meta name=\"robots\" content=\"index, follow, max-snippet:-1, max-image-preview:large, max-video-preview:-1\" \/>\n<link rel=\"canonical\" href=\"https:\/\/www.plongee-plaisir.com\/fr\/profils-inverses-possibles-ou-non\/\" \/>\n<meta property=\"og:locale\" content=\"fr_FR\" \/>\n<meta property=\"og:type\" content=\"article\" \/>\n<meta property=\"og:title\" content=\"Profils invers\u00e9s : possibles ou non ? - Plong\u00e9e Plaisir, site officiel\" \/>\n<meta property=\"og:description\" content=\"FICHES INFO &gt; VOUS PERFECTIONNER Profils invers\u00e9s : possibles ou non ? D\u00e9finition d\u2019un \u00ab profil invers\u00e9 \u00bb Lors d\u2019une plong\u00e9e simple, cela consiste \u00e0 atteindre la plus grande profondeur en fin de&nbsp;plong\u00e9e, puis \u00e0 remonter en surface.&nbsp;En plong\u00e9e successive, cela revient \u00e0 descendre plus profond que lors de la premi\u00e8re&nbsp;plong\u00e9e. Questions soulev\u00e9es Tous les [&hellip;]\" \/>\n<meta property=\"og:url\" content=\"https:\/\/www.plongee-plaisir.com\/fr\/profils-inverses-possibles-ou-non\/\" \/>\n<meta property=\"og:site_name\" content=\"Plong\u00e9e Plaisir, site officiel\" \/>\n<meta property=\"article:modified_time\" content=\"2021-04-04T14:17:51+00:00\" \/>\n<meta property=\"og:image\" content=\"https:\/\/www.plongee-plaisir.com\/fr\/wp-content\/uploads\/2018\/05\/Fiches-infos-profils-inverses.png\" \/>\n\t<meta property=\"og:image:width\" content=\"300\" \/>\n\t<meta property=\"og:image:height\" content=\"196\" \/>\n\t<meta property=\"og:image:type\" content=\"image\/png\" \/>\n<meta name=\"twitter:card\" content=\"summary_large_image\" \/>\n<meta name=\"twitter:label1\" content=\"Dur\u00e9e de lecture estim\u00e9e\" \/>\n\t<meta name=\"twitter:data1\" content=\"2 minutes\" \/>\n<script type=\"application\/ld+json\" class=\"yoast-schema-graph\">{\"@context\":\"https:\\\/\\\/schema.org\",\"@graph\":[{\"@type\":\"WebPage\",\"@id\":\"https:\\\/\\\/www.plongee-plaisir.com\\\/fr\\\/profils-inverses-possibles-ou-non\\\/\",\"url\":\"https:\\\/\\\/www.plongee-plaisir.com\\\/fr\\\/profils-inverses-possibles-ou-non\\\/\",\"name\":\"Profils invers\u00e9s : possibles ou non ? - Plong\u00e9e Plaisir, site officiel\",\"isPartOf\":{\"@id\":\"https:\\\/\\\/www.plongee-plaisir.com\\\/fr\\\/#website\"},\"primaryImageOfPage\":{\"@id\":\"https:\\\/\\\/www.plongee-plaisir.com\\\/fr\\\/profils-inverses-possibles-ou-non\\\/#primaryimage\"},\"image\":{\"@id\":\"https:\\\/\\\/www.plongee-plaisir.com\\\/fr\\\/profils-inverses-possibles-ou-non\\\/#primaryimage\"},\"thumbnailUrl\":\"https:\\\/\\\/www.plongee-plaisir.com\\\/fr\\\/wp-content\\\/uploads\\\/2018\\\/05\\\/Fiches-infos-profils-inverses.png\",\"datePublished\":\"2018-05-10T18:44:12+00:00\",\"dateModified\":\"2021-04-04T14:17:51+00:00\",\"breadcrumb\":{\"@id\":\"https:\\\/\\\/www.plongee-plaisir.com\\\/fr\\\/profils-inverses-possibles-ou-non\\\/#breadcrumb\"},\"inLanguage\":\"fr-FR\",\"potentialAction\":[{\"@type\":\"ReadAction\",\"target\":[\"https:\\\/\\\/www.plongee-plaisir.com\\\/fr\\\/profils-inverses-possibles-ou-non\\\/\"]}]},{\"@type\":\"ImageObject\",\"inLanguage\":\"fr-FR\",\"@id\":\"https:\\\/\\\/www.plongee-plaisir.com\\\/fr\\\/profils-inverses-possibles-ou-non\\\/#primaryimage\",\"url\":\"https:\\\/\\\/www.plongee-plaisir.com\\\/fr\\\/wp-content\\\/uploads\\\/2018\\\/05\\\/Fiches-infos-profils-inverses.png\",\"contentUrl\":\"https:\\\/\\\/www.plongee-plaisir.com\\\/fr\\\/wp-content\\\/uploads\\\/2018\\\/05\\\/Fiches-infos-profils-inverses.png\",\"width\":300,\"height\":196},{\"@type\":\"BreadcrumbList\",\"@id\":\"https:\\\/\\\/www.plongee-plaisir.com\\\/fr\\\/profils-inverses-possibles-ou-non\\\/#breadcrumb\",\"itemListElement\":[{\"@type\":\"ListItem\",\"position\":1,\"name\":\"Accueil\",\"item\":\"https:\\\/\\\/www.plongee-plaisir.com\\\/fr\\\/\"},{\"@type\":\"ListItem\",\"position\":2,\"name\":\"Profils invers\u00e9s : possibles ou non ?\"}]},{\"@type\":\"WebSite\",\"@id\":\"https:\\\/\\\/www.plongee-plaisir.com\\\/fr\\\/#website\",\"url\":\"https:\\\/\\\/www.plongee-plaisir.com\\\/fr\\\/\",\"name\":\"Plong\u00e9e Plaisir, site officiel\",\"description\":\"Apprendre \u00e0 plonger - Learning to dive\",\"potentialAction\":[{\"@type\":\"SearchAction\",\"target\":{\"@type\":\"EntryPoint\",\"urlTemplate\":\"https:\\\/\\\/www.plongee-plaisir.com\\\/fr\\\/?s={search_term_string}\"},\"query-input\":{\"@type\":\"PropertyValueSpecification\",\"valueRequired\":true,\"valueName\":\"search_term_string\"}}],\"inLanguage\":\"fr-FR\"}]}<\/script>\n<!-- \/ Yoast SEO plugin. -->","yoast_head_json":{"title":"Profils invers\u00e9s : possibles ou non ? - Plong\u00e9e Plaisir, site officiel","robots":{"index":"index","follow":"follow","max-snippet":"max-snippet:-1","max-image-preview":"max-image-preview:large","max-video-preview":"max-video-preview:-1"},"canonical":"https:\/\/www.plongee-plaisir.com\/fr\/profils-inverses-possibles-ou-non\/","og_locale":"fr_FR","og_type":"article","og_title":"Profils invers\u00e9s : possibles ou non ? - Plong\u00e9e Plaisir, site officiel","og_description":"FICHES INFO &gt; VOUS PERFECTIONNER Profils invers\u00e9s : possibles ou non ? D\u00e9finition d\u2019un \u00ab profil invers\u00e9 \u00bb Lors d\u2019une plong\u00e9e simple, cela consiste \u00e0 atteindre la plus grande profondeur en fin de&nbsp;plong\u00e9e, puis \u00e0 remonter en surface.&nbsp;En plong\u00e9e successive, cela revient \u00e0 descendre plus profond que lors de la premi\u00e8re&nbsp;plong\u00e9e. Questions soulev\u00e9es Tous les [&hellip;]","og_url":"https:\/\/www.plongee-plaisir.com\/fr\/profils-inverses-possibles-ou-non\/","og_site_name":"Plong\u00e9e Plaisir, site officiel","article_modified_time":"2021-04-04T14:17:51+00:00","og_image":[{"width":300,"height":196,"url":"https:\/\/www.plongee-plaisir.com\/fr\/wp-content\/uploads\/2018\/05\/Fiches-infos-profils-inverses.png","type":"image\/png"}],"twitter_card":"summary_large_image","twitter_misc":{"Dur\u00e9e de lecture estim\u00e9e":"2 minutes"},"schema":{"@context":"https:\/\/schema.org","@graph":[{"@type":"WebPage","@id":"https:\/\/www.plongee-plaisir.com\/fr\/profils-inverses-possibles-ou-non\/","url":"https:\/\/www.plongee-plaisir.com\/fr\/profils-inverses-possibles-ou-non\/","name":"Profils invers\u00e9s : possibles ou non ? - Plong\u00e9e Plaisir, site officiel","isPartOf":{"@id":"https:\/\/www.plongee-plaisir.com\/fr\/#website"},"primaryImageOfPage":{"@id":"https:\/\/www.plongee-plaisir.com\/fr\/profils-inverses-possibles-ou-non\/#primaryimage"},"image":{"@id":"https:\/\/www.plongee-plaisir.com\/fr\/profils-inverses-possibles-ou-non\/#primaryimage"},"thumbnailUrl":"https:\/\/www.plongee-plaisir.com\/fr\/wp-content\/uploads\/2018\/05\/Fiches-infos-profils-inverses.png","datePublished":"2018-05-10T18:44:12+00:00","dateModified":"2021-04-04T14:17:51+00:00","breadcrumb":{"@id":"https:\/\/www.plongee-plaisir.com\/fr\/profils-inverses-possibles-ou-non\/#breadcrumb"},"inLanguage":"fr-FR","potentialAction":[{"@type":"ReadAction","target":["https:\/\/www.plongee-plaisir.com\/fr\/profils-inverses-possibles-ou-non\/"]}]},{"@type":"ImageObject","inLanguage":"fr-FR","@id":"https:\/\/www.plongee-plaisir.com\/fr\/profils-inverses-possibles-ou-non\/#primaryimage","url":"https:\/\/www.plongee-plaisir.com\/fr\/wp-content\/uploads\/2018\/05\/Fiches-infos-profils-inverses.png","contentUrl":"https:\/\/www.plongee-plaisir.com\/fr\/wp-content\/uploads\/2018\/05\/Fiches-infos-profils-inverses.png","width":300,"height":196},{"@type":"BreadcrumbList","@id":"https:\/\/www.plongee-plaisir.com\/fr\/profils-inverses-possibles-ou-non\/#breadcrumb","itemListElement":[{"@type":"ListItem","position":1,"name":"Accueil","item":"https:\/\/www.plongee-plaisir.com\/fr\/"},{"@type":"ListItem","position":2,"name":"Profils invers\u00e9s : possibles ou non ?"}]},{"@type":"WebSite","@id":"https:\/\/www.plongee-plaisir.com\/fr\/#website","url":"https:\/\/www.plongee-plaisir.com\/fr\/","name":"Plong\u00e9e Plaisir, site officiel","description":"Apprendre \u00e0 plonger - Learning to dive","potentialAction":[{"@type":"SearchAction","target":{"@type":"EntryPoint","urlTemplate":"https:\/\/www.plongee-plaisir.com\/fr\/?s={search_term_string}"},"query-input":{"@type":"PropertyValueSpecification","valueRequired":true,"valueName":"search_term_string"}}],"inLanguage":"fr-FR"}]}},"featured_image_src":"https:\/\/www.plongee-plaisir.com\/fr\/wp-content\/uploads\/2018\/05\/Fiches-infos-profils-inverses.png","featured_image_src_square":"https:\/\/www.plongee-plaisir.com\/fr\/wp-content\/uploads\/2018\/05\/Fiches-infos-profils-inverses.png","uagb_featured_image_src":{"full":["https:\/\/www.plongee-plaisir.com\/fr\/wp-content\/uploads\/2018\/05\/Fiches-infos-profils-inverses.png",300,196,false],"thumbnail":["https:\/\/www.plongee-plaisir.com\/fr\/wp-content\/uploads\/2018\/05\/Fiches-infos-profils-inverses-150x150.png",150,150,true],"medium":["https:\/\/www.plongee-plaisir.com\/fr\/wp-content\/uploads\/2018\/05\/Fiches-infos-profils-inverses.png",300,196,false],"medium_large":["https:\/\/www.plongee-plaisir.com\/fr\/wp-content\/uploads\/2018\/05\/Fiches-infos-profils-inverses.png",300,196,false],"large":["https:\/\/www.plongee-plaisir.com\/fr\/wp-content\/uploads\/2018\/05\/Fiches-infos-profils-inverses.png",300,196,false],"1536x1536":["https:\/\/www.plongee-plaisir.com\/fr\/wp-content\/uploads\/2018\/05\/Fiches-infos-profils-inverses.png",300,196,false],"2048x2048":["https:\/\/www.plongee-plaisir.com\/fr\/wp-content\/uploads\/2018\/05\/Fiches-infos-profils-inverses.png",300,196,false],"featured-content":["https:\/\/www.plongee-plaisir.com\/fr\/wp-content\/uploads\/2018\/05\/Fiches-infos-profils-inverses.png",300,196,false],"author-pro-image":["https:\/\/www.plongee-plaisir.com\/fr\/wp-content\/uploads\/2018\/05\/Fiches-infos-profils-inverses.png",300,196,false],"tb-timeline-landscape":["https:\/\/www.plongee-plaisir.com\/fr\/wp-content\/uploads\/2018\/05\/Fiches-infos-profils-inverses.png",300,196,false],"tb-timeline-square":["https:\/\/www.plongee-plaisir.com\/fr\/wp-content\/uploads\/2018\/05\/Fiches-infos-profils-inverses.png",300,196,false],"ultp_layout_landscape_large":["https:\/\/www.plongee-plaisir.com\/fr\/wp-content\/uploads\/2018\/05\/Fiches-infos-profils-inverses.png",300,196,false],"ultp_layout_landscape":["https:\/\/www.plongee-plaisir.com\/fr\/wp-content\/uploads\/2018\/05\/Fiches-infos-profils-inverses.png",300,196,false],"ultp_layout_portrait":["https:\/\/www.plongee-plaisir.com\/fr\/wp-content\/uploads\/2018\/05\/Fiches-infos-profils-inverses.png",300,196,false],"ultp_layout_square":["https:\/\/www.plongee-plaisir.com\/fr\/wp-content\/uploads\/2018\/05\/Fiches-infos-profils-inverses.png",300,196,false],"vp_sm":["https:\/\/www.plongee-plaisir.com\/fr\/wp-content\/uploads\/2018\/05\/Fiches-infos-profils-inverses.png",300,196,false],"vp_md":["https:\/\/www.plongee-plaisir.com\/fr\/wp-content\/uploads\/2018\/05\/Fiches-infos-profils-inverses.png",300,196,false],"vp_lg":["https:\/\/www.plongee-plaisir.com\/fr\/wp-content\/uploads\/2018\/05\/Fiches-infos-profils-inverses.png",300,196,false],"vp_xl":["https:\/\/www.plongee-plaisir.com\/fr\/wp-content\/uploads\/2018\/05\/Fiches-infos-profils-inverses.png",300,196,false],"vp_sm_popup":["https:\/\/www.plongee-plaisir.com\/fr\/wp-content\/uploads\/2018\/05\/Fiches-infos-profils-inverses.png",300,196,false],"vp_md_popup":["https:\/\/www.plongee-plaisir.com\/fr\/wp-content\/uploads\/2018\/05\/Fiches-infos-profils-inverses.png",300,196,false],"vp_xl_popup":["https:\/\/www.plongee-plaisir.com\/fr\/wp-content\/uploads\/2018\/05\/Fiches-infos-profils-inverses.png",300,196,false],"gb-block-post-grid-landscape":["https:\/\/www.plongee-plaisir.com\/fr\/wp-content\/uploads\/2018\/05\/Fiches-infos-profils-inverses.png",300,196,false],"gb-block-post-grid-square":["https:\/\/www.plongee-plaisir.com\/fr\/wp-content\/uploads\/2018\/05\/Fiches-infos-profils-inverses.png",300,196,false],"woocommerce_thumbnail":["https:\/\/www.plongee-plaisir.com\/fr\/wp-content\/uploads\/2018\/05\/Fiches-infos-profils-inverses.png",300,196,false],"woocommerce_single":["https:\/\/www.plongee-plaisir.com\/fr\/wp-content\/uploads\/2018\/05\/Fiches-infos-profils-inverses.png",300,196,false],"woocommerce_gallery_thumbnail":["https:\/\/www.plongee-plaisir.com\/fr\/wp-content\/uploads\/2018\/05\/Fiches-infos-profils-inverses-100x100.png",100,100,true],"web-stories-poster-portrait":["https:\/\/www.plongee-plaisir.com\/fr\/wp-content\/uploads\/2018\/05\/Fiches-infos-profils-inverses.png",300,196,false],"web-stories-publisher-logo":["https:\/\/www.plongee-plaisir.com\/fr\/wp-content\/uploads\/2018\/05\/Fiches-infos-profils-inverses.png",96,63,false],"web-stories-thumbnail":["https:\/\/www.plongee-plaisir.com\/fr\/wp-content\/uploads\/2018\/05\/Fiches-infos-profils-inverses.png",150,98,false],"sow-carousel-default":["https:\/\/www.plongee-plaisir.com\/fr\/wp-content\/uploads\/2018\/05\/Fiches-infos-profils-inverses.png",272,178,false]},"uagb_author_info":{"display_name":"Alain Foret","author_link":"https:\/\/www.plongee-plaisir.com\/fr\/author\/plongeeplaisir\/"},"uagb_comment_info":0,"uagb_excerpt":"FICHES INFO &gt; VOUS PERFECTIONNER Profils invers\u00e9s : possibles ou non ? D\u00e9finition d\u2019un \u00ab profil invers\u00e9 \u00bb Lors d\u2019une plong\u00e9e simple, cela consiste \u00e0 atteindre la plus grande profondeur en fin de&nbsp;plong\u00e9e, puis \u00e0 remonter en surface.&nbsp;En plong\u00e9e successive, cela revient \u00e0 descendre plus profond que lors de la premi\u00e8re&nbsp;plong\u00e9e. Questions soulev\u00e9es Tous les\u2026","coauthors":[],"author_meta":{"author_link":"https:\/\/www.plongee-plaisir.com\/fr\/author\/plongeeplaisir\/","display_name":"Alain Foret"},"relative_dates":{"created":"Publi\u00e9 8 ans il y a","modified":"Mis \u00e0 jour 5 ans il y a"},"absolute_dates":{"created":"Publi\u00e9 le 10 mai 2018","modified":"Mise \u00e0 jour le 4 avril 2021"},"absolute_dates_time":{"created":"Publi\u00e9 le 10 mai 2018 20 h 44 min","modified":"Mise \u00e0 jour le 4 avril 2021 16 h 17 min"},"featured_img_caption":"","featured_img":"https:\/\/www.plongee-plaisir.com\/fr\/wp-content\/uploads\/2018\/05\/Fiches-infos-profils-inverses.png","series_order":"","amp_enabled":true,"_links":{"self":[{"href":"https:\/\/www.plongee-plaisir.com\/fr\/wp-json\/wp\/v2\/pages\/10709","targetHints":{"allow":["GET"]}}],"collection":[{"href":"https:\/\/www.plongee-plaisir.com\/fr\/wp-json\/wp\/v2\/pages"}],"about":[{"href":"https:\/\/www.plongee-plaisir.com\/fr\/wp-json\/wp\/v2\/types\/page"}],"author":[{"embeddable":true,"href":"https:\/\/www.plongee-plaisir.com\/fr\/wp-json\/wp\/v2\/users\/4"}],"replies":[{"embeddable":true,"href":"https:\/\/www.plongee-plaisir.com\/fr\/wp-json\/wp\/v2\/comments?post=10709"}],"version-history":[{"count":0,"href":"https:\/\/www.plongee-plaisir.com\/fr\/wp-json\/wp\/v2\/pages\/10709\/revisions"}],"wp:featuredmedia":[{"embeddable":true,"href":"https:\/\/www.plongee-plaisir.com\/fr\/wp-json\/wp\/v2\/media\/35254"}],"wp:attachment":[{"href":"https:\/\/www.plongee-plaisir.com\/fr\/wp-json\/wp\/v2\/media?parent=10709"}],"curies":[{"name":"wp","href":"https:\/\/api.w.org\/{rel}","templated":true}]}}