{"id":1504,"date":"2016-07-30T12:08:03","date_gmt":"2016-07-30T10:08:03","guid":{"rendered":"https:\/\/www.plongee-plaisir.com\/fr\/?p=1504"},"modified":"2021-04-04T15:39:03","modified_gmt":"2021-04-04T13:39:03","slug":"masque-et-buee","status":"publish","type":"page","link":"https:\/\/www.plongee-plaisir.com\/fr\/masque-et-buee\/","title":{"rendered":"Masque et bu\u00e9e"},"content":{"rendered":"\n<p class=\"has-vivid-cyan-blue-color has-text-color wp-block-paragraph\"><a href=\"https:\/\/www.plongee-plaisir.com\/fr\/fiches-infos\/\">FICHES INFO<\/a> &gt; VOUS INITIER<\/p>\n\n\n\n<div class=\"wp-block-kadence-spacer aligncenter kt-block-spacer-_c2638d-86\"><div class=\"kt-block-spacer kt-block-spacer-halign-center\" style=\"height:6px\"><hr class=\"kt-divider\" style=\"border-top-color:rgba(142, 209, 252, 1);border-top-width:10px;width:100%;border-top-style:solid\"\/><\/div><\/div>\n\n\n\n<div class=\"wp-block-image is-style-default\"><figure class=\"alignright\"><a href=\"https:\/\/www.plongee-plaisir.com\/fr\/wp-content\/uploads\/2016\/07\/masque.jpg\"><img decoding=\"async\" width=\"300\" height=\"300\" src=\"https:\/\/www.plongee-plaisir.com\/fr\/wp-content\/uploads\/2016\/07\/masque-300x300.jpg\" alt=\"Masque et bu\u00e9e\" class=\"wp-image-1597\" srcset=\"https:\/\/www.plongee-plaisir.com\/fr\/wp-content\/uploads\/2016\/07\/masque-300x300.jpg 300w, https:\/\/www.plongee-plaisir.com\/fr\/wp-content\/uploads\/2016\/07\/masque-scaled-100x100.jpg 100w, https:\/\/www.plongee-plaisir.com\/fr\/wp-content\/uploads\/2016\/07\/masque-scaled-600x600.jpg 600w, https:\/\/www.plongee-plaisir.com\/fr\/wp-content\/uploads\/2016\/07\/masque-150x150.jpg 150w, https:\/\/www.plongee-plaisir.com\/fr\/wp-content\/uploads\/2016\/07\/masque-768x768.jpg 768w, https:\/\/www.plongee-plaisir.com\/fr\/wp-content\/uploads\/2016\/07\/masque-1024x1024.jpg 1024w, https:\/\/www.plongee-plaisir.com\/fr\/wp-content\/uploads\/2016\/07\/masque-800x800.jpg 800w\" sizes=\"(max-width: 300px) 100vw, 300px\" \/><\/a><figcaption>Image (c) Aqua Lung<\/figcaption><\/figure><\/div>\n\n\n\n<h1 class=\"wp-block-heading\">Masque et bu\u00e9e<\/h1>\n\n\n\n<h2 class=\"wp-block-heading\"><span class=\"titre2\">Comment \u00e9viter d&rsquo;avoir de la bu\u00e9e dans le masque ?<\/span><\/h2>\n\n\n\n<p class=\"wp-block-paragraph\">Il est essentiel, avant chaque plong\u00e9e, de veiller \u00e0 \u00e9viter la formation de bu\u00e9e dans le masque. Cela vous permet de conserver tout le plaisir de la plong\u00e9e et de vous concentrer sur l&rsquo;observation du monde subaquatique.<\/p>\n\n\n\n<h3 class=\"wp-block-heading\">Votre masque est neuf<\/h3>\n\n\n\n<p class=\"wp-block-paragraph\">Avant une premi\u00e8re utilisation, les masques neufs doivent \u00eatre d\u00e9barrass\u00e9s des r\u00e9sidus d\u2019additifs utilis\u00e9s pour leur d\u00e9moulage. Pour cela, il est conseill\u00e9 d\u2019utiliser du liquide vaisselle (ou du dentifrice) pour bien nettoyer l\u2019int\u00e9rieur du verre, sans utiliser d\u2019\u00e9ponge abrasive pour \u00e9viter toute rayure. Remettre ensuite du produit et laisser agir 6 \u00e0 8 heures. Rincer enfin m\u00e9ticuleusement \u00e0 l\u2019eau chaude et s\u00e9cher&nbsp;le masque.<\/p>\n\n\n\n<p class=\"wp-block-paragraph\">Alternative : utiliser un produit con\u00e7u sp\u00e9cifiquement pour les masques neufs (\u00e0 ne pas confondre avec un liquide antibu\u00e9e \u00e0 usage courant), du type SilicNet de la soci\u00e9t\u00e9 AbyssNaut.<\/p>\n\n\n\n<h3 class=\"wp-block-heading\">Avant chaque plong\u00e9e<\/h3>\n\n\n\n<div class=\"wp-block-image is-style-default\"><figure class=\"alignright\"><a href=\"https:\/\/www.plongee-plaisir.com\/fr\/wp-content\/uploads\/2016\/07\/Antibuee.jpg\"><img decoding=\"async\" width=\"150\" height=\"150\" src=\"https:\/\/www.plongee-plaisir.com\/fr\/wp-content\/uploads\/2016\/07\/Antibuee-150x150.jpg\" alt=\"Masque produit anti-bu\u00e9e\" class=\"wp-image-1602\" srcset=\"https:\/\/www.plongee-plaisir.com\/fr\/wp-content\/uploads\/2016\/07\/Antibuee-150x150.jpg 150w, https:\/\/www.plongee-plaisir.com\/fr\/wp-content\/uploads\/2016\/07\/Antibuee-100x100.jpg 100w, https:\/\/www.plongee-plaisir.com\/fr\/wp-content\/uploads\/2016\/07\/Antibuee-800x800.jpg 800w\" sizes=\"(max-width: 150px) 100vw, 150px\" \/><\/a><figcaption>Photo (c) Abyssnaut<\/figcaption><\/figure><\/div>\n\n\n\n<p class=\"wp-block-paragraph\">Avant chaque plong\u00e9e, sur la vitre du masque s\u00e8che et propre, appliquez :<\/p>\n\n\n\n<ul class=\"wp-block-list\"><li>un produit antibu\u00e9e (liquide, gel ou spray)<\/li><li>ou de la salive.<\/li><\/ul>\n\n\n\n<p class=\"wp-block-paragraph\">Rincez ensuite abondamment votre masque.<br>En piscine ou en fosse, pensez \u00e0 rincer le masque en dehors du bassin, pour une meilleure hygi\u00e8ne.<\/p>\n\n\n\n<h2 class=\"wp-block-heading\"><span class=\"titre2\">Pourquoi de la bu\u00e9e se forme-t-elle ?<\/span><\/h2>\n\n\n\n<p class=\"wp-block-paragraph\">Dans un masque, l\u2019air est chaud et humide alors que la vitre, au contact de l\u2019eau, est froide. Les conditions sont donc r\u00e9unies pour que la vapeur d\u2019eau en suspension dans l\u2019air du masque se condense sur la vitre et forme de la bu\u00e9e : passage de l\u2019eau de l\u2019\u00e9tat gazeux \u00e0 l\u2019\u00e9tat liquide sous la forme de minuscules gouttelettes. Le fait d\u2019utiliser de la salive ou un produit antibu\u00e9e provoque, en lieu et place des gouttelettes, la formation d\u2019un film d\u2019eau uniforme sur l\u2019int\u00e9rieur de la vitre, qui ne g\u00eane plus la vision.<\/p>\n\n\n\n<h2 class=\"wp-block-heading\"><span class=\"titre2\">Qu&rsquo;est-ce qui favorise l&rsquo;apparition de bu\u00e9e ?<\/span><\/h2>\n\n\n\n<p class=\"wp-block-paragraph\">Souffler souvent par le nez dans le masque au cours de la plong\u00e9e ajoute de la vapeur d\u2019eau et favorise donc l\u2019apparition de bu\u00e9e, m\u00eame si l\u2019on a utilis\u00e9 des produits anti-bu\u00e9e.<\/p>\n\n\n\n<div style=\"height:33px\" aria-hidden=\"true\" class=\"wp-block-spacer\"><\/div>\n\n\n\n<p class=\"wp-block-paragraph\">\u00a9 Extrait des&nbsp;<a href=\"https:\/\/www.plongee-plaisir.com\/fr\/livres-plongee\/\">livres Plong\u00e9e Plaisir<\/a>&nbsp;par Alain Foret aux Editions GAP.<br>Toute reproduction interdite sur quelque support que ce soit sans accord \u00e9crit de l\u2019\u00e9diteur et de l\u2019auteur.<\/p>\n\n\n\n<div class=\"wp-block-image is-style-default\"><figure class=\"alignleft size-large is-resized\"><img decoding=\"async\" src=\"https:\/\/www.plongee-plaisir.com\/fr\/wp-content\/uploads\/2021\/02\/carre.jpg\" alt=\"\" class=\"wp-image-48240\" width=\"30\" srcset=\"https:\/\/www.plongee-plaisir.com\/fr\/wp-content\/uploads\/2021\/02\/carre.jpg 102w, https:\/\/www.plongee-plaisir.com\/fr\/wp-content\/uploads\/2021\/02\/carre-100x100.jpg 100w\" sizes=\"(max-width: 102px) 100vw, 102px\" \/><\/figure><\/div>\n\n\n\n<p class=\"wp-block-paragraph\"><\/p>\n<style class=\"advgb-styles-renderer\">.wp-block-kadence-spacer.kt-block-spacer-_c2638d-86 .kt-block-spacer{height:6px;}.wp-block-kadence-spacer.kt-block-spacer-_c2638d-86 .kt-divider{border-top-width:10px;border-top-color:#8ed1fc;width:100%;border-top-style:solid;}<\/style>","protected":false},"excerpt":{"rendered":"<p>FICHES INFO &gt; VOUS INITIER Masque et bu\u00e9e Comment \u00e9viter d&rsquo;avoir de la bu\u00e9e dans le masque ? Il est essentiel, avant chaque plong\u00e9e, de veiller \u00e0 \u00e9viter la formation de bu\u00e9e dans le masque. Cela vous permet de conserver tout le plaisir de la plong\u00e9e et de vous concentrer sur l&rsquo;observation du monde subaquatique. [&hellip;]<\/p>\n","protected":false},"author":4,"featured_media":35552,"parent":0,"menu_order":0,"comment_status":"open","ping_status":"open","template":"","meta":{"_crdt_document":"","_uag_custom_page_level_css":"","advgb_blocks_editor_width":"","advgb_blocks_columns_visual_guide":"","_genesis_hide_title":true,"_genesis_hide_breadcrumbs":false,"_genesis_hide_singular_image":false,"_genesis_hide_footer_widgets":false,"_genesis_custom_body_class":"","_genesis_custom_post_class":"","_genesis_layout":"content-sidebar","_vp_format_video_url":"","_vp_image_focal_point":[],"footnotes":""},"class_list":{"0":"post-1504","1":"page","2":"type-page","3":"status-publish","4":"has-post-thumbnail","6":"entry"},"yoast_head":"<!-- This site is optimized with the Yoast SEO plugin v27.5 - https:\/\/yoast.com\/product\/yoast-seo-wordpress\/ -->\n<title>Masque et bu\u00e9e, comment \u00e9viter la formation de bu\u00e9e dans le masque.<\/title>\n<meta name=\"description\" content=\"Masque et bu\u00e9e, comment \u00e9viter la formation de bu\u00e9e dans le masque. Comprendre les raisons pour lesquelles la bu\u00e9e peut appara\u00eetre.\" \/>\n<meta name=\"robots\" content=\"index, follow, max-snippet:-1, max-image-preview:large, max-video-preview:-1\" \/>\n<link rel=\"canonical\" href=\"https:\/\/www.plongee-plaisir.com\/fr\/masque-et-buee\/\" \/>\n<meta property=\"og:locale\" content=\"fr_FR\" \/>\n<meta property=\"og:type\" content=\"article\" \/>\n<meta property=\"og:title\" content=\"Masque et bu\u00e9e, comment \u00e9viter la formation de bu\u00e9e dans le masque.\" \/>\n<meta property=\"og:description\" content=\"Masque et bu\u00e9e, comment \u00e9viter la formation de bu\u00e9e dans le masque. Comprendre les raisons pour lesquelles la bu\u00e9e peut appara\u00eetre.\" \/>\n<meta property=\"og:url\" content=\"https:\/\/www.plongee-plaisir.com\/fr\/masque-et-buee\/\" \/>\n<meta property=\"og:site_name\" content=\"Plong\u00e9e Plaisir, site officiel\" \/>\n<meta property=\"article:modified_time\" content=\"2021-04-04T13:39:03+00:00\" \/>\n<meta property=\"og:image\" content=\"https:\/\/www.plongee-plaisir.com\/fr\/wp-content\/uploads\/2016\/07\/Fiches-infos-masque-buee.png\" \/>\n\t<meta property=\"og:image:width\" content=\"300\" \/>\n\t<meta property=\"og:image:height\" content=\"196\" \/>\n\t<meta property=\"og:image:type\" content=\"image\/png\" \/>\n<meta name=\"twitter:card\" content=\"summary_large_image\" \/>\n<meta name=\"twitter:label1\" content=\"Dur\u00e9e de lecture estim\u00e9e\" \/>\n\t<meta name=\"twitter:data1\" content=\"3 minutes\" \/>\n<script type=\"application\/ld+json\" class=\"yoast-schema-graph\">{\"@context\":\"https:\\\/\\\/schema.org\",\"@graph\":[{\"@type\":\"WebPage\",\"@id\":\"https:\\\/\\\/www.plongee-plaisir.com\\\/fr\\\/masque-et-buee\\\/\",\"url\":\"https:\\\/\\\/www.plongee-plaisir.com\\\/fr\\\/masque-et-buee\\\/\",\"name\":\"Masque et bu\u00e9e, comment \u00e9viter la formation de bu\u00e9e dans le masque.\",\"isPartOf\":{\"@id\":\"https:\\\/\\\/www.plongee-plaisir.com\\\/fr\\\/#website\"},\"primaryImageOfPage\":{\"@id\":\"https:\\\/\\\/www.plongee-plaisir.com\\\/fr\\\/masque-et-buee\\\/#primaryimage\"},\"image\":{\"@id\":\"https:\\\/\\\/www.plongee-plaisir.com\\\/fr\\\/masque-et-buee\\\/#primaryimage\"},\"thumbnailUrl\":\"https:\\\/\\\/www.plongee-plaisir.com\\\/fr\\\/wp-content\\\/uploads\\\/2016\\\/07\\\/Fiches-infos-masque-buee.png\",\"datePublished\":\"2016-07-30T10:08:03+00:00\",\"dateModified\":\"2021-04-04T13:39:03+00:00\",\"description\":\"Masque et bu\u00e9e, comment \u00e9viter la formation de bu\u00e9e dans le masque. Comprendre les raisons pour lesquelles la bu\u00e9e peut appara\u00eetre.\",\"breadcrumb\":{\"@id\":\"https:\\\/\\\/www.plongee-plaisir.com\\\/fr\\\/masque-et-buee\\\/#breadcrumb\"},\"inLanguage\":\"fr-FR\",\"potentialAction\":[{\"@type\":\"ReadAction\",\"target\":[\"https:\\\/\\\/www.plongee-plaisir.com\\\/fr\\\/masque-et-buee\\\/\"]}]},{\"@type\":\"ImageObject\",\"inLanguage\":\"fr-FR\",\"@id\":\"https:\\\/\\\/www.plongee-plaisir.com\\\/fr\\\/masque-et-buee\\\/#primaryimage\",\"url\":\"https:\\\/\\\/www.plongee-plaisir.com\\\/fr\\\/wp-content\\\/uploads\\\/2016\\\/07\\\/Fiches-infos-masque-buee.png\",\"contentUrl\":\"https:\\\/\\\/www.plongee-plaisir.com\\\/fr\\\/wp-content\\\/uploads\\\/2016\\\/07\\\/Fiches-infos-masque-buee.png\",\"width\":300,\"height\":196},{\"@type\":\"BreadcrumbList\",\"@id\":\"https:\\\/\\\/www.plongee-plaisir.com\\\/fr\\\/masque-et-buee\\\/#breadcrumb\",\"itemListElement\":[{\"@type\":\"ListItem\",\"position\":1,\"name\":\"Accueil\",\"item\":\"https:\\\/\\\/www.plongee-plaisir.com\\\/fr\\\/\"},{\"@type\":\"ListItem\",\"position\":2,\"name\":\"Masque et bu\u00e9e\"}]},{\"@type\":\"WebSite\",\"@id\":\"https:\\\/\\\/www.plongee-plaisir.com\\\/fr\\\/#website\",\"url\":\"https:\\\/\\\/www.plongee-plaisir.com\\\/fr\\\/\",\"name\":\"Plong\u00e9e Plaisir, site officiel\",\"description\":\"Apprendre \u00e0 plonger - Learning to dive\",\"potentialAction\":[{\"@type\":\"SearchAction\",\"target\":{\"@type\":\"EntryPoint\",\"urlTemplate\":\"https:\\\/\\\/www.plongee-plaisir.com\\\/fr\\\/?s={search_term_string}\"},\"query-input\":{\"@type\":\"PropertyValueSpecification\",\"valueRequired\":true,\"valueName\":\"search_term_string\"}}],\"inLanguage\":\"fr-FR\"}]}<\/script>\n<!-- \/ Yoast SEO plugin. -->","yoast_head_json":{"title":"Masque et bu\u00e9e, comment \u00e9viter la formation de bu\u00e9e dans le masque.","description":"Masque et bu\u00e9e, comment \u00e9viter la formation de bu\u00e9e dans le masque. Comprendre les raisons pour lesquelles la bu\u00e9e peut appara\u00eetre.","robots":{"index":"index","follow":"follow","max-snippet":"max-snippet:-1","max-image-preview":"max-image-preview:large","max-video-preview":"max-video-preview:-1"},"canonical":"https:\/\/www.plongee-plaisir.com\/fr\/masque-et-buee\/","og_locale":"fr_FR","og_type":"article","og_title":"Masque et bu\u00e9e, comment \u00e9viter la formation de bu\u00e9e dans le masque.","og_description":"Masque et bu\u00e9e, comment \u00e9viter la formation de bu\u00e9e dans le masque. Comprendre les raisons pour lesquelles la bu\u00e9e peut appara\u00eetre.","og_url":"https:\/\/www.plongee-plaisir.com\/fr\/masque-et-buee\/","og_site_name":"Plong\u00e9e Plaisir, site officiel","article_modified_time":"2021-04-04T13:39:03+00:00","og_image":[{"width":300,"height":196,"url":"https:\/\/www.plongee-plaisir.com\/fr\/wp-content\/uploads\/2016\/07\/Fiches-infos-masque-buee.png","type":"image\/png"}],"twitter_card":"summary_large_image","twitter_misc":{"Dur\u00e9e de lecture estim\u00e9e":"3 minutes"},"schema":{"@context":"https:\/\/schema.org","@graph":[{"@type":"WebPage","@id":"https:\/\/www.plongee-plaisir.com\/fr\/masque-et-buee\/","url":"https:\/\/www.plongee-plaisir.com\/fr\/masque-et-buee\/","name":"Masque et bu\u00e9e, comment \u00e9viter la formation de bu\u00e9e dans le masque.","isPartOf":{"@id":"https:\/\/www.plongee-plaisir.com\/fr\/#website"},"primaryImageOfPage":{"@id":"https:\/\/www.plongee-plaisir.com\/fr\/masque-et-buee\/#primaryimage"},"image":{"@id":"https:\/\/www.plongee-plaisir.com\/fr\/masque-et-buee\/#primaryimage"},"thumbnailUrl":"https:\/\/www.plongee-plaisir.com\/fr\/wp-content\/uploads\/2016\/07\/Fiches-infos-masque-buee.png","datePublished":"2016-07-30T10:08:03+00:00","dateModified":"2021-04-04T13:39:03+00:00","description":"Masque et bu\u00e9e, comment \u00e9viter la formation de bu\u00e9e dans le masque. Comprendre les raisons pour lesquelles la bu\u00e9e peut appara\u00eetre.","breadcrumb":{"@id":"https:\/\/www.plongee-plaisir.com\/fr\/masque-et-buee\/#breadcrumb"},"inLanguage":"fr-FR","potentialAction":[{"@type":"ReadAction","target":["https:\/\/www.plongee-plaisir.com\/fr\/masque-et-buee\/"]}]},{"@type":"ImageObject","inLanguage":"fr-FR","@id":"https:\/\/www.plongee-plaisir.com\/fr\/masque-et-buee\/#primaryimage","url":"https:\/\/www.plongee-plaisir.com\/fr\/wp-content\/uploads\/2016\/07\/Fiches-infos-masque-buee.png","contentUrl":"https:\/\/www.plongee-plaisir.com\/fr\/wp-content\/uploads\/2016\/07\/Fiches-infos-masque-buee.png","width":300,"height":196},{"@type":"BreadcrumbList","@id":"https:\/\/www.plongee-plaisir.com\/fr\/masque-et-buee\/#breadcrumb","itemListElement":[{"@type":"ListItem","position":1,"name":"Accueil","item":"https:\/\/www.plongee-plaisir.com\/fr\/"},{"@type":"ListItem","position":2,"name":"Masque et bu\u00e9e"}]},{"@type":"WebSite","@id":"https:\/\/www.plongee-plaisir.com\/fr\/#website","url":"https:\/\/www.plongee-plaisir.com\/fr\/","name":"Plong\u00e9e Plaisir, site officiel","description":"Apprendre \u00e0 plonger - Learning to dive","potentialAction":[{"@type":"SearchAction","target":{"@type":"EntryPoint","urlTemplate":"https:\/\/www.plongee-plaisir.com\/fr\/?s={search_term_string}"},"query-input":{"@type":"PropertyValueSpecification","valueRequired":true,"valueName":"search_term_string"}}],"inLanguage":"fr-FR"}]}},"featured_image_src":"https:\/\/www.plongee-plaisir.com\/fr\/wp-content\/uploads\/2016\/07\/Fiches-infos-masque-buee.png","featured_image_src_square":"https:\/\/www.plongee-plaisir.com\/fr\/wp-content\/uploads\/2016\/07\/Fiches-infos-masque-buee.png","uagb_featured_image_src":{"full":["https:\/\/www.plongee-plaisir.com\/fr\/wp-content\/uploads\/2016\/07\/Fiches-infos-masque-buee.png",300,196,false],"thumbnail":["https:\/\/www.plongee-plaisir.com\/fr\/wp-content\/uploads\/2016\/07\/Fiches-infos-masque-buee-150x150.png",150,150,true],"medium":["https:\/\/www.plongee-plaisir.com\/fr\/wp-content\/uploads\/2016\/07\/Fiches-infos-masque-buee.png",300,196,false],"medium_large":["https:\/\/www.plongee-plaisir.com\/fr\/wp-content\/uploads\/2016\/07\/Fiches-infos-masque-buee.png",300,196,false],"large":["https:\/\/www.plongee-plaisir.com\/fr\/wp-content\/uploads\/2016\/07\/Fiches-infos-masque-buee.png",300,196,false],"1536x1536":["https:\/\/www.plongee-plaisir.com\/fr\/wp-content\/uploads\/2016\/07\/Fiches-infos-masque-buee.png",300,196,false],"2048x2048":["https:\/\/www.plongee-plaisir.com\/fr\/wp-content\/uploads\/2016\/07\/Fiches-infos-masque-buee.png",300,196,false],"featured-content":["https:\/\/www.plongee-plaisir.com\/fr\/wp-content\/uploads\/2016\/07\/Fiches-infos-masque-buee.png",300,196,false],"author-pro-image":["https:\/\/www.plongee-plaisir.com\/fr\/wp-content\/uploads\/2016\/07\/Fiches-infos-masque-buee.png",300,196,false],"tb-timeline-landscape":["https:\/\/www.plongee-plaisir.com\/fr\/wp-content\/uploads\/2016\/07\/Fiches-infos-masque-buee.png",300,196,false],"tb-timeline-square":["https:\/\/www.plongee-plaisir.com\/fr\/wp-content\/uploads\/2016\/07\/Fiches-infos-masque-buee.png",300,196,false],"ultp_layout_landscape_large":["https:\/\/www.plongee-plaisir.com\/fr\/wp-content\/uploads\/2016\/07\/Fiches-infos-masque-buee.png",300,196,false],"ultp_layout_landscape":["https:\/\/www.plongee-plaisir.com\/fr\/wp-content\/uploads\/2016\/07\/Fiches-infos-masque-buee.png",300,196,false],"ultp_layout_portrait":["https:\/\/www.plongee-plaisir.com\/fr\/wp-content\/uploads\/2016\/07\/Fiches-infos-masque-buee.png",300,196,false],"ultp_layout_square":["https:\/\/www.plongee-plaisir.com\/fr\/wp-content\/uploads\/2016\/07\/Fiches-infos-masque-buee.png",300,196,false],"vp_sm":["https:\/\/www.plongee-plaisir.com\/fr\/wp-content\/uploads\/2016\/07\/Fiches-infos-masque-buee.png",300,196,false],"vp_md":["https:\/\/www.plongee-plaisir.com\/fr\/wp-content\/uploads\/2016\/07\/Fiches-infos-masque-buee.png",300,196,false],"vp_lg":["https:\/\/www.plongee-plaisir.com\/fr\/wp-content\/uploads\/2016\/07\/Fiches-infos-masque-buee.png",300,196,false],"vp_xl":["https:\/\/www.plongee-plaisir.com\/fr\/wp-content\/uploads\/2016\/07\/Fiches-infos-masque-buee.png",300,196,false],"vp_sm_popup":["https:\/\/www.plongee-plaisir.com\/fr\/wp-content\/uploads\/2016\/07\/Fiches-infos-masque-buee.png",300,196,false],"vp_md_popup":["https:\/\/www.plongee-plaisir.com\/fr\/wp-content\/uploads\/2016\/07\/Fiches-infos-masque-buee.png",300,196,false],"vp_xl_popup":["https:\/\/www.plongee-plaisir.com\/fr\/wp-content\/uploads\/2016\/07\/Fiches-infos-masque-buee.png",300,196,false],"gb-block-post-grid-landscape":["https:\/\/www.plongee-plaisir.com\/fr\/wp-content\/uploads\/2016\/07\/Fiches-infos-masque-buee.png",300,196,false],"gb-block-post-grid-square":["https:\/\/www.plongee-plaisir.com\/fr\/wp-content\/uploads\/2016\/07\/Fiches-infos-masque-buee.png",300,196,false],"woocommerce_thumbnail":["https:\/\/www.plongee-plaisir.com\/fr\/wp-content\/uploads\/2016\/07\/Fiches-infos-masque-buee.png",300,196,false],"woocommerce_single":["https:\/\/www.plongee-plaisir.com\/fr\/wp-content\/uploads\/2016\/07\/Fiches-infos-masque-buee.png",300,196,false],"woocommerce_gallery_thumbnail":["https:\/\/www.plongee-plaisir.com\/fr\/wp-content\/uploads\/2016\/07\/Fiches-infos-masque-buee-100x100.png",100,100,true],"sow-carousel-default":["https:\/\/www.plongee-plaisir.com\/fr\/wp-content\/uploads\/2016\/07\/Fiches-infos-masque-buee.png",272,178,false]},"uagb_author_info":{"display_name":"Alain Foret","author_link":"https:\/\/www.plongee-plaisir.com\/fr\/author\/plongeeplaisir\/"},"uagb_comment_info":0,"uagb_excerpt":"FICHES INFO &gt; VOUS INITIER Masque et bu\u00e9e Comment \u00e9viter d&rsquo;avoir de la bu\u00e9e dans le masque ? Il est essentiel, avant chaque plong\u00e9e, de veiller \u00e0 \u00e9viter la formation de bu\u00e9e dans le masque. Cela vous permet de conserver tout le plaisir de la plong\u00e9e et de vous concentrer sur l&rsquo;observation du monde subaquatique.\u2026","coauthors":[],"author_meta":{"author_link":"https:\/\/www.plongee-plaisir.com\/fr\/author\/plongeeplaisir\/","display_name":"Alain Foret"},"relative_dates":{"created":"Publi\u00e9 10 ans il y a","modified":"Mis \u00e0 jour 5 ans il y a"},"absolute_dates":{"created":"Publi\u00e9 le 30 juillet 2016","modified":"Mise \u00e0 jour le 4 avril 2021"},"absolute_dates_time":{"created":"Publi\u00e9 le 30 juillet 2016 12 h 08 min","modified":"Mise \u00e0 jour le 4 avril 2021 15 h 39 min"},"featured_img_caption":"","featured_img":"https:\/\/www.plongee-plaisir.com\/fr\/wp-content\/uploads\/2016\/07\/Fiches-infos-masque-buee.png","series_order":"","amp_enabled":true,"_links":{"self":[{"href":"https:\/\/www.plongee-plaisir.com\/fr\/wp-json\/wp\/v2\/pages\/1504","targetHints":{"allow":["GET"]}}],"collection":[{"href":"https:\/\/www.plongee-plaisir.com\/fr\/wp-json\/wp\/v2\/pages"}],"about":[{"href":"https:\/\/www.plongee-plaisir.com\/fr\/wp-json\/wp\/v2\/types\/page"}],"author":[{"embeddable":true,"href":"https:\/\/www.plongee-plaisir.com\/fr\/wp-json\/wp\/v2\/users\/4"}],"replies":[{"embeddable":true,"href":"https:\/\/www.plongee-plaisir.com\/fr\/wp-json\/wp\/v2\/comments?post=1504"}],"version-history":[{"count":0,"href":"https:\/\/www.plongee-plaisir.com\/fr\/wp-json\/wp\/v2\/pages\/1504\/revisions"}],"wp:featuredmedia":[{"embeddable":true,"href":"https:\/\/www.plongee-plaisir.com\/fr\/wp-json\/wp\/v2\/media\/35552"}],"wp:attachment":[{"href":"https:\/\/www.plongee-plaisir.com\/fr\/wp-json\/wp\/v2\/media?parent=1504"}],"curies":[{"name":"wp","href":"https:\/\/api.w.org\/{rel}","templated":true}]}}