{"id":1587,"date":"2016-07-30T13:52:14","date_gmt":"2016-07-30T11:52:14","guid":{"rendered":"https:\/\/www.plongee-plaisir.com\/fr\/?page_id=1587"},"modified":"2021-04-04T19:38:47","modified_gmt":"2021-04-04T17:38:47","slug":"fiche-de-securite","status":"publish","type":"page","link":"https:\/\/www.plongee-plaisir.com\/fr\/fiche-de-securite\/","title":{"rendered":"Fiche de s\u00e9curit\u00e9"},"content":{"rendered":"\n<p class=\"has-text-color has-normal-font-size wp-block-paragraph\" style=\"color:#2676c9\"><a href=\"https:\/\/www.plongee-plaisir.com\/fr\/fiches-infos\/\">FICHES INFO<\/a> &gt; DIRIGER, ENCADRER<\/p>\n\n\n\n<div class=\"wp-block-kadence-spacer aligncenter kt-block-spacer-_72b3a8-64\"><div class=\"kt-block-spacer kt-block-spacer-halign-center\" style=\"height:17px\"><hr class=\"kt-divider\" style=\"border-top-color:rgba(38, 118, 201, 1);border-top-width:10px;width:100%;border-top-style:solid\"\/><\/div><\/div>\n\n\n\n<h1 class=\"wp-block-heading\">Fiche de s\u00e9curit\u00e9<\/h1>\n\n\n\n<figure class=\"wp-block-image size-large\"><img decoding=\"async\" width=\"1024\" height=\"609\" src=\"https:\/\/www.plongee-plaisir.com\/fr\/wp-content\/uploads\/2019\/09\/Capture-d\u2019\u00e9cran-2019-09-21-\u00e0-16.51.31-1024x609.png\" alt=\"\" class=\"wp-image-26765\" srcset=\"https:\/\/www.plongee-plaisir.com\/fr\/wp-content\/uploads\/2019\/09\/Capture-d\u2019\u00e9cran-2019-09-21-\u00e0-16.51.31-1024x609.png 1024w, https:\/\/www.plongee-plaisir.com\/fr\/wp-content\/uploads\/2019\/09\/Capture-d\u2019\u00e9cran-2019-09-21-\u00e0-16.51.31-300x179.png 300w, https:\/\/www.plongee-plaisir.com\/fr\/wp-content\/uploads\/2019\/09\/Capture-d\u2019\u00e9cran-2019-09-21-\u00e0-16.51.31-600x357.png 600w, https:\/\/www.plongee-plaisir.com\/fr\/wp-content\/uploads\/2019\/09\/Capture-d\u2019\u00e9cran-2019-09-21-\u00e0-16.51.31-768x457.png 768w, https:\/\/www.plongee-plaisir.com\/fr\/wp-content\/uploads\/2019\/09\/Capture-d\u2019\u00e9cran-2019-09-21-\u00e0-16.51.31.png 1482w\" sizes=\"(max-width: 1024px) 100vw, 1024px\" \/><\/figure>\n\n\n\n<p class=\"wp-block-paragraph\">Une \u00ab fiche de s\u00e9curit\u00e9 \u00bb est obligatoire (<a href=\"https:\/\/www.legifrance.gouv.fr\/affichCodeArticle.do?cidTexte=LEGITEXT000006071318&amp;idArticle=LEGIARTI000018751629&amp;dateTexte=&amp;categorieLien=cid\" target=\"_blank\" rel=\"noreferrer noopener\">art A322-72<\/a>&nbsp;du code du sport). Dans le contenu, il s\u2019agit d\u2019une feuille de palanqu\u00e9e au formalisme pr\u00e9cis\u00e9. Elle comprend notamment :<\/p>\n\n\n\n<ul class=\"wp-block-list\"><li>Les noms et pr\u00e9noms ;<\/li><li>Les aptitudes des plongeurs ;<\/li><li>Leur fonction dans la palanqu\u00e9e ;<\/li><li>Les diff\u00e9rents param\u00e8tres pr\u00e9vus et r\u00e9alis\u00e9s relatifs \u00e0 la plong\u00e9e.<\/li><\/ul>\n\n\n\n<p class=\"wp-block-paragraph\">Cette fiche est conserv\u00e9e une ann\u00e9e par tout moyen par l\u2019\u00e9tablissement.<\/p>\n\n\n\n<p class=\"wp-block-paragraph\">Par d\u00e9rogation \u00e0 ce principe, lorsque la plong\u00e9e se d\u00e9roule en piscine ou fosse de plong\u00e9e dont la profondeur n\u2019exc\u00e8de pas 6 m\u00e8tres, la fiche de s\u00e9curit\u00e9 n\u2019est pas obligatoire.<\/p>\n\n\n\n<h3 class=\"wp-block-heading\">R\u00e9glementation issue du code du travail, applicable \u00e0 partir d\u2019un salari\u00e9 de la structure (associative ou commerciale) pr\u00e9sent sur le site<\/h3>\n\n\n\n<p class=\"wp-block-paragraph\">Article&nbsp;<a rel=\"noreferrer noopener\" href=\"https:\/\/www.legifrance.gouv.fr\/affichCodeArticle.do;jsessionid=D776FFBF653CB954257426F69E69D1A7.tplgfr26s_3?idArticle=LEGIARTI000023414538&amp;cidTexte=LEGITEXT000006072050&amp;dateTexte=20180621\" target=\"_blank\">R4461-13 du code du travail<\/a><br>Sur le site d\u2019intervention ou de travaux hyperbares, pour chaque intervention \u00e0 des fins de travaux ou \u00e0 d\u2019autres fins, l\u2019employeur \u00e9tablit une fiche de s\u00e9curit\u00e9 sur laquelle il indique :<br>1\u00b0 La date et le lieu de l\u2019intervention ou des travaux ;<br>2\u00b0 L\u2019identit\u00e9 des travailleurs concern\u00e9s ainsi que leur fonction et, s\u2019il s\u2019agit de travailleurs ind\u00e9pendants ou de salari\u00e9s d\u2019une entreprise ext\u00e9rieure, l\u2019identification de celle-ci ;<br>3\u00b0 Les param\u00e8tres relatifs \u00e0 l\u2019intervention ou aux travaux, notamment les dur\u00e9es d\u2019exposition et les pressions relatives ;<br>4\u00b0 Les m\u00e9langes utilis\u00e9s.<br>Un mod\u00e8le de ce document est int\u00e9gr\u00e9 dans le manuel de s\u00e9curit\u00e9 hyperbare.<\/p>\n\n\n\n<p class=\"wp-block-paragraph\">Vous pouvez t\u00e9l\u00e9charger un mod\u00e8le de fiche de s\u00e9curit\u00e9 dans l&rsquo;espace t\u00e9l\u00e9chargement <em>Plong\u00e9e Plaisir<\/em> (gratuit, sur inscription).<\/p>\n\n\n\n<div style=\"height:20px\" aria-hidden=\"true\" class=\"wp-block-spacer\"><\/div>\n\n\n\n<div class=\"wp-block-button is-style-outline is-style-outline--1\"><a class=\"wp-block-button__link\" href=\"https:\/\/www.plongee-plaisir.com\/fr\/zone-telechargement\/\" style=\"border-radius:5px\">T\u00e9l\u00e9charger un mod\u00e8le de fiche de s\u00e9curit\u00e9<\/a><\/div>\n\n\n\n<div style=\"height:20px\" aria-hidden=\"true\" class=\"wp-block-spacer\"><\/div>\n\n\n\n<p class=\"wp-block-paragraph\">\u00a9&nbsp;Extrait des&nbsp;<a href=\"https:\/\/www.plongee-plaisir.com\/fr\/livres-plongee\/\">livres Plong\u00e9e Plaisir<\/a>&nbsp;par Alain Foret aux Editions GAP.<br>Toute reproduction interdite sur quelque support que ce soit sans accord \u00e9crit de l\u2019\u00e9diteur et de l\u2019auteur.<\/p>\n\n\n\n<div class=\"wp-block-image is-style-default\"><figure class=\"alignleft size-large is-resized\"><img decoding=\"async\" src=\"https:\/\/www.plongee-plaisir.com\/fr\/wp-content\/uploads\/2021\/02\/carre.jpg\" alt=\"\" class=\"wp-image-48240\" width=\"30\" srcset=\"https:\/\/www.plongee-plaisir.com\/fr\/wp-content\/uploads\/2021\/02\/carre.jpg 102w, https:\/\/www.plongee-plaisir.com\/fr\/wp-content\/uploads\/2021\/02\/carre-100x100.jpg 100w\" sizes=\"(max-width: 102px) 100vw, 102px\" \/><\/figure><\/div>\n\n\n\n<p class=\"wp-block-paragraph\"><\/p>\n<style class=\"advgb-styles-renderer\">.wp-block-kadence-spacer.kt-block-spacer-_72b3a8-64 .kt-block-spacer{height:17px;}.wp-block-kadence-spacer.kt-block-spacer-_72b3a8-64 .kt-divider{border-top-width:10px;border-top-color:#2676c9;width:100%;border-top-style:solid;}<\/style>","protected":false},"excerpt":{"rendered":"<p>FICHES INFO &gt; DIRIGER, ENCADRER Fiche de s\u00e9curit\u00e9 Une \u00ab fiche de s\u00e9curit\u00e9 \u00bb est obligatoire (art A322-72&nbsp;du code du sport). Dans le contenu, il s\u2019agit d\u2019une feuille de palanqu\u00e9e au formalisme pr\u00e9cis\u00e9. Elle comprend notamment : Les noms et pr\u00e9noms ; Les aptitudes des plongeurs ; Leur fonction dans la palanqu\u00e9e ; Les diff\u00e9rents [&hellip;]<\/p>\n","protected":false},"author":4,"featured_media":0,"parent":0,"menu_order":0,"comment_status":"closed","ping_status":"closed","template":"","meta":{"_crdt_document":"","_uag_custom_page_level_css":"","advgb_blocks_editor_width":"","advgb_blocks_columns_visual_guide":"","_genesis_hide_title":true,"_genesis_hide_breadcrumbs":false,"_genesis_hide_singular_image":false,"_genesis_hide_footer_widgets":false,"_genesis_custom_body_class":"","_genesis_custom_post_class":"","_genesis_layout":"content-sidebar","_vp_format_video_url":"","_vp_image_focal_point":[],"footnotes":""},"class_list":{"0":"post-1587","1":"page","2":"type-page","3":"status-publish","5":"entry"},"yoast_head":"<!-- This site is optimized with the Yoast SEO plugin v27.5 - https:\/\/yoast.com\/product\/yoast-seo-wordpress\/ -->\n<title>Fiche de s\u00e9curit\u00e9 - Plong\u00e9e Plaisir, site officiel<\/title>\n<meta name=\"robots\" content=\"index, follow, max-snippet:-1, max-image-preview:large, max-video-preview:-1\" \/>\n<link rel=\"canonical\" href=\"https:\/\/www.plongee-plaisir.com\/fr\/fiche-de-securite\/\" \/>\n<meta property=\"og:locale\" content=\"fr_FR\" \/>\n<meta property=\"og:type\" content=\"article\" \/>\n<meta property=\"og:title\" content=\"Fiche de s\u00e9curit\u00e9 - Plong\u00e9e Plaisir, site officiel\" \/>\n<meta property=\"og:description\" content=\"FICHES INFO &gt; DIRIGER, ENCADRER Fiche de s\u00e9curit\u00e9 Une \u00ab fiche de s\u00e9curit\u00e9 \u00bb est obligatoire (art A322-72&nbsp;du code du sport). Dans le contenu, il s\u2019agit d\u2019une feuille de palanqu\u00e9e au formalisme pr\u00e9cis\u00e9. Elle comprend notamment : Les noms et pr\u00e9noms ; Les aptitudes des plongeurs ; Leur fonction dans la palanqu\u00e9e ; Les diff\u00e9rents [&hellip;]\" \/>\n<meta property=\"og:url\" content=\"https:\/\/www.plongee-plaisir.com\/fr\/fiche-de-securite\/\" \/>\n<meta property=\"og:site_name\" content=\"Plong\u00e9e Plaisir, site officiel\" \/>\n<meta property=\"article:modified_time\" content=\"2021-04-04T17:38:47+00:00\" \/>\n<meta property=\"og:image\" content=\"https:\/\/www.plongee-plaisir.com\/fr\/wp-content\/uploads\/2019\/09\/Capture-d\u2019\u00e9cran-2019-09-21-\u00e0-16.51.31-1024x609.png\" \/>\n<meta name=\"twitter:card\" content=\"summary_large_image\" \/>\n<meta name=\"twitter:label1\" content=\"Dur\u00e9e de lecture estim\u00e9e\" \/>\n\t<meta name=\"twitter:data1\" content=\"2 minutes\" \/>\n<script type=\"application\/ld+json\" class=\"yoast-schema-graph\">{\"@context\":\"https:\\\/\\\/schema.org\",\"@graph\":[{\"@type\":\"WebPage\",\"@id\":\"https:\\\/\\\/www.plongee-plaisir.com\\\/fr\\\/fiche-de-securite\\\/\",\"url\":\"https:\\\/\\\/www.plongee-plaisir.com\\\/fr\\\/fiche-de-securite\\\/\",\"name\":\"Fiche de s\u00e9curit\u00e9 - Plong\u00e9e Plaisir, site officiel\",\"isPartOf\":{\"@id\":\"https:\\\/\\\/www.plongee-plaisir.com\\\/fr\\\/#website\"},\"primaryImageOfPage\":{\"@id\":\"https:\\\/\\\/www.plongee-plaisir.com\\\/fr\\\/fiche-de-securite\\\/#primaryimage\"},\"image\":{\"@id\":\"https:\\\/\\\/www.plongee-plaisir.com\\\/fr\\\/fiche-de-securite\\\/#primaryimage\"},\"thumbnailUrl\":\"https:\\\/\\\/www.plongee-plaisir.com\\\/fr\\\/wp-content\\\/uploads\\\/2021\\\/02\\\/carre.jpg\",\"datePublished\":\"2016-07-30T11:52:14+00:00\",\"dateModified\":\"2021-04-04T17:38:47+00:00\",\"breadcrumb\":{\"@id\":\"https:\\\/\\\/www.plongee-plaisir.com\\\/fr\\\/fiche-de-securite\\\/#breadcrumb\"},\"inLanguage\":\"fr-FR\",\"potentialAction\":[{\"@type\":\"ReadAction\",\"target\":[\"https:\\\/\\\/www.plongee-plaisir.com\\\/fr\\\/fiche-de-securite\\\/\"]}]},{\"@type\":\"ImageObject\",\"inLanguage\":\"fr-FR\",\"@id\":\"https:\\\/\\\/www.plongee-plaisir.com\\\/fr\\\/fiche-de-securite\\\/#primaryimage\",\"url\":\"https:\\\/\\\/www.plongee-plaisir.com\\\/fr\\\/wp-content\\\/uploads\\\/2021\\\/02\\\/carre.jpg\",\"contentUrl\":\"https:\\\/\\\/www.plongee-plaisir.com\\\/fr\\\/wp-content\\\/uploads\\\/2021\\\/02\\\/carre.jpg\",\"width\":102,\"height\":102},{\"@type\":\"BreadcrumbList\",\"@id\":\"https:\\\/\\\/www.plongee-plaisir.com\\\/fr\\\/fiche-de-securite\\\/#breadcrumb\",\"itemListElement\":[{\"@type\":\"ListItem\",\"position\":1,\"name\":\"Accueil\",\"item\":\"https:\\\/\\\/www.plongee-plaisir.com\\\/fr\\\/\"},{\"@type\":\"ListItem\",\"position\":2,\"name\":\"Fiche de s\u00e9curit\u00e9\"}]},{\"@type\":\"WebSite\",\"@id\":\"https:\\\/\\\/www.plongee-plaisir.com\\\/fr\\\/#website\",\"url\":\"https:\\\/\\\/www.plongee-plaisir.com\\\/fr\\\/\",\"name\":\"Plong\u00e9e Plaisir, site officiel\",\"description\":\"Apprendre \u00e0 plonger - Learning to dive\",\"potentialAction\":[{\"@type\":\"SearchAction\",\"target\":{\"@type\":\"EntryPoint\",\"urlTemplate\":\"https:\\\/\\\/www.plongee-plaisir.com\\\/fr\\\/?s={search_term_string}\"},\"query-input\":{\"@type\":\"PropertyValueSpecification\",\"valueRequired\":true,\"valueName\":\"search_term_string\"}}],\"inLanguage\":\"fr-FR\"}]}<\/script>\n<!-- \/ Yoast SEO plugin. -->","yoast_head_json":{"title":"Fiche de s\u00e9curit\u00e9 - Plong\u00e9e Plaisir, site officiel","robots":{"index":"index","follow":"follow","max-snippet":"max-snippet:-1","max-image-preview":"max-image-preview:large","max-video-preview":"max-video-preview:-1"},"canonical":"https:\/\/www.plongee-plaisir.com\/fr\/fiche-de-securite\/","og_locale":"fr_FR","og_type":"article","og_title":"Fiche de s\u00e9curit\u00e9 - Plong\u00e9e Plaisir, site officiel","og_description":"FICHES INFO &gt; DIRIGER, ENCADRER Fiche de s\u00e9curit\u00e9 Une \u00ab fiche de s\u00e9curit\u00e9 \u00bb est obligatoire (art A322-72&nbsp;du code du sport). Dans le contenu, il s\u2019agit d\u2019une feuille de palanqu\u00e9e au formalisme pr\u00e9cis\u00e9. Elle comprend notamment : Les noms et pr\u00e9noms ; Les aptitudes des plongeurs ; Leur fonction dans la palanqu\u00e9e ; Les diff\u00e9rents [&hellip;]","og_url":"https:\/\/www.plongee-plaisir.com\/fr\/fiche-de-securite\/","og_site_name":"Plong\u00e9e Plaisir, site officiel","article_modified_time":"2021-04-04T17:38:47+00:00","og_image":[{"url":"https:\/\/www.plongee-plaisir.com\/fr\/wp-content\/uploads\/2019\/09\/Capture-d\u2019\u00e9cran-2019-09-21-\u00e0-16.51.31-1024x609.png","type":"","width":"","height":""}],"twitter_card":"summary_large_image","twitter_misc":{"Dur\u00e9e de lecture estim\u00e9e":"2 minutes"},"schema":{"@context":"https:\/\/schema.org","@graph":[{"@type":"WebPage","@id":"https:\/\/www.plongee-plaisir.com\/fr\/fiche-de-securite\/","url":"https:\/\/www.plongee-plaisir.com\/fr\/fiche-de-securite\/","name":"Fiche de s\u00e9curit\u00e9 - Plong\u00e9e Plaisir, site officiel","isPartOf":{"@id":"https:\/\/www.plongee-plaisir.com\/fr\/#website"},"primaryImageOfPage":{"@id":"https:\/\/www.plongee-plaisir.com\/fr\/fiche-de-securite\/#primaryimage"},"image":{"@id":"https:\/\/www.plongee-plaisir.com\/fr\/fiche-de-securite\/#primaryimage"},"thumbnailUrl":"https:\/\/www.plongee-plaisir.com\/fr\/wp-content\/uploads\/2021\/02\/carre.jpg","datePublished":"2016-07-30T11:52:14+00:00","dateModified":"2021-04-04T17:38:47+00:00","breadcrumb":{"@id":"https:\/\/www.plongee-plaisir.com\/fr\/fiche-de-securite\/#breadcrumb"},"inLanguage":"fr-FR","potentialAction":[{"@type":"ReadAction","target":["https:\/\/www.plongee-plaisir.com\/fr\/fiche-de-securite\/"]}]},{"@type":"ImageObject","inLanguage":"fr-FR","@id":"https:\/\/www.plongee-plaisir.com\/fr\/fiche-de-securite\/#primaryimage","url":"https:\/\/www.plongee-plaisir.com\/fr\/wp-content\/uploads\/2021\/02\/carre.jpg","contentUrl":"https:\/\/www.plongee-plaisir.com\/fr\/wp-content\/uploads\/2021\/02\/carre.jpg","width":102,"height":102},{"@type":"BreadcrumbList","@id":"https:\/\/www.plongee-plaisir.com\/fr\/fiche-de-securite\/#breadcrumb","itemListElement":[{"@type":"ListItem","position":1,"name":"Accueil","item":"https:\/\/www.plongee-plaisir.com\/fr\/"},{"@type":"ListItem","position":2,"name":"Fiche de s\u00e9curit\u00e9"}]},{"@type":"WebSite","@id":"https:\/\/www.plongee-plaisir.com\/fr\/#website","url":"https:\/\/www.plongee-plaisir.com\/fr\/","name":"Plong\u00e9e Plaisir, site officiel","description":"Apprendre \u00e0 plonger - Learning to dive","potentialAction":[{"@type":"SearchAction","target":{"@type":"EntryPoint","urlTemplate":"https:\/\/www.plongee-plaisir.com\/fr\/?s={search_term_string}"},"query-input":{"@type":"PropertyValueSpecification","valueRequired":true,"valueName":"search_term_string"}}],"inLanguage":"fr-FR"}]}},"featured_image_src":null,"featured_image_src_square":null,"uagb_featured_image_src":{"full":false,"thumbnail":false,"medium":false,"medium_large":false,"large":false,"1536x1536":false,"2048x2048":false,"featured-content":false,"author-pro-image":false,"tb-timeline-landscape":false,"tb-timeline-square":false,"ultp_layout_landscape_large":false,"ultp_layout_landscape":false,"ultp_layout_portrait":false,"ultp_layout_square":false,"vp_sm":false,"vp_md":false,"vp_lg":false,"vp_xl":false,"vp_sm_popup":false,"vp_md_popup":false,"vp_xl_popup":false,"gb-block-post-grid-landscape":false,"gb-block-post-grid-square":false,"woocommerce_thumbnail":false,"woocommerce_single":false,"woocommerce_gallery_thumbnail":false,"sow-carousel-default":false},"uagb_author_info":{"display_name":"Alain Foret","author_link":"https:\/\/www.plongee-plaisir.com\/fr\/author\/plongeeplaisir\/"},"uagb_comment_info":0,"uagb_excerpt":"FICHES INFO &gt; DIRIGER, ENCADRER Fiche de s\u00e9curit\u00e9 Une \u00ab fiche de s\u00e9curit\u00e9 \u00bb est obligatoire (art A322-72&nbsp;du code du sport). Dans le contenu, il s\u2019agit d\u2019une feuille de palanqu\u00e9e au formalisme pr\u00e9cis\u00e9. Elle comprend notamment : Les noms et pr\u00e9noms ; Les aptitudes des plongeurs ; Leur fonction dans la palanqu\u00e9e ; Les diff\u00e9rents\u2026","coauthors":[],"author_meta":{"author_link":"https:\/\/www.plongee-plaisir.com\/fr\/author\/plongeeplaisir\/","display_name":"Alain Foret"},"relative_dates":{"created":"Publi\u00e9 10 ans il y a","modified":"Mis \u00e0 jour 5 ans il y a"},"absolute_dates":{"created":"Publi\u00e9 le 30 juillet 2016","modified":"Mise \u00e0 jour le 4 avril 2021"},"absolute_dates_time":{"created":"Publi\u00e9 le 30 juillet 2016 13 h 52 min","modified":"Mise \u00e0 jour le 4 avril 2021 19 h 38 min"},"featured_img_caption":"","featured_img":false,"series_order":"","amp_enabled":true,"_links":{"self":[{"href":"https:\/\/www.plongee-plaisir.com\/fr\/wp-json\/wp\/v2\/pages\/1587","targetHints":{"allow":["GET"]}}],"collection":[{"href":"https:\/\/www.plongee-plaisir.com\/fr\/wp-json\/wp\/v2\/pages"}],"about":[{"href":"https:\/\/www.plongee-plaisir.com\/fr\/wp-json\/wp\/v2\/types\/page"}],"author":[{"embeddable":true,"href":"https:\/\/www.plongee-plaisir.com\/fr\/wp-json\/wp\/v2\/users\/4"}],"replies":[{"embeddable":true,"href":"https:\/\/www.plongee-plaisir.com\/fr\/wp-json\/wp\/v2\/comments?post=1587"}],"version-history":[{"count":0,"href":"https:\/\/www.plongee-plaisir.com\/fr\/wp-json\/wp\/v2\/pages\/1587\/revisions"}],"wp:attachment":[{"href":"https:\/\/www.plongee-plaisir.com\/fr\/wp-json\/wp\/v2\/media?parent=1587"}],"curies":[{"name":"wp","href":"https:\/\/api.w.org\/{rel}","templated":true}]}}