{"id":1652,"date":"2016-07-30T16:43:15","date_gmt":"2016-07-30T14:43:15","guid":{"rendered":"https:\/\/www.plongee-plaisir.com\/fr\/?p=1652"},"modified":"2021-04-04T19:09:06","modified_gmt":"2021-04-04T17:09:06","slug":"grossesse-et-plongee","status":"publish","type":"page","link":"https:\/\/www.plongee-plaisir.com\/fr\/grossesse-et-plongee\/","title":{"rendered":"Grossesse et plong\u00e9e"},"content":{"rendered":"\n<p class=\"has-vivid-cyan-blue-color has-text-color wp-block-paragraph\"><a href=\"https:\/\/www.plongee-plaisir.com\/fr\/fiches-infos\/\">FICHES INFO<\/a> &gt; VOUS INITIER<\/p>\n\n\n\n<div class=\"wp-block-kadence-spacer aligncenter kt-block-spacer-_c2638d-86\"><div class=\"kt-block-spacer kt-block-spacer-halign-center\" style=\"height:6px\"><hr class=\"kt-divider\" style=\"border-top-color:rgba(142, 209, 252, 1);border-top-width:10px;width:100%;border-top-style:solid\"\/><\/div><\/div>\n\n\n\n<h1 class=\"wp-block-heading\">Grossesse et plong\u00e9e<\/h1>\n\n\n\n<p class=\"wp-block-paragraph\">Grossesse et plong\u00e9e : &nbsp;une contre-indication temporaire \u00e0 la pratique de l&rsquo;activit\u00e9.<\/p>\n\n\n\n<p class=\"wp-block-paragraph\">A ce propos,&nbsp;<strong>J.-P. Bonnin et coll<\/strong>. \u00e9crivent dans&nbsp;<strong><em>Plong\u00e9e sous-marine et milieu subaquatique,accidents, aspects m\u00e9dicaux<\/em><\/strong>&nbsp;aux \u00e9ditions Masson&nbsp;:<br>\n\u00ab&nbsp;Le seul vrai probl\u00e8me de la femme en plong\u00e9e est la grossesse&nbsp;:<\/p>\n\n\n\n<ul class=\"wp-block-list\"><li>le risque d\u2019accident bulleux chez le foetus est th\u00e9oriquement possible ;<\/li><li>un accident de d\u00e9compression chez la m\u00e8re accro\u00eet s\u00fbrement les risques de d\u00e9c\u00e8s du f\u0153tus et les risques de souffrance f\u0153tale&nbsp;;<\/li><li>lors de la d\u00e9compression, il y a un risque toxique pour le foetus du fait de l\u2019oxyg\u00e9noth\u00e9rapie hyperbare&nbsp;;<\/li><li>un d\u00e9collement placentaire ne semble pas impossible&nbsp;;<\/li><li>des malformations ont \u00e9t\u00e9 soup\u00e7onn\u00e9es.<\/li><\/ul>\n\n\n\n<p class=\"wp-block-paragraph\">Devant ces risques th\u00e9oriques, les impr\u00e9cisions exp\u00e9rimentales qui ne permettent pas de conclure [r\u00e9alis\u00e9es sur des animaux ayant une physiologie peu comparable \u00e0 celle de l\u2019esp\u00e8ce humaine], le petit nombre d\u2019\u00e9tudes statistiques disponibles chez les femmes enceintes plongeuses, nous devons consid\u00e9rer la grossesse comme une contre-indication \u00e0 la plong\u00e9e (principe de pr\u00e9caution). Mais si elles plongent sans conna\u00eetre leur \u00e9tat, elles ne courent sans doute que peu de risques.\u00a0\u00bb<\/p>\n\n\n\n<p class=\"titre2 wp-block-paragraph\">Une femme enceinte ne doit donc pas plonger.<\/p>\n\n\n\n<div style=\"height:20px\" aria-hidden=\"true\" class=\"wp-block-spacer\"><\/div>\n\n\n\n<p class=\"wp-block-paragraph\">\u00a9&nbsp;Extrait des&nbsp;<a href=\"https:\/\/www.plongee-plaisir.com\/fr\/livres-plongee\/\">livres Plong\u00e9e Plaisir<\/a>&nbsp;par Alain Foret aux Editions GAP.<br>Toute reproduction interdite sur quelque support que ce soit sans accord \u00e9crit de l\u2019\u00e9diteur et de l\u2019auteur.<\/p>\n\n\n\n<div class=\"wp-block-image is-style-default\"><figure class=\"alignleft size-large is-resized\"><img decoding=\"async\" src=\"https:\/\/www.plongee-plaisir.com\/fr\/wp-content\/uploads\/2021\/02\/carre.jpg\" alt=\"\" class=\"wp-image-48240\" width=\"30\" srcset=\"https:\/\/www.plongee-plaisir.com\/fr\/wp-content\/uploads\/2021\/02\/carre.jpg 102w, https:\/\/www.plongee-plaisir.com\/fr\/wp-content\/uploads\/2021\/02\/carre-100x100.jpg 100w\" sizes=\"(max-width: 102px) 100vw, 102px\" \/><\/figure><\/div>\n\n\n\n<p class=\"wp-block-paragraph\"><\/p>\n<style class=\"advgb-styles-renderer\">.wp-block-kadence-spacer.kt-block-spacer-_c2638d-86 .kt-block-spacer{height:6px;}.wp-block-kadence-spacer.kt-block-spacer-_c2638d-86 .kt-divider{border-top-width:10px;border-top-color:#8ed1fc;width:100%;border-top-style:solid;}<\/style>","protected":false},"excerpt":{"rendered":"<p>FICHES INFO &gt; VOUS INITIER Grossesse et plong\u00e9e Grossesse et plong\u00e9e : &nbsp;une contre-indication temporaire \u00e0 la pratique de l&rsquo;activit\u00e9. A ce propos,&nbsp;J.-P. Bonnin et coll. \u00e9crivent dans&nbsp;Plong\u00e9e sous-marine et milieu subaquatique,accidents, aspects m\u00e9dicaux&nbsp;aux \u00e9ditions Masson&nbsp;: \u00ab&nbsp;Le seul vrai probl\u00e8me de la femme en plong\u00e9e est la grossesse&nbsp;: le risque d\u2019accident bulleux chez le foetus [&hellip;]<\/p>\n","protected":false},"author":4,"featured_media":6152,"parent":0,"menu_order":0,"comment_status":"open","ping_status":"open","template":"","meta":{"_crdt_document":"","_uag_custom_page_level_css":"","advgb_blocks_editor_width":"","advgb_blocks_columns_visual_guide":"","_genesis_hide_title":true,"_genesis_hide_breadcrumbs":false,"_genesis_hide_singular_image":false,"_genesis_hide_footer_widgets":false,"_genesis_custom_body_class":"","_genesis_custom_post_class":"","_genesis_layout":"content-sidebar","_vp_format_video_url":"","_vp_image_focal_point":[],"footnotes":""},"class_list":{"0":"post-1652","1":"page","2":"type-page","3":"status-publish","4":"has-post-thumbnail","6":"entry"},"yoast_head":"<!-- This site is optimized with the Yoast SEO plugin v27.4 - https:\/\/yoast.com\/product\/yoast-seo-wordpress\/ -->\n<title>Grossesse et plong\u00e9e : une contre-indication temporaire.<\/title>\n<meta name=\"description\" content=\"Grossesse et plong\u00e9e : une contre-indication temporaire \u00e0 la pratique de l&#039;activit\u00e9 du fait des risques d\u2019accidents bulleux chez le foetus.\" \/>\n<meta name=\"robots\" content=\"index, follow, max-snippet:-1, max-image-preview:large, max-video-preview:-1\" \/>\n<link rel=\"canonical\" href=\"https:\/\/www.plongee-plaisir.com\/fr\/grossesse-et-plongee\/\" \/>\n<meta property=\"og:locale\" content=\"fr_FR\" \/>\n<meta property=\"og:type\" content=\"article\" \/>\n<meta property=\"og:title\" content=\"Grossesse et plong\u00e9e : une contre-indication temporaire.\" \/>\n<meta property=\"og:description\" content=\"Grossesse et plong\u00e9e : une contre-indication temporaire \u00e0 la pratique de l&#039;activit\u00e9 du fait des risques d\u2019accidents bulleux chez le foetus.\" \/>\n<meta property=\"og:url\" content=\"https:\/\/www.plongee-plaisir.com\/fr\/grossesse-et-plongee\/\" \/>\n<meta property=\"og:site_name\" content=\"Plong\u00e9e Plaisir, site officiel\" \/>\n<meta property=\"article:modified_time\" content=\"2021-04-04T17:09:06+00:00\" \/>\n<meta property=\"og:image\" content=\"https:\/\/www.plongee-plaisir.com\/fr\/wp-content\/uploads\/2016\/07\/Fiches-infos4.png\" \/>\n\t<meta property=\"og:image:width\" content=\"1076\" \/>\n\t<meta property=\"og:image:height\" content=\"702\" \/>\n\t<meta property=\"og:image:type\" content=\"image\/png\" \/>\n<meta name=\"twitter:card\" content=\"summary_large_image\" \/>\n<meta name=\"twitter:label1\" content=\"Dur\u00e9e de lecture estim\u00e9e\" \/>\n\t<meta name=\"twitter:data1\" content=\"2 minutes\" \/>\n<script type=\"application\/ld+json\" class=\"yoast-schema-graph\">{\"@context\":\"https:\\\/\\\/schema.org\",\"@graph\":[{\"@type\":\"WebPage\",\"@id\":\"https:\\\/\\\/www.plongee-plaisir.com\\\/fr\\\/grossesse-et-plongee\\\/\",\"url\":\"https:\\\/\\\/www.plongee-plaisir.com\\\/fr\\\/grossesse-et-plongee\\\/\",\"name\":\"Grossesse et plong\u00e9e : une contre-indication temporaire.\",\"isPartOf\":{\"@id\":\"https:\\\/\\\/www.plongee-plaisir.com\\\/fr\\\/#website\"},\"primaryImageOfPage\":{\"@id\":\"https:\\\/\\\/www.plongee-plaisir.com\\\/fr\\\/grossesse-et-plongee\\\/#primaryimage\"},\"image\":{\"@id\":\"https:\\\/\\\/www.plongee-plaisir.com\\\/fr\\\/grossesse-et-plongee\\\/#primaryimage\"},\"thumbnailUrl\":\"https:\\\/\\\/www.plongee-plaisir.com\\\/fr\\\/wp-content\\\/uploads\\\/2016\\\/07\\\/Fiches-infos4.png\",\"datePublished\":\"2016-07-30T14:43:15+00:00\",\"dateModified\":\"2021-04-04T17:09:06+00:00\",\"description\":\"Grossesse et plong\u00e9e : une contre-indication temporaire \u00e0 la pratique de l'activit\u00e9 du fait des risques d\u2019accidents bulleux chez le foetus.\",\"breadcrumb\":{\"@id\":\"https:\\\/\\\/www.plongee-plaisir.com\\\/fr\\\/grossesse-et-plongee\\\/#breadcrumb\"},\"inLanguage\":\"fr-FR\",\"potentialAction\":[{\"@type\":\"ReadAction\",\"target\":[\"https:\\\/\\\/www.plongee-plaisir.com\\\/fr\\\/grossesse-et-plongee\\\/\"]}]},{\"@type\":\"ImageObject\",\"inLanguage\":\"fr-FR\",\"@id\":\"https:\\\/\\\/www.plongee-plaisir.com\\\/fr\\\/grossesse-et-plongee\\\/#primaryimage\",\"url\":\"https:\\\/\\\/www.plongee-plaisir.com\\\/fr\\\/wp-content\\\/uploads\\\/2016\\\/07\\\/Fiches-infos4.png\",\"contentUrl\":\"https:\\\/\\\/www.plongee-plaisir.com\\\/fr\\\/wp-content\\\/uploads\\\/2016\\\/07\\\/Fiches-infos4.png\",\"width\":1076,\"height\":702,\"caption\":\"Fiches-infos-initiation\"},{\"@type\":\"BreadcrumbList\",\"@id\":\"https:\\\/\\\/www.plongee-plaisir.com\\\/fr\\\/grossesse-et-plongee\\\/#breadcrumb\",\"itemListElement\":[{\"@type\":\"ListItem\",\"position\":1,\"name\":\"Accueil\",\"item\":\"https:\\\/\\\/www.plongee-plaisir.com\\\/fr\\\/\"},{\"@type\":\"ListItem\",\"position\":2,\"name\":\"Grossesse et plong\u00e9e\"}]},{\"@type\":\"WebSite\",\"@id\":\"https:\\\/\\\/www.plongee-plaisir.com\\\/fr\\\/#website\",\"url\":\"https:\\\/\\\/www.plongee-plaisir.com\\\/fr\\\/\",\"name\":\"Plong\u00e9e Plaisir, site officiel\",\"description\":\"Apprendre \u00e0 plonger - Learning to dive\",\"potentialAction\":[{\"@type\":\"SearchAction\",\"target\":{\"@type\":\"EntryPoint\",\"urlTemplate\":\"https:\\\/\\\/www.plongee-plaisir.com\\\/fr\\\/?s={search_term_string}\"},\"query-input\":{\"@type\":\"PropertyValueSpecification\",\"valueRequired\":true,\"valueName\":\"search_term_string\"}}],\"inLanguage\":\"fr-FR\"}]}<\/script>\n<!-- \/ Yoast SEO plugin. -->","yoast_head_json":{"title":"Grossesse et plong\u00e9e : une contre-indication temporaire.","description":"Grossesse et plong\u00e9e : une contre-indication temporaire \u00e0 la pratique de l'activit\u00e9 du fait des risques d\u2019accidents bulleux chez le foetus.","robots":{"index":"index","follow":"follow","max-snippet":"max-snippet:-1","max-image-preview":"max-image-preview:large","max-video-preview":"max-video-preview:-1"},"canonical":"https:\/\/www.plongee-plaisir.com\/fr\/grossesse-et-plongee\/","og_locale":"fr_FR","og_type":"article","og_title":"Grossesse et plong\u00e9e : une contre-indication temporaire.","og_description":"Grossesse et plong\u00e9e : une contre-indication temporaire \u00e0 la pratique de l'activit\u00e9 du fait des risques d\u2019accidents bulleux chez le foetus.","og_url":"https:\/\/www.plongee-plaisir.com\/fr\/grossesse-et-plongee\/","og_site_name":"Plong\u00e9e Plaisir, site officiel","article_modified_time":"2021-04-04T17:09:06+00:00","og_image":[{"width":1076,"height":702,"url":"https:\/\/www.plongee-plaisir.com\/fr\/wp-content\/uploads\/2016\/07\/Fiches-infos4.png","type":"image\/png"}],"twitter_card":"summary_large_image","twitter_misc":{"Dur\u00e9e de lecture estim\u00e9e":"2 minutes"},"schema":{"@context":"https:\/\/schema.org","@graph":[{"@type":"WebPage","@id":"https:\/\/www.plongee-plaisir.com\/fr\/grossesse-et-plongee\/","url":"https:\/\/www.plongee-plaisir.com\/fr\/grossesse-et-plongee\/","name":"Grossesse et plong\u00e9e : une contre-indication temporaire.","isPartOf":{"@id":"https:\/\/www.plongee-plaisir.com\/fr\/#website"},"primaryImageOfPage":{"@id":"https:\/\/www.plongee-plaisir.com\/fr\/grossesse-et-plongee\/#primaryimage"},"image":{"@id":"https:\/\/www.plongee-plaisir.com\/fr\/grossesse-et-plongee\/#primaryimage"},"thumbnailUrl":"https:\/\/www.plongee-plaisir.com\/fr\/wp-content\/uploads\/2016\/07\/Fiches-infos4.png","datePublished":"2016-07-30T14:43:15+00:00","dateModified":"2021-04-04T17:09:06+00:00","description":"Grossesse et plong\u00e9e : une contre-indication temporaire \u00e0 la pratique de l'activit\u00e9 du fait des risques d\u2019accidents bulleux chez le foetus.","breadcrumb":{"@id":"https:\/\/www.plongee-plaisir.com\/fr\/grossesse-et-plongee\/#breadcrumb"},"inLanguage":"fr-FR","potentialAction":[{"@type":"ReadAction","target":["https:\/\/www.plongee-plaisir.com\/fr\/grossesse-et-plongee\/"]}]},{"@type":"ImageObject","inLanguage":"fr-FR","@id":"https:\/\/www.plongee-plaisir.com\/fr\/grossesse-et-plongee\/#primaryimage","url":"https:\/\/www.plongee-plaisir.com\/fr\/wp-content\/uploads\/2016\/07\/Fiches-infos4.png","contentUrl":"https:\/\/www.plongee-plaisir.com\/fr\/wp-content\/uploads\/2016\/07\/Fiches-infos4.png","width":1076,"height":702,"caption":"Fiches-infos-initiation"},{"@type":"BreadcrumbList","@id":"https:\/\/www.plongee-plaisir.com\/fr\/grossesse-et-plongee\/#breadcrumb","itemListElement":[{"@type":"ListItem","position":1,"name":"Accueil","item":"https:\/\/www.plongee-plaisir.com\/fr\/"},{"@type":"ListItem","position":2,"name":"Grossesse et plong\u00e9e"}]},{"@type":"WebSite","@id":"https:\/\/www.plongee-plaisir.com\/fr\/#website","url":"https:\/\/www.plongee-plaisir.com\/fr\/","name":"Plong\u00e9e Plaisir, site officiel","description":"Apprendre \u00e0 plonger - Learning to dive","potentialAction":[{"@type":"SearchAction","target":{"@type":"EntryPoint","urlTemplate":"https:\/\/www.plongee-plaisir.com\/fr\/?s={search_term_string}"},"query-input":{"@type":"PropertyValueSpecification","valueRequired":true,"valueName":"search_term_string"}}],"inLanguage":"fr-FR"}]}},"featured_image_src":"https:\/\/www.plongee-plaisir.com\/fr\/wp-content\/uploads\/2016\/07\/Fiches-infos4.png","featured_image_src_square":"https:\/\/www.plongee-plaisir.com\/fr\/wp-content\/uploads\/2016\/07\/Fiches-infos4.png","uagb_featured_image_src":{"full":["https:\/\/www.plongee-plaisir.com\/fr\/wp-content\/uploads\/2016\/07\/Fiches-infos4.png",1076,702,false],"thumbnail":["https:\/\/www.plongee-plaisir.com\/fr\/wp-content\/uploads\/2016\/07\/Fiches-infos4-150x150.png",150,150,true],"medium":["https:\/\/www.plongee-plaisir.com\/fr\/wp-content\/uploads\/2016\/07\/Fiches-infos4-300x196.png",300,196,true],"medium_large":["https:\/\/www.plongee-plaisir.com\/fr\/wp-content\/uploads\/2016\/07\/Fiches-infos4-768x501.png",768,501,true],"large":["https:\/\/www.plongee-plaisir.com\/fr\/wp-content\/uploads\/2016\/07\/Fiches-infos4-1024x668.png",1024,668,true],"1536x1536":["https:\/\/www.plongee-plaisir.com\/fr\/wp-content\/uploads\/2016\/07\/Fiches-infos4.png",1076,702,false],"2048x2048":["https:\/\/www.plongee-plaisir.com\/fr\/wp-content\/uploads\/2016\/07\/Fiches-infos4.png",1076,702,false],"featured-content":["https:\/\/www.plongee-plaisir.com\/fr\/wp-content\/uploads\/2016\/07\/Fiches-infos4-800x702.png",800,702,true],"author-pro-image":["https:\/\/www.plongee-plaisir.com\/fr\/wp-content\/uploads\/2016\/07\/Fiches-infos4-360x570.png",360,570,true],"tb-timeline-landscape":["https:\/\/www.plongee-plaisir.com\/fr\/wp-content\/uploads\/2016\/07\/Fiches-infos4.png",600,391,false],"tb-timeline-square":["https:\/\/www.plongee-plaisir.com\/fr\/wp-content\/uploads\/2016\/07\/Fiches-infos4.png",600,391,false],"ultp_layout_landscape_large":["https:\/\/www.plongee-plaisir.com\/fr\/wp-content\/uploads\/2016\/07\/Fiches-infos4.png",1076,702,false],"ultp_layout_landscape":["https:\/\/www.plongee-plaisir.com\/fr\/wp-content\/uploads\/2016\/07\/Fiches-infos4.png",870,568,false],"ultp_layout_portrait":["https:\/\/www.plongee-plaisir.com\/fr\/wp-content\/uploads\/2016\/07\/Fiches-infos4.png",600,391,false],"ultp_layout_square":["https:\/\/www.plongee-plaisir.com\/fr\/wp-content\/uploads\/2016\/07\/Fiches-infos4.png",600,391,false],"vp_sm":["https:\/\/www.plongee-plaisir.com\/fr\/wp-content\/uploads\/2016\/07\/Fiches-infos4.png",500,326,false],"vp_md":["https:\/\/www.plongee-plaisir.com\/fr\/wp-content\/uploads\/2016\/07\/Fiches-infos4.png",800,522,false],"vp_lg":["https:\/\/www.plongee-plaisir.com\/fr\/wp-content\/uploads\/2016\/07\/Fiches-infos4.png",1076,702,false],"vp_xl":["https:\/\/www.plongee-plaisir.com\/fr\/wp-content\/uploads\/2016\/07\/Fiches-infos4.png",1076,702,false],"vp_sm_popup":["https:\/\/www.plongee-plaisir.com\/fr\/wp-content\/uploads\/2016\/07\/Fiches-infos4.png",500,326,false],"vp_md_popup":["https:\/\/www.plongee-plaisir.com\/fr\/wp-content\/uploads\/2016\/07\/Fiches-infos4.png",800,522,false],"vp_xl_popup":["https:\/\/www.plongee-plaisir.com\/fr\/wp-content\/uploads\/2016\/07\/Fiches-infos4.png",1076,702,false],"gb-block-post-grid-landscape":["https:\/\/www.plongee-plaisir.com\/fr\/wp-content\/uploads\/2016\/07\/Fiches-infos4.png",600,391,false],"gb-block-post-grid-square":["https:\/\/www.plongee-plaisir.com\/fr\/wp-content\/uploads\/2016\/07\/Fiches-infos4.png",600,391,false],"woocommerce_thumbnail":["https:\/\/www.plongee-plaisir.com\/fr\/wp-content\/uploads\/2016\/07\/Fiches-infos4-300x196.png",300,196,true],"woocommerce_single":["https:\/\/www.plongee-plaisir.com\/fr\/wp-content\/uploads\/2016\/07\/Fiches-infos4-600x391.png",600,391,true],"woocommerce_gallery_thumbnail":["https:\/\/www.plongee-plaisir.com\/fr\/wp-content\/uploads\/2016\/07\/Fiches-infos4-100x100.png",100,100,true],"web-stories-poster-portrait":["https:\/\/www.plongee-plaisir.com\/fr\/wp-content\/uploads\/2016\/07\/Fiches-infos4.png",640,418,false],"web-stories-publisher-logo":["https:\/\/www.plongee-plaisir.com\/fr\/wp-content\/uploads\/2016\/07\/Fiches-infos4.png",96,63,false],"web-stories-thumbnail":["https:\/\/www.plongee-plaisir.com\/fr\/wp-content\/uploads\/2016\/07\/Fiches-infos4.png",150,98,false],"sow-carousel-default":["https:\/\/www.plongee-plaisir.com\/fr\/wp-content\/uploads\/2016\/07\/Fiches-infos4-272x182.png",272,182,true]},"uagb_author_info":{"display_name":"Alain Foret","author_link":"https:\/\/www.plongee-plaisir.com\/fr\/author\/plongeeplaisir\/"},"uagb_comment_info":0,"uagb_excerpt":"FICHES INFO &gt; VOUS INITIER Grossesse et plong\u00e9e Grossesse et plong\u00e9e : &nbsp;une contre-indication temporaire \u00e0 la pratique de l&rsquo;activit\u00e9. A ce propos,&nbsp;J.-P. Bonnin et coll. \u00e9crivent dans&nbsp;Plong\u00e9e sous-marine et milieu subaquatique,accidents, aspects m\u00e9dicaux&nbsp;aux \u00e9ditions Masson&nbsp;: \u00ab&nbsp;Le seul vrai probl\u00e8me de la femme en plong\u00e9e est la grossesse&nbsp;: le risque d\u2019accident bulleux chez le foetus\u2026","coauthors":[],"author_meta":{"author_link":"https:\/\/www.plongee-plaisir.com\/fr\/author\/plongeeplaisir\/","display_name":"Alain Foret"},"relative_dates":{"created":"Publi\u00e9 10 ans il y a","modified":"Mis \u00e0 jour 5 ans il y a"},"absolute_dates":{"created":"Publi\u00e9 le 30 juillet 2016","modified":"Mise \u00e0 jour le 4 avril 2021"},"absolute_dates_time":{"created":"Publi\u00e9 le 30 juillet 2016 16 h 43 min","modified":"Mise \u00e0 jour le 4 avril 2021 19 h 09 min"},"featured_img_caption":"","featured_img":"https:\/\/www.plongee-plaisir.com\/fr\/wp-content\/uploads\/2016\/07\/Fiches-infos4.png","series_order":"","amp_enabled":true,"_links":{"self":[{"href":"https:\/\/www.plongee-plaisir.com\/fr\/wp-json\/wp\/v2\/pages\/1652","targetHints":{"allow":["GET"]}}],"collection":[{"href":"https:\/\/www.plongee-plaisir.com\/fr\/wp-json\/wp\/v2\/pages"}],"about":[{"href":"https:\/\/www.plongee-plaisir.com\/fr\/wp-json\/wp\/v2\/types\/page"}],"author":[{"embeddable":true,"href":"https:\/\/www.plongee-plaisir.com\/fr\/wp-json\/wp\/v2\/users\/4"}],"replies":[{"embeddable":true,"href":"https:\/\/www.plongee-plaisir.com\/fr\/wp-json\/wp\/v2\/comments?post=1652"}],"version-history":[{"count":0,"href":"https:\/\/www.plongee-plaisir.com\/fr\/wp-json\/wp\/v2\/pages\/1652\/revisions"}],"wp:featuredmedia":[{"embeddable":true,"href":"https:\/\/www.plongee-plaisir.com\/fr\/wp-json\/wp\/v2\/media\/6152"}],"wp:attachment":[{"href":"https:\/\/www.plongee-plaisir.com\/fr\/wp-json\/wp\/v2\/media?parent=1652"}],"curies":[{"name":"wp","href":"https:\/\/api.w.org\/{rel}","templated":true}]}}