{"id":17662,"date":"2019-01-02T11:35:00","date_gmt":"2019-01-02T10:35:00","guid":{"rendered":"https:\/\/www.plongee-plaisir.com\/fr\/?page_id=17662"},"modified":"2021-02-21T12:23:58","modified_gmt":"2021-02-21T11:23:58","slug":"videos","status":"publish","type":"page","link":"https:\/\/www.plongee-plaisir.com\/fr\/videos\/","title":{"rendered":"Vid\u00e9os et documentaires"},"content":{"rendered":"\n<p class=\"wp-block-paragraph\"><em>Vid\u00e9os et documentaires auxquels Alain Foret (Plong\u00e9e Plaisir) a particip\u00e9, en tant qu&rsquo;auteur, cameraman sous-marin ou r\u00e9alisateur.<\/em><\/p>\n\n\n\n<h2 class=\"wp-block-heading\">Une reprise progressive de l&rsquo;activit\u00e9<\/h2>\n\n\n\n<figure class=\"wp-block-embed is-type-video is-provider-youtube wp-block-embed-youtube wp-embed-aspect-16-9 wp-has-aspect-ratio\"><div class=\"wp-block-embed__wrapper\">\nhttps:\/\/youtu.be\/v0FTD8CnoDk\n<\/div><\/figure>\n\n\n\n<h2 class=\"wp-block-heading\">Les EPI en plong\u00e9e<\/h2>\n\n\n\n<figure class=\"wp-block-embed is-type-video is-provider-youtube wp-block-embed-youtube wp-embed-aspect-16-9 wp-has-aspect-ratio\"><div class=\"wp-block-embed__wrapper\">\nhttps:\/\/youtu.be\/C8QqyyhWUtc\n<\/div><figcaption>Les EPI en plong\u00e9e<\/figcaption><\/figure>\n\n\n\n<h2 class=\"wp-block-heading\">Jamais sans mes palmes (France 2)<\/h2>\n\n\n\n<figure class=\"wp-block-embed is-type-video is-provider-dailymotion wp-block-embed-dailymotion wp-embed-aspect-16-9 wp-has-aspect-ratio\"><div class=\"wp-block-embed__wrapper\">\n<iframe title=\"Jamais sans mes palmes - Extrait 1\" frameborder=\"0\" width=\"500\" height=\"281\" src=\"https:\/\/geo.dailymotion.com\/player.html?video=xqdbtt&#038;\" allowfullscreen allow=\"autoplay; fullscreen; picture-in-picture; web-share\"><\/iframe>\n<\/div><\/figure>\n\n\n\n<p class=\"wp-block-paragraph\"><strong>R\u00e9sum\u00e9<\/strong> : Un voyage dans un paradis aquatique, un mythe absolu : la Polyn\u00e9sie. PEF, com\u00e9dien passionn\u00e9 de plong\u00e9e, emm\u00e8ne l\u2019actrice H\u00e9l\u00e8ne de Fougerolles \u00e0 la d\u00e9couverte du monde sous-marin. <br><strong>Ann\u00e9e<\/strong> : 2011<br><strong>Dur\u00e9e<\/strong> : 0 h 52 min<br><strong>Premi\u00e8re diffusion<\/strong> : France 2 &#8211; Dimanche 27 novembre 2011 de 16:30 \u00e0 17:30, case \u00ab\u00a0Grandeur Nature\u00a0\u00bb.<br><strong>Auteurs<\/strong> : Alain Foret, Pierre-Fran\u00e7ois Martin-Laval<br><strong>R\u00e9alisateurs<\/strong> : Guy Beauch\u00e9, Jean-Christophe de Revi\u00e8re<br><strong>Production\/Diffusion<\/strong> : Bonne Pioche Productions<br><strong>ISAN<\/strong> : ISAN 0000-0002-FFAE-0000-N-0000-0000-5<\/p>\n\n\n\n<h2 class=\"wp-block-heading\">Albert FALCO, l&rsquo;oc\u00e9anaute<\/h2>\n\n\n\n<figure class=\"wp-block-embed is-type-video is-provider-vimeo wp-block-embed-vimeo wp-embed-aspect-16-9 wp-has-aspect-ratio\"><div class=\"wp-block-embed__wrapper\">\n<iframe title=\"Albert Falco, L&#039;oc\u00e9anaute - Aper\u00e7u\" src=\"https:\/\/player.vimeo.com\/video\/32469983?dnt=1&amp;app_id=122963\" width=\"500\" height=\"281\" frameborder=\"0\" allow=\"autoplay; fullscreen; picture-in-picture; clipboard-write\"><\/iframe>\n<\/div><\/figure>\n\n\n\n<p class=\"wp-block-paragraph\"><strong>R\u00e9sum\u00e9<\/strong> : Il fut les yeux et les palmes du Commandant Cousteau. Il restera dans l\u2019Histoire comme le premier oc\u00e9anaute, le premier plongeur \u00e0 avoir travaill\u00e9 et v\u00e9cu sous la mer. Son nom r\u00e9sonne \u00e0 jamais aux panth\u00e9ons des grands aventuriers du XXe si\u00e8cle : Albert Falco.<br><strong>Format<\/strong> : Documentaire unitaire<br><strong>Dur\u00e9e<\/strong> : 0 h 52min<br><strong>Versions disponibles<\/strong> : VF, VI, VAnglais<br><strong>R\u00e9alisation<\/strong> : Sylvain Braun<br><strong>Ann\u00e9e de production<\/strong> : 2011<br><strong>Coproduction<\/strong> : PVP Films (Canada)<br><strong>Diffuseurs<\/strong> : TV5 Canada, Ushua\u00efa TV, Martinique Premi\u00e8re, France 3, IRIB, L\u00e9man Bleu<br><strong>Soutien<\/strong> : UNESCO<\/p>\n","protected":false},"excerpt":{"rendered":"<p>Vid\u00e9os et documentaires auxquels Alain Foret (Plong\u00e9e Plaisir) a particip\u00e9, en tant qu&rsquo;auteur, cameraman sous-marin ou r\u00e9alisateur. Une reprise progressive de l&rsquo;activit\u00e9 Les EPI en plong\u00e9e Jamais sans mes palmes (France 2) R\u00e9sum\u00e9 : Un voyage dans un paradis aquatique, un mythe absolu : la Polyn\u00e9sie. PEF, com\u00e9dien passionn\u00e9 de plong\u00e9e, emm\u00e8ne l\u2019actrice H\u00e9l\u00e8ne de [&hellip;]<\/p>\n","protected":false},"author":4,"featured_media":0,"parent":0,"menu_order":0,"comment_status":"closed","ping_status":"closed","template":"","meta":{"_crdt_document":"","_uag_custom_page_level_css":"","advgb_blocks_editor_width":"","advgb_blocks_columns_visual_guide":"","_genesis_hide_title":false,"_genesis_hide_breadcrumbs":false,"_genesis_hide_singular_image":false,"_genesis_hide_footer_widgets":false,"_genesis_custom_body_class":"","_genesis_custom_post_class":"","_genesis_layout":"","_vp_format_video_url":"","_vp_image_focal_point":[],"footnotes":""},"class_list":{"0":"post-17662","1":"page","2":"type-page","3":"status-publish","5":"entry"},"yoast_head":"<!-- This site is optimized with the Yoast SEO plugin v27.3 - https:\/\/yoast.com\/product\/yoast-seo-wordpress\/ -->\n<title>Vid\u00e9os et documentaires - Plong\u00e9e Plaisir, site officiel<\/title>\n<meta name=\"robots\" content=\"index, follow, max-snippet:-1, max-image-preview:large, max-video-preview:-1\" \/>\n<link rel=\"canonical\" href=\"https:\/\/www.plongee-plaisir.com\/fr\/videos\/\" \/>\n<meta property=\"og:locale\" content=\"fr_FR\" \/>\n<meta property=\"og:type\" content=\"article\" \/>\n<meta property=\"og:title\" content=\"Vid\u00e9os et documentaires - Plong\u00e9e Plaisir, site officiel\" \/>\n<meta property=\"og:description\" content=\"Vid\u00e9os et documentaires auxquels Alain Foret (Plong\u00e9e Plaisir) a particip\u00e9, en tant qu&rsquo;auteur, cameraman sous-marin ou r\u00e9alisateur. Une reprise progressive de l&rsquo;activit\u00e9 Les EPI en plong\u00e9e Jamais sans mes palmes (France 2) R\u00e9sum\u00e9 : Un voyage dans un paradis aquatique, un mythe absolu : la Polyn\u00e9sie. PEF, com\u00e9dien passionn\u00e9 de plong\u00e9e, emm\u00e8ne l\u2019actrice H\u00e9l\u00e8ne de [&hellip;]\" \/>\n<meta property=\"og:url\" content=\"https:\/\/www.plongee-plaisir.com\/fr\/videos\/\" \/>\n<meta property=\"og:site_name\" content=\"Plong\u00e9e Plaisir, site officiel\" \/>\n<meta property=\"article:modified_time\" content=\"2021-02-21T11:23:58+00:00\" \/>\n<meta name=\"twitter:card\" content=\"summary_large_image\" \/>\n<meta name=\"twitter:label1\" content=\"Dur\u00e9e de lecture estim\u00e9e\" \/>\n\t<meta name=\"twitter:data1\" content=\"1 minute\" \/>\n<script type=\"application\/ld+json\" class=\"yoast-schema-graph\">{\"@context\":\"https:\\\/\\\/schema.org\",\"@graph\":[{\"@type\":\"WebPage\",\"@id\":\"https:\\\/\\\/www.plongee-plaisir.com\\\/fr\\\/videos\\\/\",\"url\":\"https:\\\/\\\/www.plongee-plaisir.com\\\/fr\\\/videos\\\/\",\"name\":\"Vid\u00e9os et documentaires - Plong\u00e9e Plaisir, site officiel\",\"isPartOf\":{\"@id\":\"https:\\\/\\\/www.plongee-plaisir.com\\\/fr\\\/#website\"},\"datePublished\":\"2019-01-02T10:35:00+00:00\",\"dateModified\":\"2021-02-21T11:23:58+00:00\",\"breadcrumb\":{\"@id\":\"https:\\\/\\\/www.plongee-plaisir.com\\\/fr\\\/videos\\\/#breadcrumb\"},\"inLanguage\":\"fr-FR\",\"potentialAction\":[{\"@type\":\"ReadAction\",\"target\":[\"https:\\\/\\\/www.plongee-plaisir.com\\\/fr\\\/videos\\\/\"]}]},{\"@type\":\"BreadcrumbList\",\"@id\":\"https:\\\/\\\/www.plongee-plaisir.com\\\/fr\\\/videos\\\/#breadcrumb\",\"itemListElement\":[{\"@type\":\"ListItem\",\"position\":1,\"name\":\"Accueil\",\"item\":\"https:\\\/\\\/www.plongee-plaisir.com\\\/fr\\\/\"},{\"@type\":\"ListItem\",\"position\":2,\"name\":\"Vid\u00e9os et documentaires\"}]},{\"@type\":\"WebSite\",\"@id\":\"https:\\\/\\\/www.plongee-plaisir.com\\\/fr\\\/#website\",\"url\":\"https:\\\/\\\/www.plongee-plaisir.com\\\/fr\\\/\",\"name\":\"Plong\u00e9e Plaisir, site officiel\",\"description\":\"Apprendre \u00e0 plonger - Learning to dive\",\"potentialAction\":[{\"@type\":\"SearchAction\",\"target\":{\"@type\":\"EntryPoint\",\"urlTemplate\":\"https:\\\/\\\/www.plongee-plaisir.com\\\/fr\\\/?s={search_term_string}\"},\"query-input\":{\"@type\":\"PropertyValueSpecification\",\"valueRequired\":true,\"valueName\":\"search_term_string\"}}],\"inLanguage\":\"fr-FR\"}]}<\/script>\n<!-- \/ Yoast SEO plugin. -->","yoast_head_json":{"title":"Vid\u00e9os et documentaires - Plong\u00e9e Plaisir, site officiel","robots":{"index":"index","follow":"follow","max-snippet":"max-snippet:-1","max-image-preview":"max-image-preview:large","max-video-preview":"max-video-preview:-1"},"canonical":"https:\/\/www.plongee-plaisir.com\/fr\/videos\/","og_locale":"fr_FR","og_type":"article","og_title":"Vid\u00e9os et documentaires - Plong\u00e9e Plaisir, site officiel","og_description":"Vid\u00e9os et documentaires auxquels Alain Foret (Plong\u00e9e Plaisir) a particip\u00e9, en tant qu&rsquo;auteur, cameraman sous-marin ou r\u00e9alisateur. Une reprise progressive de l&rsquo;activit\u00e9 Les EPI en plong\u00e9e Jamais sans mes palmes (France 2) R\u00e9sum\u00e9 : Un voyage dans un paradis aquatique, un mythe absolu : la Polyn\u00e9sie. PEF, com\u00e9dien passionn\u00e9 de plong\u00e9e, emm\u00e8ne l\u2019actrice H\u00e9l\u00e8ne de [&hellip;]","og_url":"https:\/\/www.plongee-plaisir.com\/fr\/videos\/","og_site_name":"Plong\u00e9e Plaisir, site officiel","article_modified_time":"2021-02-21T11:23:58+00:00","twitter_card":"summary_large_image","twitter_misc":{"Dur\u00e9e de lecture estim\u00e9e":"1 minute"},"schema":{"@context":"https:\/\/schema.org","@graph":[{"@type":"WebPage","@id":"https:\/\/www.plongee-plaisir.com\/fr\/videos\/","url":"https:\/\/www.plongee-plaisir.com\/fr\/videos\/","name":"Vid\u00e9os et documentaires - Plong\u00e9e Plaisir, site officiel","isPartOf":{"@id":"https:\/\/www.plongee-plaisir.com\/fr\/#website"},"datePublished":"2019-01-02T10:35:00+00:00","dateModified":"2021-02-21T11:23:58+00:00","breadcrumb":{"@id":"https:\/\/www.plongee-plaisir.com\/fr\/videos\/#breadcrumb"},"inLanguage":"fr-FR","potentialAction":[{"@type":"ReadAction","target":["https:\/\/www.plongee-plaisir.com\/fr\/videos\/"]}]},{"@type":"BreadcrumbList","@id":"https:\/\/www.plongee-plaisir.com\/fr\/videos\/#breadcrumb","itemListElement":[{"@type":"ListItem","position":1,"name":"Accueil","item":"https:\/\/www.plongee-plaisir.com\/fr\/"},{"@type":"ListItem","position":2,"name":"Vid\u00e9os et documentaires"}]},{"@type":"WebSite","@id":"https:\/\/www.plongee-plaisir.com\/fr\/#website","url":"https:\/\/www.plongee-plaisir.com\/fr\/","name":"Plong\u00e9e Plaisir, site officiel","description":"Apprendre \u00e0 plonger - Learning to dive","potentialAction":[{"@type":"SearchAction","target":{"@type":"EntryPoint","urlTemplate":"https:\/\/www.plongee-plaisir.com\/fr\/?s={search_term_string}"},"query-input":{"@type":"PropertyValueSpecification","valueRequired":true,"valueName":"search_term_string"}}],"inLanguage":"fr-FR"}]}},"featured_image_src":null,"featured_image_src_square":null,"uagb_featured_image_src":{"full":false,"thumbnail":false,"medium":false,"medium_large":false,"large":false,"1536x1536":false,"2048x2048":false,"featured-content":false,"author-pro-image":false,"tb-timeline-landscape":false,"tb-timeline-square":false,"ultp_layout_landscape_large":false,"ultp_layout_landscape":false,"ultp_layout_portrait":false,"ultp_layout_square":false,"vp_sm":false,"vp_md":false,"vp_lg":false,"vp_xl":false,"vp_sm_popup":false,"vp_md_popup":false,"vp_xl_popup":false,"gb-block-post-grid-landscape":false,"gb-block-post-grid-square":false,"woocommerce_thumbnail":false,"woocommerce_single":false,"woocommerce_gallery_thumbnail":false,"web-stories-poster-portrait":false,"web-stories-publisher-logo":false,"web-stories-thumbnail":false,"sow-carousel-default":false},"uagb_author_info":{"display_name":"Alain Foret","author_link":"https:\/\/www.plongee-plaisir.com\/fr\/author\/plongeeplaisir\/"},"uagb_comment_info":0,"uagb_excerpt":"Vid\u00e9os et documentaires auxquels Alain Foret (Plong\u00e9e Plaisir) a particip\u00e9, en tant qu&rsquo;auteur, cameraman sous-marin ou r\u00e9alisateur. Une reprise progressive de l&rsquo;activit\u00e9 Les EPI en plong\u00e9e Jamais sans mes palmes (France 2) R\u00e9sum\u00e9 : Un voyage dans un paradis aquatique, un mythe absolu : la Polyn\u00e9sie. PEF, com\u00e9dien passionn\u00e9 de plong\u00e9e, emm\u00e8ne l\u2019actrice H\u00e9l\u00e8ne de\u2026","coauthors":[],"author_meta":{"author_link":"https:\/\/www.plongee-plaisir.com\/fr\/author\/plongeeplaisir\/","display_name":"Alain Foret"},"relative_dates":{"created":"Publi\u00e9 7 ans il y a","modified":"Mis \u00e0 jour 5 ans il y a"},"absolute_dates":{"created":"Publi\u00e9 le 2 janvier 2019","modified":"Mise \u00e0 jour le 21 f\u00e9vrier 2021"},"absolute_dates_time":{"created":"Publi\u00e9 le 2 janvier 2019 11 h 35 min","modified":"Mise \u00e0 jour le 21 f\u00e9vrier 2021 12 h 23 min"},"featured_img_caption":"","featured_img":false,"series_order":"","amp_enabled":true,"_links":{"self":[{"href":"https:\/\/www.plongee-plaisir.com\/fr\/wp-json\/wp\/v2\/pages\/17662","targetHints":{"allow":["GET"]}}],"collection":[{"href":"https:\/\/www.plongee-plaisir.com\/fr\/wp-json\/wp\/v2\/pages"}],"about":[{"href":"https:\/\/www.plongee-plaisir.com\/fr\/wp-json\/wp\/v2\/types\/page"}],"author":[{"embeddable":true,"href":"https:\/\/www.plongee-plaisir.com\/fr\/wp-json\/wp\/v2\/users\/4"}],"replies":[{"embeddable":true,"href":"https:\/\/www.plongee-plaisir.com\/fr\/wp-json\/wp\/v2\/comments?post=17662"}],"version-history":[{"count":0,"href":"https:\/\/www.plongee-plaisir.com\/fr\/wp-json\/wp\/v2\/pages\/17662\/revisions"}],"wp:attachment":[{"href":"https:\/\/www.plongee-plaisir.com\/fr\/wp-json\/wp\/v2\/media?parent=17662"}],"curies":[{"name":"wp","href":"https:\/\/api.w.org\/{rel}","templated":true}]}}