{"id":17699,"date":"2019-01-02T18:52:03","date_gmt":"2019-01-02T17:52:03","guid":{"rendered":"https:\/\/www.plongee-plaisir.com\/fr\/?page_id=17699"},"modified":"2019-01-17T07:50:53","modified_gmt":"2019-01-17T06:50:53","slug":"20-ans-plongee-plaisir","status":"publish","type":"page","link":"https:\/\/www.plongee-plaisir.com\/fr\/20-ans-plongee-plaisir\/","title":{"rendered":"20 ans Plong\u00e9e Plaisir"},"content":{"rendered":"\n<figure class=\"wp-block-image\"><img decoding=\"async\" width=\"1024\" height=\"495\" src=\"https:\/\/www.plongee-plaisir.com\/fr\/wp-content\/uploads\/2019\/01\/Plongee-plaisiri-20-ans-1024x495.jpg\" alt=\"\" class=\"wp-image-17748\" srcset=\"https:\/\/www.plongee-plaisir.com\/fr\/wp-content\/uploads\/2019\/01\/Plongee-plaisiri-20-ans-1024x495.jpg 1024w, https:\/\/www.plongee-plaisir.com\/fr\/wp-content\/uploads\/2019\/01\/Plongee-plaisiri-20-ans-300x145.jpg 300w, https:\/\/www.plongee-plaisir.com\/fr\/wp-content\/uploads\/2019\/01\/Plongee-plaisiri-20-ans-600x290.jpg 600w, https:\/\/www.plongee-plaisir.com\/fr\/wp-content\/uploads\/2019\/01\/Plongee-plaisiri-20-ans-768x372.jpg 768w, https:\/\/www.plongee-plaisir.com\/fr\/wp-content\/uploads\/2019\/01\/Plongee-plaisiri-20-ans.jpg 1240w\" sizes=\"(max-width: 1024px) 100vw, 1024px\" \/><\/figure>\n\n\n\n<h2 class=\"wp-block-heading\">LE CONCOURS<\/h2>\n\n\n\n<amp-fit-text layout=\"fixed-height\" min-font-size=\"14\" max-font-size=\"48\" height=\"50\"><p class=\"wp-block-paragraph\">A l&rsquo;occasion de ses 20 ans Plong\u00e9e Plaisir (1999-2019) a organis\u00e9 deux concours, l&rsquo;un ouvert aux enseignant (stagiaires p\u00e9dagogiques, initiateurs, moniteurs), l&rsquo;autre aux plongeurs (d\u00e9butant au niveau 4).<\/p><\/amp-fit-text>\n\n\n\n<h2 class=\"wp-block-heading\">R\u00e9ponses aux questions du concours<\/h2>\n\n\n\n<div class=\"wp-block-button\"><a class=\"wp-block-button__link has-text-color has-very-dark-gray-color has-background has-luminous-vivid-amber-background-color\" href=\"https:\/\/www.plongee-plaisir.com\/fr\/download\/18840\/\"><strong>R\u00e9sultats et r\u00e9ponses aux questions du concours (pdf, 11 Mo) <\/strong><\/a><\/div>\n\n\n\n<h2 class=\"wp-block-heading\">Gagnants pour le concours \u00ab\u00a0Plongeurs\u00a0\u00bb<\/h2>\n\n\n\n<figure class=\"wp-block-image\"><img decoding=\"async\" width=\"918\" height=\"187\" src=\"https:\/\/www.plongee-plaisir.com\/fr\/wp-content\/uploads\/2019\/01\/lot-3a.png\" alt=\"\" class=\"wp-image-17722\" srcset=\"https:\/\/www.plongee-plaisir.com\/fr\/wp-content\/uploads\/2019\/01\/lot-3a.png 918w, https:\/\/www.plongee-plaisir.com\/fr\/wp-content\/uploads\/2019\/01\/lot-3a-300x61.png 300w, https:\/\/www.plongee-plaisir.com\/fr\/wp-content\/uploads\/2019\/01\/lot-3a-600x122.png 600w, https:\/\/www.plongee-plaisir.com\/fr\/wp-content\/uploads\/2019\/01\/lot-3a-768x156.png 768w\" sizes=\"(max-width: 918px) 100vw, 918px\" \/><\/figure>\n\n\n\n<ul class=\"wp-block-list\"><li>1 Plong\u00e9e Plaisir 1 &#8211; <strong>Willy Robillard<\/strong><\/li><li>1 Plong\u00e9e Plaisir 2 &#8211; <strong>CATALAN Sylvie<\/strong><\/li><li>1 Plong\u00e9e Plaisir 1&amp;2 &#8211; <strong>Romestant Severine<\/strong><\/li><li>1 Plong\u00e9e Plaisir 3 &#8211; <strong>Jullien Jean-Louis<\/strong><\/li><li>1 Plong\u00e9e Plaisir 4 \u2013 <strong>BOURRET Mickael<\/strong><\/li><li>1 Une histoire de la Plong\u00e9e et des sports subaquatiques &#8211; <strong>Jeremy Delille<\/strong><\/li><li>1 Biographie d&rsquo;Albert Falco : Sormiou, Berceau bleu de mes souvenirs &#8211; <strong>Vantornout Laurent<\/strong><\/li><\/ul>\n\n\n\n<figure class=\"wp-block-image\"><img decoding=\"async\" width=\"842\" height=\"229\" src=\"https:\/\/www.plongee-plaisir.com\/fr\/wp-content\/uploads\/2019\/01\/lot1b.png\" alt=\"\" class=\"wp-image-17723\" srcset=\"https:\/\/www.plongee-plaisir.com\/fr\/wp-content\/uploads\/2019\/01\/lot1b.png 842w, https:\/\/www.plongee-plaisir.com\/fr\/wp-content\/uploads\/2019\/01\/lot1b-300x82.png 300w, https:\/\/www.plongee-plaisir.com\/fr\/wp-content\/uploads\/2019\/01\/lot1b-600x163.png 600w, https:\/\/www.plongee-plaisir.com\/fr\/wp-content\/uploads\/2019\/01\/lot1b-768x209.png 768w\" sizes=\"(max-width: 842px) 100vw, 842px\" \/><\/figure>\n\n\n\n<h2 class=\"wp-block-heading\">Gagnants pour le concours \u00ab\u00a0Enseignants\u00a0\u00bb :<\/h2>\n\n\n\n<ul class=\"wp-block-list\"><li>1 Plong\u00e9e Plaisir Monitorats (Edition 2019) &#8211; <strong>DELMAS Patrick<\/strong><\/li><li>1 Plong\u00e9e Plaisir Initiateur (Edition 2019) &#8211; Marc Roux 1 Illustra-Pack 3 &#8211; <strong>PICARD Dominique<\/strong><\/li><li>1 Une histoire de la plong\u00e9e et des sports subaquatiques &#8211; <strong>CHEVALLIER Eric<\/strong><\/li><li>1 Biographie d&rsquo;Albert Falco : Sormiou, Berceau bleu de mes souvenirs \u2013 <strong>Dubard Patrick<\/strong><\/li><li><strong>Lot Sp\u00e9cial<\/strong><br>Ordinateur vision t\u00eate haute M\u0100O\u00cf de THALATOO. &#8211; <strong>BERNARD GOSSE<\/strong><\/li><\/ul>\n\n\n\n<figure class=\"wp-block-image\"><img decoding=\"async\" width=\"640\" height=\"562\" src=\"https:\/\/www.plongee-plaisir.com\/fr\/wp-content\/uploads\/2019\/01\/fond3.jpg\" alt=\"\" class=\"wp-image-17724\" srcset=\"https:\/\/www.plongee-plaisir.com\/fr\/wp-content\/uploads\/2019\/01\/fond3.jpg 640w, https:\/\/www.plongee-plaisir.com\/fr\/wp-content\/uploads\/2019\/01\/fond3-300x263.jpg 300w, https:\/\/www.plongee-plaisir.com\/fr\/wp-content\/uploads\/2019\/01\/fond3-600x527.jpg 600w\" sizes=\"(max-width: 640px) 100vw, 640px\" \/><\/figure>\n","protected":false},"excerpt":{"rendered":"<p>LE CONCOURS A l&rsquo;occasion de ses 20 ans Plong\u00e9e Plaisir (1999-2019) a organis\u00e9 deux concours, l&rsquo;un ouvert aux enseignant (stagiaires p\u00e9dagogiques, initiateurs, moniteurs), l&rsquo;autre aux plongeurs (d\u00e9butant au niveau 4). R\u00e9ponses aux questions du concours Gagnants pour le concours \u00ab\u00a0Plongeurs\u00a0\u00bb 1 Plong\u00e9e Plaisir 1 &#8211; Willy Robillard 1 Plong\u00e9e Plaisir 2 &#8211; CATALAN Sylvie 1 [&hellip;]<\/p>\n","protected":false},"author":4,"featured_media":0,"parent":0,"menu_order":0,"comment_status":"closed","ping_status":"closed","template":"","meta":{"_crdt_document":"","_uag_custom_page_level_css":"","advgb_blocks_editor_width":"","advgb_blocks_columns_visual_guide":"","_genesis_hide_title":false,"_genesis_hide_breadcrumbs":false,"_genesis_hide_singular_image":false,"_genesis_hide_footer_widgets":false,"_genesis_custom_body_class":"","_genesis_custom_post_class":"","_genesis_layout":"","_vp_format_video_url":"","_vp_image_focal_point":[],"footnotes":""},"class_list":{"0":"post-17699","1":"page","2":"type-page","3":"status-publish","5":"entry"},"yoast_head":"<!-- This site is optimized with the Yoast SEO plugin v27.4 - https:\/\/yoast.com\/product\/yoast-seo-wordpress\/ -->\n<title>20 ans Plong\u00e9e Plaisir - Plong\u00e9e Plaisir, site officiel<\/title>\n<meta name=\"robots\" content=\"index, follow, max-snippet:-1, max-image-preview:large, max-video-preview:-1\" \/>\n<link rel=\"canonical\" href=\"https:\/\/www.plongee-plaisir.com\/fr\/20-ans-plongee-plaisir\/\" \/>\n<meta property=\"og:locale\" content=\"fr_FR\" \/>\n<meta property=\"og:type\" content=\"article\" \/>\n<meta property=\"og:title\" content=\"20 ans Plong\u00e9e Plaisir - Plong\u00e9e Plaisir, site officiel\" \/>\n<meta property=\"og:description\" content=\"LE CONCOURS A l&rsquo;occasion de ses 20 ans Plong\u00e9e Plaisir (1999-2019) a organis\u00e9 deux concours, l&rsquo;un ouvert aux enseignant (stagiaires p\u00e9dagogiques, initiateurs, moniteurs), l&rsquo;autre aux plongeurs (d\u00e9butant au niveau 4). R\u00e9ponses aux questions du concours Gagnants pour le concours \u00ab\u00a0Plongeurs\u00a0\u00bb 1 Plong\u00e9e Plaisir 1 &#8211; Willy Robillard 1 Plong\u00e9e Plaisir 2 &#8211; CATALAN Sylvie 1 [&hellip;]\" \/>\n<meta property=\"og:url\" content=\"https:\/\/www.plongee-plaisir.com\/fr\/20-ans-plongee-plaisir\/\" \/>\n<meta property=\"og:site_name\" content=\"Plong\u00e9e Plaisir, site officiel\" \/>\n<meta property=\"article:modified_time\" content=\"2019-01-17T06:50:53+00:00\" \/>\n<meta property=\"og:image\" content=\"https:\/\/www.plongee-plaisir.com\/fr\/wp-content\/uploads\/2019\/01\/Plongee-plaisiri-20-ans-1024x495.jpg\" \/>\n<meta name=\"twitter:card\" content=\"summary_large_image\" \/>\n<meta name=\"twitter:label1\" content=\"Dur\u00e9e de lecture estim\u00e9e\" \/>\n\t<meta name=\"twitter:data1\" content=\"1 minute\" \/>\n<script type=\"application\/ld+json\" class=\"yoast-schema-graph\">{\"@context\":\"https:\\\/\\\/schema.org\",\"@graph\":[{\"@type\":\"WebPage\",\"@id\":\"https:\\\/\\\/www.plongee-plaisir.com\\\/fr\\\/20-ans-plongee-plaisir\\\/\",\"url\":\"https:\\\/\\\/www.plongee-plaisir.com\\\/fr\\\/20-ans-plongee-plaisir\\\/\",\"name\":\"20 ans Plong\u00e9e Plaisir - Plong\u00e9e Plaisir, site officiel\",\"isPartOf\":{\"@id\":\"https:\\\/\\\/www.plongee-plaisir.com\\\/fr\\\/#website\"},\"primaryImageOfPage\":{\"@id\":\"https:\\\/\\\/www.plongee-plaisir.com\\\/fr\\\/20-ans-plongee-plaisir\\\/#primaryimage\"},\"image\":{\"@id\":\"https:\\\/\\\/www.plongee-plaisir.com\\\/fr\\\/20-ans-plongee-plaisir\\\/#primaryimage\"},\"thumbnailUrl\":\"https:\\\/\\\/www.plongee-plaisir.com\\\/fr\\\/wp-content\\\/uploads\\\/2019\\\/01\\\/Plongee-plaisiri-20-ans-1024x495.jpg\",\"datePublished\":\"2019-01-02T17:52:03+00:00\",\"dateModified\":\"2019-01-17T06:50:53+00:00\",\"breadcrumb\":{\"@id\":\"https:\\\/\\\/www.plongee-plaisir.com\\\/fr\\\/20-ans-plongee-plaisir\\\/#breadcrumb\"},\"inLanguage\":\"fr-FR\",\"potentialAction\":[{\"@type\":\"ReadAction\",\"target\":[\"https:\\\/\\\/www.plongee-plaisir.com\\\/fr\\\/20-ans-plongee-plaisir\\\/\"]}]},{\"@type\":\"ImageObject\",\"inLanguage\":\"fr-FR\",\"@id\":\"https:\\\/\\\/www.plongee-plaisir.com\\\/fr\\\/20-ans-plongee-plaisir\\\/#primaryimage\",\"url\":\"https:\\\/\\\/www.plongee-plaisir.com\\\/fr\\\/wp-content\\\/uploads\\\/2019\\\/01\\\/Plongee-plaisiri-20-ans.jpg\",\"contentUrl\":\"https:\\\/\\\/www.plongee-plaisir.com\\\/fr\\\/wp-content\\\/uploads\\\/2019\\\/01\\\/Plongee-plaisiri-20-ans.jpg\",\"width\":1240,\"height\":600},{\"@type\":\"BreadcrumbList\",\"@id\":\"https:\\\/\\\/www.plongee-plaisir.com\\\/fr\\\/20-ans-plongee-plaisir\\\/#breadcrumb\",\"itemListElement\":[{\"@type\":\"ListItem\",\"position\":1,\"name\":\"Accueil\",\"item\":\"https:\\\/\\\/www.plongee-plaisir.com\\\/fr\\\/\"},{\"@type\":\"ListItem\",\"position\":2,\"name\":\"20 ans Plong\u00e9e Plaisir\"}]},{\"@type\":\"WebSite\",\"@id\":\"https:\\\/\\\/www.plongee-plaisir.com\\\/fr\\\/#website\",\"url\":\"https:\\\/\\\/www.plongee-plaisir.com\\\/fr\\\/\",\"name\":\"Plong\u00e9e Plaisir, site officiel\",\"description\":\"Apprendre \u00e0 plonger - Learning to dive\",\"potentialAction\":[{\"@type\":\"SearchAction\",\"target\":{\"@type\":\"EntryPoint\",\"urlTemplate\":\"https:\\\/\\\/www.plongee-plaisir.com\\\/fr\\\/?s={search_term_string}\"},\"query-input\":{\"@type\":\"PropertyValueSpecification\",\"valueRequired\":true,\"valueName\":\"search_term_string\"}}],\"inLanguage\":\"fr-FR\"}]}<\/script>\n<!-- \/ Yoast SEO plugin. -->","yoast_head_json":{"title":"20 ans Plong\u00e9e Plaisir - Plong\u00e9e Plaisir, site officiel","robots":{"index":"index","follow":"follow","max-snippet":"max-snippet:-1","max-image-preview":"max-image-preview:large","max-video-preview":"max-video-preview:-1"},"canonical":"https:\/\/www.plongee-plaisir.com\/fr\/20-ans-plongee-plaisir\/","og_locale":"fr_FR","og_type":"article","og_title":"20 ans Plong\u00e9e Plaisir - Plong\u00e9e Plaisir, site officiel","og_description":"LE CONCOURS A l&rsquo;occasion de ses 20 ans Plong\u00e9e Plaisir (1999-2019) a organis\u00e9 deux concours, l&rsquo;un ouvert aux enseignant (stagiaires p\u00e9dagogiques, initiateurs, moniteurs), l&rsquo;autre aux plongeurs (d\u00e9butant au niveau 4). R\u00e9ponses aux questions du concours Gagnants pour le concours \u00ab\u00a0Plongeurs\u00a0\u00bb 1 Plong\u00e9e Plaisir 1 &#8211; Willy Robillard 1 Plong\u00e9e Plaisir 2 &#8211; CATALAN Sylvie 1 [&hellip;]","og_url":"https:\/\/www.plongee-plaisir.com\/fr\/20-ans-plongee-plaisir\/","og_site_name":"Plong\u00e9e Plaisir, site officiel","article_modified_time":"2019-01-17T06:50:53+00:00","og_image":[{"url":"https:\/\/www.plongee-plaisir.com\/fr\/wp-content\/uploads\/2019\/01\/Plongee-plaisiri-20-ans-1024x495.jpg","type":"","width":"","height":""}],"twitter_card":"summary_large_image","twitter_misc":{"Dur\u00e9e de lecture estim\u00e9e":"1 minute"},"schema":{"@context":"https:\/\/schema.org","@graph":[{"@type":"WebPage","@id":"https:\/\/www.plongee-plaisir.com\/fr\/20-ans-plongee-plaisir\/","url":"https:\/\/www.plongee-plaisir.com\/fr\/20-ans-plongee-plaisir\/","name":"20 ans Plong\u00e9e Plaisir - Plong\u00e9e Plaisir, site officiel","isPartOf":{"@id":"https:\/\/www.plongee-plaisir.com\/fr\/#website"},"primaryImageOfPage":{"@id":"https:\/\/www.plongee-plaisir.com\/fr\/20-ans-plongee-plaisir\/#primaryimage"},"image":{"@id":"https:\/\/www.plongee-plaisir.com\/fr\/20-ans-plongee-plaisir\/#primaryimage"},"thumbnailUrl":"https:\/\/www.plongee-plaisir.com\/fr\/wp-content\/uploads\/2019\/01\/Plongee-plaisiri-20-ans-1024x495.jpg","datePublished":"2019-01-02T17:52:03+00:00","dateModified":"2019-01-17T06:50:53+00:00","breadcrumb":{"@id":"https:\/\/www.plongee-plaisir.com\/fr\/20-ans-plongee-plaisir\/#breadcrumb"},"inLanguage":"fr-FR","potentialAction":[{"@type":"ReadAction","target":["https:\/\/www.plongee-plaisir.com\/fr\/20-ans-plongee-plaisir\/"]}]},{"@type":"ImageObject","inLanguage":"fr-FR","@id":"https:\/\/www.plongee-plaisir.com\/fr\/20-ans-plongee-plaisir\/#primaryimage","url":"https:\/\/www.plongee-plaisir.com\/fr\/wp-content\/uploads\/2019\/01\/Plongee-plaisiri-20-ans.jpg","contentUrl":"https:\/\/www.plongee-plaisir.com\/fr\/wp-content\/uploads\/2019\/01\/Plongee-plaisiri-20-ans.jpg","width":1240,"height":600},{"@type":"BreadcrumbList","@id":"https:\/\/www.plongee-plaisir.com\/fr\/20-ans-plongee-plaisir\/#breadcrumb","itemListElement":[{"@type":"ListItem","position":1,"name":"Accueil","item":"https:\/\/www.plongee-plaisir.com\/fr\/"},{"@type":"ListItem","position":2,"name":"20 ans Plong\u00e9e Plaisir"}]},{"@type":"WebSite","@id":"https:\/\/www.plongee-plaisir.com\/fr\/#website","url":"https:\/\/www.plongee-plaisir.com\/fr\/","name":"Plong\u00e9e Plaisir, site officiel","description":"Apprendre \u00e0 plonger - Learning to dive","potentialAction":[{"@type":"SearchAction","target":{"@type":"EntryPoint","urlTemplate":"https:\/\/www.plongee-plaisir.com\/fr\/?s={search_term_string}"},"query-input":{"@type":"PropertyValueSpecification","valueRequired":true,"valueName":"search_term_string"}}],"inLanguage":"fr-FR"}]}},"featured_image_src":null,"featured_image_src_square":null,"uagb_featured_image_src":{"full":false,"thumbnail":false,"medium":false,"medium_large":false,"large":false,"1536x1536":false,"2048x2048":false,"featured-content":false,"author-pro-image":false,"tb-timeline-landscape":false,"tb-timeline-square":false,"ultp_layout_landscape_large":false,"ultp_layout_landscape":false,"ultp_layout_portrait":false,"ultp_layout_square":false,"vp_sm":false,"vp_md":false,"vp_lg":false,"vp_xl":false,"vp_sm_popup":false,"vp_md_popup":false,"vp_xl_popup":false,"gb-block-post-grid-landscape":false,"gb-block-post-grid-square":false,"woocommerce_thumbnail":false,"woocommerce_single":false,"woocommerce_gallery_thumbnail":false,"web-stories-poster-portrait":false,"web-stories-publisher-logo":false,"web-stories-thumbnail":false,"sow-carousel-default":false},"uagb_author_info":{"display_name":"Alain Foret","author_link":"https:\/\/www.plongee-plaisir.com\/fr\/author\/plongeeplaisir\/"},"uagb_comment_info":0,"uagb_excerpt":"LE CONCOURS A l&rsquo;occasion de ses 20 ans Plong\u00e9e Plaisir (1999-2019) a organis\u00e9 deux concours, l&rsquo;un ouvert aux enseignant (stagiaires p\u00e9dagogiques, initiateurs, moniteurs), l&rsquo;autre aux plongeurs (d\u00e9butant au niveau 4). R\u00e9ponses aux questions du concours Gagnants pour le concours \u00ab\u00a0Plongeurs\u00a0\u00bb 1 Plong\u00e9e Plaisir 1 &#8211; Willy Robillard 1 Plong\u00e9e Plaisir 2 &#8211; CATALAN Sylvie 1\u2026","coauthors":[],"author_meta":{"author_link":"https:\/\/www.plongee-plaisir.com\/fr\/author\/plongeeplaisir\/","display_name":"Alain Foret"},"relative_dates":{"created":"Publi\u00e9 7 ans il y a","modified":"Mis \u00e0 jour 7 ans il y a"},"absolute_dates":{"created":"Publi\u00e9 le 2 janvier 2019","modified":"Mise \u00e0 jour le 17 janvier 2019"},"absolute_dates_time":{"created":"Publi\u00e9 le 2 janvier 2019 18 h 52 min","modified":"Mise \u00e0 jour le 17 janvier 2019 7 h 50 min"},"featured_img_caption":"","featured_img":false,"series_order":"","amp_enabled":true,"_links":{"self":[{"href":"https:\/\/www.plongee-plaisir.com\/fr\/wp-json\/wp\/v2\/pages\/17699","targetHints":{"allow":["GET"]}}],"collection":[{"href":"https:\/\/www.plongee-plaisir.com\/fr\/wp-json\/wp\/v2\/pages"}],"about":[{"href":"https:\/\/www.plongee-plaisir.com\/fr\/wp-json\/wp\/v2\/types\/page"}],"author":[{"embeddable":true,"href":"https:\/\/www.plongee-plaisir.com\/fr\/wp-json\/wp\/v2\/users\/4"}],"replies":[{"embeddable":true,"href":"https:\/\/www.plongee-plaisir.com\/fr\/wp-json\/wp\/v2\/comments?post=17699"}],"version-history":[{"count":0,"href":"https:\/\/www.plongee-plaisir.com\/fr\/wp-json\/wp\/v2\/pages\/17699\/revisions"}],"wp:attachment":[{"href":"https:\/\/www.plongee-plaisir.com\/fr\/wp-json\/wp\/v2\/media?parent=17699"}],"curies":[{"name":"wp","href":"https:\/\/api.w.org\/{rel}","templated":true}]}}