{"id":1772,"date":"2022-03-08T09:00:00","date_gmt":"2022-03-08T08:00:00","guid":{"rendered":"https:\/\/www.plongee-plaisir.com\/fr\/?p=1772"},"modified":"2023-01-17T08:23:03","modified_gmt":"2023-01-17T07:23:03","slug":"certificat-medical","status":"publish","type":"page","link":"https:\/\/www.plongee-plaisir.com\/fr\/certificat-medical\/","title":{"rendered":"Le certificat m\u00e9dical en plong\u00e9e de loisir"},"content":{"rendered":"\n<p class=\"has-luminous-vivid-orange-color has-text-color wp-block-paragraph\"><a href=\"https:\/\/www.plongee-plaisir.com\/fr\/fiches-infos\/\">FICHES INFO<\/a> &gt; VOUS PERFECTIONNER<\/p>\n\n\n\n<div class=\"wp-block-kadence-spacer aligncenter kt-block-spacer-_c2638d-86\"><div class=\"kt-block-spacer kt-block-spacer-halign-center\"><hr class=\"kt-divider\"\/><\/div><\/div>\n\n\n\n<figure class=\"wp-block-image size-large is-resized is-style-default advgb-dyn-4160db61\"><img decoding=\"async\" src=\"https:\/\/www.plongee-plaisir.com\/fr\/wp-content\/uploads\/2021\/05\/55367181_ml-edited-3-1024x640.jpg\" alt=\"\" class=\"wp-image-52105\" width=\"1024\" height=\"476\"\/><figcaption class=\"wp-element-caption\">\u00a9 Stocklib \/ George Rudy<\/figcaption><\/figure>\n\n\n\n<p class=\"has-small-font-size wp-block-paragraph\">Mise \u00e0 jour : 08\/02\/2022, suite \u00e0 la <a href=\"https:\/\/www.plongee-plaisir.com\/fr\/loi-sur-le-sport-2022\/\">publication de la nouvelle loi sur le sport<\/a><\/p>\n\n\n\n<h1 class=\"wp-block-heading advgb-dyn-cee15cc8\" id=\"le-certificat-medical-en-plongee-de-loisir\">Le certificat m\u00e9dical en plong\u00e9e de loisir<\/h1>\n\n\n\n<h2 class=\"wp-block-heading advgb-dyn-5b4da562\" id=\"justification-du-certificat-medical\">Justification du certificat m\u00e9dical<\/h2>\n\n\n\n<p class=\"wp-block-paragraph\">Bien que la plong\u00e9e de loisir ne n\u00e9cessite pas d\u2019\u00eatre un athl\u00e8te et qu\u2019elle soit accessible \u00e0 tous les \u00e2ges, un bon \u00e9tat g\u00e9n\u00e9ral est un pr\u00e9alable essentiel \u00e0 la pratique, en particulier sur le plan cardiaque.<\/p>\n\n\n\n<blockquote class=\"wp-block-quote is-layout-flow wp-block-quote-is-layout-flow advgb-dyn-e517fdb6\">\n<p class=\"wp-block-paragraph\">Avoir un aper\u00e7u du ph\u00e9nom\u00e8ne d&rsquo;adaptation cardiaque \u00e0 chaque plong\u00e9e, du simple fait de l&rsquo;immersion (redistribution d&rsquo;environ 0,7 l de sang au coeur), en comprenant le ph\u00e9nom\u00e8ne de diur\u00e8se d&rsquo;immersion et de la d\u00e9shydratation qui en r\u00e9sulte \u00e0 chaque plong\u00e9e : <a href=\"https:\/\/www.plongee-plaisir.com\/fr\/deshydratation-et-plongee\/\">cliquez ici<\/a>.<\/p>\n<\/blockquote>\n\n\n\n<p class=\"wp-block-paragraph\">L\u2019\u00e9tude de R. CALI-CORLEO (<a aria-label=\"6e conf\u00e9rence de consensus de l\u2019ECHM (ouverture dans un nouvel onglet)\" rel=\"noreferrer noopener\" href=\"http:\/\/www.echm.org\/documents\/ECHM%206th%20Consensus%20Conference%20Geneve%202003.pdf\" target=\"_blank\">6e conf\u00e9rence de consensus de l\u2019ECHM<\/a>, Gen\u00e8ve 2003, <em>Impact of pre-dive medical examination on the incidence of diving accidents<\/em>) a montr\u00e9 que le risque d\u2019accident de d\u00e9saturation \u00e9tait de 1 sur 6 400 sans restriction m\u00e9dicale contre 1 sur 16 420 apr\u00e8s \u00e9valuation m\u00e9dicale. Soit un risque divis\u00e9 par 2,5.<\/p>\n\n\n\n<p class=\"wp-block-paragraph\">De ce fait,\u00a0les organismes d&rsquo;enseignement de la plong\u00e9e conseillent, voire m\u00eame rendent obligatoire, la pr\u00e9sentation d&rsquo;un certificat m\u00e9dical d&rsquo;absence de contre-indication \u00e0 la pratique de l&rsquo;activit\u00e9.<\/p>\n\n\n\n<h2 class=\"wp-block-heading advgb-dyn-90cf10e4\"><strong>F\u00e9d\u00e9rations sportives (FFESSM, FSGT)<\/strong><\/h2>\n\n\n\n<p class=\"wp-block-paragraph\">Le code du Sport<sup>1<\/sup> fixe les modalit\u00e9s \u00e0 respecter par les f\u00e9d\u00e9rations sportives en mati\u00e8re de certificat m\u00e9dical d\u2019absence de contre-indication (CACI).<\/p>\n\n\n\n<p class=\"wp-block-paragraph\">Il indique, dans le cadre g\u00e9n\u00e9ral : \u00ab I.-Pour les personnes majeures, la d\u00e9livrance ou le renouvellement d\u2019une licence<br>par une f\u00e9d\u00e9ration sportive peut \u00eatre subordonn\u00e9 \u00e0 la pr\u00e9sentation d\u2019un certificat m\u00e9dical \u00bb.<br><\/p>\n\n\n\n<p class=\"wp-block-paragraph\">Il est ajout\u00e9, pour les disciplines \u00e0 contraintes particuli\u00e8res, dont la plong\u00e9e fait partie en \u00e9tant class\u00e9e en \u00ab environnement sp\u00e9cifique \u00bb<sup>2<\/sup> : \u00ab [\u2026] la d\u00e9livrance ou le renouvellement de la licence ainsi que la participation \u00e0 des comp\u00e9titions sont soumis \u00e0 la production d\u2019un certificat m\u00e9dical datant de moins d\u2019un an \u00bb<sup>3<\/sup>. \u00ab Pour la pratique de la plong\u00e9e subaquatique, une attention particuli\u00e8re est port\u00e9e sur l\u2019examen ORL (tympans, \u00e9quilibration\/perm\u00e9abilit\u00e9 tubaire, \u00e9valuation vestibulaire, acuit\u00e9 auditive) et l\u2019examen dentaire \u00bb<sup>4<\/sup>.<\/p>\n\n\n\n<p class=\"wp-block-paragraph\">De plus, les commissions m\u00e9dicales des f\u00e9d\u00e9rations fixent les conditions m\u00e9dicales. La FFESSM indique : \u00ab Pour la plong\u00e9e subaquatique (plong\u00e9e en scaphandre autonome en tout lieu et plong\u00e9e libre en milieu naturel ou fosse au-del\u00e0 de 6 m\u00e8tres de profondeur) le renouvellement de licence et la pratique de l\u2019activit\u00e9 sont subordonn\u00e9s \u00e0 la pr\u00e9sentation d\u2019un CACI de moins d\u2019un an. \u00bb<sup>5<\/sup><\/p>\n\n\n\n<p class=\"wp-block-paragraph\">En r\u00e9sum\u00e9, pour pratiquer la plong\u00e9e au sein d\u2019une f\u00e9d\u00e9ration, un certificat m\u00e9dical d\u2019absence de contre-indication (CACI) de moins d\u2019un an est obligatoire<sup>6<\/sup> :<\/p>\n\n\n\n<ul class=\"wp-block-list\">\n<li>\u0097 pour la d\u00e9livrance d\u2019une premi\u00e8re licence ;<\/li>\n\n\n\n<li>pour son renouvellement ;<\/li>\n\n\n\n<li> pour la pratique (voir tableau ci-apr\u00e8s).<\/li>\n<\/ul>\n\n\n\n<p class=\"has-small-font-size wp-block-paragraph\">Sources :<br><sup>1<\/sup>\u00a0Art. L231-2 du code du Sport (modification des 2 et 4 mars 2022).<br><sup>2<\/sup>\u00a0Art. D231-1-5 du code du Sport.<br><sup>3<\/sup>\u00a0Art. L231-2-3 du code du Sport. <br><sup>4<\/sup>\u00a0Arr\u00eat\u00e9 du 24 juillet 2017, NOR : SPOV1722815A.<br><sup>5<\/sup>\u00a0Art. 9.2, r\u00e8glement f\u00e9d\u00e9ral m\u00e9dical de la Commission M\u00e9dicale et de Pr\u00e9vention Nationale (CMPN) de la FFESSM (https:\/\/ medical.ffessm.fr\/reglement-medicalfederal).<br><sup>6<\/sup>\u00a0Par d\u00e9rogation, les f\u00e9d\u00e9rations peuvent pr\u00e9voir une licence \u00ab dirigeants \u00bb (non plongeurs) pouvant \u00eatre d\u00e9livr\u00e9e sans certificat m\u00e9dical.<\/p>\n\n\n<a href=\"https:\/\/www.plongee-plaisir.com\/fr\/wp-content\/uploads\/2022\/03\/plongee_plaisir_certificat_medical_2022_V8-1.pdf\" class=\"pdfemb-viewer\" style=\"\" data-width=\"max\" data-height=\"max\" data-mobile-width=\"500\"  data-scrollbar=\"none\" data-download=\"on\" data-tracking=\"on\" data-newwindow=\"on\" data-pagetextbox=\"off\" data-scrolltotop=\"off\" data-startzoom=\"100\" data-startfpzoom=\"100\" data-toolbar=\"bottom\" data-toolbar-fixed=\"off\">plongee_plaisir_certificat_medical_2022_V8-1<br\/><\/a>\n<p class=\"wp-block-pdfemb-pdf-embedder-viewer\"><\/p>\n\n\n\n<h3 class=\"wp-block-heading advgb-dyn-619e2e2d\" id=\"ffessm\">FFESSM<\/h3>\n\n\n\n<h4 class=\"wp-block-heading advgb-dyn-b1f44e4f\" id=\"modele-de-certificat-medical-ffessm\">Mod\u00e8le de certificat m\u00e9dical FFESSM<\/h4>\n\n\n\n<ul class=\"wp-block-list\">\n<li><a href=\"https:\/\/medical.ffessm.fr\/documents-pour-la-visite-medicale\" target=\"_blank\" rel=\"noreferrer noopener\">T\u00e9l\u00e9charger le mod\u00e8le de certificat m\u00e9dical de la FFESSM<\/a><\/li>\n<\/ul>\n\n\n\n<h4 class=\"wp-block-heading advgb-dyn-dfdaee46\" id=\"recommandations-de-la-commission-medicale-et-de-prevention-cmpn-de-la-ffessm-a-ne-transmettre-a-personne-ces-documents-ne-constituent-pas-un-certificat-medical-ils-sont-confidentiels-et-doivent-rester-dans-la-relations-medecin-patient\">Recommandations de la commission m\u00e9dicale et de pr\u00e9vention (CMPN) de la FFESSM. A ne transmettre \u00e0 personne, ces documents ne constituent pas un certificat m\u00e9dical, ils sont confidentiels et doivent rester dans la relations m\u00e9decin-patient.<\/h4>\n\n\n\n<ul class=\"wp-block-list\">\n<li><a aria-label=\"R\u00e8glement m\u00e9dical de la CMPN-FFESSM (ouverture dans un nouvel onglet)\" href=\"https:\/\/ffessm.fr\/uploads\/media\/docs\/0001\/01\/c137ba5833059c088cfc9d5e7cf9034594a3d32e.pdf\" target=\"_blank\" rel=\"noreferrer noopener\">R\u00e8glement m\u00e9dical de la CMPN-FFESSM<\/a> (liste des contre-indications, questionnaire m\u00e9dical, &#8230;)<\/li>\n\n\n\n<li><a href=\"https:\/\/medical.ffessm.fr\/documents-pour-la-visite-medicale\" target=\"_blank\" rel=\"noreferrer noopener\">CMPN-FFESSM Documents pour la visite m\u00e9dicale<\/a><\/li>\n\n\n\n<li><a href=\"http:\/\/medical.ffessm.fr\/wp-content\/uploads\/CMPN.Contre_Ind-1-3_1_.pdf\" target=\"_blank\" rel=\"noreferrer noopener\">Pl<\/a><a href=\"https:\/\/medical.ffessm.fr\/uploads\/media\/default\/0001\/06\/5d9e0890fe6c0cab7072e03d9fa7ec30e0374c84.pdf\" target=\"_blank\" rel=\"noreferrer noopener\">ong\u00e9e en scaphandre : liste des contre-indications<\/a><\/li>\n<\/ul>\n\n\n\n<h3 class=\"wp-block-heading advgb-dyn-d2e80f14\"><strong>Autres organisations<\/strong> (ANMP, SNMP)<\/h3>\n\n\n\n<p class=\"wp-block-paragraph\">En dehors des f\u00e9d\u00e9rations sportives, le certificat m\u00e9dical n\u2019est pas obligatoire mais toutes les organisations fran\u00e7aises (ANMP, SNMP) le conseillent.<\/p>\n\n\n\n<div style=\"height:30px\" aria-hidden=\"true\" class=\"wp-block-spacer\"><\/div>\n\n\n\n<p class=\"wp-block-paragraph\">Voir \u00e9galement : <a href=\"https:\/\/www.plongee-plaisir.com\/fr\/visite-medicale-moniteur-salarie\/\">La visite m\u00e9dicale pour les moniteurs salari\u00e9s<\/a>.<\/p>\n\n\n\n<h3 class=\"wp-block-heading advgb-dyn-341b90bd\" id=\"obligation-d-information-du-pratiquant\">Obligation d&rsquo;information du pratiquant<\/h3>\n\n\n\n<p class=\"wp-block-paragraph\"><a aria-label=\"L'article A322-3 (ouverture dans un nouvel onglet)\" href=\"https:\/\/www.legifrance.gouv.fr\/affichCodeArticle.do?idArticle=LEGIARTI000032674572&amp;cidTexte=LEGITEXT000006071318&amp;dateTexte=20160610\" target=\"_blank\" rel=\"noreferrer noopener\">L&rsquo;article A322-3<\/a> du Code du sport rend obligatoire l&rsquo;information du pratiquant : \u00ab\u00a0Le pratiquant est inform\u00e9, par tout moyen, des capacit\u00e9s requises pour la pratique d&rsquo;une activit\u00e9 physique ou sportive organis\u00e9e par l&rsquo;\u00e9tablissement.\u00a0\u00bb<\/p>\n\n\n\n<div style=\"height:21px\" aria-hidden=\"true\" class=\"wp-block-spacer\"><\/div>\n\n\n\n<p class=\"wp-block-paragraph\">\u00a9 Extrait des&nbsp;<a href=\"https:\/\/www.plongee-plaisir.com\/fr\/livres-plongee\/\">livres Plong\u00e9e Plaisir<\/a>&nbsp;par Alain Foret aux Editions GAP.<br>Toute reproduction interdite sur quelque support que ce soit sans accord \u00e9crit de l\u2019\u00e9diteur et de l\u2019auteur.<\/p>\n\n\n\n<figure class=\"wp-block-image alignleft size-large is-resized is-style-default\"><img decoding=\"async\" src=\"https:\/\/www.plongee-plaisir.com\/fr\/wp-content\/uploads\/2021\/02\/carre.jpg\" alt=\"\" class=\"wp-image-48240\" width=\"30\" srcset=\"https:\/\/www.plongee-plaisir.com\/fr\/wp-content\/uploads\/2021\/02\/carre.jpg 102w, https:\/\/www.plongee-plaisir.com\/fr\/wp-content\/uploads\/2021\/02\/carre-100x100.jpg 100w\" sizes=\"(max-width: 102px) 100vw, 102px\" \/><\/figure>\n<style class=\"advgb-styles-renderer\">.wp-block-kadence-spacer.kt-block-spacer-_c2638d-86 .kt-block-spacer{height:6px;}.wp-block-kadence-spacer.kt-block-spacer-_c2638d-86 .kt-divider{border-top-width:10px;border-top-color:#ff6900;width:100%;border-top-style:solid;}<\/style>","protected":false},"excerpt":{"rendered":"<p>Certificat m\u00e9dical en plong\u00e9e, niveau 1, niveau 2, niveau 3, niveau 4, monitorats et aptitudes associ\u00e9es<\/p>\n","protected":false},"author":4,"featured_media":35316,"parent":0,"menu_order":0,"comment_status":"closed","ping_status":"closed","template":"","meta":{"_crdt_document":"","_uag_custom_page_level_css":"","advgb_blocks_editor_width":"","advgb_blocks_columns_visual_guide":"","_genesis_hide_title":true,"_genesis_hide_breadcrumbs":false,"_genesis_hide_singular_image":false,"_genesis_hide_footer_widgets":false,"_genesis_custom_body_class":"","_genesis_custom_post_class":"","_genesis_layout":"content-sidebar","_vp_format_video_url":"","_vp_image_focal_point":[],"footnotes":""},"class_list":{"0":"post-1772","1":"page","2":"type-page","3":"status-publish","4":"has-post-thumbnail","6":"entry"},"yoast_head":"<!-- This site is optimized with the Yoast SEO plugin v27.3 - https:\/\/yoast.com\/product\/yoast-seo-wordpress\/ -->\n<title>Le certificat m\u00e9dical en plong\u00e9e de loisir - Plong\u00e9e Plaisir, site officiel<\/title>\n<meta name=\"description\" content=\"Le certificat m\u00e9dical d&#039;absence de contre-indication (CACI) en plong\u00e9e de loisir (FFESSM, FSGT, ANMP, SNMP).\" \/>\n<meta name=\"robots\" content=\"index, follow, max-snippet:-1, max-image-preview:large, max-video-preview:-1\" \/>\n<link rel=\"canonical\" href=\"https:\/\/www.plongee-plaisir.com\/fr\/certificat-medical\/\" \/>\n<meta property=\"og:locale\" content=\"fr_FR\" \/>\n<meta property=\"og:type\" content=\"article\" \/>\n<meta property=\"og:title\" content=\"Le certificat m\u00e9dical en plong\u00e9e de loisir - Plong\u00e9e Plaisir, site officiel\" \/>\n<meta property=\"og:description\" content=\"Le certificat m\u00e9dical d&#039;absence de contre-indication (CACI) en plong\u00e9e de loisir (FFESSM, FSGT, ANMP, SNMP).\" \/>\n<meta property=\"og:url\" content=\"https:\/\/www.plongee-plaisir.com\/fr\/certificat-medical\/\" \/>\n<meta property=\"og:site_name\" content=\"Plong\u00e9e Plaisir, site officiel\" \/>\n<meta property=\"article:modified_time\" content=\"2023-01-17T07:23:03+00:00\" \/>\n<meta property=\"og:image\" content=\"https:\/\/www.plongee-plaisir.com\/fr\/wp-content\/uploads\/2020\/05\/Fiches-infos-visite-medicale.png\" \/>\n\t<meta property=\"og:image:width\" content=\"300\" \/>\n\t<meta property=\"og:image:height\" content=\"196\" \/>\n\t<meta property=\"og:image:type\" content=\"image\/png\" \/>\n<meta name=\"twitter:card\" content=\"summary_large_image\" \/>\n<meta name=\"twitter:label1\" content=\"Dur\u00e9e de lecture estim\u00e9e\" \/>\n\t<meta name=\"twitter:data1\" content=\"4 minutes\" \/>\n<script type=\"application\/ld+json\" class=\"yoast-schema-graph\">{\"@context\":\"https:\\\/\\\/schema.org\",\"@graph\":[{\"@type\":\"WebPage\",\"@id\":\"https:\\\/\\\/www.plongee-plaisir.com\\\/fr\\\/certificat-medical\\\/\",\"url\":\"https:\\\/\\\/www.plongee-plaisir.com\\\/fr\\\/certificat-medical\\\/\",\"name\":\"Le certificat m\u00e9dical en plong\u00e9e de loisir - Plong\u00e9e Plaisir, site officiel\",\"isPartOf\":{\"@id\":\"https:\\\/\\\/www.plongee-plaisir.com\\\/fr\\\/#website\"},\"primaryImageOfPage\":{\"@id\":\"https:\\\/\\\/www.plongee-plaisir.com\\\/fr\\\/certificat-medical\\\/#primaryimage\"},\"image\":{\"@id\":\"https:\\\/\\\/www.plongee-plaisir.com\\\/fr\\\/certificat-medical\\\/#primaryimage\"},\"thumbnailUrl\":\"https:\\\/\\\/www.plongee-plaisir.com\\\/fr\\\/wp-content\\\/uploads\\\/2020\\\/05\\\/Fiches-infos-visite-medicale.png\",\"datePublished\":\"2022-03-08T08:00:00+00:00\",\"dateModified\":\"2023-01-17T07:23:03+00:00\",\"description\":\"Le certificat m\u00e9dical d'absence de contre-indication (CACI) en plong\u00e9e de loisir (FFESSM, FSGT, ANMP, SNMP).\",\"breadcrumb\":{\"@id\":\"https:\\\/\\\/www.plongee-plaisir.com\\\/fr\\\/certificat-medical\\\/#breadcrumb\"},\"inLanguage\":\"fr-FR\",\"potentialAction\":[{\"@type\":\"ReadAction\",\"target\":[\"https:\\\/\\\/www.plongee-plaisir.com\\\/fr\\\/certificat-medical\\\/\"]}]},{\"@type\":\"ImageObject\",\"inLanguage\":\"fr-FR\",\"@id\":\"https:\\\/\\\/www.plongee-plaisir.com\\\/fr\\\/certificat-medical\\\/#primaryimage\",\"url\":\"https:\\\/\\\/www.plongee-plaisir.com\\\/fr\\\/wp-content\\\/uploads\\\/2020\\\/05\\\/Fiches-infos-visite-medicale.png\",\"contentUrl\":\"https:\\\/\\\/www.plongee-plaisir.com\\\/fr\\\/wp-content\\\/uploads\\\/2020\\\/05\\\/Fiches-infos-visite-medicale.png\",\"width\":300,\"height\":196},{\"@type\":\"BreadcrumbList\",\"@id\":\"https:\\\/\\\/www.plongee-plaisir.com\\\/fr\\\/certificat-medical\\\/#breadcrumb\",\"itemListElement\":[{\"@type\":\"ListItem\",\"position\":1,\"name\":\"Accueil\",\"item\":\"https:\\\/\\\/www.plongee-plaisir.com\\\/fr\\\/\"},{\"@type\":\"ListItem\",\"position\":2,\"name\":\"Le certificat m\u00e9dical en plong\u00e9e de loisir\"}]},{\"@type\":\"WebSite\",\"@id\":\"https:\\\/\\\/www.plongee-plaisir.com\\\/fr\\\/#website\",\"url\":\"https:\\\/\\\/www.plongee-plaisir.com\\\/fr\\\/\",\"name\":\"Plong\u00e9e Plaisir, site officiel\",\"description\":\"Apprendre \u00e0 plonger - Learning to dive\",\"potentialAction\":[{\"@type\":\"SearchAction\",\"target\":{\"@type\":\"EntryPoint\",\"urlTemplate\":\"https:\\\/\\\/www.plongee-plaisir.com\\\/fr\\\/?s={search_term_string}\"},\"query-input\":{\"@type\":\"PropertyValueSpecification\",\"valueRequired\":true,\"valueName\":\"search_term_string\"}}],\"inLanguage\":\"fr-FR\"}]}<\/script>\n<!-- \/ Yoast SEO plugin. -->","yoast_head_json":{"title":"Le certificat m\u00e9dical en plong\u00e9e de loisir - Plong\u00e9e Plaisir, site officiel","description":"Le certificat m\u00e9dical d'absence de contre-indication (CACI) en plong\u00e9e de loisir (FFESSM, FSGT, ANMP, SNMP).","robots":{"index":"index","follow":"follow","max-snippet":"max-snippet:-1","max-image-preview":"max-image-preview:large","max-video-preview":"max-video-preview:-1"},"canonical":"https:\/\/www.plongee-plaisir.com\/fr\/certificat-medical\/","og_locale":"fr_FR","og_type":"article","og_title":"Le certificat m\u00e9dical en plong\u00e9e de loisir - Plong\u00e9e Plaisir, site officiel","og_description":"Le certificat m\u00e9dical d'absence de contre-indication (CACI) en plong\u00e9e de loisir (FFESSM, FSGT, ANMP, SNMP).","og_url":"https:\/\/www.plongee-plaisir.com\/fr\/certificat-medical\/","og_site_name":"Plong\u00e9e Plaisir, site officiel","article_modified_time":"2023-01-17T07:23:03+00:00","og_image":[{"width":300,"height":196,"url":"https:\/\/www.plongee-plaisir.com\/fr\/wp-content\/uploads\/2020\/05\/Fiches-infos-visite-medicale.png","type":"image\/png"}],"twitter_card":"summary_large_image","twitter_misc":{"Dur\u00e9e de lecture estim\u00e9e":"4 minutes"},"schema":{"@context":"https:\/\/schema.org","@graph":[{"@type":"WebPage","@id":"https:\/\/www.plongee-plaisir.com\/fr\/certificat-medical\/","url":"https:\/\/www.plongee-plaisir.com\/fr\/certificat-medical\/","name":"Le certificat m\u00e9dical en plong\u00e9e de loisir - Plong\u00e9e Plaisir, site officiel","isPartOf":{"@id":"https:\/\/www.plongee-plaisir.com\/fr\/#website"},"primaryImageOfPage":{"@id":"https:\/\/www.plongee-plaisir.com\/fr\/certificat-medical\/#primaryimage"},"image":{"@id":"https:\/\/www.plongee-plaisir.com\/fr\/certificat-medical\/#primaryimage"},"thumbnailUrl":"https:\/\/www.plongee-plaisir.com\/fr\/wp-content\/uploads\/2020\/05\/Fiches-infos-visite-medicale.png","datePublished":"2022-03-08T08:00:00+00:00","dateModified":"2023-01-17T07:23:03+00:00","description":"Le certificat m\u00e9dical d'absence de contre-indication (CACI) en plong\u00e9e de loisir (FFESSM, FSGT, ANMP, SNMP).","breadcrumb":{"@id":"https:\/\/www.plongee-plaisir.com\/fr\/certificat-medical\/#breadcrumb"},"inLanguage":"fr-FR","potentialAction":[{"@type":"ReadAction","target":["https:\/\/www.plongee-plaisir.com\/fr\/certificat-medical\/"]}]},{"@type":"ImageObject","inLanguage":"fr-FR","@id":"https:\/\/www.plongee-plaisir.com\/fr\/certificat-medical\/#primaryimage","url":"https:\/\/www.plongee-plaisir.com\/fr\/wp-content\/uploads\/2020\/05\/Fiches-infos-visite-medicale.png","contentUrl":"https:\/\/www.plongee-plaisir.com\/fr\/wp-content\/uploads\/2020\/05\/Fiches-infos-visite-medicale.png","width":300,"height":196},{"@type":"BreadcrumbList","@id":"https:\/\/www.plongee-plaisir.com\/fr\/certificat-medical\/#breadcrumb","itemListElement":[{"@type":"ListItem","position":1,"name":"Accueil","item":"https:\/\/www.plongee-plaisir.com\/fr\/"},{"@type":"ListItem","position":2,"name":"Le certificat m\u00e9dical en plong\u00e9e de loisir"}]},{"@type":"WebSite","@id":"https:\/\/www.plongee-plaisir.com\/fr\/#website","url":"https:\/\/www.plongee-plaisir.com\/fr\/","name":"Plong\u00e9e Plaisir, site officiel","description":"Apprendre \u00e0 plonger - Learning to dive","potentialAction":[{"@type":"SearchAction","target":{"@type":"EntryPoint","urlTemplate":"https:\/\/www.plongee-plaisir.com\/fr\/?s={search_term_string}"},"query-input":{"@type":"PropertyValueSpecification","valueRequired":true,"valueName":"search_term_string"}}],"inLanguage":"fr-FR"}]}},"featured_image_src":"https:\/\/www.plongee-plaisir.com\/fr\/wp-content\/uploads\/2020\/05\/Fiches-infos-visite-medicale.png","featured_image_src_square":"https:\/\/www.plongee-plaisir.com\/fr\/wp-content\/uploads\/2020\/05\/Fiches-infos-visite-medicale.png","uagb_featured_image_src":{"full":["https:\/\/www.plongee-plaisir.com\/fr\/wp-content\/uploads\/2020\/05\/Fiches-infos-visite-medicale.png",300,196,false],"thumbnail":["https:\/\/www.plongee-plaisir.com\/fr\/wp-content\/uploads\/2020\/05\/Fiches-infos-visite-medicale-150x150.png",150,150,true],"medium":["https:\/\/www.plongee-plaisir.com\/fr\/wp-content\/uploads\/2020\/05\/Fiches-infos-visite-medicale.png",300,196,false],"medium_large":["https:\/\/www.plongee-plaisir.com\/fr\/wp-content\/uploads\/2020\/05\/Fiches-infos-visite-medicale.png",300,196,false],"large":["https:\/\/www.plongee-plaisir.com\/fr\/wp-content\/uploads\/2020\/05\/Fiches-infos-visite-medicale.png",300,196,false],"1536x1536":["https:\/\/www.plongee-plaisir.com\/fr\/wp-content\/uploads\/2020\/05\/Fiches-infos-visite-medicale.png",300,196,false],"2048x2048":["https:\/\/www.plongee-plaisir.com\/fr\/wp-content\/uploads\/2020\/05\/Fiches-infos-visite-medicale.png",300,196,false],"featured-content":["https:\/\/www.plongee-plaisir.com\/fr\/wp-content\/uploads\/2020\/05\/Fiches-infos-visite-medicale.png",300,196,false],"author-pro-image":["https:\/\/www.plongee-plaisir.com\/fr\/wp-content\/uploads\/2020\/05\/Fiches-infos-visite-medicale.png",300,196,false],"tb-timeline-landscape":["https:\/\/www.plongee-plaisir.com\/fr\/wp-content\/uploads\/2020\/05\/Fiches-infos-visite-medicale.png",300,196,false],"tb-timeline-square":["https:\/\/www.plongee-plaisir.com\/fr\/wp-content\/uploads\/2020\/05\/Fiches-infos-visite-medicale.png",300,196,false],"ultp_layout_landscape_large":["https:\/\/www.plongee-plaisir.com\/fr\/wp-content\/uploads\/2020\/05\/Fiches-infos-visite-medicale.png",300,196,false],"ultp_layout_landscape":["https:\/\/www.plongee-plaisir.com\/fr\/wp-content\/uploads\/2020\/05\/Fiches-infos-visite-medicale.png",300,196,false],"ultp_layout_portrait":["https:\/\/www.plongee-plaisir.com\/fr\/wp-content\/uploads\/2020\/05\/Fiches-infos-visite-medicale.png",300,196,false],"ultp_layout_square":["https:\/\/www.plongee-plaisir.com\/fr\/wp-content\/uploads\/2020\/05\/Fiches-infos-visite-medicale.png",300,196,false],"vp_sm":["https:\/\/www.plongee-plaisir.com\/fr\/wp-content\/uploads\/2020\/05\/Fiches-infos-visite-medicale.png",300,196,false],"vp_md":["https:\/\/www.plongee-plaisir.com\/fr\/wp-content\/uploads\/2020\/05\/Fiches-infos-visite-medicale.png",300,196,false],"vp_lg":["https:\/\/www.plongee-plaisir.com\/fr\/wp-content\/uploads\/2020\/05\/Fiches-infos-visite-medicale.png",300,196,false],"vp_xl":["https:\/\/www.plongee-plaisir.com\/fr\/wp-content\/uploads\/2020\/05\/Fiches-infos-visite-medicale.png",300,196,false],"vp_sm_popup":["https:\/\/www.plongee-plaisir.com\/fr\/wp-content\/uploads\/2020\/05\/Fiches-infos-visite-medicale.png",300,196,false],"vp_md_popup":["https:\/\/www.plongee-plaisir.com\/fr\/wp-content\/uploads\/2020\/05\/Fiches-infos-visite-medicale.png",300,196,false],"vp_xl_popup":["https:\/\/www.plongee-plaisir.com\/fr\/wp-content\/uploads\/2020\/05\/Fiches-infos-visite-medicale.png",300,196,false],"gb-block-post-grid-landscape":["https:\/\/www.plongee-plaisir.com\/fr\/wp-content\/uploads\/2020\/05\/Fiches-infos-visite-medicale.png",300,196,false],"gb-block-post-grid-square":["https:\/\/www.plongee-plaisir.com\/fr\/wp-content\/uploads\/2020\/05\/Fiches-infos-visite-medicale.png",300,196,false],"woocommerce_thumbnail":["https:\/\/www.plongee-plaisir.com\/fr\/wp-content\/uploads\/2020\/05\/Fiches-infos-visite-medicale.png",300,196,false],"woocommerce_single":["https:\/\/www.plongee-plaisir.com\/fr\/wp-content\/uploads\/2020\/05\/Fiches-infos-visite-medicale.png",300,196,false],"woocommerce_gallery_thumbnail":["https:\/\/www.plongee-plaisir.com\/fr\/wp-content\/uploads\/2020\/05\/Fiches-infos-visite-medicale-100x100.png",100,100,true],"web-stories-poster-portrait":["https:\/\/www.plongee-plaisir.com\/fr\/wp-content\/uploads\/2020\/05\/Fiches-infos-visite-medicale.png",300,196,false],"web-stories-publisher-logo":["https:\/\/www.plongee-plaisir.com\/fr\/wp-content\/uploads\/2020\/05\/Fiches-infos-visite-medicale.png",96,63,false],"web-stories-thumbnail":["https:\/\/www.plongee-plaisir.com\/fr\/wp-content\/uploads\/2020\/05\/Fiches-infos-visite-medicale.png",150,98,false],"sow-carousel-default":["https:\/\/www.plongee-plaisir.com\/fr\/wp-content\/uploads\/2020\/05\/Fiches-infos-visite-medicale.png",272,178,false]},"uagb_author_info":{"display_name":"Alain Foret","author_link":"https:\/\/www.plongee-plaisir.com\/fr\/author\/plongeeplaisir\/"},"uagb_comment_info":0,"uagb_excerpt":"Certificat m\u00e9dical en plong\u00e9e, niveau 1, niveau 2, niveau 3, niveau 4, monitorats et aptitudes associ\u00e9es","coauthors":[],"author_meta":{"author_link":"https:\/\/www.plongee-plaisir.com\/fr\/author\/plongeeplaisir\/","display_name":"Alain Foret"},"relative_dates":{"created":"Publi\u00e9 4 ans il y a","modified":"Mis \u00e0 jour 3 ans il y a"},"absolute_dates":{"created":"Publi\u00e9 le 8 mars 2022","modified":"Mise \u00e0 jour le 17 janvier 2023"},"absolute_dates_time":{"created":"Publi\u00e9 le 8 mars 2022 9 h 00 min","modified":"Mise \u00e0 jour le 17 janvier 2023 8 h 23 min"},"featured_img_caption":"","featured_img":"https:\/\/www.plongee-plaisir.com\/fr\/wp-content\/uploads\/2020\/05\/Fiches-infos-visite-medicale.png","series_order":"","amp_enabled":true,"_links":{"self":[{"href":"https:\/\/www.plongee-plaisir.com\/fr\/wp-json\/wp\/v2\/pages\/1772","targetHints":{"allow":["GET"]}}],"collection":[{"href":"https:\/\/www.plongee-plaisir.com\/fr\/wp-json\/wp\/v2\/pages"}],"about":[{"href":"https:\/\/www.plongee-plaisir.com\/fr\/wp-json\/wp\/v2\/types\/page"}],"author":[{"embeddable":true,"href":"https:\/\/www.plongee-plaisir.com\/fr\/wp-json\/wp\/v2\/users\/4"}],"replies":[{"embeddable":true,"href":"https:\/\/www.plongee-plaisir.com\/fr\/wp-json\/wp\/v2\/comments?post=1772"}],"version-history":[{"count":0,"href":"https:\/\/www.plongee-plaisir.com\/fr\/wp-json\/wp\/v2\/pages\/1772\/revisions"}],"wp:featuredmedia":[{"embeddable":true,"href":"https:\/\/www.plongee-plaisir.com\/fr\/wp-json\/wp\/v2\/media\/35316"}],"wp:attachment":[{"href":"https:\/\/www.plongee-plaisir.com\/fr\/wp-json\/wp\/v2\/media?parent=1772"}],"curies":[{"name":"wp","href":"https:\/\/api.w.org\/{rel}","templated":true}]}}