{"id":19252,"date":"2020-09-11T18:32:00","date_gmt":"2020-09-11T16:32:00","guid":{"rendered":"https:\/\/www.plongee-plaisir.com\/fr\/?p=19252"},"modified":"2021-04-04T19:58:42","modified_gmt":"2021-04-04T17:58:42","slug":"la-plongee-en-milieu-scolaire","status":"publish","type":"page","link":"https:\/\/www.plongee-plaisir.com\/fr\/la-plongee-en-milieu-scolaire\/","title":{"rendered":"La plong\u00e9e en milieu scolaire en France"},"content":{"rendered":"\n<p class=\"has-text-color has-normal-font-size wp-block-paragraph\" style=\"color:#33b1a6\"><a href=\"https:\/\/www.plongee-plaisir.com\/fr\/fiches-infos\/\">FICHES INFO<\/a> &gt; ENSEIGNER<\/p>\n\n\n\n<div class=\"wp-block-kadence-spacer aligncenter kt-block-spacer-_72b3a8-64\"><div class=\"kt-block-spacer kt-block-spacer-halign-center\" style=\"height:17px\"><hr class=\"kt-divider\" style=\"border-top-color:rgba(51, 177, 166, 1);border-top-width:10px;width:100%;border-top-style:solid\"\/><\/div><\/div>\n\n\n\n<h1 class=\"wp-block-heading\">La plong\u00e9e en milieu scolaire en France<\/h1>\n\n\n\n<p class=\"wp-block-paragraph\"><strong>Coronavirus et Accueil Collectif des Mineurs (ACM)<\/strong> :&nbsp;<a href=\"https:\/\/ffessm.fr\/uploads\/media\/docs\/0001\/05\/615f279cedd9b3bf4a2a998ec1e32c65f27ea57f.pdf\" target=\"_blank\" rel=\"noreferrer noopener\">Protocole scolaire 2020-2021<\/a>&nbsp;du Minist\u00e8re de l&rsquo;Education Nationale, de la Jeunesse et des Sports ainsi qu&rsquo;une <a href=\"https:\/\/ffessm.fr\/uploads\/media\/docs\/0001\/05\/daee8aef0b59d67bc98aa326320e96b1bbb4bd1d.pdf\" target=\"_blank\" rel=\"noreferrer noopener\">Foire Aux Questions<\/a> sur le sujet.<\/p>\n\n\n\n<h3 class=\"wp-block-heading\">En \u00e9cole primaire<\/h3>\n\n\n\n<p class=\"wp-block-paragraph\">La circulaire du minist\u00e8re de l\u2019Education nationale <a rel=\"noreferrer noopener\" href=\"http:\/\/www.education.gouv.fr\/bo\/1999\/hs7\/default.htm\" target=\"_blank\">n\u00b099-136 du 21-09-1999<\/a> portant sur \u00ab l\u2019organisation des sorties scolaires dans les \u00e9coles maternelles et \u00e9l\u00e9mentaires publiques \u00bb pr\u00e9voit que la plong\u00e9e subaquatique puisse faire partie des activit\u00e9s d\u2019animation pratiqu\u00e9es en dehors de l\u2019\u00e9cole. Justifi\u00e9es par le fait qu\u2018elles \u00ab contribuent \u00e0 donner du sens aux apprentissages en favorisant le contact direct avec l&rsquo;environnement naturel (\u2026) \u00bb, ces sorties scolaires sont soumises aux conditions suivantes :<\/p>\n\n\n\n<ul class=\"wp-block-list\"><li>Les activit\u00e9s pratiqu\u00e9es \u00e0 l&rsquo;occasion d&rsquo;une sortie scolaire viennent n\u00e9cessairement en appui des programmes (art. 1.2).<\/li><li>La plong\u00e9e subaquatique, class\u00e9e en \u00ab discipline dite \u00e0 risque \u00bb (annexe 5), doit faire l\u2019objet d\u2019un encadrement renforc\u00e9 (art. II.2.2.2, pr\u00e9cis\u00e9 par la <a rel=\"noreferrer noopener\" href=\"http:\/\/www.education.gouv.fr\/pid285\/bulletin_officiel.html?cid_bo=118162\" target=\"_blank\">circulaire interminist\u00e9rielle n\u00b0 2017-116<\/a>) qui peut \u00eatre constitu\u00e9, au choix : <ul><li>d\u2019\u00e9ducateurs ou conseillers territoriaux des APS pour les personnels titulaires ;<\/li><li>d\u2019un brevet\u00e9 d\u2019Etat de la sp\u00e9cialit\u00e9 pour les personnels non-titulaires ou r\u00e9mun\u00e9r\u00e9s sous contrat de droit priv\u00e9;<\/li><li>de b\u00e9n\u00e9voles qualifi\u00e9s (ex. monitorats f\u00e9d\u00e9raux), apr\u00e8s un stage d\u2019information ou une journ\u00e9e d\u2019information. <\/li><\/ul><\/li><\/ul>\n\n\n\n<h3 class=\"wp-block-heading\">Au coll\u00e8ge ou au lyc\u00e9e<\/h3>\n\n\n\n<p class=\"wp-block-paragraph\">La plong\u00e9e au coll\u00e8ge ou au lyc\u00e9e entre dans le cadre de l&rsquo;enseignement des activit\u00e9s physiques de pleine nature (APPN). De la 6e \u00e0 la terminale, la plong\u00e9e peut \u00eatre pr\u00e9sente :<\/p>\n\n\n\n<ul class=\"wp-block-list\"><li>dans le cadre de programmes scolaires d\u2019\u00e9ducation physique et sportive ;<\/li><li>dans le cadre d\u2019activit\u00e9s p\u00e9riscolaires de l\u2019Union Nationale des Sports Scolaires (UNSS) ;<\/li><li>dans le cadre d\u2019une option facultative au baccalaur\u00e9at ;<\/li><li>dans le cadre de mise en place d\u2019un projet d\u2019action \u00e9ducative (PAE) ;<\/li><li>dans le cadre d\u2019une section sportive (<a href=\"http:\/\/www.education.gouv.fr\/pid285\/bulletin_officiel.html?cid_bo=57926\">circulaire n\u00b0 2011-099 du 29-9-2011<\/a>).<\/li><\/ul>\n\n\n\n<h3 class=\"wp-block-heading\">Convention entre la FFESSM, le Minist\u00e8re de l\u2019Education Nationale et l\u2019Union Nationale du Sport Scolaire<\/h3>\n\n\n\n<p class=\"wp-block-paragraph\">Une convention a \u00e9t\u00e9 sign\u00e9e en mai 2016 entre la FFESSM (f\u00e9d\u00e9ration d\u00e9l\u00e9gataire pour les sports et activit\u00e9s subaquatiques), le minist\u00e8re de l\u2019Education Nationale et l\u2019Union Nationale du Sport Scolaire (UNSS).<br><a aria-label=\" (ouverture dans un nouvel onglet)\" href=\"https:\/\/cache.media.eduscol.education.fr\/file\/sport\/17\/6\/FFESSM_Convention_cadre_2016_2020_consolidee_(sans_USEP)-31_mai_630176.pdf\" target=\"_blank\" rel=\"noreferrer noopener\">T\u00e9l\u00e9charger cette convention<\/a><\/p>\n\n\n\n<div style=\"height:16px\" aria-hidden=\"true\" class=\"wp-block-spacer\"><\/div>\n\n\n\n<p class=\"wp-block-paragraph\">\u00a9 Extrait des&nbsp;<a href=\"https:\/\/www.plongee-plaisir.com\/fr\/livres-plongee\/\">livres Plong\u00e9e Plaisir<\/a>&nbsp;par Alain Foret aux Editions GAP.<br>Toute reproduction interdite sur quelque support que ce soit sans accord \u00e9crit de l\u2019\u00e9diteur et de l\u2019auteur.<\/p>\n\n\n\n<div class=\"wp-block-image is-style-default\"><figure class=\"alignleft size-large is-resized\"><img decoding=\"async\" src=\"https:\/\/www.plongee-plaisir.com\/fr\/wp-content\/uploads\/2021\/02\/carre.jpg\" alt=\"\" class=\"wp-image-48240\" width=\"30\" srcset=\"https:\/\/www.plongee-plaisir.com\/fr\/wp-content\/uploads\/2021\/02\/carre.jpg 102w, https:\/\/www.plongee-plaisir.com\/fr\/wp-content\/uploads\/2021\/02\/carre-100x100.jpg 100w\" sizes=\"(max-width: 102px) 100vw, 102px\" \/><\/figure><\/div>\n\n\n\n<p class=\"wp-block-paragraph\"><\/p>\n<style class=\"advgb-styles-renderer\">.wp-block-kadence-spacer.kt-block-spacer-_72b3a8-64 .kt-block-spacer{height:17px;}.wp-block-kadence-spacer.kt-block-spacer-_72b3a8-64 .kt-divider{border-top-width:10px;border-top-color:#33b1a6;width:100%;border-top-style:solid;}<\/style>","protected":false},"excerpt":{"rendered":"<p>FICHES INFO &gt; ENSEIGNER La plong\u00e9e en milieu scolaire en France Coronavirus et Accueil Collectif des Mineurs (ACM) :&nbsp;Protocole scolaire 2020-2021&nbsp;du Minist\u00e8re de l&rsquo;Education Nationale, de la Jeunesse et des Sports ainsi qu&rsquo;une Foire Aux Questions sur le sujet. En \u00e9cole primaire La circulaire du minist\u00e8re de l\u2019Education nationale n\u00b099-136 du 21-09-1999 portant sur \u00ab [&hellip;]<\/p>\n","protected":false},"author":4,"featured_media":35164,"parent":0,"menu_order":0,"comment_status":"open","ping_status":"open","template":"","meta":{"_crdt_document":"","_uag_custom_page_level_css":"","advgb_blocks_editor_width":"","advgb_blocks_columns_visual_guide":"","_genesis_hide_title":true,"_genesis_hide_breadcrumbs":false,"_genesis_hide_singular_image":false,"_genesis_hide_footer_widgets":false,"_genesis_custom_body_class":"","_genesis_custom_post_class":"","_genesis_layout":"content-sidebar","_vp_format_video_url":"","_vp_image_focal_point":[],"footnotes":""},"class_list":{"0":"post-19252","1":"page","2":"type-page","3":"status-publish","4":"has-post-thumbnail","6":"entry"},"yoast_head":"<!-- This site is optimized with the Yoast SEO plugin v27.3 - https:\/\/yoast.com\/product\/yoast-seo-wordpress\/ -->\n<title>La plong\u00e9e en milieu scolaire en France - Plong\u00e9e Plaisir, site officiel<\/title>\n<meta name=\"robots\" content=\"index, follow, max-snippet:-1, max-image-preview:large, max-video-preview:-1\" \/>\n<link rel=\"canonical\" href=\"https:\/\/www.plongee-plaisir.com\/fr\/la-plongee-en-milieu-scolaire\/\" \/>\n<meta property=\"og:locale\" content=\"fr_FR\" \/>\n<meta property=\"og:type\" content=\"article\" \/>\n<meta property=\"og:title\" content=\"La plong\u00e9e en milieu scolaire en France - Plong\u00e9e Plaisir, site officiel\" \/>\n<meta property=\"og:description\" content=\"FICHES INFO &gt; ENSEIGNER La plong\u00e9e en milieu scolaire en France Coronavirus et Accueil Collectif des Mineurs (ACM) :&nbsp;Protocole scolaire 2020-2021&nbsp;du Minist\u00e8re de l&rsquo;Education Nationale, de la Jeunesse et des Sports ainsi qu&rsquo;une Foire Aux Questions sur le sujet. En \u00e9cole primaire La circulaire du minist\u00e8re de l\u2019Education nationale n\u00b099-136 du 21-09-1999 portant sur \u00ab [&hellip;]\" \/>\n<meta property=\"og:url\" content=\"https:\/\/www.plongee-plaisir.com\/fr\/la-plongee-en-milieu-scolaire\/\" \/>\n<meta property=\"og:site_name\" content=\"Plong\u00e9e Plaisir, site officiel\" \/>\n<meta property=\"article:modified_time\" content=\"2021-04-04T17:58:42+00:00\" \/>\n<meta property=\"og:image\" content=\"https:\/\/www.plongee-plaisir.com\/fr\/wp-content\/uploads\/2019\/01\/Fiches-infos-enfants.png\" \/>\n\t<meta property=\"og:image:width\" content=\"300\" \/>\n\t<meta property=\"og:image:height\" content=\"196\" \/>\n\t<meta property=\"og:image:type\" content=\"image\/png\" \/>\n<meta name=\"twitter:card\" content=\"summary_large_image\" \/>\n<meta name=\"twitter:label1\" content=\"Dur\u00e9e de lecture estim\u00e9e\" \/>\n\t<meta name=\"twitter:data1\" content=\"2 minutes\" \/>\n<script type=\"application\/ld+json\" class=\"yoast-schema-graph\">{\"@context\":\"https:\\\/\\\/schema.org\",\"@graph\":[{\"@type\":\"WebPage\",\"@id\":\"https:\\\/\\\/www.plongee-plaisir.com\\\/fr\\\/la-plongee-en-milieu-scolaire\\\/\",\"url\":\"https:\\\/\\\/www.plongee-plaisir.com\\\/fr\\\/la-plongee-en-milieu-scolaire\\\/\",\"name\":\"La plong\u00e9e en milieu scolaire en France - Plong\u00e9e Plaisir, site officiel\",\"isPartOf\":{\"@id\":\"https:\\\/\\\/www.plongee-plaisir.com\\\/fr\\\/#website\"},\"primaryImageOfPage\":{\"@id\":\"https:\\\/\\\/www.plongee-plaisir.com\\\/fr\\\/la-plongee-en-milieu-scolaire\\\/#primaryimage\"},\"image\":{\"@id\":\"https:\\\/\\\/www.plongee-plaisir.com\\\/fr\\\/la-plongee-en-milieu-scolaire\\\/#primaryimage\"},\"thumbnailUrl\":\"https:\\\/\\\/www.plongee-plaisir.com\\\/fr\\\/wp-content\\\/uploads\\\/2019\\\/01\\\/Fiches-infos-enfants.png\",\"datePublished\":\"2020-09-11T16:32:00+00:00\",\"dateModified\":\"2021-04-04T17:58:42+00:00\",\"breadcrumb\":{\"@id\":\"https:\\\/\\\/www.plongee-plaisir.com\\\/fr\\\/la-plongee-en-milieu-scolaire\\\/#breadcrumb\"},\"inLanguage\":\"fr-FR\",\"potentialAction\":[{\"@type\":\"ReadAction\",\"target\":[\"https:\\\/\\\/www.plongee-plaisir.com\\\/fr\\\/la-plongee-en-milieu-scolaire\\\/\"]}]},{\"@type\":\"ImageObject\",\"inLanguage\":\"fr-FR\",\"@id\":\"https:\\\/\\\/www.plongee-plaisir.com\\\/fr\\\/la-plongee-en-milieu-scolaire\\\/#primaryimage\",\"url\":\"https:\\\/\\\/www.plongee-plaisir.com\\\/fr\\\/wp-content\\\/uploads\\\/2019\\\/01\\\/Fiches-infos-enfants.png\",\"contentUrl\":\"https:\\\/\\\/www.plongee-plaisir.com\\\/fr\\\/wp-content\\\/uploads\\\/2019\\\/01\\\/Fiches-infos-enfants.png\",\"width\":300,\"height\":196},{\"@type\":\"BreadcrumbList\",\"@id\":\"https:\\\/\\\/www.plongee-plaisir.com\\\/fr\\\/la-plongee-en-milieu-scolaire\\\/#breadcrumb\",\"itemListElement\":[{\"@type\":\"ListItem\",\"position\":1,\"name\":\"Accueil\",\"item\":\"https:\\\/\\\/www.plongee-plaisir.com\\\/fr\\\/\"},{\"@type\":\"ListItem\",\"position\":2,\"name\":\"La plong\u00e9e en milieu scolaire en France\"}]},{\"@type\":\"WebSite\",\"@id\":\"https:\\\/\\\/www.plongee-plaisir.com\\\/fr\\\/#website\",\"url\":\"https:\\\/\\\/www.plongee-plaisir.com\\\/fr\\\/\",\"name\":\"Plong\u00e9e Plaisir, site officiel\",\"description\":\"Apprendre \u00e0 plonger - Learning to dive\",\"potentialAction\":[{\"@type\":\"SearchAction\",\"target\":{\"@type\":\"EntryPoint\",\"urlTemplate\":\"https:\\\/\\\/www.plongee-plaisir.com\\\/fr\\\/?s={search_term_string}\"},\"query-input\":{\"@type\":\"PropertyValueSpecification\",\"valueRequired\":true,\"valueName\":\"search_term_string\"}}],\"inLanguage\":\"fr-FR\"}]}<\/script>\n<!-- \/ Yoast SEO plugin. -->","yoast_head_json":{"title":"La plong\u00e9e en milieu scolaire en France - Plong\u00e9e Plaisir, site officiel","robots":{"index":"index","follow":"follow","max-snippet":"max-snippet:-1","max-image-preview":"max-image-preview:large","max-video-preview":"max-video-preview:-1"},"canonical":"https:\/\/www.plongee-plaisir.com\/fr\/la-plongee-en-milieu-scolaire\/","og_locale":"fr_FR","og_type":"article","og_title":"La plong\u00e9e en milieu scolaire en France - Plong\u00e9e Plaisir, site officiel","og_description":"FICHES INFO &gt; ENSEIGNER La plong\u00e9e en milieu scolaire en France Coronavirus et Accueil Collectif des Mineurs (ACM) :&nbsp;Protocole scolaire 2020-2021&nbsp;du Minist\u00e8re de l&rsquo;Education Nationale, de la Jeunesse et des Sports ainsi qu&rsquo;une Foire Aux Questions sur le sujet. En \u00e9cole primaire La circulaire du minist\u00e8re de l\u2019Education nationale n\u00b099-136 du 21-09-1999 portant sur \u00ab [&hellip;]","og_url":"https:\/\/www.plongee-plaisir.com\/fr\/la-plongee-en-milieu-scolaire\/","og_site_name":"Plong\u00e9e Plaisir, site officiel","article_modified_time":"2021-04-04T17:58:42+00:00","og_image":[{"width":300,"height":196,"url":"https:\/\/www.plongee-plaisir.com\/fr\/wp-content\/uploads\/2019\/01\/Fiches-infos-enfants.png","type":"image\/png"}],"twitter_card":"summary_large_image","twitter_misc":{"Dur\u00e9e de lecture estim\u00e9e":"2 minutes"},"schema":{"@context":"https:\/\/schema.org","@graph":[{"@type":"WebPage","@id":"https:\/\/www.plongee-plaisir.com\/fr\/la-plongee-en-milieu-scolaire\/","url":"https:\/\/www.plongee-plaisir.com\/fr\/la-plongee-en-milieu-scolaire\/","name":"La plong\u00e9e en milieu scolaire en France - Plong\u00e9e Plaisir, site officiel","isPartOf":{"@id":"https:\/\/www.plongee-plaisir.com\/fr\/#website"},"primaryImageOfPage":{"@id":"https:\/\/www.plongee-plaisir.com\/fr\/la-plongee-en-milieu-scolaire\/#primaryimage"},"image":{"@id":"https:\/\/www.plongee-plaisir.com\/fr\/la-plongee-en-milieu-scolaire\/#primaryimage"},"thumbnailUrl":"https:\/\/www.plongee-plaisir.com\/fr\/wp-content\/uploads\/2019\/01\/Fiches-infos-enfants.png","datePublished":"2020-09-11T16:32:00+00:00","dateModified":"2021-04-04T17:58:42+00:00","breadcrumb":{"@id":"https:\/\/www.plongee-plaisir.com\/fr\/la-plongee-en-milieu-scolaire\/#breadcrumb"},"inLanguage":"fr-FR","potentialAction":[{"@type":"ReadAction","target":["https:\/\/www.plongee-plaisir.com\/fr\/la-plongee-en-milieu-scolaire\/"]}]},{"@type":"ImageObject","inLanguage":"fr-FR","@id":"https:\/\/www.plongee-plaisir.com\/fr\/la-plongee-en-milieu-scolaire\/#primaryimage","url":"https:\/\/www.plongee-plaisir.com\/fr\/wp-content\/uploads\/2019\/01\/Fiches-infos-enfants.png","contentUrl":"https:\/\/www.plongee-plaisir.com\/fr\/wp-content\/uploads\/2019\/01\/Fiches-infos-enfants.png","width":300,"height":196},{"@type":"BreadcrumbList","@id":"https:\/\/www.plongee-plaisir.com\/fr\/la-plongee-en-milieu-scolaire\/#breadcrumb","itemListElement":[{"@type":"ListItem","position":1,"name":"Accueil","item":"https:\/\/www.plongee-plaisir.com\/fr\/"},{"@type":"ListItem","position":2,"name":"La plong\u00e9e en milieu scolaire en France"}]},{"@type":"WebSite","@id":"https:\/\/www.plongee-plaisir.com\/fr\/#website","url":"https:\/\/www.plongee-plaisir.com\/fr\/","name":"Plong\u00e9e Plaisir, site officiel","description":"Apprendre \u00e0 plonger - Learning to dive","potentialAction":[{"@type":"SearchAction","target":{"@type":"EntryPoint","urlTemplate":"https:\/\/www.plongee-plaisir.com\/fr\/?s={search_term_string}"},"query-input":{"@type":"PropertyValueSpecification","valueRequired":true,"valueName":"search_term_string"}}],"inLanguage":"fr-FR"}]}},"featured_image_src":"https:\/\/www.plongee-plaisir.com\/fr\/wp-content\/uploads\/2019\/01\/Fiches-infos-enfants.png","featured_image_src_square":"https:\/\/www.plongee-plaisir.com\/fr\/wp-content\/uploads\/2019\/01\/Fiches-infos-enfants.png","uagb_featured_image_src":{"full":["https:\/\/www.plongee-plaisir.com\/fr\/wp-content\/uploads\/2019\/01\/Fiches-infos-enfants.png",300,196,false],"thumbnail":["https:\/\/www.plongee-plaisir.com\/fr\/wp-content\/uploads\/2019\/01\/Fiches-infos-enfants-150x150.png",150,150,true],"medium":["https:\/\/www.plongee-plaisir.com\/fr\/wp-content\/uploads\/2019\/01\/Fiches-infos-enfants.png",300,196,false],"medium_large":["https:\/\/www.plongee-plaisir.com\/fr\/wp-content\/uploads\/2019\/01\/Fiches-infos-enfants.png",300,196,false],"large":["https:\/\/www.plongee-plaisir.com\/fr\/wp-content\/uploads\/2019\/01\/Fiches-infos-enfants.png",300,196,false],"1536x1536":["https:\/\/www.plongee-plaisir.com\/fr\/wp-content\/uploads\/2019\/01\/Fiches-infos-enfants.png",300,196,false],"2048x2048":["https:\/\/www.plongee-plaisir.com\/fr\/wp-content\/uploads\/2019\/01\/Fiches-infos-enfants.png",300,196,false],"featured-content":["https:\/\/www.plongee-plaisir.com\/fr\/wp-content\/uploads\/2019\/01\/Fiches-infos-enfants.png",300,196,false],"author-pro-image":["https:\/\/www.plongee-plaisir.com\/fr\/wp-content\/uploads\/2019\/01\/Fiches-infos-enfants.png",300,196,false],"tb-timeline-landscape":["https:\/\/www.plongee-plaisir.com\/fr\/wp-content\/uploads\/2019\/01\/Fiches-infos-enfants.png",300,196,false],"tb-timeline-square":["https:\/\/www.plongee-plaisir.com\/fr\/wp-content\/uploads\/2019\/01\/Fiches-infos-enfants.png",300,196,false],"ultp_layout_landscape_large":["https:\/\/www.plongee-plaisir.com\/fr\/wp-content\/uploads\/2019\/01\/Fiches-infos-enfants.png",300,196,false],"ultp_layout_landscape":["https:\/\/www.plongee-plaisir.com\/fr\/wp-content\/uploads\/2019\/01\/Fiches-infos-enfants.png",300,196,false],"ultp_layout_portrait":["https:\/\/www.plongee-plaisir.com\/fr\/wp-content\/uploads\/2019\/01\/Fiches-infos-enfants.png",300,196,false],"ultp_layout_square":["https:\/\/www.plongee-plaisir.com\/fr\/wp-content\/uploads\/2019\/01\/Fiches-infos-enfants.png",300,196,false],"vp_sm":["https:\/\/www.plongee-plaisir.com\/fr\/wp-content\/uploads\/2019\/01\/Fiches-infos-enfants.png",300,196,false],"vp_md":["https:\/\/www.plongee-plaisir.com\/fr\/wp-content\/uploads\/2019\/01\/Fiches-infos-enfants.png",300,196,false],"vp_lg":["https:\/\/www.plongee-plaisir.com\/fr\/wp-content\/uploads\/2019\/01\/Fiches-infos-enfants.png",300,196,false],"vp_xl":["https:\/\/www.plongee-plaisir.com\/fr\/wp-content\/uploads\/2019\/01\/Fiches-infos-enfants.png",300,196,false],"vp_sm_popup":["https:\/\/www.plongee-plaisir.com\/fr\/wp-content\/uploads\/2019\/01\/Fiches-infos-enfants.png",300,196,false],"vp_md_popup":["https:\/\/www.plongee-plaisir.com\/fr\/wp-content\/uploads\/2019\/01\/Fiches-infos-enfants.png",300,196,false],"vp_xl_popup":["https:\/\/www.plongee-plaisir.com\/fr\/wp-content\/uploads\/2019\/01\/Fiches-infos-enfants.png",300,196,false],"gb-block-post-grid-landscape":["https:\/\/www.plongee-plaisir.com\/fr\/wp-content\/uploads\/2019\/01\/Fiches-infos-enfants.png",300,196,false],"gb-block-post-grid-square":["https:\/\/www.plongee-plaisir.com\/fr\/wp-content\/uploads\/2019\/01\/Fiches-infos-enfants.png",300,196,false],"woocommerce_thumbnail":["https:\/\/www.plongee-plaisir.com\/fr\/wp-content\/uploads\/2019\/01\/Fiches-infos-enfants.png",300,196,false],"woocommerce_single":["https:\/\/www.plongee-plaisir.com\/fr\/wp-content\/uploads\/2019\/01\/Fiches-infos-enfants.png",300,196,false],"woocommerce_gallery_thumbnail":["https:\/\/www.plongee-plaisir.com\/fr\/wp-content\/uploads\/2019\/01\/Fiches-infos-enfants-100x100.png",100,100,true],"web-stories-poster-portrait":["https:\/\/www.plongee-plaisir.com\/fr\/wp-content\/uploads\/2019\/01\/Fiches-infos-enfants.png",300,196,false],"web-stories-publisher-logo":["https:\/\/www.plongee-plaisir.com\/fr\/wp-content\/uploads\/2019\/01\/Fiches-infos-enfants.png",96,63,false],"web-stories-thumbnail":["https:\/\/www.plongee-plaisir.com\/fr\/wp-content\/uploads\/2019\/01\/Fiches-infos-enfants.png",150,98,false],"sow-carousel-default":["https:\/\/www.plongee-plaisir.com\/fr\/wp-content\/uploads\/2019\/01\/Fiches-infos-enfants.png",272,178,false]},"uagb_author_info":{"display_name":"Alain Foret","author_link":"https:\/\/www.plongee-plaisir.com\/fr\/author\/plongeeplaisir\/"},"uagb_comment_info":0,"uagb_excerpt":"FICHES INFO &gt; ENSEIGNER La plong\u00e9e en milieu scolaire en France Coronavirus et Accueil Collectif des Mineurs (ACM) :&nbsp;Protocole scolaire 2020-2021&nbsp;du Minist\u00e8re de l&rsquo;Education Nationale, de la Jeunesse et des Sports ainsi qu&rsquo;une Foire Aux Questions sur le sujet. En \u00e9cole primaire La circulaire du minist\u00e8re de l\u2019Education nationale n\u00b099-136 du 21-09-1999 portant sur \u00ab\u2026","coauthors":[],"author_meta":{"author_link":"https:\/\/www.plongee-plaisir.com\/fr\/author\/plongeeplaisir\/","display_name":"Alain Foret"},"relative_dates":{"created":"Publi\u00e9 6 ans il y a","modified":"Mis \u00e0 jour 5 ans il y a"},"absolute_dates":{"created":"Publi\u00e9 le 11 septembre 2020","modified":"Mise \u00e0 jour le 4 avril 2021"},"absolute_dates_time":{"created":"Publi\u00e9 le 11 septembre 2020 18 h 32 min","modified":"Mise \u00e0 jour le 4 avril 2021 19 h 58 min"},"featured_img_caption":"","featured_img":"https:\/\/www.plongee-plaisir.com\/fr\/wp-content\/uploads\/2019\/01\/Fiches-infos-enfants.png","series_order":"","amp_enabled":true,"_links":{"self":[{"href":"https:\/\/www.plongee-plaisir.com\/fr\/wp-json\/wp\/v2\/pages\/19252","targetHints":{"allow":["GET"]}}],"collection":[{"href":"https:\/\/www.plongee-plaisir.com\/fr\/wp-json\/wp\/v2\/pages"}],"about":[{"href":"https:\/\/www.plongee-plaisir.com\/fr\/wp-json\/wp\/v2\/types\/page"}],"author":[{"embeddable":true,"href":"https:\/\/www.plongee-plaisir.com\/fr\/wp-json\/wp\/v2\/users\/4"}],"replies":[{"embeddable":true,"href":"https:\/\/www.plongee-plaisir.com\/fr\/wp-json\/wp\/v2\/comments?post=19252"}],"version-history":[{"count":0,"href":"https:\/\/www.plongee-plaisir.com\/fr\/wp-json\/wp\/v2\/pages\/19252\/revisions"}],"wp:featuredmedia":[{"embeddable":true,"href":"https:\/\/www.plongee-plaisir.com\/fr\/wp-json\/wp\/v2\/media\/35164"}],"wp:attachment":[{"href":"https:\/\/www.plongee-plaisir.com\/fr\/wp-json\/wp\/v2\/media?parent=19252"}],"curies":[{"name":"wp","href":"https:\/\/api.w.org\/{rel}","templated":true}]}}