{"id":24143,"date":"2020-07-16T08:00:00","date_gmt":"2020-07-16T06:00:00","guid":{"rendered":"https:\/\/www.plongee-plaisir.com\/fr\/?p=24143"},"modified":"2021-04-04T20:05:06","modified_gmt":"2021-04-04T18:05:06","slug":"desinfection-des-embouts-buccaux-detendeurs-tubas","status":"publish","type":"page","link":"https:\/\/www.plongee-plaisir.com\/fr\/desinfection-des-embouts-buccaux-detendeurs-tubas\/","title":{"rendered":"Nettoyage et d\u00e9sinfection du mat\u00e9riel de plong\u00e9e"},"content":{"rendered":"<div class=\"eMember_protected_message\">S&rsquo;il vous plait <a href=\"https:\/\/www.plongee-plaisir.com\/fr\/desinfection-des-embouts-buccaux-detendeurs-tubas\/?event=login\">Connexion - Login<\/a> Pour voir ce contenu. <span class=\"eMember_not_a_member_msg\">(Pas encore membre ? <a href=\"https:\/\/www.plongee-plaisir.com\/fr\/join-us\/registration\/\">Adh&eacute;rez maintenant !<\/a>)<\/span><\/div>","protected":false},"excerpt":{"rendered":"<p>S&rsquo;il vous plait Connexion &#8211; Login Pour voir ce contenu. (Pas encore membre ? Adh&eacute;rez maintenant !)<\/p>\n","protected":false},"author":4,"featured_media":35154,"parent":0,"menu_order":0,"comment_status":"closed","ping_status":"closed","template":"","meta":{"_crdt_document":"","_uag_custom_page_level_css":"","advgb_blocks_editor_width":"","advgb_blocks_columns_visual_guide":"","_genesis_hide_title":true,"_genesis_hide_breadcrumbs":false,"_genesis_hide_singular_image":false,"_genesis_hide_footer_widgets":false,"_genesis_custom_body_class":"","_genesis_custom_post_class":"","_genesis_layout":"content-sidebar","_vp_format_video_url":"","_vp_image_focal_point":[],"footnotes":""},"class_list":{"0":"post-24143","1":"page","2":"type-page","3":"status-publish","4":"has-post-thumbnail","6":"entry"},"yoast_head":"<!-- This site is optimized with the Yoast SEO plugin v27.4 - https:\/\/yoast.com\/product\/yoast-seo-wordpress\/ -->\n<title>Nettoyage et d\u00e9sinfection du mat\u00e9riel de plong\u00e9e - Plong\u00e9e Plaisir, site officiel<\/title>\n<meta name=\"robots\" content=\"index, follow, max-snippet:-1, max-image-preview:large, max-video-preview:-1\" \/>\n<link rel=\"canonical\" href=\"https:\/\/www.plongee-plaisir.com\/fr\/desinfection-des-embouts-buccaux-detendeurs-tubas\/\" \/>\n<meta property=\"og:locale\" content=\"fr_FR\" \/>\n<meta property=\"og:type\" content=\"article\" \/>\n<meta property=\"og:title\" content=\"Nettoyage et d\u00e9sinfection du mat\u00e9riel de plong\u00e9e - Plong\u00e9e Plaisir, site officiel\" \/>\n<meta property=\"og:description\" content=\"S&rsquo;il vous plait Connexion - Login Pour voir ce contenu. (Pas encore membre ? Adh&eacute;rez maintenant !)\" \/>\n<meta property=\"og:url\" content=\"https:\/\/www.plongee-plaisir.com\/fr\/desinfection-des-embouts-buccaux-detendeurs-tubas\/\" \/>\n<meta property=\"og:site_name\" content=\"Plong\u00e9e Plaisir, site officiel\" \/>\n<meta property=\"article:modified_time\" content=\"2021-04-04T18:05:06+00:00\" \/>\n<meta property=\"og:image\" content=\"https:\/\/www.plongee-plaisir.com\/fr\/wp-content\/uploads\/2020\/05\/Fiches-infos-desinfection.png\" \/>\n\t<meta property=\"og:image:width\" content=\"300\" \/>\n\t<meta property=\"og:image:height\" content=\"196\" \/>\n\t<meta property=\"og:image:type\" content=\"image\/png\" \/>\n<meta name=\"twitter:card\" content=\"summary_large_image\" \/>\n<meta name=\"twitter:label1\" content=\"Dur\u00e9e de lecture estim\u00e9e\" \/>\n\t<meta name=\"twitter:data1\" content=\"1 minute\" \/>\n<script type=\"application\/ld+json\" class=\"yoast-schema-graph\">{\"@context\":\"https:\\\/\\\/schema.org\",\"@graph\":[{\"@type\":\"WebPage\",\"@id\":\"https:\\\/\\\/www.plongee-plaisir.com\\\/fr\\\/desinfection-des-embouts-buccaux-detendeurs-tubas\\\/\",\"url\":\"https:\\\/\\\/www.plongee-plaisir.com\\\/fr\\\/desinfection-des-embouts-buccaux-detendeurs-tubas\\\/\",\"name\":\"Nettoyage et d\u00e9sinfection du mat\u00e9riel de plong\u00e9e - Plong\u00e9e Plaisir, site officiel\",\"isPartOf\":{\"@id\":\"https:\\\/\\\/www.plongee-plaisir.com\\\/fr\\\/#website\"},\"primaryImageOfPage\":{\"@id\":\"https:\\\/\\\/www.plongee-plaisir.com\\\/fr\\\/desinfection-des-embouts-buccaux-detendeurs-tubas\\\/#primaryimage\"},\"image\":{\"@id\":\"https:\\\/\\\/www.plongee-plaisir.com\\\/fr\\\/desinfection-des-embouts-buccaux-detendeurs-tubas\\\/#primaryimage\"},\"thumbnailUrl\":\"https:\\\/\\\/www.plongee-plaisir.com\\\/fr\\\/wp-content\\\/uploads\\\/2020\\\/05\\\/Fiches-infos-desinfection.png\",\"datePublished\":\"2020-07-16T06:00:00+00:00\",\"dateModified\":\"2021-04-04T18:05:06+00:00\",\"breadcrumb\":{\"@id\":\"https:\\\/\\\/www.plongee-plaisir.com\\\/fr\\\/desinfection-des-embouts-buccaux-detendeurs-tubas\\\/#breadcrumb\"},\"inLanguage\":\"fr-FR\",\"potentialAction\":[{\"@type\":\"ReadAction\",\"target\":[\"https:\\\/\\\/www.plongee-plaisir.com\\\/fr\\\/desinfection-des-embouts-buccaux-detendeurs-tubas\\\/\"]}]},{\"@type\":\"ImageObject\",\"inLanguage\":\"fr-FR\",\"@id\":\"https:\\\/\\\/www.plongee-plaisir.com\\\/fr\\\/desinfection-des-embouts-buccaux-detendeurs-tubas\\\/#primaryimage\",\"url\":\"https:\\\/\\\/www.plongee-plaisir.com\\\/fr\\\/wp-content\\\/uploads\\\/2020\\\/05\\\/Fiches-infos-desinfection.png\",\"contentUrl\":\"https:\\\/\\\/www.plongee-plaisir.com\\\/fr\\\/wp-content\\\/uploads\\\/2020\\\/05\\\/Fiches-infos-desinfection.png\",\"width\":300,\"height\":196},{\"@type\":\"BreadcrumbList\",\"@id\":\"https:\\\/\\\/www.plongee-plaisir.com\\\/fr\\\/desinfection-des-embouts-buccaux-detendeurs-tubas\\\/#breadcrumb\",\"itemListElement\":[{\"@type\":\"ListItem\",\"position\":1,\"name\":\"Accueil\",\"item\":\"https:\\\/\\\/www.plongee-plaisir.com\\\/fr\\\/\"},{\"@type\":\"ListItem\",\"position\":2,\"name\":\"Nettoyage et d\u00e9sinfection du mat\u00e9riel de plong\u00e9e\"}]},{\"@type\":\"WebSite\",\"@id\":\"https:\\\/\\\/www.plongee-plaisir.com\\\/fr\\\/#website\",\"url\":\"https:\\\/\\\/www.plongee-plaisir.com\\\/fr\\\/\",\"name\":\"Plong\u00e9e Plaisir, site officiel\",\"description\":\"Apprendre \u00e0 plonger - Learning to dive\",\"potentialAction\":[{\"@type\":\"SearchAction\",\"target\":{\"@type\":\"EntryPoint\",\"urlTemplate\":\"https:\\\/\\\/www.plongee-plaisir.com\\\/fr\\\/?s={search_term_string}\"},\"query-input\":{\"@type\":\"PropertyValueSpecification\",\"valueRequired\":true,\"valueName\":\"search_term_string\"}}],\"inLanguage\":\"fr-FR\"}]}<\/script>\n<!-- \/ Yoast SEO plugin. -->","yoast_head_json":{"title":"Nettoyage et d\u00e9sinfection du mat\u00e9riel de plong\u00e9e - Plong\u00e9e Plaisir, site officiel","robots":{"index":"index","follow":"follow","max-snippet":"max-snippet:-1","max-image-preview":"max-image-preview:large","max-video-preview":"max-video-preview:-1"},"canonical":"https:\/\/www.plongee-plaisir.com\/fr\/desinfection-des-embouts-buccaux-detendeurs-tubas\/","og_locale":"fr_FR","og_type":"article","og_title":"Nettoyage et d\u00e9sinfection du mat\u00e9riel de plong\u00e9e - Plong\u00e9e Plaisir, site officiel","og_description":"S&rsquo;il vous plait Connexion - Login Pour voir ce contenu. (Pas encore membre ? Adh&eacute;rez maintenant !)","og_url":"https:\/\/www.plongee-plaisir.com\/fr\/desinfection-des-embouts-buccaux-detendeurs-tubas\/","og_site_name":"Plong\u00e9e Plaisir, site officiel","article_modified_time":"2021-04-04T18:05:06+00:00","og_image":[{"width":300,"height":196,"url":"https:\/\/www.plongee-plaisir.com\/fr\/wp-content\/uploads\/2020\/05\/Fiches-infos-desinfection.png","type":"image\/png"}],"twitter_card":"summary_large_image","twitter_misc":{"Dur\u00e9e de lecture estim\u00e9e":"1 minute"},"schema":{"@context":"https:\/\/schema.org","@graph":[{"@type":"WebPage","@id":"https:\/\/www.plongee-plaisir.com\/fr\/desinfection-des-embouts-buccaux-detendeurs-tubas\/","url":"https:\/\/www.plongee-plaisir.com\/fr\/desinfection-des-embouts-buccaux-detendeurs-tubas\/","name":"Nettoyage et d\u00e9sinfection du mat\u00e9riel de plong\u00e9e - Plong\u00e9e Plaisir, site officiel","isPartOf":{"@id":"https:\/\/www.plongee-plaisir.com\/fr\/#website"},"primaryImageOfPage":{"@id":"https:\/\/www.plongee-plaisir.com\/fr\/desinfection-des-embouts-buccaux-detendeurs-tubas\/#primaryimage"},"image":{"@id":"https:\/\/www.plongee-plaisir.com\/fr\/desinfection-des-embouts-buccaux-detendeurs-tubas\/#primaryimage"},"thumbnailUrl":"https:\/\/www.plongee-plaisir.com\/fr\/wp-content\/uploads\/2020\/05\/Fiches-infos-desinfection.png","datePublished":"2020-07-16T06:00:00+00:00","dateModified":"2021-04-04T18:05:06+00:00","breadcrumb":{"@id":"https:\/\/www.plongee-plaisir.com\/fr\/desinfection-des-embouts-buccaux-detendeurs-tubas\/#breadcrumb"},"inLanguage":"fr-FR","potentialAction":[{"@type":"ReadAction","target":["https:\/\/www.plongee-plaisir.com\/fr\/desinfection-des-embouts-buccaux-detendeurs-tubas\/"]}]},{"@type":"ImageObject","inLanguage":"fr-FR","@id":"https:\/\/www.plongee-plaisir.com\/fr\/desinfection-des-embouts-buccaux-detendeurs-tubas\/#primaryimage","url":"https:\/\/www.plongee-plaisir.com\/fr\/wp-content\/uploads\/2020\/05\/Fiches-infos-desinfection.png","contentUrl":"https:\/\/www.plongee-plaisir.com\/fr\/wp-content\/uploads\/2020\/05\/Fiches-infos-desinfection.png","width":300,"height":196},{"@type":"BreadcrumbList","@id":"https:\/\/www.plongee-plaisir.com\/fr\/desinfection-des-embouts-buccaux-detendeurs-tubas\/#breadcrumb","itemListElement":[{"@type":"ListItem","position":1,"name":"Accueil","item":"https:\/\/www.plongee-plaisir.com\/fr\/"},{"@type":"ListItem","position":2,"name":"Nettoyage et d\u00e9sinfection du mat\u00e9riel de plong\u00e9e"}]},{"@type":"WebSite","@id":"https:\/\/www.plongee-plaisir.com\/fr\/#website","url":"https:\/\/www.plongee-plaisir.com\/fr\/","name":"Plong\u00e9e Plaisir, site officiel","description":"Apprendre \u00e0 plonger - Learning to dive","potentialAction":[{"@type":"SearchAction","target":{"@type":"EntryPoint","urlTemplate":"https:\/\/www.plongee-plaisir.com\/fr\/?s={search_term_string}"},"query-input":{"@type":"PropertyValueSpecification","valueRequired":true,"valueName":"search_term_string"}}],"inLanguage":"fr-FR"}]}},"featured_image_src":"https:\/\/www.plongee-plaisir.com\/fr\/wp-content\/uploads\/2020\/05\/Fiches-infos-desinfection.png","featured_image_src_square":"https:\/\/www.plongee-plaisir.com\/fr\/wp-content\/uploads\/2020\/05\/Fiches-infos-desinfection.png","uagb_featured_image_src":{"full":["https:\/\/www.plongee-plaisir.com\/fr\/wp-content\/uploads\/2020\/05\/Fiches-infos-desinfection.png",300,196,false],"thumbnail":["https:\/\/www.plongee-plaisir.com\/fr\/wp-content\/uploads\/2020\/05\/Fiches-infos-desinfection-150x150.png",150,150,true],"medium":["https:\/\/www.plongee-plaisir.com\/fr\/wp-content\/uploads\/2020\/05\/Fiches-infos-desinfection.png",300,196,false],"medium_large":["https:\/\/www.plongee-plaisir.com\/fr\/wp-content\/uploads\/2020\/05\/Fiches-infos-desinfection.png",300,196,false],"large":["https:\/\/www.plongee-plaisir.com\/fr\/wp-content\/uploads\/2020\/05\/Fiches-infos-desinfection.png",300,196,false],"1536x1536":["https:\/\/www.plongee-plaisir.com\/fr\/wp-content\/uploads\/2020\/05\/Fiches-infos-desinfection.png",300,196,false],"2048x2048":["https:\/\/www.plongee-plaisir.com\/fr\/wp-content\/uploads\/2020\/05\/Fiches-infos-desinfection.png",300,196,false],"featured-content":["https:\/\/www.plongee-plaisir.com\/fr\/wp-content\/uploads\/2020\/05\/Fiches-infos-desinfection.png",300,196,false],"author-pro-image":["https:\/\/www.plongee-plaisir.com\/fr\/wp-content\/uploads\/2020\/05\/Fiches-infos-desinfection.png",300,196,false],"tb-timeline-landscape":["https:\/\/www.plongee-plaisir.com\/fr\/wp-content\/uploads\/2020\/05\/Fiches-infos-desinfection.png",300,196,false],"tb-timeline-square":["https:\/\/www.plongee-plaisir.com\/fr\/wp-content\/uploads\/2020\/05\/Fiches-infos-desinfection.png",300,196,false],"ultp_layout_landscape_large":["https:\/\/www.plongee-plaisir.com\/fr\/wp-content\/uploads\/2020\/05\/Fiches-infos-desinfection.png",300,196,false],"ultp_layout_landscape":["https:\/\/www.plongee-plaisir.com\/fr\/wp-content\/uploads\/2020\/05\/Fiches-infos-desinfection.png",300,196,false],"ultp_layout_portrait":["https:\/\/www.plongee-plaisir.com\/fr\/wp-content\/uploads\/2020\/05\/Fiches-infos-desinfection.png",300,196,false],"ultp_layout_square":["https:\/\/www.plongee-plaisir.com\/fr\/wp-content\/uploads\/2020\/05\/Fiches-infos-desinfection.png",300,196,false],"vp_sm":["https:\/\/www.plongee-plaisir.com\/fr\/wp-content\/uploads\/2020\/05\/Fiches-infos-desinfection.png",300,196,false],"vp_md":["https:\/\/www.plongee-plaisir.com\/fr\/wp-content\/uploads\/2020\/05\/Fiches-infos-desinfection.png",300,196,false],"vp_lg":["https:\/\/www.plongee-plaisir.com\/fr\/wp-content\/uploads\/2020\/05\/Fiches-infos-desinfection.png",300,196,false],"vp_xl":["https:\/\/www.plongee-plaisir.com\/fr\/wp-content\/uploads\/2020\/05\/Fiches-infos-desinfection.png",300,196,false],"vp_sm_popup":["https:\/\/www.plongee-plaisir.com\/fr\/wp-content\/uploads\/2020\/05\/Fiches-infos-desinfection.png",300,196,false],"vp_md_popup":["https:\/\/www.plongee-plaisir.com\/fr\/wp-content\/uploads\/2020\/05\/Fiches-infos-desinfection.png",300,196,false],"vp_xl_popup":["https:\/\/www.plongee-plaisir.com\/fr\/wp-content\/uploads\/2020\/05\/Fiches-infos-desinfection.png",300,196,false],"gb-block-post-grid-landscape":["https:\/\/www.plongee-plaisir.com\/fr\/wp-content\/uploads\/2020\/05\/Fiches-infos-desinfection.png",300,196,false],"gb-block-post-grid-square":["https:\/\/www.plongee-plaisir.com\/fr\/wp-content\/uploads\/2020\/05\/Fiches-infos-desinfection.png",300,196,false],"woocommerce_thumbnail":["https:\/\/www.plongee-plaisir.com\/fr\/wp-content\/uploads\/2020\/05\/Fiches-infos-desinfection.png",300,196,false],"woocommerce_single":["https:\/\/www.plongee-plaisir.com\/fr\/wp-content\/uploads\/2020\/05\/Fiches-infos-desinfection.png",300,196,false],"woocommerce_gallery_thumbnail":["https:\/\/www.plongee-plaisir.com\/fr\/wp-content\/uploads\/2020\/05\/Fiches-infos-desinfection-100x100.png",100,100,true],"web-stories-poster-portrait":["https:\/\/www.plongee-plaisir.com\/fr\/wp-content\/uploads\/2020\/05\/Fiches-infos-desinfection.png",300,196,false],"web-stories-publisher-logo":["https:\/\/www.plongee-plaisir.com\/fr\/wp-content\/uploads\/2020\/05\/Fiches-infos-desinfection.png",96,63,false],"web-stories-thumbnail":["https:\/\/www.plongee-plaisir.com\/fr\/wp-content\/uploads\/2020\/05\/Fiches-infos-desinfection.png",150,98,false],"sow-carousel-default":["https:\/\/www.plongee-plaisir.com\/fr\/wp-content\/uploads\/2020\/05\/Fiches-infos-desinfection.png",272,178,false]},"uagb_author_info":{"display_name":"Alain Foret","author_link":"https:\/\/www.plongee-plaisir.com\/fr\/author\/plongeeplaisir\/"},"uagb_comment_info":0,"uagb_excerpt":"S&rsquo;il vous plait Connexion - Login Pour voir ce contenu. (Pas encore membre ? Adh&eacute;rez maintenant !)","coauthors":[],"author_meta":{"author_link":"https:\/\/www.plongee-plaisir.com\/fr\/author\/plongeeplaisir\/","display_name":"Alain Foret"},"relative_dates":{"created":"Publi\u00e9 6 ans il y a","modified":"Mis \u00e0 jour 5 ans il y a"},"absolute_dates":{"created":"Publi\u00e9 le 16 juillet 2020","modified":"Mise \u00e0 jour le 4 avril 2021"},"absolute_dates_time":{"created":"Publi\u00e9 le 16 juillet 2020 8 h 00 min","modified":"Mise \u00e0 jour le 4 avril 2021 20 h 05 min"},"featured_img_caption":"","featured_img":"https:\/\/www.plongee-plaisir.com\/fr\/wp-content\/uploads\/2020\/05\/Fiches-infos-desinfection.png","series_order":"","amp_enabled":true,"_links":{"self":[{"href":"https:\/\/www.plongee-plaisir.com\/fr\/wp-json\/wp\/v2\/pages\/24143","targetHints":{"allow":["GET"]}}],"collection":[{"href":"https:\/\/www.plongee-plaisir.com\/fr\/wp-json\/wp\/v2\/pages"}],"about":[{"href":"https:\/\/www.plongee-plaisir.com\/fr\/wp-json\/wp\/v2\/types\/page"}],"author":[{"embeddable":true,"href":"https:\/\/www.plongee-plaisir.com\/fr\/wp-json\/wp\/v2\/users\/4"}],"replies":[{"embeddable":true,"href":"https:\/\/www.plongee-plaisir.com\/fr\/wp-json\/wp\/v2\/comments?post=24143"}],"version-history":[{"count":0,"href":"https:\/\/www.plongee-plaisir.com\/fr\/wp-json\/wp\/v2\/pages\/24143\/revisions"}],"wp:featuredmedia":[{"embeddable":true,"href":"https:\/\/www.plongee-plaisir.com\/fr\/wp-json\/wp\/v2\/media\/35154"}],"wp:attachment":[{"href":"https:\/\/www.plongee-plaisir.com\/fr\/wp-json\/wp\/v2\/media?parent=24143"}],"curies":[{"name":"wp","href":"https:\/\/api.w.org\/{rel}","templated":true}]}}