{"id":24166,"date":"2019-07-01T19:05:44","date_gmt":"2019-07-01T17:05:44","guid":{"rendered":"https:\/\/www.plongee-plaisir.com\/fr\/?p=24166"},"modified":"2021-04-04T19:52:35","modified_gmt":"2021-04-04T17:52:35","slug":"fiche-cross-de-prise-dalerte","status":"publish","type":"page","link":"https:\/\/www.plongee-plaisir.com\/fr\/fiche-cross-de-prise-dalerte\/","title":{"rendered":"Fiche CROSS de prise d&rsquo;alerte"},"content":{"rendered":"\n<p class=\"has-text-color has-normal-font-size wp-block-paragraph\" style=\"color:#2676c9\"><a href=\"https:\/\/www.plongee-plaisir.com\/fr\/fiches-infos\/\">FICHES INFO<\/a> &gt; DIRIGER, ENCADRER<\/p>\n\n\n\n<div class=\"wp-block-kadence-spacer aligncenter kt-block-spacer-_72b3a8-64\"><div class=\"kt-block-spacer kt-block-spacer-halign-center\" style=\"height:17px\"><hr class=\"kt-divider\" style=\"border-top-color:rgba(38, 118, 201, 1);border-top-width:10px;width:100%;border-top-style:solid\"\/><\/div><\/div>\n\n\n\n<h1 class=\"wp-block-heading\">Fiche CROSS de prise d&rsquo;alerte<\/h1>\n\n\n\n<p class=\"wp-block-paragraph\">En France, pour tout accident de plong\u00e9e, en mer ou sur le littoral, vous avez obligation d\u2019alerte le CROSS (196 par t\u00e9l\u00e9phone, 16 \u00e0 la VHF, 70 \u00e0 la VHF-ASN). Le CROSS suit une proc\u00e9dure de prise d\u2019alerte \u00e9crite.<\/p>\n\n\n\n<p class=\"wp-block-paragraph\">Il est d\u2019abord demand\u00e9 des informations sur la navire, puis sur la plong\u00e9e, puis sur le bilan m\u00e9dical.<\/p>\n\n\n\n<p class=\"wp-block-paragraph\">C\u2019est ordre se justifie par des raisons op\u00e9rationnelles. Par exemple, il est essentiel de conna\u00eetre le plus t\u00f4t possible les caract\u00e9ristiques essentielles du navire et sa position pour envisager les moyens de secours les plus appropri\u00e9s (h\u00e9licopt\u00e8re, SDIS \u00e0 l\u2019arriv\u00e9e au port, \u2026).<\/p>\n\n\n\n<p class=\"wp-block-paragraph\">Le plan de secours propos\u00e9 par&nbsp;<em>Plong\u00e9e Plaisir<\/em>&nbsp;prend en compte les informations demand\u00e9es dans cette fiche : dimension, type et couleur de l\u2019embarcation, coordonn\u00e9es L\/G du site, distance au premier port, temps d\u2019arriv\u00e9e estim\u00e9 au premier en fonction de la motorisation de l\u2019embarcation, etc.<\/p>\n\n\n\n<p class=\"wp-block-paragraph\">Cela permet \u00e0 la personne lan\u00e7ant la proc\u00e9dure d\u2019alerte d\u2019avoir \u00e0 vue, sur le plan de secours, les informations demand\u00e9es par le CROSS.<\/p>\n\n\n\n<div style=\"height:25px\" aria-hidden=\"true\" class=\"wp-block-spacer\"><\/div>\n\n\n\n<p class=\"wp-block-paragraph\">Cette fiche est disponible dans la zone de t\u00e9l\u00e9chargements (gratuit, sur inscription).<\/p>\n\n\n\n<div style=\"height:22px\" aria-hidden=\"true\" class=\"wp-block-spacer\"><\/div>\n\n\n\n<div class=\"wp-block-button is-style-outline is-style-outline--1\"><a class=\"wp-block-button__link\" href=\"https:\/\/www.plongee-plaisir.com\/fr\/zone-telechargement\/\" style=\"border-radius:5px\">Acc\u00e9der \u00e0 la fiche de prise d&rsquo;Alerte<\/a><\/div>\n\n\n\n<div style=\"height:32px\" aria-hidden=\"true\" class=\"wp-block-spacer\"><\/div>\n\n\n\n<p class=\"wp-block-paragraph\">\u00a9 Extrait des&nbsp;<a href=\"https:\/\/www.plongee-plaisir.com\/fr\/livres-plongee\/\">livres Plong\u00e9e Plaisir<\/a>&nbsp;par Alain Foret aux Editions GAP.<br>Toute reproduction interdite sur quelque support que ce soit sans accord \u00e9crit de l\u2019\u00e9diteur et de l\u2019auteur.<\/p>\n\n\n\n<div class=\"wp-block-image is-style-default\"><figure class=\"alignleft size-large is-resized\"><img decoding=\"async\" src=\"https:\/\/www.plongee-plaisir.com\/fr\/wp-content\/uploads\/2021\/02\/carre.jpg\" alt=\"\" class=\"wp-image-48240\" width=\"30\" srcset=\"https:\/\/www.plongee-plaisir.com\/fr\/wp-content\/uploads\/2021\/02\/carre.jpg 102w, https:\/\/www.plongee-plaisir.com\/fr\/wp-content\/uploads\/2021\/02\/carre-100x100.jpg 100w\" sizes=\"(max-width: 102px) 100vw, 102px\" \/><\/figure><\/div>\n\n\n\n<p class=\"wp-block-paragraph\"><\/p>\n<style class=\"advgb-styles-renderer\">.wp-block-kadence-spacer.kt-block-spacer-_72b3a8-64 .kt-block-spacer{height:17px;}.wp-block-kadence-spacer.kt-block-spacer-_72b3a8-64 .kt-divider{border-top-width:10px;border-top-color:#2676c9;width:100%;border-top-style:solid;}<\/style>","protected":false},"excerpt":{"rendered":"<p>FICHES INFO &gt; DIRIGER, ENCADRER Fiche CROSS de prise d&rsquo;alerte En France, pour tout accident de plong\u00e9e, en mer ou sur le littoral, vous avez obligation d\u2019alerte le CROSS (196 par t\u00e9l\u00e9phone, 16 \u00e0 la VHF, 70 \u00e0 la VHF-ASN). Le CROSS suit une proc\u00e9dure de prise d\u2019alerte \u00e9crite. Il est d\u2019abord demand\u00e9 des informations [&hellip;]<\/p>\n","protected":false},"author":4,"featured_media":35544,"parent":0,"menu_order":0,"comment_status":"closed","ping_status":"closed","template":"","meta":{"_crdt_document":"","_uag_custom_page_level_css":"","advgb_blocks_editor_width":"","advgb_blocks_columns_visual_guide":"","_genesis_hide_title":true,"_genesis_hide_breadcrumbs":false,"_genesis_hide_singular_image":false,"_genesis_hide_footer_widgets":false,"_genesis_custom_body_class":"","_genesis_custom_post_class":"","_genesis_layout":"content-sidebar","_vp_format_video_url":"","_vp_image_focal_point":[],"footnotes":""},"class_list":{"0":"post-24166","1":"page","2":"type-page","3":"status-publish","4":"has-post-thumbnail","6":"entry"},"yoast_head":"<!-- This site is optimized with the Yoast SEO plugin v27.3 - https:\/\/yoast.com\/product\/yoast-seo-wordpress\/ -->\n<title>Fiche CROSS de prise d&#039;alerte - Plong\u00e9e Plaisir, site officiel<\/title>\n<meta name=\"robots\" content=\"index, follow, max-snippet:-1, max-image-preview:large, max-video-preview:-1\" \/>\n<link rel=\"canonical\" href=\"https:\/\/www.plongee-plaisir.com\/fr\/fiche-cross-de-prise-dalerte\/\" \/>\n<meta property=\"og:locale\" content=\"fr_FR\" \/>\n<meta property=\"og:type\" content=\"article\" \/>\n<meta property=\"og:title\" content=\"Fiche CROSS de prise d&#039;alerte - Plong\u00e9e Plaisir, site officiel\" \/>\n<meta property=\"og:description\" content=\"FICHES INFO &gt; DIRIGER, ENCADRER Fiche CROSS de prise d&rsquo;alerte En France, pour tout accident de plong\u00e9e, en mer ou sur le littoral, vous avez obligation d\u2019alerte le CROSS (196 par t\u00e9l\u00e9phone, 16 \u00e0 la VHF, 70 \u00e0 la VHF-ASN). Le CROSS suit une proc\u00e9dure de prise d\u2019alerte \u00e9crite. Il est d\u2019abord demand\u00e9 des informations [&hellip;]\" \/>\n<meta property=\"og:url\" content=\"https:\/\/www.plongee-plaisir.com\/fr\/fiche-cross-de-prise-dalerte\/\" \/>\n<meta property=\"og:site_name\" content=\"Plong\u00e9e Plaisir, site officiel\" \/>\n<meta property=\"article:modified_time\" content=\"2021-04-04T17:52:35+00:00\" \/>\n<meta property=\"og:image\" content=\"https:\/\/www.plongee-plaisir.com\/fr\/wp-content\/uploads\/2019\/07\/Fiches-infos-fiche-cross.png\" \/>\n\t<meta property=\"og:image:width\" content=\"300\" \/>\n\t<meta property=\"og:image:height\" content=\"196\" \/>\n\t<meta property=\"og:image:type\" content=\"image\/png\" \/>\n<meta name=\"twitter:card\" content=\"summary_large_image\" \/>\n<meta name=\"twitter:label1\" content=\"Dur\u00e9e de lecture estim\u00e9e\" \/>\n\t<meta name=\"twitter:data1\" content=\"2 minutes\" \/>\n<script type=\"application\/ld+json\" class=\"yoast-schema-graph\">{\"@context\":\"https:\\\/\\\/schema.org\",\"@graph\":[{\"@type\":\"WebPage\",\"@id\":\"https:\\\/\\\/www.plongee-plaisir.com\\\/fr\\\/fiche-cross-de-prise-dalerte\\\/\",\"url\":\"https:\\\/\\\/www.plongee-plaisir.com\\\/fr\\\/fiche-cross-de-prise-dalerte\\\/\",\"name\":\"Fiche CROSS de prise d'alerte - Plong\u00e9e Plaisir, site officiel\",\"isPartOf\":{\"@id\":\"https:\\\/\\\/www.plongee-plaisir.com\\\/fr\\\/#website\"},\"primaryImageOfPage\":{\"@id\":\"https:\\\/\\\/www.plongee-plaisir.com\\\/fr\\\/fiche-cross-de-prise-dalerte\\\/#primaryimage\"},\"image\":{\"@id\":\"https:\\\/\\\/www.plongee-plaisir.com\\\/fr\\\/fiche-cross-de-prise-dalerte\\\/#primaryimage\"},\"thumbnailUrl\":\"https:\\\/\\\/www.plongee-plaisir.com\\\/fr\\\/wp-content\\\/uploads\\\/2019\\\/07\\\/Fiches-infos-fiche-cross.png\",\"datePublished\":\"2019-07-01T17:05:44+00:00\",\"dateModified\":\"2021-04-04T17:52:35+00:00\",\"breadcrumb\":{\"@id\":\"https:\\\/\\\/www.plongee-plaisir.com\\\/fr\\\/fiche-cross-de-prise-dalerte\\\/#breadcrumb\"},\"inLanguage\":\"fr-FR\",\"potentialAction\":[{\"@type\":\"ReadAction\",\"target\":[\"https:\\\/\\\/www.plongee-plaisir.com\\\/fr\\\/fiche-cross-de-prise-dalerte\\\/\"]}]},{\"@type\":\"ImageObject\",\"inLanguage\":\"fr-FR\",\"@id\":\"https:\\\/\\\/www.plongee-plaisir.com\\\/fr\\\/fiche-cross-de-prise-dalerte\\\/#primaryimage\",\"url\":\"https:\\\/\\\/www.plongee-plaisir.com\\\/fr\\\/wp-content\\\/uploads\\\/2019\\\/07\\\/Fiches-infos-fiche-cross.png\",\"contentUrl\":\"https:\\\/\\\/www.plongee-plaisir.com\\\/fr\\\/wp-content\\\/uploads\\\/2019\\\/07\\\/Fiches-infos-fiche-cross.png\",\"width\":300,\"height\":196},{\"@type\":\"BreadcrumbList\",\"@id\":\"https:\\\/\\\/www.plongee-plaisir.com\\\/fr\\\/fiche-cross-de-prise-dalerte\\\/#breadcrumb\",\"itemListElement\":[{\"@type\":\"ListItem\",\"position\":1,\"name\":\"Accueil\",\"item\":\"https:\\\/\\\/www.plongee-plaisir.com\\\/fr\\\/\"},{\"@type\":\"ListItem\",\"position\":2,\"name\":\"Fiche CROSS de prise d&rsquo;alerte\"}]},{\"@type\":\"WebSite\",\"@id\":\"https:\\\/\\\/www.plongee-plaisir.com\\\/fr\\\/#website\",\"url\":\"https:\\\/\\\/www.plongee-plaisir.com\\\/fr\\\/\",\"name\":\"Plong\u00e9e Plaisir, site officiel\",\"description\":\"Apprendre \u00e0 plonger - Learning to dive\",\"potentialAction\":[{\"@type\":\"SearchAction\",\"target\":{\"@type\":\"EntryPoint\",\"urlTemplate\":\"https:\\\/\\\/www.plongee-plaisir.com\\\/fr\\\/?s={search_term_string}\"},\"query-input\":{\"@type\":\"PropertyValueSpecification\",\"valueRequired\":true,\"valueName\":\"search_term_string\"}}],\"inLanguage\":\"fr-FR\"}]}<\/script>\n<!-- \/ Yoast SEO plugin. -->","yoast_head_json":{"title":"Fiche CROSS de prise d'alerte - Plong\u00e9e Plaisir, site officiel","robots":{"index":"index","follow":"follow","max-snippet":"max-snippet:-1","max-image-preview":"max-image-preview:large","max-video-preview":"max-video-preview:-1"},"canonical":"https:\/\/www.plongee-plaisir.com\/fr\/fiche-cross-de-prise-dalerte\/","og_locale":"fr_FR","og_type":"article","og_title":"Fiche CROSS de prise d'alerte - Plong\u00e9e Plaisir, site officiel","og_description":"FICHES INFO &gt; DIRIGER, ENCADRER Fiche CROSS de prise d&rsquo;alerte En France, pour tout accident de plong\u00e9e, en mer ou sur le littoral, vous avez obligation d\u2019alerte le CROSS (196 par t\u00e9l\u00e9phone, 16 \u00e0 la VHF, 70 \u00e0 la VHF-ASN). Le CROSS suit une proc\u00e9dure de prise d\u2019alerte \u00e9crite. Il est d\u2019abord demand\u00e9 des informations [&hellip;]","og_url":"https:\/\/www.plongee-plaisir.com\/fr\/fiche-cross-de-prise-dalerte\/","og_site_name":"Plong\u00e9e Plaisir, site officiel","article_modified_time":"2021-04-04T17:52:35+00:00","og_image":[{"width":300,"height":196,"url":"https:\/\/www.plongee-plaisir.com\/fr\/wp-content\/uploads\/2019\/07\/Fiches-infos-fiche-cross.png","type":"image\/png"}],"twitter_card":"summary_large_image","twitter_misc":{"Dur\u00e9e de lecture estim\u00e9e":"2 minutes"},"schema":{"@context":"https:\/\/schema.org","@graph":[{"@type":"WebPage","@id":"https:\/\/www.plongee-plaisir.com\/fr\/fiche-cross-de-prise-dalerte\/","url":"https:\/\/www.plongee-plaisir.com\/fr\/fiche-cross-de-prise-dalerte\/","name":"Fiche CROSS de prise d'alerte - Plong\u00e9e Plaisir, site officiel","isPartOf":{"@id":"https:\/\/www.plongee-plaisir.com\/fr\/#website"},"primaryImageOfPage":{"@id":"https:\/\/www.plongee-plaisir.com\/fr\/fiche-cross-de-prise-dalerte\/#primaryimage"},"image":{"@id":"https:\/\/www.plongee-plaisir.com\/fr\/fiche-cross-de-prise-dalerte\/#primaryimage"},"thumbnailUrl":"https:\/\/www.plongee-plaisir.com\/fr\/wp-content\/uploads\/2019\/07\/Fiches-infos-fiche-cross.png","datePublished":"2019-07-01T17:05:44+00:00","dateModified":"2021-04-04T17:52:35+00:00","breadcrumb":{"@id":"https:\/\/www.plongee-plaisir.com\/fr\/fiche-cross-de-prise-dalerte\/#breadcrumb"},"inLanguage":"fr-FR","potentialAction":[{"@type":"ReadAction","target":["https:\/\/www.plongee-plaisir.com\/fr\/fiche-cross-de-prise-dalerte\/"]}]},{"@type":"ImageObject","inLanguage":"fr-FR","@id":"https:\/\/www.plongee-plaisir.com\/fr\/fiche-cross-de-prise-dalerte\/#primaryimage","url":"https:\/\/www.plongee-plaisir.com\/fr\/wp-content\/uploads\/2019\/07\/Fiches-infos-fiche-cross.png","contentUrl":"https:\/\/www.plongee-plaisir.com\/fr\/wp-content\/uploads\/2019\/07\/Fiches-infos-fiche-cross.png","width":300,"height":196},{"@type":"BreadcrumbList","@id":"https:\/\/www.plongee-plaisir.com\/fr\/fiche-cross-de-prise-dalerte\/#breadcrumb","itemListElement":[{"@type":"ListItem","position":1,"name":"Accueil","item":"https:\/\/www.plongee-plaisir.com\/fr\/"},{"@type":"ListItem","position":2,"name":"Fiche CROSS de prise d&rsquo;alerte"}]},{"@type":"WebSite","@id":"https:\/\/www.plongee-plaisir.com\/fr\/#website","url":"https:\/\/www.plongee-plaisir.com\/fr\/","name":"Plong\u00e9e Plaisir, site officiel","description":"Apprendre \u00e0 plonger - Learning to dive","potentialAction":[{"@type":"SearchAction","target":{"@type":"EntryPoint","urlTemplate":"https:\/\/www.plongee-plaisir.com\/fr\/?s={search_term_string}"},"query-input":{"@type":"PropertyValueSpecification","valueRequired":true,"valueName":"search_term_string"}}],"inLanguage":"fr-FR"}]}},"featured_image_src":"https:\/\/www.plongee-plaisir.com\/fr\/wp-content\/uploads\/2019\/07\/Fiches-infos-fiche-cross.png","featured_image_src_square":"https:\/\/www.plongee-plaisir.com\/fr\/wp-content\/uploads\/2019\/07\/Fiches-infos-fiche-cross.png","uagb_featured_image_src":{"full":["https:\/\/www.plongee-plaisir.com\/fr\/wp-content\/uploads\/2019\/07\/Fiches-infos-fiche-cross.png",300,196,false],"thumbnail":["https:\/\/www.plongee-plaisir.com\/fr\/wp-content\/uploads\/2019\/07\/Fiches-infos-fiche-cross-150x150.png",150,150,true],"medium":["https:\/\/www.plongee-plaisir.com\/fr\/wp-content\/uploads\/2019\/07\/Fiches-infos-fiche-cross.png",300,196,false],"medium_large":["https:\/\/www.plongee-plaisir.com\/fr\/wp-content\/uploads\/2019\/07\/Fiches-infos-fiche-cross.png",300,196,false],"large":["https:\/\/www.plongee-plaisir.com\/fr\/wp-content\/uploads\/2019\/07\/Fiches-infos-fiche-cross.png",300,196,false],"1536x1536":["https:\/\/www.plongee-plaisir.com\/fr\/wp-content\/uploads\/2019\/07\/Fiches-infos-fiche-cross.png",300,196,false],"2048x2048":["https:\/\/www.plongee-plaisir.com\/fr\/wp-content\/uploads\/2019\/07\/Fiches-infos-fiche-cross.png",300,196,false],"featured-content":["https:\/\/www.plongee-plaisir.com\/fr\/wp-content\/uploads\/2019\/07\/Fiches-infos-fiche-cross.png",300,196,false],"author-pro-image":["https:\/\/www.plongee-plaisir.com\/fr\/wp-content\/uploads\/2019\/07\/Fiches-infos-fiche-cross.png",300,196,false],"tb-timeline-landscape":["https:\/\/www.plongee-plaisir.com\/fr\/wp-content\/uploads\/2019\/07\/Fiches-infos-fiche-cross.png",300,196,false],"tb-timeline-square":["https:\/\/www.plongee-plaisir.com\/fr\/wp-content\/uploads\/2019\/07\/Fiches-infos-fiche-cross.png",300,196,false],"ultp_layout_landscape_large":["https:\/\/www.plongee-plaisir.com\/fr\/wp-content\/uploads\/2019\/07\/Fiches-infos-fiche-cross.png",300,196,false],"ultp_layout_landscape":["https:\/\/www.plongee-plaisir.com\/fr\/wp-content\/uploads\/2019\/07\/Fiches-infos-fiche-cross.png",300,196,false],"ultp_layout_portrait":["https:\/\/www.plongee-plaisir.com\/fr\/wp-content\/uploads\/2019\/07\/Fiches-infos-fiche-cross.png",300,196,false],"ultp_layout_square":["https:\/\/www.plongee-plaisir.com\/fr\/wp-content\/uploads\/2019\/07\/Fiches-infos-fiche-cross.png",300,196,false],"vp_sm":["https:\/\/www.plongee-plaisir.com\/fr\/wp-content\/uploads\/2019\/07\/Fiches-infos-fiche-cross.png",300,196,false],"vp_md":["https:\/\/www.plongee-plaisir.com\/fr\/wp-content\/uploads\/2019\/07\/Fiches-infos-fiche-cross.png",300,196,false],"vp_lg":["https:\/\/www.plongee-plaisir.com\/fr\/wp-content\/uploads\/2019\/07\/Fiches-infos-fiche-cross.png",300,196,false],"vp_xl":["https:\/\/www.plongee-plaisir.com\/fr\/wp-content\/uploads\/2019\/07\/Fiches-infos-fiche-cross.png",300,196,false],"vp_sm_popup":["https:\/\/www.plongee-plaisir.com\/fr\/wp-content\/uploads\/2019\/07\/Fiches-infos-fiche-cross.png",300,196,false],"vp_md_popup":["https:\/\/www.plongee-plaisir.com\/fr\/wp-content\/uploads\/2019\/07\/Fiches-infos-fiche-cross.png",300,196,false],"vp_xl_popup":["https:\/\/www.plongee-plaisir.com\/fr\/wp-content\/uploads\/2019\/07\/Fiches-infos-fiche-cross.png",300,196,false],"gb-block-post-grid-landscape":["https:\/\/www.plongee-plaisir.com\/fr\/wp-content\/uploads\/2019\/07\/Fiches-infos-fiche-cross.png",300,196,false],"gb-block-post-grid-square":["https:\/\/www.plongee-plaisir.com\/fr\/wp-content\/uploads\/2019\/07\/Fiches-infos-fiche-cross.png",300,196,false],"woocommerce_thumbnail":["https:\/\/www.plongee-plaisir.com\/fr\/wp-content\/uploads\/2019\/07\/Fiches-infos-fiche-cross.png",300,196,false],"woocommerce_single":["https:\/\/www.plongee-plaisir.com\/fr\/wp-content\/uploads\/2019\/07\/Fiches-infos-fiche-cross.png",300,196,false],"woocommerce_gallery_thumbnail":["https:\/\/www.plongee-plaisir.com\/fr\/wp-content\/uploads\/2019\/07\/Fiches-infos-fiche-cross-100x100.png",100,100,true],"web-stories-poster-portrait":["https:\/\/www.plongee-plaisir.com\/fr\/wp-content\/uploads\/2019\/07\/Fiches-infos-fiche-cross.png",300,196,false],"web-stories-publisher-logo":["https:\/\/www.plongee-plaisir.com\/fr\/wp-content\/uploads\/2019\/07\/Fiches-infos-fiche-cross.png",96,63,false],"web-stories-thumbnail":["https:\/\/www.plongee-plaisir.com\/fr\/wp-content\/uploads\/2019\/07\/Fiches-infos-fiche-cross.png",150,98,false],"sow-carousel-default":["https:\/\/www.plongee-plaisir.com\/fr\/wp-content\/uploads\/2019\/07\/Fiches-infos-fiche-cross.png",272,178,false]},"uagb_author_info":{"display_name":"Alain Foret","author_link":"https:\/\/www.plongee-plaisir.com\/fr\/author\/plongeeplaisir\/"},"uagb_comment_info":0,"uagb_excerpt":"FICHES INFO &gt; DIRIGER, ENCADRER Fiche CROSS de prise d&rsquo;alerte En France, pour tout accident de plong\u00e9e, en mer ou sur le littoral, vous avez obligation d\u2019alerte le CROSS (196 par t\u00e9l\u00e9phone, 16 \u00e0 la VHF, 70 \u00e0 la VHF-ASN). Le CROSS suit une proc\u00e9dure de prise d\u2019alerte \u00e9crite. Il est d\u2019abord demand\u00e9 des informations\u2026","coauthors":[],"author_meta":{"author_link":"https:\/\/www.plongee-plaisir.com\/fr\/author\/plongeeplaisir\/","display_name":"Alain Foret"},"relative_dates":{"created":"Publi\u00e9 7 ans il y a","modified":"Mis \u00e0 jour 5 ans il y a"},"absolute_dates":{"created":"Publi\u00e9 le 1 juillet 2019","modified":"Mise \u00e0 jour le 4 avril 2021"},"absolute_dates_time":{"created":"Publi\u00e9 le 1 juillet 2019 19 h 05 min","modified":"Mise \u00e0 jour le 4 avril 2021 19 h 52 min"},"featured_img_caption":"","featured_img":"https:\/\/www.plongee-plaisir.com\/fr\/wp-content\/uploads\/2019\/07\/Fiches-infos-fiche-cross.png","series_order":"","amp_enabled":true,"_links":{"self":[{"href":"https:\/\/www.plongee-plaisir.com\/fr\/wp-json\/wp\/v2\/pages\/24166","targetHints":{"allow":["GET"]}}],"collection":[{"href":"https:\/\/www.plongee-plaisir.com\/fr\/wp-json\/wp\/v2\/pages"}],"about":[{"href":"https:\/\/www.plongee-plaisir.com\/fr\/wp-json\/wp\/v2\/types\/page"}],"author":[{"embeddable":true,"href":"https:\/\/www.plongee-plaisir.com\/fr\/wp-json\/wp\/v2\/users\/4"}],"replies":[{"embeddable":true,"href":"https:\/\/www.plongee-plaisir.com\/fr\/wp-json\/wp\/v2\/comments?post=24166"}],"version-history":[{"count":0,"href":"https:\/\/www.plongee-plaisir.com\/fr\/wp-json\/wp\/v2\/pages\/24166\/revisions"}],"wp:featuredmedia":[{"embeddable":true,"href":"https:\/\/www.plongee-plaisir.com\/fr\/wp-json\/wp\/v2\/media\/35544"}],"wp:attachment":[{"href":"https:\/\/www.plongee-plaisir.com\/fr\/wp-json\/wp\/v2\/media?parent=24166"}],"curies":[{"name":"wp","href":"https:\/\/api.w.org\/{rel}","templated":true}]}}