{"id":24169,"date":"2019-07-01T19:14:37","date_gmt":"2019-07-01T17:14:37","guid":{"rendered":"https:\/\/www.plongee-plaisir.com\/fr\/?p=24169"},"modified":"2021-09-15T15:59:24","modified_gmt":"2021-09-15T13:59:24","slug":"fiche-devacuation","status":"publish","type":"page","link":"https:\/\/www.plongee-plaisir.com\/fr\/fiche-devacuation\/","title":{"rendered":"Fiche d&rsquo;\u00e9vacuation"},"content":{"rendered":"\n<p class=\"has-text-color has-normal-font-size wp-block-paragraph\" style=\"color:#2676c9\"><a href=\"https:\/\/www.plongee-plaisir.com\/fr\/fiches-infos\/\">FICHES INFO<\/a> &gt; DIRIGER, ENCADRER<\/p>\n\n\n\n<div class=\"wp-block-kadence-spacer aligncenter kt-block-spacer-_72b3a8-64\"><div class=\"kt-block-spacer kt-block-spacer-halign-center\" style=\"height:17px\"><hr class=\"kt-divider\" style=\"border-top-color:#2676c9;border-top-width:10px;width:100%;border-top-style:solid\"\/><\/div><\/div>\n\n\n\n<h1 class=\"wp-block-heading\">Fiche d&rsquo;\u00e9vacuation<\/h1>\n\n\n\n<p class=\"wp-block-paragraph\">Une copie de la fiche d\u2019\u00e9vacuation pr\u00e9vue dans le code du sport doit \u00eatre remplie en cas d\u2019accident grave (<a aria-label=\"annexe III-19, art. A322-78 (ouverture dans un nouvel onglet)\" href=\"https:\/\/www.legifrance.gouv.fr\/affichCodeArticle.do?cidTexte=LEGITEXT000006071318&amp;idArticle=LEGIARTI000025393427&amp;dateTexte=&amp;categorieLien=cid\" target=\"_blank\" rel=\"noreferrer noopener\">annexe III-19, art. A322-78<\/a> du code du sport) et transmise aux \u00e9quipes m\u00e9dicales.<\/p>\n\n\n\n<p class=\"wp-block-paragraph\">Des mod\u00e8les de fiches vierges sont obligatoires.<\/p>\n\n\n\n<p class=\"wp-block-paragraph\"><strong>Cette fiche contient :<\/strong><\/p>\n\n\n\n<ul class=\"wp-block-list\"><li>Des informations sur le plongeur accident\u00e9 (nom, pr\u00e9nom, date de naissance, club d\u2019appartenance\u2026) ;<\/li><li>Lieu de l\u2019accident ;<\/li><li>Type de plong\u00e9e (air, nitrox, trimix, prof. max., temps de plong\u00e9e, paliers, heure de sortie, proc\u00e9dures de d\u00e9saturation, vitesse de remont\u00e9e\u2026) ;<\/li><li>Signes observ\u00e9s (pouls, paralysies, froid, tremblements\u2026) et \u00e9volution constat\u00e9e ;<\/li><li>Premiers secours apport\u00e9s (oxyg\u00e8ne, hydratation\u2026).<\/li><\/ul>\n\n\n\n<p class=\"wp-block-paragraph\"><strong>Cas pouvant \u00eatre constitutifs d&rsquo;infraction :<\/strong><\/p>\n\n\n\n<ul class=\"wp-block-list\"><li>Ne pas disposer de mod\u00e8les vierges de fiches d&rsquo;\u00e9vacuation, que ce soit pour des plong\u00e9es \u00e0 bord d&rsquo;un bateau, du bord, en piscine, en fosse, en ERP de type PA ou autres ;<\/li><li>Ne pas remplir la fiche d&rsquo;\u00e9vacuation en cas d&rsquo;accident ;<\/li><li>Ne pas utiliser le mod\u00e8le de fiche d&rsquo;\u00e9vacuation pr\u00e9vu \u00e0 l&rsquo;<a href=\"https:\/\/www.legifrance.gouv.fr\/affichCodeArticle.do?cidTexte=LEGITEXT000006071318&amp;idArticle=LEGIARTI000025393427&amp;dateTexte=&amp;categorieLien=cid\" target=\"_blank\" rel=\"noreferrer noopener\">annexe III-19, art. A322-78<\/a>\u00a0du code du sport ;<\/li><li>Ne pas transmettre cette fiche aux \u00e9quipes m\u00e9dicales.<\/li><\/ul>\n\n\n\n<p class=\"wp-block-paragraph\">Vous pouvez t\u00e9l\u00e9charger une fiche d&rsquo;\u00e9vacuation vierge conforme \u00e0 la r\u00e9glementation dans l&rsquo;espace de t\u00e9l\u00e9chargement <em>Plong\u00e9e Plaisir<\/em> (gratuit, sur inscription).<\/p>\n\n\n\n<div style=\"height:15px\" aria-hidden=\"true\" class=\"wp-block-spacer\"><\/div>\n\n\n\n<div class=\"wp-block-button is-style-outline is-style-outline--1\"><a class=\"wp-block-button__link\" href=\"https:\/\/www.plongee-plaisir.com\/fr\/zone-telechargement\/\" style=\"border-radius:5px\">T\u00e9l\u00e9charger une fiche vierge<\/a><\/div>\n\n\n\n<div style=\"height:16px\" aria-hidden=\"true\" class=\"wp-block-spacer\"><\/div>\n\n\n\n<p class=\"wp-block-paragraph\">\u00a9 Extrait des&nbsp;<a href=\"https:\/\/www.plongee-plaisir.com\/fr\/livres-plongee\/\">livres Plong\u00e9e Plaisir<\/a>&nbsp;par Alain Foret aux Editions GAP.<br>Toute reproduction interdite sur quelque support que ce soit sans accord \u00e9crit de l\u2019\u00e9diteur et de l\u2019auteur.<\/p>\n\n\n\n<div class=\"wp-block-image is-style-default\"><figure class=\"alignleft size-large is-resized\"><img decoding=\"async\" src=\"https:\/\/www.plongee-plaisir.com\/fr\/wp-content\/uploads\/2021\/02\/carre.jpg\" alt=\"\" class=\"wp-image-48240\" width=\"30\" srcset=\"https:\/\/www.plongee-plaisir.com\/fr\/wp-content\/uploads\/2021\/02\/carre.jpg 102w, https:\/\/www.plongee-plaisir.com\/fr\/wp-content\/uploads\/2021\/02\/carre-100x100.jpg 100w\" sizes=\"(max-width: 102px) 100vw, 102px\" \/><\/figure><\/div>\n\n\n\n<p class=\"wp-block-paragraph\"><\/p>\n<style class=\"advgb-styles-renderer\">.wp-block-kadence-spacer.kt-block-spacer-_72b3a8-64 .kt-block-spacer{height:17px;}.wp-block-kadence-spacer.kt-block-spacer-_72b3a8-64 .kt-divider{border-top-width:10px;border-top-color:#2676c9;width:100%;border-top-style:solid;}<\/style>","protected":false},"excerpt":{"rendered":"<p>FICHES INFO &gt; DIRIGER, ENCADRER Fiche d&rsquo;\u00e9vacuation Une copie de la fiche d\u2019\u00e9vacuation pr\u00e9vue dans le code du sport doit \u00eatre remplie en cas d\u2019accident grave (annexe III-19, art. A322-78 du code du sport) et transmise aux \u00e9quipes m\u00e9dicales. Des mod\u00e8les de fiches vierges sont obligatoires. Cette fiche contient : Des informations sur le plongeur [&hellip;]<\/p>\n","protected":false},"author":4,"featured_media":35540,"parent":0,"menu_order":0,"comment_status":"closed","ping_status":"closed","template":"","meta":{"_crdt_document":"","_uag_custom_page_level_css":"","advgb_blocks_editor_width":"","advgb_blocks_columns_visual_guide":"","_genesis_hide_title":true,"_genesis_hide_breadcrumbs":false,"_genesis_hide_singular_image":false,"_genesis_hide_footer_widgets":false,"_genesis_custom_body_class":"","_genesis_custom_post_class":"","_genesis_layout":"content-sidebar","_vp_format_video_url":"","_vp_image_focal_point":[],"footnotes":""},"class_list":{"0":"post-24169","1":"page","2":"type-page","3":"status-publish","4":"has-post-thumbnail","6":"entry"},"yoast_head":"<!-- This site is optimized with the Yoast SEO plugin v27.5 - https:\/\/yoast.com\/product\/yoast-seo-wordpress\/ -->\n<title>Fiche d&#039;\u00e9vacuation - Plong\u00e9e Plaisir, site officiel<\/title>\n<meta name=\"robots\" content=\"index, follow, max-snippet:-1, max-image-preview:large, max-video-preview:-1\" \/>\n<link rel=\"canonical\" href=\"https:\/\/www.plongee-plaisir.com\/fr\/fiche-devacuation\/\" \/>\n<meta property=\"og:locale\" content=\"fr_FR\" \/>\n<meta property=\"og:type\" content=\"article\" \/>\n<meta property=\"og:title\" content=\"Fiche d&#039;\u00e9vacuation - Plong\u00e9e Plaisir, site officiel\" \/>\n<meta property=\"og:description\" content=\"FICHES INFO &gt; DIRIGER, ENCADRER Fiche d&rsquo;\u00e9vacuation Une copie de la fiche d\u2019\u00e9vacuation pr\u00e9vue dans le code du sport doit \u00eatre remplie en cas d\u2019accident grave (annexe III-19, art. A322-78 du code du sport) et transmise aux \u00e9quipes m\u00e9dicales. Des mod\u00e8les de fiches vierges sont obligatoires. Cette fiche contient : Des informations sur le plongeur [&hellip;]\" \/>\n<meta property=\"og:url\" content=\"https:\/\/www.plongee-plaisir.com\/fr\/fiche-devacuation\/\" \/>\n<meta property=\"og:site_name\" content=\"Plong\u00e9e Plaisir, site officiel\" \/>\n<meta property=\"article:modified_time\" content=\"2021-09-15T13:59:24+00:00\" \/>\n<meta property=\"og:image\" content=\"https:\/\/www.plongee-plaisir.com\/fr\/wp-content\/uploads\/2019\/07\/Fiches-infos-fiche-evacuation.png\" \/>\n\t<meta property=\"og:image:width\" content=\"300\" \/>\n\t<meta property=\"og:image:height\" content=\"196\" \/>\n\t<meta property=\"og:image:type\" content=\"image\/png\" \/>\n<meta name=\"twitter:card\" content=\"summary_large_image\" \/>\n<meta name=\"twitter:label1\" content=\"Dur\u00e9e de lecture estim\u00e9e\" \/>\n\t<meta name=\"twitter:data1\" content=\"2 minutes\" \/>\n<script type=\"application\/ld+json\" class=\"yoast-schema-graph\">{\"@context\":\"https:\\\/\\\/schema.org\",\"@graph\":[{\"@type\":\"WebPage\",\"@id\":\"https:\\\/\\\/www.plongee-plaisir.com\\\/fr\\\/fiche-devacuation\\\/\",\"url\":\"https:\\\/\\\/www.plongee-plaisir.com\\\/fr\\\/fiche-devacuation\\\/\",\"name\":\"Fiche d'\u00e9vacuation - Plong\u00e9e Plaisir, site officiel\",\"isPartOf\":{\"@id\":\"https:\\\/\\\/www.plongee-plaisir.com\\\/fr\\\/#website\"},\"primaryImageOfPage\":{\"@id\":\"https:\\\/\\\/www.plongee-plaisir.com\\\/fr\\\/fiche-devacuation\\\/#primaryimage\"},\"image\":{\"@id\":\"https:\\\/\\\/www.plongee-plaisir.com\\\/fr\\\/fiche-devacuation\\\/#primaryimage\"},\"thumbnailUrl\":\"https:\\\/\\\/www.plongee-plaisir.com\\\/fr\\\/wp-content\\\/uploads\\\/2019\\\/07\\\/Fiches-infos-fiche-evacuation.png\",\"datePublished\":\"2019-07-01T17:14:37+00:00\",\"dateModified\":\"2021-09-15T13:59:24+00:00\",\"breadcrumb\":{\"@id\":\"https:\\\/\\\/www.plongee-plaisir.com\\\/fr\\\/fiche-devacuation\\\/#breadcrumb\"},\"inLanguage\":\"fr-FR\",\"potentialAction\":[{\"@type\":\"ReadAction\",\"target\":[\"https:\\\/\\\/www.plongee-plaisir.com\\\/fr\\\/fiche-devacuation\\\/\"]}]},{\"@type\":\"ImageObject\",\"inLanguage\":\"fr-FR\",\"@id\":\"https:\\\/\\\/www.plongee-plaisir.com\\\/fr\\\/fiche-devacuation\\\/#primaryimage\",\"url\":\"https:\\\/\\\/www.plongee-plaisir.com\\\/fr\\\/wp-content\\\/uploads\\\/2019\\\/07\\\/Fiches-infos-fiche-evacuation.png\",\"contentUrl\":\"https:\\\/\\\/www.plongee-plaisir.com\\\/fr\\\/wp-content\\\/uploads\\\/2019\\\/07\\\/Fiches-infos-fiche-evacuation.png\",\"width\":300,\"height\":196},{\"@type\":\"BreadcrumbList\",\"@id\":\"https:\\\/\\\/www.plongee-plaisir.com\\\/fr\\\/fiche-devacuation\\\/#breadcrumb\",\"itemListElement\":[{\"@type\":\"ListItem\",\"position\":1,\"name\":\"Accueil\",\"item\":\"https:\\\/\\\/www.plongee-plaisir.com\\\/fr\\\/\"},{\"@type\":\"ListItem\",\"position\":2,\"name\":\"Fiche d&rsquo;\u00e9vacuation\"}]},{\"@type\":\"WebSite\",\"@id\":\"https:\\\/\\\/www.plongee-plaisir.com\\\/fr\\\/#website\",\"url\":\"https:\\\/\\\/www.plongee-plaisir.com\\\/fr\\\/\",\"name\":\"Plong\u00e9e Plaisir, site officiel\",\"description\":\"Apprendre \u00e0 plonger - Learning to dive\",\"potentialAction\":[{\"@type\":\"SearchAction\",\"target\":{\"@type\":\"EntryPoint\",\"urlTemplate\":\"https:\\\/\\\/www.plongee-plaisir.com\\\/fr\\\/?s={search_term_string}\"},\"query-input\":{\"@type\":\"PropertyValueSpecification\",\"valueRequired\":true,\"valueName\":\"search_term_string\"}}],\"inLanguage\":\"fr-FR\"}]}<\/script>\n<!-- \/ Yoast SEO plugin. -->","yoast_head_json":{"title":"Fiche d'\u00e9vacuation - Plong\u00e9e Plaisir, site officiel","robots":{"index":"index","follow":"follow","max-snippet":"max-snippet:-1","max-image-preview":"max-image-preview:large","max-video-preview":"max-video-preview:-1"},"canonical":"https:\/\/www.plongee-plaisir.com\/fr\/fiche-devacuation\/","og_locale":"fr_FR","og_type":"article","og_title":"Fiche d'\u00e9vacuation - Plong\u00e9e Plaisir, site officiel","og_description":"FICHES INFO &gt; DIRIGER, ENCADRER Fiche d&rsquo;\u00e9vacuation Une copie de la fiche d\u2019\u00e9vacuation pr\u00e9vue dans le code du sport doit \u00eatre remplie en cas d\u2019accident grave (annexe III-19, art. A322-78 du code du sport) et transmise aux \u00e9quipes m\u00e9dicales. Des mod\u00e8les de fiches vierges sont obligatoires. Cette fiche contient : Des informations sur le plongeur [&hellip;]","og_url":"https:\/\/www.plongee-plaisir.com\/fr\/fiche-devacuation\/","og_site_name":"Plong\u00e9e Plaisir, site officiel","article_modified_time":"2021-09-15T13:59:24+00:00","og_image":[{"width":300,"height":196,"url":"https:\/\/www.plongee-plaisir.com\/fr\/wp-content\/uploads\/2019\/07\/Fiches-infos-fiche-evacuation.png","type":"image\/png"}],"twitter_card":"summary_large_image","twitter_misc":{"Dur\u00e9e de lecture estim\u00e9e":"2 minutes"},"schema":{"@context":"https:\/\/schema.org","@graph":[{"@type":"WebPage","@id":"https:\/\/www.plongee-plaisir.com\/fr\/fiche-devacuation\/","url":"https:\/\/www.plongee-plaisir.com\/fr\/fiche-devacuation\/","name":"Fiche d'\u00e9vacuation - Plong\u00e9e Plaisir, site officiel","isPartOf":{"@id":"https:\/\/www.plongee-plaisir.com\/fr\/#website"},"primaryImageOfPage":{"@id":"https:\/\/www.plongee-plaisir.com\/fr\/fiche-devacuation\/#primaryimage"},"image":{"@id":"https:\/\/www.plongee-plaisir.com\/fr\/fiche-devacuation\/#primaryimage"},"thumbnailUrl":"https:\/\/www.plongee-plaisir.com\/fr\/wp-content\/uploads\/2019\/07\/Fiches-infos-fiche-evacuation.png","datePublished":"2019-07-01T17:14:37+00:00","dateModified":"2021-09-15T13:59:24+00:00","breadcrumb":{"@id":"https:\/\/www.plongee-plaisir.com\/fr\/fiche-devacuation\/#breadcrumb"},"inLanguage":"fr-FR","potentialAction":[{"@type":"ReadAction","target":["https:\/\/www.plongee-plaisir.com\/fr\/fiche-devacuation\/"]}]},{"@type":"ImageObject","inLanguage":"fr-FR","@id":"https:\/\/www.plongee-plaisir.com\/fr\/fiche-devacuation\/#primaryimage","url":"https:\/\/www.plongee-plaisir.com\/fr\/wp-content\/uploads\/2019\/07\/Fiches-infos-fiche-evacuation.png","contentUrl":"https:\/\/www.plongee-plaisir.com\/fr\/wp-content\/uploads\/2019\/07\/Fiches-infos-fiche-evacuation.png","width":300,"height":196},{"@type":"BreadcrumbList","@id":"https:\/\/www.plongee-plaisir.com\/fr\/fiche-devacuation\/#breadcrumb","itemListElement":[{"@type":"ListItem","position":1,"name":"Accueil","item":"https:\/\/www.plongee-plaisir.com\/fr\/"},{"@type":"ListItem","position":2,"name":"Fiche d&rsquo;\u00e9vacuation"}]},{"@type":"WebSite","@id":"https:\/\/www.plongee-plaisir.com\/fr\/#website","url":"https:\/\/www.plongee-plaisir.com\/fr\/","name":"Plong\u00e9e Plaisir, site officiel","description":"Apprendre \u00e0 plonger - Learning to dive","potentialAction":[{"@type":"SearchAction","target":{"@type":"EntryPoint","urlTemplate":"https:\/\/www.plongee-plaisir.com\/fr\/?s={search_term_string}"},"query-input":{"@type":"PropertyValueSpecification","valueRequired":true,"valueName":"search_term_string"}}],"inLanguage":"fr-FR"}]}},"featured_image_src":"https:\/\/www.plongee-plaisir.com\/fr\/wp-content\/uploads\/2019\/07\/Fiches-infos-fiche-evacuation.png","featured_image_src_square":"https:\/\/www.plongee-plaisir.com\/fr\/wp-content\/uploads\/2019\/07\/Fiches-infos-fiche-evacuation.png","uagb_featured_image_src":{"full":["https:\/\/www.plongee-plaisir.com\/fr\/wp-content\/uploads\/2019\/07\/Fiches-infos-fiche-evacuation.png",300,196,false],"thumbnail":["https:\/\/www.plongee-plaisir.com\/fr\/wp-content\/uploads\/2019\/07\/Fiches-infos-fiche-evacuation-150x150.png",150,150,true],"medium":["https:\/\/www.plongee-plaisir.com\/fr\/wp-content\/uploads\/2019\/07\/Fiches-infos-fiche-evacuation.png",300,196,false],"medium_large":["https:\/\/www.plongee-plaisir.com\/fr\/wp-content\/uploads\/2019\/07\/Fiches-infos-fiche-evacuation.png",300,196,false],"large":["https:\/\/www.plongee-plaisir.com\/fr\/wp-content\/uploads\/2019\/07\/Fiches-infos-fiche-evacuation.png",300,196,false],"1536x1536":["https:\/\/www.plongee-plaisir.com\/fr\/wp-content\/uploads\/2019\/07\/Fiches-infos-fiche-evacuation.png",300,196,false],"2048x2048":["https:\/\/www.plongee-plaisir.com\/fr\/wp-content\/uploads\/2019\/07\/Fiches-infos-fiche-evacuation.png",300,196,false],"featured-content":["https:\/\/www.plongee-plaisir.com\/fr\/wp-content\/uploads\/2019\/07\/Fiches-infos-fiche-evacuation.png",300,196,false],"author-pro-image":["https:\/\/www.plongee-plaisir.com\/fr\/wp-content\/uploads\/2019\/07\/Fiches-infos-fiche-evacuation.png",300,196,false],"tb-timeline-landscape":["https:\/\/www.plongee-plaisir.com\/fr\/wp-content\/uploads\/2019\/07\/Fiches-infos-fiche-evacuation.png",300,196,false],"tb-timeline-square":["https:\/\/www.plongee-plaisir.com\/fr\/wp-content\/uploads\/2019\/07\/Fiches-infos-fiche-evacuation.png",300,196,false],"ultp_layout_landscape_large":["https:\/\/www.plongee-plaisir.com\/fr\/wp-content\/uploads\/2019\/07\/Fiches-infos-fiche-evacuation.png",300,196,false],"ultp_layout_landscape":["https:\/\/www.plongee-plaisir.com\/fr\/wp-content\/uploads\/2019\/07\/Fiches-infos-fiche-evacuation.png",300,196,false],"ultp_layout_portrait":["https:\/\/www.plongee-plaisir.com\/fr\/wp-content\/uploads\/2019\/07\/Fiches-infos-fiche-evacuation.png",300,196,false],"ultp_layout_square":["https:\/\/www.plongee-plaisir.com\/fr\/wp-content\/uploads\/2019\/07\/Fiches-infos-fiche-evacuation.png",300,196,false],"vp_sm":["https:\/\/www.plongee-plaisir.com\/fr\/wp-content\/uploads\/2019\/07\/Fiches-infos-fiche-evacuation.png",300,196,false],"vp_md":["https:\/\/www.plongee-plaisir.com\/fr\/wp-content\/uploads\/2019\/07\/Fiches-infos-fiche-evacuation.png",300,196,false],"vp_lg":["https:\/\/www.plongee-plaisir.com\/fr\/wp-content\/uploads\/2019\/07\/Fiches-infos-fiche-evacuation.png",300,196,false],"vp_xl":["https:\/\/www.plongee-plaisir.com\/fr\/wp-content\/uploads\/2019\/07\/Fiches-infos-fiche-evacuation.png",300,196,false],"vp_sm_popup":["https:\/\/www.plongee-plaisir.com\/fr\/wp-content\/uploads\/2019\/07\/Fiches-infos-fiche-evacuation.png",300,196,false],"vp_md_popup":["https:\/\/www.plongee-plaisir.com\/fr\/wp-content\/uploads\/2019\/07\/Fiches-infos-fiche-evacuation.png",300,196,false],"vp_xl_popup":["https:\/\/www.plongee-plaisir.com\/fr\/wp-content\/uploads\/2019\/07\/Fiches-infos-fiche-evacuation.png",300,196,false],"gb-block-post-grid-landscape":["https:\/\/www.plongee-plaisir.com\/fr\/wp-content\/uploads\/2019\/07\/Fiches-infos-fiche-evacuation.png",300,196,false],"gb-block-post-grid-square":["https:\/\/www.plongee-plaisir.com\/fr\/wp-content\/uploads\/2019\/07\/Fiches-infos-fiche-evacuation.png",300,196,false],"woocommerce_thumbnail":["https:\/\/www.plongee-plaisir.com\/fr\/wp-content\/uploads\/2019\/07\/Fiches-infos-fiche-evacuation.png",300,196,false],"woocommerce_single":["https:\/\/www.plongee-plaisir.com\/fr\/wp-content\/uploads\/2019\/07\/Fiches-infos-fiche-evacuation.png",300,196,false],"woocommerce_gallery_thumbnail":["https:\/\/www.plongee-plaisir.com\/fr\/wp-content\/uploads\/2019\/07\/Fiches-infos-fiche-evacuation-100x100.png",100,100,true],"sow-carousel-default":["https:\/\/www.plongee-plaisir.com\/fr\/wp-content\/uploads\/2019\/07\/Fiches-infos-fiche-evacuation.png",272,178,false]},"uagb_author_info":{"display_name":"Alain Foret","author_link":"https:\/\/www.plongee-plaisir.com\/fr\/author\/plongeeplaisir\/"},"uagb_comment_info":0,"uagb_excerpt":"FICHES INFO &gt; DIRIGER, ENCADRER Fiche d&rsquo;\u00e9vacuation Une copie de la fiche d\u2019\u00e9vacuation pr\u00e9vue dans le code du sport doit \u00eatre remplie en cas d\u2019accident grave (annexe III-19, art. A322-78 du code du sport) et transmise aux \u00e9quipes m\u00e9dicales. Des mod\u00e8les de fiches vierges sont obligatoires. Cette fiche contient : Des informations sur le plongeur\u2026","coauthors":[],"author_meta":{"author_link":"https:\/\/www.plongee-plaisir.com\/fr\/author\/plongeeplaisir\/","display_name":"Alain Foret"},"relative_dates":{"created":"Publi\u00e9 7 ans il y a","modified":"Mis \u00e0 jour 5 ans il y a"},"absolute_dates":{"created":"Publi\u00e9 le 1 juillet 2019","modified":"Mise \u00e0 jour le 15 septembre 2021"},"absolute_dates_time":{"created":"Publi\u00e9 le 1 juillet 2019 19 h 14 min","modified":"Mise \u00e0 jour le 15 septembre 2021 15 h 59 min"},"featured_img_caption":"","featured_img":"https:\/\/www.plongee-plaisir.com\/fr\/wp-content\/uploads\/2019\/07\/Fiches-infos-fiche-evacuation.png","series_order":"","amp_enabled":true,"_links":{"self":[{"href":"https:\/\/www.plongee-plaisir.com\/fr\/wp-json\/wp\/v2\/pages\/24169","targetHints":{"allow":["GET"]}}],"collection":[{"href":"https:\/\/www.plongee-plaisir.com\/fr\/wp-json\/wp\/v2\/pages"}],"about":[{"href":"https:\/\/www.plongee-plaisir.com\/fr\/wp-json\/wp\/v2\/types\/page"}],"author":[{"embeddable":true,"href":"https:\/\/www.plongee-plaisir.com\/fr\/wp-json\/wp\/v2\/users\/4"}],"replies":[{"embeddable":true,"href":"https:\/\/www.plongee-plaisir.com\/fr\/wp-json\/wp\/v2\/comments?post=24169"}],"version-history":[{"count":0,"href":"https:\/\/www.plongee-plaisir.com\/fr\/wp-json\/wp\/v2\/pages\/24169\/revisions"}],"wp:featuredmedia":[{"embeddable":true,"href":"https:\/\/www.plongee-plaisir.com\/fr\/wp-json\/wp\/v2\/media\/35540"}],"wp:attachment":[{"href":"https:\/\/www.plongee-plaisir.com\/fr\/wp-json\/wp\/v2\/media?parent=24169"}],"curies":[{"name":"wp","href":"https:\/\/api.w.org\/{rel}","templated":true}]}}