{"id":24175,"date":"2019-07-01T19:23:05","date_gmt":"2019-07-01T17:23:05","guid":{"rendered":"https:\/\/www.plongee-plaisir.com\/fr\/?p=24175"},"modified":"2021-04-04T19:54:54","modified_gmt":"2021-04-04T17:54:54","slug":"declaration-daccident-grave","status":"publish","type":"page","link":"https:\/\/www.plongee-plaisir.com\/fr\/declaration-daccident-grave\/","title":{"rendered":"D\u00e9claration d&rsquo;accident grave"},"content":{"rendered":"\n<p class=\"has-text-color has-normal-font-size wp-block-paragraph\" style=\"color:#2676c9\"><a href=\"https:\/\/www.plongee-plaisir.com\/fr\/fiches-infos\/\">FICHES INFO<\/a> &gt; DIRIGER, ENCADRER<\/p>\n\n\n\n<div class=\"wp-block-kadence-spacer aligncenter kt-block-spacer-_72b3a8-64\"><div class=\"kt-block-spacer kt-block-spacer-halign-center\" style=\"height:17px\"><hr class=\"kt-divider\" style=\"border-top-color:rgba(38, 118, 201, 1);border-top-width:10px;width:100%;border-top-style:solid\"\/><\/div><\/div>\n\n\n\n<h1 class=\"wp-block-heading\">D\u00e9claration d&rsquo;accident grave<\/h1>\n\n\n\n<h3 class=\"wp-block-heading\">Une obligation<\/h3>\n\n\n\n<p class=\"wp-block-paragraph\">Le responsable l\u00e9gal de l\u2019\u00e9tablissement d\u2019APS (pr\u00e9sident de club, g\u00e9rant de structure commerciale, travailleur ind\u00e9pendant) est tenu d\u2019envoyer dans les 48 h une \u00ab fiche de signalement obligatoire d\u2019accident grave \u00bb (Article <a href=\"https:\/\/www.legifrance.gouv.fr\/affichCodeArticle.do?cidTexte=LEGITEXT000006071318&amp;idArticle=LEGIARTI000006548231\" target=\"_blank\" rel=\"noreferrer noopener\">R322-6<\/a> du code du sport) au pr\u00e9fet (Direction D\u00e9partementale de la Coh\u00e9sion Sociale).<\/p>\n\n\n\n<p class=\"wp-block-paragraph\">Une question de pose depuis qu\u2019il n\u2019y a plus obligation de d\u00e9claration des \u00e9tablissement d\u2019APS. S\u2019agit-il de la DDCS du si\u00e8ge de l\u2019\u00e9tablissement d\u2019APS ou de celle du lieu o\u00f9 l\u2019accident est survenu (ex. club de Lyon venant plonger en C\u00f4te d\u2019Azur) ?<\/p>\n\n\n\n<h3 class=\"wp-block-heading\">Sources r\u00e9glementaires<\/h3>\n\n\n\n<p class=\"wp-block-paragraph\">Cette obligation na\u00eet de l\u2019article&nbsp;<a href=\"https:\/\/www.legifrance.gouv.fr\/affichCodeArticle.do?cidTexte=LEGITEXT000006071318&amp;idArticle=LEGIARTI000006548231\" target=\"_blank\" rel=\"noreferrer noopener\">R322-6<\/a>&nbsp;du code sport :<\/p>\n\n\n\n<blockquote class=\"wp-block-quote is-layout-flow wp-block-quote-is-layout-flow\"><p>L\u2019exploitant d\u2019un \u00e9tablissement mentionn\u00e9 \u00e0 l\u2019article&nbsp;<a href=\"https:\/\/www.legifrance.gouv.fr\/affichCodeArticle.do?cidTexte=LEGITEXT000006071318&amp;idArticle=LEGIARTI000006547695&amp;dateTexte=&amp;categorieLien=cid\" target=\"_blank\" rel=\"noreferrer noopener\">L322-1<\/a>&nbsp;est tenu d\u2019informer le pr\u00e9fet :<br>a) De tout accident grave ;<br>b) De toute situation pr\u00e9sentant ou ayant pr\u00e9sent\u00e9 des risques graves par leur probabilit\u00e9 et leurs cons\u00e9quences \u00e9ventuelles pour la sant\u00e9 et la s\u00e9curit\u00e9 physique ou morale des pratiquants.<\/p><\/blockquote>\n\n\n\n<p class=\"wp-block-paragraph\">compl\u00e9t\u00e9 par une l\u2019instruction n\u00b0 08-161 JS du 24 d\u00e9cembre 2008 qui d\u00e9finit ainsi l\u2019accident grave :<\/p>\n\n\n\n<blockquote class=\"wp-block-quote is-layout-flow wp-block-quote-is-layout-flow\"><p>\u00ab La notion d\u2019accident grave s\u2019\u00e9tend \u00e0 tous les accidents pr\u00e9sentant ou ayant pr\u00e9sent\u00e9 des risques graves pour la sant\u00e9 du pratiquant (accidents mortels, accidents comportant des risques de suites mortelles, accidents dont les s\u00e9quelles peuvent laisser craindre une invalidit\u00e9 totale ou partielle\u2026).<\/p><\/blockquote>\n\n\n\n<p class=\"wp-block-paragraph\">Un formulaire Cerfa reprend ces d\u00e9finitions, en cr\u00e9ant la notion \u201cd\u2019incident grave\u201d non d\u00e9finie dans la r\u00e9glementation mais reprenant le b) de l\u2019article <a href=\"https:\/\/www.legifrance.gouv.fr\/affichCodeArticle.do?cidTexte=LEGITEXT000006071318&amp;idArticle=LEGIARTI000006548231\" target=\"_blank\" rel=\"noreferrer noopener\">R322-6<\/a> dans sa d\u00e9finition :<\/p>\n\n\n\n<p class=\"wp-block-paragraph\"><strong>Accident grave<\/strong>&nbsp;: accident pr\u00e9sentant ou ayant pr\u00e9sent\u00e9 des risques graves pour la sant\u00e9 du pratiquant (accident mortel ; accident comportant des risques de suites mortelles ; accident dont les s\u00e9quelles peuvent laisser craindre une invalidit\u00e9 totale ou partielle\u2026).<\/p>\n\n\n\n<p class=\"wp-block-paragraph\"><strong>Incident grave<\/strong>&nbsp;: Toute situation pr\u00e9sentant ou ayant pr\u00e9sent\u00e9 des risques graves par leur probabilit\u00e9 et leurs cons\u00e9quences \u00e9ventuelles pour la sant\u00e9 et la s\u00e9curit\u00e9 physique ou morale des pratiquants.<\/p>\n\n\n\n<p class=\"wp-block-paragraph\">Vous pouvez t\u00e9l\u00e9charger le formulaire Cerfa de d\u00e9claration d&rsquo;accident grave dans l&rsquo;espace t\u00e9l\u00e9chargement de <em>Plong\u00e9e Plaisir<\/em> (gratuit sur inscription).<\/p>\n\n\n\n<p class=\"wp-block-paragraph\"><\/p>\n\n\n\n<div style=\"height:17px\" aria-hidden=\"true\" class=\"wp-block-spacer\"><\/div>\n\n\n\n<div class=\"wp-block-uagb-marketing-button uagb-marketing-btn__outer-wrap uagb-marketing-btn__align-center uagb-marketing-btn__align-text-center uagb-marketing-btn__icon-before uagb-block-7b748785\"><div class=\"uagb-marketing-btn__wrap\"><a href=\"https:\/\/www.plongee-plaisir.com\/fr\/zone-telechargement\/\" class=\"uagb-marketing-btn__link\" target=\"_blank\" rel=\"noopener noreferrer\"><div class=\"uagb-marketing-btn__title-wrap\"><div class=\"uagb-marketing-btn__icon-wrap\"><svg xmlns=\"http:\/\/www.w3.org\/2000\/svg\" viewbox=\"0 0 512 512\"><path d=\"M432,320H400a16,16,0,0,0-16,16V448H64V128H208a16,16,0,0,0,16-16V80a16,16,0,0,0-16-16H48A48,48,0,0,0,0,112V464a48,48,0,0,0,48,48H400a48,48,0,0,0,48-48V336A16,16,0,0,0,432,320ZM488,0h-128c-21.37,0-32.05,25.91-17,41l35.73,35.73L135,320.37a24,24,0,0,0,0,34L157.67,377a24,24,0,0,0,34,0L435.28,133.32,471,169c15,15,41,4.5,41-17V24A24,24,0,0,0,488,0Z\"><\/path><\/svg><\/div><h6 class=\"uagb-marketing-btn__title\">T\u00e9l\u00e9chargement<\/h6><\/div><div class=\"uagb-marketing-btn__prefix-wrap\"><p class=\"uagb-marketing-btn__prefix\">Formulaire Cerfa de d\u00e9claration d&rsquo;accident  ou d&rsquo;incident grave.<\/p><\/div><\/a><\/div><\/div>\n\n\n\n<div style=\"height:16px\" aria-hidden=\"true\" class=\"wp-block-spacer\"><\/div>\n\n\n\n<p class=\"wp-block-paragraph\">\u00a9 Extrait des&nbsp;<a href=\"https:\/\/www.plongee-plaisir.com\/fr\/livres-plongee\/\">livres Plong\u00e9e Plaisir<\/a>&nbsp;par Alain Foret aux Editions GAP.<br>Toute reproduction interdite sur quelque support que ce soit sans accord \u00e9crit de l\u2019\u00e9diteur et de l\u2019auteur.<\/p>\n\n\n\n<div class=\"wp-block-image is-style-default\"><figure class=\"alignleft size-large is-resized\"><img decoding=\"async\" src=\"https:\/\/www.plongee-plaisir.com\/fr\/wp-content\/uploads\/2021\/02\/carre.jpg\" alt=\"\" class=\"wp-image-48240\" width=\"30\" srcset=\"https:\/\/www.plongee-plaisir.com\/fr\/wp-content\/uploads\/2021\/02\/carre.jpg 102w, https:\/\/www.plongee-plaisir.com\/fr\/wp-content\/uploads\/2021\/02\/carre-100x100.jpg 100w\" sizes=\"(max-width: 102px) 100vw, 102px\" \/><\/figure><\/div>\n\n\n\n<p class=\"wp-block-paragraph\"><\/p>\n<style class=\"advgb-styles-renderer\">.wp-block-kadence-spacer.kt-block-spacer-_72b3a8-64 .kt-block-spacer{height:17px;}.wp-block-kadence-spacer.kt-block-spacer-_72b3a8-64 .kt-divider{border-top-width:10px;border-top-color:#2676c9;width:100%;border-top-style:solid;}<\/style>","protected":false},"excerpt":{"rendered":"<p>FICHES INFO &gt; DIRIGER, ENCADRER D\u00e9claration d&rsquo;accident grave Une obligation Le responsable l\u00e9gal de l\u2019\u00e9tablissement d\u2019APS (pr\u00e9sident de club, g\u00e9rant de structure commerciale, travailleur ind\u00e9pendant) est tenu d\u2019envoyer dans les 48 h une \u00ab fiche de signalement obligatoire d\u2019accident grave \u00bb (Article R322-6 du code du sport) au pr\u00e9fet (Direction D\u00e9partementale de la Coh\u00e9sion Sociale). [&hellip;]<\/p>\n","protected":false},"author":4,"featured_media":35542,"parent":0,"menu_order":0,"comment_status":"closed","ping_status":"closed","template":"","meta":{"_crdt_document":"","_uag_custom_page_level_css":"","advgb_blocks_editor_width":"","advgb_blocks_columns_visual_guide":"","_genesis_hide_title":true,"_genesis_hide_breadcrumbs":false,"_genesis_hide_singular_image":false,"_genesis_hide_footer_widgets":false,"_genesis_custom_body_class":"","_genesis_custom_post_class":"","_genesis_layout":"content-sidebar","_vp_format_video_url":"","_vp_image_focal_point":[],"footnotes":""},"class_list":{"0":"post-24175","1":"page","2":"type-page","3":"status-publish","4":"has-post-thumbnail","6":"entry"},"yoast_head":"<!-- This site is optimized with the Yoast SEO plugin v27.6 - https:\/\/yoast.com\/product\/yoast-seo-wordpress\/ -->\n<title>D\u00e9claration d&#039;accident grave - Plong\u00e9e Plaisir, site officiel<\/title>\n<meta name=\"robots\" content=\"index, follow, max-snippet:-1, max-image-preview:large, max-video-preview:-1\" \/>\n<link rel=\"canonical\" href=\"https:\/\/www.plongee-plaisir.com\/fr\/declaration-daccident-grave\/\" \/>\n<meta property=\"og:locale\" content=\"fr_FR\" \/>\n<meta property=\"og:type\" content=\"article\" \/>\n<meta property=\"og:title\" content=\"D\u00e9claration d&#039;accident grave - Plong\u00e9e Plaisir, site officiel\" \/>\n<meta property=\"og:description\" content=\"FICHES INFO &gt; DIRIGER, ENCADRER D\u00e9claration d&rsquo;accident grave Une obligation Le responsable l\u00e9gal de l\u2019\u00e9tablissement d\u2019APS (pr\u00e9sident de club, g\u00e9rant de structure commerciale, travailleur ind\u00e9pendant) est tenu d\u2019envoyer dans les 48 h une \u00ab fiche de signalement obligatoire d\u2019accident grave \u00bb (Article R322-6 du code du sport) au pr\u00e9fet (Direction D\u00e9partementale de la Coh\u00e9sion Sociale). [&hellip;]\" \/>\n<meta property=\"og:url\" content=\"https:\/\/www.plongee-plaisir.com\/fr\/declaration-daccident-grave\/\" \/>\n<meta property=\"og:site_name\" content=\"Plong\u00e9e Plaisir, site officiel\" \/>\n<meta property=\"article:modified_time\" content=\"2021-04-04T17:54:54+00:00\" \/>\n<meta property=\"og:image\" content=\"https:\/\/www.plongee-plaisir.com\/fr\/wp-content\/uploads\/2019\/07\/Fiches-infos-accident-grave.png\" \/>\n\t<meta property=\"og:image:width\" content=\"300\" \/>\n\t<meta property=\"og:image:height\" content=\"196\" \/>\n\t<meta property=\"og:image:type\" content=\"image\/png\" \/>\n<meta name=\"twitter:card\" content=\"summary_large_image\" \/>\n<meta name=\"twitter:label1\" content=\"Dur\u00e9e de lecture estim\u00e9e\" \/>\n\t<meta name=\"twitter:data1\" content=\"2 minutes\" \/>\n<script type=\"application\/ld+json\" class=\"yoast-schema-graph\">{\"@context\":\"https:\\\/\\\/schema.org\",\"@graph\":[{\"@type\":\"WebPage\",\"@id\":\"https:\\\/\\\/www.plongee-plaisir.com\\\/fr\\\/declaration-daccident-grave\\\/\",\"url\":\"https:\\\/\\\/www.plongee-plaisir.com\\\/fr\\\/declaration-daccident-grave\\\/\",\"name\":\"D\u00e9claration d'accident grave - Plong\u00e9e Plaisir, site officiel\",\"isPartOf\":{\"@id\":\"https:\\\/\\\/www.plongee-plaisir.com\\\/fr\\\/#website\"},\"primaryImageOfPage\":{\"@id\":\"https:\\\/\\\/www.plongee-plaisir.com\\\/fr\\\/declaration-daccident-grave\\\/#primaryimage\"},\"image\":{\"@id\":\"https:\\\/\\\/www.plongee-plaisir.com\\\/fr\\\/declaration-daccident-grave\\\/#primaryimage\"},\"thumbnailUrl\":\"https:\\\/\\\/www.plongee-plaisir.com\\\/fr\\\/wp-content\\\/uploads\\\/2019\\\/07\\\/Fiches-infos-accident-grave.png\",\"datePublished\":\"2019-07-01T17:23:05+00:00\",\"dateModified\":\"2021-04-04T17:54:54+00:00\",\"breadcrumb\":{\"@id\":\"https:\\\/\\\/www.plongee-plaisir.com\\\/fr\\\/declaration-daccident-grave\\\/#breadcrumb\"},\"inLanguage\":\"fr-FR\",\"potentialAction\":[{\"@type\":\"ReadAction\",\"target\":[\"https:\\\/\\\/www.plongee-plaisir.com\\\/fr\\\/declaration-daccident-grave\\\/\"]}]},{\"@type\":\"ImageObject\",\"inLanguage\":\"fr-FR\",\"@id\":\"https:\\\/\\\/www.plongee-plaisir.com\\\/fr\\\/declaration-daccident-grave\\\/#primaryimage\",\"url\":\"https:\\\/\\\/www.plongee-plaisir.com\\\/fr\\\/wp-content\\\/uploads\\\/2019\\\/07\\\/Fiches-infos-accident-grave.png\",\"contentUrl\":\"https:\\\/\\\/www.plongee-plaisir.com\\\/fr\\\/wp-content\\\/uploads\\\/2019\\\/07\\\/Fiches-infos-accident-grave.png\",\"width\":300,\"height\":196},{\"@type\":\"BreadcrumbList\",\"@id\":\"https:\\\/\\\/www.plongee-plaisir.com\\\/fr\\\/declaration-daccident-grave\\\/#breadcrumb\",\"itemListElement\":[{\"@type\":\"ListItem\",\"position\":1,\"name\":\"Accueil\",\"item\":\"https:\\\/\\\/www.plongee-plaisir.com\\\/fr\\\/\"},{\"@type\":\"ListItem\",\"position\":2,\"name\":\"D\u00e9claration d&rsquo;accident grave\"}]},{\"@type\":\"WebSite\",\"@id\":\"https:\\\/\\\/www.plongee-plaisir.com\\\/fr\\\/#website\",\"url\":\"https:\\\/\\\/www.plongee-plaisir.com\\\/fr\\\/\",\"name\":\"Plong\u00e9e Plaisir, site officiel\",\"description\":\"Apprendre \u00e0 plonger - Learning to dive\",\"potentialAction\":[{\"@type\":\"SearchAction\",\"target\":{\"@type\":\"EntryPoint\",\"urlTemplate\":\"https:\\\/\\\/www.plongee-plaisir.com\\\/fr\\\/?s={search_term_string}\"},\"query-input\":{\"@type\":\"PropertyValueSpecification\",\"valueRequired\":true,\"valueName\":\"search_term_string\"}}],\"inLanguage\":\"fr-FR\"}]}<\/script>\n<!-- \/ Yoast SEO plugin. -->","yoast_head_json":{"title":"D\u00e9claration d'accident grave - Plong\u00e9e Plaisir, site officiel","robots":{"index":"index","follow":"follow","max-snippet":"max-snippet:-1","max-image-preview":"max-image-preview:large","max-video-preview":"max-video-preview:-1"},"canonical":"https:\/\/www.plongee-plaisir.com\/fr\/declaration-daccident-grave\/","og_locale":"fr_FR","og_type":"article","og_title":"D\u00e9claration d'accident grave - Plong\u00e9e Plaisir, site officiel","og_description":"FICHES INFO &gt; DIRIGER, ENCADRER D\u00e9claration d&rsquo;accident grave Une obligation Le responsable l\u00e9gal de l\u2019\u00e9tablissement d\u2019APS (pr\u00e9sident de club, g\u00e9rant de structure commerciale, travailleur ind\u00e9pendant) est tenu d\u2019envoyer dans les 48 h une \u00ab fiche de signalement obligatoire d\u2019accident grave \u00bb (Article R322-6 du code du sport) au pr\u00e9fet (Direction D\u00e9partementale de la Coh\u00e9sion Sociale). [&hellip;]","og_url":"https:\/\/www.plongee-plaisir.com\/fr\/declaration-daccident-grave\/","og_site_name":"Plong\u00e9e Plaisir, site officiel","article_modified_time":"2021-04-04T17:54:54+00:00","og_image":[{"width":300,"height":196,"url":"https:\/\/www.plongee-plaisir.com\/fr\/wp-content\/uploads\/2019\/07\/Fiches-infos-accident-grave.png","type":"image\/png"}],"twitter_card":"summary_large_image","twitter_misc":{"Dur\u00e9e de lecture estim\u00e9e":"2 minutes"},"schema":{"@context":"https:\/\/schema.org","@graph":[{"@type":"WebPage","@id":"https:\/\/www.plongee-plaisir.com\/fr\/declaration-daccident-grave\/","url":"https:\/\/www.plongee-plaisir.com\/fr\/declaration-daccident-grave\/","name":"D\u00e9claration d'accident grave - Plong\u00e9e Plaisir, site officiel","isPartOf":{"@id":"https:\/\/www.plongee-plaisir.com\/fr\/#website"},"primaryImageOfPage":{"@id":"https:\/\/www.plongee-plaisir.com\/fr\/declaration-daccident-grave\/#primaryimage"},"image":{"@id":"https:\/\/www.plongee-plaisir.com\/fr\/declaration-daccident-grave\/#primaryimage"},"thumbnailUrl":"https:\/\/www.plongee-plaisir.com\/fr\/wp-content\/uploads\/2019\/07\/Fiches-infos-accident-grave.png","datePublished":"2019-07-01T17:23:05+00:00","dateModified":"2021-04-04T17:54:54+00:00","breadcrumb":{"@id":"https:\/\/www.plongee-plaisir.com\/fr\/declaration-daccident-grave\/#breadcrumb"},"inLanguage":"fr-FR","potentialAction":[{"@type":"ReadAction","target":["https:\/\/www.plongee-plaisir.com\/fr\/declaration-daccident-grave\/"]}]},{"@type":"ImageObject","inLanguage":"fr-FR","@id":"https:\/\/www.plongee-plaisir.com\/fr\/declaration-daccident-grave\/#primaryimage","url":"https:\/\/www.plongee-plaisir.com\/fr\/wp-content\/uploads\/2019\/07\/Fiches-infos-accident-grave.png","contentUrl":"https:\/\/www.plongee-plaisir.com\/fr\/wp-content\/uploads\/2019\/07\/Fiches-infos-accident-grave.png","width":300,"height":196},{"@type":"BreadcrumbList","@id":"https:\/\/www.plongee-plaisir.com\/fr\/declaration-daccident-grave\/#breadcrumb","itemListElement":[{"@type":"ListItem","position":1,"name":"Accueil","item":"https:\/\/www.plongee-plaisir.com\/fr\/"},{"@type":"ListItem","position":2,"name":"D\u00e9claration d&rsquo;accident grave"}]},{"@type":"WebSite","@id":"https:\/\/www.plongee-plaisir.com\/fr\/#website","url":"https:\/\/www.plongee-plaisir.com\/fr\/","name":"Plong\u00e9e Plaisir, site officiel","description":"Apprendre \u00e0 plonger - Learning to dive","potentialAction":[{"@type":"SearchAction","target":{"@type":"EntryPoint","urlTemplate":"https:\/\/www.plongee-plaisir.com\/fr\/?s={search_term_string}"},"query-input":{"@type":"PropertyValueSpecification","valueRequired":true,"valueName":"search_term_string"}}],"inLanguage":"fr-FR"}]}},"featured_image_src":"https:\/\/www.plongee-plaisir.com\/fr\/wp-content\/uploads\/2019\/07\/Fiches-infos-accident-grave.png","featured_image_src_square":"https:\/\/www.plongee-plaisir.com\/fr\/wp-content\/uploads\/2019\/07\/Fiches-infos-accident-grave.png","uagb_featured_image_src":{"full":["https:\/\/www.plongee-plaisir.com\/fr\/wp-content\/uploads\/2019\/07\/Fiches-infos-accident-grave.png",300,196,false],"thumbnail":["https:\/\/www.plongee-plaisir.com\/fr\/wp-content\/uploads\/2019\/07\/Fiches-infos-accident-grave-150x150.png",150,150,true],"medium":["https:\/\/www.plongee-plaisir.com\/fr\/wp-content\/uploads\/2019\/07\/Fiches-infos-accident-grave.png",300,196,false],"medium_large":["https:\/\/www.plongee-plaisir.com\/fr\/wp-content\/uploads\/2019\/07\/Fiches-infos-accident-grave.png",300,196,false],"large":["https:\/\/www.plongee-plaisir.com\/fr\/wp-content\/uploads\/2019\/07\/Fiches-infos-accident-grave.png",300,196,false],"1536x1536":["https:\/\/www.plongee-plaisir.com\/fr\/wp-content\/uploads\/2019\/07\/Fiches-infos-accident-grave.png",300,196,false],"2048x2048":["https:\/\/www.plongee-plaisir.com\/fr\/wp-content\/uploads\/2019\/07\/Fiches-infos-accident-grave.png",300,196,false],"featured-content":["https:\/\/www.plongee-plaisir.com\/fr\/wp-content\/uploads\/2019\/07\/Fiches-infos-accident-grave.png",300,196,false],"author-pro-image":["https:\/\/www.plongee-plaisir.com\/fr\/wp-content\/uploads\/2019\/07\/Fiches-infos-accident-grave.png",300,196,false],"tb-timeline-landscape":["https:\/\/www.plongee-plaisir.com\/fr\/wp-content\/uploads\/2019\/07\/Fiches-infos-accident-grave.png",300,196,false],"tb-timeline-square":["https:\/\/www.plongee-plaisir.com\/fr\/wp-content\/uploads\/2019\/07\/Fiches-infos-accident-grave.png",300,196,false],"ultp_layout_landscape_large":["https:\/\/www.plongee-plaisir.com\/fr\/wp-content\/uploads\/2019\/07\/Fiches-infos-accident-grave.png",300,196,false],"ultp_layout_landscape":["https:\/\/www.plongee-plaisir.com\/fr\/wp-content\/uploads\/2019\/07\/Fiches-infos-accident-grave.png",300,196,false],"ultp_layout_portrait":["https:\/\/www.plongee-plaisir.com\/fr\/wp-content\/uploads\/2019\/07\/Fiches-infos-accident-grave.png",300,196,false],"ultp_layout_square":["https:\/\/www.plongee-plaisir.com\/fr\/wp-content\/uploads\/2019\/07\/Fiches-infos-accident-grave.png",300,196,false],"vp_sm":["https:\/\/www.plongee-plaisir.com\/fr\/wp-content\/uploads\/2019\/07\/Fiches-infos-accident-grave.png",300,196,false],"vp_md":["https:\/\/www.plongee-plaisir.com\/fr\/wp-content\/uploads\/2019\/07\/Fiches-infos-accident-grave.png",300,196,false],"vp_lg":["https:\/\/www.plongee-plaisir.com\/fr\/wp-content\/uploads\/2019\/07\/Fiches-infos-accident-grave.png",300,196,false],"vp_xl":["https:\/\/www.plongee-plaisir.com\/fr\/wp-content\/uploads\/2019\/07\/Fiches-infos-accident-grave.png",300,196,false],"vp_sm_popup":["https:\/\/www.plongee-plaisir.com\/fr\/wp-content\/uploads\/2019\/07\/Fiches-infos-accident-grave.png",300,196,false],"vp_md_popup":["https:\/\/www.plongee-plaisir.com\/fr\/wp-content\/uploads\/2019\/07\/Fiches-infos-accident-grave.png",300,196,false],"vp_xl_popup":["https:\/\/www.plongee-plaisir.com\/fr\/wp-content\/uploads\/2019\/07\/Fiches-infos-accident-grave.png",300,196,false],"gb-block-post-grid-landscape":["https:\/\/www.plongee-plaisir.com\/fr\/wp-content\/uploads\/2019\/07\/Fiches-infos-accident-grave.png",300,196,false],"gb-block-post-grid-square":["https:\/\/www.plongee-plaisir.com\/fr\/wp-content\/uploads\/2019\/07\/Fiches-infos-accident-grave.png",300,196,false],"woocommerce_thumbnail":["https:\/\/www.plongee-plaisir.com\/fr\/wp-content\/uploads\/2019\/07\/Fiches-infos-accident-grave.png",300,196,false],"woocommerce_single":["https:\/\/www.plongee-plaisir.com\/fr\/wp-content\/uploads\/2019\/07\/Fiches-infos-accident-grave.png",300,196,false],"woocommerce_gallery_thumbnail":["https:\/\/www.plongee-plaisir.com\/fr\/wp-content\/uploads\/2019\/07\/Fiches-infos-accident-grave-100x100.png",100,100,true],"sow-carousel-default":["https:\/\/www.plongee-plaisir.com\/fr\/wp-content\/uploads\/2019\/07\/Fiches-infos-accident-grave.png",272,178,false]},"uagb_author_info":{"display_name":"Alain Foret","author_link":"https:\/\/www.plongee-plaisir.com\/fr\/author\/plongeeplaisir\/"},"uagb_comment_info":0,"uagb_excerpt":"FICHES INFO &gt; DIRIGER, ENCADRER D\u00e9claration d&rsquo;accident grave Une obligation Le responsable l\u00e9gal de l\u2019\u00e9tablissement d\u2019APS (pr\u00e9sident de club, g\u00e9rant de structure commerciale, travailleur ind\u00e9pendant) est tenu d\u2019envoyer dans les 48 h une \u00ab fiche de signalement obligatoire d\u2019accident grave \u00bb (Article R322-6 du code du sport) au pr\u00e9fet (Direction D\u00e9partementale de la Coh\u00e9sion Sociale).\u2026","coauthors":[],"author_meta":{"author_link":"https:\/\/www.plongee-plaisir.com\/fr\/author\/plongeeplaisir\/","display_name":"Alain Foret"},"relative_dates":{"created":"Publi\u00e9 7 ans il y a","modified":"Mis \u00e0 jour 5 ans il y a"},"absolute_dates":{"created":"Publi\u00e9 le 1 juillet 2019","modified":"Mise \u00e0 jour le 4 avril 2021"},"absolute_dates_time":{"created":"Publi\u00e9 le 1 juillet 2019 19 h 23 min","modified":"Mise \u00e0 jour le 4 avril 2021 19 h 54 min"},"featured_img_caption":"","featured_img":"https:\/\/www.plongee-plaisir.com\/fr\/wp-content\/uploads\/2019\/07\/Fiches-infos-accident-grave.png","series_order":"","amp_enabled":true,"_links":{"self":[{"href":"https:\/\/www.plongee-plaisir.com\/fr\/wp-json\/wp\/v2\/pages\/24175","targetHints":{"allow":["GET"]}}],"collection":[{"href":"https:\/\/www.plongee-plaisir.com\/fr\/wp-json\/wp\/v2\/pages"}],"about":[{"href":"https:\/\/www.plongee-plaisir.com\/fr\/wp-json\/wp\/v2\/types\/page"}],"author":[{"embeddable":true,"href":"https:\/\/www.plongee-plaisir.com\/fr\/wp-json\/wp\/v2\/users\/4"}],"replies":[{"embeddable":true,"href":"https:\/\/www.plongee-plaisir.com\/fr\/wp-json\/wp\/v2\/comments?post=24175"}],"version-history":[{"count":0,"href":"https:\/\/www.plongee-plaisir.com\/fr\/wp-json\/wp\/v2\/pages\/24175\/revisions"}],"wp:featuredmedia":[{"embeddable":true,"href":"https:\/\/www.plongee-plaisir.com\/fr\/wp-json\/wp\/v2\/media\/35542"}],"wp:attachment":[{"href":"https:\/\/www.plongee-plaisir.com\/fr\/wp-json\/wp\/v2\/media?parent=24175"}],"curies":[{"name":"wp","href":"https:\/\/api.w.org\/{rel}","templated":true}]}}