{"id":2449,"date":"2016-10-16T17:21:10","date_gmt":"2016-10-16T15:21:10","guid":{"rendered":"https:\/\/www.plongee-plaisir.com\/fr\/?p=2449"},"modified":"2021-04-04T19:59:46","modified_gmt":"2021-04-04T17:59:46","slug":"charte-plongeur-responsable","status":"publish","type":"page","link":"https:\/\/www.plongee-plaisir.com\/fr\/charte-plongeur-responsable\/","title":{"rendered":"Charte Longitude 181 Nature"},"content":{"rendered":"\n<p class=\"has-text-color has-normal-font-size wp-block-paragraph\" style=\"color:#33b1a6\"><a href=\"https:\/\/www.plongee-plaisir.com\/fr\/fiches-infos\/\">FICHES INFO<\/a> &gt; ENSEIGNER<\/p>\n\n\n\n<div class=\"wp-block-kadence-spacer aligncenter kt-block-spacer-_72b3a8-64\"><div class=\"kt-block-spacer kt-block-spacer-halign-center\" style=\"height:17px\"><hr class=\"kt-divider\" style=\"border-top-color:rgba(51, 177, 166, 1);border-top-width:10px;width:100%;border-top-style:solid\"\/><\/div><\/div>\n\n\n\n<h1 class=\"wp-block-heading\">Enseigner la charte Longitude 181 Nature<\/h1>\n\n\n<h2>Pr\u00e9sentation<\/h2>\n<p>Enseigner la Charte Internationale du Plongeur Responsable n&rsquo;est pas toujours chose facile. De nombreux moniteurs se sentent d\u00e9munis et en manque de mati\u00e8re p\u00e9dagogique pour \u00e9tayer leurs cours, leur donner du sens. Le plus souvent, cela se traduit par une simple information sur la Charte, sans plus.<\/p>\n<p>Acc\u00e8s \u00e0 la charte sur le site de Longitude 181 Nature :\u00a0<a href=\"http:\/\/www.longitude181.org\" target=\"_blank\" rel=\"noopener\">http:\/\/www.longitude181.org<\/a><\/p>\n<h2>Un support p\u00e9dagogique sp\u00e9cifique<\/h2>\n<p>Or, pour \u00eatre efficace, cet enseignement doit avoir du corps, du contenu. C&rsquo;est la raison pour laquelle nous vous proposons un fichier Powerpoint r\u00e9alis\u00e9 en concertation\u00a0<span class=\"text_exposed_show\">avec Longitude 181 Nature afin de vous aider \u00e0 r\u00e9aliser vos cours :<\/span><\/p>\n<ul>\n<li><span class=\"text_exposed_show\">Le palmage doit \u00eatre respectueux ? Certes, mais quels conseils techniques donner, comment cela se traduit-il sur le terrain ?<\/span><\/li>\n<li><span class=\"text_exposed_show\">Ne pas gaspiller l&rsquo;eau ? Bien entendu, mais quels conseils pratiques donner ?<br \/><\/span><\/li>\n<\/ul>\n<p><span class=\"text_exposed_show\">Vous trouverez les r\u00e9ponses \u00e0 ces questions et \u00e0 bien d&rsquo;autres dans ce support p\u00e9dagogique Longitude 181 \/ Plong\u00e9e Plaisir.<br \/><\/span><\/p>\n<p><span class=\"text_exposed_show\">Il est disponible en t\u00e9l\u00e9chargement sur l&rsquo;espace T\u00e9l\u00e9chargement de Plong\u00e9e Plaisir (acc\u00e8s r\u00e9serv\u00e9 aux membres, inscription gratuite).<br \/><\/span><span class=\"text_exposed_show\">Il est libre d&rsquo;utilisation et de diffusion. <\/span><span class=\"text_exposed_show\">Seule contrainte : vous ne devez pas le modifier.<\/span><\/p>\n<h2><span class=\"text_exposed_show\">T\u00e9l\u00e9chargement<\/span><\/h2>\n<p><span class=\"text_exposed_show\">T\u00e9l\u00e9chargement et inscription :\u00a0<a href=\"https:\/\/www.plongee-plaisir.com\/fr\/zone-telechargement\/\" target=\"_blank\" rel=\"nofollow noopener\">https:\/\/www.plongee-plaisir.com\/fr\/zone-telechargement\/<\/a><\/span><\/p>\n\n\n<div style=\"height:16px\" aria-hidden=\"true\" class=\"wp-block-spacer\"><\/div>\n\n\n\n<p class=\"wp-block-paragraph\">\u00a9 Extrait des&nbsp;<a href=\"https:\/\/www.plongee-plaisir.com\/fr\/livres-plongee\/\">livres Plong\u00e9e Plaisir<\/a>&nbsp;par Alain Foret aux Editions GAP.<br>Toute reproduction interdite sur quelque support que ce soit sans accord \u00e9crit de l\u2019\u00e9diteur et de l\u2019auteur.<\/p>\n\n\n\n<div class=\"wp-block-image is-style-default\"><figure class=\"alignleft size-large is-resized\"><img decoding=\"async\" src=\"https:\/\/www.plongee-plaisir.com\/fr\/wp-content\/uploads\/2021\/02\/carre.jpg\" alt=\"\" class=\"wp-image-48240\" width=\"30\" srcset=\"https:\/\/www.plongee-plaisir.com\/fr\/wp-content\/uploads\/2021\/02\/carre.jpg 102w, https:\/\/www.plongee-plaisir.com\/fr\/wp-content\/uploads\/2021\/02\/carre-100x100.jpg 100w\" sizes=\"(max-width: 102px) 100vw, 102px\" \/><\/figure><\/div>\n\n\n\n<p class=\"wp-block-paragraph\"><\/p>\n<style class=\"advgb-styles-renderer\">.wp-block-kadence-spacer.kt-block-spacer-_72b3a8-64 .kt-block-spacer{height:17px;}.wp-block-kadence-spacer.kt-block-spacer-_72b3a8-64 .kt-divider{border-top-width:10px;border-top-color:#33b1a6;width:100%;border-top-style:solid;}<\/style>","protected":false},"excerpt":{"rendered":"<p>FICHES INFO &gt; ENSEIGNER Enseigner la charte Longitude 181 Nature Pr\u00e9sentation Enseigner la Charte Internationale du Plongeur Responsable n&rsquo;est pas toujours chose facile. De nombreux moniteurs se sentent d\u00e9munis et en manque de mati\u00e8re p\u00e9dagogique pour \u00e9tayer leurs cours, leur donner du sens. Le plus souvent, cela se traduit par une simple information sur la [&hellip;]<\/p>\n","protected":false},"author":4,"featured_media":6144,"parent":0,"menu_order":0,"comment_status":"open","ping_status":"open","template":"","meta":{"_crdt_document":"","_uag_custom_page_level_css":"","advgb_blocks_editor_width":"","advgb_blocks_columns_visual_guide":"","_genesis_hide_title":true,"_genesis_hide_breadcrumbs":false,"_genesis_hide_singular_image":false,"_genesis_hide_footer_widgets":false,"_genesis_custom_body_class":"","_genesis_custom_post_class":"","_genesis_layout":"content-sidebar","_vp_format_video_url":"","_vp_image_focal_point":[],"footnotes":""},"class_list":{"0":"post-2449","1":"page","2":"type-page","3":"status-publish","4":"has-post-thumbnail","6":"entry"},"yoast_head":"<!-- This site is optimized with the Yoast SEO plugin v27.5 - https:\/\/yoast.com\/product\/yoast-seo-wordpress\/ -->\n<title>Charte Longitude 181 Nature - Plong\u00e9e Plaisir, site officiel<\/title>\n<meta name=\"robots\" content=\"index, follow, max-snippet:-1, max-image-preview:large, max-video-preview:-1\" \/>\n<link rel=\"canonical\" href=\"https:\/\/www.plongee-plaisir.com\/fr\/charte-plongeur-responsable\/\" \/>\n<meta property=\"og:locale\" content=\"fr_FR\" \/>\n<meta property=\"og:type\" content=\"article\" \/>\n<meta property=\"og:title\" content=\"Charte Longitude 181 Nature - Plong\u00e9e Plaisir, site officiel\" \/>\n<meta property=\"og:description\" content=\"FICHES INFO &gt; ENSEIGNER Enseigner la charte Longitude 181 Nature Pr\u00e9sentation Enseigner la Charte Internationale du Plongeur Responsable n&rsquo;est pas toujours chose facile. De nombreux moniteurs se sentent d\u00e9munis et en manque de mati\u00e8re p\u00e9dagogique pour \u00e9tayer leurs cours, leur donner du sens. Le plus souvent, cela se traduit par une simple information sur la [&hellip;]\" \/>\n<meta property=\"og:url\" content=\"https:\/\/www.plongee-plaisir.com\/fr\/charte-plongeur-responsable\/\" \/>\n<meta property=\"og:site_name\" content=\"Plong\u00e9e Plaisir, site officiel\" \/>\n<meta property=\"article:modified_time\" content=\"2021-04-04T17:59:46+00:00\" \/>\n<meta property=\"og:image\" content=\"https:\/\/www.plongee-plaisir.com\/fr\/wp-content\/uploads\/2016\/07\/Fiches-infos2.png\" \/>\n\t<meta property=\"og:image:width\" content=\"1076\" \/>\n\t<meta property=\"og:image:height\" content=\"702\" \/>\n\t<meta property=\"og:image:type\" content=\"image\/png\" \/>\n<meta name=\"twitter:card\" content=\"summary_large_image\" \/>\n<meta name=\"twitter:label1\" content=\"Dur\u00e9e de lecture estim\u00e9e\" \/>\n\t<meta name=\"twitter:data1\" content=\"2 minutes\" \/>\n<script type=\"application\/ld+json\" class=\"yoast-schema-graph\">{\"@context\":\"https:\\\/\\\/schema.org\",\"@graph\":[{\"@type\":\"WebPage\",\"@id\":\"https:\\\/\\\/www.plongee-plaisir.com\\\/fr\\\/charte-plongeur-responsable\\\/\",\"url\":\"https:\\\/\\\/www.plongee-plaisir.com\\\/fr\\\/charte-plongeur-responsable\\\/\",\"name\":\"Charte Longitude 181 Nature - Plong\u00e9e Plaisir, site officiel\",\"isPartOf\":{\"@id\":\"https:\\\/\\\/www.plongee-plaisir.com\\\/fr\\\/#website\"},\"primaryImageOfPage\":{\"@id\":\"https:\\\/\\\/www.plongee-plaisir.com\\\/fr\\\/charte-plongeur-responsable\\\/#primaryimage\"},\"image\":{\"@id\":\"https:\\\/\\\/www.plongee-plaisir.com\\\/fr\\\/charte-plongeur-responsable\\\/#primaryimage\"},\"thumbnailUrl\":\"https:\\\/\\\/www.plongee-plaisir.com\\\/fr\\\/wp-content\\\/uploads\\\/2016\\\/07\\\/Fiches-infos2.png\",\"datePublished\":\"2016-10-16T15:21:10+00:00\",\"dateModified\":\"2021-04-04T17:59:46+00:00\",\"breadcrumb\":{\"@id\":\"https:\\\/\\\/www.plongee-plaisir.com\\\/fr\\\/charte-plongeur-responsable\\\/#breadcrumb\"},\"inLanguage\":\"fr-FR\",\"potentialAction\":[{\"@type\":\"ReadAction\",\"target\":[\"https:\\\/\\\/www.plongee-plaisir.com\\\/fr\\\/charte-plongeur-responsable\\\/\"]}]},{\"@type\":\"ImageObject\",\"inLanguage\":\"fr-FR\",\"@id\":\"https:\\\/\\\/www.plongee-plaisir.com\\\/fr\\\/charte-plongeur-responsable\\\/#primaryimage\",\"url\":\"https:\\\/\\\/www.plongee-plaisir.com\\\/fr\\\/wp-content\\\/uploads\\\/2016\\\/07\\\/Fiches-infos2.png\",\"contentUrl\":\"https:\\\/\\\/www.plongee-plaisir.com\\\/fr\\\/wp-content\\\/uploads\\\/2016\\\/07\\\/Fiches-infos2.png\",\"width\":1076,\"height\":702,\"caption\":\"Fiches-infos\"},{\"@type\":\"BreadcrumbList\",\"@id\":\"https:\\\/\\\/www.plongee-plaisir.com\\\/fr\\\/charte-plongeur-responsable\\\/#breadcrumb\",\"itemListElement\":[{\"@type\":\"ListItem\",\"position\":1,\"name\":\"Accueil\",\"item\":\"https:\\\/\\\/www.plongee-plaisir.com\\\/fr\\\/\"},{\"@type\":\"ListItem\",\"position\":2,\"name\":\"Charte Longitude 181 Nature\"}]},{\"@type\":\"WebSite\",\"@id\":\"https:\\\/\\\/www.plongee-plaisir.com\\\/fr\\\/#website\",\"url\":\"https:\\\/\\\/www.plongee-plaisir.com\\\/fr\\\/\",\"name\":\"Plong\u00e9e Plaisir, site officiel\",\"description\":\"Apprendre \u00e0 plonger - Learning to dive\",\"potentialAction\":[{\"@type\":\"SearchAction\",\"target\":{\"@type\":\"EntryPoint\",\"urlTemplate\":\"https:\\\/\\\/www.plongee-plaisir.com\\\/fr\\\/?s={search_term_string}\"},\"query-input\":{\"@type\":\"PropertyValueSpecification\",\"valueRequired\":true,\"valueName\":\"search_term_string\"}}],\"inLanguage\":\"fr-FR\"}]}<\/script>\n<!-- \/ Yoast SEO plugin. -->","yoast_head_json":{"title":"Charte Longitude 181 Nature - Plong\u00e9e Plaisir, site officiel","robots":{"index":"index","follow":"follow","max-snippet":"max-snippet:-1","max-image-preview":"max-image-preview:large","max-video-preview":"max-video-preview:-1"},"canonical":"https:\/\/www.plongee-plaisir.com\/fr\/charte-plongeur-responsable\/","og_locale":"fr_FR","og_type":"article","og_title":"Charte Longitude 181 Nature - Plong\u00e9e Plaisir, site officiel","og_description":"FICHES INFO &gt; ENSEIGNER Enseigner la charte Longitude 181 Nature Pr\u00e9sentation Enseigner la Charte Internationale du Plongeur Responsable n&rsquo;est pas toujours chose facile. De nombreux moniteurs se sentent d\u00e9munis et en manque de mati\u00e8re p\u00e9dagogique pour \u00e9tayer leurs cours, leur donner du sens. Le plus souvent, cela se traduit par une simple information sur la [&hellip;]","og_url":"https:\/\/www.plongee-plaisir.com\/fr\/charte-plongeur-responsable\/","og_site_name":"Plong\u00e9e Plaisir, site officiel","article_modified_time":"2021-04-04T17:59:46+00:00","og_image":[{"width":1076,"height":702,"url":"https:\/\/www.plongee-plaisir.com\/fr\/wp-content\/uploads\/2016\/07\/Fiches-infos2.png","type":"image\/png"}],"twitter_card":"summary_large_image","twitter_misc":{"Dur\u00e9e de lecture estim\u00e9e":"2 minutes"},"schema":{"@context":"https:\/\/schema.org","@graph":[{"@type":"WebPage","@id":"https:\/\/www.plongee-plaisir.com\/fr\/charte-plongeur-responsable\/","url":"https:\/\/www.plongee-plaisir.com\/fr\/charte-plongeur-responsable\/","name":"Charte Longitude 181 Nature - Plong\u00e9e Plaisir, site officiel","isPartOf":{"@id":"https:\/\/www.plongee-plaisir.com\/fr\/#website"},"primaryImageOfPage":{"@id":"https:\/\/www.plongee-plaisir.com\/fr\/charte-plongeur-responsable\/#primaryimage"},"image":{"@id":"https:\/\/www.plongee-plaisir.com\/fr\/charte-plongeur-responsable\/#primaryimage"},"thumbnailUrl":"https:\/\/www.plongee-plaisir.com\/fr\/wp-content\/uploads\/2016\/07\/Fiches-infos2.png","datePublished":"2016-10-16T15:21:10+00:00","dateModified":"2021-04-04T17:59:46+00:00","breadcrumb":{"@id":"https:\/\/www.plongee-plaisir.com\/fr\/charte-plongeur-responsable\/#breadcrumb"},"inLanguage":"fr-FR","potentialAction":[{"@type":"ReadAction","target":["https:\/\/www.plongee-plaisir.com\/fr\/charte-plongeur-responsable\/"]}]},{"@type":"ImageObject","inLanguage":"fr-FR","@id":"https:\/\/www.plongee-plaisir.com\/fr\/charte-plongeur-responsable\/#primaryimage","url":"https:\/\/www.plongee-plaisir.com\/fr\/wp-content\/uploads\/2016\/07\/Fiches-infos2.png","contentUrl":"https:\/\/www.plongee-plaisir.com\/fr\/wp-content\/uploads\/2016\/07\/Fiches-infos2.png","width":1076,"height":702,"caption":"Fiches-infos"},{"@type":"BreadcrumbList","@id":"https:\/\/www.plongee-plaisir.com\/fr\/charte-plongeur-responsable\/#breadcrumb","itemListElement":[{"@type":"ListItem","position":1,"name":"Accueil","item":"https:\/\/www.plongee-plaisir.com\/fr\/"},{"@type":"ListItem","position":2,"name":"Charte Longitude 181 Nature"}]},{"@type":"WebSite","@id":"https:\/\/www.plongee-plaisir.com\/fr\/#website","url":"https:\/\/www.plongee-plaisir.com\/fr\/","name":"Plong\u00e9e Plaisir, site officiel","description":"Apprendre \u00e0 plonger - Learning to dive","potentialAction":[{"@type":"SearchAction","target":{"@type":"EntryPoint","urlTemplate":"https:\/\/www.plongee-plaisir.com\/fr\/?s={search_term_string}"},"query-input":{"@type":"PropertyValueSpecification","valueRequired":true,"valueName":"search_term_string"}}],"inLanguage":"fr-FR"}]}},"featured_image_src":"https:\/\/www.plongee-plaisir.com\/fr\/wp-content\/uploads\/2016\/07\/Fiches-infos2.png","featured_image_src_square":"https:\/\/www.plongee-plaisir.com\/fr\/wp-content\/uploads\/2016\/07\/Fiches-infos2.png","uagb_featured_image_src":{"full":["https:\/\/www.plongee-plaisir.com\/fr\/wp-content\/uploads\/2016\/07\/Fiches-infos2.png",1076,702,false],"thumbnail":["https:\/\/www.plongee-plaisir.com\/fr\/wp-content\/uploads\/2016\/07\/Fiches-infos2-150x150.png",150,150,true],"medium":["https:\/\/www.plongee-plaisir.com\/fr\/wp-content\/uploads\/2016\/07\/Fiches-infos2-300x196.png",300,196,true],"medium_large":["https:\/\/www.plongee-plaisir.com\/fr\/wp-content\/uploads\/2016\/07\/Fiches-infos2-768x501.png",768,501,true],"large":["https:\/\/www.plongee-plaisir.com\/fr\/wp-content\/uploads\/2016\/07\/Fiches-infos2-1024x668.png",1024,668,true],"1536x1536":["https:\/\/www.plongee-plaisir.com\/fr\/wp-content\/uploads\/2016\/07\/Fiches-infos2.png",1076,702,false],"2048x2048":["https:\/\/www.plongee-plaisir.com\/fr\/wp-content\/uploads\/2016\/07\/Fiches-infos2.png",1076,702,false],"featured-content":["https:\/\/www.plongee-plaisir.com\/fr\/wp-content\/uploads\/2016\/07\/Fiches-infos2-800x702.png",800,702,true],"author-pro-image":["https:\/\/www.plongee-plaisir.com\/fr\/wp-content\/uploads\/2016\/07\/Fiches-infos2-360x570.png",360,570,true],"tb-timeline-landscape":["https:\/\/www.plongee-plaisir.com\/fr\/wp-content\/uploads\/2016\/07\/Fiches-infos2.png",600,391,false],"tb-timeline-square":["https:\/\/www.plongee-plaisir.com\/fr\/wp-content\/uploads\/2016\/07\/Fiches-infos2.png",600,391,false],"ultp_layout_landscape_large":["https:\/\/www.plongee-plaisir.com\/fr\/wp-content\/uploads\/2016\/07\/Fiches-infos2.png",1076,702,false],"ultp_layout_landscape":["https:\/\/www.plongee-plaisir.com\/fr\/wp-content\/uploads\/2016\/07\/Fiches-infos2.png",870,568,false],"ultp_layout_portrait":["https:\/\/www.plongee-plaisir.com\/fr\/wp-content\/uploads\/2016\/07\/Fiches-infos2.png",600,391,false],"ultp_layout_square":["https:\/\/www.plongee-plaisir.com\/fr\/wp-content\/uploads\/2016\/07\/Fiches-infos2.png",600,391,false],"vp_sm":["https:\/\/www.plongee-plaisir.com\/fr\/wp-content\/uploads\/2016\/07\/Fiches-infos2.png",500,326,false],"vp_md":["https:\/\/www.plongee-plaisir.com\/fr\/wp-content\/uploads\/2016\/07\/Fiches-infos2.png",800,522,false],"vp_lg":["https:\/\/www.plongee-plaisir.com\/fr\/wp-content\/uploads\/2016\/07\/Fiches-infos2.png",1076,702,false],"vp_xl":["https:\/\/www.plongee-plaisir.com\/fr\/wp-content\/uploads\/2016\/07\/Fiches-infos2.png",1076,702,false],"vp_sm_popup":["https:\/\/www.plongee-plaisir.com\/fr\/wp-content\/uploads\/2016\/07\/Fiches-infos2.png",500,326,false],"vp_md_popup":["https:\/\/www.plongee-plaisir.com\/fr\/wp-content\/uploads\/2016\/07\/Fiches-infos2.png",800,522,false],"vp_xl_popup":["https:\/\/www.plongee-plaisir.com\/fr\/wp-content\/uploads\/2016\/07\/Fiches-infos2.png",1076,702,false],"gb-block-post-grid-landscape":["https:\/\/www.plongee-plaisir.com\/fr\/wp-content\/uploads\/2016\/07\/Fiches-infos2.png",600,391,false],"gb-block-post-grid-square":["https:\/\/www.plongee-plaisir.com\/fr\/wp-content\/uploads\/2016\/07\/Fiches-infos2.png",600,391,false],"woocommerce_thumbnail":["https:\/\/www.plongee-plaisir.com\/fr\/wp-content\/uploads\/2016\/07\/Fiches-infos2-300x196.png",300,196,true],"woocommerce_single":["https:\/\/www.plongee-plaisir.com\/fr\/wp-content\/uploads\/2016\/07\/Fiches-infos2-600x391.png",600,391,true],"woocommerce_gallery_thumbnail":["https:\/\/www.plongee-plaisir.com\/fr\/wp-content\/uploads\/2016\/07\/Fiches-infos2-100x100.png",100,100,true],"sow-carousel-default":["https:\/\/www.plongee-plaisir.com\/fr\/wp-content\/uploads\/2016\/07\/Fiches-infos2-272x182.png",272,182,true]},"uagb_author_info":{"display_name":"Alain Foret","author_link":"https:\/\/www.plongee-plaisir.com\/fr\/author\/plongeeplaisir\/"},"uagb_comment_info":0,"uagb_excerpt":"FICHES INFO &gt; ENSEIGNER Enseigner la charte Longitude 181 Nature Pr\u00e9sentation Enseigner la Charte Internationale du Plongeur Responsable n&rsquo;est pas toujours chose facile. De nombreux moniteurs se sentent d\u00e9munis et en manque de mati\u00e8re p\u00e9dagogique pour \u00e9tayer leurs cours, leur donner du sens. Le plus souvent, cela se traduit par une simple information sur la\u2026","coauthors":[],"author_meta":{"author_link":"https:\/\/www.plongee-plaisir.com\/fr\/author\/plongeeplaisir\/","display_name":"Alain Foret"},"relative_dates":{"created":"Publi\u00e9 10 ans il y a","modified":"Mis \u00e0 jour 5 ans il y a"},"absolute_dates":{"created":"Publi\u00e9 le 16 octobre 2016","modified":"Mise \u00e0 jour le 4 avril 2021"},"absolute_dates_time":{"created":"Publi\u00e9 le 16 octobre 2016 17 h 21 min","modified":"Mise \u00e0 jour le 4 avril 2021 19 h 59 min"},"featured_img_caption":"","featured_img":"https:\/\/www.plongee-plaisir.com\/fr\/wp-content\/uploads\/2016\/07\/Fiches-infos2.png","series_order":"","amp_enabled":true,"_links":{"self":[{"href":"https:\/\/www.plongee-plaisir.com\/fr\/wp-json\/wp\/v2\/pages\/2449","targetHints":{"allow":["GET"]}}],"collection":[{"href":"https:\/\/www.plongee-plaisir.com\/fr\/wp-json\/wp\/v2\/pages"}],"about":[{"href":"https:\/\/www.plongee-plaisir.com\/fr\/wp-json\/wp\/v2\/types\/page"}],"author":[{"embeddable":true,"href":"https:\/\/www.plongee-plaisir.com\/fr\/wp-json\/wp\/v2\/users\/4"}],"replies":[{"embeddable":true,"href":"https:\/\/www.plongee-plaisir.com\/fr\/wp-json\/wp\/v2\/comments?post=2449"}],"version-history":[{"count":0,"href":"https:\/\/www.plongee-plaisir.com\/fr\/wp-json\/wp\/v2\/pages\/2449\/revisions"}],"wp:featuredmedia":[{"embeddable":true,"href":"https:\/\/www.plongee-plaisir.com\/fr\/wp-json\/wp\/v2\/media\/6144"}],"wp:attachment":[{"href":"https:\/\/www.plongee-plaisir.com\/fr\/wp-json\/wp\/v2\/media?parent=2449"}],"curies":[{"name":"wp","href":"https:\/\/api.w.org\/{rel}","templated":true}]}}