{"id":25385,"date":"2019-08-03T12:25:00","date_gmt":"2019-08-03T10:25:00","guid":{"rendered":"https:\/\/www.plongee-plaisir.com\/fr\/?page_id=25385"},"modified":"2024-03-01T15:15:30","modified_gmt":"2024-03-01T14:15:30","slug":"fiches-infos","status":"publish","type":"page","link":"https:\/\/www.plongee-plaisir.com\/fr\/fiches-infos\/","title":{"rendered":"Fiches Info Plong\u00e9e Plaisir"},"content":{"rendered":"\n<p class=\"wp-block-paragraph\"><\/p>\n\n\n\n<h2 class=\"wp-block-heading\">\u00c0 la Une<\/h2>\n\n\n<div class=\"kb-gallery-wrap-id-25385_a402c4-73 alignnone wp-block-kadence-advancedgallery\"><ul class=\"kb-gallery-ul kb-gallery-non-static kb-gallery-type-grid kb-gallery-id-25385_a402c4-73 kb-gallery-caption-style-below kb-gallery-filter-none\" data-image-filter=\"none\" data-item-selector=\".kadence-blocks-gallery-item\" data-lightbox-caption=\"true\" data-columns-xxl=\"3\" data-columns-xl=\"3\" data-columns-md=\"3\" data-columns-sm=\"2\" data-columns-xs=\"1\" data-columns-ss=\"1\"><li class=\"kadence-blocks-gallery-item\"><div class=\"kadence-blocks-gallery-item-inner\"><figure class=\"kb-gallery-figure kb-gallery-item-has-link kadence-blocks-gallery-item-has-caption\"><a href=\"https:\/\/www.plongee-plaisir.com\/fr\/moniteurs-professionnels\/\" class=\"kb-gallery-item-link\"  ><div class=\"kb-gal-image-radius\"><div class=\"kb-gallery-image-contain kadence-blocks-gallery-intrinsic kb-gallery-image-ratio-land32 kb-has-image-ratio-land32\" ><img decoding=\"async\" src=\"https:\/\/www.plongee-plaisir.com\/fr\/wp-content\/uploads\/2021\/08\/neoprene2-1024x641.jpg\" width=\"1024\" height=\"641\" alt=\"\" data-full-image=\"https:\/\/www.plongee-plaisir.com\/fr\/wp-content\/uploads\/2021\/08\/neoprene2.jpg\" data-light-image=\"https:\/\/www.plongee-plaisir.com\/fr\/wp-content\/uploads\/2021\/08\/neoprene2.jpg\" data-id=\"52829\" class=\"wp-image-52829\" srcset=\"https:\/\/www.plongee-plaisir.com\/fr\/wp-content\/uploads\/2021\/08\/neoprene2-1024x641.jpg 1024w, https:\/\/www.plongee-plaisir.com\/fr\/wp-content\/uploads\/2021\/08\/neoprene2-300x188.jpg 300w, https:\/\/www.plongee-plaisir.com\/fr\/wp-content\/uploads\/2021\/08\/neoprene2-600x375.jpg 600w, https:\/\/www.plongee-plaisir.com\/fr\/wp-content\/uploads\/2021\/08\/neoprene2-768x480.jpg 768w, https:\/\/www.plongee-plaisir.com\/fr\/wp-content\/uploads\/2021\/08\/neoprene2-1536x961.jpg 1536w, https:\/\/www.plongee-plaisir.com\/fr\/wp-content\/uploads\/2021\/08\/neoprene2.jpg 1800w\" sizes=\"(max-width: 1024px) 100vw, 1024px\" \/><\/div><\/div><div class=\"kadence-blocks-gallery-item__caption\">Le moniteur professionnel<\/div><\/a><\/figure><\/div><\/li><li class=\"kadence-blocks-gallery-item\"><div class=\"kadence-blocks-gallery-item-inner\"><figure class=\"kb-gallery-figure kb-gallery-item-has-link kadence-blocks-gallery-item-has-caption\"><a href=\"https:\/\/www.plongee-plaisir.com\/fr\/les-signes-de-plongee\/\" class=\"kb-gallery-item-link\"  ><div class=\"kb-gal-image-radius\"><div class=\"kb-gallery-image-contain kadence-blocks-gallery-intrinsic kb-gallery-image-ratio-land32 kb-has-image-ratio-land32\" ><img decoding=\"async\" src=\"https:\/\/www.plongee-plaisir.com\/fr\/wp-content\/uploads\/2017\/01\/bienvenue-1024x753.jpg\" width=\"1024\" height=\"753\" alt=\"Bienvenue\" data-full-image=\"https:\/\/www.plongee-plaisir.com\/fr\/wp-content\/uploads\/2017\/01\/bienvenue.jpg\" data-light-image=\"https:\/\/www.plongee-plaisir.com\/fr\/wp-content\/uploads\/2017\/01\/bienvenue.jpg\" data-id=\"4592\" class=\"wp-image-4592\" srcset=\"https:\/\/www.plongee-plaisir.com\/fr\/wp-content\/uploads\/2017\/01\/bienvenue.jpg 1024w, https:\/\/www.plongee-plaisir.com\/fr\/wp-content\/uploads\/2017\/01\/bienvenue-300x221.jpg 300w, https:\/\/www.plongee-plaisir.com\/fr\/wp-content\/uploads\/2017\/01\/bienvenue-600x441.jpg 600w, https:\/\/www.plongee-plaisir.com\/fr\/wp-content\/uploads\/2017\/01\/bienvenue-768x565.jpg 768w\" sizes=\"(max-width: 1024px) 100vw, 1024px\" \/><\/div><\/div><div class=\"kadence-blocks-gallery-item__caption\">Les signes de plong\u00e9e<\/div><\/a><\/figure><\/div><\/li><li class=\"kadence-blocks-gallery-item\"><div class=\"kadence-blocks-gallery-item-inner\"><figure class=\"kb-gallery-figure kb-gallery-item-has-link kadence-blocks-gallery-item-has-caption\"><a href=\"https:\/\/www.plongee-plaisir.com\/fr\/les-niveaux-de-plongee\/\" class=\"kb-gallery-item-link\"  ><div class=\"kb-gal-image-radius\"><div class=\"kb-gallery-image-contain kadence-blocks-gallery-intrinsic kb-gallery-image-ratio-land32 kb-has-image-ratio-land32\" ><img decoding=\"async\" src=\"https:\/\/www.plongee-plaisir.com\/fr\/wp-content\/uploads\/2020\/01\/photo-pp1.jpg\" width=\"1018\" height=\"672\" alt=\"\" data-full-image=\"https:\/\/www.plongee-plaisir.com\/fr\/wp-content\/uploads\/2020\/01\/photo-pp1.jpg\" data-light-image=\"https:\/\/www.plongee-plaisir.com\/fr\/wp-content\/uploads\/2020\/01\/photo-pp1.jpg\" data-id=\"48614\" class=\"wp-image-48614\" srcset=\"https:\/\/www.plongee-plaisir.com\/fr\/wp-content\/uploads\/2020\/01\/photo-pp1.jpg 1018w, https:\/\/www.plongee-plaisir.com\/fr\/wp-content\/uploads\/2020\/01\/photo-pp1-300x198.jpg 300w, https:\/\/www.plongee-plaisir.com\/fr\/wp-content\/uploads\/2020\/01\/photo-pp1-600x396.jpg 600w, https:\/\/www.plongee-plaisir.com\/fr\/wp-content\/uploads\/2020\/01\/photo-pp1-768x507.jpg 768w\" sizes=\"(max-width: 1018px) 100vw, 1018px\" \/><\/div><\/div><div class=\"kadence-blocks-gallery-item__caption\">Les niveaux en plong\u00e9e<\/div><\/a><\/figure><\/div><\/li><\/ul><\/div>\n\n\n<div style=\"height:12px\" aria-hidden=\"true\" class=\"wp-block-spacer\"><\/div>\n\n\n\n<h2 class=\"wp-block-heading\">Pr\u00e9sentation<\/h2>\n\n\n\n<p class=\"wp-block-paragraph\">Les Fiches Info Plong\u00e9e Plaisir sont g\u00e9n\u00e9ralement extraites des <a href=\"https:\/\/www.plongee-plaisir.com\/fr\/livres-plongee\/\">livres Plong\u00e9e Plaisir<\/a>, afin de permettre un acc\u00e8s direct \u00e0 certains sujets.<\/p>\n\n\n\n<p class=\"wp-block-paragraph\">Selon les cas, cette information peut \u00eatre enrichie par :<\/p>\n\n\n\n<ul class=\"wp-block-list\">\n<li>des liens directs vers des sources d&rsquo;information (ex. r\u00e9glementation) ;<\/li>\n\n\n\n<li>des compl\u00e9ments d&rsquo;information sur le fond ;<\/li>\n\n\n\n<li>une prise en compte de l&rsquo;actualit\u00e9.<\/li>\n<\/ul>\n\n\n\n<p class=\"wp-block-paragraph\">Ces Fiches Info ne se substituent pas aux livres <em>Plong\u00e9e Plaisir<\/em>, elles sont compl\u00e9mentaires, pour une information ponctuelle, sur un sujet pr\u00e9cis.<\/p>\n\n\n\n<h2 class=\"wp-block-heading\">Classement des Fiches Info<\/h2>\n\n\n\n<p class=\"wp-block-paragraph\">Les Fiches Info Plong\u00e9e Plaisir sont class\u00e9es en plusieurs cat\u00e9gories :<\/p>\n\n\n\n<ul class=\"wp-block-list\">\n<li>Vous initier : pour les personnes souhaitant d\u00e9couvrir la plong\u00e9e (ex. Comment d\u00e9buter la plong\u00e9e ? Quels sont les niveaux en plong\u00e9e ?) ;<\/li>\n\n\n\n<li>Vous perfectionner : pour les personnes d\u00e9j\u00e0 form\u00e9es (ex. Oreilles et plong\u00e9e ; Ordinateurs de plong\u00e9e) ;<\/li>\n\n\n\n<li>Diriger, encadrer : \u00e0 destination des directeurs de plong\u00e9e et des encadrants de palanqu\u00e9e (guides de palanqu\u00e9e) ;<\/li>\n\n\n\n<li>La d\u00e9saturation ;<\/li>\n\n\n\n<li>Enseigner : pour les initiateurs de club et les moniteurs de plong\u00e9e ;<\/li>\n\n\n\n<li>Les \u00e9tablissements d&rsquo;APS : pour les responsables de structures (clubs associatifs, structures commerciales, travailleurs ind\u00e9pendants) ;<\/li>\n\n\n\n<li>R\u00e9glementation ;<\/li>\n\n\n\n<li>&#8230;<\/li>\n<\/ul>\n\n\n\n<p class=\"wp-block-paragraph\">Bien entendu, ces cat\u00e9gories sont indicatives, \u00e0 chacun de puiser dans ces fiches l&rsquo;information qui l&rsquo;int\u00e9resse.<\/p>\n\n\n\n<h2 class=\"wp-block-heading\">Acc\u00e8s aux Fiches Info<\/h2>\n\n\n\n<p class=\"wp-block-paragraph\">Pour acc\u00e9der aux Fiches Info, vous pouvez utiliser le menu ci-contre (desktop) ou ci-dessous apr\u00e8s cette page (mobile) pour faire votre recherche parmi les Fiches Info propos\u00e9es.<\/p>\n\n\n\n<figure class=\"wp-block-image alignleft size-large is-resized is-style-default\"><img decoding=\"async\" width=\"102\" height=\"102\" src=\"https:\/\/www.plongee-plaisir.com\/fr\/wp-content\/uploads\/2021\/02\/carre.jpg\" alt=\"\" class=\"wp-image-48240\" style=\"width:30px\" srcset=\"https:\/\/www.plongee-plaisir.com\/fr\/wp-content\/uploads\/2021\/02\/carre.jpg 102w, https:\/\/www.plongee-plaisir.com\/fr\/wp-content\/uploads\/2021\/02\/carre-100x100.jpg 100w\" sizes=\"(max-width: 102px) 100vw, 102px\" \/><\/figure>\n\n\n\n<p class=\"wp-block-paragraph\"><\/p>\n<style class=\"advgb-styles-renderer\">.wp-block-kadence-advancedgallery .kb-gallery-type-grid.kb-gallery-id-25385_a402c4-73{margin:-5px;}.kb-gallery-type-grid.kb-gallery-id-25385_a402c4-73 .kadence-blocks-gallery-item{padding:5px;}.kb-gallery-id-25385_a402c4-73 .kadence-blocks-gallery-item .kb-gal-image-radius, .kb-gallery-id-25385_a402c4-73 .kb-slide-item .kb-gal-image-radius img{border-radius:0px 0px 0px 0px;;}.wp-block-kadence-advancedgallery.kb-gallery-wrap-id-25385_a402c4-73{overflow:visible;}.kb-gallery-id-25385_a402c4-73 .kadence-blocks-gallery-item .kb-gal-image-radius, .kb-gallery-id-25385_a402c4-73 .kadence-blocks-gallery-thumb-item .kb-gal-image-radius{box-shadow:4px 2px 14px 0px rgba(0, 0, 0, 0.2);}.kb-gallery-id-25385_a402c4-73 .kadence-blocks-gallery-item:hover .kb-gal-image-radius, .kb-gallery-id-25385_a402c4-73 .kadence-blocks-gallery-thumb-item:hover .kb-gal-image-radius{box-shadow:4px 2px 14px 0px rgba(0, 0, 0, 0.2);}.kb-gallery-id-25385_a402c4-73 .kadence-blocks-gallery-item .kadence-blocks-gallery-item-inner .kadence-blocks-gallery-item__caption{font-family:-apple-system,BlinkMacSystemFont,\"Segoe UI\",Roboto,Oxygen-Sans,Ubuntu,Cantarell,\"Helvetica Neue\",sans-serif, \"Apple Color Emoji\", \"Segoe UI Emoji\", \"Segoe UI Symbol\";font-weight:400;}.kb-gallery-caption-style-cover-hover.kb-gallery-id-25385_a402c4-73 .kadence-blocks-gallery-item .kadence-blocks-gallery-item-inner .kadence-blocks-gallery-item__caption, .kb-gallery-caption-style-below.kb-gallery-id-25385_a402c4-73 .kadence-blocks-gallery-item .kadence-blocks-gallery-item-inner .kadence-blocks-gallery-item__caption{background:#0693e3;}<\/style>","protected":false},"excerpt":{"rendered":"<p>\u00c0 la Une Pr\u00e9sentation Les Fiches Info Plong\u00e9e Plaisir sont g\u00e9n\u00e9ralement extraites des livres Plong\u00e9e Plaisir, afin de permettre un acc\u00e8s direct \u00e0 certains sujets. Selon les cas, cette information peut \u00eatre enrichie par : Ces Fiches Info ne se substituent pas aux livres Plong\u00e9e Plaisir, elles sont compl\u00e9mentaires, pour une information ponctuelle, sur un [&hellip;]<\/p>\n","protected":false},"author":4,"featured_media":0,"parent":0,"menu_order":0,"comment_status":"closed","ping_status":"closed","template":"","meta":{"_crdt_document":"","_uag_custom_page_level_css":"","advgb_blocks_editor_width":"","advgb_blocks_columns_visual_guide":"","_genesis_hide_title":true,"_genesis_hide_breadcrumbs":false,"_genesis_hide_singular_image":false,"_genesis_hide_footer_widgets":false,"_genesis_custom_body_class":"","_genesis_custom_post_class":"","_genesis_layout":"content-sidebar","_vp_format_video_url":"","_vp_image_focal_point":[],"footnotes":""},"class_list":{"0":"post-25385","1":"page","2":"type-page","3":"status-publish","5":"entry"},"yoast_head":"<!-- This site is optimized with the Yoast SEO plugin v27.4 - https:\/\/yoast.com\/product\/yoast-seo-wordpress\/ -->\n<title>Fiches Info Plong\u00e9e Plaisir - Plong\u00e9e Plaisir, site officiel<\/title>\n<meta name=\"robots\" content=\"index, follow, max-snippet:-1, max-image-preview:large, max-video-preview:-1\" \/>\n<link rel=\"canonical\" href=\"https:\/\/www.plongee-plaisir.com\/fr\/fiches-infos\/\" \/>\n<meta property=\"og:locale\" content=\"fr_FR\" \/>\n<meta property=\"og:type\" content=\"article\" \/>\n<meta property=\"og:title\" content=\"Fiches Info Plong\u00e9e Plaisir - Plong\u00e9e Plaisir, site officiel\" \/>\n<meta property=\"og:description\" content=\"\u00c0 la Une Pr\u00e9sentation Les Fiches Info Plong\u00e9e Plaisir sont g\u00e9n\u00e9ralement extraites des livres Plong\u00e9e Plaisir, afin de permettre un acc\u00e8s direct \u00e0 certains sujets. Selon les cas, cette information peut \u00eatre enrichie par : Ces Fiches Info ne se substituent pas aux livres Plong\u00e9e Plaisir, elles sont compl\u00e9mentaires, pour une information ponctuelle, sur un [&hellip;]\" \/>\n<meta property=\"og:url\" content=\"https:\/\/www.plongee-plaisir.com\/fr\/fiches-infos\/\" \/>\n<meta property=\"og:site_name\" content=\"Plong\u00e9e Plaisir, site officiel\" \/>\n<meta property=\"article:modified_time\" content=\"2024-03-01T14:15:30+00:00\" \/>\n<meta property=\"og:image\" content=\"https:\/\/www.plongee-plaisir.com\/fr\/wp-content\/uploads\/2021\/02\/carre.jpg\" \/>\n<meta name=\"twitter:card\" content=\"summary_large_image\" \/>\n<meta name=\"twitter:label1\" content=\"Dur\u00e9e de lecture estim\u00e9e\" \/>\n\t<meta name=\"twitter:data1\" content=\"2 minutes\" \/>\n<script type=\"application\/ld+json\" class=\"yoast-schema-graph\">{\"@context\":\"https:\\\/\\\/schema.org\",\"@graph\":[{\"@type\":\"WebPage\",\"@id\":\"https:\\\/\\\/www.plongee-plaisir.com\\\/fr\\\/fiches-infos\\\/\",\"url\":\"https:\\\/\\\/www.plongee-plaisir.com\\\/fr\\\/fiches-infos\\\/\",\"name\":\"Fiches Info Plong\u00e9e Plaisir - Plong\u00e9e Plaisir, site officiel\",\"isPartOf\":{\"@id\":\"https:\\\/\\\/www.plongee-plaisir.com\\\/fr\\\/#website\"},\"primaryImageOfPage\":{\"@id\":\"https:\\\/\\\/www.plongee-plaisir.com\\\/fr\\\/fiches-infos\\\/#primaryimage\"},\"image\":{\"@id\":\"https:\\\/\\\/www.plongee-plaisir.com\\\/fr\\\/fiches-infos\\\/#primaryimage\"},\"thumbnailUrl\":\"https:\\\/\\\/www.plongee-plaisir.com\\\/fr\\\/wp-content\\\/uploads\\\/2021\\\/02\\\/carre.jpg\",\"datePublished\":\"2019-08-03T10:25:00+00:00\",\"dateModified\":\"2024-03-01T14:15:30+00:00\",\"breadcrumb\":{\"@id\":\"https:\\\/\\\/www.plongee-plaisir.com\\\/fr\\\/fiches-infos\\\/#breadcrumb\"},\"inLanguage\":\"fr-FR\",\"potentialAction\":[{\"@type\":\"ReadAction\",\"target\":[\"https:\\\/\\\/www.plongee-plaisir.com\\\/fr\\\/fiches-infos\\\/\"]}]},{\"@type\":\"ImageObject\",\"inLanguage\":\"fr-FR\",\"@id\":\"https:\\\/\\\/www.plongee-plaisir.com\\\/fr\\\/fiches-infos\\\/#primaryimage\",\"url\":\"https:\\\/\\\/www.plongee-plaisir.com\\\/fr\\\/wp-content\\\/uploads\\\/2021\\\/02\\\/carre.jpg\",\"contentUrl\":\"https:\\\/\\\/www.plongee-plaisir.com\\\/fr\\\/wp-content\\\/uploads\\\/2021\\\/02\\\/carre.jpg\",\"width\":102,\"height\":102},{\"@type\":\"BreadcrumbList\",\"@id\":\"https:\\\/\\\/www.plongee-plaisir.com\\\/fr\\\/fiches-infos\\\/#breadcrumb\",\"itemListElement\":[{\"@type\":\"ListItem\",\"position\":1,\"name\":\"Accueil\",\"item\":\"https:\\\/\\\/www.plongee-plaisir.com\\\/fr\\\/\"},{\"@type\":\"ListItem\",\"position\":2,\"name\":\"Fiches Info Plong\u00e9e Plaisir\"}]},{\"@type\":\"WebSite\",\"@id\":\"https:\\\/\\\/www.plongee-plaisir.com\\\/fr\\\/#website\",\"url\":\"https:\\\/\\\/www.plongee-plaisir.com\\\/fr\\\/\",\"name\":\"Plong\u00e9e Plaisir, site officiel\",\"description\":\"Apprendre \u00e0 plonger - Learning to dive\",\"potentialAction\":[{\"@type\":\"SearchAction\",\"target\":{\"@type\":\"EntryPoint\",\"urlTemplate\":\"https:\\\/\\\/www.plongee-plaisir.com\\\/fr\\\/?s={search_term_string}\"},\"query-input\":{\"@type\":\"PropertyValueSpecification\",\"valueRequired\":true,\"valueName\":\"search_term_string\"}}],\"inLanguage\":\"fr-FR\"}]}<\/script>\n<!-- \/ Yoast SEO plugin. -->","yoast_head_json":{"title":"Fiches Info Plong\u00e9e Plaisir - Plong\u00e9e Plaisir, site officiel","robots":{"index":"index","follow":"follow","max-snippet":"max-snippet:-1","max-image-preview":"max-image-preview:large","max-video-preview":"max-video-preview:-1"},"canonical":"https:\/\/www.plongee-plaisir.com\/fr\/fiches-infos\/","og_locale":"fr_FR","og_type":"article","og_title":"Fiches Info Plong\u00e9e Plaisir - Plong\u00e9e Plaisir, site officiel","og_description":"\u00c0 la Une Pr\u00e9sentation Les Fiches Info Plong\u00e9e Plaisir sont g\u00e9n\u00e9ralement extraites des livres Plong\u00e9e Plaisir, afin de permettre un acc\u00e8s direct \u00e0 certains sujets. Selon les cas, cette information peut \u00eatre enrichie par : Ces Fiches Info ne se substituent pas aux livres Plong\u00e9e Plaisir, elles sont compl\u00e9mentaires, pour une information ponctuelle, sur un [&hellip;]","og_url":"https:\/\/www.plongee-plaisir.com\/fr\/fiches-infos\/","og_site_name":"Plong\u00e9e Plaisir, site officiel","article_modified_time":"2024-03-01T14:15:30+00:00","og_image":[{"url":"https:\/\/www.plongee-plaisir.com\/fr\/wp-content\/uploads\/2021\/02\/carre.jpg","type":"","width":"","height":""}],"twitter_card":"summary_large_image","twitter_misc":{"Dur\u00e9e de lecture estim\u00e9e":"2 minutes"},"schema":{"@context":"https:\/\/schema.org","@graph":[{"@type":"WebPage","@id":"https:\/\/www.plongee-plaisir.com\/fr\/fiches-infos\/","url":"https:\/\/www.plongee-plaisir.com\/fr\/fiches-infos\/","name":"Fiches Info Plong\u00e9e Plaisir - Plong\u00e9e Plaisir, site officiel","isPartOf":{"@id":"https:\/\/www.plongee-plaisir.com\/fr\/#website"},"primaryImageOfPage":{"@id":"https:\/\/www.plongee-plaisir.com\/fr\/fiches-infos\/#primaryimage"},"image":{"@id":"https:\/\/www.plongee-plaisir.com\/fr\/fiches-infos\/#primaryimage"},"thumbnailUrl":"https:\/\/www.plongee-plaisir.com\/fr\/wp-content\/uploads\/2021\/02\/carre.jpg","datePublished":"2019-08-03T10:25:00+00:00","dateModified":"2024-03-01T14:15:30+00:00","breadcrumb":{"@id":"https:\/\/www.plongee-plaisir.com\/fr\/fiches-infos\/#breadcrumb"},"inLanguage":"fr-FR","potentialAction":[{"@type":"ReadAction","target":["https:\/\/www.plongee-plaisir.com\/fr\/fiches-infos\/"]}]},{"@type":"ImageObject","inLanguage":"fr-FR","@id":"https:\/\/www.plongee-plaisir.com\/fr\/fiches-infos\/#primaryimage","url":"https:\/\/www.plongee-plaisir.com\/fr\/wp-content\/uploads\/2021\/02\/carre.jpg","contentUrl":"https:\/\/www.plongee-plaisir.com\/fr\/wp-content\/uploads\/2021\/02\/carre.jpg","width":102,"height":102},{"@type":"BreadcrumbList","@id":"https:\/\/www.plongee-plaisir.com\/fr\/fiches-infos\/#breadcrumb","itemListElement":[{"@type":"ListItem","position":1,"name":"Accueil","item":"https:\/\/www.plongee-plaisir.com\/fr\/"},{"@type":"ListItem","position":2,"name":"Fiches Info Plong\u00e9e Plaisir"}]},{"@type":"WebSite","@id":"https:\/\/www.plongee-plaisir.com\/fr\/#website","url":"https:\/\/www.plongee-plaisir.com\/fr\/","name":"Plong\u00e9e Plaisir, site officiel","description":"Apprendre \u00e0 plonger - Learning to dive","potentialAction":[{"@type":"SearchAction","target":{"@type":"EntryPoint","urlTemplate":"https:\/\/www.plongee-plaisir.com\/fr\/?s={search_term_string}"},"query-input":{"@type":"PropertyValueSpecification","valueRequired":true,"valueName":"search_term_string"}}],"inLanguage":"fr-FR"}]}},"featured_image_src":null,"featured_image_src_square":null,"uagb_featured_image_src":{"full":false,"thumbnail":false,"medium":false,"medium_large":false,"large":false,"1536x1536":false,"2048x2048":false,"featured-content":false,"author-pro-image":false,"tb-timeline-landscape":false,"tb-timeline-square":false,"ultp_layout_landscape_large":false,"ultp_layout_landscape":false,"ultp_layout_portrait":false,"ultp_layout_square":false,"vp_sm":false,"vp_md":false,"vp_lg":false,"vp_xl":false,"vp_sm_popup":false,"vp_md_popup":false,"vp_xl_popup":false,"gb-block-post-grid-landscape":false,"gb-block-post-grid-square":false,"woocommerce_thumbnail":false,"woocommerce_single":false,"woocommerce_gallery_thumbnail":false,"web-stories-poster-portrait":false,"web-stories-publisher-logo":false,"web-stories-thumbnail":false,"sow-carousel-default":false},"uagb_author_info":{"display_name":"Alain Foret","author_link":"https:\/\/www.plongee-plaisir.com\/fr\/author\/plongeeplaisir\/"},"uagb_comment_info":0,"uagb_excerpt":"\u00c0 la Une Pr\u00e9sentation Les Fiches Info Plong\u00e9e Plaisir sont g\u00e9n\u00e9ralement extraites des livres Plong\u00e9e Plaisir, afin de permettre un acc\u00e8s direct \u00e0 certains sujets. Selon les cas, cette information peut \u00eatre enrichie par : Ces Fiches Info ne se substituent pas aux livres Plong\u00e9e Plaisir, elles sont compl\u00e9mentaires, pour une information ponctuelle, sur un\u2026","coauthors":[],"author_meta":{"author_link":"https:\/\/www.plongee-plaisir.com\/fr\/author\/plongeeplaisir\/","display_name":"Alain Foret"},"relative_dates":{"created":"Publi\u00e9 7 ans il y a","modified":"Mis \u00e0 jour 2 ans il y a"},"absolute_dates":{"created":"Publi\u00e9 le 3 ao\u00fbt 2019","modified":"Mise \u00e0 jour le 1 mars 2024"},"absolute_dates_time":{"created":"Publi\u00e9 le 3 ao\u00fbt 2019 12 h 25 min","modified":"Mise \u00e0 jour le 1 mars 2024 15 h 15 min"},"featured_img_caption":"","featured_img":false,"series_order":"","amp_enabled":true,"_links":{"self":[{"href":"https:\/\/www.plongee-plaisir.com\/fr\/wp-json\/wp\/v2\/pages\/25385","targetHints":{"allow":["GET"]}}],"collection":[{"href":"https:\/\/www.plongee-plaisir.com\/fr\/wp-json\/wp\/v2\/pages"}],"about":[{"href":"https:\/\/www.plongee-plaisir.com\/fr\/wp-json\/wp\/v2\/types\/page"}],"author":[{"embeddable":true,"href":"https:\/\/www.plongee-plaisir.com\/fr\/wp-json\/wp\/v2\/users\/4"}],"replies":[{"embeddable":true,"href":"https:\/\/www.plongee-plaisir.com\/fr\/wp-json\/wp\/v2\/comments?post=25385"}],"version-history":[{"count":0,"href":"https:\/\/www.plongee-plaisir.com\/fr\/wp-json\/wp\/v2\/pages\/25385\/revisions"}],"wp:attachment":[{"href":"https:\/\/www.plongee-plaisir.com\/fr\/wp-json\/wp\/v2\/media?parent=25385"}],"curies":[{"name":"wp","href":"https:\/\/api.w.org\/{rel}","templated":true}]}}