{"id":25401,"date":"2024-08-11T18:05:00","date_gmt":"2024-08-11T16:05:00","guid":{"rendered":"https:\/\/www.plongee-plaisir.com\/fr\/?page_id=25401"},"modified":"2024-08-12T13:15:44","modified_gmt":"2024-08-12T11:15:44","slug":"livres-plongee","status":"publish","type":"page","link":"https:\/\/www.plongee-plaisir.com\/fr\/livres-plongee\/","title":{"rendered":"Livres Plong\u00e9e Plaisir"},"content":{"rendered":"\n<h1 class=\"wp-block-heading has-text-align-center\">LIVRES PLONG\u00c9E PLAISIR<\/h1>\n\n\n\n<p class=\"has-text-align-center wp-block-paragraph\">N\u00b01 DES LIVRES DE FORMATION \u00c0 LA PLONG\u00c9E<\/p>\n\n\n\n<div class=\"wp-block-genesis-blocks-gb-columns gb-slate-feature-text-columns gb-layout-columns-1 one-column gb-has-custom-background-color has-white-color gb-columns-center alignfull\" style=\"padding-top:2em;padding-right:1em;padding-bottom:6em;padding-left:1em;background-color:#ffffff\"><div class=\"gb-layout-column-wrap gb-block-layout-column-gap-2 gb-is-responsive-column\" style=\"max-width:1200px\">\n<div class=\"wp-block-genesis-blocks-gb-column gb-block-layout-column\"><div class=\"gb-block-layout-column-inner\">\n<div class=\"wp-block-genesis-blocks-gb-columns gb-layout-columns-1 one-column gb-columns-center\"><div class=\"gb-layout-column-wrap gb-block-layout-column-gap-2 gb-is-responsive-column\" style=\"max-width:840px\">\n<div class=\"wp-block-genesis-blocks-gb-column gb-block-layout-column gb-is-vertically-aligned-top\"><div class=\"gb-block-layout-column-inner\">\n<p class=\"has-text-color has-link-color wp-elements-4d9caaa27179a3b49dd5743ab02ba70e wp-block-paragraph\" style=\"color:#ffffff\"><\/p>\n<\/div><\/div>\n<\/div><\/div>\n\n\n\n<div class=\"wp-block-group is-layout-constrained wp-block-group-is-layout-constrained\">\n<div class=\"wp-block-genesis-blocks-gb-columns gb-layout-columns-3 gb-3-col-equal gb-has-custom-background-color has-white-color\" style=\"margin-top:30px;padding-top:30px;padding-bottom:30px;background-color:#3d83f3\"><div class=\"gb-layout-column-wrap gb-block-layout-column-gap-2 gb-is-responsive-column\">\n<div class=\"wp-block-genesis-blocks-gb-column gb-block-layout-column\"><div class=\"gb-block-layout-column-inner\">\n<figure class=\"wp-block-image aligncenter size-large is-style-default\"><img decoding=\"async\" width=\"300\" height=\"196\" src=\"https:\/\/www.plongee-plaisir.com\/fr\/wp-content\/uploads\/2020\/07\/Fiches-infos-palanquee.png\" alt=\"\" class=\"wp-image-35564\"\/><\/figure>\n\n\n\n<h4 class=\"wp-block-heading has-text-align-center has-text-color\" style=\"color:#ffffff;font-size:26px\">Des livres pour tous vos niveaux<\/h4>\n\n\n\n<p class=\"has-text-align-center has-text-color wp-block-paragraph\" style=\"color:#ffffff\">Les 15 titres, <em>Plong\u00e9e Plaisir<\/em> vous accompagne depuis vos premi\u00e8res bulles jusqu&rsquo;au monitorat. Des supports p\u00e9dagogiques essentiels, \u00e0 lire avant, pendant et apr\u00e8s vos formations.<\/p>\n<\/div><\/div>\n\n\n\n<div class=\"wp-block-genesis-blocks-gb-column gb-block-layout-column\"><div class=\"gb-block-layout-column-inner\">\n<figure class=\"wp-block-image aligncenter size-large is-style-default\"><img decoding=\"async\" width=\"300\" height=\"196\" src=\"https:\/\/www.plongee-plaisir.com\/fr\/wp-content\/uploads\/2020\/07\/Fiches-infos-organismes-formation.png\" alt=\"\" class=\"wp-image-35568\"\/><\/figure>\n\n\n\n<h4 class=\"wp-block-heading has-text-align-center has-text-color\" style=\"color:#ffffff;font-size:26px\">Une approche p\u00e9dagogique innovante<\/h4>\n\n\n\n<p class=\"has-text-align-center has-text-color wp-block-paragraph\" style=\"color:#ffffff\">Gr\u00e2ce \u00e0 une p\u00e9dagogie transversale proche de la pratique, les livres <em>Plong\u00e9e Plaisir<\/em> sont n\u00b01 des supports de formation en zone francophone.<br>Merci \u00e0 nos lecteurs.<\/p>\n<\/div><\/div>\n\n\n\n<div class=\"wp-block-genesis-blocks-gb-column gb-block-layout-column\"><div class=\"gb-block-layout-column-inner\">\n<figure class=\"wp-block-image aligncenter size-large is-style-default\"><img decoding=\"async\" width=\"300\" height=\"196\" src=\"https:\/\/www.plongee-plaisir.com\/fr\/wp-content\/uploads\/2020\/07\/Fiches-infos-vocabulaire-2.png\" alt=\"\" class=\"wp-image-35571\"\/><\/figure>\n\n\n\n<h4 class=\"wp-block-heading has-text-align-center has-text-color\" style=\"color:#ffffff;font-size:26px\">Fiches, sch\u00e9mas et tests de connaissances<\/h4>\n\n\n\n<p class=\"has-text-align-center has-text-color wp-block-paragraph\" style=\"color:#ffffff\">Organis\u00e9s sous forme de fiches avec photos et sch\u00e9mas, les livres <em>Plong\u00e9e Plaisir<\/em> se lisent facilement, \u00e0 votre rythme. Les nombreux tests de connaissances vous permettent de faire le point et de vous auto-\u00e9valuer.<\/p>\n<\/div><\/div>\n<\/div><\/div>\n<\/div>\n<\/div><\/div>\n<\/div><\/div>\n\n\n\n\n\n\n\n\n\n\n\n\n\n\n\n\n\n\n\n\n\n\n\n\n\n\n\n\n\n\n\n\n\n\n\n\n\n\n\n\n\n\n\n\n\n\n\n\n\n\n\n<p class=\"wp-block-paragraph\"><\/p>\n","protected":false},"excerpt":{"rendered":"<p>LIVRES PLONG\u00c9E PLAISIR N\u00b01 DES LIVRES DE FORMATION \u00c0 LA PLONG\u00c9E<\/p>\n","protected":false},"author":4,"featured_media":0,"parent":0,"menu_order":0,"comment_status":"closed","ping_status":"closed","template":"","meta":{"_crdt_document":"","_uag_custom_page_level_css":"","advgb_blocks_editor_width":"","advgb_blocks_columns_visual_guide":"","_genesis_hide_title":true,"_genesis_hide_breadcrumbs":false,"_genesis_hide_singular_image":false,"_genesis_hide_footer_widgets":false,"_genesis_custom_body_class":"","_genesis_custom_post_class":"","_genesis_layout":"","_vp_format_video_url":"","_vp_image_focal_point":[],"footnotes":""},"class_list":{"0":"post-25401","1":"page","2":"type-page","3":"status-publish","5":"entry"},"yoast_head":"<!-- This site is optimized with the Yoast SEO plugin v27.5 - https:\/\/yoast.com\/product\/yoast-seo-wordpress\/ -->\n<title>Livres Plong\u00e9e Plaisir - Plong\u00e9e Plaisir, site officiel<\/title>\n<meta name=\"description\" content=\"Livres de plong\u00e9e. Formation des plongeurs niveau 1, niveau 2, niveau 3, niveau 4, initiateur et monitorat.\" \/>\n<meta name=\"robots\" content=\"index, follow, max-snippet:-1, max-image-preview:large, max-video-preview:-1\" \/>\n<link rel=\"canonical\" href=\"https:\/\/www.plongee-plaisir.com\/fr\/livres-plongee\/\" \/>\n<meta property=\"og:locale\" content=\"fr_FR\" \/>\n<meta property=\"og:type\" content=\"article\" \/>\n<meta property=\"og:title\" content=\"Livres Plong\u00e9e Plaisir - Plong\u00e9e Plaisir, site officiel\" \/>\n<meta property=\"og:description\" content=\"Livres de plong\u00e9e. Formation des plongeurs niveau 1, niveau 2, niveau 3, niveau 4, initiateur et monitorat.\" \/>\n<meta property=\"og:url\" content=\"https:\/\/www.plongee-plaisir.com\/fr\/livres-plongee\/\" \/>\n<meta property=\"og:site_name\" content=\"Plong\u00e9e Plaisir, site officiel\" \/>\n<meta property=\"article:modified_time\" content=\"2024-08-12T11:15:44+00:00\" \/>\n<meta property=\"og:image\" content=\"https:\/\/www.plongee-plaisir.com\/fr\/wp-content\/uploads\/2020\/07\/Fiches-infos-palanquee.png\" \/>\n<meta name=\"twitter:card\" content=\"summary_large_image\" \/>\n<meta name=\"twitter:label1\" content=\"Dur\u00e9e de lecture estim\u00e9e\" \/>\n\t<meta name=\"twitter:data1\" content=\"2 minutes\" \/>\n<script type=\"application\/ld+json\" class=\"yoast-schema-graph\">{\"@context\":\"https:\\\/\\\/schema.org\",\"@graph\":[{\"@type\":\"WebPage\",\"@id\":\"https:\\\/\\\/www.plongee-plaisir.com\\\/fr\\\/livres-plongee\\\/\",\"url\":\"https:\\\/\\\/www.plongee-plaisir.com\\\/fr\\\/livres-plongee\\\/\",\"name\":\"Livres Plong\u00e9e Plaisir - Plong\u00e9e Plaisir, site officiel\",\"isPartOf\":{\"@id\":\"https:\\\/\\\/www.plongee-plaisir.com\\\/fr\\\/#website\"},\"primaryImageOfPage\":{\"@id\":\"https:\\\/\\\/www.plongee-plaisir.com\\\/fr\\\/livres-plongee\\\/#primaryimage\"},\"image\":{\"@id\":\"https:\\\/\\\/www.plongee-plaisir.com\\\/fr\\\/livres-plongee\\\/#primaryimage\"},\"thumbnailUrl\":\"https:\\\/\\\/www.plongee-plaisir.com\\\/fr\\\/wp-content\\\/uploads\\\/2020\\\/07\\\/Fiches-infos-palanquee.png\",\"datePublished\":\"2024-08-11T16:05:00+00:00\",\"dateModified\":\"2024-08-12T11:15:44+00:00\",\"description\":\"Livres de plong\u00e9e. Formation des plongeurs niveau 1, niveau 2, niveau 3, niveau 4, initiateur et monitorat.\",\"breadcrumb\":{\"@id\":\"https:\\\/\\\/www.plongee-plaisir.com\\\/fr\\\/livres-plongee\\\/#breadcrumb\"},\"inLanguage\":\"fr-FR\",\"potentialAction\":[{\"@type\":\"ReadAction\",\"target\":[\"https:\\\/\\\/www.plongee-plaisir.com\\\/fr\\\/livres-plongee\\\/\"]}]},{\"@type\":\"ImageObject\",\"inLanguage\":\"fr-FR\",\"@id\":\"https:\\\/\\\/www.plongee-plaisir.com\\\/fr\\\/livres-plongee\\\/#primaryimage\",\"url\":\"https:\\\/\\\/www.plongee-plaisir.com\\\/fr\\\/wp-content\\\/uploads\\\/2020\\\/07\\\/Fiches-infos-palanquee.png\",\"contentUrl\":\"https:\\\/\\\/www.plongee-plaisir.com\\\/fr\\\/wp-content\\\/uploads\\\/2020\\\/07\\\/Fiches-infos-palanquee.png\",\"width\":300,\"height\":196,\"caption\":\"La vitesse de remont\u00e9e\"},{\"@type\":\"BreadcrumbList\",\"@id\":\"https:\\\/\\\/www.plongee-plaisir.com\\\/fr\\\/livres-plongee\\\/#breadcrumb\",\"itemListElement\":[{\"@type\":\"ListItem\",\"position\":1,\"name\":\"Accueil\",\"item\":\"https:\\\/\\\/www.plongee-plaisir.com\\\/fr\\\/\"},{\"@type\":\"ListItem\",\"position\":2,\"name\":\"Livres Plong\u00e9e Plaisir\"}]},{\"@type\":\"WebSite\",\"@id\":\"https:\\\/\\\/www.plongee-plaisir.com\\\/fr\\\/#website\",\"url\":\"https:\\\/\\\/www.plongee-plaisir.com\\\/fr\\\/\",\"name\":\"Plong\u00e9e Plaisir, site officiel\",\"description\":\"Apprendre \u00e0 plonger - Learning to dive\",\"potentialAction\":[{\"@type\":\"SearchAction\",\"target\":{\"@type\":\"EntryPoint\",\"urlTemplate\":\"https:\\\/\\\/www.plongee-plaisir.com\\\/fr\\\/?s={search_term_string}\"},\"query-input\":{\"@type\":\"PropertyValueSpecification\",\"valueRequired\":true,\"valueName\":\"search_term_string\"}}],\"inLanguage\":\"fr-FR\"}]}<\/script>\n<!-- \/ Yoast SEO plugin. -->","yoast_head_json":{"title":"Livres Plong\u00e9e Plaisir - Plong\u00e9e Plaisir, site officiel","description":"Livres de plong\u00e9e. Formation des plongeurs niveau 1, niveau 2, niveau 3, niveau 4, initiateur et monitorat.","robots":{"index":"index","follow":"follow","max-snippet":"max-snippet:-1","max-image-preview":"max-image-preview:large","max-video-preview":"max-video-preview:-1"},"canonical":"https:\/\/www.plongee-plaisir.com\/fr\/livres-plongee\/","og_locale":"fr_FR","og_type":"article","og_title":"Livres Plong\u00e9e Plaisir - Plong\u00e9e Plaisir, site officiel","og_description":"Livres de plong\u00e9e. Formation des plongeurs niveau 1, niveau 2, niveau 3, niveau 4, initiateur et monitorat.","og_url":"https:\/\/www.plongee-plaisir.com\/fr\/livres-plongee\/","og_site_name":"Plong\u00e9e Plaisir, site officiel","article_modified_time":"2024-08-12T11:15:44+00:00","og_image":[{"url":"https:\/\/www.plongee-plaisir.com\/fr\/wp-content\/uploads\/2020\/07\/Fiches-infos-palanquee.png","type":"","width":"","height":""}],"twitter_card":"summary_large_image","twitter_misc":{"Dur\u00e9e de lecture estim\u00e9e":"2 minutes"},"schema":{"@context":"https:\/\/schema.org","@graph":[{"@type":"WebPage","@id":"https:\/\/www.plongee-plaisir.com\/fr\/livres-plongee\/","url":"https:\/\/www.plongee-plaisir.com\/fr\/livres-plongee\/","name":"Livres Plong\u00e9e Plaisir - Plong\u00e9e Plaisir, site officiel","isPartOf":{"@id":"https:\/\/www.plongee-plaisir.com\/fr\/#website"},"primaryImageOfPage":{"@id":"https:\/\/www.plongee-plaisir.com\/fr\/livres-plongee\/#primaryimage"},"image":{"@id":"https:\/\/www.plongee-plaisir.com\/fr\/livres-plongee\/#primaryimage"},"thumbnailUrl":"https:\/\/www.plongee-plaisir.com\/fr\/wp-content\/uploads\/2020\/07\/Fiches-infos-palanquee.png","datePublished":"2024-08-11T16:05:00+00:00","dateModified":"2024-08-12T11:15:44+00:00","description":"Livres de plong\u00e9e. Formation des plongeurs niveau 1, niveau 2, niveau 3, niveau 4, initiateur et monitorat.","breadcrumb":{"@id":"https:\/\/www.plongee-plaisir.com\/fr\/livres-plongee\/#breadcrumb"},"inLanguage":"fr-FR","potentialAction":[{"@type":"ReadAction","target":["https:\/\/www.plongee-plaisir.com\/fr\/livres-plongee\/"]}]},{"@type":"ImageObject","inLanguage":"fr-FR","@id":"https:\/\/www.plongee-plaisir.com\/fr\/livres-plongee\/#primaryimage","url":"https:\/\/www.plongee-plaisir.com\/fr\/wp-content\/uploads\/2020\/07\/Fiches-infos-palanquee.png","contentUrl":"https:\/\/www.plongee-plaisir.com\/fr\/wp-content\/uploads\/2020\/07\/Fiches-infos-palanquee.png","width":300,"height":196,"caption":"La vitesse de remont\u00e9e"},{"@type":"BreadcrumbList","@id":"https:\/\/www.plongee-plaisir.com\/fr\/livres-plongee\/#breadcrumb","itemListElement":[{"@type":"ListItem","position":1,"name":"Accueil","item":"https:\/\/www.plongee-plaisir.com\/fr\/"},{"@type":"ListItem","position":2,"name":"Livres Plong\u00e9e Plaisir"}]},{"@type":"WebSite","@id":"https:\/\/www.plongee-plaisir.com\/fr\/#website","url":"https:\/\/www.plongee-plaisir.com\/fr\/","name":"Plong\u00e9e Plaisir, site officiel","description":"Apprendre \u00e0 plonger - Learning to dive","potentialAction":[{"@type":"SearchAction","target":{"@type":"EntryPoint","urlTemplate":"https:\/\/www.plongee-plaisir.com\/fr\/?s={search_term_string}"},"query-input":{"@type":"PropertyValueSpecification","valueRequired":true,"valueName":"search_term_string"}}],"inLanguage":"fr-FR"}]}},"featured_image_src":null,"featured_image_src_square":null,"uagb_featured_image_src":{"full":false,"thumbnail":false,"medium":false,"medium_large":false,"large":false,"1536x1536":false,"2048x2048":false,"featured-content":false,"author-pro-image":false,"tb-timeline-landscape":false,"tb-timeline-square":false,"ultp_layout_landscape_large":false,"ultp_layout_landscape":false,"ultp_layout_portrait":false,"ultp_layout_square":false,"vp_sm":false,"vp_md":false,"vp_lg":false,"vp_xl":false,"vp_sm_popup":false,"vp_md_popup":false,"vp_xl_popup":false,"gb-block-post-grid-landscape":false,"gb-block-post-grid-square":false,"woocommerce_thumbnail":false,"woocommerce_single":false,"woocommerce_gallery_thumbnail":false,"sow-carousel-default":false},"uagb_author_info":{"display_name":"Alain Foret","author_link":"https:\/\/www.plongee-plaisir.com\/fr\/author\/plongeeplaisir\/"},"uagb_comment_info":0,"uagb_excerpt":"LIVRES PLONG\u00c9E PLAISIR N\u00b01 DES LIVRES DE FORMATION \u00c0 LA PLONG\u00c9E","coauthors":[],"author_meta":{"author_link":"https:\/\/www.plongee-plaisir.com\/fr\/author\/plongeeplaisir\/","display_name":"Alain Foret"},"relative_dates":{"created":"Publi\u00e9 2 ans il y a","modified":"Mis \u00e0 jour 2 ans il y a"},"absolute_dates":{"created":"Publi\u00e9 le 11 ao\u00fbt 2024","modified":"Mise \u00e0 jour le 12 ao\u00fbt 2024"},"absolute_dates_time":{"created":"Publi\u00e9 le 11 ao\u00fbt 2024 18 h 05 min","modified":"Mise \u00e0 jour le 12 ao\u00fbt 2024 13 h 15 min"},"featured_img_caption":"","featured_img":false,"series_order":"","amp_enabled":true,"_links":{"self":[{"href":"https:\/\/www.plongee-plaisir.com\/fr\/wp-json\/wp\/v2\/pages\/25401","targetHints":{"allow":["GET"]}}],"collection":[{"href":"https:\/\/www.plongee-plaisir.com\/fr\/wp-json\/wp\/v2\/pages"}],"about":[{"href":"https:\/\/www.plongee-plaisir.com\/fr\/wp-json\/wp\/v2\/types\/page"}],"author":[{"embeddable":true,"href":"https:\/\/www.plongee-plaisir.com\/fr\/wp-json\/wp\/v2\/users\/4"}],"replies":[{"embeddable":true,"href":"https:\/\/www.plongee-plaisir.com\/fr\/wp-json\/wp\/v2\/comments?post=25401"}],"version-history":[{"count":0,"href":"https:\/\/www.plongee-plaisir.com\/fr\/wp-json\/wp\/v2\/pages\/25401\/revisions"}],"wp:attachment":[{"href":"https:\/\/www.plongee-plaisir.com\/fr\/wp-json\/wp\/v2\/media?parent=25401"}],"curies":[{"name":"wp","href":"https:\/\/api.w.org\/{rel}","templated":true}]}}