{"id":30331,"date":"2019-10-25T15:35:21","date_gmt":"2019-10-25T13:35:21","guid":{"rendered":"https:\/\/www.plongee-plaisir.com\/fr\/?p=30331"},"modified":"2021-04-04T19:40:03","modified_gmt":"2021-04-04T17:40:03","slug":"moyen-de-communication-vhf","status":"publish","type":"page","link":"https:\/\/www.plongee-plaisir.com\/fr\/moyen-de-communication-vhf\/","title":{"rendered":"Moyen de communication (VHF, &#8230;)"},"content":{"rendered":"\n<p class=\"has-text-color has-normal-font-size wp-block-paragraph\" style=\"color:#2676c9\"><a href=\"https:\/\/www.plongee-plaisir.com\/fr\/fiches-infos\/\">FICHES INFO<\/a> &gt; DIRIGER, ENCADRER<\/p>\n\n\n\n<div class=\"wp-block-kadence-spacer aligncenter kt-block-spacer-_72b3a8-64\"><div class=\"kt-block-spacer kt-block-spacer-halign-center\" style=\"height:17px\"><hr class=\"kt-divider\" style=\"border-top-color:rgba(38, 118, 201, 1);border-top-width:10px;width:100%;border-top-style:solid\"\/><\/div><\/div>\n\n\n\n<h1 class=\"wp-block-heading\">Moyen de communication (VHF, &#8230;)<\/h1>\n\n\n\n<div class=\"wp-block-image is-style-default\"><figure class=\"aligncenter size-large is-resized\"><img decoding=\"async\" src=\"https:\/\/www.plongee-plaisir.com\/fr\/wp-content\/uploads\/2019\/10\/VHF_650-1024x663.jpg\" alt=\"\" class=\"wp-image-30369\" width=\"595\" height=\"385\" srcset=\"https:\/\/www.plongee-plaisir.com\/fr\/wp-content\/uploads\/2019\/10\/VHF_650-1024x663.jpg 1024w, https:\/\/www.plongee-plaisir.com\/fr\/wp-content\/uploads\/2019\/10\/VHF_650-300x194.jpg 300w, https:\/\/www.plongee-plaisir.com\/fr\/wp-content\/uploads\/2019\/10\/VHF_650-600x388.jpg 600w, https:\/\/www.plongee-plaisir.com\/fr\/wp-content\/uploads\/2019\/10\/VHF_650-768x497.jpg 768w\" sizes=\"(max-width: 595px) 100vw, 595px\" \/><figcaption>Photo (c) Navicom<\/figcaption><\/figure><\/div>\n\n\n\n<p class=\"wp-block-paragraph\"><em>Quelle est la r\u00e9glementation \u00e0 propos des moyens de communication pour les \u00e9tablissements d&rsquo;APS qui organisent la plong\u00e9e ?<\/em><\/p>\n\n\n\n<p class=\"wp-block-paragraph\">La r\u00e9glementation applicable provient du code du sport et du droit maritime, qui varie selon le statut du navire. Les deux sources r\u00e9glementaires doivent \u00eatre respect\u00e9es, les obligations se cumulent.<\/p>\n\n\n\n<hr class=\"wp-block-separator\"\/>\n\n\n\n<h2 class=\"wp-block-heading\" id=\"0-code-du-sport\">CODE DU SPORT<\/h2>\n\n\n\n<p class=\"wp-block-paragraph\">L&rsquo;article <a rel=\"noreferrer noopener\" aria-label=\"R322-4 (ouverture dans un nouvel onglet)\" href=\"https:\/\/www.legifrance.gouv.fr\/affichCodeArticle.do?idArticle=LEGIARTI000006548228&amp;cidTexte=LEGITEXT000006071318&amp;dateTexte=20090721&amp;oldAction=rechCodeArticle\" target=\"_blank\">R322-4<\/a> du code du sport, \u00e0 port\u00e9e g\u00e9n\u00e9rale pour tous les \u00e9tablissements d&rsquo;APS, indique qu&rsquo;un \u00ab\u00a0moyen de communication permettant d&rsquo;alerter rapidement les services de secours\u00a0\u00bb doit \u00eatre disponible.<\/p>\n\n\n\n<p class=\"wp-block-paragraph\">L&rsquo;<a rel=\"noreferrer noopener\" aria-label=\"article A322-78-1 (ouverture dans un nouvel onglet)\" href=\"https:\/\/www.legifrance.gouv.fr\/affichCodeArticle.do?cidTexte=LEGITEXT000006071318&amp;idArticle=LEGIARTI000018751647&amp;dateTexte=&amp;categorieLien=cid\" target=\"_blank\">article A322-78-1<\/a> du code du sport, rend obligatoire \u00ab\u00a0un moyen de communication permettant de pr\u00e9venir les secours\u00a0\u00bb. Rien n&rsquo;est pr\u00e9cis\u00e9 quant \u00e0 la nature de ce moyen de communication (t\u00e9l\u00e9phone fixe, mobile, &#8230;) hormis \u00ab\u00a0lorsque la plong\u00e9e se d\u00e9roule en mer au d\u00e9part d&rsquo;une embarcation support de plong\u00e9e\u00a0\u00bb, auquel cas une VHF est obligatoire. Rien n&rsquo;est pr\u00e9cis\u00e9 concernant la nature de cette VHF. Il faut en conclure qu&rsquo;elle doit \u00eatre adapt\u00e9e au lieu de plong\u00e9e pour permettre une communication efficace (VHF portable, fixe, &#8230;).<\/p>\n\n\n\n<hr class=\"wp-block-separator\"\/>\n\n\n\n<h2 class=\"wp-block-heading\" id=\"1-droit-maritime\">DROIT MARITIME<\/h2>\n\n\n\n<p class=\"wp-block-paragraph\">Les obligations diff\u00e8rent selon le statut du navire.<\/p>\n\n\n\n<h3 class=\"wp-block-heading\" id=\"2-division-240-plaisance\">DIVISION 240 (Plaisance)<\/h3>\n\n\n\n<p class=\"wp-block-paragraph\">Ce statut est le statut de droit pour toutes les embarcations de plong\u00e9e de moins de 24 m, qu&rsquo;elles soient exploit\u00e9es \u00e0 titre associatif ou commercial.<\/p>\n\n\n\n<p class=\"wp-block-paragraph\">Du c\u00f4t\u00e9 de la s\u00e9curit\u00e9 des navires de plaisance (<a rel=\"noreferrer noopener\" aria-label=\"division 240 (ouverture dans un nouvel onglet)\" href=\"https:\/\/www.legifrance.gouv.fr\/affichTexte.do;jsessionid=1F3706E0B411BC262363DF33768EBE11.tplgfr28s_1?cidTexte=JORFTEXT000038462363&amp;dateTexte=&amp;oldAction=rechJO&amp;categorieLien=id&amp;idJO=JORFCONT000038462155\" target=\"_blank\">Division 240<\/a>, navire de plaisance de formation pour les navires de plong\u00e9e), l&rsquo;annexe 240-A.1 rend une <strong>VHF fixe obligatoire<\/strong> \u00e0 partir de la navigation semi-hauturi\u00e8re (de 6 MN \u00e0 moins de 60 MN d&rsquo;un abri) et demande d&rsquo;y <strong>ajouter une VHF portative<\/strong> pour la navigation hauturi\u00e8re (\u00e0 partir de 60 MN d&rsquo;un abri).<\/p>\n\n\n\n<div class=\"wp-block-kadence-spacer aligncenter kt-block-spacer-_38c245-67\"><div class=\"kt-block-spacer kt-block-spacer-halign-center\" style=\"height:6px\"><hr class=\"kt-divider\" style=\"border-top-color:rgba(238, 238, 238, 1);border-top-width:1px;width:80%;border-top-style:solid\"\/><\/div><\/div>\n\n\n\n<h3 class=\"wp-block-heading\" id=\"3-division-241-navire-de-plaisance-lt-\u00e0-24-m-\u00e0-utilisation-commerciale---nuc\">DIVISION 241 (Navire de plaisance &lt;= \u00e0 24 m \u00e0 utilisation commerciale &#8211; NUC).<\/h3>\n\n\n\n<ul class=\"wp-block-list\"><li>Une VHF-ASN. (art. 241-2.02)<\/li><li>Toutefois, les navires de longueur de coque inf\u00e9rieure \u00e0 12 m exploit\u00e9s exclusivement \u00e0 la journ\u00e9e peuvent n\u2019embarquer qu\u2019un \u00e9metteur-r\u00e9cepteur VHF, y compris portatif, dans la mesure o\u00f9 les communications sont assur\u00e9es quelle que soit la position g\u00e9ographique du navire sur le plan d\u2019eau d\u00e9sign\u00e9. (art. 241-2.02)<\/li><\/ul>\n\n\n\n<div class=\"wp-block-kadence-spacer aligncenter kt-block-spacer-_1e4aad-4f\"><div class=\"kt-block-spacer kt-block-spacer-halign-center\" style=\"height:6px\"><hr class=\"kt-divider\" style=\"border-top-color:rgba(238, 238, 238, 1);border-top-width:1px;width:80%;border-top-style:solid\"\/><\/div><\/div>\n\n\n\n<h3 class=\"wp-block-heading\" id=\"4-division-219-cas-particulier\">DIVISION 219 (cas particulier)<\/h3>\n\n\n\n<p class=\"wp-block-paragraph\">Si vous relevez de cette division, vous devez v\u00e9rifier, avec les autorit\u00e9s comp\u00e9tentes, le mat\u00e9riel radio\u00e9lectrique exig\u00e9.<br>Il d\u00e9pend de votre zone de navigation, du territoire concern\u00e9 (m\u00e9tropole ou d\u00e9partements, territoires et collectivit\u00e9s d\u2019outre-mer) et de votre cat\u00e9gorie d&rsquo;armement (4e, 5e).<\/p>\n\n\n\n<h2 class=\"wp-block-heading\" id=\"5-en-resume\">EN RESUME<\/h2>\n\n\n\n<div style=\"color:#32373c;background-color:#209cef\" class=\"wp-block-genesis-blocks-gb-notice gb-font-size-18 gb-block-notice\" data-id=\"891d08\"><div class=\"gb-notice-title\" style=\"color:#fff\"><p>Dans tous les cas (piscine, carri\u00e8re, lac, rivi\u00e8re, mer d\u00e9part du bord ou embarcation, &#8230;) <\/p><\/div><div class=\"gb-notice-text\" style=\"border-color:#209cef\"><p>Un moyen de communication permettant d&rsquo;alerter rapidement les services de secours doit \u00eatre disponible.<\/p><\/div><\/div>\n\n\n\n<div style=\"color:#32373c;background-color:#209cef\" class=\"wp-block-genesis-blocks-gb-notice gb-font-size-18 gb-block-notice\" data-id=\"9d125c\"><div class=\"gb-notice-title\" style=\"color:#fff\"><p>En mer, \u00e0 bord d&rsquo;une embarcation relevant de la division 240 (plaisance &lt;= 24 m)<\/p><\/div><div class=\"gb-notice-text\" style=\"border-color:#209cef\"><p>Navigation \u00e0 6 MN au plus d&rsquo;un abri : <strong>VHF<\/strong>.<br\/>Navigation de 6 MN \u00e0 moins de 60 MN d&rsquo;un abri (semi-hauturi\u00e8re) : <strong>VHF fixe<\/strong>.<\/p><\/div><\/div>\n\n\n\n<div style=\"color:#32373c;background-color:#3373dc\" class=\"wp-block-genesis-blocks-gb-notice gb-font-size-18 gb-block-notice\" data-id=\"9b4dab\"><div class=\"gb-notice-title\" style=\"color:#fff\"><p>En mer \u00e0 bord d&rsquo;une embarcation relevant de la division 241 (NUC &lt;= 24 m)<\/p><\/div><div class=\"gb-notice-text\" style=\"border-color:#3373dc\"><p><strong>VHF-ASN<\/strong><br\/>Sauf pour les navires de moins de 12 m exploit\u00e9s exclusivement \u00e0 la journ\u00e9e qui peuvent n\u2019embarquer qu\u2019une VHF*, y compris portative.<\/p><\/div><\/div>\n\n\n\n<p class=\"wp-block-paragraph\">* <em>Notez que la plupart des VHF fixes actuellement en vente sont des VHF-ASN.<\/em><\/p>\n\n\n\n<p class=\"blockquotes wp-block-paragraph\">L\u00e9gende :<br>MN : Mille Nautique (=1 852 m).<\/p>\n\n\n\n<div style=\"height:20px\" aria-hidden=\"true\" class=\"wp-block-spacer\"><\/div>\n\n\n\n<p class=\"wp-block-paragraph\">\u00a9&nbsp;Extrait des&nbsp;<a href=\"https:\/\/www.plongee-plaisir.com\/fr\/livres-plongee\/\">livres Plong\u00e9e Plaisir<\/a>&nbsp;par Alain Foret aux Editions GAP.<br>Toute reproduction interdite sur quelque support que ce soit sans accord \u00e9crit de l\u2019\u00e9diteur et de l\u2019auteur.<\/p>\n\n\n\n<div class=\"wp-block-image is-style-default\"><figure class=\"alignleft size-large is-resized\"><img decoding=\"async\" src=\"https:\/\/www.plongee-plaisir.com\/fr\/wp-content\/uploads\/2021\/02\/carre.jpg\" alt=\"\" class=\"wp-image-48240\" width=\"30\" srcset=\"https:\/\/www.plongee-plaisir.com\/fr\/wp-content\/uploads\/2021\/02\/carre.jpg 102w, https:\/\/www.plongee-plaisir.com\/fr\/wp-content\/uploads\/2021\/02\/carre-100x100.jpg 100w\" sizes=\"(max-width: 102px) 100vw, 102px\" \/><\/figure><\/div>\n\n\n\n<p class=\"wp-block-paragraph\"><\/p>\n<style class=\"advgb-styles-renderer\">.wp-block-kadence-spacer.kt-block-spacer-_72b3a8-64 .kt-block-spacer{height:17px;}.wp-block-kadence-spacer.kt-block-spacer-_72b3a8-64 .kt-divider{border-top-width:10px;border-top-color:#2676c9;width:100%;border-top-style:solid;}.wp-block-kadence-spacer.kt-block-spacer-_38c245-67 .kt-block-spacer{height:6px;}.wp-block-kadence-spacer.kt-block-spacer-_38c245-67 .kt-divider{border-top-width:1px;height:1px;border-top-color:#eee;width:80%;border-top-style:solid;}.wp-block-kadence-spacer.kt-block-spacer-_1e4aad-4f .kt-block-spacer{height:6px;}.wp-block-kadence-spacer.kt-block-spacer-_1e4aad-4f .kt-divider{border-top-width:1px;height:1px;border-top-color:#eee;width:80%;border-top-style:solid;}<\/style>","protected":false},"excerpt":{"rendered":"<p>FICHES INFO &gt; DIRIGER, ENCADRER Moyen de communication (VHF, &#8230;) Quelle est la r\u00e9glementation \u00e0 propos des moyens de communication pour les \u00e9tablissements d&rsquo;APS qui organisent la plong\u00e9e ? La r\u00e9glementation applicable provient du code du sport et du droit maritime, qui varie selon le statut du navire. Les deux sources r\u00e9glementaires doivent \u00eatre respect\u00e9es, [&hellip;]<\/p>\n","protected":false},"author":4,"featured_media":35162,"parent":0,"menu_order":0,"comment_status":"open","ping_status":"open","template":"","meta":{"_crdt_document":"","_uag_custom_page_level_css":"","advgb_blocks_editor_width":"","advgb_blocks_columns_visual_guide":"","_genesis_hide_title":true,"_genesis_hide_breadcrumbs":false,"_genesis_hide_singular_image":false,"_genesis_hide_footer_widgets":false,"_genesis_custom_body_class":"","_genesis_custom_post_class":"","_genesis_layout":"content-sidebar","_vp_format_video_url":"","_vp_image_focal_point":[],"footnotes":""},"class_list":{"0":"post-30331","1":"page","2":"type-page","3":"status-publish","4":"has-post-thumbnail","6":"entry"},"yoast_head":"<!-- This site is optimized with the Yoast SEO plugin v27.3 - https:\/\/yoast.com\/product\/yoast-seo-wordpress\/ -->\n<title>Moyen de communication (VHF, ...) - Plong\u00e9e Plaisir, site officiel<\/title>\n<meta name=\"robots\" content=\"index, follow, max-snippet:-1, max-image-preview:large, max-video-preview:-1\" \/>\n<link rel=\"canonical\" href=\"https:\/\/www.plongee-plaisir.com\/fr\/moyen-de-communication-vhf\/\" \/>\n<meta property=\"og:locale\" content=\"fr_FR\" \/>\n<meta property=\"og:type\" content=\"article\" \/>\n<meta property=\"og:title\" content=\"Moyen de communication (VHF, ...) - Plong\u00e9e Plaisir, site officiel\" \/>\n<meta property=\"og:description\" content=\"FICHES INFO &gt; DIRIGER, ENCADRER Moyen de communication (VHF, &#8230;) Quelle est la r\u00e9glementation \u00e0 propos des moyens de communication pour les \u00e9tablissements d&rsquo;APS qui organisent la plong\u00e9e ? La r\u00e9glementation applicable provient du code du sport et du droit maritime, qui varie selon le statut du navire. Les deux sources r\u00e9glementaires doivent \u00eatre respect\u00e9es, [&hellip;]\" \/>\n<meta property=\"og:url\" content=\"https:\/\/www.plongee-plaisir.com\/fr\/moyen-de-communication-vhf\/\" \/>\n<meta property=\"og:site_name\" content=\"Plong\u00e9e Plaisir, site officiel\" \/>\n<meta property=\"article:modified_time\" content=\"2021-04-04T17:40:03+00:00\" \/>\n<meta property=\"og:image\" content=\"https:\/\/www.plongee-plaisir.com\/fr\/wp-content\/uploads\/2019\/10\/Fiches-infos-vhf.png\" \/>\n\t<meta property=\"og:image:width\" content=\"300\" \/>\n\t<meta property=\"og:image:height\" content=\"196\" \/>\n\t<meta property=\"og:image:type\" content=\"image\/png\" \/>\n<meta name=\"twitter:card\" content=\"summary_large_image\" \/>\n<meta name=\"twitter:label1\" content=\"Dur\u00e9e de lecture estim\u00e9e\" \/>\n\t<meta name=\"twitter:data1\" content=\"3 minutes\" \/>\n<script type=\"application\/ld+json\" class=\"yoast-schema-graph\">{\"@context\":\"https:\\\/\\\/schema.org\",\"@graph\":[{\"@type\":\"WebPage\",\"@id\":\"https:\\\/\\\/www.plongee-plaisir.com\\\/fr\\\/moyen-de-communication-vhf\\\/\",\"url\":\"https:\\\/\\\/www.plongee-plaisir.com\\\/fr\\\/moyen-de-communication-vhf\\\/\",\"name\":\"Moyen de communication (VHF, ...) - Plong\u00e9e Plaisir, site officiel\",\"isPartOf\":{\"@id\":\"https:\\\/\\\/www.plongee-plaisir.com\\\/fr\\\/#website\"},\"primaryImageOfPage\":{\"@id\":\"https:\\\/\\\/www.plongee-plaisir.com\\\/fr\\\/moyen-de-communication-vhf\\\/#primaryimage\"},\"image\":{\"@id\":\"https:\\\/\\\/www.plongee-plaisir.com\\\/fr\\\/moyen-de-communication-vhf\\\/#primaryimage\"},\"thumbnailUrl\":\"https:\\\/\\\/www.plongee-plaisir.com\\\/fr\\\/wp-content\\\/uploads\\\/2019\\\/10\\\/Fiches-infos-vhf.png\",\"datePublished\":\"2019-10-25T13:35:21+00:00\",\"dateModified\":\"2021-04-04T17:40:03+00:00\",\"breadcrumb\":{\"@id\":\"https:\\\/\\\/www.plongee-plaisir.com\\\/fr\\\/moyen-de-communication-vhf\\\/#breadcrumb\"},\"inLanguage\":\"fr-FR\",\"potentialAction\":[{\"@type\":\"ReadAction\",\"target\":[\"https:\\\/\\\/www.plongee-plaisir.com\\\/fr\\\/moyen-de-communication-vhf\\\/\"]}]},{\"@type\":\"ImageObject\",\"inLanguage\":\"fr-FR\",\"@id\":\"https:\\\/\\\/www.plongee-plaisir.com\\\/fr\\\/moyen-de-communication-vhf\\\/#primaryimage\",\"url\":\"https:\\\/\\\/www.plongee-plaisir.com\\\/fr\\\/wp-content\\\/uploads\\\/2019\\\/10\\\/Fiches-infos-vhf.png\",\"contentUrl\":\"https:\\\/\\\/www.plongee-plaisir.com\\\/fr\\\/wp-content\\\/uploads\\\/2019\\\/10\\\/Fiches-infos-vhf.png\",\"width\":300,\"height\":196},{\"@type\":\"BreadcrumbList\",\"@id\":\"https:\\\/\\\/www.plongee-plaisir.com\\\/fr\\\/moyen-de-communication-vhf\\\/#breadcrumb\",\"itemListElement\":[{\"@type\":\"ListItem\",\"position\":1,\"name\":\"Accueil\",\"item\":\"https:\\\/\\\/www.plongee-plaisir.com\\\/fr\\\/\"},{\"@type\":\"ListItem\",\"position\":2,\"name\":\"Moyen de communication (VHF, &#8230;)\"}]},{\"@type\":\"WebSite\",\"@id\":\"https:\\\/\\\/www.plongee-plaisir.com\\\/fr\\\/#website\",\"url\":\"https:\\\/\\\/www.plongee-plaisir.com\\\/fr\\\/\",\"name\":\"Plong\u00e9e Plaisir, site officiel\",\"description\":\"Apprendre \u00e0 plonger - Learning to dive\",\"potentialAction\":[{\"@type\":\"SearchAction\",\"target\":{\"@type\":\"EntryPoint\",\"urlTemplate\":\"https:\\\/\\\/www.plongee-plaisir.com\\\/fr\\\/?s={search_term_string}\"},\"query-input\":{\"@type\":\"PropertyValueSpecification\",\"valueRequired\":true,\"valueName\":\"search_term_string\"}}],\"inLanguage\":\"fr-FR\"}]}<\/script>\n<!-- \/ Yoast SEO plugin. -->","yoast_head_json":{"title":"Moyen de communication (VHF, ...) - Plong\u00e9e Plaisir, site officiel","robots":{"index":"index","follow":"follow","max-snippet":"max-snippet:-1","max-image-preview":"max-image-preview:large","max-video-preview":"max-video-preview:-1"},"canonical":"https:\/\/www.plongee-plaisir.com\/fr\/moyen-de-communication-vhf\/","og_locale":"fr_FR","og_type":"article","og_title":"Moyen de communication (VHF, ...) - Plong\u00e9e Plaisir, site officiel","og_description":"FICHES INFO &gt; DIRIGER, ENCADRER Moyen de communication (VHF, &#8230;) Quelle est la r\u00e9glementation \u00e0 propos des moyens de communication pour les \u00e9tablissements d&rsquo;APS qui organisent la plong\u00e9e ? La r\u00e9glementation applicable provient du code du sport et du droit maritime, qui varie selon le statut du navire. Les deux sources r\u00e9glementaires doivent \u00eatre respect\u00e9es, [&hellip;]","og_url":"https:\/\/www.plongee-plaisir.com\/fr\/moyen-de-communication-vhf\/","og_site_name":"Plong\u00e9e Plaisir, site officiel","article_modified_time":"2021-04-04T17:40:03+00:00","og_image":[{"width":300,"height":196,"url":"https:\/\/www.plongee-plaisir.com\/fr\/wp-content\/uploads\/2019\/10\/Fiches-infos-vhf.png","type":"image\/png"}],"twitter_card":"summary_large_image","twitter_misc":{"Dur\u00e9e de lecture estim\u00e9e":"3 minutes"},"schema":{"@context":"https:\/\/schema.org","@graph":[{"@type":"WebPage","@id":"https:\/\/www.plongee-plaisir.com\/fr\/moyen-de-communication-vhf\/","url":"https:\/\/www.plongee-plaisir.com\/fr\/moyen-de-communication-vhf\/","name":"Moyen de communication (VHF, ...) - Plong\u00e9e Plaisir, site officiel","isPartOf":{"@id":"https:\/\/www.plongee-plaisir.com\/fr\/#website"},"primaryImageOfPage":{"@id":"https:\/\/www.plongee-plaisir.com\/fr\/moyen-de-communication-vhf\/#primaryimage"},"image":{"@id":"https:\/\/www.plongee-plaisir.com\/fr\/moyen-de-communication-vhf\/#primaryimage"},"thumbnailUrl":"https:\/\/www.plongee-plaisir.com\/fr\/wp-content\/uploads\/2019\/10\/Fiches-infos-vhf.png","datePublished":"2019-10-25T13:35:21+00:00","dateModified":"2021-04-04T17:40:03+00:00","breadcrumb":{"@id":"https:\/\/www.plongee-plaisir.com\/fr\/moyen-de-communication-vhf\/#breadcrumb"},"inLanguage":"fr-FR","potentialAction":[{"@type":"ReadAction","target":["https:\/\/www.plongee-plaisir.com\/fr\/moyen-de-communication-vhf\/"]}]},{"@type":"ImageObject","inLanguage":"fr-FR","@id":"https:\/\/www.plongee-plaisir.com\/fr\/moyen-de-communication-vhf\/#primaryimage","url":"https:\/\/www.plongee-plaisir.com\/fr\/wp-content\/uploads\/2019\/10\/Fiches-infos-vhf.png","contentUrl":"https:\/\/www.plongee-plaisir.com\/fr\/wp-content\/uploads\/2019\/10\/Fiches-infos-vhf.png","width":300,"height":196},{"@type":"BreadcrumbList","@id":"https:\/\/www.plongee-plaisir.com\/fr\/moyen-de-communication-vhf\/#breadcrumb","itemListElement":[{"@type":"ListItem","position":1,"name":"Accueil","item":"https:\/\/www.plongee-plaisir.com\/fr\/"},{"@type":"ListItem","position":2,"name":"Moyen de communication (VHF, &#8230;)"}]},{"@type":"WebSite","@id":"https:\/\/www.plongee-plaisir.com\/fr\/#website","url":"https:\/\/www.plongee-plaisir.com\/fr\/","name":"Plong\u00e9e Plaisir, site officiel","description":"Apprendre \u00e0 plonger - Learning to dive","potentialAction":[{"@type":"SearchAction","target":{"@type":"EntryPoint","urlTemplate":"https:\/\/www.plongee-plaisir.com\/fr\/?s={search_term_string}"},"query-input":{"@type":"PropertyValueSpecification","valueRequired":true,"valueName":"search_term_string"}}],"inLanguage":"fr-FR"}]}},"featured_image_src":"https:\/\/www.plongee-plaisir.com\/fr\/wp-content\/uploads\/2019\/10\/Fiches-infos-vhf.png","featured_image_src_square":"https:\/\/www.plongee-plaisir.com\/fr\/wp-content\/uploads\/2019\/10\/Fiches-infos-vhf.png","uagb_featured_image_src":{"full":["https:\/\/www.plongee-plaisir.com\/fr\/wp-content\/uploads\/2019\/10\/Fiches-infos-vhf.png",300,196,false],"thumbnail":["https:\/\/www.plongee-plaisir.com\/fr\/wp-content\/uploads\/2019\/10\/Fiches-infos-vhf-150x150.png",150,150,true],"medium":["https:\/\/www.plongee-plaisir.com\/fr\/wp-content\/uploads\/2019\/10\/Fiches-infos-vhf.png",300,196,false],"medium_large":["https:\/\/www.plongee-plaisir.com\/fr\/wp-content\/uploads\/2019\/10\/Fiches-infos-vhf.png",300,196,false],"large":["https:\/\/www.plongee-plaisir.com\/fr\/wp-content\/uploads\/2019\/10\/Fiches-infos-vhf.png",300,196,false],"1536x1536":["https:\/\/www.plongee-plaisir.com\/fr\/wp-content\/uploads\/2019\/10\/Fiches-infos-vhf.png",300,196,false],"2048x2048":["https:\/\/www.plongee-plaisir.com\/fr\/wp-content\/uploads\/2019\/10\/Fiches-infos-vhf.png",300,196,false],"featured-content":["https:\/\/www.plongee-plaisir.com\/fr\/wp-content\/uploads\/2019\/10\/Fiches-infos-vhf.png",300,196,false],"author-pro-image":["https:\/\/www.plongee-plaisir.com\/fr\/wp-content\/uploads\/2019\/10\/Fiches-infos-vhf.png",300,196,false],"tb-timeline-landscape":["https:\/\/www.plongee-plaisir.com\/fr\/wp-content\/uploads\/2019\/10\/Fiches-infos-vhf.png",300,196,false],"tb-timeline-square":["https:\/\/www.plongee-plaisir.com\/fr\/wp-content\/uploads\/2019\/10\/Fiches-infos-vhf.png",300,196,false],"ultp_layout_landscape_large":["https:\/\/www.plongee-plaisir.com\/fr\/wp-content\/uploads\/2019\/10\/Fiches-infos-vhf.png",300,196,false],"ultp_layout_landscape":["https:\/\/www.plongee-plaisir.com\/fr\/wp-content\/uploads\/2019\/10\/Fiches-infos-vhf.png",300,196,false],"ultp_layout_portrait":["https:\/\/www.plongee-plaisir.com\/fr\/wp-content\/uploads\/2019\/10\/Fiches-infos-vhf.png",300,196,false],"ultp_layout_square":["https:\/\/www.plongee-plaisir.com\/fr\/wp-content\/uploads\/2019\/10\/Fiches-infos-vhf.png",300,196,false],"vp_sm":["https:\/\/www.plongee-plaisir.com\/fr\/wp-content\/uploads\/2019\/10\/Fiches-infos-vhf.png",300,196,false],"vp_md":["https:\/\/www.plongee-plaisir.com\/fr\/wp-content\/uploads\/2019\/10\/Fiches-infos-vhf.png",300,196,false],"vp_lg":["https:\/\/www.plongee-plaisir.com\/fr\/wp-content\/uploads\/2019\/10\/Fiches-infos-vhf.png",300,196,false],"vp_xl":["https:\/\/www.plongee-plaisir.com\/fr\/wp-content\/uploads\/2019\/10\/Fiches-infos-vhf.png",300,196,false],"vp_sm_popup":["https:\/\/www.plongee-plaisir.com\/fr\/wp-content\/uploads\/2019\/10\/Fiches-infos-vhf.png",300,196,false],"vp_md_popup":["https:\/\/www.plongee-plaisir.com\/fr\/wp-content\/uploads\/2019\/10\/Fiches-infos-vhf.png",300,196,false],"vp_xl_popup":["https:\/\/www.plongee-plaisir.com\/fr\/wp-content\/uploads\/2019\/10\/Fiches-infos-vhf.png",300,196,false],"gb-block-post-grid-landscape":["https:\/\/www.plongee-plaisir.com\/fr\/wp-content\/uploads\/2019\/10\/Fiches-infos-vhf.png",300,196,false],"gb-block-post-grid-square":["https:\/\/www.plongee-plaisir.com\/fr\/wp-content\/uploads\/2019\/10\/Fiches-infos-vhf.png",300,196,false],"woocommerce_thumbnail":["https:\/\/www.plongee-plaisir.com\/fr\/wp-content\/uploads\/2019\/10\/Fiches-infos-vhf.png",300,196,false],"woocommerce_single":["https:\/\/www.plongee-plaisir.com\/fr\/wp-content\/uploads\/2019\/10\/Fiches-infos-vhf.png",300,196,false],"woocommerce_gallery_thumbnail":["https:\/\/www.plongee-plaisir.com\/fr\/wp-content\/uploads\/2019\/10\/Fiches-infos-vhf-100x100.png",100,100,true],"web-stories-poster-portrait":["https:\/\/www.plongee-plaisir.com\/fr\/wp-content\/uploads\/2019\/10\/Fiches-infos-vhf.png",300,196,false],"web-stories-publisher-logo":["https:\/\/www.plongee-plaisir.com\/fr\/wp-content\/uploads\/2019\/10\/Fiches-infos-vhf.png",96,63,false],"web-stories-thumbnail":["https:\/\/www.plongee-plaisir.com\/fr\/wp-content\/uploads\/2019\/10\/Fiches-infos-vhf.png",150,98,false],"sow-carousel-default":["https:\/\/www.plongee-plaisir.com\/fr\/wp-content\/uploads\/2019\/10\/Fiches-infos-vhf.png",272,178,false]},"uagb_author_info":{"display_name":"Alain Foret","author_link":"https:\/\/www.plongee-plaisir.com\/fr\/author\/plongeeplaisir\/"},"uagb_comment_info":0,"uagb_excerpt":"FICHES INFO &gt; DIRIGER, ENCADRER Moyen de communication (VHF, &#8230;) Quelle est la r\u00e9glementation \u00e0 propos des moyens de communication pour les \u00e9tablissements d&rsquo;APS qui organisent la plong\u00e9e ? La r\u00e9glementation applicable provient du code du sport et du droit maritime, qui varie selon le statut du navire. Les deux sources r\u00e9glementaires doivent \u00eatre respect\u00e9es,\u2026","coauthors":[],"author_meta":{"author_link":"https:\/\/www.plongee-plaisir.com\/fr\/author\/plongeeplaisir\/","display_name":"Alain Foret"},"relative_dates":{"created":"Publi\u00e9 6 ans il y a","modified":"Mis \u00e0 jour 5 ans il y a"},"absolute_dates":{"created":"Publi\u00e9 le 25 octobre 2019","modified":"Mise \u00e0 jour le 4 avril 2021"},"absolute_dates_time":{"created":"Publi\u00e9 le 25 octobre 2019 15 h 35 min","modified":"Mise \u00e0 jour le 4 avril 2021 19 h 40 min"},"featured_img_caption":"","featured_img":"https:\/\/www.plongee-plaisir.com\/fr\/wp-content\/uploads\/2019\/10\/Fiches-infos-vhf.png","series_order":"","amp_enabled":true,"_links":{"self":[{"href":"https:\/\/www.plongee-plaisir.com\/fr\/wp-json\/wp\/v2\/pages\/30331","targetHints":{"allow":["GET"]}}],"collection":[{"href":"https:\/\/www.plongee-plaisir.com\/fr\/wp-json\/wp\/v2\/pages"}],"about":[{"href":"https:\/\/www.plongee-plaisir.com\/fr\/wp-json\/wp\/v2\/types\/page"}],"author":[{"embeddable":true,"href":"https:\/\/www.plongee-plaisir.com\/fr\/wp-json\/wp\/v2\/users\/4"}],"replies":[{"embeddable":true,"href":"https:\/\/www.plongee-plaisir.com\/fr\/wp-json\/wp\/v2\/comments?post=30331"}],"version-history":[{"count":0,"href":"https:\/\/www.plongee-plaisir.com\/fr\/wp-json\/wp\/v2\/pages\/30331\/revisions"}],"wp:featuredmedia":[{"embeddable":true,"href":"https:\/\/www.plongee-plaisir.com\/fr\/wp-json\/wp\/v2\/media\/35162"}],"wp:attachment":[{"href":"https:\/\/www.plongee-plaisir.com\/fr\/wp-json\/wp\/v2\/media?parent=30331"}],"curies":[{"name":"wp","href":"https:\/\/api.w.org\/{rel}","templated":true}]}}