{"id":30621,"date":"2019-10-30T11:08:06","date_gmt":"2019-10-30T10:08:06","guid":{"rendered":"https:\/\/www.plongee-plaisir.com\/fr\/?p=30621"},"modified":"2021-04-04T17:34:05","modified_gmt":"2021-04-04T15:34:05","slug":"plongee-dans-les-eaux-interieures","status":"publish","type":"page","link":"https:\/\/www.plongee-plaisir.com\/fr\/plongee-dans-les-eaux-interieures\/","title":{"rendered":"Plong\u00e9e dans les eaux int\u00e9rieures"},"content":{"rendered":"\n<p class=\"has-text-color has-normal-font-size wp-block-paragraph\" style=\"color:#2676c9\"><a href=\"https:\/\/www.plongee-plaisir.com\/fr\/fiches-infos\/\">FICHES INFO<\/a> &gt; DIRIGER, ENCADRER<\/p>\n\n\n\n<div class=\"wp-block-kadence-spacer aligncenter kt-block-spacer-_72b3a8-64\"><div class=\"kt-block-spacer kt-block-spacer-halign-center\" style=\"height:17px\"><hr class=\"kt-divider\" style=\"border-top-color:rgba(38, 118, 201, 1);border-top-width:10px;width:100%;border-top-style:solid\"\/><\/div><\/div>\n\n\n\n<h1 class=\"wp-block-heading\">Plong\u00e9e dans les eaux int\u00e9rieures<\/h1>\n\n\n\n<p class=\"wp-block-paragraph\">La plong\u00e9e dans les eaux int\u00e9rieures est r\u00e9glement\u00e9e par le code des transports.<\/p>\n\n\n\n<p class=\"wp-block-paragraph\"><a href=\"https:\/\/www.legifrance.gouv.fr\/affichCodeArticle.do?cidTexte=LEGITEXT000023086525&amp;idArticle=LEGIARTI000027909358\" target=\"_blank\" rel=\"noreferrer noopener\" aria-label=\"Article A4241-53-39  (ouverture dans un nouvel onglet)\">Article A4241-53-39 <\/a>(modifi\u00e9 par&nbsp;<a href=\"https:\/\/www.legifrance.gouv.fr\/affichTexteArticle.do;jsessionid=89B8AE6E20DF57B0404B115E3F69B034.tplgfr35s_1?cidTexte=JORFTEXT000039001472&amp;idArticle=LEGIARTI000039009432&amp;dateTexte=20191030&amp;categorieLien=id#LEGIARTI000039009432\">Arr\u00eat\u00e9 du 7 ao\u00fbt 2019 &#8211; art. 2<\/a>)<\/p>\n\n\n\n<p class=\"wp-block-paragraph\">Dispositions relatives \u00e0 la pratique de la plong\u00e9e subaquatique sportive<\/p>\n\n\n\n<p class=\"wp-block-paragraph\">1. La pratique de la plong\u00e9e subaquatique sportive sans autorisation est interdite aux endroits o\u00f9 la navigation pourrait \u00eatre g\u00ean\u00e9e :<\/p>\n\n\n\n<ul class=\"wp-block-list\"><li>a) Sur le trajet normal des bateaux portant la signalisation des bacs faisant route, vis\u00e9e \u00e0 l&rsquo;article&nbsp;<a href=\"https:\/\/www.legifrance.gouv.fr\/affichCodeArticle.do?cidTexte=LEGITEXT000023086525&amp;idArticle=LEGIARTI000027908960&amp;dateTexte=&amp;categorieLien=cid\">A. 4241-48-16&nbsp;<\/a>;<\/li><li>b) Devant l&rsquo;entr\u00e9e et \u00e0 l&rsquo;int\u00e9rieur des ports ;<\/li><li>c) Dans ou \u00e0 proximit\u00e9 des lieux de stationnement ;<\/li><li>d) Dans les zones r\u00e9serv\u00e9es au ski nautique ou aux activit\u00e9s analogues ;<\/li><li>e) Dans les chenaux.<\/li><\/ul>\n\n\n\n<p class=\"wp-block-paragraph\">2. Tout bateau doit se tenir \u00e0 une distance suffisante d&rsquo;un bateau portant la signalisation utilis\u00e9e pour la pratique de la plong\u00e9e subaquatique mentionn\u00e9e \u00e0 l&rsquo;article&nbsp;<a href=\"https:\/\/www.legifrance.gouv.fr\/affichCodeArticle.do?cidTexte=LEGITEXT000023086525&amp;idArticle=LEGIARTI000027909004&amp;dateTexte=&amp;categorieLien=cid\">A. 4241-48-36<\/a>.<br>Voir : <a href=\"https:\/\/www.plongee-plaisir.com\/fr\/pavillon-alpha-international\/\">https:\/\/www.plongee-plaisir.com\/fr\/pavillon-alpha-international\/<\/a><\/p>\n\n\n\n<div class=\"wp-block-genesis-blocks-gb-columns gb-layout-columns-2 gb-2-col-wideright\"><div class=\"gb-layout-column-wrap gb-block-layout-column-gap-2 gb-is-responsive-column\">\n<div class=\"wp-block-genesis-blocks-gb-column gb-block-layout-column\"><div class=\"gb-block-layout-column-inner\">\n<p class=\"has-very-light-gray-background-color has-background wp-block-paragraph\">SIGNALISATION DES BATEAUX DE PLONGEE DANS LES EAUX INTERIEURES<\/p>\n<\/div><\/div>\n\n\n\n<div class=\"wp-block-genesis-blocks-gb-column gb-block-layout-column\"><div class=\"gb-block-layout-column-inner\">\n<p class=\"wp-block-paragraph\"><a rel=\"noreferrer noopener\" href=\"https:\/\/www.legifrance.gouv.fr\/affichCodeArticle.do?idArticle=LEGIARTI000027909004&amp;cidTexte=LEGITEXT000023086525&amp;dateTexte=20181206&amp;fastPos=4&amp;fastReqId=785760193&amp;oldAction=rechCodeArticle\" target=\"_blank\">Article A4241-48-36<\/a> du Code du transport<br>Signalisation suppl\u00e9mentaire des bateaux utilis\u00e9s pour la&nbsp;<strong>plong\u00e9e<\/strong>&nbsp;subaquatique<\/p>\n\n\n\n<p class=\"wp-block-paragraph\">1. Tout bateau utilis\u00e9 pour la pratique de la&nbsp;<strong>plong\u00e9e<\/strong>&nbsp;subaquatique doit, outre la signalisation prescrite par les autres dispositions de la pr\u00e9sente section, porter :&nbsp;<br>Une reproduction rigide, d\u2019au moins 1 m de hauteur, du pavillon \u201d A \u201d du Code international des signaux, plac\u00e9e \u00e0 un endroit appropri\u00e9 et \u00e0 une hauteur telle qu\u2019elle soit visible, de nuit comme de jour, de tous les c\u00f4t\u00e9s.&nbsp;Pour les bateaux dont la longueur est inf\u00e9rieure \u00e0 7 m, la hauteur de la reproduction rigide du pavillon A est d\u2019au moins 50 cm de hauteur.&nbsp;<br>2. Le cas \u00e9ch\u00e9ant, il peut, au lieu de la signalisation prescrite au chiffre 1 ci-dessus, porter la signalisation pr\u00e9vue par le chiffre 1 de l\u2019article&nbsp;<a href=\"https:\/\/www.legifrance.gouv.fr\/affichCodeArticle.do?cidTexte=LEGITEXT000023086525&amp;idArticle=LEGIARTI000027909000&amp;dateTexte=&amp;categorieLien=cid\">A. 4241-48-34<\/a>.<\/p>\n\n\n\n<p class=\"wp-block-paragraph\">Tout bateau doit se tenir \u00e0 une distance suffisante d\u2019un bateau portant la signalisation utilis\u00e9e pour la pratique de la&nbsp;<strong>plong\u00e9e<\/strong>&nbsp;subaquatique (article&nbsp;<a href=\"https:\/\/www.legifrance.gouv.fr\/affichCodeArticle.do?idArticle=LEGIARTI000027909358&amp;cidTexte=LEGITEXT000023086525&amp;dateTexte=20181206&amp;fastPos=5&amp;fastReqId=1028854720&amp;oldAction=rechCodeArticle\" target=\"_blank\" rel=\"noreferrer noopener\">A4241-53-39<\/a>&nbsp;du code des transports).<\/p>\n<\/div><\/div>\n<\/div><\/div>\n\n\n\n<p class=\"wp-block-paragraph\">3. La pratique de la plong\u00e9e subaquatique sportive sans autorisation est interdite \u00e0 proximit\u00e9 des ouvrages de navigation pouvant pr\u00e9senter un danger, notamment les \u00e9cluses et barrages.<\/p>\n\n\n\n<p class=\"wp-block-paragraph\">4. Les r\u00e8glements particuliers de police d\u00e9finissent, en dehors des situations pr\u00e9vues aux paragraphes 1 et 3 du pr\u00e9sent article, les conditions de pratique de la plong\u00e9e subaquatique sportive sans autorisation.<\/p>\n\n\n\n<div style=\"height:29px\" aria-hidden=\"true\" class=\"wp-block-spacer\"><\/div>\n\n\n\n<p class=\"wp-block-paragraph\">\u00a9 Extrait des&nbsp;<a href=\"https:\/\/www.plongee-plaisir.com\/fr\/livres-plongee\/\">livres Plong\u00e9e Plaisir<\/a>&nbsp;par Alain Foret aux Editions GAP.<br>Toute reproduction interdite sur quelque support que ce soit sans accord \u00e9crit de l\u2019\u00e9diteur et de l\u2019auteur.<\/p>\n\n\n\n<div class=\"wp-block-image is-style-default\"><figure class=\"alignleft size-large is-resized\"><img decoding=\"async\" src=\"https:\/\/www.plongee-plaisir.com\/fr\/wp-content\/uploads\/2021\/02\/carre.jpg\" alt=\"\" class=\"wp-image-48240\" width=\"30\" srcset=\"https:\/\/www.plongee-plaisir.com\/fr\/wp-content\/uploads\/2021\/02\/carre.jpg 102w, https:\/\/www.plongee-plaisir.com\/fr\/wp-content\/uploads\/2021\/02\/carre-100x100.jpg 100w\" sizes=\"(max-width: 102px) 100vw, 102px\" \/><\/figure><\/div>\n<style class=\"advgb-styles-renderer\">.wp-block-kadence-spacer.kt-block-spacer-_72b3a8-64 .kt-block-spacer{height:17px;}.wp-block-kadence-spacer.kt-block-spacer-_72b3a8-64 .kt-divider{border-top-width:10px;border-top-color:#2676c9;width:100%;border-top-style:solid;}<\/style>","protected":false},"excerpt":{"rendered":"<p>FICHES INFO &gt; DIRIGER, ENCADRER Plong\u00e9e dans les eaux int\u00e9rieures La plong\u00e9e dans les eaux int\u00e9rieures est r\u00e9glement\u00e9e par le code des transports. Article A4241-53-39 (modifi\u00e9 par&nbsp;Arr\u00eat\u00e9 du 7 ao\u00fbt 2019 &#8211; art. 2) Dispositions relatives \u00e0 la pratique de la plong\u00e9e subaquatique sportive 1. La pratique de la plong\u00e9e subaquatique sportive sans autorisation est [&hellip;]<\/p>\n","protected":false},"author":4,"featured_media":35550,"parent":0,"menu_order":0,"comment_status":"open","ping_status":"open","template":"","meta":{"_crdt_document":"","_uag_custom_page_level_css":"","advgb_blocks_editor_width":"","advgb_blocks_columns_visual_guide":"","_genesis_hide_title":true,"_genesis_hide_breadcrumbs":false,"_genesis_hide_singular_image":false,"_genesis_hide_footer_widgets":false,"_genesis_custom_body_class":"","_genesis_custom_post_class":"","_genesis_layout":"content-sidebar","_vp_format_video_url":"","_vp_image_focal_point":[],"footnotes":""},"class_list":{"0":"post-30621","1":"page","2":"type-page","3":"status-publish","4":"has-post-thumbnail","6":"entry"},"yoast_head":"<!-- This site is optimized with the Yoast SEO plugin v27.5 - https:\/\/yoast.com\/product\/yoast-seo-wordpress\/ -->\n<title>Plong\u00e9e dans les eaux int\u00e9rieures - Plong\u00e9e Plaisir, site officiel<\/title>\n<meta name=\"robots\" content=\"index, follow, max-snippet:-1, max-image-preview:large, max-video-preview:-1\" \/>\n<link rel=\"canonical\" href=\"https:\/\/www.plongee-plaisir.com\/fr\/plongee-dans-les-eaux-interieures\/\" \/>\n<meta property=\"og:locale\" content=\"fr_FR\" \/>\n<meta property=\"og:type\" content=\"article\" \/>\n<meta property=\"og:title\" content=\"Plong\u00e9e dans les eaux int\u00e9rieures - Plong\u00e9e Plaisir, site officiel\" \/>\n<meta property=\"og:description\" content=\"FICHES INFO &gt; DIRIGER, ENCADRER Plong\u00e9e dans les eaux int\u00e9rieures La plong\u00e9e dans les eaux int\u00e9rieures est r\u00e9glement\u00e9e par le code des transports. Article A4241-53-39 (modifi\u00e9 par&nbsp;Arr\u00eat\u00e9 du 7 ao\u00fbt 2019 &#8211; art. 2) Dispositions relatives \u00e0 la pratique de la plong\u00e9e subaquatique sportive 1. La pratique de la plong\u00e9e subaquatique sportive sans autorisation est [&hellip;]\" \/>\n<meta property=\"og:url\" content=\"https:\/\/www.plongee-plaisir.com\/fr\/plongee-dans-les-eaux-interieures\/\" \/>\n<meta property=\"og:site_name\" content=\"Plong\u00e9e Plaisir, site officiel\" \/>\n<meta property=\"article:modified_time\" content=\"2021-04-04T15:34:05+00:00\" \/>\n<meta property=\"og:image\" content=\"https:\/\/www.plongee-plaisir.com\/fr\/wp-content\/uploads\/2019\/10\/Fiches-infos-eaux-interieures.png\" \/>\n\t<meta property=\"og:image:width\" content=\"300\" \/>\n\t<meta property=\"og:image:height\" content=\"196\" \/>\n\t<meta property=\"og:image:type\" content=\"image\/png\" \/>\n<meta name=\"twitter:card\" content=\"summary_large_image\" \/>\n<meta name=\"twitter:label1\" content=\"Dur\u00e9e de lecture estim\u00e9e\" \/>\n\t<meta name=\"twitter:data1\" content=\"2 minutes\" \/>\n<script type=\"application\/ld+json\" class=\"yoast-schema-graph\">{\"@context\":\"https:\\\/\\\/schema.org\",\"@graph\":[{\"@type\":\"WebPage\",\"@id\":\"https:\\\/\\\/www.plongee-plaisir.com\\\/fr\\\/plongee-dans-les-eaux-interieures\\\/\",\"url\":\"https:\\\/\\\/www.plongee-plaisir.com\\\/fr\\\/plongee-dans-les-eaux-interieures\\\/\",\"name\":\"Plong\u00e9e dans les eaux int\u00e9rieures - Plong\u00e9e Plaisir, site officiel\",\"isPartOf\":{\"@id\":\"https:\\\/\\\/www.plongee-plaisir.com\\\/fr\\\/#website\"},\"primaryImageOfPage\":{\"@id\":\"https:\\\/\\\/www.plongee-plaisir.com\\\/fr\\\/plongee-dans-les-eaux-interieures\\\/#primaryimage\"},\"image\":{\"@id\":\"https:\\\/\\\/www.plongee-plaisir.com\\\/fr\\\/plongee-dans-les-eaux-interieures\\\/#primaryimage\"},\"thumbnailUrl\":\"https:\\\/\\\/www.plongee-plaisir.com\\\/fr\\\/wp-content\\\/uploads\\\/2019\\\/10\\\/Fiches-infos-eaux-interieures.png\",\"datePublished\":\"2019-10-30T10:08:06+00:00\",\"dateModified\":\"2021-04-04T15:34:05+00:00\",\"breadcrumb\":{\"@id\":\"https:\\\/\\\/www.plongee-plaisir.com\\\/fr\\\/plongee-dans-les-eaux-interieures\\\/#breadcrumb\"},\"inLanguage\":\"fr-FR\",\"potentialAction\":[{\"@type\":\"ReadAction\",\"target\":[\"https:\\\/\\\/www.plongee-plaisir.com\\\/fr\\\/plongee-dans-les-eaux-interieures\\\/\"]}]},{\"@type\":\"ImageObject\",\"inLanguage\":\"fr-FR\",\"@id\":\"https:\\\/\\\/www.plongee-plaisir.com\\\/fr\\\/plongee-dans-les-eaux-interieures\\\/#primaryimage\",\"url\":\"https:\\\/\\\/www.plongee-plaisir.com\\\/fr\\\/wp-content\\\/uploads\\\/2019\\\/10\\\/Fiches-infos-eaux-interieures.png\",\"contentUrl\":\"https:\\\/\\\/www.plongee-plaisir.com\\\/fr\\\/wp-content\\\/uploads\\\/2019\\\/10\\\/Fiches-infos-eaux-interieures.png\",\"width\":300,\"height\":196},{\"@type\":\"BreadcrumbList\",\"@id\":\"https:\\\/\\\/www.plongee-plaisir.com\\\/fr\\\/plongee-dans-les-eaux-interieures\\\/#breadcrumb\",\"itemListElement\":[{\"@type\":\"ListItem\",\"position\":1,\"name\":\"Accueil\",\"item\":\"https:\\\/\\\/www.plongee-plaisir.com\\\/fr\\\/\"},{\"@type\":\"ListItem\",\"position\":2,\"name\":\"Plong\u00e9e dans les eaux int\u00e9rieures\"}]},{\"@type\":\"WebSite\",\"@id\":\"https:\\\/\\\/www.plongee-plaisir.com\\\/fr\\\/#website\",\"url\":\"https:\\\/\\\/www.plongee-plaisir.com\\\/fr\\\/\",\"name\":\"Plong\u00e9e Plaisir, site officiel\",\"description\":\"Apprendre \u00e0 plonger - Learning to dive\",\"potentialAction\":[{\"@type\":\"SearchAction\",\"target\":{\"@type\":\"EntryPoint\",\"urlTemplate\":\"https:\\\/\\\/www.plongee-plaisir.com\\\/fr\\\/?s={search_term_string}\"},\"query-input\":{\"@type\":\"PropertyValueSpecification\",\"valueRequired\":true,\"valueName\":\"search_term_string\"}}],\"inLanguage\":\"fr-FR\"}]}<\/script>\n<!-- \/ Yoast SEO plugin. -->","yoast_head_json":{"title":"Plong\u00e9e dans les eaux int\u00e9rieures - Plong\u00e9e Plaisir, site officiel","robots":{"index":"index","follow":"follow","max-snippet":"max-snippet:-1","max-image-preview":"max-image-preview:large","max-video-preview":"max-video-preview:-1"},"canonical":"https:\/\/www.plongee-plaisir.com\/fr\/plongee-dans-les-eaux-interieures\/","og_locale":"fr_FR","og_type":"article","og_title":"Plong\u00e9e dans les eaux int\u00e9rieures - Plong\u00e9e Plaisir, site officiel","og_description":"FICHES INFO &gt; DIRIGER, ENCADRER Plong\u00e9e dans les eaux int\u00e9rieures La plong\u00e9e dans les eaux int\u00e9rieures est r\u00e9glement\u00e9e par le code des transports. Article A4241-53-39 (modifi\u00e9 par&nbsp;Arr\u00eat\u00e9 du 7 ao\u00fbt 2019 &#8211; art. 2) Dispositions relatives \u00e0 la pratique de la plong\u00e9e subaquatique sportive 1. La pratique de la plong\u00e9e subaquatique sportive sans autorisation est [&hellip;]","og_url":"https:\/\/www.plongee-plaisir.com\/fr\/plongee-dans-les-eaux-interieures\/","og_site_name":"Plong\u00e9e Plaisir, site officiel","article_modified_time":"2021-04-04T15:34:05+00:00","og_image":[{"width":300,"height":196,"url":"https:\/\/www.plongee-plaisir.com\/fr\/wp-content\/uploads\/2019\/10\/Fiches-infos-eaux-interieures.png","type":"image\/png"}],"twitter_card":"summary_large_image","twitter_misc":{"Dur\u00e9e de lecture estim\u00e9e":"2 minutes"},"schema":{"@context":"https:\/\/schema.org","@graph":[{"@type":"WebPage","@id":"https:\/\/www.plongee-plaisir.com\/fr\/plongee-dans-les-eaux-interieures\/","url":"https:\/\/www.plongee-plaisir.com\/fr\/plongee-dans-les-eaux-interieures\/","name":"Plong\u00e9e dans les eaux int\u00e9rieures - Plong\u00e9e Plaisir, site officiel","isPartOf":{"@id":"https:\/\/www.plongee-plaisir.com\/fr\/#website"},"primaryImageOfPage":{"@id":"https:\/\/www.plongee-plaisir.com\/fr\/plongee-dans-les-eaux-interieures\/#primaryimage"},"image":{"@id":"https:\/\/www.plongee-plaisir.com\/fr\/plongee-dans-les-eaux-interieures\/#primaryimage"},"thumbnailUrl":"https:\/\/www.plongee-plaisir.com\/fr\/wp-content\/uploads\/2019\/10\/Fiches-infos-eaux-interieures.png","datePublished":"2019-10-30T10:08:06+00:00","dateModified":"2021-04-04T15:34:05+00:00","breadcrumb":{"@id":"https:\/\/www.plongee-plaisir.com\/fr\/plongee-dans-les-eaux-interieures\/#breadcrumb"},"inLanguage":"fr-FR","potentialAction":[{"@type":"ReadAction","target":["https:\/\/www.plongee-plaisir.com\/fr\/plongee-dans-les-eaux-interieures\/"]}]},{"@type":"ImageObject","inLanguage":"fr-FR","@id":"https:\/\/www.plongee-plaisir.com\/fr\/plongee-dans-les-eaux-interieures\/#primaryimage","url":"https:\/\/www.plongee-plaisir.com\/fr\/wp-content\/uploads\/2019\/10\/Fiches-infos-eaux-interieures.png","contentUrl":"https:\/\/www.plongee-plaisir.com\/fr\/wp-content\/uploads\/2019\/10\/Fiches-infos-eaux-interieures.png","width":300,"height":196},{"@type":"BreadcrumbList","@id":"https:\/\/www.plongee-plaisir.com\/fr\/plongee-dans-les-eaux-interieures\/#breadcrumb","itemListElement":[{"@type":"ListItem","position":1,"name":"Accueil","item":"https:\/\/www.plongee-plaisir.com\/fr\/"},{"@type":"ListItem","position":2,"name":"Plong\u00e9e dans les eaux int\u00e9rieures"}]},{"@type":"WebSite","@id":"https:\/\/www.plongee-plaisir.com\/fr\/#website","url":"https:\/\/www.plongee-plaisir.com\/fr\/","name":"Plong\u00e9e Plaisir, site officiel","description":"Apprendre \u00e0 plonger - Learning to dive","potentialAction":[{"@type":"SearchAction","target":{"@type":"EntryPoint","urlTemplate":"https:\/\/www.plongee-plaisir.com\/fr\/?s={search_term_string}"},"query-input":{"@type":"PropertyValueSpecification","valueRequired":true,"valueName":"search_term_string"}}],"inLanguage":"fr-FR"}]}},"featured_image_src":"https:\/\/www.plongee-plaisir.com\/fr\/wp-content\/uploads\/2019\/10\/Fiches-infos-eaux-interieures.png","featured_image_src_square":"https:\/\/www.plongee-plaisir.com\/fr\/wp-content\/uploads\/2019\/10\/Fiches-infos-eaux-interieures.png","uagb_featured_image_src":{"full":["https:\/\/www.plongee-plaisir.com\/fr\/wp-content\/uploads\/2019\/10\/Fiches-infos-eaux-interieures.png",300,196,false],"thumbnail":["https:\/\/www.plongee-plaisir.com\/fr\/wp-content\/uploads\/2019\/10\/Fiches-infos-eaux-interieures-150x150.png",150,150,true],"medium":["https:\/\/www.plongee-plaisir.com\/fr\/wp-content\/uploads\/2019\/10\/Fiches-infos-eaux-interieures.png",300,196,false],"medium_large":["https:\/\/www.plongee-plaisir.com\/fr\/wp-content\/uploads\/2019\/10\/Fiches-infos-eaux-interieures.png",300,196,false],"large":["https:\/\/www.plongee-plaisir.com\/fr\/wp-content\/uploads\/2019\/10\/Fiches-infos-eaux-interieures.png",300,196,false],"1536x1536":["https:\/\/www.plongee-plaisir.com\/fr\/wp-content\/uploads\/2019\/10\/Fiches-infos-eaux-interieures.png",300,196,false],"2048x2048":["https:\/\/www.plongee-plaisir.com\/fr\/wp-content\/uploads\/2019\/10\/Fiches-infos-eaux-interieures.png",300,196,false],"featured-content":["https:\/\/www.plongee-plaisir.com\/fr\/wp-content\/uploads\/2019\/10\/Fiches-infos-eaux-interieures.png",300,196,false],"author-pro-image":["https:\/\/www.plongee-plaisir.com\/fr\/wp-content\/uploads\/2019\/10\/Fiches-infos-eaux-interieures.png",300,196,false],"tb-timeline-landscape":["https:\/\/www.plongee-plaisir.com\/fr\/wp-content\/uploads\/2019\/10\/Fiches-infos-eaux-interieures.png",300,196,false],"tb-timeline-square":["https:\/\/www.plongee-plaisir.com\/fr\/wp-content\/uploads\/2019\/10\/Fiches-infos-eaux-interieures.png",300,196,false],"ultp_layout_landscape_large":["https:\/\/www.plongee-plaisir.com\/fr\/wp-content\/uploads\/2019\/10\/Fiches-infos-eaux-interieures.png",300,196,false],"ultp_layout_landscape":["https:\/\/www.plongee-plaisir.com\/fr\/wp-content\/uploads\/2019\/10\/Fiches-infos-eaux-interieures.png",300,196,false],"ultp_layout_portrait":["https:\/\/www.plongee-plaisir.com\/fr\/wp-content\/uploads\/2019\/10\/Fiches-infos-eaux-interieures.png",300,196,false],"ultp_layout_square":["https:\/\/www.plongee-plaisir.com\/fr\/wp-content\/uploads\/2019\/10\/Fiches-infos-eaux-interieures.png",300,196,false],"vp_sm":["https:\/\/www.plongee-plaisir.com\/fr\/wp-content\/uploads\/2019\/10\/Fiches-infos-eaux-interieures.png",300,196,false],"vp_md":["https:\/\/www.plongee-plaisir.com\/fr\/wp-content\/uploads\/2019\/10\/Fiches-infos-eaux-interieures.png",300,196,false],"vp_lg":["https:\/\/www.plongee-plaisir.com\/fr\/wp-content\/uploads\/2019\/10\/Fiches-infos-eaux-interieures.png",300,196,false],"vp_xl":["https:\/\/www.plongee-plaisir.com\/fr\/wp-content\/uploads\/2019\/10\/Fiches-infos-eaux-interieures.png",300,196,false],"vp_sm_popup":["https:\/\/www.plongee-plaisir.com\/fr\/wp-content\/uploads\/2019\/10\/Fiches-infos-eaux-interieures.png",300,196,false],"vp_md_popup":["https:\/\/www.plongee-plaisir.com\/fr\/wp-content\/uploads\/2019\/10\/Fiches-infos-eaux-interieures.png",300,196,false],"vp_xl_popup":["https:\/\/www.plongee-plaisir.com\/fr\/wp-content\/uploads\/2019\/10\/Fiches-infos-eaux-interieures.png",300,196,false],"gb-block-post-grid-landscape":["https:\/\/www.plongee-plaisir.com\/fr\/wp-content\/uploads\/2019\/10\/Fiches-infos-eaux-interieures.png",300,196,false],"gb-block-post-grid-square":["https:\/\/www.plongee-plaisir.com\/fr\/wp-content\/uploads\/2019\/10\/Fiches-infos-eaux-interieures.png",300,196,false],"woocommerce_thumbnail":["https:\/\/www.plongee-plaisir.com\/fr\/wp-content\/uploads\/2019\/10\/Fiches-infos-eaux-interieures.png",300,196,false],"woocommerce_single":["https:\/\/www.plongee-plaisir.com\/fr\/wp-content\/uploads\/2019\/10\/Fiches-infos-eaux-interieures.png",300,196,false],"woocommerce_gallery_thumbnail":["https:\/\/www.plongee-plaisir.com\/fr\/wp-content\/uploads\/2019\/10\/Fiches-infos-eaux-interieures-100x100.png",100,100,true],"sow-carousel-default":["https:\/\/www.plongee-plaisir.com\/fr\/wp-content\/uploads\/2019\/10\/Fiches-infos-eaux-interieures.png",272,178,false]},"uagb_author_info":{"display_name":"Alain Foret","author_link":"https:\/\/www.plongee-plaisir.com\/fr\/author\/plongeeplaisir\/"},"uagb_comment_info":0,"uagb_excerpt":"FICHES INFO &gt; DIRIGER, ENCADRER Plong\u00e9e dans les eaux int\u00e9rieures La plong\u00e9e dans les eaux int\u00e9rieures est r\u00e9glement\u00e9e par le code des transports. Article A4241-53-39 (modifi\u00e9 par&nbsp;Arr\u00eat\u00e9 du 7 ao\u00fbt 2019 &#8211; art. 2) Dispositions relatives \u00e0 la pratique de la plong\u00e9e subaquatique sportive 1. La pratique de la plong\u00e9e subaquatique sportive sans autorisation est\u2026","coauthors":[],"author_meta":{"author_link":"https:\/\/www.plongee-plaisir.com\/fr\/author\/plongeeplaisir\/","display_name":"Alain Foret"},"relative_dates":{"created":"Publi\u00e9 7 ans il y a","modified":"Mis \u00e0 jour 5 ans il y a"},"absolute_dates":{"created":"Publi\u00e9 le 30 octobre 2019","modified":"Mise \u00e0 jour le 4 avril 2021"},"absolute_dates_time":{"created":"Publi\u00e9 le 30 octobre 2019 11 h 08 min","modified":"Mise \u00e0 jour le 4 avril 2021 17 h 34 min"},"featured_img_caption":"","featured_img":"https:\/\/www.plongee-plaisir.com\/fr\/wp-content\/uploads\/2019\/10\/Fiches-infos-eaux-interieures.png","series_order":"","amp_enabled":true,"_links":{"self":[{"href":"https:\/\/www.plongee-plaisir.com\/fr\/wp-json\/wp\/v2\/pages\/30621","targetHints":{"allow":["GET"]}}],"collection":[{"href":"https:\/\/www.plongee-plaisir.com\/fr\/wp-json\/wp\/v2\/pages"}],"about":[{"href":"https:\/\/www.plongee-plaisir.com\/fr\/wp-json\/wp\/v2\/types\/page"}],"author":[{"embeddable":true,"href":"https:\/\/www.plongee-plaisir.com\/fr\/wp-json\/wp\/v2\/users\/4"}],"replies":[{"embeddable":true,"href":"https:\/\/www.plongee-plaisir.com\/fr\/wp-json\/wp\/v2\/comments?post=30621"}],"version-history":[{"count":0,"href":"https:\/\/www.plongee-plaisir.com\/fr\/wp-json\/wp\/v2\/pages\/30621\/revisions"}],"wp:featuredmedia":[{"embeddable":true,"href":"https:\/\/www.plongee-plaisir.com\/fr\/wp-json\/wp\/v2\/media\/35550"}],"wp:attachment":[{"href":"https:\/\/www.plongee-plaisir.com\/fr\/wp-json\/wp\/v2\/media?parent=30621"}],"curies":[{"name":"wp","href":"https:\/\/api.w.org\/{rel}","templated":true}]}}