{"id":30863,"date":"2019-11-13T15:00:58","date_gmt":"2019-11-13T14:00:58","guid":{"rendered":"https:\/\/www.plongee-plaisir.com\/fr\/?p=30863"},"modified":"2025-06-04T09:56:37","modified_gmt":"2025-06-04T07:56:37","slug":"les-obligations-au-sein-des-etablissements-aps","status":"publish","type":"page","link":"https:\/\/www.plongee-plaisir.com\/fr\/les-obligations-au-sein-des-etablissements-aps\/","title":{"rendered":"Les obligations au sein des \u00e9tablissements d&rsquo;APS"},"content":{"rendered":"\n<p class=\"has-text-color has-normal-font-size wp-block-paragraph\" style=\"color:#7d858b\"><a href=\"https:\/\/www.plongee-plaisir.com\/fr\/fiches-infos\/\">FICHES INFO<\/a> &gt; \u00c9TABLISSEMENTS D&rsquo;APS<\/p>\n\n\n\n<div class=\"wp-block-kadence-spacer aligncenter kt-block-spacer-30863_872ccf-e9\"><div class=\"kt-block-spacer kt-block-spacer-halign-center\"><hr class=\"kt-divider\"\/><\/div><\/div>\n\n\n\n<h1 class=\"wp-block-heading\">Les obligations au sein des \u00e9tablissements d&rsquo;APS<\/h1>\n\n\n\n<p class=\"wp-block-paragraph\">Validit\u00e9 : France (MAJ 04\/06\/2025)<\/p>\n\n\n\n<ul class=\"wp-block-list\">\n<li>Obligation <strong>d\u2019assurance<\/strong> (<a aria-label=\"art. L321-7 du code du sport (ouverture dans un nouvel onglet)\" href=\"https:\/\/www.legifrance.gouv.fr\/affichCodeArticle.do?idArticle=LEGIARTI000006547693&amp;cidTexte=LEGITEXT000006071318&amp;dateTexte=20160901\" target=\"_blank\" rel=\"noreferrer noopener\">art. L321-7 du code du sport<\/a>). Un \u00e9tablissement d\u2019APS doit souscrire un contrat d\u2019assurance couvrant la responsabilit\u00e9 civile de l\u2019\u00e9tablissement, de ses pr\u00e9pos\u00e9s, des usagers, des pratiquants et des consommateurs le fr\u00e9quentant.<\/li>\n\n\n\n<li>Pour les associations et les f\u00e9d\u00e9rations sportives, obligation d&rsquo;informer (<a aria-label=\"art. L321-4 du code du sport (ouverture dans un nouvel onglet)\" href=\"https:\/\/www.legifrance.gouv.fr\/affichCodeArticle.do?cidTexte=LEGITEXT000006071318&amp;idArticle=LEGIARTI000006547688\" target=\"_blank\" rel=\"noreferrer noopener\">art. L321-4 du code du sport<\/a>) leurs adh\u00e9rentes de l&rsquo;int\u00e9r\u00eat de souscrire un contrat d&rsquo;assurance de personnes couvrant les dommages corporels auxquels leur pratique sportive peut les exposer.<\/li>\n\n\n\n<li>Obligation de <strong>moyens de secours <\/strong><a href=\"https:\/\/www.legifrance.gouv.fr\/affichCodeArticle.do?idArticle=LEGIARTI000006548228&amp;cidTexte=LEGITEXT000006071318&amp;dateTexte=20070725\" target=\"_blank\" rel=\"noreferrer noopener\">(article R322-4 du code du sport<\/a>) :\n<ul class=\"wp-block-list\">\n<li><strong>trousse de secours<\/strong> (ainsi que, pour la plong\u00e9e \u00e0 bord d&rsquo;un navire, la trousse de secours obligatoire \u00e0 bord des navires selon la cat\u00e9gorie de navigation) ;<\/li>\n\n\n\n<li><strong>moyen de communication<\/strong> (de plus, l&rsquo;<a aria-label=\"art. A322-78-1 (ouverture dans un nouvel onglet)\" href=\"https:\/\/www.legifrance.gouv.fr\/affichCodeArticle.do?cidTexte=LEGITEXT000006071318&amp;idArticle=LEGIARTI000018751647&amp;dateTexte=&amp;categorieLien=cid\" target=\"_blank\" rel=\"noreferrer noopener\">art. A322-78<\/a> rend une VHF obligatoire en mer pour les plong\u00e9es au d\u00e9part d\u2019une embarcation). Voir \u00e9galement la <a aria-label=\"fiche infos Plong\u00e9e Plaisir sur les moyens de communication (ouverture dans un nouvel onglet)\" href=\"https:\/\/www.plongee-plaisir.com\/fr\/moyen-de-communication-vhf\/\" target=\"_blank\" rel=\"noreferrer noopener\">fiche infos Plong\u00e9e Plaisir sur les moyens de communication<\/a> ;<\/li>\n\n\n\n<li>affichage d\u2019un <strong>tableau d\u2019organisation des secours<\/strong> (et obligation, pour la plong\u00e9e, d&rsquo;un plan de secours conform\u00e9ment \u00e0 l&rsquo;<a href=\"https:\/\/www.legifrance.gouv.fr\/affichCodeArticle.do?cidTexte=LEGITEXT000006071318&amp;idArticle=LEGIARTI000018751647&amp;dateTexte=&amp;categorieLien=cid\" target=\"_blank\" rel=\"noreferrer noopener\">art. A322-78<\/a> du code du sport).<\/li>\n<\/ul>\n<\/li>\n\n\n\n<li>Obligation <strong>d\u2019hygi\u00e8ne et de s\u00e9curit\u00e9<\/strong> (<a href=\"https:\/\/www.legifrance.gouv.fr\/affichCodeArticle.do?idArticle=LEGIARTI000006547696&amp;cidTexte=LEGITEXT000006071318\" target=\"_blank\" rel=\"noreferrer noopener\">art. L322-2 du code du sport<\/a>).<\/li>\n\n\n\n<li>Obligation de dipl\u00f4mes d\u2019Etat pour les <strong>moniteurs r\u00e9mun\u00e9r\u00e9s<\/strong>. En cas d\u2019emploi d\u2019un moniteur, que ce soit au sein d\u2019un club associatif, d\u2019une structure commerciale ou d\u2019une collectivit\u00e9, l\u2019obligation d\u00e9finie par l\u2019article <a aria-label=\"L212-1 (ouverture dans un nouvel onglet)\" href=\"https:\/\/www.legifrance.gouv.fr\/affichCodeArticle.do?cidTexte=LEGITEXT000006071318&amp;idArticle=LEGIARTI000037388193&amp;dateTexte=&amp;categorieLien=id\" target=\"_blank\" rel=\"noreferrer noopener\">L212-1<\/a> du code du Sport doit \u00eatre respect\u00e9e.<\/li>\n\n\n\n<li>Obligation d\u00e9claration d\u2019accident grave ou de \u00ab presque accident \u00bb (<a href=\"https:\/\/www.legifrance.gouv.fr\/affichCodeArticle.do?cidTexte=LEGITEXT000006071318&amp;idArticle=LEGIARTI000032175389\" target=\"_blank\" rel=\"noreferrer noopener\">article R322-6 du code du sport<\/a>) &#8211; voir le <a href=\"https:\/\/www.plongee-plaisir.com\/fr\/zone-telechargement\/\" target=\"_blank\" rel=\"noreferrer noopener\">mod\u00e8le CERFA<\/a> de d\u00e9claration d&rsquo;accident grave dans l&rsquo;espace t\u00e9l\u00e9chargement (gratuit sur inscription).<\/li>\n\n\n\n<li>Obligation <strong>d\u2019honorabilit\u00e9 de l\u2019exploitant <\/strong>(<a aria-label=\"article L322-1 du code du sport (ouverture dans un nouvel onglet)\" href=\"https:\/\/www.legifrance.gouv.fr\/affichCodeArticle.do?cidTexte=LEGITEXT000006071318&amp;idArticle=LEGIARTI000006547695&amp;dateTexte=&amp;categorieLien=cid\" target=\"_blank\" rel=\"noreferrer noopener\">article L322-1 du code du sport<\/a>). Voir les mesures sp\u00e9cifiques mises en oeuvre par l&rsquo;\u00c9tat, en particulier celles publi\u00e9es en avril 2021 : <a href=\"https:\/\/www.plongee-plaisir.com\/fr\/honorabilite\/\">Fiche Info Obligation d&rsquo;honorabilit\u00e9<\/a>.<\/li>\n\n\n\n<li>Obligation d\u2019informer le pratiquant, par tout moyen, des capacit\u00e9s requises pour la pratique d&rsquo;une activit\u00e9 physique ou sportive (<a aria-label=\"art. A322-3 du code du sport (ouverture dans un nouvel onglet)\" href=\"https:\/\/www.legifrance.gouv.fr\/affichCodeArticle.do?idArticle=LEGIARTI000032674572&amp;cidTexte=LEGITEXT000006071318&amp;dateTexte=20160610\" target=\"_blank\" rel=\"noreferrer noopener\">art. A322-3 du code du sport<\/a>).<\/li>\n\n\n\n<li>Obligation g\u00e9n\u00e9rale de s\u00e9curit\u00e9 (<a aria-label=\"art. L421-3 du code de la consommation (ouverture dans un nouvel onglet)\" href=\"https:\/\/www.legifrance.gouv.fr\/affichCodeArticle.do?cidTexte=LEGITEXT000006069565&amp;idArticle=LEGIARTI000032225448\" target=\"_blank\" rel=\"noreferrer noopener\">art. L421-3 du code de la consommation<\/a>).<\/li>\n\n\n\n<li>Obligation d\u2019affichage en un lieu visible de tous (<a href=\"https:\/\/www.legifrance.gouv.fr\/affichCodeArticle.do?idArticle=LEGIARTI000006548229&amp;cidTexte=LEGITEXT000006071318&amp;dateTexte=20070725\" target=\"_blank\" rel=\"noreferrer noopener\">article R322-5 du code du sport<\/a>) :\n<ul class=\"wp-block-list\">\n<li><a href=\"https:\/\/www.legifrance.gouv.fr\/jorf\/id\/JORFTEXT000051605469\" target=\"_blank\" rel=\"noreferrer noopener\">D\u00e9cret n\u00b0 2025-435 du 16 mai 2025 publi\u00e9 au JORF n\u00b00116 du 18 mai 2025<\/a> modifiant l&rsquo;article <a href=\"https:\/\/www.legifrance.gouv.fr\/affichCodeArticle.do?cidTexte=LEGITEXT000006071318&amp;idArticle=LEGIARTI000006548229&amp;dateTexte=&amp;categorieLien=cid\">R322-5 du code du sport<\/a>.<br>D\u00e9lai de mise en conformit\u00e9 : 6 mois.<br>Information sur les dispositifs permettant de recueillir des signalements, d\u2019orienter et accompagner les personnes s\u2019estimant victimes ou t\u00e9moins de situations susceptibles d\u2019\u00eatre qualifi\u00e9es de violences physiques ou morales ou de situations de maltraitance provenant notamment de propos discriminants, de bizutage, de situations d\u2019emprise, ou encore d\u2019\u00e9ventuelles complicit\u00e9s et non-d\u00e9nonciations d\u00e9lictueuses de ces faits.<br>La liste des dispositifs vis\u00e9s et le contenu de cet affichage sont fix\u00e9s par l&rsquo;arr\u00eat\u00e9 du ministre charg\u00e9 des sports du <a href=\"https:\/\/www.legifrance.gouv.fr\/jorf\/id\/JORFTEXT000051685319\">20 mai 2025 paru le 4 juin 2025 (NOR : SPOV2514735A)<\/a>. <strong>L\u2019affichage doit \u00eatre fait sur support papier (format A3 au moins, 297 \u00d7 420 mm), \u00e0 partir d&rsquo;un des deux mod\u00e8les annex\u00e9s \u00e0 cet arr\u00eat\u00e9.<\/strong> <a href=\"https:\/\/www.legifrance.gouv.fr\/download\/pdf?id=Ee4nwMr7y_Q9ybuQQrCGUo930L4HJmWn4vog74KQZ78=\">T\u00e9l\u00e9charger l&rsquo;annexe de l&rsquo;arr\u00eat\u00e9 avec les 2 affiches<\/a>.<\/li>\n\n\n\n<li>Dipl\u00f4mes et cartes professionnelles des moniteurs r\u00e9mun\u00e9r\u00e9s ;<\/li>\n\n\n\n<li>Attestations des stagiaires ;<\/li>\n\n\n\n<li>Textes fixant les garanties d&rsquo;hygi\u00e8ne et de s\u00e9curit\u00e9 et les normes techniques applicables \u00e0 l&rsquo;encadrement des activit\u00e9s physiques et sportives ;<\/li>\n\n\n\n<li>Attestation du contrat d&rsquo;assurance conclu par l&rsquo;exploitant de l&rsquo;\u00e9tablissement.<\/li>\n\n\n\n<li>Tableau d&rsquo;organisation des secours et plan de secours.<\/li>\n\n\n\n<li>Consignes de gonflage des bouteilles (si compresseur ou station de gonflage).<\/li>\n<\/ul>\n<\/li>\n<\/ul>\n\n\n\n<div style=\"height:16px\" aria-hidden=\"true\" class=\"wp-block-spacer\"><\/div>\n\n\n\n<p class=\"wp-block-paragraph\">\u00a9 Extrait des&nbsp;<a href=\"https:\/\/www.plongee-plaisir.com\/fr\/livres-plongee\/\">livres Plong\u00e9e Plaisir<\/a>&nbsp;par Alain Foret aux Editions GAP.<br>Toute reproduction interdite sur quelque support que ce soit sans accord \u00e9crit de l\u2019\u00e9diteur et de l\u2019auteur.<\/p>\n\n\n\n<figure class=\"wp-block-image alignleft size-large is-resized is-style-default\"><img decoding=\"async\" width=\"102\" height=\"102\" src=\"https:\/\/www.plongee-plaisir.com\/fr\/wp-content\/uploads\/2021\/02\/carre.jpg\" alt=\"\" class=\"wp-image-48240\" style=\"width:40px;height:auto\" srcset=\"https:\/\/www.plongee-plaisir.com\/fr\/wp-content\/uploads\/2021\/02\/carre.jpg 102w, https:\/\/www.plongee-plaisir.com\/fr\/wp-content\/uploads\/2021\/02\/carre-100x100.jpg 100w\" sizes=\"(max-width: 102px) 100vw, 102px\" \/><\/figure>\n\n\n\n<p class=\"wp-block-paragraph\"><\/p>\n<style class=\"advgb-styles-renderer\">.wp-block-kadence-spacer.kt-block-spacer-30863_872ccf-e9 .kt-block-spacer{height:17px;}.wp-block-kadence-spacer.kt-block-spacer-30863_872ccf-e9 .kt-divider{border-top-width:10px;border-top-color:#abb8c3;width:100%;border-top-style:solid;}<\/style>","protected":false},"excerpt":{"rendered":"<p>Liste des 10 obligations des \u00e9tablissements d&rsquo;APS et liens vers les textes r\u00e9glementaires.<\/p>\n","protected":false},"author":4,"featured_media":35179,"parent":0,"menu_order":0,"comment_status":"open","ping_status":"open","template":"","meta":{"_crdt_document":"","_uag_custom_page_level_css":"","advgb_blocks_editor_width":"","advgb_blocks_columns_visual_guide":"","_genesis_hide_title":true,"_genesis_hide_breadcrumbs":false,"_genesis_hide_singular_image":false,"_genesis_hide_footer_widgets":false,"_genesis_custom_body_class":"","_genesis_custom_post_class":"","_genesis_layout":"content-sidebar","_vp_format_video_url":"","_vp_image_focal_point":[],"footnotes":""},"class_list":{"0":"post-30863","1":"page","2":"type-page","3":"status-publish","4":"has-post-thumbnail","6":"entry"},"yoast_head":"<!-- This site is optimized with the Yoast SEO plugin v27.4 - https:\/\/yoast.com\/product\/yoast-seo-wordpress\/ -->\n<title>Les obligations au sein des \u00e9tablissements d&#039;APS - Plong\u00e9e Plaisir, site officiel<\/title>\n<meta name=\"robots\" content=\"index, follow, max-snippet:-1, max-image-preview:large, max-video-preview:-1\" \/>\n<link rel=\"canonical\" href=\"https:\/\/www.plongee-plaisir.com\/fr\/les-obligations-au-sein-des-etablissements-aps\/\" \/>\n<meta property=\"og:locale\" content=\"fr_FR\" \/>\n<meta property=\"og:type\" content=\"article\" \/>\n<meta property=\"og:title\" content=\"Les obligations au sein des \u00e9tablissements d&#039;APS - Plong\u00e9e Plaisir, site officiel\" \/>\n<meta property=\"og:description\" content=\"Liste des 10 obligations des \u00e9tablissements d&#039;APS et liens vers les textes r\u00e9glementaires.\" \/>\n<meta property=\"og:url\" content=\"https:\/\/www.plongee-plaisir.com\/fr\/les-obligations-au-sein-des-etablissements-aps\/\" \/>\n<meta property=\"og:site_name\" content=\"Plong\u00e9e Plaisir, site officiel\" \/>\n<meta property=\"article:modified_time\" content=\"2025-06-04T07:56:37+00:00\" \/>\n<meta property=\"og:image\" content=\"https:\/\/www.plongee-plaisir.com\/fr\/wp-content\/uploads\/2019\/11\/Fiches-infos-reglementation.png\" \/>\n\t<meta property=\"og:image:width\" content=\"300\" \/>\n\t<meta property=\"og:image:height\" content=\"196\" \/>\n\t<meta property=\"og:image:type\" content=\"image\/png\" \/>\n<meta name=\"twitter:card\" content=\"summary_large_image\" \/>\n<meta name=\"twitter:label1\" content=\"Dur\u00e9e de lecture estim\u00e9e\" \/>\n\t<meta name=\"twitter:data1\" content=\"3 minutes\" \/>\n<script type=\"application\/ld+json\" class=\"yoast-schema-graph\">{\"@context\":\"https:\\\/\\\/schema.org\",\"@graph\":[{\"@type\":\"WebPage\",\"@id\":\"https:\\\/\\\/www.plongee-plaisir.com\\\/fr\\\/les-obligations-au-sein-des-etablissements-aps\\\/\",\"url\":\"https:\\\/\\\/www.plongee-plaisir.com\\\/fr\\\/les-obligations-au-sein-des-etablissements-aps\\\/\",\"name\":\"Les obligations au sein des \u00e9tablissements d'APS - Plong\u00e9e Plaisir, site officiel\",\"isPartOf\":{\"@id\":\"https:\\\/\\\/www.plongee-plaisir.com\\\/fr\\\/#website\"},\"primaryImageOfPage\":{\"@id\":\"https:\\\/\\\/www.plongee-plaisir.com\\\/fr\\\/les-obligations-au-sein-des-etablissements-aps\\\/#primaryimage\"},\"image\":{\"@id\":\"https:\\\/\\\/www.plongee-plaisir.com\\\/fr\\\/les-obligations-au-sein-des-etablissements-aps\\\/#primaryimage\"},\"thumbnailUrl\":\"https:\\\/\\\/www.plongee-plaisir.com\\\/fr\\\/wp-content\\\/uploads\\\/2019\\\/11\\\/Fiches-infos-reglementation.png\",\"datePublished\":\"2019-11-13T14:00:58+00:00\",\"dateModified\":\"2025-06-04T07:56:37+00:00\",\"breadcrumb\":{\"@id\":\"https:\\\/\\\/www.plongee-plaisir.com\\\/fr\\\/les-obligations-au-sein-des-etablissements-aps\\\/#breadcrumb\"},\"inLanguage\":\"fr-FR\",\"potentialAction\":[{\"@type\":\"ReadAction\",\"target\":[\"https:\\\/\\\/www.plongee-plaisir.com\\\/fr\\\/les-obligations-au-sein-des-etablissements-aps\\\/\"]}]},{\"@type\":\"ImageObject\",\"inLanguage\":\"fr-FR\",\"@id\":\"https:\\\/\\\/www.plongee-plaisir.com\\\/fr\\\/les-obligations-au-sein-des-etablissements-aps\\\/#primaryimage\",\"url\":\"https:\\\/\\\/www.plongee-plaisir.com\\\/fr\\\/wp-content\\\/uploads\\\/2019\\\/11\\\/Fiches-infos-reglementation.png\",\"contentUrl\":\"https:\\\/\\\/www.plongee-plaisir.com\\\/fr\\\/wp-content\\\/uploads\\\/2019\\\/11\\\/Fiches-infos-reglementation.png\",\"width\":300,\"height\":196},{\"@type\":\"BreadcrumbList\",\"@id\":\"https:\\\/\\\/www.plongee-plaisir.com\\\/fr\\\/les-obligations-au-sein-des-etablissements-aps\\\/#breadcrumb\",\"itemListElement\":[{\"@type\":\"ListItem\",\"position\":1,\"name\":\"Accueil\",\"item\":\"https:\\\/\\\/www.plongee-plaisir.com\\\/fr\\\/\"},{\"@type\":\"ListItem\",\"position\":2,\"name\":\"Les obligations au sein des \u00e9tablissements d&rsquo;APS\"}]},{\"@type\":\"WebSite\",\"@id\":\"https:\\\/\\\/www.plongee-plaisir.com\\\/fr\\\/#website\",\"url\":\"https:\\\/\\\/www.plongee-plaisir.com\\\/fr\\\/\",\"name\":\"Plong\u00e9e Plaisir, site officiel\",\"description\":\"Apprendre \u00e0 plonger - Learning to dive\",\"potentialAction\":[{\"@type\":\"SearchAction\",\"target\":{\"@type\":\"EntryPoint\",\"urlTemplate\":\"https:\\\/\\\/www.plongee-plaisir.com\\\/fr\\\/?s={search_term_string}\"},\"query-input\":{\"@type\":\"PropertyValueSpecification\",\"valueRequired\":true,\"valueName\":\"search_term_string\"}}],\"inLanguage\":\"fr-FR\"}]}<\/script>\n<!-- \/ Yoast SEO plugin. -->","yoast_head_json":{"title":"Les obligations au sein des \u00e9tablissements d'APS - Plong\u00e9e Plaisir, site officiel","robots":{"index":"index","follow":"follow","max-snippet":"max-snippet:-1","max-image-preview":"max-image-preview:large","max-video-preview":"max-video-preview:-1"},"canonical":"https:\/\/www.plongee-plaisir.com\/fr\/les-obligations-au-sein-des-etablissements-aps\/","og_locale":"fr_FR","og_type":"article","og_title":"Les obligations au sein des \u00e9tablissements d'APS - Plong\u00e9e Plaisir, site officiel","og_description":"Liste des 10 obligations des \u00e9tablissements d'APS et liens vers les textes r\u00e9glementaires.","og_url":"https:\/\/www.plongee-plaisir.com\/fr\/les-obligations-au-sein-des-etablissements-aps\/","og_site_name":"Plong\u00e9e Plaisir, site officiel","article_modified_time":"2025-06-04T07:56:37+00:00","og_image":[{"width":300,"height":196,"url":"https:\/\/www.plongee-plaisir.com\/fr\/wp-content\/uploads\/2019\/11\/Fiches-infos-reglementation.png","type":"image\/png"}],"twitter_card":"summary_large_image","twitter_misc":{"Dur\u00e9e de lecture estim\u00e9e":"3 minutes"},"schema":{"@context":"https:\/\/schema.org","@graph":[{"@type":"WebPage","@id":"https:\/\/www.plongee-plaisir.com\/fr\/les-obligations-au-sein-des-etablissements-aps\/","url":"https:\/\/www.plongee-plaisir.com\/fr\/les-obligations-au-sein-des-etablissements-aps\/","name":"Les obligations au sein des \u00e9tablissements d'APS - Plong\u00e9e Plaisir, site officiel","isPartOf":{"@id":"https:\/\/www.plongee-plaisir.com\/fr\/#website"},"primaryImageOfPage":{"@id":"https:\/\/www.plongee-plaisir.com\/fr\/les-obligations-au-sein-des-etablissements-aps\/#primaryimage"},"image":{"@id":"https:\/\/www.plongee-plaisir.com\/fr\/les-obligations-au-sein-des-etablissements-aps\/#primaryimage"},"thumbnailUrl":"https:\/\/www.plongee-plaisir.com\/fr\/wp-content\/uploads\/2019\/11\/Fiches-infos-reglementation.png","datePublished":"2019-11-13T14:00:58+00:00","dateModified":"2025-06-04T07:56:37+00:00","breadcrumb":{"@id":"https:\/\/www.plongee-plaisir.com\/fr\/les-obligations-au-sein-des-etablissements-aps\/#breadcrumb"},"inLanguage":"fr-FR","potentialAction":[{"@type":"ReadAction","target":["https:\/\/www.plongee-plaisir.com\/fr\/les-obligations-au-sein-des-etablissements-aps\/"]}]},{"@type":"ImageObject","inLanguage":"fr-FR","@id":"https:\/\/www.plongee-plaisir.com\/fr\/les-obligations-au-sein-des-etablissements-aps\/#primaryimage","url":"https:\/\/www.plongee-plaisir.com\/fr\/wp-content\/uploads\/2019\/11\/Fiches-infos-reglementation.png","contentUrl":"https:\/\/www.plongee-plaisir.com\/fr\/wp-content\/uploads\/2019\/11\/Fiches-infos-reglementation.png","width":300,"height":196},{"@type":"BreadcrumbList","@id":"https:\/\/www.plongee-plaisir.com\/fr\/les-obligations-au-sein-des-etablissements-aps\/#breadcrumb","itemListElement":[{"@type":"ListItem","position":1,"name":"Accueil","item":"https:\/\/www.plongee-plaisir.com\/fr\/"},{"@type":"ListItem","position":2,"name":"Les obligations au sein des \u00e9tablissements d&rsquo;APS"}]},{"@type":"WebSite","@id":"https:\/\/www.plongee-plaisir.com\/fr\/#website","url":"https:\/\/www.plongee-plaisir.com\/fr\/","name":"Plong\u00e9e Plaisir, site officiel","description":"Apprendre \u00e0 plonger - Learning to dive","potentialAction":[{"@type":"SearchAction","target":{"@type":"EntryPoint","urlTemplate":"https:\/\/www.plongee-plaisir.com\/fr\/?s={search_term_string}"},"query-input":{"@type":"PropertyValueSpecification","valueRequired":true,"valueName":"search_term_string"}}],"inLanguage":"fr-FR"}]}},"featured_image_src":"https:\/\/www.plongee-plaisir.com\/fr\/wp-content\/uploads\/2019\/11\/Fiches-infos-reglementation.png","featured_image_src_square":"https:\/\/www.plongee-plaisir.com\/fr\/wp-content\/uploads\/2019\/11\/Fiches-infos-reglementation.png","uagb_featured_image_src":{"full":["https:\/\/www.plongee-plaisir.com\/fr\/wp-content\/uploads\/2019\/11\/Fiches-infos-reglementation.png",300,196,false],"thumbnail":["https:\/\/www.plongee-plaisir.com\/fr\/wp-content\/uploads\/2019\/11\/Fiches-infos-reglementation-150x150.png",150,150,true],"medium":["https:\/\/www.plongee-plaisir.com\/fr\/wp-content\/uploads\/2019\/11\/Fiches-infos-reglementation.png",300,196,false],"medium_large":["https:\/\/www.plongee-plaisir.com\/fr\/wp-content\/uploads\/2019\/11\/Fiches-infos-reglementation.png",300,196,false],"large":["https:\/\/www.plongee-plaisir.com\/fr\/wp-content\/uploads\/2019\/11\/Fiches-infos-reglementation.png",300,196,false],"1536x1536":["https:\/\/www.plongee-plaisir.com\/fr\/wp-content\/uploads\/2019\/11\/Fiches-infos-reglementation.png",300,196,false],"2048x2048":["https:\/\/www.plongee-plaisir.com\/fr\/wp-content\/uploads\/2019\/11\/Fiches-infos-reglementation.png",300,196,false],"featured-content":["https:\/\/www.plongee-plaisir.com\/fr\/wp-content\/uploads\/2019\/11\/Fiches-infos-reglementation.png",300,196,false],"author-pro-image":["https:\/\/www.plongee-plaisir.com\/fr\/wp-content\/uploads\/2019\/11\/Fiches-infos-reglementation.png",300,196,false],"tb-timeline-landscape":["https:\/\/www.plongee-plaisir.com\/fr\/wp-content\/uploads\/2019\/11\/Fiches-infos-reglementation.png",300,196,false],"tb-timeline-square":["https:\/\/www.plongee-plaisir.com\/fr\/wp-content\/uploads\/2019\/11\/Fiches-infos-reglementation.png",300,196,false],"ultp_layout_landscape_large":["https:\/\/www.plongee-plaisir.com\/fr\/wp-content\/uploads\/2019\/11\/Fiches-infos-reglementation.png",300,196,false],"ultp_layout_landscape":["https:\/\/www.plongee-plaisir.com\/fr\/wp-content\/uploads\/2019\/11\/Fiches-infos-reglementation.png",300,196,false],"ultp_layout_portrait":["https:\/\/www.plongee-plaisir.com\/fr\/wp-content\/uploads\/2019\/11\/Fiches-infos-reglementation.png",300,196,false],"ultp_layout_square":["https:\/\/www.plongee-plaisir.com\/fr\/wp-content\/uploads\/2019\/11\/Fiches-infos-reglementation.png",300,196,false],"vp_sm":["https:\/\/www.plongee-plaisir.com\/fr\/wp-content\/uploads\/2019\/11\/Fiches-infos-reglementation.png",300,196,false],"vp_md":["https:\/\/www.plongee-plaisir.com\/fr\/wp-content\/uploads\/2019\/11\/Fiches-infos-reglementation.png",300,196,false],"vp_lg":["https:\/\/www.plongee-plaisir.com\/fr\/wp-content\/uploads\/2019\/11\/Fiches-infos-reglementation.png",300,196,false],"vp_xl":["https:\/\/www.plongee-plaisir.com\/fr\/wp-content\/uploads\/2019\/11\/Fiches-infos-reglementation.png",300,196,false],"vp_sm_popup":["https:\/\/www.plongee-plaisir.com\/fr\/wp-content\/uploads\/2019\/11\/Fiches-infos-reglementation.png",300,196,false],"vp_md_popup":["https:\/\/www.plongee-plaisir.com\/fr\/wp-content\/uploads\/2019\/11\/Fiches-infos-reglementation.png",300,196,false],"vp_xl_popup":["https:\/\/www.plongee-plaisir.com\/fr\/wp-content\/uploads\/2019\/11\/Fiches-infos-reglementation.png",300,196,false],"gb-block-post-grid-landscape":["https:\/\/www.plongee-plaisir.com\/fr\/wp-content\/uploads\/2019\/11\/Fiches-infos-reglementation.png",300,196,false],"gb-block-post-grid-square":["https:\/\/www.plongee-plaisir.com\/fr\/wp-content\/uploads\/2019\/11\/Fiches-infos-reglementation.png",300,196,false],"woocommerce_thumbnail":["https:\/\/www.plongee-plaisir.com\/fr\/wp-content\/uploads\/2019\/11\/Fiches-infos-reglementation.png",300,196,false],"woocommerce_single":["https:\/\/www.plongee-plaisir.com\/fr\/wp-content\/uploads\/2019\/11\/Fiches-infos-reglementation.png",300,196,false],"woocommerce_gallery_thumbnail":["https:\/\/www.plongee-plaisir.com\/fr\/wp-content\/uploads\/2019\/11\/Fiches-infos-reglementation-100x100.png",100,100,true],"web-stories-poster-portrait":["https:\/\/www.plongee-plaisir.com\/fr\/wp-content\/uploads\/2019\/11\/Fiches-infos-reglementation.png",300,196,false],"web-stories-publisher-logo":["https:\/\/www.plongee-plaisir.com\/fr\/wp-content\/uploads\/2019\/11\/Fiches-infos-reglementation.png",96,63,false],"web-stories-thumbnail":["https:\/\/www.plongee-plaisir.com\/fr\/wp-content\/uploads\/2019\/11\/Fiches-infos-reglementation.png",150,98,false],"sow-carousel-default":["https:\/\/www.plongee-plaisir.com\/fr\/wp-content\/uploads\/2019\/11\/Fiches-infos-reglementation.png",272,178,false]},"uagb_author_info":{"display_name":"Alain Foret","author_link":"https:\/\/www.plongee-plaisir.com\/fr\/author\/plongeeplaisir\/"},"uagb_comment_info":0,"uagb_excerpt":"Liste des 10 obligations des \u00e9tablissements d'APS et liens vers les textes r\u00e9glementaires.","coauthors":[],"author_meta":{"author_link":"https:\/\/www.plongee-plaisir.com\/fr\/author\/plongeeplaisir\/","display_name":"Alain Foret"},"relative_dates":{"created":"Publi\u00e9 6 ans il y a","modified":"Mis \u00e0 jour 11 mois il y a"},"absolute_dates":{"created":"Publi\u00e9 le 13 novembre 2019","modified":"Mise \u00e0 jour le 4 juin 2025"},"absolute_dates_time":{"created":"Publi\u00e9 le 13 novembre 2019 15 h 00 min","modified":"Mise \u00e0 jour le 4 juin 2025 9 h 56 min"},"featured_img_caption":"","featured_img":"https:\/\/www.plongee-plaisir.com\/fr\/wp-content\/uploads\/2019\/11\/Fiches-infos-reglementation.png","series_order":"","amp_enabled":true,"_links":{"self":[{"href":"https:\/\/www.plongee-plaisir.com\/fr\/wp-json\/wp\/v2\/pages\/30863","targetHints":{"allow":["GET"]}}],"collection":[{"href":"https:\/\/www.plongee-plaisir.com\/fr\/wp-json\/wp\/v2\/pages"}],"about":[{"href":"https:\/\/www.plongee-plaisir.com\/fr\/wp-json\/wp\/v2\/types\/page"}],"author":[{"embeddable":true,"href":"https:\/\/www.plongee-plaisir.com\/fr\/wp-json\/wp\/v2\/users\/4"}],"replies":[{"embeddable":true,"href":"https:\/\/www.plongee-plaisir.com\/fr\/wp-json\/wp\/v2\/comments?post=30863"}],"version-history":[{"count":0,"href":"https:\/\/www.plongee-plaisir.com\/fr\/wp-json\/wp\/v2\/pages\/30863\/revisions"}],"wp:featuredmedia":[{"embeddable":true,"href":"https:\/\/www.plongee-plaisir.com\/fr\/wp-json\/wp\/v2\/media\/35179"}],"wp:attachment":[{"href":"https:\/\/www.plongee-plaisir.com\/fr\/wp-json\/wp\/v2\/media?parent=30863"}],"curies":[{"name":"wp","href":"https:\/\/api.w.org\/{rel}","templated":true}]}}