{"id":35228,"date":"2020-06-14T13:33:55","date_gmt":"2020-06-14T11:33:55","guid":{"rendered":"https:\/\/www.plongee-plaisir.com\/fr\/?page_id=35228"},"modified":"2020-06-14T15:21:04","modified_gmt":"2020-06-14T13:21:04","slug":"fi","status":"publish","type":"page","link":"https:\/\/www.plongee-plaisir.com\/fr\/fi\/","title":{"rendered":"Fiches Information Plong\u00e9e Plaisir"},"content":{"rendered":"\n<div class=\"wp-block-media-text alignwide is-stacked-on-mobile\" style=\"grid-template-columns:28% auto\"><figure class=\"wp-block-media-text__media\"><img decoding=\"async\" width=\"698\" height=\"1024\" src=\"https:\/\/www.plongee-plaisir.com\/fr\/wp-content\/uploads\/2020\/05\/procedure-desinfection-5_Page_1-1-698x1024.jpg\" alt=\"\" class=\"wp-image-34224\" srcset=\"https:\/\/www.plongee-plaisir.com\/fr\/wp-content\/uploads\/2020\/05\/procedure-desinfection-5_Page_1-1-698x1024.jpg 698w, https:\/\/www.plongee-plaisir.com\/fr\/wp-content\/uploads\/2020\/05\/procedure-desinfection-5_Page_1-1-300x440.jpg 300w, https:\/\/www.plongee-plaisir.com\/fr\/wp-content\/uploads\/2020\/05\/procedure-desinfection-5_Page_1-1-600x880.jpg 600w, https:\/\/www.plongee-plaisir.com\/fr\/wp-content\/uploads\/2020\/05\/procedure-desinfection-5_Page_1-1-205x300.jpg 205w, https:\/\/www.plongee-plaisir.com\/fr\/wp-content\/uploads\/2020\/05\/procedure-desinfection-5_Page_1-1-768x1126.jpg 768w, https:\/\/www.plongee-plaisir.com\/fr\/wp-content\/uploads\/2020\/05\/procedure-desinfection-5_Page_1-1.jpg 975w\" sizes=\"(max-width: 698px) 100vw, 698px\" \/><\/figure><div class=\"wp-block-media-text__content\">\n<p class=\"wp-block-paragraph\"><em>Plong\u00e9e Plaisir<\/em> vous propose :<\/p>\n\n\n\n<ul class=\"wp-block-list\"><li>des livres et m\u00e9mentos de formation, du d\u00e9butant au moniteur ;<\/li><li>des supports p\u00e9dagogiques pour les moniteurs (<em>Illustra-Pack<\/em>) ;<\/li><li>une revue en ligne, <em>Bathyfolages<\/em>, qui fait le lien entre les plongeurs et les moniteurs <em>Plong\u00e9e Plaisir<\/em> ;<\/li><li>des conf\u00e9rences ;<\/li><li>un espace de t\u00e9l\u00e9chargement r\u00e9serv\u00e9 aux membres (gratuit sur inscription) ;<\/li><li>des&nbsp;<strong>fiches d\u2019information<\/strong>, le plus souvent extraites des livres&nbsp;<em>Plong\u00e9e Plaisir<\/em>, qui font le point sur les questions les plus courantes, compl\u00e9t\u00e9es, si n\u00e9cessaire, en fonction de l&rsquo;actualit\u00e9.<\/li><\/ul>\n\n\n\n<p class=\"wp-block-paragraph\">Faites d\u00e9filer le menu pour acc\u00e9der aux diff\u00e9rentes Fiches Information <em>Plong\u00e9e Plaisir<\/em>.<\/p>\n\n\n\n<p class=\"wp-block-paragraph\">Bonne lecture,<br>Alain Foret<br>Auteur des livres et supports p\u00e9dagogiques <em>Plong\u00e9e Plaisir<\/em><\/p>\n<\/div><\/div>\n","protected":false},"excerpt":{"rendered":"<p>Plong\u00e9e Plaisir vous propose : des livres et m\u00e9mentos de formation, du d\u00e9butant au moniteur ; des supports p\u00e9dagogiques pour les moniteurs (Illustra-Pack) ; une revue en ligne, Bathyfolages, qui fait le lien entre les plongeurs et les moniteurs Plong\u00e9e Plaisir ; des conf\u00e9rences ; un espace de t\u00e9l\u00e9chargement r\u00e9serv\u00e9 aux membres (gratuit sur inscription) [&hellip;]<\/p>\n","protected":false},"author":4,"featured_media":0,"parent":0,"menu_order":0,"comment_status":"closed","ping_status":"closed","template":"","meta":{"_crdt_document":"","_uag_custom_page_level_css":"","advgb_blocks_editor_width":"","advgb_blocks_columns_visual_guide":"","_genesis_hide_title":false,"_genesis_hide_breadcrumbs":false,"_genesis_hide_singular_image":false,"_genesis_hide_footer_widgets":false,"_genesis_custom_body_class":"","_genesis_custom_post_class":"","_genesis_layout":"","_vp_format_video_url":"","_vp_image_focal_point":[],"footnotes":""},"class_list":{"0":"post-35228","1":"page","2":"type-page","3":"status-publish","5":"entry"},"yoast_head":"<!-- This site is optimized with the Yoast SEO plugin v27.5 - https:\/\/yoast.com\/product\/yoast-seo-wordpress\/ -->\n<title>Fiches Information Plong\u00e9e Plaisir - Plong\u00e9e Plaisir, site officiel<\/title>\n<meta name=\"robots\" content=\"index, follow, max-snippet:-1, max-image-preview:large, max-video-preview:-1\" \/>\n<link rel=\"canonical\" href=\"https:\/\/www.plongee-plaisir.com\/fr\/fi\/\" \/>\n<meta property=\"og:locale\" content=\"fr_FR\" \/>\n<meta property=\"og:type\" content=\"article\" \/>\n<meta property=\"og:title\" content=\"Fiches Information Plong\u00e9e Plaisir - Plong\u00e9e Plaisir, site officiel\" \/>\n<meta property=\"og:description\" content=\"Plong\u00e9e Plaisir vous propose : des livres et m\u00e9mentos de formation, du d\u00e9butant au moniteur ; des supports p\u00e9dagogiques pour les moniteurs (Illustra-Pack) ; une revue en ligne, Bathyfolages, qui fait le lien entre les plongeurs et les moniteurs Plong\u00e9e Plaisir ; des conf\u00e9rences ; un espace de t\u00e9l\u00e9chargement r\u00e9serv\u00e9 aux membres (gratuit sur inscription) [&hellip;]\" \/>\n<meta property=\"og:url\" content=\"https:\/\/www.plongee-plaisir.com\/fr\/fi\/\" \/>\n<meta property=\"og:site_name\" content=\"Plong\u00e9e Plaisir, site officiel\" \/>\n<meta property=\"article:modified_time\" content=\"2020-06-14T13:21:04+00:00\" \/>\n<meta property=\"og:image\" content=\"https:\/\/www.plongee-plaisir.com\/fr\/wp-content\/uploads\/2020\/05\/procedure-desinfection-5_Page_1-1-698x1024.jpg\" \/>\n<meta name=\"twitter:card\" content=\"summary_large_image\" \/>\n<meta name=\"twitter:label1\" content=\"Dur\u00e9e de lecture estim\u00e9e\" \/>\n\t<meta name=\"twitter:data1\" content=\"1 minute\" \/>\n<script type=\"application\/ld+json\" class=\"yoast-schema-graph\">{\"@context\":\"https:\\\/\\\/schema.org\",\"@graph\":[{\"@type\":\"WebPage\",\"@id\":\"https:\\\/\\\/www.plongee-plaisir.com\\\/fr\\\/fi\\\/\",\"url\":\"https:\\\/\\\/www.plongee-plaisir.com\\\/fr\\\/fi\\\/\",\"name\":\"Fiches Information Plong\u00e9e Plaisir - Plong\u00e9e Plaisir, site officiel\",\"isPartOf\":{\"@id\":\"https:\\\/\\\/www.plongee-plaisir.com\\\/fr\\\/#website\"},\"primaryImageOfPage\":{\"@id\":\"https:\\\/\\\/www.plongee-plaisir.com\\\/fr\\\/fi\\\/#primaryimage\"},\"image\":{\"@id\":\"https:\\\/\\\/www.plongee-plaisir.com\\\/fr\\\/fi\\\/#primaryimage\"},\"thumbnailUrl\":\"https:\\\/\\\/www.plongee-plaisir.com\\\/fr\\\/wp-content\\\/uploads\\\/2020\\\/05\\\/procedure-desinfection-5_Page_1-1-698x1024.jpg\",\"datePublished\":\"2020-06-14T11:33:55+00:00\",\"dateModified\":\"2020-06-14T13:21:04+00:00\",\"breadcrumb\":{\"@id\":\"https:\\\/\\\/www.plongee-plaisir.com\\\/fr\\\/fi\\\/#breadcrumb\"},\"inLanguage\":\"fr-FR\",\"potentialAction\":[{\"@type\":\"ReadAction\",\"target\":[\"https:\\\/\\\/www.plongee-plaisir.com\\\/fr\\\/fi\\\/\"]}]},{\"@type\":\"ImageObject\",\"inLanguage\":\"fr-FR\",\"@id\":\"https:\\\/\\\/www.plongee-plaisir.com\\\/fr\\\/fi\\\/#primaryimage\",\"url\":\"https:\\\/\\\/www.plongee-plaisir.com\\\/fr\\\/wp-content\\\/uploads\\\/2020\\\/05\\\/procedure-desinfection-5_Page_1-1.jpg\",\"contentUrl\":\"https:\\\/\\\/www.plongee-plaisir.com\\\/fr\\\/wp-content\\\/uploads\\\/2020\\\/05\\\/procedure-desinfection-5_Page_1-1.jpg\",\"width\":975,\"height\":1430},{\"@type\":\"BreadcrumbList\",\"@id\":\"https:\\\/\\\/www.plongee-plaisir.com\\\/fr\\\/fi\\\/#breadcrumb\",\"itemListElement\":[{\"@type\":\"ListItem\",\"position\":1,\"name\":\"Accueil\",\"item\":\"https:\\\/\\\/www.plongee-plaisir.com\\\/fr\\\/\"},{\"@type\":\"ListItem\",\"position\":2,\"name\":\"Fiches Information Plong\u00e9e Plaisir\"}]},{\"@type\":\"WebSite\",\"@id\":\"https:\\\/\\\/www.plongee-plaisir.com\\\/fr\\\/#website\",\"url\":\"https:\\\/\\\/www.plongee-plaisir.com\\\/fr\\\/\",\"name\":\"Plong\u00e9e Plaisir, site officiel\",\"description\":\"Apprendre \u00e0 plonger - Learning to dive\",\"potentialAction\":[{\"@type\":\"SearchAction\",\"target\":{\"@type\":\"EntryPoint\",\"urlTemplate\":\"https:\\\/\\\/www.plongee-plaisir.com\\\/fr\\\/?s={search_term_string}\"},\"query-input\":{\"@type\":\"PropertyValueSpecification\",\"valueRequired\":true,\"valueName\":\"search_term_string\"}}],\"inLanguage\":\"fr-FR\"}]}<\/script>\n<!-- \/ Yoast SEO plugin. -->","yoast_head_json":{"title":"Fiches Information Plong\u00e9e Plaisir - Plong\u00e9e Plaisir, site officiel","robots":{"index":"index","follow":"follow","max-snippet":"max-snippet:-1","max-image-preview":"max-image-preview:large","max-video-preview":"max-video-preview:-1"},"canonical":"https:\/\/www.plongee-plaisir.com\/fr\/fi\/","og_locale":"fr_FR","og_type":"article","og_title":"Fiches Information Plong\u00e9e Plaisir - Plong\u00e9e Plaisir, site officiel","og_description":"Plong\u00e9e Plaisir vous propose : des livres et m\u00e9mentos de formation, du d\u00e9butant au moniteur ; des supports p\u00e9dagogiques pour les moniteurs (Illustra-Pack) ; une revue en ligne, Bathyfolages, qui fait le lien entre les plongeurs et les moniteurs Plong\u00e9e Plaisir ; des conf\u00e9rences ; un espace de t\u00e9l\u00e9chargement r\u00e9serv\u00e9 aux membres (gratuit sur inscription) [&hellip;]","og_url":"https:\/\/www.plongee-plaisir.com\/fr\/fi\/","og_site_name":"Plong\u00e9e Plaisir, site officiel","article_modified_time":"2020-06-14T13:21:04+00:00","og_image":[{"url":"https:\/\/www.plongee-plaisir.com\/fr\/wp-content\/uploads\/2020\/05\/procedure-desinfection-5_Page_1-1-698x1024.jpg","type":"","width":"","height":""}],"twitter_card":"summary_large_image","twitter_misc":{"Dur\u00e9e de lecture estim\u00e9e":"1 minute"},"schema":{"@context":"https:\/\/schema.org","@graph":[{"@type":"WebPage","@id":"https:\/\/www.plongee-plaisir.com\/fr\/fi\/","url":"https:\/\/www.plongee-plaisir.com\/fr\/fi\/","name":"Fiches Information Plong\u00e9e Plaisir - Plong\u00e9e Plaisir, site officiel","isPartOf":{"@id":"https:\/\/www.plongee-plaisir.com\/fr\/#website"},"primaryImageOfPage":{"@id":"https:\/\/www.plongee-plaisir.com\/fr\/fi\/#primaryimage"},"image":{"@id":"https:\/\/www.plongee-plaisir.com\/fr\/fi\/#primaryimage"},"thumbnailUrl":"https:\/\/www.plongee-plaisir.com\/fr\/wp-content\/uploads\/2020\/05\/procedure-desinfection-5_Page_1-1-698x1024.jpg","datePublished":"2020-06-14T11:33:55+00:00","dateModified":"2020-06-14T13:21:04+00:00","breadcrumb":{"@id":"https:\/\/www.plongee-plaisir.com\/fr\/fi\/#breadcrumb"},"inLanguage":"fr-FR","potentialAction":[{"@type":"ReadAction","target":["https:\/\/www.plongee-plaisir.com\/fr\/fi\/"]}]},{"@type":"ImageObject","inLanguage":"fr-FR","@id":"https:\/\/www.plongee-plaisir.com\/fr\/fi\/#primaryimage","url":"https:\/\/www.plongee-plaisir.com\/fr\/wp-content\/uploads\/2020\/05\/procedure-desinfection-5_Page_1-1.jpg","contentUrl":"https:\/\/www.plongee-plaisir.com\/fr\/wp-content\/uploads\/2020\/05\/procedure-desinfection-5_Page_1-1.jpg","width":975,"height":1430},{"@type":"BreadcrumbList","@id":"https:\/\/www.plongee-plaisir.com\/fr\/fi\/#breadcrumb","itemListElement":[{"@type":"ListItem","position":1,"name":"Accueil","item":"https:\/\/www.plongee-plaisir.com\/fr\/"},{"@type":"ListItem","position":2,"name":"Fiches Information Plong\u00e9e Plaisir"}]},{"@type":"WebSite","@id":"https:\/\/www.plongee-plaisir.com\/fr\/#website","url":"https:\/\/www.plongee-plaisir.com\/fr\/","name":"Plong\u00e9e Plaisir, site officiel","description":"Apprendre \u00e0 plonger - Learning to dive","potentialAction":[{"@type":"SearchAction","target":{"@type":"EntryPoint","urlTemplate":"https:\/\/www.plongee-plaisir.com\/fr\/?s={search_term_string}"},"query-input":{"@type":"PropertyValueSpecification","valueRequired":true,"valueName":"search_term_string"}}],"inLanguage":"fr-FR"}]}},"featured_image_src":null,"featured_image_src_square":null,"uagb_featured_image_src":{"full":false,"thumbnail":false,"medium":false,"medium_large":false,"large":false,"1536x1536":false,"2048x2048":false,"featured-content":false,"author-pro-image":false,"tb-timeline-landscape":false,"tb-timeline-square":false,"ultp_layout_landscape_large":false,"ultp_layout_landscape":false,"ultp_layout_portrait":false,"ultp_layout_square":false,"vp_sm":false,"vp_md":false,"vp_lg":false,"vp_xl":false,"vp_sm_popup":false,"vp_md_popup":false,"vp_xl_popup":false,"gb-block-post-grid-landscape":false,"gb-block-post-grid-square":false,"woocommerce_thumbnail":false,"woocommerce_single":false,"woocommerce_gallery_thumbnail":false,"sow-carousel-default":false},"uagb_author_info":{"display_name":"Alain Foret","author_link":"https:\/\/www.plongee-plaisir.com\/fr\/author\/plongeeplaisir\/"},"uagb_comment_info":0,"uagb_excerpt":"Plong\u00e9e Plaisir vous propose : des livres et m\u00e9mentos de formation, du d\u00e9butant au moniteur ; des supports p\u00e9dagogiques pour les moniteurs (Illustra-Pack) ; une revue en ligne, Bathyfolages, qui fait le lien entre les plongeurs et les moniteurs Plong\u00e9e Plaisir ; des conf\u00e9rences ; un espace de t\u00e9l\u00e9chargement r\u00e9serv\u00e9 aux membres (gratuit sur inscription)\u2026","coauthors":[],"author_meta":{"author_link":"https:\/\/www.plongee-plaisir.com\/fr\/author\/plongeeplaisir\/","display_name":"Alain Foret"},"relative_dates":{"created":"Publi\u00e9 6 ans il y a","modified":"Mis \u00e0 jour 6 ans il y a"},"absolute_dates":{"created":"Publi\u00e9 le 14 juin 2020","modified":"Mise \u00e0 jour le 14 juin 2020"},"absolute_dates_time":{"created":"Publi\u00e9 le 14 juin 2020 13 h 33 min","modified":"Mise \u00e0 jour le 14 juin 2020 15 h 21 min"},"featured_img_caption":"","featured_img":false,"series_order":"","amp_enabled":true,"_links":{"self":[{"href":"https:\/\/www.plongee-plaisir.com\/fr\/wp-json\/wp\/v2\/pages\/35228","targetHints":{"allow":["GET"]}}],"collection":[{"href":"https:\/\/www.plongee-plaisir.com\/fr\/wp-json\/wp\/v2\/pages"}],"about":[{"href":"https:\/\/www.plongee-plaisir.com\/fr\/wp-json\/wp\/v2\/types\/page"}],"author":[{"embeddable":true,"href":"https:\/\/www.plongee-plaisir.com\/fr\/wp-json\/wp\/v2\/users\/4"}],"replies":[{"embeddable":true,"href":"https:\/\/www.plongee-plaisir.com\/fr\/wp-json\/wp\/v2\/comments?post=35228"}],"version-history":[{"count":0,"href":"https:\/\/www.plongee-plaisir.com\/fr\/wp-json\/wp\/v2\/pages\/35228\/revisions"}],"wp:attachment":[{"href":"https:\/\/www.plongee-plaisir.com\/fr\/wp-json\/wp\/v2\/media?parent=35228"}],"curies":[{"name":"wp","href":"https:\/\/api.w.org\/{rel}","templated":true}]}}