{"id":38475,"date":"2020-11-08T17:22:10","date_gmt":"2020-11-08T16:22:10","guid":{"rendered":"https:\/\/www.plongee-plaisir.com\/fr\/panier\/"},"modified":"2020-11-10T13:15:31","modified_gmt":"2020-11-10T12:15:31","slug":"panier","status":"publish","type":"page","link":"https:\/\/www.plongee-plaisir.com\/fr\/panier\/","title":{"rendered":"Panier"},"content":{"rendered":"\n<div class=\"wp-block-image\"><figure class=\"aligncenter size-large is-resized\"><img decoding=\"async\" src=\"https:\/\/www.plongee-plaisir.com\/fr\/wp-content\/uploads\/2020\/11\/lamphi8-gris.gif\" alt=\"\" class=\"wp-image-38401\" width=\"200\" height=\"NaN\"\/><\/figure><\/div>\n\n\n\n","protected":false},"excerpt":{"rendered":"","protected":false},"author":1,"featured_media":0,"parent":0,"menu_order":0,"comment_status":"closed","ping_status":"closed","template":"","meta":{"_crdt_document":"","_uag_custom_page_level_css":"","advgb_blocks_editor_width":"","advgb_blocks_columns_visual_guide":"","_genesis_hide_title":false,"_genesis_hide_breadcrumbs":false,"_genesis_hide_singular_image":false,"_genesis_hide_footer_widgets":false,"_genesis_custom_body_class":"","_genesis_custom_post_class":"","_genesis_layout":"","_vp_format_video_url":"","_vp_image_focal_point":[],"footnotes":""},"class_list":{"0":"post-38475","1":"page","2":"type-page","3":"status-publish","5":"entry"},"yoast_head":"<!-- This site is optimized with the Yoast SEO plugin v27.5 - https:\/\/yoast.com\/product\/yoast-seo-wordpress\/ -->\n<title>Panier - Plong\u00e9e Plaisir, site officiel<\/title>\n<meta name=\"robots\" content=\"index, follow, max-snippet:-1, max-image-preview:large, max-video-preview:-1\" \/>\n<link rel=\"canonical\" href=\"https:\/\/www.plongee-plaisir.com\/fr\/panier\/\" \/>\n<meta property=\"og:locale\" content=\"fr_FR\" \/>\n<meta property=\"og:type\" content=\"article\" \/>\n<meta property=\"og:title\" content=\"Panier - Plong\u00e9e Plaisir, site officiel\" \/>\n<meta property=\"og:url\" content=\"https:\/\/www.plongee-plaisir.com\/fr\/panier\/\" \/>\n<meta property=\"og:site_name\" content=\"Plong\u00e9e Plaisir, site officiel\" \/>\n<meta property=\"article:modified_time\" content=\"2020-11-10T12:15:31+00:00\" \/>\n<meta property=\"og:image\" content=\"https:\/\/www.plongee-plaisir.com\/fr\/wp-content\/uploads\/2020\/11\/lamphi8-gris.gif\" \/>\n<meta name=\"twitter:card\" content=\"summary_large_image\" \/>\n<script type=\"application\/ld+json\" class=\"yoast-schema-graph\">{\"@context\":\"https:\\\/\\\/schema.org\",\"@graph\":[{\"@type\":\"WebPage\",\"@id\":\"https:\\\/\\\/www.plongee-plaisir.com\\\/fr\\\/panier\\\/\",\"url\":\"https:\\\/\\\/www.plongee-plaisir.com\\\/fr\\\/panier\\\/\",\"name\":\"Panier - Plong\u00e9e Plaisir, site officiel\",\"isPartOf\":{\"@id\":\"https:\\\/\\\/www.plongee-plaisir.com\\\/fr\\\/#website\"},\"primaryImageOfPage\":{\"@id\":\"https:\\\/\\\/www.plongee-plaisir.com\\\/fr\\\/panier\\\/#primaryimage\"},\"image\":{\"@id\":\"https:\\\/\\\/www.plongee-plaisir.com\\\/fr\\\/panier\\\/#primaryimage\"},\"thumbnailUrl\":\"https:\\\/\\\/www.plongee-plaisir.com\\\/fr\\\/wp-content\\\/uploads\\\/2020\\\/11\\\/lamphi8-gris.gif\",\"datePublished\":\"2020-11-08T16:22:10+00:00\",\"dateModified\":\"2020-11-10T12:15:31+00:00\",\"breadcrumb\":{\"@id\":\"https:\\\/\\\/www.plongee-plaisir.com\\\/fr\\\/panier\\\/#breadcrumb\"},\"inLanguage\":\"fr-FR\",\"potentialAction\":[{\"@type\":\"ReadAction\",\"target\":[\"https:\\\/\\\/www.plongee-plaisir.com\\\/fr\\\/panier\\\/\"]}]},{\"@type\":\"ImageObject\",\"inLanguage\":\"fr-FR\",\"@id\":\"https:\\\/\\\/www.plongee-plaisir.com\\\/fr\\\/panier\\\/#primaryimage\",\"url\":\"https:\\\/\\\/www.plongee-plaisir.com\\\/fr\\\/wp-content\\\/uploads\\\/2020\\\/11\\\/lamphi8-gris.gif\",\"contentUrl\":\"https:\\\/\\\/www.plongee-plaisir.com\\\/fr\\\/wp-content\\\/uploads\\\/2020\\\/11\\\/lamphi8-gris.gif\",\"width\":427,\"height\":236},{\"@type\":\"BreadcrumbList\",\"@id\":\"https:\\\/\\\/www.plongee-plaisir.com\\\/fr\\\/panier\\\/#breadcrumb\",\"itemListElement\":[{\"@type\":\"ListItem\",\"position\":1,\"name\":\"Accueil\",\"item\":\"https:\\\/\\\/www.plongee-plaisir.com\\\/fr\\\/\"},{\"@type\":\"ListItem\",\"position\":2,\"name\":\"Panier\"}]},{\"@type\":\"WebSite\",\"@id\":\"https:\\\/\\\/www.plongee-plaisir.com\\\/fr\\\/#website\",\"url\":\"https:\\\/\\\/www.plongee-plaisir.com\\\/fr\\\/\",\"name\":\"Plong\u00e9e Plaisir, site officiel\",\"description\":\"Apprendre \u00e0 plonger - Learning to dive\",\"potentialAction\":[{\"@type\":\"SearchAction\",\"target\":{\"@type\":\"EntryPoint\",\"urlTemplate\":\"https:\\\/\\\/www.plongee-plaisir.com\\\/fr\\\/?s={search_term_string}\"},\"query-input\":{\"@type\":\"PropertyValueSpecification\",\"valueRequired\":true,\"valueName\":\"search_term_string\"}}],\"inLanguage\":\"fr-FR\"}]}<\/script>\n<!-- \/ Yoast SEO plugin. -->","yoast_head_json":{"title":"Panier - Plong\u00e9e Plaisir, site officiel","robots":{"index":"index","follow":"follow","max-snippet":"max-snippet:-1","max-image-preview":"max-image-preview:large","max-video-preview":"max-video-preview:-1"},"canonical":"https:\/\/www.plongee-plaisir.com\/fr\/panier\/","og_locale":"fr_FR","og_type":"article","og_title":"Panier - Plong\u00e9e Plaisir, site officiel","og_url":"https:\/\/www.plongee-plaisir.com\/fr\/panier\/","og_site_name":"Plong\u00e9e Plaisir, site officiel","article_modified_time":"2020-11-10T12:15:31+00:00","og_image":[{"url":"https:\/\/www.plongee-plaisir.com\/fr\/wp-content\/uploads\/2020\/11\/lamphi8-gris.gif","type":"","width":"","height":""}],"twitter_card":"summary_large_image","schema":{"@context":"https:\/\/schema.org","@graph":[{"@type":"WebPage","@id":"https:\/\/www.plongee-plaisir.com\/fr\/panier\/","url":"https:\/\/www.plongee-plaisir.com\/fr\/panier\/","name":"Panier - Plong\u00e9e Plaisir, site officiel","isPartOf":{"@id":"https:\/\/www.plongee-plaisir.com\/fr\/#website"},"primaryImageOfPage":{"@id":"https:\/\/www.plongee-plaisir.com\/fr\/panier\/#primaryimage"},"image":{"@id":"https:\/\/www.plongee-plaisir.com\/fr\/panier\/#primaryimage"},"thumbnailUrl":"https:\/\/www.plongee-plaisir.com\/fr\/wp-content\/uploads\/2020\/11\/lamphi8-gris.gif","datePublished":"2020-11-08T16:22:10+00:00","dateModified":"2020-11-10T12:15:31+00:00","breadcrumb":{"@id":"https:\/\/www.plongee-plaisir.com\/fr\/panier\/#breadcrumb"},"inLanguage":"fr-FR","potentialAction":[{"@type":"ReadAction","target":["https:\/\/www.plongee-plaisir.com\/fr\/panier\/"]}]},{"@type":"ImageObject","inLanguage":"fr-FR","@id":"https:\/\/www.plongee-plaisir.com\/fr\/panier\/#primaryimage","url":"https:\/\/www.plongee-plaisir.com\/fr\/wp-content\/uploads\/2020\/11\/lamphi8-gris.gif","contentUrl":"https:\/\/www.plongee-plaisir.com\/fr\/wp-content\/uploads\/2020\/11\/lamphi8-gris.gif","width":427,"height":236},{"@type":"BreadcrumbList","@id":"https:\/\/www.plongee-plaisir.com\/fr\/panier\/#breadcrumb","itemListElement":[{"@type":"ListItem","position":1,"name":"Accueil","item":"https:\/\/www.plongee-plaisir.com\/fr\/"},{"@type":"ListItem","position":2,"name":"Panier"}]},{"@type":"WebSite","@id":"https:\/\/www.plongee-plaisir.com\/fr\/#website","url":"https:\/\/www.plongee-plaisir.com\/fr\/","name":"Plong\u00e9e Plaisir, site officiel","description":"Apprendre \u00e0 plonger - Learning to dive","potentialAction":[{"@type":"SearchAction","target":{"@type":"EntryPoint","urlTemplate":"https:\/\/www.plongee-plaisir.com\/fr\/?s={search_term_string}"},"query-input":{"@type":"PropertyValueSpecification","valueRequired":true,"valueName":"search_term_string"}}],"inLanguage":"fr-FR"}]}},"featured_image_src":null,"featured_image_src_square":null,"uagb_featured_image_src":{"full":false,"thumbnail":false,"medium":false,"medium_large":false,"large":false,"1536x1536":false,"2048x2048":false,"featured-content":false,"author-pro-image":false,"tb-timeline-landscape":false,"tb-timeline-square":false,"ultp_layout_landscape_large":false,"ultp_layout_landscape":false,"ultp_layout_portrait":false,"ultp_layout_square":false,"vp_sm":false,"vp_md":false,"vp_lg":false,"vp_xl":false,"vp_sm_popup":false,"vp_md_popup":false,"vp_xl_popup":false,"gb-block-post-grid-landscape":false,"gb-block-post-grid-square":false,"woocommerce_thumbnail":false,"woocommerce_single":false,"woocommerce_gallery_thumbnail":false,"sow-carousel-default":false},"uagb_author_info":{"display_name":"","author_link":"https:\/\/www.plongee-plaisir.com\/fr\/author\/"},"uagb_comment_info":0,"uagb_excerpt":null,"coauthors":[],"author_meta":{"author_link":"https:\/\/www.plongee-plaisir.com\/fr\/author\/","display_name":""},"relative_dates":{"created":"Publi\u00e9 5 ans il y a","modified":"Mis \u00e0 jour 5 ans il y a"},"absolute_dates":{"created":"Publi\u00e9 le 8 novembre 2020","modified":"Mise \u00e0 jour le 10 novembre 2020"},"absolute_dates_time":{"created":"Publi\u00e9 le 8 novembre 2020 17 h 22 min","modified":"Mise \u00e0 jour le 10 novembre 2020 13 h 15 min"},"featured_img_caption":"","featured_img":false,"series_order":"","amp_enabled":true,"_links":{"self":[{"href":"https:\/\/www.plongee-plaisir.com\/fr\/wp-json\/wp\/v2\/pages\/38475","targetHints":{"allow":["GET"]}}],"collection":[{"href":"https:\/\/www.plongee-plaisir.com\/fr\/wp-json\/wp\/v2\/pages"}],"about":[{"href":"https:\/\/www.plongee-plaisir.com\/fr\/wp-json\/wp\/v2\/types\/page"}],"author":[{"embeddable":true,"href":"https:\/\/www.plongee-plaisir.com\/fr\/wp-json\/wp\/v2\/users\/1"}],"replies":[{"embeddable":true,"href":"https:\/\/www.plongee-plaisir.com\/fr\/wp-json\/wp\/v2\/comments?post=38475"}],"version-history":[{"count":0,"href":"https:\/\/www.plongee-plaisir.com\/fr\/wp-json\/wp\/v2\/pages\/38475\/revisions"}],"wp:attachment":[{"href":"https:\/\/www.plongee-plaisir.com\/fr\/wp-json\/wp\/v2\/media?parent=38475"}],"curies":[{"name":"wp","href":"https:\/\/api.w.org\/{rel}","templated":true}]}}