{"id":4528,"date":"2017-01-01T14:41:53","date_gmt":"2017-01-01T13:41:53","guid":{"rendered":"https:\/\/www.plongee-plaisir.com\/fr\/?p=4528"},"modified":"2021-04-04T16:36:23","modified_gmt":"2021-04-04T14:36:23","slug":"3-minutes-justification","status":"publish","type":"page","link":"https:\/\/www.plongee-plaisir.com\/fr\/3-minutes-justification\/","title":{"rendered":"3 minutes : quelle justification ?"},"content":{"rendered":"\n<p class=\"has-vivid-red-color has-text-color wp-block-paragraph\"><a href=\"https:\/\/www.plongee-plaisir.com\/fr\/fiches-infos\/\">FICHES INFO<\/a> &gt; LA PHASE DE REMONT\u00c9E<\/p>\n\n\n\n<div class=\"wp-block-kadence-spacer aligncenter kt-block-spacer-_c2638d-86\"><div class=\"kt-block-spacer kt-block-spacer-halign-center\" style=\"height:6px\"><hr class=\"kt-divider\" style=\"border-top-color:rgba(207, 46, 46, 1);border-top-width:10px;width:100%;border-top-style:solid\"\/><\/div><\/div>\n\n\n\n<h1 class=\"wp-block-heading\">3 minutes : quelle justification ?<\/h1>\n\n\n<p><em>Le d\u00e9compte des 3 minutes d&rsquo;intervalle pour \u00ab\u00a0se rattraper\u00a0\u00bb en cas de proc\u00e9dure dangereuse (vitesse de remont\u00e9e rapide, interruption de paliers) est parfois justifi\u00e9 par des th\u00e9ories totalement fantaisistes telles que la vitesse de circulation du sang qui mettrait 3 minutes pour faire 3 r\u00e9volutions ou la dur\u00e9e de vie des cellules sans oxyg\u00e8ne qui serait limit\u00e9e \u00e0 3 minutes. Tout cela est bien \u00e9videmment faux. Ce \u00ab\u00a0d\u00e9lai de latence\u00a0\u00bb mis \u00e0 profit pour trouver une proc\u00e9dure de&nbsp;secours a \u00e9t\u00e9 propos\u00e9 pour la premi\u00e8re fois par A. Michaud et perdure depuis (du moins en France). Faisons le point sur cette proc\u00e9dure qui, dans tous les cas, n&rsquo;offre aucune s\u00e9curit\u00e9.<\/em><\/p>\n<h2>Justification<\/h2>\n<p>Le d\u00e9lai de 3 minutes pr\u00e9sent\u00e9 dans les proc\u00e9dures exceptionnelles ou anormales est une indication qui n\u2019offre aucune garantie. Il serait illusoire de penser qu\u2019en de\u00e7\u00e0 de 3 minutes le risque est nul et qu\u2019il appara\u00eet au-del\u00e0. On sait cependant (travaux de A. Michaud) qu\u2019\u00e0 partir de la constitution de bulles potentiellement pathog\u00e8nes, la premi\u00e8re phase dite \u00ab de constitution \u00bb est celle o\u00f9 tous les \u00e9l\u00e9ments menant \u00e0 l\u2019accident se constituent, mais sans qu\u2019aucun accident ne soit encore d\u00e9clar\u00e9. Lors de cette phase, le processus est g\u00e9n\u00e9ralement r\u00e9versible.<\/p>\n<p>C\u2019est ce d\u00e9lai de latence, estim\u00e9 \u00e0 environ 3minutes, qui est mis \u00e0 profit par les tables et ordinateurs pour proposer des proc\u00e9dures de secours. D\u00e9compte pour les 3 minutes Le d\u00e9compte des 3 minutes n\u2019est pas une v\u00e9rit\u00e9 math\u00e9matique mais une simple estimation. Il ne peut donc pas y avoir de formule pr\u00e9cise pour d\u00e9compter ce temps.<\/p>\n<blockquote>\n<p><strong>Pourquoi avoir choisi 3 minutes ?<\/strong> Parce que nous sommes en France et plus g\u00e9n\u00e9ralement, en Occident. On a l&rsquo;habitude de dire \u00ab\u00a0Laisse-moi 3 minutes\u00a0\u00bb, \u00ab\u00a0Je reviens dans 3 minutes\u00a0\u00bb, \u00ab\u00a0Les vents dominants durent 3, 6 ou 9 jours\u00a0\u00bb, \u00ab\u00a0Les baux de location sont sign\u00e9s pour des p\u00e9riodes de 3, 6, 9 ans\u00a0\u00bb etc. Si A. Michaud avait \u00e9t\u00e9 Chinois ou Arabe, peut-\u00eatre aurait-il parl\u00e9 de 2, 4 ou 5 minutes &#8230; D&rsquo;ailleurs, certains ordinateurs de plong\u00e9e n&rsquo;ont un d\u00e9lai de tol\u00e9rance que de 2 minutes.<\/p>\n<\/blockquote>\n<h2>Quelle convention pour ce d\u00e9compte des 3 minutes ?<\/h2>\n<p><strong>Dans la r\u00e9alit\u00e9, il faut agir le plus t\u00f4t possible.<\/strong><\/p>\n<p>Lors des examens, par commodit\u00e9 afin que tous les candidats aient le m\u00eame r\u00e9sultat, il suffit de d\u00e9finir une r\u00e8gle, par convention.<\/p>\n<p>R\u00e8gle utilis\u00e9e dans les livres Plong\u00e9e Plaisir : le d\u00e9lai de 3 minutes court depuis l\u2019erreur de proc\u00e9dure (remont\u00e9e rapide, interruption de palier) jusqu\u2019\u00e0 la mise en oeuvre du protocole de secours (arriv\u00e9e \u00e0 la demi-profondeur ou au palier).<\/p>\n<h2>Au-del\u00e0 de 3 minutes<\/h2>\n<p>Lorsque le d\u00e9lai de 3 minutes est d\u00e9pass\u00e9 sans avoir pu apporter de solution, et m\u00eame en l\u2019absence d\u2019accident de d\u00e9saturation, les plongeurs doivent sortir de l\u2019eau, avec d\u00e9clenchement de la proc\u00e9dure d\u2019urgence :<\/p>\n<ul>\n<li>appel des secours ;<\/li>\n<li>mise sous oxyg\u00e8ne ;<\/li>\n<li>r\u00e9hydratation ;<\/li>\n<li>etc.<\/li>\n<\/ul>\n\n\n<p class=\"wp-block-paragraph\">\u00a9&nbsp;Extrait des&nbsp;<a href=\"https:\/\/www.plongee-plaisir.com\/fr\/livres-plongee\/\">livres Plong\u00e9e Plaisir<\/a>&nbsp;par Alain Foret aux Editions GAP.<br>Toute reproduction interdite sur quelque support que ce soit sans accord \u00e9crit de l\u2019\u00e9diteur et de l\u2019auteur.<\/p>\n\n\n\n<div class=\"wp-block-image is-style-default\"><figure class=\"alignleft size-large is-resized\"><img decoding=\"async\" src=\"https:\/\/www.plongee-plaisir.com\/fr\/wp-content\/uploads\/2021\/02\/carre.jpg\" alt=\"\" class=\"wp-image-48240\" width=\"30\" height=\"30\" srcset=\"https:\/\/www.plongee-plaisir.com\/fr\/wp-content\/uploads\/2021\/02\/carre.jpg 102w, https:\/\/www.plongee-plaisir.com\/fr\/wp-content\/uploads\/2021\/02\/carre-100x100.jpg 100w\" sizes=\"(max-width: 30px) 100vw, 30px\" \/><\/figure><\/div>\n<style class=\"advgb-styles-renderer\">.wp-block-kadence-spacer.kt-block-spacer-_c2638d-86 .kt-block-spacer{height:6px;}.wp-block-kadence-spacer.kt-block-spacer-_c2638d-86 .kt-divider{border-top-width:10px;border-top-color:#cf2e2e;width:100%;border-top-style:solid;}<\/style>","protected":false},"excerpt":{"rendered":"<p>FICHES INFO &gt; LA PHASE DE REMONT\u00c9E 3 minutes : quelle justification ? Le d\u00e9compte des 3 minutes d&rsquo;intervalle pour \u00ab\u00a0se rattraper\u00a0\u00bb en cas de proc\u00e9dure dangereuse (vitesse de remont\u00e9e rapide, interruption de paliers) est parfois justifi\u00e9 par des th\u00e9ories totalement fantaisistes telles que la vitesse de circulation du sang qui mettrait 3 minutes pour [&hellip;]<\/p>\n","protected":false},"author":4,"featured_media":0,"parent":0,"menu_order":0,"comment_status":"open","ping_status":"open","template":"","meta":{"_crdt_document":"","_uag_custom_page_level_css":"","advgb_blocks_editor_width":"","advgb_blocks_columns_visual_guide":"","_genesis_hide_title":true,"_genesis_hide_breadcrumbs":false,"_genesis_hide_singular_image":false,"_genesis_hide_footer_widgets":false,"_genesis_custom_body_class":"","_genesis_custom_post_class":"","_genesis_layout":"content-sidebar","_vp_format_video_url":"","_vp_image_focal_point":[],"footnotes":""},"class_list":{"0":"post-4528","1":"page","2":"type-page","3":"status-publish","5":"entry"},"yoast_head":"<!-- This site is optimized with the Yoast SEO plugin v27.3 - https:\/\/yoast.com\/product\/yoast-seo-wordpress\/ -->\n<title>3 minutes : quelle justification ? - Plong\u00e9e Plaisir, site officiel<\/title>\n<meta name=\"robots\" content=\"index, follow, max-snippet:-1, max-image-preview:large, max-video-preview:-1\" \/>\n<link rel=\"canonical\" href=\"https:\/\/www.plongee-plaisir.com\/fr\/3-minutes-justification\/\" \/>\n<meta property=\"og:locale\" content=\"fr_FR\" \/>\n<meta property=\"og:type\" content=\"article\" \/>\n<meta property=\"og:title\" content=\"3 minutes : quelle justification ? - Plong\u00e9e Plaisir, site officiel\" \/>\n<meta property=\"og:description\" content=\"FICHES INFO &gt; LA PHASE DE REMONT\u00c9E 3 minutes : quelle justification ? Le d\u00e9compte des 3 minutes d&rsquo;intervalle pour \u00ab\u00a0se rattraper\u00a0\u00bb en cas de proc\u00e9dure dangereuse (vitesse de remont\u00e9e rapide, interruption de paliers) est parfois justifi\u00e9 par des th\u00e9ories totalement fantaisistes telles que la vitesse de circulation du sang qui mettrait 3 minutes pour [&hellip;]\" \/>\n<meta property=\"og:url\" content=\"https:\/\/www.plongee-plaisir.com\/fr\/3-minutes-justification\/\" \/>\n<meta property=\"og:site_name\" content=\"Plong\u00e9e Plaisir, site officiel\" \/>\n<meta property=\"article:modified_time\" content=\"2021-04-04T14:36:23+00:00\" \/>\n<meta property=\"og:image\" content=\"https:\/\/www.plongee-plaisir.com\/fr\/wp-content\/uploads\/2021\/02\/carre.jpg\" \/>\n<meta name=\"twitter:card\" content=\"summary_large_image\" \/>\n<meta name=\"twitter:label1\" content=\"Dur\u00e9e de lecture estim\u00e9e\" \/>\n\t<meta name=\"twitter:data1\" content=\"3 minutes\" \/>\n<script type=\"application\/ld+json\" class=\"yoast-schema-graph\">{\"@context\":\"https:\\\/\\\/schema.org\",\"@graph\":[{\"@type\":\"WebPage\",\"@id\":\"https:\\\/\\\/www.plongee-plaisir.com\\\/fr\\\/3-minutes-justification\\\/\",\"url\":\"https:\\\/\\\/www.plongee-plaisir.com\\\/fr\\\/3-minutes-justification\\\/\",\"name\":\"3 minutes : quelle justification ? - Plong\u00e9e Plaisir, site officiel\",\"isPartOf\":{\"@id\":\"https:\\\/\\\/www.plongee-plaisir.com\\\/fr\\\/#website\"},\"primaryImageOfPage\":{\"@id\":\"https:\\\/\\\/www.plongee-plaisir.com\\\/fr\\\/3-minutes-justification\\\/#primaryimage\"},\"image\":{\"@id\":\"https:\\\/\\\/www.plongee-plaisir.com\\\/fr\\\/3-minutes-justification\\\/#primaryimage\"},\"thumbnailUrl\":\"https:\\\/\\\/www.plongee-plaisir.com\\\/fr\\\/wp-content\\\/uploads\\\/2021\\\/02\\\/carre.jpg\",\"datePublished\":\"2017-01-01T13:41:53+00:00\",\"dateModified\":\"2021-04-04T14:36:23+00:00\",\"breadcrumb\":{\"@id\":\"https:\\\/\\\/www.plongee-plaisir.com\\\/fr\\\/3-minutes-justification\\\/#breadcrumb\"},\"inLanguage\":\"fr-FR\",\"potentialAction\":[{\"@type\":\"ReadAction\",\"target\":[\"https:\\\/\\\/www.plongee-plaisir.com\\\/fr\\\/3-minutes-justification\\\/\"]}]},{\"@type\":\"ImageObject\",\"inLanguage\":\"fr-FR\",\"@id\":\"https:\\\/\\\/www.plongee-plaisir.com\\\/fr\\\/3-minutes-justification\\\/#primaryimage\",\"url\":\"https:\\\/\\\/www.plongee-plaisir.com\\\/fr\\\/wp-content\\\/uploads\\\/2021\\\/02\\\/carre.jpg\",\"contentUrl\":\"https:\\\/\\\/www.plongee-plaisir.com\\\/fr\\\/wp-content\\\/uploads\\\/2021\\\/02\\\/carre.jpg\",\"width\":102,\"height\":102},{\"@type\":\"BreadcrumbList\",\"@id\":\"https:\\\/\\\/www.plongee-plaisir.com\\\/fr\\\/3-minutes-justification\\\/#breadcrumb\",\"itemListElement\":[{\"@type\":\"ListItem\",\"position\":1,\"name\":\"Accueil\",\"item\":\"https:\\\/\\\/www.plongee-plaisir.com\\\/fr\\\/\"},{\"@type\":\"ListItem\",\"position\":2,\"name\":\"3 minutes : quelle justification ?\"}]},{\"@type\":\"WebSite\",\"@id\":\"https:\\\/\\\/www.plongee-plaisir.com\\\/fr\\\/#website\",\"url\":\"https:\\\/\\\/www.plongee-plaisir.com\\\/fr\\\/\",\"name\":\"Plong\u00e9e Plaisir, site officiel\",\"description\":\"Apprendre \u00e0 plonger - Learning to dive\",\"potentialAction\":[{\"@type\":\"SearchAction\",\"target\":{\"@type\":\"EntryPoint\",\"urlTemplate\":\"https:\\\/\\\/www.plongee-plaisir.com\\\/fr\\\/?s={search_term_string}\"},\"query-input\":{\"@type\":\"PropertyValueSpecification\",\"valueRequired\":true,\"valueName\":\"search_term_string\"}}],\"inLanguage\":\"fr-FR\"}]}<\/script>\n<!-- \/ Yoast SEO plugin. -->","yoast_head_json":{"title":"3 minutes : quelle justification ? - Plong\u00e9e Plaisir, site officiel","robots":{"index":"index","follow":"follow","max-snippet":"max-snippet:-1","max-image-preview":"max-image-preview:large","max-video-preview":"max-video-preview:-1"},"canonical":"https:\/\/www.plongee-plaisir.com\/fr\/3-minutes-justification\/","og_locale":"fr_FR","og_type":"article","og_title":"3 minutes : quelle justification ? - Plong\u00e9e Plaisir, site officiel","og_description":"FICHES INFO &gt; LA PHASE DE REMONT\u00c9E 3 minutes : quelle justification ? Le d\u00e9compte des 3 minutes d&rsquo;intervalle pour \u00ab\u00a0se rattraper\u00a0\u00bb en cas de proc\u00e9dure dangereuse (vitesse de remont\u00e9e rapide, interruption de paliers) est parfois justifi\u00e9 par des th\u00e9ories totalement fantaisistes telles que la vitesse de circulation du sang qui mettrait 3 minutes pour [&hellip;]","og_url":"https:\/\/www.plongee-plaisir.com\/fr\/3-minutes-justification\/","og_site_name":"Plong\u00e9e Plaisir, site officiel","article_modified_time":"2021-04-04T14:36:23+00:00","og_image":[{"url":"https:\/\/www.plongee-plaisir.com\/fr\/wp-content\/uploads\/2021\/02\/carre.jpg","type":"","width":"","height":""}],"twitter_card":"summary_large_image","twitter_misc":{"Dur\u00e9e de lecture estim\u00e9e":"3 minutes"},"schema":{"@context":"https:\/\/schema.org","@graph":[{"@type":"WebPage","@id":"https:\/\/www.plongee-plaisir.com\/fr\/3-minutes-justification\/","url":"https:\/\/www.plongee-plaisir.com\/fr\/3-minutes-justification\/","name":"3 minutes : quelle justification ? - Plong\u00e9e Plaisir, site officiel","isPartOf":{"@id":"https:\/\/www.plongee-plaisir.com\/fr\/#website"},"primaryImageOfPage":{"@id":"https:\/\/www.plongee-plaisir.com\/fr\/3-minutes-justification\/#primaryimage"},"image":{"@id":"https:\/\/www.plongee-plaisir.com\/fr\/3-minutes-justification\/#primaryimage"},"thumbnailUrl":"https:\/\/www.plongee-plaisir.com\/fr\/wp-content\/uploads\/2021\/02\/carre.jpg","datePublished":"2017-01-01T13:41:53+00:00","dateModified":"2021-04-04T14:36:23+00:00","breadcrumb":{"@id":"https:\/\/www.plongee-plaisir.com\/fr\/3-minutes-justification\/#breadcrumb"},"inLanguage":"fr-FR","potentialAction":[{"@type":"ReadAction","target":["https:\/\/www.plongee-plaisir.com\/fr\/3-minutes-justification\/"]}]},{"@type":"ImageObject","inLanguage":"fr-FR","@id":"https:\/\/www.plongee-plaisir.com\/fr\/3-minutes-justification\/#primaryimage","url":"https:\/\/www.plongee-plaisir.com\/fr\/wp-content\/uploads\/2021\/02\/carre.jpg","contentUrl":"https:\/\/www.plongee-plaisir.com\/fr\/wp-content\/uploads\/2021\/02\/carre.jpg","width":102,"height":102},{"@type":"BreadcrumbList","@id":"https:\/\/www.plongee-plaisir.com\/fr\/3-minutes-justification\/#breadcrumb","itemListElement":[{"@type":"ListItem","position":1,"name":"Accueil","item":"https:\/\/www.plongee-plaisir.com\/fr\/"},{"@type":"ListItem","position":2,"name":"3 minutes : quelle justification ?"}]},{"@type":"WebSite","@id":"https:\/\/www.plongee-plaisir.com\/fr\/#website","url":"https:\/\/www.plongee-plaisir.com\/fr\/","name":"Plong\u00e9e Plaisir, site officiel","description":"Apprendre \u00e0 plonger - Learning to dive","potentialAction":[{"@type":"SearchAction","target":{"@type":"EntryPoint","urlTemplate":"https:\/\/www.plongee-plaisir.com\/fr\/?s={search_term_string}"},"query-input":{"@type":"PropertyValueSpecification","valueRequired":true,"valueName":"search_term_string"}}],"inLanguage":"fr-FR"}]}},"featured_image_src":null,"featured_image_src_square":null,"uagb_featured_image_src":{"full":false,"thumbnail":false,"medium":false,"medium_large":false,"large":false,"1536x1536":false,"2048x2048":false,"featured-content":false,"author-pro-image":false,"tb-timeline-landscape":false,"tb-timeline-square":false,"ultp_layout_landscape_large":false,"ultp_layout_landscape":false,"ultp_layout_portrait":false,"ultp_layout_square":false,"vp_sm":false,"vp_md":false,"vp_lg":false,"vp_xl":false,"vp_sm_popup":false,"vp_md_popup":false,"vp_xl_popup":false,"gb-block-post-grid-landscape":false,"gb-block-post-grid-square":false,"woocommerce_thumbnail":false,"woocommerce_single":false,"woocommerce_gallery_thumbnail":false,"web-stories-poster-portrait":false,"web-stories-publisher-logo":false,"web-stories-thumbnail":false,"sow-carousel-default":false},"uagb_author_info":{"display_name":"Alain Foret","author_link":"https:\/\/www.plongee-plaisir.com\/fr\/author\/plongeeplaisir\/"},"uagb_comment_info":0,"uagb_excerpt":"FICHES INFO &gt; LA PHASE DE REMONT\u00c9E 3 minutes : quelle justification ? Le d\u00e9compte des 3 minutes d&rsquo;intervalle pour \u00ab\u00a0se rattraper\u00a0\u00bb en cas de proc\u00e9dure dangereuse (vitesse de remont\u00e9e rapide, interruption de paliers) est parfois justifi\u00e9 par des th\u00e9ories totalement fantaisistes telles que la vitesse de circulation du sang qui mettrait 3 minutes pour\u2026","coauthors":[],"author_meta":{"author_link":"https:\/\/www.plongee-plaisir.com\/fr\/author\/plongeeplaisir\/","display_name":"Alain Foret"},"relative_dates":{"created":"Publi\u00e9 9 ans il y a","modified":"Mis \u00e0 jour 5 ans il y a"},"absolute_dates":{"created":"Publi\u00e9 le 1 janvier 2017","modified":"Mise \u00e0 jour le 4 avril 2021"},"absolute_dates_time":{"created":"Publi\u00e9 le 1 janvier 2017 14 h 41 min","modified":"Mise \u00e0 jour le 4 avril 2021 16 h 36 min"},"featured_img_caption":"","featured_img":false,"series_order":"","amp_enabled":true,"_links":{"self":[{"href":"https:\/\/www.plongee-plaisir.com\/fr\/wp-json\/wp\/v2\/pages\/4528","targetHints":{"allow":["GET"]}}],"collection":[{"href":"https:\/\/www.plongee-plaisir.com\/fr\/wp-json\/wp\/v2\/pages"}],"about":[{"href":"https:\/\/www.plongee-plaisir.com\/fr\/wp-json\/wp\/v2\/types\/page"}],"author":[{"embeddable":true,"href":"https:\/\/www.plongee-plaisir.com\/fr\/wp-json\/wp\/v2\/users\/4"}],"replies":[{"embeddable":true,"href":"https:\/\/www.plongee-plaisir.com\/fr\/wp-json\/wp\/v2\/comments?post=4528"}],"version-history":[{"count":0,"href":"https:\/\/www.plongee-plaisir.com\/fr\/wp-json\/wp\/v2\/pages\/4528\/revisions"}],"wp:attachment":[{"href":"https:\/\/www.plongee-plaisir.com\/fr\/wp-json\/wp\/v2\/media?parent=4528"}],"curies":[{"name":"wp","href":"https:\/\/api.w.org\/{rel}","templated":true}]}}