{"id":4677,"date":"2017-01-14T18:51:27","date_gmt":"2017-01-14T17:51:27","guid":{"rendered":"https:\/\/www.plongee-plaisir.com\/fr\/aucun-acces\/"},"modified":"2023-04-24T22:45:19","modified_gmt":"2023-04-24T20:45:19","slug":"aucun-acces","status":"publish","type":"page","link":"https:\/\/www.plongee-plaisir.com\/fr\/aucun-acces\/","title":{"rendered":"Aucun acc\u00e8s"},"content":{"rendered":"\n<p><img decoding=\"async\" class=\"wp-image-35071 aligncenter\" src=\"https:\/\/www.plongee-plaisir.com\/fr\/wp-content\/uploads\/2020\/06\/logo_plongee_plaisir_gris_trs.png\" alt=\"\" width=\"167\" height=\"109\" srcset=\"https:\/\/www.plongee-plaisir.com\/fr\/wp-content\/uploads\/2020\/06\/logo_plongee_plaisir_gris_trs.png 909w, https:\/\/www.plongee-plaisir.com\/fr\/wp-content\/uploads\/2020\/06\/logo_plongee_plaisir_gris_trs-300x196.png 300w, https:\/\/www.plongee-plaisir.com\/fr\/wp-content\/uploads\/2020\/06\/logo_plongee_plaisir_gris_trs-600x392.png 600w, https:\/\/www.plongee-plaisir.com\/fr\/wp-content\/uploads\/2020\/06\/logo_plongee_plaisir_gris_trs-768x502.png 768w\" sizes=\"(max-width: 167px) 100vw, 167px\" \/><\/p>\n<p>Nous vous remercions de l&rsquo;int\u00e9r\u00eat port\u00e9 \u00e0 <em>Plong\u00e9e Plaisir<\/em>.<\/p>\n<p>Pour avoir acc\u00e8s \u00e0 ces informations, donn\u00e9es ou supports p\u00e9dagogiques, vous devez \u00eates membre <em>Plong\u00e9e Plaisir<\/em> et donc vous \u00eatre inscrit(e) et identifi\u00e9(e).<\/p>\n<p>L&rsquo;inscription est gratuite.<\/p>\n<p><strong>Vous \u00eates d\u00e9j\u00e0 membre :<\/strong><\/p>\n<ul>\n<li>Identifiez-vous : <a href=\"https:\/\/www.plongee-plaisir.com\/fr\/member-login\/\">https:\/\/www.plongee-plaisir.com\/fr\/member-login\/<\/a><\/li>\n<li><span style=\"font-size: revert;\">Mot de passe oubli\u00e9 : <\/span><a href=\"https:\/\/www.plongee-plaisir.com\/fr\/password-reset\/\">https:\/\/www.plongee-plaisir.com\/fr\/password-reset\/<\/a><\/li>\n<\/ul>\n<p><strong>Vous souhaitez devenir membre :<\/strong><\/p>\n<ul>\n<li>Inscrivez-vous :\u00a0<a href=\"https:\/\/www.plongee-plaisir.com\/fr\/join-us\/registration\/\">https:\/\/www.plongee-plaisir.com\/fr\/join-us\/registration\/<\/a><\/li>\n<\/ul>\n<p>Bien cordialement,<\/p>\n<p><em>Plong\u00e9e Plaisir<\/em><\/p>\n","protected":false},"excerpt":{"rendered":"<p>Nous vous remercions de l&rsquo;int\u00e9r\u00eat port\u00e9 \u00e0 Plong\u00e9e Plaisir. Pour avoir acc\u00e8s \u00e0 ces informations, donn\u00e9es ou supports p\u00e9dagogiques, vous devez \u00eates membre Plong\u00e9e Plaisir et donc vous \u00eatre inscrit(e) et identifi\u00e9(e). L&rsquo;inscription est gratuite. Vous \u00eates d\u00e9j\u00e0 membre : Identifiez-vous : https:\/\/www.plongee-plaisir.com\/fr\/member-login\/ Mot de passe oubli\u00e9 : https:\/\/www.plongee-plaisir.com\/fr\/password-reset\/ Vous souhaitez devenir membre : Inscrivez-vous [&hellip;]<\/p>\n","protected":false},"author":4,"featured_media":0,"parent":0,"menu_order":0,"comment_status":"closed","ping_status":"closed","template":"","meta":{"_crdt_document":"","_uag_custom_page_level_css":"","advgb_blocks_editor_width":"","advgb_blocks_columns_visual_guide":"","_genesis_hide_title":false,"_genesis_hide_breadcrumbs":false,"_genesis_hide_singular_image":false,"_genesis_hide_footer_widgets":false,"_genesis_custom_body_class":"","_genesis_custom_post_class":"","_genesis_layout":"","_vp_format_video_url":"","_vp_image_focal_point":[],"footnotes":""},"class_list":{"0":"post-4677","1":"page","2":"type-page","3":"status-publish","5":"entry"},"yoast_head":"<!-- This site is optimized with the Yoast SEO plugin v27.5 - https:\/\/yoast.com\/product\/yoast-seo-wordpress\/ -->\n<title>Aucun acc\u00e8s - Plong\u00e9e Plaisir, site officiel<\/title>\n<meta name=\"robots\" content=\"index, follow, max-snippet:-1, max-image-preview:large, max-video-preview:-1\" \/>\n<link rel=\"canonical\" href=\"https:\/\/www.plongee-plaisir.com\/fr\/aucun-acces\/\" \/>\n<meta property=\"og:locale\" content=\"fr_FR\" \/>\n<meta property=\"og:type\" content=\"article\" \/>\n<meta property=\"og:title\" content=\"Aucun acc\u00e8s - Plong\u00e9e Plaisir, site officiel\" \/>\n<meta property=\"og:description\" content=\"Nous vous remercions de l&rsquo;int\u00e9r\u00eat port\u00e9 \u00e0 Plong\u00e9e Plaisir. Pour avoir acc\u00e8s \u00e0 ces informations, donn\u00e9es ou supports p\u00e9dagogiques, vous devez \u00eates membre Plong\u00e9e Plaisir et donc vous \u00eatre inscrit(e) et identifi\u00e9(e). L&rsquo;inscription est gratuite. Vous \u00eates d\u00e9j\u00e0 membre : Identifiez-vous : https:\/\/www.plongee-plaisir.com\/fr\/member-login\/ Mot de passe oubli\u00e9 : https:\/\/www.plongee-plaisir.com\/fr\/password-reset\/ Vous souhaitez devenir membre : Inscrivez-vous [&hellip;]\" \/>\n<meta property=\"og:url\" content=\"https:\/\/www.plongee-plaisir.com\/fr\/aucun-acces\/\" \/>\n<meta property=\"og:site_name\" content=\"Plong\u00e9e Plaisir, site officiel\" \/>\n<meta property=\"article:modified_time\" content=\"2023-04-24T20:45:19+00:00\" \/>\n<meta property=\"og:image\" content=\"https:\/\/www.plongee-plaisir.com\/fr\/wp-content\/uploads\/2020\/06\/logo_plongee_plaisir_gris_trs.png\" \/>\n<meta name=\"twitter:card\" content=\"summary_large_image\" \/>\n<meta name=\"twitter:label1\" content=\"Dur\u00e9e de lecture estim\u00e9e\" \/>\n\t<meta name=\"twitter:data1\" content=\"1 minute\" \/>\n<script type=\"application\/ld+json\" class=\"yoast-schema-graph\">{\"@context\":\"https:\\\/\\\/schema.org\",\"@graph\":[{\"@type\":\"WebPage\",\"@id\":\"https:\\\/\\\/www.plongee-plaisir.com\\\/fr\\\/aucun-acces\\\/\",\"url\":\"https:\\\/\\\/www.plongee-plaisir.com\\\/fr\\\/aucun-acces\\\/\",\"name\":\"Aucun acc\u00e8s - Plong\u00e9e Plaisir, site officiel\",\"isPartOf\":{\"@id\":\"https:\\\/\\\/www.plongee-plaisir.com\\\/fr\\\/#website\"},\"primaryImageOfPage\":{\"@id\":\"https:\\\/\\\/www.plongee-plaisir.com\\\/fr\\\/aucun-acces\\\/#primaryimage\"},\"image\":{\"@id\":\"https:\\\/\\\/www.plongee-plaisir.com\\\/fr\\\/aucun-acces\\\/#primaryimage\"},\"thumbnailUrl\":\"https:\\\/\\\/www.plongee-plaisir.com\\\/fr\\\/wp-content\\\/uploads\\\/2020\\\/06\\\/logo_plongee_plaisir_gris_trs.png\",\"datePublished\":\"2017-01-14T17:51:27+00:00\",\"dateModified\":\"2023-04-24T20:45:19+00:00\",\"breadcrumb\":{\"@id\":\"https:\\\/\\\/www.plongee-plaisir.com\\\/fr\\\/aucun-acces\\\/#breadcrumb\"},\"inLanguage\":\"fr-FR\",\"potentialAction\":[{\"@type\":\"ReadAction\",\"target\":[\"https:\\\/\\\/www.plongee-plaisir.com\\\/fr\\\/aucun-acces\\\/\"]}]},{\"@type\":\"ImageObject\",\"inLanguage\":\"fr-FR\",\"@id\":\"https:\\\/\\\/www.plongee-plaisir.com\\\/fr\\\/aucun-acces\\\/#primaryimage\",\"url\":\"https:\\\/\\\/www.plongee-plaisir.com\\\/fr\\\/wp-content\\\/uploads\\\/2020\\\/06\\\/logo_plongee_plaisir_gris_trs.png\",\"contentUrl\":\"https:\\\/\\\/www.plongee-plaisir.com\\\/fr\\\/wp-content\\\/uploads\\\/2020\\\/06\\\/logo_plongee_plaisir_gris_trs.png\",\"width\":909,\"height\":594},{\"@type\":\"BreadcrumbList\",\"@id\":\"https:\\\/\\\/www.plongee-plaisir.com\\\/fr\\\/aucun-acces\\\/#breadcrumb\",\"itemListElement\":[{\"@type\":\"ListItem\",\"position\":1,\"name\":\"Accueil\",\"item\":\"https:\\\/\\\/www.plongee-plaisir.com\\\/fr\\\/\"},{\"@type\":\"ListItem\",\"position\":2,\"name\":\"Aucun acc\u00e8s\"}]},{\"@type\":\"WebSite\",\"@id\":\"https:\\\/\\\/www.plongee-plaisir.com\\\/fr\\\/#website\",\"url\":\"https:\\\/\\\/www.plongee-plaisir.com\\\/fr\\\/\",\"name\":\"Plong\u00e9e Plaisir, site officiel\",\"description\":\"Apprendre \u00e0 plonger - Learning to dive\",\"potentialAction\":[{\"@type\":\"SearchAction\",\"target\":{\"@type\":\"EntryPoint\",\"urlTemplate\":\"https:\\\/\\\/www.plongee-plaisir.com\\\/fr\\\/?s={search_term_string}\"},\"query-input\":{\"@type\":\"PropertyValueSpecification\",\"valueRequired\":true,\"valueName\":\"search_term_string\"}}],\"inLanguage\":\"fr-FR\"}]}<\/script>\n<!-- \/ Yoast SEO plugin. -->","yoast_head_json":{"title":"Aucun acc\u00e8s - Plong\u00e9e Plaisir, site officiel","robots":{"index":"index","follow":"follow","max-snippet":"max-snippet:-1","max-image-preview":"max-image-preview:large","max-video-preview":"max-video-preview:-1"},"canonical":"https:\/\/www.plongee-plaisir.com\/fr\/aucun-acces\/","og_locale":"fr_FR","og_type":"article","og_title":"Aucun acc\u00e8s - Plong\u00e9e Plaisir, site officiel","og_description":"Nous vous remercions de l&rsquo;int\u00e9r\u00eat port\u00e9 \u00e0 Plong\u00e9e Plaisir. Pour avoir acc\u00e8s \u00e0 ces informations, donn\u00e9es ou supports p\u00e9dagogiques, vous devez \u00eates membre Plong\u00e9e Plaisir et donc vous \u00eatre inscrit(e) et identifi\u00e9(e). L&rsquo;inscription est gratuite. Vous \u00eates d\u00e9j\u00e0 membre : Identifiez-vous : https:\/\/www.plongee-plaisir.com\/fr\/member-login\/ Mot de passe oubli\u00e9 : https:\/\/www.plongee-plaisir.com\/fr\/password-reset\/ Vous souhaitez devenir membre : Inscrivez-vous [&hellip;]","og_url":"https:\/\/www.plongee-plaisir.com\/fr\/aucun-acces\/","og_site_name":"Plong\u00e9e Plaisir, site officiel","article_modified_time":"2023-04-24T20:45:19+00:00","og_image":[{"url":"https:\/\/www.plongee-plaisir.com\/fr\/wp-content\/uploads\/2020\/06\/logo_plongee_plaisir_gris_trs.png","type":"","width":"","height":""}],"twitter_card":"summary_large_image","twitter_misc":{"Dur\u00e9e de lecture estim\u00e9e":"1 minute"},"schema":{"@context":"https:\/\/schema.org","@graph":[{"@type":"WebPage","@id":"https:\/\/www.plongee-plaisir.com\/fr\/aucun-acces\/","url":"https:\/\/www.plongee-plaisir.com\/fr\/aucun-acces\/","name":"Aucun acc\u00e8s - Plong\u00e9e Plaisir, site officiel","isPartOf":{"@id":"https:\/\/www.plongee-plaisir.com\/fr\/#website"},"primaryImageOfPage":{"@id":"https:\/\/www.plongee-plaisir.com\/fr\/aucun-acces\/#primaryimage"},"image":{"@id":"https:\/\/www.plongee-plaisir.com\/fr\/aucun-acces\/#primaryimage"},"thumbnailUrl":"https:\/\/www.plongee-plaisir.com\/fr\/wp-content\/uploads\/2020\/06\/logo_plongee_plaisir_gris_trs.png","datePublished":"2017-01-14T17:51:27+00:00","dateModified":"2023-04-24T20:45:19+00:00","breadcrumb":{"@id":"https:\/\/www.plongee-plaisir.com\/fr\/aucun-acces\/#breadcrumb"},"inLanguage":"fr-FR","potentialAction":[{"@type":"ReadAction","target":["https:\/\/www.plongee-plaisir.com\/fr\/aucun-acces\/"]}]},{"@type":"ImageObject","inLanguage":"fr-FR","@id":"https:\/\/www.plongee-plaisir.com\/fr\/aucun-acces\/#primaryimage","url":"https:\/\/www.plongee-plaisir.com\/fr\/wp-content\/uploads\/2020\/06\/logo_plongee_plaisir_gris_trs.png","contentUrl":"https:\/\/www.plongee-plaisir.com\/fr\/wp-content\/uploads\/2020\/06\/logo_plongee_plaisir_gris_trs.png","width":909,"height":594},{"@type":"BreadcrumbList","@id":"https:\/\/www.plongee-plaisir.com\/fr\/aucun-acces\/#breadcrumb","itemListElement":[{"@type":"ListItem","position":1,"name":"Accueil","item":"https:\/\/www.plongee-plaisir.com\/fr\/"},{"@type":"ListItem","position":2,"name":"Aucun acc\u00e8s"}]},{"@type":"WebSite","@id":"https:\/\/www.plongee-plaisir.com\/fr\/#website","url":"https:\/\/www.plongee-plaisir.com\/fr\/","name":"Plong\u00e9e Plaisir, site officiel","description":"Apprendre \u00e0 plonger - Learning to dive","potentialAction":[{"@type":"SearchAction","target":{"@type":"EntryPoint","urlTemplate":"https:\/\/www.plongee-plaisir.com\/fr\/?s={search_term_string}"},"query-input":{"@type":"PropertyValueSpecification","valueRequired":true,"valueName":"search_term_string"}}],"inLanguage":"fr-FR"}]}},"featured_image_src":null,"featured_image_src_square":null,"uagb_featured_image_src":{"full":false,"thumbnail":false,"medium":false,"medium_large":false,"large":false,"1536x1536":false,"2048x2048":false,"featured-content":false,"author-pro-image":false,"tb-timeline-landscape":false,"tb-timeline-square":false,"ultp_layout_landscape_large":false,"ultp_layout_landscape":false,"ultp_layout_portrait":false,"ultp_layout_square":false,"vp_sm":false,"vp_md":false,"vp_lg":false,"vp_xl":false,"vp_sm_popup":false,"vp_md_popup":false,"vp_xl_popup":false,"gb-block-post-grid-landscape":false,"gb-block-post-grid-square":false,"woocommerce_thumbnail":false,"woocommerce_single":false,"woocommerce_gallery_thumbnail":false,"sow-carousel-default":false},"uagb_author_info":{"display_name":"Alain Foret","author_link":"https:\/\/www.plongee-plaisir.com\/fr\/author\/plongeeplaisir\/"},"uagb_comment_info":0,"uagb_excerpt":"Nous vous remercions de l&rsquo;int\u00e9r\u00eat port\u00e9 \u00e0 Plong\u00e9e Plaisir. Pour avoir acc\u00e8s \u00e0 ces informations, donn\u00e9es ou supports p\u00e9dagogiques, vous devez \u00eates membre Plong\u00e9e Plaisir et donc vous \u00eatre inscrit(e) et identifi\u00e9(e). L&rsquo;inscription est gratuite. Vous \u00eates d\u00e9j\u00e0 membre : Identifiez-vous : https:\/\/www.plongee-plaisir.com\/fr\/member-login\/ Mot de passe oubli\u00e9 : https:\/\/www.plongee-plaisir.com\/fr\/password-reset\/ Vous souhaitez devenir membre : Inscrivez-vous\u2026","coauthors":[],"author_meta":{"author_link":"https:\/\/www.plongee-plaisir.com\/fr\/author\/plongeeplaisir\/","display_name":"Alain Foret"},"relative_dates":{"created":"Publi\u00e9 9 ans il y a","modified":"Mis \u00e0 jour 3 ans il y a"},"absolute_dates":{"created":"Publi\u00e9 le 14 janvier 2017","modified":"Mise \u00e0 jour le 24 avril 2023"},"absolute_dates_time":{"created":"Publi\u00e9 le 14 janvier 2017 18 h 51 min","modified":"Mise \u00e0 jour le 24 avril 2023 22 h 45 min"},"featured_img_caption":"","featured_img":false,"series_order":"","amp_enabled":true,"_links":{"self":[{"href":"https:\/\/www.plongee-plaisir.com\/fr\/wp-json\/wp\/v2\/pages\/4677","targetHints":{"allow":["GET"]}}],"collection":[{"href":"https:\/\/www.plongee-plaisir.com\/fr\/wp-json\/wp\/v2\/pages"}],"about":[{"href":"https:\/\/www.plongee-plaisir.com\/fr\/wp-json\/wp\/v2\/types\/page"}],"author":[{"embeddable":true,"href":"https:\/\/www.plongee-plaisir.com\/fr\/wp-json\/wp\/v2\/users\/4"}],"replies":[{"embeddable":true,"href":"https:\/\/www.plongee-plaisir.com\/fr\/wp-json\/wp\/v2\/comments?post=4677"}],"version-history":[{"count":0,"href":"https:\/\/www.plongee-plaisir.com\/fr\/wp-json\/wp\/v2\/pages\/4677\/revisions"}],"wp:attachment":[{"href":"https:\/\/www.plongee-plaisir.com\/fr\/wp-json\/wp\/v2\/media?parent=4677"}],"curies":[{"name":"wp","href":"https:\/\/api.w.org\/{rel}","templated":true}]}}