{"id":48817,"date":"2021-03-02T13:58:07","date_gmt":"2021-03-02T12:58:07","guid":{"rendered":"https:\/\/www.plongee-plaisir.com\/fr\/?p=48817"},"modified":"2021-04-04T19:41:33","modified_gmt":"2021-04-04T17:41:33","slug":"plongees-au-recycleur","status":"publish","type":"page","link":"https:\/\/www.plongee-plaisir.com\/fr\/plongees-au-recycleur\/","title":{"rendered":"Plong\u00e9es au recycleur"},"content":{"rendered":"\n<p class=\"has-text-color has-normal-font-size wp-block-paragraph\" style=\"color:#2676c9\"><a href=\"https:\/\/www.plongee-plaisir.com\/fr\/fiches-infos\/\">FICHES INFO<\/a> &gt; DIRIGER, ENCADRER<\/p>\n\n\n\n<div class=\"wp-block-kadence-spacer aligncenter kt-block-spacer-_72b3a8-64\"><div class=\"kt-block-spacer kt-block-spacer-halign-center\" style=\"height:17px\"><hr class=\"kt-divider\" style=\"border-top-color:rgba(38, 118, 201, 1);border-top-width:10px;width:100%;border-top-style:solid\"\/><\/div><\/div>\n\n\n\n<h1 class=\"wp-block-heading\">Plong\u00e9es au recycleur<\/h1>\n\n\n\n<p class=\"wp-block-paragraph\">Ces plong\u00e9es sont r\u00e9glement\u00e9es par l&rsquo;article <a href=\"https:\/\/www.legifrance.gouv.fr\/loda\/article_lc\/LEGIARTI000025393813\/2021-02-07\" target=\"_blank\" rel=\"noreferrer noopener\">A322-94<\/a> du code du Sport, ainsi que par les articles concernant les plong\u00e9es aux m\u00e9langes autres que l&rsquo;air (nitrox, trimix, h\u00e9liox).<\/p>\n\n\n\n<div class=\"wp-block-image is-style-default\"><figure class=\"alignleft size-large\"><img decoding=\"async\" width=\"1024\" height=\"683\" src=\"https:\/\/www.plongee-plaisir.com\/fr\/wp-content\/uploads\/2021\/03\/recycleur.jpg\" alt=\"\" class=\"wp-image-48823\" srcset=\"https:\/\/www.plongee-plaisir.com\/fr\/wp-content\/uploads\/2021\/03\/recycleur.jpg 1024w, https:\/\/www.plongee-plaisir.com\/fr\/wp-content\/uploads\/2021\/03\/recycleur-300x200.jpg 300w, https:\/\/www.plongee-plaisir.com\/fr\/wp-content\/uploads\/2021\/03\/recycleur-600x400.jpg 600w, https:\/\/www.plongee-plaisir.com\/fr\/wp-content\/uploads\/2021\/03\/recycleur-768x512.jpg 768w\" sizes=\"(max-width: 1024px) 100vw, 1024px\" \/><figcaption>Photo (c) Alain Foret<\/figcaption><\/figure><\/div>\n\n\n\n<p class=\"wp-block-paragraph\">Lorsque la plong\u00e9e est r\u00e9alis\u00e9e avec des recycleurs, ceux-ci font l&rsquo;objet d&rsquo;une certification selon les normes en vigueur.&nbsp;[Marquage CE]<\/p>\n\n\n\n<p class=\"wp-block-paragraph\">Apr\u00e8s avoir suivi une formation qualifiante, adapt\u00e9e au recycleur consid\u00e9r\u00e9, de la F\u00e9d\u00e9ration fran\u00e7aise d&rsquo;\u00e9tudes et de sports sous-marins, de la F\u00e9d\u00e9ration sportive et gymnique du travail, de l&rsquo;Union nationale des centres sportifs de plein air, de l&rsquo;Association nationale des moniteurs de plong\u00e9e ou du Syndicat national des moniteurs de plong\u00e9e ou reconnue par le fabricant du recycleur, l&rsquo;utilisateur d&rsquo;un recycleur peut acc\u00e9der aux pr\u00e9rogatives d\u00e9finies par la pr\u00e9sente section s&rsquo;il justifie des aptitudes correspondant \u00e0 l&rsquo;<strong>espace d&rsquo;\u00e9volution<\/strong> et aux <strong>m\u00e9langes gazeux utilis\u00e9s<\/strong>.&nbsp;<\/p>\n\n\n\n<p class=\"wp-block-paragraph\">Lors d&rsquo;une plong\u00e9e avec un recycleur organis\u00e9e au-del\u00e0 de 6 m\u00e8tres, les plongeurs doivent avoir acc\u00e8s \u00e0 un syst\u00e8me respiratoire de secours en circuit ouvert d\u00e9livrant un ou plusieurs m\u00e9langes respirables autorisant le retour en surface.&nbsp;<\/p>\n\n\n\n<p class=\"wp-block-paragraph\">En milieu naturel, lorsque la personne encadrant la palanqu\u00e9e utilise un recycleur, le syst\u00e8me respiratoire de secours doit \u00eatre ind\u00e9pendant du recycleur.<\/p>\n\n\n\n<div style=\"height:20px\" aria-hidden=\"true\" class=\"wp-block-spacer\"><\/div>\n\n\n\n<p class=\"wp-block-paragraph\">\u00a9&nbsp;Extrait des&nbsp;<a href=\"https:\/\/www.plongee-plaisir.com\/fr\/livres-plongee\/\">livres Plong\u00e9e Plaisir<\/a>&nbsp;par Alain Foret aux Editions GAP.<br>Toute reproduction interdite sur quelque support que ce soit sans accord \u00e9crit de l\u2019\u00e9diteur et de l\u2019auteur.<\/p>\n\n\n\n<div class=\"wp-block-image is-style-default\"><figure class=\"alignleft size-large is-resized\"><img decoding=\"async\" src=\"https:\/\/www.plongee-plaisir.com\/fr\/wp-content\/uploads\/2021\/02\/carre.jpg\" alt=\"\" class=\"wp-image-48240\" width=\"30\" srcset=\"https:\/\/www.plongee-plaisir.com\/fr\/wp-content\/uploads\/2021\/02\/carre.jpg 102w, https:\/\/www.plongee-plaisir.com\/fr\/wp-content\/uploads\/2021\/02\/carre-100x100.jpg 100w\" sizes=\"(max-width: 102px) 100vw, 102px\" \/><\/figure><\/div>\n\n\n\n<p class=\"wp-block-paragraph\"><\/p>\n<style class=\"advgb-styles-renderer\">.wp-block-kadence-spacer.kt-block-spacer-_72b3a8-64 .kt-block-spacer{height:17px;}.wp-block-kadence-spacer.kt-block-spacer-_72b3a8-64 .kt-divider{border-top-width:10px;border-top-color:#2676c9;width:100%;border-top-style:solid;}<\/style>","protected":false},"excerpt":{"rendered":"<p>FICHES INFO &gt; DIRIGER, ENCADRER Plong\u00e9es au recycleur Ces plong\u00e9es sont r\u00e9glement\u00e9es par l&rsquo;article A322-94 du code du Sport, ainsi que par les articles concernant les plong\u00e9es aux m\u00e9langes autres que l&rsquo;air (nitrox, trimix, h\u00e9liox). Lorsque la plong\u00e9e est r\u00e9alis\u00e9e avec des recycleurs, ceux-ci font l&rsquo;objet d&rsquo;une certification selon les normes en vigueur.&nbsp;[Marquage CE] Apr\u00e8s [&hellip;]<\/p>\n","protected":false},"author":4,"featured_media":0,"parent":0,"menu_order":0,"comment_status":"open","ping_status":"open","template":"","meta":{"_crdt_document":"","_uag_custom_page_level_css":"","advgb_blocks_editor_width":"","advgb_blocks_columns_visual_guide":"","_genesis_hide_title":true,"_genesis_hide_breadcrumbs":false,"_genesis_hide_singular_image":false,"_genesis_hide_footer_widgets":false,"_genesis_custom_body_class":"","_genesis_custom_post_class":"","_genesis_layout":"content-sidebar","_vp_format_video_url":"","_vp_image_focal_point":[],"footnotes":""},"class_list":{"0":"post-48817","1":"page","2":"type-page","3":"status-publish","5":"entry"},"yoast_head":"<!-- This site is optimized with the Yoast SEO plugin v27.4 - https:\/\/yoast.com\/product\/yoast-seo-wordpress\/ -->\n<title>Plong\u00e9es au recycleur - Plong\u00e9e Plaisir, site officiel<\/title>\n<meta name=\"robots\" content=\"index, follow, max-snippet:-1, max-image-preview:large, max-video-preview:-1\" \/>\n<link rel=\"canonical\" href=\"https:\/\/www.plongee-plaisir.com\/fr\/plongees-au-recycleur\/\" \/>\n<meta property=\"og:locale\" content=\"fr_FR\" \/>\n<meta property=\"og:type\" content=\"article\" \/>\n<meta property=\"og:title\" content=\"Plong\u00e9es au recycleur - Plong\u00e9e Plaisir, site officiel\" \/>\n<meta property=\"og:description\" content=\"FICHES INFO &gt; DIRIGER, ENCADRER Plong\u00e9es au recycleur Ces plong\u00e9es sont r\u00e9glement\u00e9es par l&rsquo;article A322-94 du code du Sport, ainsi que par les articles concernant les plong\u00e9es aux m\u00e9langes autres que l&rsquo;air (nitrox, trimix, h\u00e9liox). Lorsque la plong\u00e9e est r\u00e9alis\u00e9e avec des recycleurs, ceux-ci font l&rsquo;objet d&rsquo;une certification selon les normes en vigueur.&nbsp;[Marquage CE] Apr\u00e8s [&hellip;]\" \/>\n<meta property=\"og:url\" content=\"https:\/\/www.plongee-plaisir.com\/fr\/plongees-au-recycleur\/\" \/>\n<meta property=\"og:site_name\" content=\"Plong\u00e9e Plaisir, site officiel\" \/>\n<meta property=\"article:modified_time\" content=\"2021-04-04T17:41:33+00:00\" \/>\n<meta property=\"og:image\" content=\"https:\/\/www.plongee-plaisir.com\/fr\/wp-content\/uploads\/2021\/03\/recycleur.jpg\" \/>\n<meta name=\"twitter:card\" content=\"summary_large_image\" \/>\n<meta name=\"twitter:label1\" content=\"Dur\u00e9e de lecture estim\u00e9e\" \/>\n\t<meta name=\"twitter:data1\" content=\"2 minutes\" \/>\n<script type=\"application\/ld+json\" class=\"yoast-schema-graph\">{\"@context\":\"https:\\\/\\\/schema.org\",\"@graph\":[{\"@type\":\"WebPage\",\"@id\":\"https:\\\/\\\/www.plongee-plaisir.com\\\/fr\\\/plongees-au-recycleur\\\/\",\"url\":\"https:\\\/\\\/www.plongee-plaisir.com\\\/fr\\\/plongees-au-recycleur\\\/\",\"name\":\"Plong\u00e9es au recycleur - Plong\u00e9e Plaisir, site officiel\",\"isPartOf\":{\"@id\":\"https:\\\/\\\/www.plongee-plaisir.com\\\/fr\\\/#website\"},\"primaryImageOfPage\":{\"@id\":\"https:\\\/\\\/www.plongee-plaisir.com\\\/fr\\\/plongees-au-recycleur\\\/#primaryimage\"},\"image\":{\"@id\":\"https:\\\/\\\/www.plongee-plaisir.com\\\/fr\\\/plongees-au-recycleur\\\/#primaryimage\"},\"thumbnailUrl\":\"https:\\\/\\\/www.plongee-plaisir.com\\\/fr\\\/wp-content\\\/uploads\\\/2021\\\/03\\\/recycleur.jpg\",\"datePublished\":\"2021-03-02T12:58:07+00:00\",\"dateModified\":\"2021-04-04T17:41:33+00:00\",\"breadcrumb\":{\"@id\":\"https:\\\/\\\/www.plongee-plaisir.com\\\/fr\\\/plongees-au-recycleur\\\/#breadcrumb\"},\"inLanguage\":\"fr-FR\",\"potentialAction\":[{\"@type\":\"ReadAction\",\"target\":[\"https:\\\/\\\/www.plongee-plaisir.com\\\/fr\\\/plongees-au-recycleur\\\/\"]}]},{\"@type\":\"ImageObject\",\"inLanguage\":\"fr-FR\",\"@id\":\"https:\\\/\\\/www.plongee-plaisir.com\\\/fr\\\/plongees-au-recycleur\\\/#primaryimage\",\"url\":\"https:\\\/\\\/www.plongee-plaisir.com\\\/fr\\\/wp-content\\\/uploads\\\/2021\\\/03\\\/recycleur.jpg\",\"contentUrl\":\"https:\\\/\\\/www.plongee-plaisir.com\\\/fr\\\/wp-content\\\/uploads\\\/2021\\\/03\\\/recycleur.jpg\",\"width\":1024,\"height\":683},{\"@type\":\"BreadcrumbList\",\"@id\":\"https:\\\/\\\/www.plongee-plaisir.com\\\/fr\\\/plongees-au-recycleur\\\/#breadcrumb\",\"itemListElement\":[{\"@type\":\"ListItem\",\"position\":1,\"name\":\"Accueil\",\"item\":\"https:\\\/\\\/www.plongee-plaisir.com\\\/fr\\\/\"},{\"@type\":\"ListItem\",\"position\":2,\"name\":\"Plong\u00e9es au recycleur\"}]},{\"@type\":\"WebSite\",\"@id\":\"https:\\\/\\\/www.plongee-plaisir.com\\\/fr\\\/#website\",\"url\":\"https:\\\/\\\/www.plongee-plaisir.com\\\/fr\\\/\",\"name\":\"Plong\u00e9e Plaisir, site officiel\",\"description\":\"Apprendre \u00e0 plonger - Learning to dive\",\"potentialAction\":[{\"@type\":\"SearchAction\",\"target\":{\"@type\":\"EntryPoint\",\"urlTemplate\":\"https:\\\/\\\/www.plongee-plaisir.com\\\/fr\\\/?s={search_term_string}\"},\"query-input\":{\"@type\":\"PropertyValueSpecification\",\"valueRequired\":true,\"valueName\":\"search_term_string\"}}],\"inLanguage\":\"fr-FR\"}]}<\/script>\n<!-- \/ Yoast SEO plugin. -->","yoast_head_json":{"title":"Plong\u00e9es au recycleur - Plong\u00e9e Plaisir, site officiel","robots":{"index":"index","follow":"follow","max-snippet":"max-snippet:-1","max-image-preview":"max-image-preview:large","max-video-preview":"max-video-preview:-1"},"canonical":"https:\/\/www.plongee-plaisir.com\/fr\/plongees-au-recycleur\/","og_locale":"fr_FR","og_type":"article","og_title":"Plong\u00e9es au recycleur - Plong\u00e9e Plaisir, site officiel","og_description":"FICHES INFO &gt; DIRIGER, ENCADRER Plong\u00e9es au recycleur Ces plong\u00e9es sont r\u00e9glement\u00e9es par l&rsquo;article A322-94 du code du Sport, ainsi que par les articles concernant les plong\u00e9es aux m\u00e9langes autres que l&rsquo;air (nitrox, trimix, h\u00e9liox). Lorsque la plong\u00e9e est r\u00e9alis\u00e9e avec des recycleurs, ceux-ci font l&rsquo;objet d&rsquo;une certification selon les normes en vigueur.&nbsp;[Marquage CE] Apr\u00e8s [&hellip;]","og_url":"https:\/\/www.plongee-plaisir.com\/fr\/plongees-au-recycleur\/","og_site_name":"Plong\u00e9e Plaisir, site officiel","article_modified_time":"2021-04-04T17:41:33+00:00","og_image":[{"url":"https:\/\/www.plongee-plaisir.com\/fr\/wp-content\/uploads\/2021\/03\/recycleur.jpg","type":"","width":"","height":""}],"twitter_card":"summary_large_image","twitter_misc":{"Dur\u00e9e de lecture estim\u00e9e":"2 minutes"},"schema":{"@context":"https:\/\/schema.org","@graph":[{"@type":"WebPage","@id":"https:\/\/www.plongee-plaisir.com\/fr\/plongees-au-recycleur\/","url":"https:\/\/www.plongee-plaisir.com\/fr\/plongees-au-recycleur\/","name":"Plong\u00e9es au recycleur - Plong\u00e9e Plaisir, site officiel","isPartOf":{"@id":"https:\/\/www.plongee-plaisir.com\/fr\/#website"},"primaryImageOfPage":{"@id":"https:\/\/www.plongee-plaisir.com\/fr\/plongees-au-recycleur\/#primaryimage"},"image":{"@id":"https:\/\/www.plongee-plaisir.com\/fr\/plongees-au-recycleur\/#primaryimage"},"thumbnailUrl":"https:\/\/www.plongee-plaisir.com\/fr\/wp-content\/uploads\/2021\/03\/recycleur.jpg","datePublished":"2021-03-02T12:58:07+00:00","dateModified":"2021-04-04T17:41:33+00:00","breadcrumb":{"@id":"https:\/\/www.plongee-plaisir.com\/fr\/plongees-au-recycleur\/#breadcrumb"},"inLanguage":"fr-FR","potentialAction":[{"@type":"ReadAction","target":["https:\/\/www.plongee-plaisir.com\/fr\/plongees-au-recycleur\/"]}]},{"@type":"ImageObject","inLanguage":"fr-FR","@id":"https:\/\/www.plongee-plaisir.com\/fr\/plongees-au-recycleur\/#primaryimage","url":"https:\/\/www.plongee-plaisir.com\/fr\/wp-content\/uploads\/2021\/03\/recycleur.jpg","contentUrl":"https:\/\/www.plongee-plaisir.com\/fr\/wp-content\/uploads\/2021\/03\/recycleur.jpg","width":1024,"height":683},{"@type":"BreadcrumbList","@id":"https:\/\/www.plongee-plaisir.com\/fr\/plongees-au-recycleur\/#breadcrumb","itemListElement":[{"@type":"ListItem","position":1,"name":"Accueil","item":"https:\/\/www.plongee-plaisir.com\/fr\/"},{"@type":"ListItem","position":2,"name":"Plong\u00e9es au recycleur"}]},{"@type":"WebSite","@id":"https:\/\/www.plongee-plaisir.com\/fr\/#website","url":"https:\/\/www.plongee-plaisir.com\/fr\/","name":"Plong\u00e9e Plaisir, site officiel","description":"Apprendre \u00e0 plonger - Learning to dive","potentialAction":[{"@type":"SearchAction","target":{"@type":"EntryPoint","urlTemplate":"https:\/\/www.plongee-plaisir.com\/fr\/?s={search_term_string}"},"query-input":{"@type":"PropertyValueSpecification","valueRequired":true,"valueName":"search_term_string"}}],"inLanguage":"fr-FR"}]}},"featured_image_src":null,"featured_image_src_square":null,"uagb_featured_image_src":{"full":false,"thumbnail":false,"medium":false,"medium_large":false,"large":false,"1536x1536":false,"2048x2048":false,"featured-content":false,"author-pro-image":false,"tb-timeline-landscape":false,"tb-timeline-square":false,"ultp_layout_landscape_large":false,"ultp_layout_landscape":false,"ultp_layout_portrait":false,"ultp_layout_square":false,"vp_sm":false,"vp_md":false,"vp_lg":false,"vp_xl":false,"vp_sm_popup":false,"vp_md_popup":false,"vp_xl_popup":false,"gb-block-post-grid-landscape":false,"gb-block-post-grid-square":false,"woocommerce_thumbnail":false,"woocommerce_single":false,"woocommerce_gallery_thumbnail":false,"web-stories-poster-portrait":false,"web-stories-publisher-logo":false,"web-stories-thumbnail":false,"sow-carousel-default":false},"uagb_author_info":{"display_name":"Alain Foret","author_link":"https:\/\/www.plongee-plaisir.com\/fr\/author\/plongeeplaisir\/"},"uagb_comment_info":0,"uagb_excerpt":"FICHES INFO &gt; DIRIGER, ENCADRER Plong\u00e9es au recycleur Ces plong\u00e9es sont r\u00e9glement\u00e9es par l&rsquo;article A322-94 du code du Sport, ainsi que par les articles concernant les plong\u00e9es aux m\u00e9langes autres que l&rsquo;air (nitrox, trimix, h\u00e9liox). Lorsque la plong\u00e9e est r\u00e9alis\u00e9e avec des recycleurs, ceux-ci font l&rsquo;objet d&rsquo;une certification selon les normes en vigueur.&nbsp;[Marquage CE] Apr\u00e8s\u2026","coauthors":[],"author_meta":{"author_link":"https:\/\/www.plongee-plaisir.com\/fr\/author\/plongeeplaisir\/","display_name":"Alain Foret"},"relative_dates":{"created":"Publi\u00e9 5 ans il y a","modified":"Mis \u00e0 jour 5 ans il y a"},"absolute_dates":{"created":"Publi\u00e9 le 2 mars 2021","modified":"Mise \u00e0 jour le 4 avril 2021"},"absolute_dates_time":{"created":"Publi\u00e9 le 2 mars 2021 13 h 58 min","modified":"Mise \u00e0 jour le 4 avril 2021 19 h 41 min"},"featured_img_caption":"","featured_img":false,"series_order":"","amp_enabled":true,"_links":{"self":[{"href":"https:\/\/www.plongee-plaisir.com\/fr\/wp-json\/wp\/v2\/pages\/48817","targetHints":{"allow":["GET"]}}],"collection":[{"href":"https:\/\/www.plongee-plaisir.com\/fr\/wp-json\/wp\/v2\/pages"}],"about":[{"href":"https:\/\/www.plongee-plaisir.com\/fr\/wp-json\/wp\/v2\/types\/page"}],"author":[{"embeddable":true,"href":"https:\/\/www.plongee-plaisir.com\/fr\/wp-json\/wp\/v2\/users\/4"}],"replies":[{"embeddable":true,"href":"https:\/\/www.plongee-plaisir.com\/fr\/wp-json\/wp\/v2\/comments?post=48817"}],"version-history":[{"count":0,"href":"https:\/\/www.plongee-plaisir.com\/fr\/wp-json\/wp\/v2\/pages\/48817\/revisions"}],"wp:attachment":[{"href":"https:\/\/www.plongee-plaisir.com\/fr\/wp-json\/wp\/v2\/media?parent=48817"}],"curies":[{"name":"wp","href":"https:\/\/api.w.org\/{rel}","templated":true}]}}