{"id":49148,"date":"2021-03-11T21:54:15","date_gmt":"2021-03-11T20:54:15","guid":{"rendered":"https:\/\/www.plongee-plaisir.com\/fr\/?p=49148"},"modified":"2021-04-04T16:15:08","modified_gmt":"2021-04-04T14:15:08","slug":"ordinateurs-de-plongee-capacites-et-limites","status":"publish","type":"page","link":"https:\/\/www.plongee-plaisir.com\/fr\/ordinateurs-de-plongee-capacites-et-limites\/","title":{"rendered":"Ordinateurs de plong\u00e9e : capacit\u00e9s et limites"},"content":{"rendered":"\n<p class=\"has-luminous-vivid-orange-color has-text-color wp-block-paragraph\"><a href=\"https:\/\/www.plongee-plaisir.com\/fr\/fiches-infos\/\">FICHES INFO<\/a> &gt; VOUS PERFECTIONNER<\/p>\n\n\n\n<div class=\"wp-block-kadence-spacer aligncenter kt-block-spacer-_c2638d-86\"><div class=\"kt-block-spacer kt-block-spacer-halign-center\" style=\"height:6px\"><hr class=\"kt-divider\" style=\"border-top-color:rgba(255, 105, 0, 1);border-top-width:10px;width:100%;border-top-style:solid\"\/><\/div><\/div>\n\n\n\n<h1 class=\"wp-block-heading\">Ordinateurs de plong\u00e9e : capacit\u00e9s et limites<\/h1>\n\n\n\n<p class=\"wp-block-paragraph\">Les ordinateurs de plong\u00e9e sont utilis\u00e9s par tous les plongeurs de loisir.<\/p>\n\n\n\n<p class=\"wp-block-paragraph\">De nombreux plongeurs font totalement confiance aux indications de ce qui n\u2019est pourtant qu\u2019un instrument d\u2019aide \u00e0 la d\u00e9saturation.<\/p>\n\n\n\n<p class=\"wp-block-paragraph\">Et si la plong\u00e9e est aujourd\u2019hui s\u00e9curis\u00e9e, les accidents de d\u00e9saturation qui persistent surviennent malgr\u00e9 le respect des consignes des ordinateurs dans 70% \u00e0 90% des cas. Cela signifie que les ordinateurs de plong\u00e9e font beaucoup de choses mais pas tout.<\/p>\n\n\n\n<p class=\"wp-block-paragraph\">Au-del\u00e0 des discours marketing et des opinions, comprendre leurs capacit\u00e9s et leurs limites permet de s\u00e9curiser au mieux ses plong\u00e9es.<\/p>\n\n\n\n<p class=\"wp-block-paragraph\">La vid\u00e9o ci-dessous traite ce sujet.<\/p>\n\n\n\n<div class=\"wp-block-advgb-video advgb-video-block full-width advgb-video-lightbox\" data-video=\"https:\/\/player.vimeo.com\/video\/498469946\" data-source=\"vimeo\" data-video-attr=\"controls,playsinline\" data-video-preload=\"metadata\"><div class=\"advgb-video-wrapper full-width\" style=\"background-color:#EEEEEE\"><div class=\"advgb-video-poster\" style=\"background-image:url(https:\/\/www.plongee-plaisir.com\/fr\/wp-content\/uploads\/2021\/03\/couv_ordi_test-scaled.jpg)\"><\/div><div class=\"advgb-button-wrapper\" style=\"height:449px\"><div class=\"advgb-play-button\" style=\"color:#000000\"><svg xmlns=\"http:\/\/www.w3.org\/2000\/svg\" width=\"100\" height=\"100\" viewbox=\"0 0 24 24\"><path d=\"M0 0h24v24H0z\" fill=\"none\"><\/path><path d=\"M10 16.5l6-4.5-6-4.5v9zM12 2C6.48 2 2 6.48 2 12s4.48 10 10 10 10-4.48 10-10S17.52 2 12 2zm0 18c-4.41 0-8-3.59-8-8s3.59-8 8-8 8 3.59 8 8-3.59 8-8 8z\"><\/path><\/svg><\/div><\/div><\/div><\/div>\n\n\n\n<div style=\"height:29px\" aria-hidden=\"true\" class=\"wp-block-spacer\"><\/div>\n\n\n\n<p class=\"wp-block-paragraph\">Le contenu de cette vid\u00e9o a \u00e9t\u00e9 cr\u00e9\u00e9 \u00e0 partir du livre <a href=\"https:\/\/www.plongee-plaisir.com\/fr\/book\/plongee-niveau-4\/\">Plong\u00e9e Plaisir 4<\/a> et du <a href=\"https:\/\/www.plongee-plaisir.com\/fr\/book\/memento-plongee-ordinateurs\/\">M\u00e9mento Plong\u00e9e Plaisir sur les ordinateurs de plong\u00e9e<\/a>.<\/p>\n\n\n\n<p class=\"wp-block-paragraph\">\u00a9 Extrait des&nbsp;<a href=\"https:\/\/www.plongee-plaisir.com\/fr\/livres-plongee\/\">livres Plong\u00e9e Plaisir<\/a>&nbsp;par Alain Foret aux Editions GAP.<br>Toute reproduction interdite sur quelque support que ce soit sans accord \u00e9crit de l\u2019\u00e9diteur et de l\u2019auteur.<\/p>\n\n\n\n<div class=\"wp-block-image is-style-default\"><figure class=\"alignleft size-large is-resized\"><img decoding=\"async\" src=\"https:\/\/www.plongee-plaisir.com\/fr\/wp-content\/uploads\/2021\/02\/carre.jpg\" alt=\"\" class=\"wp-image-48240\" width=\"30\" srcset=\"https:\/\/www.plongee-plaisir.com\/fr\/wp-content\/uploads\/2021\/02\/carre.jpg 102w, https:\/\/www.plongee-plaisir.com\/fr\/wp-content\/uploads\/2021\/02\/carre-100x100.jpg 100w\" sizes=\"(max-width: 102px) 100vw, 102px\" \/><\/figure><\/div>\n\n\n\n<p class=\"wp-block-paragraph\"><\/p>\n<style class=\"advgb-styles-renderer\">.wp-block-kadence-spacer.kt-block-spacer-_c2638d-86 .kt-block-spacer{height:6px;}.wp-block-kadence-spacer.kt-block-spacer-_c2638d-86 .kt-divider{border-top-width:10px;border-top-color:#ff6900;width:100%;border-top-style:solid;}<\/style>","protected":false},"excerpt":{"rendered":"<p>FICHES INFO &gt; VOUS PERFECTIONNER Ordinateurs de plong\u00e9e : capacit\u00e9s et limites Les ordinateurs de plong\u00e9e sont utilis\u00e9s par tous les plongeurs de loisir. De nombreux plongeurs font totalement confiance aux indications de ce qui n\u2019est pourtant qu\u2019un instrument d\u2019aide \u00e0 la d\u00e9saturation. Et si la plong\u00e9e est aujourd\u2019hui s\u00e9curis\u00e9e, les accidents de d\u00e9saturation qui [&hellip;]<\/p>\n","protected":false},"author":4,"featured_media":0,"parent":0,"menu_order":0,"comment_status":"open","ping_status":"open","template":"","meta":{"_crdt_document":"","_uag_custom_page_level_css":"","advgb_blocks_editor_width":"","advgb_blocks_columns_visual_guide":"","_genesis_hide_title":true,"_genesis_hide_breadcrumbs":false,"_genesis_hide_singular_image":false,"_genesis_hide_footer_widgets":false,"_genesis_custom_body_class":"","_genesis_custom_post_class":"","_genesis_layout":"content-sidebar","_vp_format_video_url":"","_vp_image_focal_point":[],"footnotes":""},"class_list":{"0":"post-49148","1":"page","2":"type-page","3":"status-publish","5":"entry"},"yoast_head":"<!-- This site is optimized with the Yoast SEO plugin v27.5 - https:\/\/yoast.com\/product\/yoast-seo-wordpress\/ -->\n<title>Ordinateurs de plong\u00e9e : capacit\u00e9s et limites - Plong\u00e9e Plaisir, site officiel<\/title>\n<meta name=\"robots\" content=\"index, follow, max-snippet:-1, max-image-preview:large, max-video-preview:-1\" \/>\n<link rel=\"canonical\" href=\"https:\/\/www.plongee-plaisir.com\/fr\/ordinateurs-de-plongee-capacites-et-limites\/\" \/>\n<meta property=\"og:locale\" content=\"fr_FR\" \/>\n<meta property=\"og:type\" content=\"article\" \/>\n<meta property=\"og:title\" content=\"Ordinateurs de plong\u00e9e : capacit\u00e9s et limites - Plong\u00e9e Plaisir, site officiel\" \/>\n<meta property=\"og:description\" content=\"FICHES INFO &gt; VOUS PERFECTIONNER Ordinateurs de plong\u00e9e : capacit\u00e9s et limites Les ordinateurs de plong\u00e9e sont utilis\u00e9s par tous les plongeurs de loisir. De nombreux plongeurs font totalement confiance aux indications de ce qui n\u2019est pourtant qu\u2019un instrument d\u2019aide \u00e0 la d\u00e9saturation. Et si la plong\u00e9e est aujourd\u2019hui s\u00e9curis\u00e9e, les accidents de d\u00e9saturation qui [&hellip;]\" \/>\n<meta property=\"og:url\" content=\"https:\/\/www.plongee-plaisir.com\/fr\/ordinateurs-de-plongee-capacites-et-limites\/\" \/>\n<meta property=\"og:site_name\" content=\"Plong\u00e9e Plaisir, site officiel\" \/>\n<meta property=\"article:modified_time\" content=\"2021-04-04T14:15:08+00:00\" \/>\n<meta property=\"og:image\" content=\"https:\/\/www.plongee-plaisir.com\/fr\/wp-content\/uploads\/2021\/02\/carre.jpg\" \/>\n<meta name=\"twitter:card\" content=\"summary_large_image\" \/>\n<meta name=\"twitter:label1\" content=\"Dur\u00e9e de lecture estim\u00e9e\" \/>\n\t<meta name=\"twitter:data1\" content=\"1 minute\" \/>\n<script type=\"application\/ld+json\" class=\"yoast-schema-graph\">{\"@context\":\"https:\\\/\\\/schema.org\",\"@graph\":[{\"@type\":\"WebPage\",\"@id\":\"https:\\\/\\\/www.plongee-plaisir.com\\\/fr\\\/ordinateurs-de-plongee-capacites-et-limites\\\/\",\"url\":\"https:\\\/\\\/www.plongee-plaisir.com\\\/fr\\\/ordinateurs-de-plongee-capacites-et-limites\\\/\",\"name\":\"Ordinateurs de plong\u00e9e : capacit\u00e9s et limites - Plong\u00e9e Plaisir, site officiel\",\"isPartOf\":{\"@id\":\"https:\\\/\\\/www.plongee-plaisir.com\\\/fr\\\/#website\"},\"primaryImageOfPage\":{\"@id\":\"https:\\\/\\\/www.plongee-plaisir.com\\\/fr\\\/ordinateurs-de-plongee-capacites-et-limites\\\/#primaryimage\"},\"image\":{\"@id\":\"https:\\\/\\\/www.plongee-plaisir.com\\\/fr\\\/ordinateurs-de-plongee-capacites-et-limites\\\/#primaryimage\"},\"thumbnailUrl\":\"https:\\\/\\\/www.plongee-plaisir.com\\\/fr\\\/wp-content\\\/uploads\\\/2021\\\/02\\\/carre.jpg\",\"datePublished\":\"2021-03-11T20:54:15+00:00\",\"dateModified\":\"2021-04-04T14:15:08+00:00\",\"breadcrumb\":{\"@id\":\"https:\\\/\\\/www.plongee-plaisir.com\\\/fr\\\/ordinateurs-de-plongee-capacites-et-limites\\\/#breadcrumb\"},\"inLanguage\":\"fr-FR\",\"potentialAction\":[{\"@type\":\"ReadAction\",\"target\":[\"https:\\\/\\\/www.plongee-plaisir.com\\\/fr\\\/ordinateurs-de-plongee-capacites-et-limites\\\/\"]}]},{\"@type\":\"ImageObject\",\"inLanguage\":\"fr-FR\",\"@id\":\"https:\\\/\\\/www.plongee-plaisir.com\\\/fr\\\/ordinateurs-de-plongee-capacites-et-limites\\\/#primaryimage\",\"url\":\"https:\\\/\\\/www.plongee-plaisir.com\\\/fr\\\/wp-content\\\/uploads\\\/2021\\\/02\\\/carre.jpg\",\"contentUrl\":\"https:\\\/\\\/www.plongee-plaisir.com\\\/fr\\\/wp-content\\\/uploads\\\/2021\\\/02\\\/carre.jpg\",\"width\":102,\"height\":102},{\"@type\":\"BreadcrumbList\",\"@id\":\"https:\\\/\\\/www.plongee-plaisir.com\\\/fr\\\/ordinateurs-de-plongee-capacites-et-limites\\\/#breadcrumb\",\"itemListElement\":[{\"@type\":\"ListItem\",\"position\":1,\"name\":\"Accueil\",\"item\":\"https:\\\/\\\/www.plongee-plaisir.com\\\/fr\\\/\"},{\"@type\":\"ListItem\",\"position\":2,\"name\":\"Ordinateurs de plong\u00e9e : capacit\u00e9s et limites\"}]},{\"@type\":\"WebSite\",\"@id\":\"https:\\\/\\\/www.plongee-plaisir.com\\\/fr\\\/#website\",\"url\":\"https:\\\/\\\/www.plongee-plaisir.com\\\/fr\\\/\",\"name\":\"Plong\u00e9e Plaisir, site officiel\",\"description\":\"Apprendre \u00e0 plonger - Learning to dive\",\"potentialAction\":[{\"@type\":\"SearchAction\",\"target\":{\"@type\":\"EntryPoint\",\"urlTemplate\":\"https:\\\/\\\/www.plongee-plaisir.com\\\/fr\\\/?s={search_term_string}\"},\"query-input\":{\"@type\":\"PropertyValueSpecification\",\"valueRequired\":true,\"valueName\":\"search_term_string\"}}],\"inLanguage\":\"fr-FR\"}]}<\/script>\n<!-- \/ Yoast SEO plugin. -->","yoast_head_json":{"title":"Ordinateurs de plong\u00e9e : capacit\u00e9s et limites - Plong\u00e9e Plaisir, site officiel","robots":{"index":"index","follow":"follow","max-snippet":"max-snippet:-1","max-image-preview":"max-image-preview:large","max-video-preview":"max-video-preview:-1"},"canonical":"https:\/\/www.plongee-plaisir.com\/fr\/ordinateurs-de-plongee-capacites-et-limites\/","og_locale":"fr_FR","og_type":"article","og_title":"Ordinateurs de plong\u00e9e : capacit\u00e9s et limites - Plong\u00e9e Plaisir, site officiel","og_description":"FICHES INFO &gt; VOUS PERFECTIONNER Ordinateurs de plong\u00e9e : capacit\u00e9s et limites Les ordinateurs de plong\u00e9e sont utilis\u00e9s par tous les plongeurs de loisir. De nombreux plongeurs font totalement confiance aux indications de ce qui n\u2019est pourtant qu\u2019un instrument d\u2019aide \u00e0 la d\u00e9saturation. Et si la plong\u00e9e est aujourd\u2019hui s\u00e9curis\u00e9e, les accidents de d\u00e9saturation qui [&hellip;]","og_url":"https:\/\/www.plongee-plaisir.com\/fr\/ordinateurs-de-plongee-capacites-et-limites\/","og_site_name":"Plong\u00e9e Plaisir, site officiel","article_modified_time":"2021-04-04T14:15:08+00:00","og_image":[{"url":"https:\/\/www.plongee-plaisir.com\/fr\/wp-content\/uploads\/2021\/02\/carre.jpg","type":"","width":"","height":""}],"twitter_card":"summary_large_image","twitter_misc":{"Dur\u00e9e de lecture estim\u00e9e":"1 minute"},"schema":{"@context":"https:\/\/schema.org","@graph":[{"@type":"WebPage","@id":"https:\/\/www.plongee-plaisir.com\/fr\/ordinateurs-de-plongee-capacites-et-limites\/","url":"https:\/\/www.plongee-plaisir.com\/fr\/ordinateurs-de-plongee-capacites-et-limites\/","name":"Ordinateurs de plong\u00e9e : capacit\u00e9s et limites - Plong\u00e9e Plaisir, site officiel","isPartOf":{"@id":"https:\/\/www.plongee-plaisir.com\/fr\/#website"},"primaryImageOfPage":{"@id":"https:\/\/www.plongee-plaisir.com\/fr\/ordinateurs-de-plongee-capacites-et-limites\/#primaryimage"},"image":{"@id":"https:\/\/www.plongee-plaisir.com\/fr\/ordinateurs-de-plongee-capacites-et-limites\/#primaryimage"},"thumbnailUrl":"https:\/\/www.plongee-plaisir.com\/fr\/wp-content\/uploads\/2021\/02\/carre.jpg","datePublished":"2021-03-11T20:54:15+00:00","dateModified":"2021-04-04T14:15:08+00:00","breadcrumb":{"@id":"https:\/\/www.plongee-plaisir.com\/fr\/ordinateurs-de-plongee-capacites-et-limites\/#breadcrumb"},"inLanguage":"fr-FR","potentialAction":[{"@type":"ReadAction","target":["https:\/\/www.plongee-plaisir.com\/fr\/ordinateurs-de-plongee-capacites-et-limites\/"]}]},{"@type":"ImageObject","inLanguage":"fr-FR","@id":"https:\/\/www.plongee-plaisir.com\/fr\/ordinateurs-de-plongee-capacites-et-limites\/#primaryimage","url":"https:\/\/www.plongee-plaisir.com\/fr\/wp-content\/uploads\/2021\/02\/carre.jpg","contentUrl":"https:\/\/www.plongee-plaisir.com\/fr\/wp-content\/uploads\/2021\/02\/carre.jpg","width":102,"height":102},{"@type":"BreadcrumbList","@id":"https:\/\/www.plongee-plaisir.com\/fr\/ordinateurs-de-plongee-capacites-et-limites\/#breadcrumb","itemListElement":[{"@type":"ListItem","position":1,"name":"Accueil","item":"https:\/\/www.plongee-plaisir.com\/fr\/"},{"@type":"ListItem","position":2,"name":"Ordinateurs de plong\u00e9e : capacit\u00e9s et limites"}]},{"@type":"WebSite","@id":"https:\/\/www.plongee-plaisir.com\/fr\/#website","url":"https:\/\/www.plongee-plaisir.com\/fr\/","name":"Plong\u00e9e Plaisir, site officiel","description":"Apprendre \u00e0 plonger - Learning to dive","potentialAction":[{"@type":"SearchAction","target":{"@type":"EntryPoint","urlTemplate":"https:\/\/www.plongee-plaisir.com\/fr\/?s={search_term_string}"},"query-input":{"@type":"PropertyValueSpecification","valueRequired":true,"valueName":"search_term_string"}}],"inLanguage":"fr-FR"}]}},"featured_image_src":null,"featured_image_src_square":null,"uagb_featured_image_src":{"full":false,"thumbnail":false,"medium":false,"medium_large":false,"large":false,"1536x1536":false,"2048x2048":false,"featured-content":false,"author-pro-image":false,"tb-timeline-landscape":false,"tb-timeline-square":false,"ultp_layout_landscape_large":false,"ultp_layout_landscape":false,"ultp_layout_portrait":false,"ultp_layout_square":false,"vp_sm":false,"vp_md":false,"vp_lg":false,"vp_xl":false,"vp_sm_popup":false,"vp_md_popup":false,"vp_xl_popup":false,"gb-block-post-grid-landscape":false,"gb-block-post-grid-square":false,"woocommerce_thumbnail":false,"woocommerce_single":false,"woocommerce_gallery_thumbnail":false,"sow-carousel-default":false},"uagb_author_info":{"display_name":"Alain Foret","author_link":"https:\/\/www.plongee-plaisir.com\/fr\/author\/plongeeplaisir\/"},"uagb_comment_info":0,"uagb_excerpt":"FICHES INFO &gt; VOUS PERFECTIONNER Ordinateurs de plong\u00e9e : capacit\u00e9s et limites Les ordinateurs de plong\u00e9e sont utilis\u00e9s par tous les plongeurs de loisir. De nombreux plongeurs font totalement confiance aux indications de ce qui n\u2019est pourtant qu\u2019un instrument d\u2019aide \u00e0 la d\u00e9saturation. Et si la plong\u00e9e est aujourd\u2019hui s\u00e9curis\u00e9e, les accidents de d\u00e9saturation qui\u2026","coauthors":[],"author_meta":{"author_link":"https:\/\/www.plongee-plaisir.com\/fr\/author\/plongeeplaisir\/","display_name":"Alain Foret"},"relative_dates":{"created":"Publi\u00e9 5 ans il y a","modified":"Mis \u00e0 jour 5 ans il y a"},"absolute_dates":{"created":"Publi\u00e9 le 11 mars 2021","modified":"Mise \u00e0 jour le 4 avril 2021"},"absolute_dates_time":{"created":"Publi\u00e9 le 11 mars 2021 21 h 54 min","modified":"Mise \u00e0 jour le 4 avril 2021 16 h 15 min"},"featured_img_caption":"","featured_img":false,"series_order":"","amp_enabled":true,"_links":{"self":[{"href":"https:\/\/www.plongee-plaisir.com\/fr\/wp-json\/wp\/v2\/pages\/49148","targetHints":{"allow":["GET"]}}],"collection":[{"href":"https:\/\/www.plongee-plaisir.com\/fr\/wp-json\/wp\/v2\/pages"}],"about":[{"href":"https:\/\/www.plongee-plaisir.com\/fr\/wp-json\/wp\/v2\/types\/page"}],"author":[{"embeddable":true,"href":"https:\/\/www.plongee-plaisir.com\/fr\/wp-json\/wp\/v2\/users\/4"}],"replies":[{"embeddable":true,"href":"https:\/\/www.plongee-plaisir.com\/fr\/wp-json\/wp\/v2\/comments?post=49148"}],"version-history":[{"count":0,"href":"https:\/\/www.plongee-plaisir.com\/fr\/wp-json\/wp\/v2\/pages\/49148\/revisions"}],"wp:attachment":[{"href":"https:\/\/www.plongee-plaisir.com\/fr\/wp-json\/wp\/v2\/media?parent=49148"}],"curies":[{"name":"wp","href":"https:\/\/api.w.org\/{rel}","templated":true}]}}