{"id":49911,"date":"2021-03-23T18:24:46","date_gmt":"2021-03-23T17:24:46","guid":{"rendered":"https:\/\/www.plongee-plaisir.com\/fr\/?page_id=49911"},"modified":"2021-04-04T16:42:51","modified_gmt":"2021-04-04T14:42:51","slug":"la-notion-de-paliers","status":"publish","type":"page","link":"https:\/\/www.plongee-plaisir.com\/fr\/la-notion-de-paliers\/","title":{"rendered":"La notion de paliers"},"content":{"rendered":"\n<p class=\"has-text-color has-normal-font-size wp-block-paragraph\" style=\"color:#249a06\"><a href=\"https:\/\/www.plongee-plaisir.com\/fr\/fiches-infos\/\">FICHES INFO<\/a> &gt; LES PALIERS<\/p>\n\n\n\n<div class=\"wp-block-kadence-spacer aligncenter kt-block-spacer-_72b3a8-64\"><div class=\"kt-block-spacer kt-block-spacer-halign-center\" style=\"height:17px\"><hr class=\"kt-divider\" style=\"border-top-color:rgba(36, 154, 6, 1);border-top-width:10px;width:100%;border-top-style:solid\"\/><\/div><\/div>\n\n\n\n<h1 class=\"wp-block-heading\">La notion de paliers<\/h1>\n\n\n\n<figure class=\"wp-block-image size-large is-style-default\"><img decoding=\"async\" width=\"1024\" height=\"576\" src=\"https:\/\/www.plongee-plaisir.com\/fr\/wp-content\/uploads\/2021\/03\/palier-01-edited.jpg\" alt=\"\" class=\"wp-image-50122\" srcset=\"https:\/\/www.plongee-plaisir.com\/fr\/wp-content\/uploads\/2021\/03\/palier-01-edited.jpg 1024w, https:\/\/www.plongee-plaisir.com\/fr\/wp-content\/uploads\/2021\/03\/palier-01-edited-300x169.jpg 300w, https:\/\/www.plongee-plaisir.com\/fr\/wp-content\/uploads\/2021\/03\/palier-01-edited-600x338.jpg 600w, https:\/\/www.plongee-plaisir.com\/fr\/wp-content\/uploads\/2021\/03\/palier-01-edited-768x432.jpg 768w\" sizes=\"(max-width: 1024px) 100vw, 1024px\" \/><\/figure>\n\n\n\n<h2 class=\"wp-block-heading\" id=\"definition-05684435-fa70-4c24-a92f-247fb1dee3d5\">D\u00e9finition<\/h2>\n\n\n\n<p class=\"wp-block-paragraph\">Un palier est un arr\u00eat en fin de plong\u00e9e \u00e0 une certaine profondeur (3 m\u00e8tres ou 10 pieds par exemple) pendant un temps donn\u00e9, apr\u00e8s une remont\u00e9e \u00e0 une <a href=\"https:\/\/www.plongee-plaisir.com\/fr\/vitesse-de-remontee\/\">vitesse pr\u00e9conis\u00e9e<\/a>, g\u00e9n\u00e9ralement s&rsquo;\u00e9loignant peu de 10 m\/min (9 \u00e0 12 m\/min).<\/p>\n\n\n\n<h2 class=\"wp-block-heading\" id=\"justification-12166870-5b2e-4672-92d6-2a8e08ac3e94\">Justification<\/h2>\n\n\n\n<p class=\"wp-block-paragraph\">Un palier sert \u00e0 \u00e9liminer l\u2019azote en exc\u00e8s dans notre corps, lorsque nous en avons emmagasin\u00e9 une telle quantit\u00e9 au cours de la plong\u00e9e qu\u2019une remont\u00e9e \u00e0 la <a href=\"https:\/\/www.plongee-plaisir.com\/fr\/vitesse-de-remontee\/\">vitesse pr\u00e9conis\u00e9e<\/a> ne suffit plus \u00e0 \u00e9liminer le risque de d\u00e9gazage anarchique et <a href=\"https:\/\/www.plongee-plaisir.com\/fr\/prevention-des-accidents-de-desaturation-add\/\">d&rsquo;accident de d\u00e9saturation<\/a>.<\/p>\n\n\n\n<h2 class=\"wp-block-heading\" id=\"histoire-e58e824d-07bc-43c4-8ea5-a2b8334bf243\">Histoire<\/h2>\n\n\n\n<p class=\"wp-block-paragraph\">La remont\u00e9e par paliers a \u00e9t\u00e9 invent\u00e9e par <a href=\"https:\/\/www.plongee-plaisir.com\/fr\/vitesse-de-remontee-toute-une-histoire\/\">J. S. Haldane, en 1908<\/a> avec la cr\u00e9ation des premi\u00e8res tables de plong\u00e9e dites \u00ab\u00a0<a href=\"https:\/\/www.plongee-plaisir.com\/fr\/book\/haldane\/\">Tables de Haldane<\/a>\u00ab\u00a0. \u00c0 l&rsquo;\u00e9poque, seule une remont\u00e9e lente et uniforme de l&rsquo;ordre de 0,5 \u00e0 1 m\/min, ind\u00e9pendamment du temps et de la profondeur de plong\u00e9e \u00e9tait pratiqu\u00e9e. Le concept (mod\u00e8le) mis en place par Haldane en 1908 est toujours d&rsquo;actualit\u00e9.<\/p>\n\n\n\n<h2 class=\"wp-block-heading\" id=\"determination-du-temps-et-de-la-profondeur-des-paliers-b6fbf5e3-2e21-411e-994e-ed3ebdab71db\">D\u00e9termination du temps et de la profondeur des paliers<\/h2>\n\n\n\n<p class=\"wp-block-paragraph\">Les temps et la profondeur des paliers d\u00e9pendent :<\/p>\n\n\n\n<ul class=\"wp-block-list\"><li>du temps de plong\u00e9e ;<\/li><li>de la profondeur.<\/li><\/ul>\n\n\n\n<p class=\"wp-block-paragraph\">Le temps et la profondeur de plong\u00e9e permettent de d\u00e9terminer la quantit\u00e9 d&rsquo;azote accumul\u00e9e au cours de la plong\u00e9e (l&rsquo;air contient 80% d&rsquo;azote, gaz servant de diluant \u00e0 l&rsquo;oxyg\u00e8ne et que notre organisme ne consomme pas). Cette quantit\u00e9 d&rsquo;azote estim\u00e9e permet de savoir s&rsquo;il est possible de remonter directement \u00e0 la surface (\u00e0 la <a href=\"https:\/\/www.plongee-plaisir.com\/fr\/vitesse-de-remontee\/\">vitesse pr\u00e9conis\u00e9e<\/a>) ou s&rsquo;il faut marquer un ou plusieurs arr\u00eats \u00e0 diff\u00e9rentes profondeurs (ex. 9 m, 6m, 3 m) pendant un certain temps afin de laisser l&rsquo;azote en exc\u00e8s s&rsquo;\u00e9vacuer sans cr\u00e9er <a href=\"https:\/\/www.plongee-plaisir.com\/fr\/prevention-des-accidents-de-desaturation-add\/\">d&rsquo;accident de d\u00e9saturation<\/a> (d\u00e9gazage anarchique).<\/p>\n\n\n\n<p class=\"wp-block-paragraph\">La n\u00e9cessit\u00e9 ou pas de faire des paliers ainsi que le temps et la profondeur des paliers sont d\u00e9termin\u00e9s par un mod\u00e8le de d\u00e9saturation, traduit :<\/p>\n\n\n\n<ul class=\"wp-block-list\"><li>soit sous la forme de <a href=\"https:\/\/www.plongee-plaisir.com\/fr\/book\/tables-plongee\/\">tables de plong\u00e9e<\/a> (valeurs pr\u00e9calcul\u00e9es dans des tableaux) ;<\/li><li>soit sous la forme d&rsquo;un programme informatique (algorithme) cod\u00e9 dans un <a href=\"https:\/\/www.plongee-plaisir.com\/fr\/book\/memento-plongee-ordinateurs\/\">ordinateur de plong\u00e9e<\/a>.<\/li><\/ul>\n\n\n\n<h3 class=\"has-black-color has-text-color wp-block-heading\" id=\"voir-egalement--c8613e12-f1e0-4b33-90c9-6bec6c95f528\">Voir \u00e9galement :<\/h3>\n\n\n\n<ul class=\"wp-block-list\"><li><a href=\"https:\/\/www.plongee-plaisir.com\/fr\/paliers-obligatoires\/\">Paliers obligatoires<\/a><\/li><li><a href=\"https:\/\/www.plongee-plaisir.com\/fr\/interruption-de-paliers\/\">Interruption des paliers obligatoires<\/a><\/li><li><a href=\"https:\/\/www.plongee-plaisir.com\/fr\/paliers-facultatifs-dits-de-securite\/\">Paliers facultatifs (dits \u201cde s\u00e9curit\u00e9\u201d)<\/a><\/li><li><a href=\"https:\/\/www.plongee-plaisir.com\/fr\/accroitre-les-paliers\/\">Accro\u00eetre la dur\u00e9e des paliers<\/a><\/li><li><a href=\"https:\/\/www.plongee-plaisir.com\/fr\/effectuer-le-palier-de-3-m-a-6-m\/\">Effectuer le palier de 3 m \u00e0 6 m ?<\/a><\/li><li><a href=\"https:\/\/www.plongee-plaisir.com\/fr\/paliers-profonds-point-question\/\">Paliers profonds<\/a><\/li><li><a href=\"https:\/\/www.plongee-plaisir.com\/fr\/pyle-stop\/\">\u00ab Pyle stops \u00bb<\/a><\/li><\/ul>\n\n\n\n<p class=\"wp-block-paragraph\">\u00a9 Extrait des&nbsp;<a href=\"https:\/\/www.plongee-plaisir.com\/fr\/livres-plongee\/\">livres Plong\u00e9e Plaisir<\/a>&nbsp;par Alain Foret aux Editions GAP.<br>Toute reproduction interdite sur quelque support que ce soit sans accord \u00e9crit de l\u2019\u00e9diteur et de l\u2019auteur.<\/p>\n\n\n\n<div class=\"wp-block-image is-style-default\"><figure class=\"alignleft size-large is-resized\"><img decoding=\"async\" src=\"https:\/\/www.plongee-plaisir.com\/fr\/wp-content\/uploads\/2021\/02\/carre.jpg\" alt=\"\" class=\"wp-image-48240\" width=\"30\" srcset=\"https:\/\/www.plongee-plaisir.com\/fr\/wp-content\/uploads\/2021\/02\/carre.jpg 102w, https:\/\/www.plongee-plaisir.com\/fr\/wp-content\/uploads\/2021\/02\/carre-100x100.jpg 100w\" sizes=\"(max-width: 102px) 100vw, 102px\" \/><\/figure><\/div>\n\n\n\n<p class=\"wp-block-paragraph\"><\/p>\n<style class=\"advgb-styles-renderer\">.wp-block-kadence-spacer.kt-block-spacer-_72b3a8-64 .kt-block-spacer{height:17px;}.wp-block-kadence-spacer.kt-block-spacer-_72b3a8-64 .kt-divider{border-top-width:10px;border-top-color:#249a06;width:100%;border-top-style:solid;}<\/style>","protected":false},"excerpt":{"rendered":"<p>FICHES INFO &gt; LES PALIERS La notion de paliers D\u00e9finition Un palier est un arr\u00eat en fin de plong\u00e9e \u00e0 une certaine profondeur (3 m\u00e8tres ou 10 pieds par exemple) pendant un temps donn\u00e9, apr\u00e8s une remont\u00e9e \u00e0 une vitesse pr\u00e9conis\u00e9e, g\u00e9n\u00e9ralement s&rsquo;\u00e9loignant peu de 10 m\/min (9 \u00e0 12 m\/min). Justification Un palier sert [&hellip;]<\/p>\n","protected":false},"author":4,"featured_media":0,"parent":0,"menu_order":0,"comment_status":"closed","ping_status":"closed","template":"","meta":{"_crdt_document":"","_uag_custom_page_level_css":"","advgb_blocks_editor_width":"","advgb_blocks_columns_visual_guide":"","_genesis_hide_title":true,"_genesis_hide_breadcrumbs":false,"_genesis_hide_singular_image":false,"_genesis_hide_footer_widgets":false,"_genesis_custom_body_class":"","_genesis_custom_post_class":"","_genesis_layout":"content-sidebar","_vp_format_video_url":"","_vp_image_focal_point":[],"footnotes":""},"class_list":{"0":"post-49911","1":"page","2":"type-page","3":"status-publish","5":"entry"},"yoast_head":"<!-- This site is optimized with the Yoast SEO plugin v27.5 - https:\/\/yoast.com\/product\/yoast-seo-wordpress\/ -->\n<title>La notion de paliers - Plong\u00e9e Plaisir, site officiel<\/title>\n<meta name=\"robots\" content=\"index, follow, max-snippet:-1, max-image-preview:large, max-video-preview:-1\" \/>\n<link rel=\"canonical\" href=\"https:\/\/www.plongee-plaisir.com\/fr\/la-notion-de-paliers\/\" \/>\n<meta property=\"og:locale\" content=\"fr_FR\" \/>\n<meta property=\"og:type\" content=\"article\" \/>\n<meta property=\"og:title\" content=\"La notion de paliers - Plong\u00e9e Plaisir, site officiel\" \/>\n<meta property=\"og:description\" content=\"FICHES INFO &gt; LES PALIERS La notion de paliers D\u00e9finition Un palier est un arr\u00eat en fin de plong\u00e9e \u00e0 une certaine profondeur (3 m\u00e8tres ou 10 pieds par exemple) pendant un temps donn\u00e9, apr\u00e8s une remont\u00e9e \u00e0 une vitesse pr\u00e9conis\u00e9e, g\u00e9n\u00e9ralement s&rsquo;\u00e9loignant peu de 10 m\/min (9 \u00e0 12 m\/min). Justification Un palier sert [&hellip;]\" \/>\n<meta property=\"og:url\" content=\"https:\/\/www.plongee-plaisir.com\/fr\/la-notion-de-paliers\/\" \/>\n<meta property=\"og:site_name\" content=\"Plong\u00e9e Plaisir, site officiel\" \/>\n<meta property=\"article:modified_time\" content=\"2021-04-04T14:42:51+00:00\" \/>\n<meta property=\"og:image\" content=\"https:\/\/www.plongee-plaisir.com\/fr\/wp-content\/uploads\/2021\/03\/palier-01-edited.jpg\" \/>\n<meta name=\"twitter:card\" content=\"summary_large_image\" \/>\n<meta name=\"twitter:label1\" content=\"Dur\u00e9e de lecture estim\u00e9e\" \/>\n\t<meta name=\"twitter:data1\" content=\"3 minutes\" \/>\n<script type=\"application\/ld+json\" class=\"yoast-schema-graph\">{\"@context\":\"https:\\\/\\\/schema.org\",\"@graph\":[{\"@type\":\"WebPage\",\"@id\":\"https:\\\/\\\/www.plongee-plaisir.com\\\/fr\\\/la-notion-de-paliers\\\/\",\"url\":\"https:\\\/\\\/www.plongee-plaisir.com\\\/fr\\\/la-notion-de-paliers\\\/\",\"name\":\"La notion de paliers - Plong\u00e9e Plaisir, site officiel\",\"isPartOf\":{\"@id\":\"https:\\\/\\\/www.plongee-plaisir.com\\\/fr\\\/#website\"},\"primaryImageOfPage\":{\"@id\":\"https:\\\/\\\/www.plongee-plaisir.com\\\/fr\\\/la-notion-de-paliers\\\/#primaryimage\"},\"image\":{\"@id\":\"https:\\\/\\\/www.plongee-plaisir.com\\\/fr\\\/la-notion-de-paliers\\\/#primaryimage\"},\"thumbnailUrl\":\"https:\\\/\\\/www.plongee-plaisir.com\\\/fr\\\/wp-content\\\/uploads\\\/2021\\\/03\\\/palier-01-edited.jpg\",\"datePublished\":\"2021-03-23T17:24:46+00:00\",\"dateModified\":\"2021-04-04T14:42:51+00:00\",\"breadcrumb\":{\"@id\":\"https:\\\/\\\/www.plongee-plaisir.com\\\/fr\\\/la-notion-de-paliers\\\/#breadcrumb\"},\"inLanguage\":\"fr-FR\",\"potentialAction\":[{\"@type\":\"ReadAction\",\"target\":[\"https:\\\/\\\/www.plongee-plaisir.com\\\/fr\\\/la-notion-de-paliers\\\/\"]}]},{\"@type\":\"ImageObject\",\"inLanguage\":\"fr-FR\",\"@id\":\"https:\\\/\\\/www.plongee-plaisir.com\\\/fr\\\/la-notion-de-paliers\\\/#primaryimage\",\"url\":\"https:\\\/\\\/www.plongee-plaisir.com\\\/fr\\\/wp-content\\\/uploads\\\/2021\\\/03\\\/palier-01-edited.jpg\",\"contentUrl\":\"https:\\\/\\\/www.plongee-plaisir.com\\\/fr\\\/wp-content\\\/uploads\\\/2021\\\/03\\\/palier-01-edited.jpg\",\"width\":1024,\"height\":576},{\"@type\":\"BreadcrumbList\",\"@id\":\"https:\\\/\\\/www.plongee-plaisir.com\\\/fr\\\/la-notion-de-paliers\\\/#breadcrumb\",\"itemListElement\":[{\"@type\":\"ListItem\",\"position\":1,\"name\":\"Accueil\",\"item\":\"https:\\\/\\\/www.plongee-plaisir.com\\\/fr\\\/\"},{\"@type\":\"ListItem\",\"position\":2,\"name\":\"La notion de paliers\"}]},{\"@type\":\"WebSite\",\"@id\":\"https:\\\/\\\/www.plongee-plaisir.com\\\/fr\\\/#website\",\"url\":\"https:\\\/\\\/www.plongee-plaisir.com\\\/fr\\\/\",\"name\":\"Plong\u00e9e Plaisir, site officiel\",\"description\":\"Apprendre \u00e0 plonger - Learning to dive\",\"potentialAction\":[{\"@type\":\"SearchAction\",\"target\":{\"@type\":\"EntryPoint\",\"urlTemplate\":\"https:\\\/\\\/www.plongee-plaisir.com\\\/fr\\\/?s={search_term_string}\"},\"query-input\":{\"@type\":\"PropertyValueSpecification\",\"valueRequired\":true,\"valueName\":\"search_term_string\"}}],\"inLanguage\":\"fr-FR\"}]}<\/script>\n<!-- \/ Yoast SEO plugin. -->","yoast_head_json":{"title":"La notion de paliers - Plong\u00e9e Plaisir, site officiel","robots":{"index":"index","follow":"follow","max-snippet":"max-snippet:-1","max-image-preview":"max-image-preview:large","max-video-preview":"max-video-preview:-1"},"canonical":"https:\/\/www.plongee-plaisir.com\/fr\/la-notion-de-paliers\/","og_locale":"fr_FR","og_type":"article","og_title":"La notion de paliers - Plong\u00e9e Plaisir, site officiel","og_description":"FICHES INFO &gt; LES PALIERS La notion de paliers D\u00e9finition Un palier est un arr\u00eat en fin de plong\u00e9e \u00e0 une certaine profondeur (3 m\u00e8tres ou 10 pieds par exemple) pendant un temps donn\u00e9, apr\u00e8s une remont\u00e9e \u00e0 une vitesse pr\u00e9conis\u00e9e, g\u00e9n\u00e9ralement s&rsquo;\u00e9loignant peu de 10 m\/min (9 \u00e0 12 m\/min). Justification Un palier sert [&hellip;]","og_url":"https:\/\/www.plongee-plaisir.com\/fr\/la-notion-de-paliers\/","og_site_name":"Plong\u00e9e Plaisir, site officiel","article_modified_time":"2021-04-04T14:42:51+00:00","og_image":[{"url":"https:\/\/www.plongee-plaisir.com\/fr\/wp-content\/uploads\/2021\/03\/palier-01-edited.jpg","type":"","width":"","height":""}],"twitter_card":"summary_large_image","twitter_misc":{"Dur\u00e9e de lecture estim\u00e9e":"3 minutes"},"schema":{"@context":"https:\/\/schema.org","@graph":[{"@type":"WebPage","@id":"https:\/\/www.plongee-plaisir.com\/fr\/la-notion-de-paliers\/","url":"https:\/\/www.plongee-plaisir.com\/fr\/la-notion-de-paliers\/","name":"La notion de paliers - Plong\u00e9e Plaisir, site officiel","isPartOf":{"@id":"https:\/\/www.plongee-plaisir.com\/fr\/#website"},"primaryImageOfPage":{"@id":"https:\/\/www.plongee-plaisir.com\/fr\/la-notion-de-paliers\/#primaryimage"},"image":{"@id":"https:\/\/www.plongee-plaisir.com\/fr\/la-notion-de-paliers\/#primaryimage"},"thumbnailUrl":"https:\/\/www.plongee-plaisir.com\/fr\/wp-content\/uploads\/2021\/03\/palier-01-edited.jpg","datePublished":"2021-03-23T17:24:46+00:00","dateModified":"2021-04-04T14:42:51+00:00","breadcrumb":{"@id":"https:\/\/www.plongee-plaisir.com\/fr\/la-notion-de-paliers\/#breadcrumb"},"inLanguage":"fr-FR","potentialAction":[{"@type":"ReadAction","target":["https:\/\/www.plongee-plaisir.com\/fr\/la-notion-de-paliers\/"]}]},{"@type":"ImageObject","inLanguage":"fr-FR","@id":"https:\/\/www.plongee-plaisir.com\/fr\/la-notion-de-paliers\/#primaryimage","url":"https:\/\/www.plongee-plaisir.com\/fr\/wp-content\/uploads\/2021\/03\/palier-01-edited.jpg","contentUrl":"https:\/\/www.plongee-plaisir.com\/fr\/wp-content\/uploads\/2021\/03\/palier-01-edited.jpg","width":1024,"height":576},{"@type":"BreadcrumbList","@id":"https:\/\/www.plongee-plaisir.com\/fr\/la-notion-de-paliers\/#breadcrumb","itemListElement":[{"@type":"ListItem","position":1,"name":"Accueil","item":"https:\/\/www.plongee-plaisir.com\/fr\/"},{"@type":"ListItem","position":2,"name":"La notion de paliers"}]},{"@type":"WebSite","@id":"https:\/\/www.plongee-plaisir.com\/fr\/#website","url":"https:\/\/www.plongee-plaisir.com\/fr\/","name":"Plong\u00e9e Plaisir, site officiel","description":"Apprendre \u00e0 plonger - Learning to dive","potentialAction":[{"@type":"SearchAction","target":{"@type":"EntryPoint","urlTemplate":"https:\/\/www.plongee-plaisir.com\/fr\/?s={search_term_string}"},"query-input":{"@type":"PropertyValueSpecification","valueRequired":true,"valueName":"search_term_string"}}],"inLanguage":"fr-FR"}]}},"featured_image_src":null,"featured_image_src_square":null,"uagb_featured_image_src":{"full":false,"thumbnail":false,"medium":false,"medium_large":false,"large":false,"1536x1536":false,"2048x2048":false,"featured-content":false,"author-pro-image":false,"tb-timeline-landscape":false,"tb-timeline-square":false,"ultp_layout_landscape_large":false,"ultp_layout_landscape":false,"ultp_layout_portrait":false,"ultp_layout_square":false,"vp_sm":false,"vp_md":false,"vp_lg":false,"vp_xl":false,"vp_sm_popup":false,"vp_md_popup":false,"vp_xl_popup":false,"gb-block-post-grid-landscape":false,"gb-block-post-grid-square":false,"woocommerce_thumbnail":false,"woocommerce_single":false,"woocommerce_gallery_thumbnail":false,"sow-carousel-default":false},"uagb_author_info":{"display_name":"Alain Foret","author_link":"https:\/\/www.plongee-plaisir.com\/fr\/author\/plongeeplaisir\/"},"uagb_comment_info":0,"uagb_excerpt":"FICHES INFO &gt; LES PALIERS La notion de paliers D\u00e9finition Un palier est un arr\u00eat en fin de plong\u00e9e \u00e0 une certaine profondeur (3 m\u00e8tres ou 10 pieds par exemple) pendant un temps donn\u00e9, apr\u00e8s une remont\u00e9e \u00e0 une vitesse pr\u00e9conis\u00e9e, g\u00e9n\u00e9ralement s&rsquo;\u00e9loignant peu de 10 m\/min (9 \u00e0 12 m\/min). Justification Un palier sert\u2026","coauthors":[],"author_meta":{"author_link":"https:\/\/www.plongee-plaisir.com\/fr\/author\/plongeeplaisir\/","display_name":"Alain Foret"},"relative_dates":{"created":"Publi\u00e9 5 ans il y a","modified":"Mis \u00e0 jour 5 ans il y a"},"absolute_dates":{"created":"Publi\u00e9 le 23 mars 2021","modified":"Mise \u00e0 jour le 4 avril 2021"},"absolute_dates_time":{"created":"Publi\u00e9 le 23 mars 2021 18 h 24 min","modified":"Mise \u00e0 jour le 4 avril 2021 16 h 42 min"},"featured_img_caption":"","featured_img":false,"series_order":"","amp_enabled":true,"_links":{"self":[{"href":"https:\/\/www.plongee-plaisir.com\/fr\/wp-json\/wp\/v2\/pages\/49911","targetHints":{"allow":["GET"]}}],"collection":[{"href":"https:\/\/www.plongee-plaisir.com\/fr\/wp-json\/wp\/v2\/pages"}],"about":[{"href":"https:\/\/www.plongee-plaisir.com\/fr\/wp-json\/wp\/v2\/types\/page"}],"author":[{"embeddable":true,"href":"https:\/\/www.plongee-plaisir.com\/fr\/wp-json\/wp\/v2\/users\/4"}],"replies":[{"embeddable":true,"href":"https:\/\/www.plongee-plaisir.com\/fr\/wp-json\/wp\/v2\/comments?post=49911"}],"version-history":[{"count":0,"href":"https:\/\/www.plongee-plaisir.com\/fr\/wp-json\/wp\/v2\/pages\/49911\/revisions"}],"wp:attachment":[{"href":"https:\/\/www.plongee-plaisir.com\/fr\/wp-json\/wp\/v2\/media?parent=49911"}],"curies":[{"name":"wp","href":"https:\/\/api.w.org\/{rel}","templated":true}]}}