{"id":49929,"date":"2021-03-23T18:56:13","date_gmt":"2021-03-23T17:56:13","guid":{"rendered":"https:\/\/www.plongee-plaisir.com\/fr\/?page_id=49929"},"modified":"2021-04-04T16:43:38","modified_gmt":"2021-04-04T14:43:38","slug":"paliers-obligatoires","status":"publish","type":"page","link":"https:\/\/www.plongee-plaisir.com\/fr\/paliers-obligatoires\/","title":{"rendered":"Paliers obligatoires"},"content":{"rendered":"\n<p class=\"has-text-color has-normal-font-size wp-block-paragraph\" style=\"color:#249a06\"><a href=\"https:\/\/www.plongee-plaisir.com\/fr\/fiches-infos\/\">FICHES INFO<\/a> &gt; LES PALIERS<\/p>\n\n\n\n<div class=\"wp-block-kadence-spacer aligncenter kt-block-spacer-_72b3a8-64\"><div class=\"kt-block-spacer kt-block-spacer-halign-center\" style=\"height:17px\"><hr class=\"kt-divider\" style=\"border-top-color:rgba(36, 154, 6, 1);border-top-width:10px;width:100%;border-top-style:solid\"\/><\/div><\/div>\n\n\n\n<h1 class=\"wp-block-heading\">Paliers obligatoires<\/h1>\n\n\n\n<h2 class=\"wp-block-heading\">D\u00e9finition<\/h2>\n\n\n\n<p class=\"wp-block-paragraph\">Les paliers dits \u00ab\u00a0obligatoires\u00a0\u00bb sont tout simplement des paliers rendus n\u00e9cessaires, en fonction du temps et de la profondeur de plong\u00e9e :<\/p>\n\n\n\n<ul class=\"wp-block-list\"><li>soit par des&nbsp;<a href=\"https:\/\/www.plongee-plaisir.com\/fr\/book\/tables-plongee\/\">tables de plong\u00e9e<\/a>&nbsp;(valeurs pr\u00e9calcul\u00e9es dans des tableaux) ;<\/li><li>soit par un&nbsp;<a href=\"https:\/\/www.plongee-plaisir.com\/fr\/book\/memento-plongee-ordinateurs\/\">ordinateur de plong\u00e9e<\/a>.<\/li><\/ul>\n\n\n\n<p class=\"wp-block-paragraph\">Aujourd&rsquo;hui, quasiment 100% des plongeurs utilisent des&nbsp;<a href=\"https:\/\/www.plongee-plaisir.com\/fr\/book\/memento-plongee-ordinateurs\/\">ordinateurs de plong\u00e9e<\/a>.<\/p>\n\n\n\n<h2 class=\"wp-block-heading\">En cas de violation des paliers obligatoires<\/h2>\n\n\n\n<p class=\"wp-block-paragraph\">Le risque, en cas de violation des paliers obligatoires (dur\u00e9e et\/ou profondeur), est de provoquer un <a href=\"https:\/\/www.plongee-plaisir.com\/fr\/prevention-des-accidents-de-desaturation-add\/\">accident de d\u00e9saturation<\/a>&nbsp;: d\u00e9gazage anarchique de bulles d&rsquo;azote dans le corps qui peut atteindre, entre autres, le syst\u00e8me nerveux (paralysies, troubles de la vision, de la parole, &#8230;).<\/p>\n\n\n\n<p class=\"wp-block-paragraph\">Pour en savoir plus : <a href=\"https:\/\/www.plongee-plaisir.com\/fr\/interruption-de-paliers\/\">Fiche Info Plong\u00e9e Plaisir sur l&rsquo;interruption de palier<\/a>s.<\/p>\n\n\n\n<h2 class=\"wp-block-heading\">Courbe des plong\u00e9es sans paliers (obligatoires)<\/h2>\n\n\n\n<p class=\"wp-block-paragraph\">Appel\u00e9e improprement \u00ab\u00a0courbe de s\u00e9curit\u00e9\u00a0\u00bb, la courbe des plong\u00e9es sans paliers est un ensemble de couples de limites temps\/profondeur qui permettent de remonter \u00e0 surface sans avoir \u00e0 effectuer de paliers obligatoires. Ces valeurs ne sont pas connues avec certitude, elles d\u00e9pendent du mod\u00e8le de d\u00e9saturation utilis\u00e9.<\/p>\n\n\n\n<h3 class=\"wp-block-heading\" id=\"voir-egalement--c8613e12-f1e0-4b33-90c9-6bec6c95f528\">Voir \u00e9galement :<\/h3>\n\n\n\n<ul class=\"wp-block-list\"><li><a href=\"https:\/\/www.plongee-plaisir.com\/fr\/la-notion-de-paliers\/\">La notion de paliers<\/a><\/li><li><a href=\"https:\/\/www.plongee-plaisir.com\/fr\/interruption-de-paliers\/\">Interruption des paliers obligatoires<\/a><\/li><li><a href=\"https:\/\/www.plongee-plaisir.com\/fr\/paliers-facultatifs-dits-de-securite\/\">Paliers facultatifs (dits \u201cde s\u00e9curit\u00e9\u201d)<\/a><\/li><li><a href=\"https:\/\/www.plongee-plaisir.com\/fr\/accroitre-les-paliers\/\">Accro\u00eetre la dur\u00e9e des paliers<\/a><\/li><li><a href=\"https:\/\/www.plongee-plaisir.com\/fr\/effectuer-le-palier-de-3-m-a-6-m\/\">Effectuer le palier de 3 m \u00e0 6 m ?<\/a><\/li><li><a href=\"https:\/\/www.plongee-plaisir.com\/fr\/paliers-profonds-point-question\/\">Paliers profonds<\/a><\/li><li><a href=\"https:\/\/www.plongee-plaisir.com\/fr\/pyle-stop\/\">\u00ab Pyle stops \u00bb<\/a><\/li><\/ul>\n\n\n\n<div style=\"height:13px\" aria-hidden=\"true\" class=\"wp-block-spacer\"><\/div>\n\n\n\n<p class=\"wp-block-paragraph\">\u00a9&nbsp;Extrait des&nbsp;<a href=\"https:\/\/www.plongee-plaisir.com\/fr\/livres-plongee\/\">livres Plong\u00e9e Plaisir<\/a>&nbsp;par Alain Foret aux Editions GAP.<br>Toute reproduction interdite sur quelque support que ce soit sans accord \u00e9crit de l\u2019\u00e9diteur et de l\u2019auteur.<\/p>\n\n\n\n<div class=\"wp-block-image is-style-default\"><figure class=\"alignleft size-large is-resized\"><img decoding=\"async\" src=\"https:\/\/www.plongee-plaisir.com\/fr\/wp-content\/uploads\/2021\/02\/carre.jpg\" alt=\"\" class=\"wp-image-48240\" width=\"30\" srcset=\"https:\/\/www.plongee-plaisir.com\/fr\/wp-content\/uploads\/2021\/02\/carre.jpg 102w, https:\/\/www.plongee-plaisir.com\/fr\/wp-content\/uploads\/2021\/02\/carre-100x100.jpg 100w\" sizes=\"(max-width: 102px) 100vw, 102px\" \/><\/figure><\/div>\n\n\n\n<p class=\"wp-block-paragraph\"><\/p>\n<style class=\"advgb-styles-renderer\">.wp-block-kadence-spacer.kt-block-spacer-_72b3a8-64 .kt-block-spacer{height:17px;}.wp-block-kadence-spacer.kt-block-spacer-_72b3a8-64 .kt-divider{border-top-width:10px;border-top-color:#249a06;width:100%;border-top-style:solid;}<\/style>","protected":false},"excerpt":{"rendered":"<p>FICHES INFO &gt; LES PALIERS Paliers obligatoires D\u00e9finition Les paliers dits \u00ab\u00a0obligatoires\u00a0\u00bb sont tout simplement des paliers rendus n\u00e9cessaires, en fonction du temps et de la profondeur de plong\u00e9e : soit par des&nbsp;tables de plong\u00e9e&nbsp;(valeurs pr\u00e9calcul\u00e9es dans des tableaux) ; soit par un&nbsp;ordinateur de plong\u00e9e. Aujourd&rsquo;hui, quasiment 100% des plongeurs utilisent des&nbsp;ordinateurs de plong\u00e9e. En [&hellip;]<\/p>\n","protected":false},"author":4,"featured_media":0,"parent":0,"menu_order":0,"comment_status":"closed","ping_status":"closed","template":"","meta":{"_crdt_document":"","_uag_custom_page_level_css":"","advgb_blocks_editor_width":"","advgb_blocks_columns_visual_guide":"","_genesis_hide_title":true,"_genesis_hide_breadcrumbs":false,"_genesis_hide_singular_image":false,"_genesis_hide_footer_widgets":false,"_genesis_custom_body_class":"","_genesis_custom_post_class":"","_genesis_layout":"content-sidebar","_vp_format_video_url":"","_vp_image_focal_point":[],"footnotes":""},"class_list":{"0":"post-49929","1":"page","2":"type-page","3":"status-publish","5":"entry"},"yoast_head":"<!-- This site is optimized with the Yoast SEO plugin v27.5 - https:\/\/yoast.com\/product\/yoast-seo-wordpress\/ -->\n<title>Paliers obligatoires - Plong\u00e9e Plaisir, site officiel<\/title>\n<meta name=\"robots\" content=\"index, follow, max-snippet:-1, max-image-preview:large, max-video-preview:-1\" \/>\n<link rel=\"canonical\" href=\"https:\/\/www.plongee-plaisir.com\/fr\/paliers-obligatoires\/\" \/>\n<meta property=\"og:locale\" content=\"fr_FR\" \/>\n<meta property=\"og:type\" content=\"article\" \/>\n<meta property=\"og:title\" content=\"Paliers obligatoires - Plong\u00e9e Plaisir, site officiel\" \/>\n<meta property=\"og:description\" content=\"FICHES INFO &gt; LES PALIERS Paliers obligatoires D\u00e9finition Les paliers dits \u00ab\u00a0obligatoires\u00a0\u00bb sont tout simplement des paliers rendus n\u00e9cessaires, en fonction du temps et de la profondeur de plong\u00e9e : soit par des&nbsp;tables de plong\u00e9e&nbsp;(valeurs pr\u00e9calcul\u00e9es dans des tableaux) ; soit par un&nbsp;ordinateur de plong\u00e9e. Aujourd&rsquo;hui, quasiment 100% des plongeurs utilisent des&nbsp;ordinateurs de plong\u00e9e. En [&hellip;]\" \/>\n<meta property=\"og:url\" content=\"https:\/\/www.plongee-plaisir.com\/fr\/paliers-obligatoires\/\" \/>\n<meta property=\"og:site_name\" content=\"Plong\u00e9e Plaisir, site officiel\" \/>\n<meta property=\"article:modified_time\" content=\"2021-04-04T14:43:38+00:00\" \/>\n<meta property=\"og:image\" content=\"https:\/\/www.plongee-plaisir.com\/fr\/wp-content\/uploads\/2021\/02\/carre.jpg\" \/>\n<meta name=\"twitter:card\" content=\"summary_large_image\" \/>\n<meta name=\"twitter:label1\" content=\"Dur\u00e9e de lecture estim\u00e9e\" \/>\n\t<meta name=\"twitter:data1\" content=\"2 minutes\" \/>\n<script type=\"application\/ld+json\" class=\"yoast-schema-graph\">{\"@context\":\"https:\\\/\\\/schema.org\",\"@graph\":[{\"@type\":\"WebPage\",\"@id\":\"https:\\\/\\\/www.plongee-plaisir.com\\\/fr\\\/paliers-obligatoires\\\/\",\"url\":\"https:\\\/\\\/www.plongee-plaisir.com\\\/fr\\\/paliers-obligatoires\\\/\",\"name\":\"Paliers obligatoires - Plong\u00e9e Plaisir, site officiel\",\"isPartOf\":{\"@id\":\"https:\\\/\\\/www.plongee-plaisir.com\\\/fr\\\/#website\"},\"primaryImageOfPage\":{\"@id\":\"https:\\\/\\\/www.plongee-plaisir.com\\\/fr\\\/paliers-obligatoires\\\/#primaryimage\"},\"image\":{\"@id\":\"https:\\\/\\\/www.plongee-plaisir.com\\\/fr\\\/paliers-obligatoires\\\/#primaryimage\"},\"thumbnailUrl\":\"https:\\\/\\\/www.plongee-plaisir.com\\\/fr\\\/wp-content\\\/uploads\\\/2021\\\/02\\\/carre.jpg\",\"datePublished\":\"2021-03-23T17:56:13+00:00\",\"dateModified\":\"2021-04-04T14:43:38+00:00\",\"breadcrumb\":{\"@id\":\"https:\\\/\\\/www.plongee-plaisir.com\\\/fr\\\/paliers-obligatoires\\\/#breadcrumb\"},\"inLanguage\":\"fr-FR\",\"potentialAction\":[{\"@type\":\"ReadAction\",\"target\":[\"https:\\\/\\\/www.plongee-plaisir.com\\\/fr\\\/paliers-obligatoires\\\/\"]}]},{\"@type\":\"ImageObject\",\"inLanguage\":\"fr-FR\",\"@id\":\"https:\\\/\\\/www.plongee-plaisir.com\\\/fr\\\/paliers-obligatoires\\\/#primaryimage\",\"url\":\"https:\\\/\\\/www.plongee-plaisir.com\\\/fr\\\/wp-content\\\/uploads\\\/2021\\\/02\\\/carre.jpg\",\"contentUrl\":\"https:\\\/\\\/www.plongee-plaisir.com\\\/fr\\\/wp-content\\\/uploads\\\/2021\\\/02\\\/carre.jpg\",\"width\":102,\"height\":102},{\"@type\":\"BreadcrumbList\",\"@id\":\"https:\\\/\\\/www.plongee-plaisir.com\\\/fr\\\/paliers-obligatoires\\\/#breadcrumb\",\"itemListElement\":[{\"@type\":\"ListItem\",\"position\":1,\"name\":\"Accueil\",\"item\":\"https:\\\/\\\/www.plongee-plaisir.com\\\/fr\\\/\"},{\"@type\":\"ListItem\",\"position\":2,\"name\":\"Paliers obligatoires\"}]},{\"@type\":\"WebSite\",\"@id\":\"https:\\\/\\\/www.plongee-plaisir.com\\\/fr\\\/#website\",\"url\":\"https:\\\/\\\/www.plongee-plaisir.com\\\/fr\\\/\",\"name\":\"Plong\u00e9e Plaisir, site officiel\",\"description\":\"Apprendre \u00e0 plonger - Learning to dive\",\"potentialAction\":[{\"@type\":\"SearchAction\",\"target\":{\"@type\":\"EntryPoint\",\"urlTemplate\":\"https:\\\/\\\/www.plongee-plaisir.com\\\/fr\\\/?s={search_term_string}\"},\"query-input\":{\"@type\":\"PropertyValueSpecification\",\"valueRequired\":true,\"valueName\":\"search_term_string\"}}],\"inLanguage\":\"fr-FR\"}]}<\/script>\n<!-- \/ Yoast SEO plugin. -->","yoast_head_json":{"title":"Paliers obligatoires - Plong\u00e9e Plaisir, site officiel","robots":{"index":"index","follow":"follow","max-snippet":"max-snippet:-1","max-image-preview":"max-image-preview:large","max-video-preview":"max-video-preview:-1"},"canonical":"https:\/\/www.plongee-plaisir.com\/fr\/paliers-obligatoires\/","og_locale":"fr_FR","og_type":"article","og_title":"Paliers obligatoires - Plong\u00e9e Plaisir, site officiel","og_description":"FICHES INFO &gt; LES PALIERS Paliers obligatoires D\u00e9finition Les paliers dits \u00ab\u00a0obligatoires\u00a0\u00bb sont tout simplement des paliers rendus n\u00e9cessaires, en fonction du temps et de la profondeur de plong\u00e9e : soit par des&nbsp;tables de plong\u00e9e&nbsp;(valeurs pr\u00e9calcul\u00e9es dans des tableaux) ; soit par un&nbsp;ordinateur de plong\u00e9e. Aujourd&rsquo;hui, quasiment 100% des plongeurs utilisent des&nbsp;ordinateurs de plong\u00e9e. En [&hellip;]","og_url":"https:\/\/www.plongee-plaisir.com\/fr\/paliers-obligatoires\/","og_site_name":"Plong\u00e9e Plaisir, site officiel","article_modified_time":"2021-04-04T14:43:38+00:00","og_image":[{"url":"https:\/\/www.plongee-plaisir.com\/fr\/wp-content\/uploads\/2021\/02\/carre.jpg","type":"","width":"","height":""}],"twitter_card":"summary_large_image","twitter_misc":{"Dur\u00e9e de lecture estim\u00e9e":"2 minutes"},"schema":{"@context":"https:\/\/schema.org","@graph":[{"@type":"WebPage","@id":"https:\/\/www.plongee-plaisir.com\/fr\/paliers-obligatoires\/","url":"https:\/\/www.plongee-plaisir.com\/fr\/paliers-obligatoires\/","name":"Paliers obligatoires - Plong\u00e9e Plaisir, site officiel","isPartOf":{"@id":"https:\/\/www.plongee-plaisir.com\/fr\/#website"},"primaryImageOfPage":{"@id":"https:\/\/www.plongee-plaisir.com\/fr\/paliers-obligatoires\/#primaryimage"},"image":{"@id":"https:\/\/www.plongee-plaisir.com\/fr\/paliers-obligatoires\/#primaryimage"},"thumbnailUrl":"https:\/\/www.plongee-plaisir.com\/fr\/wp-content\/uploads\/2021\/02\/carre.jpg","datePublished":"2021-03-23T17:56:13+00:00","dateModified":"2021-04-04T14:43:38+00:00","breadcrumb":{"@id":"https:\/\/www.plongee-plaisir.com\/fr\/paliers-obligatoires\/#breadcrumb"},"inLanguage":"fr-FR","potentialAction":[{"@type":"ReadAction","target":["https:\/\/www.plongee-plaisir.com\/fr\/paliers-obligatoires\/"]}]},{"@type":"ImageObject","inLanguage":"fr-FR","@id":"https:\/\/www.plongee-plaisir.com\/fr\/paliers-obligatoires\/#primaryimage","url":"https:\/\/www.plongee-plaisir.com\/fr\/wp-content\/uploads\/2021\/02\/carre.jpg","contentUrl":"https:\/\/www.plongee-plaisir.com\/fr\/wp-content\/uploads\/2021\/02\/carre.jpg","width":102,"height":102},{"@type":"BreadcrumbList","@id":"https:\/\/www.plongee-plaisir.com\/fr\/paliers-obligatoires\/#breadcrumb","itemListElement":[{"@type":"ListItem","position":1,"name":"Accueil","item":"https:\/\/www.plongee-plaisir.com\/fr\/"},{"@type":"ListItem","position":2,"name":"Paliers obligatoires"}]},{"@type":"WebSite","@id":"https:\/\/www.plongee-plaisir.com\/fr\/#website","url":"https:\/\/www.plongee-plaisir.com\/fr\/","name":"Plong\u00e9e Plaisir, site officiel","description":"Apprendre \u00e0 plonger - Learning to dive","potentialAction":[{"@type":"SearchAction","target":{"@type":"EntryPoint","urlTemplate":"https:\/\/www.plongee-plaisir.com\/fr\/?s={search_term_string}"},"query-input":{"@type":"PropertyValueSpecification","valueRequired":true,"valueName":"search_term_string"}}],"inLanguage":"fr-FR"}]}},"featured_image_src":null,"featured_image_src_square":null,"uagb_featured_image_src":{"full":false,"thumbnail":false,"medium":false,"medium_large":false,"large":false,"1536x1536":false,"2048x2048":false,"featured-content":false,"author-pro-image":false,"tb-timeline-landscape":false,"tb-timeline-square":false,"ultp_layout_landscape_large":false,"ultp_layout_landscape":false,"ultp_layout_portrait":false,"ultp_layout_square":false,"vp_sm":false,"vp_md":false,"vp_lg":false,"vp_xl":false,"vp_sm_popup":false,"vp_md_popup":false,"vp_xl_popup":false,"gb-block-post-grid-landscape":false,"gb-block-post-grid-square":false,"woocommerce_thumbnail":false,"woocommerce_single":false,"woocommerce_gallery_thumbnail":false,"sow-carousel-default":false},"uagb_author_info":{"display_name":"Alain Foret","author_link":"https:\/\/www.plongee-plaisir.com\/fr\/author\/plongeeplaisir\/"},"uagb_comment_info":0,"uagb_excerpt":"FICHES INFO &gt; LES PALIERS Paliers obligatoires D\u00e9finition Les paliers dits \u00ab\u00a0obligatoires\u00a0\u00bb sont tout simplement des paliers rendus n\u00e9cessaires, en fonction du temps et de la profondeur de plong\u00e9e : soit par des&nbsp;tables de plong\u00e9e&nbsp;(valeurs pr\u00e9calcul\u00e9es dans des tableaux) ; soit par un&nbsp;ordinateur de plong\u00e9e. Aujourd&rsquo;hui, quasiment 100% des plongeurs utilisent des&nbsp;ordinateurs de plong\u00e9e. En\u2026","coauthors":[],"author_meta":{"author_link":"https:\/\/www.plongee-plaisir.com\/fr\/author\/plongeeplaisir\/","display_name":"Alain Foret"},"relative_dates":{"created":"Publi\u00e9 5 ans il y a","modified":"Mis \u00e0 jour 5 ans il y a"},"absolute_dates":{"created":"Publi\u00e9 le 23 mars 2021","modified":"Mise \u00e0 jour le 4 avril 2021"},"absolute_dates_time":{"created":"Publi\u00e9 le 23 mars 2021 18 h 56 min","modified":"Mise \u00e0 jour le 4 avril 2021 16 h 43 min"},"featured_img_caption":"","featured_img":false,"series_order":"","amp_enabled":true,"_links":{"self":[{"href":"https:\/\/www.plongee-plaisir.com\/fr\/wp-json\/wp\/v2\/pages\/49929","targetHints":{"allow":["GET"]}}],"collection":[{"href":"https:\/\/www.plongee-plaisir.com\/fr\/wp-json\/wp\/v2\/pages"}],"about":[{"href":"https:\/\/www.plongee-plaisir.com\/fr\/wp-json\/wp\/v2\/types\/page"}],"author":[{"embeddable":true,"href":"https:\/\/www.plongee-plaisir.com\/fr\/wp-json\/wp\/v2\/users\/4"}],"replies":[{"embeddable":true,"href":"https:\/\/www.plongee-plaisir.com\/fr\/wp-json\/wp\/v2\/comments?post=49929"}],"version-history":[{"count":0,"href":"https:\/\/www.plongee-plaisir.com\/fr\/wp-json\/wp\/v2\/pages\/49929\/revisions"}],"wp:attachment":[{"href":"https:\/\/www.plongee-plaisir.com\/fr\/wp-json\/wp\/v2\/media?parent=49929"}],"curies":[{"name":"wp","href":"https:\/\/api.w.org\/{rel}","templated":true}]}}