{"id":49961,"date":"2021-03-23T19:31:15","date_gmt":"2021-03-23T18:31:15","guid":{"rendered":"https:\/\/www.plongee-plaisir.com\/fr\/?page_id=49961"},"modified":"2022-09-15T15:41:06","modified_gmt":"2022-09-15T13:41:06","slug":"paliers-facultatifs-dits-de-securite","status":"publish","type":"page","link":"https:\/\/www.plongee-plaisir.com\/fr\/paliers-facultatifs-dits-de-securite\/","title":{"rendered":"Paliers facultatifs (dits \u00ab\u00a0de s\u00e9curit\u00e9\u00a0\u00bb)"},"content":{"rendered":"\n<p class=\"has-text-color has-normal-font-size wp-block-paragraph\" style=\"color:#249a06\"><a href=\"https:\/\/www.plongee-plaisir.com\/fr\/fiches-infos\/\">FICHES INFO<\/a> &gt; LES PALIERS<\/p>\n\n\n\n<div class=\"wp-block-kadence-spacer aligncenter kt-block-spacer-_72b3a8-64 advgb-dyn-0fb449b1\"><div class=\"kt-block-spacer kt-block-spacer-halign-center\"><hr class=\"kt-divider\"\/><\/div><\/div>\n\n\n\n<h1 class=\"wp-block-heading\">Paliers facultatifs (dits \u00ab\u00a0de s\u00e9curit\u00e9\u00a0\u00bb)<\/h1>\n\n\n\n<h2 class=\"wp-block-heading\">D\u00e9finition<\/h2>\n\n\n\n<p class=\"wp-block-paragraph\">Un palier facultatif est un palier non obligatoire, que l&rsquo;on r\u00e9alise tout de m\u00eame, \u00ab\u00a0par s\u00e9curit\u00e9\u00a0\u00bb.<\/p>\n\n\n\n<h2 class=\"wp-block-heading\">Justification<\/h2>\n\n\n\n<p class=\"wp-block-paragraph\">Les mod\u00e8les de d\u00e9saturation, programm\u00e9s dans un ordinateur de plong\u00e9e ou publi\u00e9s sous forme de tables pr\u00e9-calcul\u00e9es, ne sont qu&rsquo;une mod\u00e9lisation des phases de saturation et de d\u00e9saturation. Tout comme un mod\u00e8le m\u00e9t\u00e9o peut se tromper, un mod\u00e8le de d\u00e9saturation peut \u00e9galement se tromper.<\/p>\n\n\n\n<p class=\"wp-block-paragraph\">Il peut d&rsquo;autant plus se tromper que :<\/p>\n\n\n\n<ul class=\"wp-block-list\">\n<li>les phases de saturation et d\u00e9saturation ne sont pas conformes \u00e0 ses hypoth\u00e8ses : effort, froid, essoufflement conduisent \u00e0 emmagasiner plus d&rsquo;azote que ce que le mod\u00e8le pr\u00e9dit ;<\/li>\n\n\n\n<li>il est confront\u00e9 \u00e0 des situations hors de son cadre de validit\u00e9, qui augmentent le niveau de bulles cr\u00e9\u00e9es : remont\u00e9es rapides, plong\u00e9es yo-yo, plong\u00e9es en dents de scie, &#8230; qui sont <a href=\"https:\/\/www.plongee-plaisir.com\/fr\/remontee-rapide-et-protocole-de-desaturation\/\">dangereuses par nature<\/a> et augmentent les <a href=\"https:\/\/www.plongee-plaisir.com\/fr\/prevention-des-accidents-de-desaturation-add\/\">risques d&rsquo;accidents de d\u00e9saturation<\/a>.<\/li>\n<\/ul>\n\n\n\n<p class=\"wp-block-paragraph\">En cons\u00e9quence, \u00e0 titre de pr\u00e9caution, il est conseill\u00e9, en plus des paliers obligatoires (ou en l&rsquo;absence de paliers obligatoires) d&rsquo;effectuer des paliers dits \u00ab\u00a0de s\u00e9curit\u00e9\u00a0\u00bb ou \u00ab\u00a0facultatifs\u00a0\u00bb.<\/p>\n\n\n\n<h2 class=\"wp-block-heading\">Dur\u00e9e des paliers facultatifs ou de s\u00e9curit\u00e9<\/h2>\n\n\n\n<p class=\"wp-block-paragraph\">Ces paliers s&rsquo;effectuent en plus des paliers obligatoires ou en l&rsquo;absence de paliers obligatoires. La dur\u00e9e est donc inconnue puisque, par d\u00e9finition, ils sont pr\u00e9conis\u00e9s pour des situations inconnues du mod\u00e8le de d\u00e9saturation (ordinateurs ou tables).<\/p>\n\n\n\n<p class=\"wp-block-paragraph\">En standard, c&rsquo;est \u00e0 dire en l&rsquo;absence de toute information pr\u00e9cise sur le plongeur, ses facteurs favorisants, son profil de plong\u00e9e et son comportement il est conseill\u00e9, par pr\u00e9caution, de faire un palier facultatif ou de s\u00e9curit\u00e9 de 3 min \u00e0 3 m.<\/p>\n\n\n\n<p class=\"wp-block-paragraph\">Dans les faits, nous vous invitons \u00e0 consulter la Fiche Info Accro\u00eetre les paliers (obligatoires) : <a href=\"https:\/\/www.plongee-plaisir.com\/fr\/accroitre-les-paliers\/\">cliquez-ici<\/a>.<\/p>\n\n\n\n<h2 class=\"wp-block-heading\">Faut-il r\u00e9aliser ces paliers en toutes circonstances<\/h2>\n\n\n\n<p class=\"wp-block-paragraph\">Ces paliers facultatifs visent \u00e0 diminuer le risque d&rsquo;accident de d\u00e9saturation dans les cas o\u00f9 le plongeur se situe en dehors des hypoth\u00e8ses et du cadre d&rsquo;analyse du mod\u00e8le de d\u00e9saturation.<\/p>\n\n\n\n<p class=\"wp-block-paragraph\">Si l&rsquo;analyse b\u00e9n\u00e9fice\/risque conduit \u00e0 conclure qu&rsquo;il y a plus de risques \u00e0 les faire qu&rsquo;\u00e0 ne pas les faire, alors il ne faut pas les faire.<\/p>\n\n\n\n<p class=\"wp-block-paragraph\">Par exemple :<\/p>\n\n\n\n<ul class=\"wp-block-list\">\n<li>Si vous \u00eates en fin de plong\u00e9e avec mauvais temps, risque de d\u00e9rive car vous n&rsquo;avez pas retrouv\u00e9 le mouillage, etc. mais que la plong\u00e9e s&rsquo;est bien d\u00e9roul\u00e9e (pas d&rsquo;essoufflement, pas de yo-yo, pas de remont\u00e9e rapide, &#8230;) alors sans doute vaut-il mieux ne pas effectuer de paliers facultatifs.<\/li>\n\n\n\n<li>\u00c0 l&rsquo;inverse, m\u00eame si la plong\u00e9e s&rsquo;est bien d\u00e9roul\u00e9e, si les circonstances sont id\u00e9ales et que les paliers sont confortables, alors pourquoi s&rsquo;interdire de les allonger ?<\/li>\n\n\n\n<li>Autre cas : la m\u00e9t\u00e9o n&rsquo;est pas bonne, il y a eu beaucoup de courant, un plongeur s&rsquo;est essouffl\u00e9, un autre a eu froid : malgr\u00e9 les mauvaises circonstances il serait souhaitable de r\u00e9aliser un palier facultatif par s\u00e9curit\u00e9. <\/li>\n<\/ul>\n\n\n\n<p class=\"wp-block-paragraph\">Dans les faits, nous vous invitons \u00e0 consulter la Fiche Info Accro\u00eetre les paliers (obligatoires) : <a href=\"https:\/\/www.plongee-plaisir.com\/fr\/accroitre-les-paliers\/\">cliquez-ici<\/a>.<\/p>\n\n\n\n<h2 class=\"wp-block-heading\">Le palier optionnel est-il obligatoire pour les plong\u00e9es au-del\u00e0 de 30 m ?<\/h2>\n\n\n\n<p class=\"wp-block-paragraph\">Cette question, qui revient parfois, est reprise sur des sites web. Dire que \u00ab\u00a0les paliers optionnels sont obligatoires &#8230; pour les plong\u00e9es au-del\u00e0 de 30 m\u00a0\u00bb n&rsquo;a aucun sens et n&rsquo;est pas document\u00e9.<\/p>\n\n\n\n<p class=\"wp-block-paragraph\">Par d\u00e9finition, un palier \u00ab\u00a0facultatif\u00a0\u00bb n&rsquo;est pas \u00ab\u00a0obligatoire\u00a0\u00bb. On trouve tout sur le web, le pire comme le meilleur !<\/p>\n\n\n\n<h3 class=\"wp-block-heading\" id=\"voir-egalement--c8613e12-f1e0-4b33-90c9-6bec6c95f528\">Voir \u00e9galement :<\/h3>\n\n\n\n<ul class=\"wp-block-list\">\n<li><a href=\"https:\/\/www.plongee-plaisir.com\/fr\/la-notion-de-paliers\/\">La notion de paliers<\/a><\/li>\n\n\n\n<li><a href=\"https:\/\/www.plongee-plaisir.com\/fr\/paliers-obligatoires\/\">Paliers obligatoires<\/a><\/li>\n\n\n\n<li><a href=\"https:\/\/www.plongee-plaisir.com\/fr\/interruption-de-paliers\/\">Interruption des paliers obligatoires<\/a><\/li>\n\n\n\n<li><a href=\"https:\/\/www.plongee-plaisir.com\/fr\/accroitre-les-paliers\/\">Accro\u00eetre la dur\u00e9e des paliers<\/a><\/li>\n\n\n\n<li><a href=\"https:\/\/www.plongee-plaisir.com\/fr\/effectuer-le-palier-de-3-m-a-6-m\/\">Effectuer le palier de 3 m \u00e0 6 m ?<\/a><\/li>\n\n\n\n<li><a href=\"https:\/\/www.plongee-plaisir.com\/fr\/paliers-profonds-point-question\/\">Paliers profonds<\/a><\/li>\n\n\n\n<li><a href=\"https:\/\/www.plongee-plaisir.com\/fr\/pyle-stop\/\">\u00ab Pyle stops \u00bb<\/a><\/li>\n<\/ul>\n\n\n\n<p class=\"wp-block-paragraph\"><\/p>\n\n\n\n<p class=\"wp-block-paragraph\">\u00a9&nbsp;Extrait des&nbsp;<a href=\"https:\/\/www.plongee-plaisir.com\/fr\/livres-plongee\/\">livres Plong\u00e9e Plaisir<\/a>&nbsp;par Alain Foret aux Editions GAP.<br>Toute reproduction interdite sur quelque support que ce soit sans accord \u00e9crit de l\u2019\u00e9diteur et de l\u2019auteur.<\/p>\n\n\n\n<figure class=\"wp-block-image alignleft size-large is-resized is-style-default advgb-dyn-4d689736\"><img decoding=\"async\" src=\"https:\/\/www.plongee-plaisir.com\/fr\/wp-content\/uploads\/2021\/02\/carre.jpg\" alt=\"\" class=\"wp-image-48240\" width=\"30\" srcset=\"https:\/\/www.plongee-plaisir.com\/fr\/wp-content\/uploads\/2021\/02\/carre.jpg 102w, https:\/\/www.plongee-plaisir.com\/fr\/wp-content\/uploads\/2021\/02\/carre-100x100.jpg 100w\" sizes=\"(max-width: 102px) 100vw, 102px\" \/><\/figure>\n\n\n\n<p class=\"wp-block-paragraph\"><\/p>\n<style class=\"advgb-styles-renderer\">.wp-block-kadence-spacer.kt-block-spacer-_72b3a8-64 .kt-block-spacer{height:17px;}.wp-block-kadence-spacer.kt-block-spacer-_72b3a8-64 .kt-divider{border-top-width:10px;border-top-color:#249a06;width:100%;border-top-style:solid;}<\/style>","protected":false},"excerpt":{"rendered":"<p>FICHES INFO &gt; LES PALIERS Paliers facultatifs (dits \u00ab\u00a0de s\u00e9curit\u00e9\u00a0\u00bb) D\u00e9finition Un palier facultatif est un palier non obligatoire, que l&rsquo;on r\u00e9alise tout de m\u00eame, \u00ab\u00a0par s\u00e9curit\u00e9\u00a0\u00bb. Justification Les mod\u00e8les de d\u00e9saturation, programm\u00e9s dans un ordinateur de plong\u00e9e ou publi\u00e9s sous forme de tables pr\u00e9-calcul\u00e9es, ne sont qu&rsquo;une mod\u00e9lisation des phases de saturation et de [&hellip;]<\/p>\n","protected":false},"author":4,"featured_media":0,"parent":0,"menu_order":0,"comment_status":"closed","ping_status":"closed","template":"","meta":{"_crdt_document":"","_uag_custom_page_level_css":"","advgb_blocks_editor_width":"","advgb_blocks_columns_visual_guide":"","_genesis_hide_title":true,"_genesis_hide_breadcrumbs":false,"_genesis_hide_singular_image":false,"_genesis_hide_footer_widgets":false,"_genesis_custom_body_class":"","_genesis_custom_post_class":"","_genesis_layout":"content-sidebar","_vp_format_video_url":"","_vp_image_focal_point":[],"footnotes":""},"class_list":{"0":"post-49961","1":"page","2":"type-page","3":"status-publish","5":"entry"},"yoast_head":"<!-- This site is optimized with the Yoast SEO plugin v27.4 - https:\/\/yoast.com\/product\/yoast-seo-wordpress\/ -->\n<title>Paliers facultatifs (dits &quot;de s\u00e9curit\u00e9&quot;) - Plong\u00e9e Plaisir, site officiel<\/title>\n<meta name=\"robots\" content=\"index, follow, max-snippet:-1, max-image-preview:large, max-video-preview:-1\" \/>\n<link rel=\"canonical\" href=\"https:\/\/www.plongee-plaisir.com\/fr\/paliers-facultatifs-dits-de-securite\/\" \/>\n<meta property=\"og:locale\" content=\"fr_FR\" \/>\n<meta property=\"og:type\" content=\"article\" \/>\n<meta property=\"og:title\" content=\"Paliers facultatifs (dits &quot;de s\u00e9curit\u00e9&quot;) - Plong\u00e9e Plaisir, site officiel\" \/>\n<meta property=\"og:description\" content=\"FICHES INFO &gt; LES PALIERS Paliers facultatifs (dits \u00ab\u00a0de s\u00e9curit\u00e9\u00a0\u00bb) D\u00e9finition Un palier facultatif est un palier non obligatoire, que l&rsquo;on r\u00e9alise tout de m\u00eame, \u00ab\u00a0par s\u00e9curit\u00e9\u00a0\u00bb. Justification Les mod\u00e8les de d\u00e9saturation, programm\u00e9s dans un ordinateur de plong\u00e9e ou publi\u00e9s sous forme de tables pr\u00e9-calcul\u00e9es, ne sont qu&rsquo;une mod\u00e9lisation des phases de saturation et de [&hellip;]\" \/>\n<meta property=\"og:url\" content=\"https:\/\/www.plongee-plaisir.com\/fr\/paliers-facultatifs-dits-de-securite\/\" \/>\n<meta property=\"og:site_name\" content=\"Plong\u00e9e Plaisir, site officiel\" \/>\n<meta property=\"article:modified_time\" content=\"2022-09-15T13:41:06+00:00\" \/>\n<meta property=\"og:image\" content=\"https:\/\/www.plongee-plaisir.com\/fr\/wp-content\/uploads\/2021\/02\/carre.jpg\" \/>\n<meta name=\"twitter:card\" content=\"summary_large_image\" \/>\n<meta name=\"twitter:label1\" content=\"Dur\u00e9e de lecture estim\u00e9e\" \/>\n\t<meta name=\"twitter:data1\" content=\"4 minutes\" \/>\n<script type=\"application\/ld+json\" class=\"yoast-schema-graph\">{\"@context\":\"https:\\\/\\\/schema.org\",\"@graph\":[{\"@type\":\"WebPage\",\"@id\":\"https:\\\/\\\/www.plongee-plaisir.com\\\/fr\\\/paliers-facultatifs-dits-de-securite\\\/\",\"url\":\"https:\\\/\\\/www.plongee-plaisir.com\\\/fr\\\/paliers-facultatifs-dits-de-securite\\\/\",\"name\":\"Paliers facultatifs (dits \\\"de s\u00e9curit\u00e9\\\") - Plong\u00e9e Plaisir, site officiel\",\"isPartOf\":{\"@id\":\"https:\\\/\\\/www.plongee-plaisir.com\\\/fr\\\/#website\"},\"primaryImageOfPage\":{\"@id\":\"https:\\\/\\\/www.plongee-plaisir.com\\\/fr\\\/paliers-facultatifs-dits-de-securite\\\/#primaryimage\"},\"image\":{\"@id\":\"https:\\\/\\\/www.plongee-plaisir.com\\\/fr\\\/paliers-facultatifs-dits-de-securite\\\/#primaryimage\"},\"thumbnailUrl\":\"https:\\\/\\\/www.plongee-plaisir.com\\\/fr\\\/wp-content\\\/uploads\\\/2021\\\/02\\\/carre.jpg\",\"datePublished\":\"2021-03-23T18:31:15+00:00\",\"dateModified\":\"2022-09-15T13:41:06+00:00\",\"breadcrumb\":{\"@id\":\"https:\\\/\\\/www.plongee-plaisir.com\\\/fr\\\/paliers-facultatifs-dits-de-securite\\\/#breadcrumb\"},\"inLanguage\":\"fr-FR\",\"potentialAction\":[{\"@type\":\"ReadAction\",\"target\":[\"https:\\\/\\\/www.plongee-plaisir.com\\\/fr\\\/paliers-facultatifs-dits-de-securite\\\/\"]}]},{\"@type\":\"ImageObject\",\"inLanguage\":\"fr-FR\",\"@id\":\"https:\\\/\\\/www.plongee-plaisir.com\\\/fr\\\/paliers-facultatifs-dits-de-securite\\\/#primaryimage\",\"url\":\"https:\\\/\\\/www.plongee-plaisir.com\\\/fr\\\/wp-content\\\/uploads\\\/2021\\\/02\\\/carre.jpg\",\"contentUrl\":\"https:\\\/\\\/www.plongee-plaisir.com\\\/fr\\\/wp-content\\\/uploads\\\/2021\\\/02\\\/carre.jpg\",\"width\":102,\"height\":102},{\"@type\":\"BreadcrumbList\",\"@id\":\"https:\\\/\\\/www.plongee-plaisir.com\\\/fr\\\/paliers-facultatifs-dits-de-securite\\\/#breadcrumb\",\"itemListElement\":[{\"@type\":\"ListItem\",\"position\":1,\"name\":\"Accueil\",\"item\":\"https:\\\/\\\/www.plongee-plaisir.com\\\/fr\\\/\"},{\"@type\":\"ListItem\",\"position\":2,\"name\":\"Paliers facultatifs (dits \u00ab\u00a0de s\u00e9curit\u00e9\u00a0\u00bb)\"}]},{\"@type\":\"WebSite\",\"@id\":\"https:\\\/\\\/www.plongee-plaisir.com\\\/fr\\\/#website\",\"url\":\"https:\\\/\\\/www.plongee-plaisir.com\\\/fr\\\/\",\"name\":\"Plong\u00e9e Plaisir, site officiel\",\"description\":\"Apprendre \u00e0 plonger - Learning to dive\",\"potentialAction\":[{\"@type\":\"SearchAction\",\"target\":{\"@type\":\"EntryPoint\",\"urlTemplate\":\"https:\\\/\\\/www.plongee-plaisir.com\\\/fr\\\/?s={search_term_string}\"},\"query-input\":{\"@type\":\"PropertyValueSpecification\",\"valueRequired\":true,\"valueName\":\"search_term_string\"}}],\"inLanguage\":\"fr-FR\"}]}<\/script>\n<!-- \/ Yoast SEO plugin. -->","yoast_head_json":{"title":"Paliers facultatifs (dits \"de s\u00e9curit\u00e9\") - Plong\u00e9e Plaisir, site officiel","robots":{"index":"index","follow":"follow","max-snippet":"max-snippet:-1","max-image-preview":"max-image-preview:large","max-video-preview":"max-video-preview:-1"},"canonical":"https:\/\/www.plongee-plaisir.com\/fr\/paliers-facultatifs-dits-de-securite\/","og_locale":"fr_FR","og_type":"article","og_title":"Paliers facultatifs (dits \"de s\u00e9curit\u00e9\") - Plong\u00e9e Plaisir, site officiel","og_description":"FICHES INFO &gt; LES PALIERS Paliers facultatifs (dits \u00ab\u00a0de s\u00e9curit\u00e9\u00a0\u00bb) D\u00e9finition Un palier facultatif est un palier non obligatoire, que l&rsquo;on r\u00e9alise tout de m\u00eame, \u00ab\u00a0par s\u00e9curit\u00e9\u00a0\u00bb. Justification Les mod\u00e8les de d\u00e9saturation, programm\u00e9s dans un ordinateur de plong\u00e9e ou publi\u00e9s sous forme de tables pr\u00e9-calcul\u00e9es, ne sont qu&rsquo;une mod\u00e9lisation des phases de saturation et de [&hellip;]","og_url":"https:\/\/www.plongee-plaisir.com\/fr\/paliers-facultatifs-dits-de-securite\/","og_site_name":"Plong\u00e9e Plaisir, site officiel","article_modified_time":"2022-09-15T13:41:06+00:00","og_image":[{"url":"https:\/\/www.plongee-plaisir.com\/fr\/wp-content\/uploads\/2021\/02\/carre.jpg","type":"","width":"","height":""}],"twitter_card":"summary_large_image","twitter_misc":{"Dur\u00e9e de lecture estim\u00e9e":"4 minutes"},"schema":{"@context":"https:\/\/schema.org","@graph":[{"@type":"WebPage","@id":"https:\/\/www.plongee-plaisir.com\/fr\/paliers-facultatifs-dits-de-securite\/","url":"https:\/\/www.plongee-plaisir.com\/fr\/paliers-facultatifs-dits-de-securite\/","name":"Paliers facultatifs (dits \"de s\u00e9curit\u00e9\") - Plong\u00e9e Plaisir, site officiel","isPartOf":{"@id":"https:\/\/www.plongee-plaisir.com\/fr\/#website"},"primaryImageOfPage":{"@id":"https:\/\/www.plongee-plaisir.com\/fr\/paliers-facultatifs-dits-de-securite\/#primaryimage"},"image":{"@id":"https:\/\/www.plongee-plaisir.com\/fr\/paliers-facultatifs-dits-de-securite\/#primaryimage"},"thumbnailUrl":"https:\/\/www.plongee-plaisir.com\/fr\/wp-content\/uploads\/2021\/02\/carre.jpg","datePublished":"2021-03-23T18:31:15+00:00","dateModified":"2022-09-15T13:41:06+00:00","breadcrumb":{"@id":"https:\/\/www.plongee-plaisir.com\/fr\/paliers-facultatifs-dits-de-securite\/#breadcrumb"},"inLanguage":"fr-FR","potentialAction":[{"@type":"ReadAction","target":["https:\/\/www.plongee-plaisir.com\/fr\/paliers-facultatifs-dits-de-securite\/"]}]},{"@type":"ImageObject","inLanguage":"fr-FR","@id":"https:\/\/www.plongee-plaisir.com\/fr\/paliers-facultatifs-dits-de-securite\/#primaryimage","url":"https:\/\/www.plongee-plaisir.com\/fr\/wp-content\/uploads\/2021\/02\/carre.jpg","contentUrl":"https:\/\/www.plongee-plaisir.com\/fr\/wp-content\/uploads\/2021\/02\/carre.jpg","width":102,"height":102},{"@type":"BreadcrumbList","@id":"https:\/\/www.plongee-plaisir.com\/fr\/paliers-facultatifs-dits-de-securite\/#breadcrumb","itemListElement":[{"@type":"ListItem","position":1,"name":"Accueil","item":"https:\/\/www.plongee-plaisir.com\/fr\/"},{"@type":"ListItem","position":2,"name":"Paliers facultatifs (dits \u00ab\u00a0de s\u00e9curit\u00e9\u00a0\u00bb)"}]},{"@type":"WebSite","@id":"https:\/\/www.plongee-plaisir.com\/fr\/#website","url":"https:\/\/www.plongee-plaisir.com\/fr\/","name":"Plong\u00e9e Plaisir, site officiel","description":"Apprendre \u00e0 plonger - Learning to dive","potentialAction":[{"@type":"SearchAction","target":{"@type":"EntryPoint","urlTemplate":"https:\/\/www.plongee-plaisir.com\/fr\/?s={search_term_string}"},"query-input":{"@type":"PropertyValueSpecification","valueRequired":true,"valueName":"search_term_string"}}],"inLanguage":"fr-FR"}]}},"featured_image_src":null,"featured_image_src_square":null,"uagb_featured_image_src":{"full":false,"thumbnail":false,"medium":false,"medium_large":false,"large":false,"1536x1536":false,"2048x2048":false,"featured-content":false,"author-pro-image":false,"tb-timeline-landscape":false,"tb-timeline-square":false,"ultp_layout_landscape_large":false,"ultp_layout_landscape":false,"ultp_layout_portrait":false,"ultp_layout_square":false,"vp_sm":false,"vp_md":false,"vp_lg":false,"vp_xl":false,"vp_sm_popup":false,"vp_md_popup":false,"vp_xl_popup":false,"gb-block-post-grid-landscape":false,"gb-block-post-grid-square":false,"woocommerce_thumbnail":false,"woocommerce_single":false,"woocommerce_gallery_thumbnail":false,"web-stories-poster-portrait":false,"web-stories-publisher-logo":false,"web-stories-thumbnail":false,"sow-carousel-default":false},"uagb_author_info":{"display_name":"Alain Foret","author_link":"https:\/\/www.plongee-plaisir.com\/fr\/author\/plongeeplaisir\/"},"uagb_comment_info":0,"uagb_excerpt":"FICHES INFO &gt; LES PALIERS Paliers facultatifs (dits \u00ab\u00a0de s\u00e9curit\u00e9\u00a0\u00bb) D\u00e9finition Un palier facultatif est un palier non obligatoire, que l&rsquo;on r\u00e9alise tout de m\u00eame, \u00ab\u00a0par s\u00e9curit\u00e9\u00a0\u00bb. Justification Les mod\u00e8les de d\u00e9saturation, programm\u00e9s dans un ordinateur de plong\u00e9e ou publi\u00e9s sous forme de tables pr\u00e9-calcul\u00e9es, ne sont qu&rsquo;une mod\u00e9lisation des phases de saturation et de\u2026","coauthors":[],"author_meta":{"author_link":"https:\/\/www.plongee-plaisir.com\/fr\/author\/plongeeplaisir\/","display_name":"Alain Foret"},"relative_dates":{"created":"Publi\u00e9 5 ans il y a","modified":"Mis \u00e0 jour 4 ans il y a"},"absolute_dates":{"created":"Publi\u00e9 le 23 mars 2021","modified":"Mise \u00e0 jour le 15 septembre 2022"},"absolute_dates_time":{"created":"Publi\u00e9 le 23 mars 2021 19 h 31 min","modified":"Mise \u00e0 jour le 15 septembre 2022 15 h 41 min"},"featured_img_caption":"","featured_img":false,"series_order":"","amp_enabled":true,"_links":{"self":[{"href":"https:\/\/www.plongee-plaisir.com\/fr\/wp-json\/wp\/v2\/pages\/49961","targetHints":{"allow":["GET"]}}],"collection":[{"href":"https:\/\/www.plongee-plaisir.com\/fr\/wp-json\/wp\/v2\/pages"}],"about":[{"href":"https:\/\/www.plongee-plaisir.com\/fr\/wp-json\/wp\/v2\/types\/page"}],"author":[{"embeddable":true,"href":"https:\/\/www.plongee-plaisir.com\/fr\/wp-json\/wp\/v2\/users\/4"}],"replies":[{"embeddable":true,"href":"https:\/\/www.plongee-plaisir.com\/fr\/wp-json\/wp\/v2\/comments?post=49961"}],"version-history":[{"count":0,"href":"https:\/\/www.plongee-plaisir.com\/fr\/wp-json\/wp\/v2\/pages\/49961\/revisions"}],"wp:attachment":[{"href":"https:\/\/www.plongee-plaisir.com\/fr\/wp-json\/wp\/v2\/media?parent=49961"}],"curies":[{"name":"wp","href":"https:\/\/api.w.org\/{rel}","templated":true}]}}