{"id":50235,"date":"2021-03-28T19:46:31","date_gmt":"2021-03-28T17:46:31","guid":{"rendered":"https:\/\/www.plongee-plaisir.com\/fr\/?page_id=50235"},"modified":"2021-05-03T18:23:33","modified_gmt":"2021-05-03T16:23:33","slug":"sinformer","status":"publish","type":"page","link":"https:\/\/www.plongee-plaisir.com\/fr\/sinformer\/","title":{"rendered":"S&rsquo;informer"},"content":{"rendered":"\n<h1 class=\"has-text-align-center wp-block-heading\">VOUS INFORMER<\/h1>\n\n\n\n<p class=\"has-text-align-center wp-block-paragraph\"><a href=\"https:\/\/www.plongee-plaisir.com\/fr\/fiches-infos\/\">FICHES INFO<\/a> \u00a0\u2022\u00a0<a href=\"https:\/\/www.plongee-plaisir.com\/fr\/actualite-de-la-plongee\/\">ACTUALIT\u00c9S<\/a> \u00a0\u2022\u00a0<a href=\"https:\/\/www.plongee-plaisir.com\/fr\/bathyfolages-revue\/\">BATHYFOLAGES<\/a>\u00a0\u2022\u00a0<a href=\"https:\/\/www.plongee-plaisir.com\/fr\/zone-de-telechargement\/\">ESPACE T\u00c9L\u00c9CHARGEMENT<\/a><\/p>\n\n\n\n<div style=\"height:34px\" aria-hidden=\"true\" class=\"wp-block-spacer\"><\/div>\n\n\n\n<p class=\"has-text-align-center wp-block-paragraph\">En compl\u00e9ment des <a href=\"https:\/\/www.plongee-plaisir.com\/fr\/livres-plongee\/\">livres de formation<\/a> <em>Plong\u00e9e Plaisir<\/em>, ce site vous permet de vous informer, que ce soit par simple curiosit\u00e9, pour approfondir un sujet, pour plus d&rsquo;interactivit\u00e9 (ex. hyperliens permettant d&rsquo;acc\u00e9der aux textes r\u00e9glementaires) ou pour suivre l&rsquo;actualit\u00e9 plong\u00e9e.<\/p>\n\n\n\n<p class=\"has-text-align-center wp-block-paragraph\">Quatre ressources sont \u00e0 votre disposition : les <a href=\"https:\/\/www.plongee-plaisir.com\/fr\/fiches-infos\/\">Fiches Info<\/a> <em>Plong\u00e9e Plaisir<\/em>, une revue num\u00e9rique <a href=\"https:\/\/www.plongee-plaisir.com\/fr\/bathyfolages-revue\/\">Bathyfolages<\/a>, une zone de <a href=\"https:\/\/www.plongee-plaisir.com\/fr\/zone-telechargement\/\">t\u00e9l\u00e9chargement<\/a> et un fil de suivi de l&rsquo;<a href=\"https:\/\/www.plongee-plaisir.com\/fr\/actualite-de-la-plongee\/\">actualit\u00e9<\/a>.<\/p>\n\n\n\n<p class=\"wp-block-paragraph\"><\/p>\n\n\n\n<p class=\"wp-block-paragraph\"><\/p>\n","protected":false},"excerpt":{"rendered":"<p>VOUS INFORMER FICHES INFO \u00a0\u2022\u00a0ACTUALIT\u00c9S \u00a0\u2022\u00a0BATHYFOLAGES\u00a0\u2022\u00a0ESPACE T\u00c9L\u00c9CHARGEMENT En compl\u00e9ment des livres de formation Plong\u00e9e Plaisir, ce site vous permet de vous informer, que ce soit par simple curiosit\u00e9, pour approfondir un sujet, pour plus d&rsquo;interactivit\u00e9 (ex. hyperliens permettant d&rsquo;acc\u00e9der aux textes r\u00e9glementaires) ou pour suivre l&rsquo;actualit\u00e9 plong\u00e9e. Quatre ressources sont \u00e0 votre disposition : les [&hellip;]<\/p>\n","protected":false},"author":4,"featured_media":0,"parent":0,"menu_order":0,"comment_status":"closed","ping_status":"closed","template":"","meta":{"_crdt_document":"","_uag_custom_page_level_css":"","advgb_blocks_editor_width":"","advgb_blocks_columns_visual_guide":"","_genesis_hide_title":true,"_genesis_hide_breadcrumbs":false,"_genesis_hide_singular_image":false,"_genesis_hide_footer_widgets":false,"_genesis_custom_body_class":"","_genesis_custom_post_class":"","_genesis_layout":"","_vp_format_video_url":"","_vp_image_focal_point":[],"footnotes":""},"class_list":{"0":"post-50235","1":"page","2":"type-page","3":"status-publish","5":"entry"},"yoast_head":"<!-- This site is optimized with the Yoast SEO plugin v27.5 - https:\/\/yoast.com\/product\/yoast-seo-wordpress\/ -->\n<title>S&#039;informer - Plong\u00e9e Plaisir, site officiel<\/title>\n<meta name=\"robots\" content=\"index, follow, max-snippet:-1, max-image-preview:large, max-video-preview:-1\" \/>\n<link rel=\"canonical\" href=\"https:\/\/www.plongee-plaisir.com\/fr\/sinformer\/\" \/>\n<meta property=\"og:locale\" content=\"fr_FR\" \/>\n<meta property=\"og:type\" content=\"article\" \/>\n<meta property=\"og:title\" content=\"S&#039;informer - Plong\u00e9e Plaisir, site officiel\" \/>\n<meta property=\"og:description\" content=\"VOUS INFORMER FICHES INFO \u00a0\u2022\u00a0ACTUALIT\u00c9S \u00a0\u2022\u00a0BATHYFOLAGES\u00a0\u2022\u00a0ESPACE T\u00c9L\u00c9CHARGEMENT En compl\u00e9ment des livres de formation Plong\u00e9e Plaisir, ce site vous permet de vous informer, que ce soit par simple curiosit\u00e9, pour approfondir un sujet, pour plus d&rsquo;interactivit\u00e9 (ex. hyperliens permettant d&rsquo;acc\u00e9der aux textes r\u00e9glementaires) ou pour suivre l&rsquo;actualit\u00e9 plong\u00e9e. Quatre ressources sont \u00e0 votre disposition : les [&hellip;]\" \/>\n<meta property=\"og:url\" content=\"https:\/\/www.plongee-plaisir.com\/fr\/sinformer\/\" \/>\n<meta property=\"og:site_name\" content=\"Plong\u00e9e Plaisir, site officiel\" \/>\n<meta property=\"article:modified_time\" content=\"2021-05-03T16:23:33+00:00\" \/>\n<meta name=\"twitter:card\" content=\"summary_large_image\" \/>\n<meta name=\"twitter:label1\" content=\"Dur\u00e9e de lecture estim\u00e9e\" \/>\n\t<meta name=\"twitter:data1\" content=\"1 minute\" \/>\n<script type=\"application\/ld+json\" class=\"yoast-schema-graph\">{\"@context\":\"https:\\\/\\\/schema.org\",\"@graph\":[{\"@type\":\"WebPage\",\"@id\":\"https:\\\/\\\/www.plongee-plaisir.com\\\/fr\\\/sinformer\\\/\",\"url\":\"https:\\\/\\\/www.plongee-plaisir.com\\\/fr\\\/sinformer\\\/\",\"name\":\"S'informer - Plong\u00e9e Plaisir, site officiel\",\"isPartOf\":{\"@id\":\"https:\\\/\\\/www.plongee-plaisir.com\\\/fr\\\/#website\"},\"datePublished\":\"2021-03-28T17:46:31+00:00\",\"dateModified\":\"2021-05-03T16:23:33+00:00\",\"breadcrumb\":{\"@id\":\"https:\\\/\\\/www.plongee-plaisir.com\\\/fr\\\/sinformer\\\/#breadcrumb\"},\"inLanguage\":\"fr-FR\",\"potentialAction\":[{\"@type\":\"ReadAction\",\"target\":[\"https:\\\/\\\/www.plongee-plaisir.com\\\/fr\\\/sinformer\\\/\"]}]},{\"@type\":\"BreadcrumbList\",\"@id\":\"https:\\\/\\\/www.plongee-plaisir.com\\\/fr\\\/sinformer\\\/#breadcrumb\",\"itemListElement\":[{\"@type\":\"ListItem\",\"position\":1,\"name\":\"Accueil\",\"item\":\"https:\\\/\\\/www.plongee-plaisir.com\\\/fr\\\/\"},{\"@type\":\"ListItem\",\"position\":2,\"name\":\"S&rsquo;informer\"}]},{\"@type\":\"WebSite\",\"@id\":\"https:\\\/\\\/www.plongee-plaisir.com\\\/fr\\\/#website\",\"url\":\"https:\\\/\\\/www.plongee-plaisir.com\\\/fr\\\/\",\"name\":\"Plong\u00e9e Plaisir, site officiel\",\"description\":\"Apprendre \u00e0 plonger - Learning to dive\",\"potentialAction\":[{\"@type\":\"SearchAction\",\"target\":{\"@type\":\"EntryPoint\",\"urlTemplate\":\"https:\\\/\\\/www.plongee-plaisir.com\\\/fr\\\/?s={search_term_string}\"},\"query-input\":{\"@type\":\"PropertyValueSpecification\",\"valueRequired\":true,\"valueName\":\"search_term_string\"}}],\"inLanguage\":\"fr-FR\"}]}<\/script>\n<!-- \/ Yoast SEO plugin. -->","yoast_head_json":{"title":"S'informer - Plong\u00e9e Plaisir, site officiel","robots":{"index":"index","follow":"follow","max-snippet":"max-snippet:-1","max-image-preview":"max-image-preview:large","max-video-preview":"max-video-preview:-1"},"canonical":"https:\/\/www.plongee-plaisir.com\/fr\/sinformer\/","og_locale":"fr_FR","og_type":"article","og_title":"S'informer - Plong\u00e9e Plaisir, site officiel","og_description":"VOUS INFORMER FICHES INFO \u00a0\u2022\u00a0ACTUALIT\u00c9S \u00a0\u2022\u00a0BATHYFOLAGES\u00a0\u2022\u00a0ESPACE T\u00c9L\u00c9CHARGEMENT En compl\u00e9ment des livres de formation Plong\u00e9e Plaisir, ce site vous permet de vous informer, que ce soit par simple curiosit\u00e9, pour approfondir un sujet, pour plus d&rsquo;interactivit\u00e9 (ex. hyperliens permettant d&rsquo;acc\u00e9der aux textes r\u00e9glementaires) ou pour suivre l&rsquo;actualit\u00e9 plong\u00e9e. Quatre ressources sont \u00e0 votre disposition : les [&hellip;]","og_url":"https:\/\/www.plongee-plaisir.com\/fr\/sinformer\/","og_site_name":"Plong\u00e9e Plaisir, site officiel","article_modified_time":"2021-05-03T16:23:33+00:00","twitter_card":"summary_large_image","twitter_misc":{"Dur\u00e9e de lecture estim\u00e9e":"1 minute"},"schema":{"@context":"https:\/\/schema.org","@graph":[{"@type":"WebPage","@id":"https:\/\/www.plongee-plaisir.com\/fr\/sinformer\/","url":"https:\/\/www.plongee-plaisir.com\/fr\/sinformer\/","name":"S'informer - Plong\u00e9e Plaisir, site officiel","isPartOf":{"@id":"https:\/\/www.plongee-plaisir.com\/fr\/#website"},"datePublished":"2021-03-28T17:46:31+00:00","dateModified":"2021-05-03T16:23:33+00:00","breadcrumb":{"@id":"https:\/\/www.plongee-plaisir.com\/fr\/sinformer\/#breadcrumb"},"inLanguage":"fr-FR","potentialAction":[{"@type":"ReadAction","target":["https:\/\/www.plongee-plaisir.com\/fr\/sinformer\/"]}]},{"@type":"BreadcrumbList","@id":"https:\/\/www.plongee-plaisir.com\/fr\/sinformer\/#breadcrumb","itemListElement":[{"@type":"ListItem","position":1,"name":"Accueil","item":"https:\/\/www.plongee-plaisir.com\/fr\/"},{"@type":"ListItem","position":2,"name":"S&rsquo;informer"}]},{"@type":"WebSite","@id":"https:\/\/www.plongee-plaisir.com\/fr\/#website","url":"https:\/\/www.plongee-plaisir.com\/fr\/","name":"Plong\u00e9e Plaisir, site officiel","description":"Apprendre \u00e0 plonger - Learning to dive","potentialAction":[{"@type":"SearchAction","target":{"@type":"EntryPoint","urlTemplate":"https:\/\/www.plongee-plaisir.com\/fr\/?s={search_term_string}"},"query-input":{"@type":"PropertyValueSpecification","valueRequired":true,"valueName":"search_term_string"}}],"inLanguage":"fr-FR"}]}},"featured_image_src":null,"featured_image_src_square":null,"uagb_featured_image_src":{"full":false,"thumbnail":false,"medium":false,"medium_large":false,"large":false,"1536x1536":false,"2048x2048":false,"featured-content":false,"author-pro-image":false,"tb-timeline-landscape":false,"tb-timeline-square":false,"ultp_layout_landscape_large":false,"ultp_layout_landscape":false,"ultp_layout_portrait":false,"ultp_layout_square":false,"vp_sm":false,"vp_md":false,"vp_lg":false,"vp_xl":false,"vp_sm_popup":false,"vp_md_popup":false,"vp_xl_popup":false,"gb-block-post-grid-landscape":false,"gb-block-post-grid-square":false,"woocommerce_thumbnail":false,"woocommerce_single":false,"woocommerce_gallery_thumbnail":false,"sow-carousel-default":false},"uagb_author_info":{"display_name":"Alain Foret","author_link":"https:\/\/www.plongee-plaisir.com\/fr\/author\/plongeeplaisir\/"},"uagb_comment_info":0,"uagb_excerpt":"VOUS INFORMER FICHES INFO \u00a0\u2022\u00a0ACTUALIT\u00c9S \u00a0\u2022\u00a0BATHYFOLAGES\u00a0\u2022\u00a0ESPACE T\u00c9L\u00c9CHARGEMENT En compl\u00e9ment des livres de formation Plong\u00e9e Plaisir, ce site vous permet de vous informer, que ce soit par simple curiosit\u00e9, pour approfondir un sujet, pour plus d&rsquo;interactivit\u00e9 (ex. hyperliens permettant d&rsquo;acc\u00e9der aux textes r\u00e9glementaires) ou pour suivre l&rsquo;actualit\u00e9 plong\u00e9e. Quatre ressources sont \u00e0 votre disposition : les\u2026","coauthors":[],"author_meta":{"author_link":"https:\/\/www.plongee-plaisir.com\/fr\/author\/plongeeplaisir\/","display_name":"Alain Foret"},"relative_dates":{"created":"Publi\u00e9 5 ans il y a","modified":"Mis \u00e0 jour 5 ans il y a"},"absolute_dates":{"created":"Publi\u00e9 le 28 mars 2021","modified":"Mise \u00e0 jour le 3 mai 2021"},"absolute_dates_time":{"created":"Publi\u00e9 le 28 mars 2021 19 h 46 min","modified":"Mise \u00e0 jour le 3 mai 2021 18 h 23 min"},"featured_img_caption":"","featured_img":false,"series_order":"","amp_enabled":true,"_links":{"self":[{"href":"https:\/\/www.plongee-plaisir.com\/fr\/wp-json\/wp\/v2\/pages\/50235","targetHints":{"allow":["GET"]}}],"collection":[{"href":"https:\/\/www.plongee-plaisir.com\/fr\/wp-json\/wp\/v2\/pages"}],"about":[{"href":"https:\/\/www.plongee-plaisir.com\/fr\/wp-json\/wp\/v2\/types\/page"}],"author":[{"embeddable":true,"href":"https:\/\/www.plongee-plaisir.com\/fr\/wp-json\/wp\/v2\/users\/4"}],"replies":[{"embeddable":true,"href":"https:\/\/www.plongee-plaisir.com\/fr\/wp-json\/wp\/v2\/comments?post=50235"}],"version-history":[{"count":0,"href":"https:\/\/www.plongee-plaisir.com\/fr\/wp-json\/wp\/v2\/pages\/50235\/revisions"}],"wp:attachment":[{"href":"https:\/\/www.plongee-plaisir.com\/fr\/wp-json\/wp\/v2\/media?parent=50235"}],"curies":[{"name":"wp","href":"https:\/\/api.w.org\/{rel}","templated":true}]}}