{"id":50425,"date":"2021-03-30T14:05:16","date_gmt":"2021-03-30T12:05:16","guid":{"rendered":"https:\/\/www.plongee-plaisir.com\/fr\/?page_id=50425"},"modified":"2021-03-30T23:50:21","modified_gmt":"2021-03-30T21:50:21","slug":"espace-membres","status":"publish","type":"page","link":"https:\/\/www.plongee-plaisir.com\/fr\/espace-membres\/","title":{"rendered":"ESPACE MEMBRES"},"content":{"rendered":"\n<h1 class=\"has-text-align-center wp-block-heading\">ESPACE MEMBRES<\/h1>\n\n\n\n<p class=\"has-text-align-center wp-block-paragraph\">Rejoignez la tribu, devez Membre <em>Plong\u00e9e Plaisir<\/em> !<\/p>\n\n\n\n<div class=\"wp-block-image is-style-default\"><figure class=\"aligncenter size-large is-resized\"><img decoding=\"async\" src=\"https:\/\/www.plongee-plaisir.com\/fr\/wp-content\/uploads\/2021\/03\/membre.jpg\" alt=\"\" class=\"wp-image-50290\" width=\"300\" srcset=\"https:\/\/www.plongee-plaisir.com\/fr\/wp-content\/uploads\/2021\/03\/membre.jpg 1024w, https:\/\/www.plongee-plaisir.com\/fr\/wp-content\/uploads\/2021\/03\/membre-300x193.jpg 300w, https:\/\/www.plongee-plaisir.com\/fr\/wp-content\/uploads\/2021\/03\/membre-600x387.jpg 600w, https:\/\/www.plongee-plaisir.com\/fr\/wp-content\/uploads\/2021\/03\/membre-768x495.jpg 768w\" sizes=\"(max-width: 1024px) 100vw, 1024px\" \/><\/figure><\/div>\n\n\n\n<p class=\"wp-block-paragraph\">L&rsquo;espace membres vous permet d&rsquo;acc\u00e9der :<\/p>\n\n\n\n<ul class=\"wp-block-list\"><li>aux <em>Fiches Info Plong\u00e9e Plaisir<\/em> r\u00e9serv\u00e9es aux membres ;<\/li><li>\u00e0 la zone de t\u00e9l\u00e9chargement ;<\/li><li>\u00e0 la revue num\u00e9rique Bathyfolages ;<\/li><li>\u00e0 la zone de e-learning <em>Plong\u00e9e Plaisir <\/em>: l&rsquo;Amphith\u00e9\u00e2tre.<\/li><\/ul>\n\n\n\n<p class=\"wp-block-paragraph\">Cet acc\u00e8s vous permet \u00e9galement de b\u00e9n\u00e9ficier de r\u00e9ductions ou de gratuit\u00e9s dans le cadre de certaines formations ou conf\u00e9rences en ligne propos\u00e9es par l&rsquo;Amphith\u00e9\u00e2tre <em>Plong\u00e9e Plaisir.<\/em><\/p>\n\n\n\n<p class=\"wp-block-paragraph\">L&rsquo;inscription est gratuite, elle suppose d&rsquo;accepter les <a href=\"https:\/\/www.plongee-plaisir.com\/fr\/cgu-membres\/\">Conditions G\u00e9n\u00e9rales d&rsquo;Utilisation (CGU<\/a>) qui peuvent se r\u00e9sumer \u00e0 accepter de recevoir les informations en provenance de Plong\u00e9e Plaisir : mises \u00e0 jour des livres, nouvelles parutions, actualit\u00e9 de la plong\u00e9e. Plong\u00e9e Plaisir est un site sans publicit\u00e9.<\/p>\n\n\n\n<p class=\"wp-block-paragraph\">Vous souhaitez devenir membre : <a href=\"https:\/\/www.plongee-plaisir.com\/fr\/join-us\/registration\/\">inscrivez-vous<\/a>. L&rsquo;inscription se fait en deux temps : une fois que vous avez renseign\u00e9 les informations demand\u00e9es, vous recevez un e-mail (pensez \u00e0 regarder dans les spams ou courriers ind\u00e9sirables) auquel vous devez r\u00e9pondre pour compl\u00e9ter et finaliser votre inscription.<\/p>\n\n\n\n<div style=\"height:20px\" aria-hidden=\"true\" class=\"wp-block-spacer\"><\/div>\n\n\n\n<div class=\"wp-block-kadence-advancedbtn kt-btn-align-center kt-btn-tablet-align-inherit kt-btn-mobile-align-inherit kt-btns-wrap kt-btns_2d19db-91\"><div class=\"kt-btn-wrap kt-btn-wrap-0\"><a class=\"kt-button button kt-btn-0-action kt-btn-size-standard kt-btn-style-basic kt-btn-svg-show-always kt-btn-has-text-true kt-btn-has-svg-false\" href=\"https:\/\/www.plongee-plaisir.com\/fr\/join-us\/registration\/\" style=\"border-width:0px\"><span class=\"kt-btn-inner-text\">INSCRIPTION<\/span><\/a><\/div><\/div>\n\n\n\n<p class=\"wp-block-paragraph\">Bulles cordiales.<br><em>Plong\u00e9e Plaisir<\/em><\/p>\n<style class=\"advgb-styles-renderer\">.wp-block-kadence-advancedbtn.kb-btns_2d19db-91{gap:var(--global-kb-gap-xs, 0.5rem );justify-content:center;align-items:center;}.kt-btns_2d19db-91 .kt-button{font-weight:normal;font-style:normal;}.kt-btns_2d19db-91 .kt-btn-wrap-0{margin-right:5px;}.wp-block-kadence-advancedbtn.kt-btns_2d19db-91 .kt-btn-wrap-0 .kt-button{color:#ffffff;background:#ee19a7;border-color:#555555;}.wp-block-kadence-advancedbtn.kt-btns_2d19db-91 .kt-btn-wrap-0 .kt-button:hover, .wp-block-kadence-advancedbtn.kt-btns_2d19db-91 .kt-btn-wrap-0 .kt-button:focus{color:#ffffff;border-color:#444444;}.wp-block-kadence-advancedbtn.kt-btns_2d19db-91 .kt-btn-wrap-0 .kt-button::before{display:none;}.wp-block-kadence-advancedbtn.kt-btns_2d19db-91 .kt-btn-wrap-0 .kt-button:hover, .wp-block-kadence-advancedbtn.kt-btns_2d19db-91 .kt-btn-wrap-0 .kt-button:focus{background:#db0995;}<\/style>","protected":false},"excerpt":{"rendered":"<p>ESPACE MEMBRES Rejoignez la tribu, devez Membre Plong\u00e9e Plaisir ! L&rsquo;espace membres vous permet d&rsquo;acc\u00e9der : aux Fiches Info Plong\u00e9e Plaisir r\u00e9serv\u00e9es aux membres ; \u00e0 la zone de t\u00e9l\u00e9chargement ; \u00e0 la revue num\u00e9rique Bathyfolages ; \u00e0 la zone de e-learning Plong\u00e9e Plaisir : l&rsquo;Amphith\u00e9\u00e2tre. Cet acc\u00e8s vous permet \u00e9galement de b\u00e9n\u00e9ficier de r\u00e9ductions [&hellip;]<\/p>\n","protected":false},"author":4,"featured_media":0,"parent":0,"menu_order":0,"comment_status":"closed","ping_status":"closed","template":"","meta":{"_crdt_document":"","_uag_custom_page_level_css":"","advgb_blocks_editor_width":"","advgb_blocks_columns_visual_guide":"","_genesis_hide_title":true,"_genesis_hide_breadcrumbs":false,"_genesis_hide_singular_image":false,"_genesis_hide_footer_widgets":false,"_genesis_custom_body_class":"","_genesis_custom_post_class":"","_genesis_layout":"","_vp_format_video_url":"","_vp_image_focal_point":[],"footnotes":""},"class_list":{"0":"post-50425","1":"page","2":"type-page","3":"status-publish","5":"entry"},"yoast_head":"<!-- This site is optimized with the Yoast SEO plugin v27.3 - https:\/\/yoast.com\/product\/yoast-seo-wordpress\/ -->\n<title>ESPACE MEMBRES - Plong\u00e9e Plaisir, site officiel<\/title>\n<meta name=\"robots\" content=\"index, follow, max-snippet:-1, max-image-preview:large, max-video-preview:-1\" \/>\n<link rel=\"canonical\" href=\"https:\/\/www.plongee-plaisir.com\/fr\/espace-membres\/\" \/>\n<meta property=\"og:locale\" content=\"fr_FR\" \/>\n<meta property=\"og:type\" content=\"article\" \/>\n<meta property=\"og:title\" content=\"ESPACE MEMBRES - Plong\u00e9e Plaisir, site officiel\" \/>\n<meta property=\"og:description\" content=\"ESPACE MEMBRES Rejoignez la tribu, devez Membre Plong\u00e9e Plaisir ! L&rsquo;espace membres vous permet d&rsquo;acc\u00e9der : aux Fiches Info Plong\u00e9e Plaisir r\u00e9serv\u00e9es aux membres ; \u00e0 la zone de t\u00e9l\u00e9chargement ; \u00e0 la revue num\u00e9rique Bathyfolages ; \u00e0 la zone de e-learning Plong\u00e9e Plaisir : l&rsquo;Amphith\u00e9\u00e2tre. Cet acc\u00e8s vous permet \u00e9galement de b\u00e9n\u00e9ficier de r\u00e9ductions [&hellip;]\" \/>\n<meta property=\"og:url\" content=\"https:\/\/www.plongee-plaisir.com\/fr\/espace-membres\/\" \/>\n<meta property=\"og:site_name\" content=\"Plong\u00e9e Plaisir, site officiel\" \/>\n<meta property=\"article:modified_time\" content=\"2021-03-30T21:50:21+00:00\" \/>\n<meta property=\"og:image\" content=\"https:\/\/www.plongee-plaisir.com\/fr\/wp-content\/uploads\/2021\/03\/membre.jpg\" \/>\n<meta name=\"twitter:card\" content=\"summary_large_image\" \/>\n<meta name=\"twitter:label1\" content=\"Dur\u00e9e de lecture estim\u00e9e\" \/>\n\t<meta name=\"twitter:data1\" content=\"1 minute\" \/>\n<script type=\"application\/ld+json\" class=\"yoast-schema-graph\">{\"@context\":\"https:\\\/\\\/schema.org\",\"@graph\":[{\"@type\":\"WebPage\",\"@id\":\"https:\\\/\\\/www.plongee-plaisir.com\\\/fr\\\/espace-membres\\\/\",\"url\":\"https:\\\/\\\/www.plongee-plaisir.com\\\/fr\\\/espace-membres\\\/\",\"name\":\"ESPACE MEMBRES - Plong\u00e9e Plaisir, site officiel\",\"isPartOf\":{\"@id\":\"https:\\\/\\\/www.plongee-plaisir.com\\\/fr\\\/#website\"},\"primaryImageOfPage\":{\"@id\":\"https:\\\/\\\/www.plongee-plaisir.com\\\/fr\\\/espace-membres\\\/#primaryimage\"},\"image\":{\"@id\":\"https:\\\/\\\/www.plongee-plaisir.com\\\/fr\\\/espace-membres\\\/#primaryimage\"},\"thumbnailUrl\":\"https:\\\/\\\/www.plongee-plaisir.com\\\/fr\\\/wp-content\\\/uploads\\\/2021\\\/03\\\/membre.jpg\",\"datePublished\":\"2021-03-30T12:05:16+00:00\",\"dateModified\":\"2021-03-30T21:50:21+00:00\",\"breadcrumb\":{\"@id\":\"https:\\\/\\\/www.plongee-plaisir.com\\\/fr\\\/espace-membres\\\/#breadcrumb\"},\"inLanguage\":\"fr-FR\",\"potentialAction\":[{\"@type\":\"ReadAction\",\"target\":[\"https:\\\/\\\/www.plongee-plaisir.com\\\/fr\\\/espace-membres\\\/\"]}]},{\"@type\":\"ImageObject\",\"inLanguage\":\"fr-FR\",\"@id\":\"https:\\\/\\\/www.plongee-plaisir.com\\\/fr\\\/espace-membres\\\/#primaryimage\",\"url\":\"https:\\\/\\\/www.plongee-plaisir.com\\\/fr\\\/wp-content\\\/uploads\\\/2021\\\/03\\\/membre.jpg\",\"contentUrl\":\"https:\\\/\\\/www.plongee-plaisir.com\\\/fr\\\/wp-content\\\/uploads\\\/2021\\\/03\\\/membre.jpg\",\"width\":1024,\"height\":660},{\"@type\":\"BreadcrumbList\",\"@id\":\"https:\\\/\\\/www.plongee-plaisir.com\\\/fr\\\/espace-membres\\\/#breadcrumb\",\"itemListElement\":[{\"@type\":\"ListItem\",\"position\":1,\"name\":\"Accueil\",\"item\":\"https:\\\/\\\/www.plongee-plaisir.com\\\/fr\\\/\"},{\"@type\":\"ListItem\",\"position\":2,\"name\":\"ESPACE MEMBRES\"}]},{\"@type\":\"WebSite\",\"@id\":\"https:\\\/\\\/www.plongee-plaisir.com\\\/fr\\\/#website\",\"url\":\"https:\\\/\\\/www.plongee-plaisir.com\\\/fr\\\/\",\"name\":\"Plong\u00e9e Plaisir, site officiel\",\"description\":\"Apprendre \u00e0 plonger - Learning to dive\",\"potentialAction\":[{\"@type\":\"SearchAction\",\"target\":{\"@type\":\"EntryPoint\",\"urlTemplate\":\"https:\\\/\\\/www.plongee-plaisir.com\\\/fr\\\/?s={search_term_string}\"},\"query-input\":{\"@type\":\"PropertyValueSpecification\",\"valueRequired\":true,\"valueName\":\"search_term_string\"}}],\"inLanguage\":\"fr-FR\"}]}<\/script>\n<!-- \/ Yoast SEO plugin. -->","yoast_head_json":{"title":"ESPACE MEMBRES - Plong\u00e9e Plaisir, site officiel","robots":{"index":"index","follow":"follow","max-snippet":"max-snippet:-1","max-image-preview":"max-image-preview:large","max-video-preview":"max-video-preview:-1"},"canonical":"https:\/\/www.plongee-plaisir.com\/fr\/espace-membres\/","og_locale":"fr_FR","og_type":"article","og_title":"ESPACE MEMBRES - Plong\u00e9e Plaisir, site officiel","og_description":"ESPACE MEMBRES Rejoignez la tribu, devez Membre Plong\u00e9e Plaisir ! L&rsquo;espace membres vous permet d&rsquo;acc\u00e9der : aux Fiches Info Plong\u00e9e Plaisir r\u00e9serv\u00e9es aux membres ; \u00e0 la zone de t\u00e9l\u00e9chargement ; \u00e0 la revue num\u00e9rique Bathyfolages ; \u00e0 la zone de e-learning Plong\u00e9e Plaisir : l&rsquo;Amphith\u00e9\u00e2tre. Cet acc\u00e8s vous permet \u00e9galement de b\u00e9n\u00e9ficier de r\u00e9ductions [&hellip;]","og_url":"https:\/\/www.plongee-plaisir.com\/fr\/espace-membres\/","og_site_name":"Plong\u00e9e Plaisir, site officiel","article_modified_time":"2021-03-30T21:50:21+00:00","og_image":[{"url":"https:\/\/www.plongee-plaisir.com\/fr\/wp-content\/uploads\/2021\/03\/membre.jpg","type":"","width":"","height":""}],"twitter_card":"summary_large_image","twitter_misc":{"Dur\u00e9e de lecture estim\u00e9e":"1 minute"},"schema":{"@context":"https:\/\/schema.org","@graph":[{"@type":"WebPage","@id":"https:\/\/www.plongee-plaisir.com\/fr\/espace-membres\/","url":"https:\/\/www.plongee-plaisir.com\/fr\/espace-membres\/","name":"ESPACE MEMBRES - Plong\u00e9e Plaisir, site officiel","isPartOf":{"@id":"https:\/\/www.plongee-plaisir.com\/fr\/#website"},"primaryImageOfPage":{"@id":"https:\/\/www.plongee-plaisir.com\/fr\/espace-membres\/#primaryimage"},"image":{"@id":"https:\/\/www.plongee-plaisir.com\/fr\/espace-membres\/#primaryimage"},"thumbnailUrl":"https:\/\/www.plongee-plaisir.com\/fr\/wp-content\/uploads\/2021\/03\/membre.jpg","datePublished":"2021-03-30T12:05:16+00:00","dateModified":"2021-03-30T21:50:21+00:00","breadcrumb":{"@id":"https:\/\/www.plongee-plaisir.com\/fr\/espace-membres\/#breadcrumb"},"inLanguage":"fr-FR","potentialAction":[{"@type":"ReadAction","target":["https:\/\/www.plongee-plaisir.com\/fr\/espace-membres\/"]}]},{"@type":"ImageObject","inLanguage":"fr-FR","@id":"https:\/\/www.plongee-plaisir.com\/fr\/espace-membres\/#primaryimage","url":"https:\/\/www.plongee-plaisir.com\/fr\/wp-content\/uploads\/2021\/03\/membre.jpg","contentUrl":"https:\/\/www.plongee-plaisir.com\/fr\/wp-content\/uploads\/2021\/03\/membre.jpg","width":1024,"height":660},{"@type":"BreadcrumbList","@id":"https:\/\/www.plongee-plaisir.com\/fr\/espace-membres\/#breadcrumb","itemListElement":[{"@type":"ListItem","position":1,"name":"Accueil","item":"https:\/\/www.plongee-plaisir.com\/fr\/"},{"@type":"ListItem","position":2,"name":"ESPACE MEMBRES"}]},{"@type":"WebSite","@id":"https:\/\/www.plongee-plaisir.com\/fr\/#website","url":"https:\/\/www.plongee-plaisir.com\/fr\/","name":"Plong\u00e9e Plaisir, site officiel","description":"Apprendre \u00e0 plonger - Learning to dive","potentialAction":[{"@type":"SearchAction","target":{"@type":"EntryPoint","urlTemplate":"https:\/\/www.plongee-plaisir.com\/fr\/?s={search_term_string}"},"query-input":{"@type":"PropertyValueSpecification","valueRequired":true,"valueName":"search_term_string"}}],"inLanguage":"fr-FR"}]}},"featured_image_src":null,"featured_image_src_square":null,"uagb_featured_image_src":{"full":false,"thumbnail":false,"medium":false,"medium_large":false,"large":false,"1536x1536":false,"2048x2048":false,"featured-content":false,"author-pro-image":false,"tb-timeline-landscape":false,"tb-timeline-square":false,"ultp_layout_landscape_large":false,"ultp_layout_landscape":false,"ultp_layout_portrait":false,"ultp_layout_square":false,"vp_sm":false,"vp_md":false,"vp_lg":false,"vp_xl":false,"vp_sm_popup":false,"vp_md_popup":false,"vp_xl_popup":false,"gb-block-post-grid-landscape":false,"gb-block-post-grid-square":false,"woocommerce_thumbnail":false,"woocommerce_single":false,"woocommerce_gallery_thumbnail":false,"web-stories-poster-portrait":false,"web-stories-publisher-logo":false,"web-stories-thumbnail":false,"sow-carousel-default":false},"uagb_author_info":{"display_name":"Alain Foret","author_link":"https:\/\/www.plongee-plaisir.com\/fr\/author\/plongeeplaisir\/"},"uagb_comment_info":0,"uagb_excerpt":"ESPACE MEMBRES Rejoignez la tribu, devez Membre Plong\u00e9e Plaisir ! L&rsquo;espace membres vous permet d&rsquo;acc\u00e9der : aux Fiches Info Plong\u00e9e Plaisir r\u00e9serv\u00e9es aux membres ; \u00e0 la zone de t\u00e9l\u00e9chargement ; \u00e0 la revue num\u00e9rique Bathyfolages ; \u00e0 la zone de e-learning Plong\u00e9e Plaisir : l&rsquo;Amphith\u00e9\u00e2tre. Cet acc\u00e8s vous permet \u00e9galement de b\u00e9n\u00e9ficier de r\u00e9ductions\u2026","coauthors":[],"author_meta":{"author_link":"https:\/\/www.plongee-plaisir.com\/fr\/author\/plongeeplaisir\/","display_name":"Alain Foret"},"relative_dates":{"created":"Publi\u00e9 5 ans il y a","modified":"Mis \u00e0 jour 5 ans il y a"},"absolute_dates":{"created":"Publi\u00e9 le 30 mars 2021","modified":"Mise \u00e0 jour le 30 mars 2021"},"absolute_dates_time":{"created":"Publi\u00e9 le 30 mars 2021 14 h 05 min","modified":"Mise \u00e0 jour le 30 mars 2021 23 h 50 min"},"featured_img_caption":"","featured_img":false,"series_order":"","amp_enabled":true,"_links":{"self":[{"href":"https:\/\/www.plongee-plaisir.com\/fr\/wp-json\/wp\/v2\/pages\/50425","targetHints":{"allow":["GET"]}}],"collection":[{"href":"https:\/\/www.plongee-plaisir.com\/fr\/wp-json\/wp\/v2\/pages"}],"about":[{"href":"https:\/\/www.plongee-plaisir.com\/fr\/wp-json\/wp\/v2\/types\/page"}],"author":[{"embeddable":true,"href":"https:\/\/www.plongee-plaisir.com\/fr\/wp-json\/wp\/v2\/users\/4"}],"replies":[{"embeddable":true,"href":"https:\/\/www.plongee-plaisir.com\/fr\/wp-json\/wp\/v2\/comments?post=50425"}],"version-history":[{"count":0,"href":"https:\/\/www.plongee-plaisir.com\/fr\/wp-json\/wp\/v2\/pages\/50425\/revisions"}],"wp:attachment":[{"href":"https:\/\/www.plongee-plaisir.com\/fr\/wp-json\/wp\/v2\/media?parent=50425"}],"curies":[{"name":"wp","href":"https:\/\/api.w.org\/{rel}","templated":true}]}}