{"id":51045,"date":"2021-04-04T18:43:53","date_gmt":"2021-04-04T16:43:53","guid":{"rendered":"https:\/\/www.plongee-plaisir.com\/fr\/?page_id=51045"},"modified":"2021-04-04T20:09:23","modified_gmt":"2021-04-04T18:09:23","slug":"gonflage-des-bouteilles-coronavirus","status":"publish","type":"page","link":"https:\/\/www.plongee-plaisir.com\/fr\/gonflage-des-bouteilles-coronavirus\/","title":{"rendered":"Gonflage des bouteilles &#038; coronavirus"},"content":{"rendered":"\n<p class=\"has-text-color has-normal-font-size wp-block-paragraph\" style=\"color:#7d858b\"><a href=\"https:\/\/www.plongee-plaisir.com\/fr\/fiches-infos\/\">FICHES INFO<\/a> &gt; \u00c9TABLISSEMENTS D&rsquo;APS<\/p>\n\n\n\n<div class=\"wp-block-kadence-spacer aligncenter kt-block-spacer-_72b3a8-64\"><div class=\"kt-block-spacer kt-block-spacer-halign-center\" style=\"height:17px\"><hr class=\"kt-divider\" style=\"border-top-color:rgba(171, 184, 195, 1);border-top-width:10px;width:100%;border-top-style:solid\"\/><\/div><\/div>\n\n\n\n<h1 class=\"wp-block-heading\">Gonglage des bouteilles &amp; coronavirus<\/h1>\n\n\n\n<div class=\"wp-block-media-text alignwide has-media-on-the-right is-stacked-on-mobile has-background\" style=\"background-color:#f2f4f6;grid-template-columns:auto 35%\"><figure class=\"wp-block-media-text__media\"><img decoding=\"async\" width=\"698\" height=\"1024\" src=\"https:\/\/www.plongee-plaisir.com\/fr\/wp-content\/uploads\/2020\/05\/plongee-coronavirus-air-comprime_Page_1-698x1024.png\" alt=\"\" class=\"wp-image-34385 size-full\" srcset=\"https:\/\/www.plongee-plaisir.com\/fr\/wp-content\/uploads\/2020\/05\/plongee-coronavirus-air-comprime_Page_1-698x1024.png 698w, https:\/\/www.plongee-plaisir.com\/fr\/wp-content\/uploads\/2020\/05\/plongee-coronavirus-air-comprime_Page_1-300x440.png 300w, https:\/\/www.plongee-plaisir.com\/fr\/wp-content\/uploads\/2020\/05\/plongee-coronavirus-air-comprime_Page_1-600x880.png 600w, https:\/\/www.plongee-plaisir.com\/fr\/wp-content\/uploads\/2020\/05\/plongee-coronavirus-air-comprime_Page_1-205x300.png 205w, https:\/\/www.plongee-plaisir.com\/fr\/wp-content\/uploads\/2020\/05\/plongee-coronavirus-air-comprime_Page_1-768x1127.png 768w, https:\/\/www.plongee-plaisir.com\/fr\/wp-content\/uploads\/2020\/05\/plongee-coronavirus-air-comprime_Page_1-1047x1536.png 1047w, https:\/\/www.plongee-plaisir.com\/fr\/wp-content\/uploads\/2020\/05\/plongee-coronavirus-air-comprime_Page_1-1396x2048.png 1396w, https:\/\/www.plongee-plaisir.com\/fr\/wp-content\/uploads\/2020\/05\/plongee-coronavirus-air-comprime_Page_1.png 1949w\" sizes=\"(max-width: 698px) 100vw, 698px\" \/><\/figure><div class=\"wp-block-media-text__content\">\n<p class=\"has-vivid-cyan-blue-color has-text-color has-small-font-size wp-block-paragraph\">Fiche Information Plong\u00e9e Plaisir<\/p>\n\n\n\n<p class=\"has-normal-font-size wp-block-paragraph\">Les \u00ab gouttelettes \u00bb expir\u00e9es par une personne pouvant \u00eatre :<\/p>\n\n\n\n<ul class=\"wp-block-list\"><li>tr\u00e8s petites, de l\u2019ordre de 0,5 micron ;<\/li><li>se propager sous forme d&rsquo;a\u00e9rosols (dans l&rsquo;air ambiant) ;<\/li><li>ne pas \u00eatre arr\u00eat\u00e9es par les filtres de compresseurs les plus sophistiqu\u00e9s (la dimension maximum des particules qui peuvent traverser les filtres varie de 1 \u00e0 10 microns).<\/li><\/ul>\n\n\n\n<p class=\"wp-block-paragraph\">Quelles pr\u00e9cautions doit-on prendre pour le gonflage durant la p\u00e9riode de SARS-CoV-2 ?<\/p>\n\n\n\n<div class=\"wp-block-kadence-advancedbtn kt-btn-align-center kt-btn-tablet-align-inherit kt-btn-mobile-align-inherit kt-btns-wrap kt-btns_102599-99\"><div class=\"kt-btn-wrap kt-btn-wrap-0\"><a class=\"kt-button button kt-btn-0-action kt-btn-size-standard kt-btn-style-basic kt-btn-svg-show-always kt-btn-has-text-true kt-btn-has-svg-false\" href=\"https:\/\/www.plongee-plaisir.com\/fr\/download\/34382\/\" target=\"_blank\" rel=\"noreferrer noopener\"><span class=\"kt-btn-inner-text\">T\u00e9l\u00e9charger (pdf)<\/span><\/a><\/div><\/div>\n<\/div><\/div>\n\n\n\n<div style=\"height:16px\" aria-hidden=\"true\" class=\"wp-block-spacer\"><\/div>\n\n\n\n<p class=\"wp-block-paragraph\">\u00a9 Extrait des&nbsp;<a href=\"https:\/\/www.plongee-plaisir.com\/fr\/livres-plongee\/\">livres Plong\u00e9e Plaisir<\/a>&nbsp;par Alain Foret aux Editions GAP.<br>Toute reproduction interdite sur quelque support que ce soit sans accord \u00e9crit de l\u2019\u00e9diteur et de l\u2019auteur.<\/p>\n\n\n\n<div class=\"wp-block-image is-style-default\"><figure class=\"alignleft size-large is-resized\"><img decoding=\"async\" src=\"https:\/\/www.plongee-plaisir.com\/fr\/wp-content\/uploads\/2021\/02\/carre.jpg\" alt=\"\" class=\"wp-image-48240\" width=\"30\" srcset=\"https:\/\/www.plongee-plaisir.com\/fr\/wp-content\/uploads\/2021\/02\/carre.jpg 102w, https:\/\/www.plongee-plaisir.com\/fr\/wp-content\/uploads\/2021\/02\/carre-100x100.jpg 100w\" sizes=\"(max-width: 102px) 100vw, 102px\" \/><\/figure><\/div>\n\n\n\n<p class=\"wp-block-paragraph\"><\/p>\n<style class=\"advgb-styles-renderer\">.wp-block-kadence-spacer.kt-block-spacer-_72b3a8-64 .kt-block-spacer{height:17px;}.wp-block-kadence-spacer.kt-block-spacer-_72b3a8-64 .kt-divider{border-top-width:10px;border-top-color:#abb8c3;width:100%;border-top-style:solid;}.wp-block-kadence-advancedbtn.kb-btns_102599-99{gap:var(--global-kb-gap-xs, 0.5rem );justify-content:center;align-items:center;}.kt-btns_102599-99 .kt-button{font-weight:normal;font-style:normal;}.kt-btns_102599-99 .kt-btn-wrap-0{margin-right:5px;}.wp-block-kadence-advancedbtn.kt-btns_102599-99 .kt-btn-wrap-0 .kt-button{color:#555555;border-color:#555555;}.wp-block-kadence-advancedbtn.kt-btns_102599-99 .kt-btn-wrap-0 .kt-button:hover, .wp-block-kadence-advancedbtn.kt-btns_102599-99 .kt-btn-wrap-0 .kt-button:focus{color:#ffffff;border-color:#444444;}.wp-block-kadence-advancedbtn.kt-btns_102599-99 .kt-btn-wrap-0 .kt-button::before{display:none;}.wp-block-kadence-advancedbtn.kt-btns_102599-99 .kt-btn-wrap-0 .kt-button:hover, .wp-block-kadence-advancedbtn.kt-btns_102599-99 .kt-btn-wrap-0 .kt-button:focus{background:#444444;}<\/style>","protected":false},"excerpt":{"rendered":"<p>FICHES INFO &gt; \u00c9TABLISSEMENTS D&rsquo;APS Gonglage des bouteilles &amp; coronavirus \u00a9 Extrait des&nbsp;livres Plong\u00e9e Plaisir&nbsp;par Alain Foret aux Editions GAP.Toute reproduction interdite sur quelque support que ce soit sans accord \u00e9crit de l\u2019\u00e9diteur et de l\u2019auteur.<\/p>\n","protected":false},"author":4,"featured_media":0,"parent":0,"menu_order":0,"comment_status":"closed","ping_status":"closed","template":"","meta":{"_crdt_document":"","_uag_custom_page_level_css":"","advgb_blocks_editor_width":"","advgb_blocks_columns_visual_guide":"","_genesis_hide_title":true,"_genesis_hide_breadcrumbs":false,"_genesis_hide_singular_image":false,"_genesis_hide_footer_widgets":false,"_genesis_custom_body_class":"","_genesis_custom_post_class":"","_genesis_layout":"content-sidebar","_vp_format_video_url":"","_vp_image_focal_point":[],"footnotes":""},"class_list":{"0":"post-51045","1":"page","2":"type-page","3":"status-publish","5":"entry"},"yoast_head":"<!-- This site is optimized with the Yoast SEO plugin v27.5 - https:\/\/yoast.com\/product\/yoast-seo-wordpress\/ -->\n<title>Gonflage des bouteilles &amp; coronavirus - Plong\u00e9e Plaisir, site officiel<\/title>\n<meta name=\"robots\" content=\"index, follow, max-snippet:-1, max-image-preview:large, max-video-preview:-1\" \/>\n<link rel=\"canonical\" href=\"https:\/\/www.plongee-plaisir.com\/fr\/gonflage-des-bouteilles-coronavirus\/\" \/>\n<meta property=\"og:locale\" content=\"fr_FR\" \/>\n<meta property=\"og:type\" content=\"article\" \/>\n<meta property=\"og:title\" content=\"Gonflage des bouteilles &amp; coronavirus - Plong\u00e9e Plaisir, site officiel\" \/>\n<meta property=\"og:description\" content=\"FICHES INFO &gt; \u00c9TABLISSEMENTS D&rsquo;APS Gonglage des bouteilles &amp; coronavirus \u00a9 Extrait des&nbsp;livres Plong\u00e9e Plaisir&nbsp;par Alain Foret aux Editions GAP.Toute reproduction interdite sur quelque support que ce soit sans accord \u00e9crit de l\u2019\u00e9diteur et de l\u2019auteur.\" \/>\n<meta property=\"og:url\" content=\"https:\/\/www.plongee-plaisir.com\/fr\/gonflage-des-bouteilles-coronavirus\/\" \/>\n<meta property=\"og:site_name\" content=\"Plong\u00e9e Plaisir, site officiel\" \/>\n<meta property=\"article:modified_time\" content=\"2021-04-04T18:09:23+00:00\" \/>\n<meta property=\"og:image\" content=\"https:\/\/www.plongee-plaisir.com\/fr\/wp-content\/uploads\/2020\/05\/plongee-coronavirus-air-comprime_Page_1-698x1024.png\" \/>\n<meta name=\"twitter:card\" content=\"summary_large_image\" \/>\n<meta name=\"twitter:label1\" content=\"Dur\u00e9e de lecture estim\u00e9e\" \/>\n\t<meta name=\"twitter:data1\" content=\"1 minute\" \/>\n<script type=\"application\/ld+json\" class=\"yoast-schema-graph\">{\"@context\":\"https:\\\/\\\/schema.org\",\"@graph\":[{\"@type\":\"WebPage\",\"@id\":\"https:\\\/\\\/www.plongee-plaisir.com\\\/fr\\\/gonflage-des-bouteilles-coronavirus\\\/\",\"url\":\"https:\\\/\\\/www.plongee-plaisir.com\\\/fr\\\/gonflage-des-bouteilles-coronavirus\\\/\",\"name\":\"Gonflage des bouteilles & coronavirus - Plong\u00e9e Plaisir, site officiel\",\"isPartOf\":{\"@id\":\"https:\\\/\\\/www.plongee-plaisir.com\\\/fr\\\/#website\"},\"primaryImageOfPage\":{\"@id\":\"https:\\\/\\\/www.plongee-plaisir.com\\\/fr\\\/gonflage-des-bouteilles-coronavirus\\\/#primaryimage\"},\"image\":{\"@id\":\"https:\\\/\\\/www.plongee-plaisir.com\\\/fr\\\/gonflage-des-bouteilles-coronavirus\\\/#primaryimage\"},\"thumbnailUrl\":\"https:\\\/\\\/www.plongee-plaisir.com\\\/fr\\\/wp-content\\\/uploads\\\/2020\\\/05\\\/plongee-coronavirus-air-comprime_Page_1-698x1024.png\",\"datePublished\":\"2021-04-04T16:43:53+00:00\",\"dateModified\":\"2021-04-04T18:09:23+00:00\",\"breadcrumb\":{\"@id\":\"https:\\\/\\\/www.plongee-plaisir.com\\\/fr\\\/gonflage-des-bouteilles-coronavirus\\\/#breadcrumb\"},\"inLanguage\":\"fr-FR\",\"potentialAction\":[{\"@type\":\"ReadAction\",\"target\":[\"https:\\\/\\\/www.plongee-plaisir.com\\\/fr\\\/gonflage-des-bouteilles-coronavirus\\\/\"]}]},{\"@type\":\"ImageObject\",\"inLanguage\":\"fr-FR\",\"@id\":\"https:\\\/\\\/www.plongee-plaisir.com\\\/fr\\\/gonflage-des-bouteilles-coronavirus\\\/#primaryimage\",\"url\":\"https:\\\/\\\/www.plongee-plaisir.com\\\/fr\\\/wp-content\\\/uploads\\\/2020\\\/05\\\/plongee-coronavirus-air-comprime_Page_1.png\",\"contentUrl\":\"https:\\\/\\\/www.plongee-plaisir.com\\\/fr\\\/wp-content\\\/uploads\\\/2020\\\/05\\\/plongee-coronavirus-air-comprime_Page_1.png\",\"width\":1949,\"height\":2859},{\"@type\":\"BreadcrumbList\",\"@id\":\"https:\\\/\\\/www.plongee-plaisir.com\\\/fr\\\/gonflage-des-bouteilles-coronavirus\\\/#breadcrumb\",\"itemListElement\":[{\"@type\":\"ListItem\",\"position\":1,\"name\":\"Accueil\",\"item\":\"https:\\\/\\\/www.plongee-plaisir.com\\\/fr\\\/\"},{\"@type\":\"ListItem\",\"position\":2,\"name\":\"Gonflage des bouteilles &#038; coronavirus\"}]},{\"@type\":\"WebSite\",\"@id\":\"https:\\\/\\\/www.plongee-plaisir.com\\\/fr\\\/#website\",\"url\":\"https:\\\/\\\/www.plongee-plaisir.com\\\/fr\\\/\",\"name\":\"Plong\u00e9e Plaisir, site officiel\",\"description\":\"Apprendre \u00e0 plonger - Learning to dive\",\"potentialAction\":[{\"@type\":\"SearchAction\",\"target\":{\"@type\":\"EntryPoint\",\"urlTemplate\":\"https:\\\/\\\/www.plongee-plaisir.com\\\/fr\\\/?s={search_term_string}\"},\"query-input\":{\"@type\":\"PropertyValueSpecification\",\"valueRequired\":true,\"valueName\":\"search_term_string\"}}],\"inLanguage\":\"fr-FR\"}]}<\/script>\n<!-- \/ Yoast SEO plugin. -->","yoast_head_json":{"title":"Gonflage des bouteilles & coronavirus - Plong\u00e9e Plaisir, site officiel","robots":{"index":"index","follow":"follow","max-snippet":"max-snippet:-1","max-image-preview":"max-image-preview:large","max-video-preview":"max-video-preview:-1"},"canonical":"https:\/\/www.plongee-plaisir.com\/fr\/gonflage-des-bouteilles-coronavirus\/","og_locale":"fr_FR","og_type":"article","og_title":"Gonflage des bouteilles & coronavirus - Plong\u00e9e Plaisir, site officiel","og_description":"FICHES INFO &gt; \u00c9TABLISSEMENTS D&rsquo;APS Gonglage des bouteilles &amp; coronavirus \u00a9 Extrait des&nbsp;livres Plong\u00e9e Plaisir&nbsp;par Alain Foret aux Editions GAP.Toute reproduction interdite sur quelque support que ce soit sans accord \u00e9crit de l\u2019\u00e9diteur et de l\u2019auteur.","og_url":"https:\/\/www.plongee-plaisir.com\/fr\/gonflage-des-bouteilles-coronavirus\/","og_site_name":"Plong\u00e9e Plaisir, site officiel","article_modified_time":"2021-04-04T18:09:23+00:00","og_image":[{"url":"https:\/\/www.plongee-plaisir.com\/fr\/wp-content\/uploads\/2020\/05\/plongee-coronavirus-air-comprime_Page_1-698x1024.png","type":"","width":"","height":""}],"twitter_card":"summary_large_image","twitter_misc":{"Dur\u00e9e de lecture estim\u00e9e":"1 minute"},"schema":{"@context":"https:\/\/schema.org","@graph":[{"@type":"WebPage","@id":"https:\/\/www.plongee-plaisir.com\/fr\/gonflage-des-bouteilles-coronavirus\/","url":"https:\/\/www.plongee-plaisir.com\/fr\/gonflage-des-bouteilles-coronavirus\/","name":"Gonflage des bouteilles & coronavirus - Plong\u00e9e Plaisir, site officiel","isPartOf":{"@id":"https:\/\/www.plongee-plaisir.com\/fr\/#website"},"primaryImageOfPage":{"@id":"https:\/\/www.plongee-plaisir.com\/fr\/gonflage-des-bouteilles-coronavirus\/#primaryimage"},"image":{"@id":"https:\/\/www.plongee-plaisir.com\/fr\/gonflage-des-bouteilles-coronavirus\/#primaryimage"},"thumbnailUrl":"https:\/\/www.plongee-plaisir.com\/fr\/wp-content\/uploads\/2020\/05\/plongee-coronavirus-air-comprime_Page_1-698x1024.png","datePublished":"2021-04-04T16:43:53+00:00","dateModified":"2021-04-04T18:09:23+00:00","breadcrumb":{"@id":"https:\/\/www.plongee-plaisir.com\/fr\/gonflage-des-bouteilles-coronavirus\/#breadcrumb"},"inLanguage":"fr-FR","potentialAction":[{"@type":"ReadAction","target":["https:\/\/www.plongee-plaisir.com\/fr\/gonflage-des-bouteilles-coronavirus\/"]}]},{"@type":"ImageObject","inLanguage":"fr-FR","@id":"https:\/\/www.plongee-plaisir.com\/fr\/gonflage-des-bouteilles-coronavirus\/#primaryimage","url":"https:\/\/www.plongee-plaisir.com\/fr\/wp-content\/uploads\/2020\/05\/plongee-coronavirus-air-comprime_Page_1.png","contentUrl":"https:\/\/www.plongee-plaisir.com\/fr\/wp-content\/uploads\/2020\/05\/plongee-coronavirus-air-comprime_Page_1.png","width":1949,"height":2859},{"@type":"BreadcrumbList","@id":"https:\/\/www.plongee-plaisir.com\/fr\/gonflage-des-bouteilles-coronavirus\/#breadcrumb","itemListElement":[{"@type":"ListItem","position":1,"name":"Accueil","item":"https:\/\/www.plongee-plaisir.com\/fr\/"},{"@type":"ListItem","position":2,"name":"Gonflage des bouteilles &#038; coronavirus"}]},{"@type":"WebSite","@id":"https:\/\/www.plongee-plaisir.com\/fr\/#website","url":"https:\/\/www.plongee-plaisir.com\/fr\/","name":"Plong\u00e9e Plaisir, site officiel","description":"Apprendre \u00e0 plonger - Learning to dive","potentialAction":[{"@type":"SearchAction","target":{"@type":"EntryPoint","urlTemplate":"https:\/\/www.plongee-plaisir.com\/fr\/?s={search_term_string}"},"query-input":{"@type":"PropertyValueSpecification","valueRequired":true,"valueName":"search_term_string"}}],"inLanguage":"fr-FR"}]}},"featured_image_src":null,"featured_image_src_square":null,"uagb_featured_image_src":{"full":false,"thumbnail":false,"medium":false,"medium_large":false,"large":false,"1536x1536":false,"2048x2048":false,"featured-content":false,"author-pro-image":false,"tb-timeline-landscape":false,"tb-timeline-square":false,"ultp_layout_landscape_large":false,"ultp_layout_landscape":false,"ultp_layout_portrait":false,"ultp_layout_square":false,"vp_sm":false,"vp_md":false,"vp_lg":false,"vp_xl":false,"vp_sm_popup":false,"vp_md_popup":false,"vp_xl_popup":false,"gb-block-post-grid-landscape":false,"gb-block-post-grid-square":false,"woocommerce_thumbnail":false,"woocommerce_single":false,"woocommerce_gallery_thumbnail":false,"sow-carousel-default":false},"uagb_author_info":{"display_name":"Alain Foret","author_link":"https:\/\/www.plongee-plaisir.com\/fr\/author\/plongeeplaisir\/"},"uagb_comment_info":0,"uagb_excerpt":"FICHES INFO &gt; \u00c9TABLISSEMENTS D&rsquo;APS Gonglage des bouteilles &amp; coronavirus \u00a9 Extrait des&nbsp;livres Plong\u00e9e Plaisir&nbsp;par Alain Foret aux Editions GAP.Toute reproduction interdite sur quelque support que ce soit sans accord \u00e9crit de l\u2019\u00e9diteur et de l\u2019auteur.","coauthors":[],"author_meta":{"author_link":"https:\/\/www.plongee-plaisir.com\/fr\/author\/plongeeplaisir\/","display_name":"Alain Foret"},"relative_dates":{"created":"Publi\u00e9 5 ans il y a","modified":"Mis \u00e0 jour 5 ans il y a"},"absolute_dates":{"created":"Publi\u00e9 le 4 avril 2021","modified":"Mise \u00e0 jour le 4 avril 2021"},"absolute_dates_time":{"created":"Publi\u00e9 le 4 avril 2021 18 h 43 min","modified":"Mise \u00e0 jour le 4 avril 2021 20 h 09 min"},"featured_img_caption":"","featured_img":false,"series_order":"","amp_enabled":true,"_links":{"self":[{"href":"https:\/\/www.plongee-plaisir.com\/fr\/wp-json\/wp\/v2\/pages\/51045","targetHints":{"allow":["GET"]}}],"collection":[{"href":"https:\/\/www.plongee-plaisir.com\/fr\/wp-json\/wp\/v2\/pages"}],"about":[{"href":"https:\/\/www.plongee-plaisir.com\/fr\/wp-json\/wp\/v2\/types\/page"}],"author":[{"embeddable":true,"href":"https:\/\/www.plongee-plaisir.com\/fr\/wp-json\/wp\/v2\/users\/4"}],"replies":[{"embeddable":true,"href":"https:\/\/www.plongee-plaisir.com\/fr\/wp-json\/wp\/v2\/comments?post=51045"}],"version-history":[{"count":0,"href":"https:\/\/www.plongee-plaisir.com\/fr\/wp-json\/wp\/v2\/pages\/51045\/revisions"}],"wp:attachment":[{"href":"https:\/\/www.plongee-plaisir.com\/fr\/wp-json\/wp\/v2\/media?parent=51045"}],"curies":[{"name":"wp","href":"https:\/\/api.w.org\/{rel}","templated":true}]}}