{"id":53184,"date":"2021-09-15T15:12:21","date_gmt":"2021-09-15T13:12:21","guid":{"rendered":"https:\/\/www.plongee-plaisir.com\/fr\/?page_id=53184"},"modified":"2021-09-15T17:20:13","modified_gmt":"2021-09-15T15:20:13","slug":"ffessm-licence-2021-2022-et-honorabilite","status":"publish","type":"page","link":"https:\/\/www.plongee-plaisir.com\/fr\/ffessm-licence-2021-2022-et-honorabilite\/","title":{"rendered":"FFESSM : licence 2021\/2022"},"content":{"rendered":"\n<p class=\"has-text-color has-normal-font-size wp-block-paragraph\" style=\"color:#7d858b\"><a href=\"https:\/\/www.plongee-plaisir.com\/fr\/fiches-infos\/\">FICHES INFO<\/a> &gt; \u00c9TABLISSEMENTS D&rsquo;APS<\/p>\n\n\n\n<div class=\"wp-block-kadence-spacer aligncenter kt-block-spacer-_72b3a8-64\"><div class=\"kt-block-spacer kt-block-spacer-halign-center\" style=\"height:17px\"><hr class=\"kt-divider\" style=\"border-top-color:#abb8c3;border-top-width:10px;width:100%;border-top-style:solid\"\/><\/div><\/div>\n\n\n\n<div class=\"wp-block-image is-style-default\"><figure class=\"aligncenter size-full\"><img decoding=\"async\" width=\"580\" height=\"230\" src=\"https:\/\/www.plongee-plaisir.com\/fr\/wp-content\/uploads\/2021\/09\/licences-2021-2022.png\" alt=\"\" class=\"wp-image-53202\" srcset=\"https:\/\/www.plongee-plaisir.com\/fr\/wp-content\/uploads\/2021\/09\/licences-2021-2022.png 580w, https:\/\/www.plongee-plaisir.com\/fr\/wp-content\/uploads\/2021\/09\/licences-2021-2022-300x119.png 300w\" sizes=\"(max-width: 580px) 100vw, 580px\" \/><\/figure><\/div>\n\n\n\n<h1 class=\"wp-block-heading\">FFESSM : licence 2021\/2022 et honorabilit\u00e9<\/h1>\n\n\n\n<p class=\"wp-block-paragraph\">Plong\u00e9e Plaisir vous a d\u00e9j\u00e0 inform\u00e9 \u00e0 propos de <a href=\"https:\/\/www.plongee-plaisir.com\/fr\/honorabilite\/\">conditions d&rsquo;honorabilit\u00e9 des encadrants et exploitants<\/a>. C&rsquo;est dans ce cadre que la FFESSM vient de modifier les conditions d&rsquo;obtention de sa licence pour la saison 2021\/2022.<\/p>\n\n\n\n<h2 class=\"wp-block-heading\">Personnes concern\u00e9es<\/h2>\n\n\n\n<p class=\"wp-block-paragraph\"><strong>Pour les clubs :<\/strong><\/p>\n\n\n\n<ul class=\"wp-block-list\"><li>Pr\u00e9sident club (ou de section) ;<\/li><li>Tr\u00e9sorier et secr\u00e9taire club (ou de section).<\/li><\/ul>\n\n\n\n<p class=\"wp-block-paragraph\"><strong>Pour les SCA :<\/strong><\/p>\n\n\n\n<ul class=\"wp-block-list\"><li>Exploitant SCA (responsable l\u00e9gal, figurant dans les \u00e9l\u00e9ments d\u00e9claratifs, au RCS ou \u00e0 l&rsquo;URSSAF).<\/li><\/ul>\n\n\n\n<p class=\"wp-block-paragraph\"><strong>Pour la plong\u00e9e avec scaphandre :<\/strong><\/p>\n\n\n\n<ul class=\"wp-block-list\"><li>N4 \/ Guide de Palanqu\u00e9e ;<\/li><li>Encadrant E1 \u00e0 E4 au sens du code du sport ;<\/li><li>Initiateur ;<\/li><li>MF1 et MF2 ;<\/li><li>Equivalent (cf. dipl\u00f4m\u00e9s d\u2019\u00e9tat : BP \u2013 DE \u2013 DES \/ BEES 1 \u2013 BEES 2 &#8211; BEES 3) ;<\/li><li>Tout stagiaire en formation pour devenir initiateur ou moniteur de plong\u00e9e.<\/li><\/ul>\n\n\n\n<p class=\"wp-block-paragraph\"><strong>Autres disciplines subaquatiques du champ d\u00e9l\u00e9gataire :<\/strong><\/p>\n\n\n\n<ul class=\"wp-block-list\"><li>Initiateur ;<\/li><li>Entraineur ;<\/li><li>MEF1 et MEF2 ;<\/li><li>Juges et arbitres ;<\/li><li>Stagiaires en formation.<\/li><\/ul>\n\n\n\n<p class=\"wp-block-paragraph\"><strong>Commissions concern\u00e9es<\/strong><\/p>\n\n\n\n<ul class=\"wp-block-list\"><li>Toutes les commissions sont concern\u00e9es.<\/li><\/ul>\n\n\n\n<p class=\"wp-block-paragraph\"><strong>Mineurs<\/strong><\/p>\n\n\n\n<ul class=\"wp-block-list\"><li>Toutes les personnes encadrant des mineurs sont concern\u00e9es.<\/li><\/ul>\n\n\n\n<h2 class=\"wp-block-heading\">Obligations de d\u00e9claration pour les personnes concern\u00e9es (= informations \u00e0 saisir pour d\u00e9livrer une licence aux personnes concern\u00e9es)<\/h2>\n\n\n\n<ul class=\"wp-block-list\"><li>Le genre (Masculin\/F\u00e9minin) ;<\/li><li>Nom de naissance ;<\/li><li>Pr\u00e9nom de naissance ;<\/li><li>Date de naissance ;<\/li><li>Lieu de naissance (pays, d\u00e9partement et ville) ;<\/li><li>Pour les personnes n\u00e9es \u00e0 l\u2019\u00e9tranger noms et pr\u00e9noms des parents.<\/li><\/ul>\n\n\n\n<h2 class=\"wp-block-heading\">Cons\u00e9quences pour les personnes concern\u00e9es<\/h2>\n\n\n\n<p class=\"wp-block-paragraph\">Ces personnes doivent \u00eatre inform\u00e9es par les f\u00e9d\u00e9rations sportives qu\u2019elles peuvent faire l\u2019objet d\u2019un&nbsp;<strong>contr\u00f4le portant sur le respect de leurs obligations d\u2019honorabilit\u00e9<\/strong>.<\/p>\n\n\n\n<p class=\"wp-block-paragraph\">Ce contr\u00f4le est r\u00e9alis\u00e9 par les services de l\u2019Etat dans le cadre des dispositions des articles&nbsp;<a href=\"https:\/\/www.legifrance.gouv.fr\/affichCodeArticle.do?cidTexte=LEGITEXT000006071154&amp;idArticle=LEGIARTI000006577716&amp;dateTexte=&amp;categorieLien=cid\">706-53-7<\/a>&nbsp;et&nbsp;<a href=\"https:\/\/www.legifrance.gouv.fr\/affichCodeArticle.do?cidTexte=LEGITEXT000006071154&amp;idArticle=LEGIARTI000006578321&amp;dateTexte=&amp;categorieLien=cid\">776<\/a>&nbsp;du code de proc\u00e9dure p\u00e9nale.<\/p>\n\n\n\n<h2 class=\"wp-block-heading\">Cons\u00e9quences pour les personnes en charge de la d\u00e9livrance des licences<\/h2>\n\n\n\n<ul class=\"wp-block-list\"><li>Savoir, pour chacun des membres du club, s&rsquo;il exerce une fonction (pr\u00e9sident, secr\u00e9taire, tr\u00e9sorier) ou s&rsquo;il a un titre\/brevet\/dipl\u00f4me (guide de palanqu\u00e9e, initiateur, moniteur, entra\u00eeneur, arbitre, &#8230;) n\u00e9cessitant d&rsquo;entrer dans le cadre de ce dispositif.<\/li><li>Si oui, conna\u00eetre son lieu de naissance (il n&rsquo;\u00e9tait pas saisi auparavant) et s&rsquo;il est n\u00e9 \u00e0 l&rsquo;\u00e9tranger, demander les nom(s) et pr\u00e9nom(s) de chacun des parents (ces \u00e9l\u00e9ments sont n\u00e9cessaire pour les v\u00e9rifications \u00e0 faire au casier \u00e0 Nantes, qui h\u00e9berge les informations des personnes n\u00e9es \u00e0 l&rsquo;\u00e9tranger).<\/li><\/ul>\n\n\n\n<h2 class=\"wp-block-heading\" id=\"presentation-des-obligations-naissant-du-decret-2021379-85bf13c5-a468-4820-8626-f5325cd04f01\">Pr\u00e9sentation des obligations naissant du d\u00e9cret 2021-379<\/h2>\n\n\n\n<p class=\"wp-block-paragraph\">Les personnes soumises aux dispositions :<\/p>\n\n\n\n<ul class=\"wp-block-list\"><li>de l\u2019article&nbsp;<a href=\"https:\/\/www.legifrance.gouv.fr\/affichCodeArticle.do?cidTexte=LEGITEXT000006071318&amp;idArticle=LEGIARTI000006547575&amp;dateTexte=&amp;categorieLien=cid\" target=\"_blank\" rel=\"noreferrer noopener\">L212-9<\/a>&nbsp;:&nbsp;<\/li><\/ul>\n\n\n\n<blockquote class=\"wp-block-quote is-layout-flow wp-block-quote-is-layout-flow\"><p>Nul ne peut exercer les fonctions mentionn\u00e9es au premier alin\u00e9a de&nbsp;<a href=\"https:\/\/www.legifrance.gouv.fr\/affichCodeArticle.do?cidTexte=LEGITEXT000006071318&amp;idArticle=LEGIARTI000006547567&amp;dateTexte=&amp;categorieLien=cid\" target=\"_blank\" rel=\"noreferrer noopener\">l\u2019article L212-1&nbsp;<\/a>\u00e0 titre r\u00e9mun\u00e9r\u00e9 ou b\u00e9n\u00e9vole, s\u2019il a fait l\u2019objet d\u2019une condamnation pour crime ou pour l\u2019un des d\u00e9lits pr\u00e9vus :&nbsp;<\/p><p>1\u00b0 Au chapitre Ier du titre II du livre II du code p\u00e9nal, \u00e0 l\u2019exception du premier alin\u00e9a de l\u2019article&nbsp;<a href=\"https:\/\/www.legifrance.gouv.fr\/affichCodeArticle.do?cidTexte=LEGITEXT000006070719&amp;idArticle=LEGIARTI000006417578&amp;dateTexte=&amp;categorieLien=cid\" target=\"_blank\" rel=\"noreferrer noopener\">221-6&nbsp;<\/a>;&nbsp;<\/p><p>2\u00b0 Au chapitre II du m\u00eame titre II, \u00e0 l\u2019exception du premier alin\u00e9a de l\u2019article&nbsp;<a href=\"https:\/\/www.legifrance.gouv.fr\/affichCodeArticle.do?cidTexte=LEGITEXT000006070719&amp;idArticle=LEGIARTI000006417666&amp;dateTexte=&amp;categorieLien=cid\" target=\"_blank\" rel=\"noreferrer noopener\">222-19&nbsp;<\/a>;&nbsp;<\/p><p>3\u00b0 Aux chapitres III, IV, V et VII dudit titre II ;&nbsp;<\/p><p>4\u00b0 Au chapitre II du titre Ier du livre III du m\u00eame code ;&nbsp;<\/p><p>5\u00b0 Au chapitre IV du titre II du m\u00eame livre III ;&nbsp;<\/p><p>6\u00b0 Au livre IV du m\u00eame code ;&nbsp;<\/p><p>7\u00b0 Aux articles&nbsp;<a href=\"https:\/\/www.legifrance.gouv.fr\/affichCodeArticle.do?cidTexte=LEGITEXT000006074228&amp;idArticle=LEGIARTI000006841068&amp;dateTexte=&amp;categorieLien=cid\" target=\"_blank\" rel=\"noreferrer noopener\">L. 235-1&nbsp;<\/a>et&nbsp;<a href=\"https:\/\/www.legifrance.gouv.fr\/affichCodeArticle.do?cidTexte=LEGITEXT000006074228&amp;idArticle=LEGIARTI000006841076&amp;dateTexte=&amp;categorieLien=cid\" target=\"_blank\" rel=\"noreferrer noopener\">L. 235-3&nbsp;<\/a>du code de la route ;&nbsp;<\/p><p>8\u00b0 Aux articles&nbsp;<a href=\"https:\/\/www.legifrance.gouv.fr\/affichCodeArticle.do?cidTexte=LEGITEXT000006072665&amp;idArticle=LEGIARTI000006688171&amp;dateTexte=&amp;categorieLien=cid\" target=\"_blank\" rel=\"noreferrer noopener\">L. 3421-1<\/a>,&nbsp;<a href=\"https:\/\/www.legifrance.gouv.fr\/affichCodeArticle.do?cidTexte=LEGITEXT000006072665&amp;idArticle=LEGIARTI000006688176&amp;dateTexte=&amp;categorieLien=cid\" target=\"_blank\" rel=\"noreferrer noopener\">L. 3421-4&nbsp;<\/a>et&nbsp;<a href=\"https:\/\/www.legifrance.gouv.fr\/affichCodeArticle.do?cidTexte=LEGITEXT000006072665&amp;idArticle=LEGIARTI000006688180&amp;dateTexte=&amp;categorieLien=cid\" target=\"_blank\" rel=\"noreferrer noopener\">L. 3421-6&nbsp;<\/a>du code de la sant\u00e9 publique ;&nbsp;<\/p><p>9\u00b0 Au chapitre VII du titre Ier du livre III du code de la s\u00e9curit\u00e9 int\u00e9rieure ;&nbsp;<\/p><p>10\u00b0 Aux articles&nbsp;<a href=\"https:\/\/www.legifrance.gouv.fr\/affichCodeArticle.do?cidTexte=LEGITEXT000006071318&amp;idArticle=LEGIARTI000006547580&amp;dateTexte=&amp;categorieLien=cid\" target=\"_blank\" rel=\"noreferrer noopener\">L212-14<\/a>,&nbsp;<a href=\"https:\/\/www.legifrance.gouv.fr\/affichCodeArticle.do?cidTexte=LEGITEXT000006071318&amp;idArticle=LEGIARTI000006547643&amp;dateTexte=&amp;categorieLien=cid\" target=\"_blank\" rel=\"noreferrer noopener\">L232-25 \u00e0 L232-27<\/a>,&nbsp;<a href=\"https:\/\/www.legifrance.gouv.fr\/affichCodeArticle.do?cidTexte=LEGITEXT000006071318&amp;idArticle=LEGIARTI000006547651&amp;dateTexte=&amp;categorieLien=cid\" target=\"_blank\" rel=\"noreferrer noopener\">L241-2 \u00e0 L241-5&nbsp;<\/a>et&nbsp;<a href=\"https:\/\/www.legifrance.gouv.fr\/affichCodeArticle.do?cidTexte=LEGITEXT000006071318&amp;idArticle=LEGIARTI000006547722&amp;dateTexte=&amp;categorieLien=cid\" target=\"_blank\" rel=\"noreferrer noopener\">L332-3 \u00e0 L332-13<\/a>&nbsp;du pr\u00e9sent code.&nbsp;<\/p><p>II. \u2013 En outre, nul ne peut enseigner, animer ou encadrer une activit\u00e9 physique ou sportive aupr\u00e8s de mineurs s\u2019il fait l\u2019objet d\u2019une mesure administrative d\u2019interdiction de participer, \u00e0 quelque titre que ce soit, \u00e0 la direction et \u00e0 l\u2019encadrement d\u2019institutions et d\u2019organismes soumis aux dispositions l\u00e9gislatives ou r\u00e9glementaires relatives \u00e0 la protection des mineurs accueillis en centre de vacances et de loisirs, ainsi que de groupements de jeunesse ou s\u2019il fait l\u2019objet d\u2019une mesure administrative de suspension de ces m\u00eames fonctions.<\/p><\/blockquote>\n\n\n\n<ul class=\"wp-block-list\"><li>et&nbsp;<a href=\"https:\/\/www.legifrance.gouv.fr\/codes\/article_lc\/LEGIARTI000006547695\/\" target=\"_blank\" rel=\"noreferrer noopener\">L322-1<\/a>&nbsp;:<\/li><\/ul>\n\n\n\n<blockquote class=\"wp-block-quote is-layout-flow wp-block-quote-is-layout-flow\"><p>Nul ne peut exploiter soit directement, soit par l\u2019interm\u00e9diaire d\u2019un tiers, un \u00e9tablissement dans lequel sont pratiqu\u00e9es des activit\u00e9s physiques ou sportives s\u2019il a fait l\u2019objet d\u2019une condamnation pr\u00e9vue \u00e0&nbsp;l\u2019article L212-9.<\/p><\/blockquote>\n\n\n\n<div style=\"height:17px\" aria-hidden=\"true\" class=\"wp-block-spacer\"><\/div>\n\n\n\n<div style=\"height:27px\" aria-hidden=\"true\" class=\"wp-block-spacer\"><\/div>\n\n\n\n<div class=\"wp-block-media-text alignwide is-stacked-on-mobile has-black-color has-text-color has-background\" style=\"background:linear-gradient(135deg,rgb(255,245,203) 29%,rgb(182,227,212) 70%,rgb(51,167,181) 100%);grid-template-columns:18% auto\"><figure class=\"wp-block-media-text__media\"><img decoding=\"async\" width=\"725\" height=\"1024\" src=\"https:\/\/www.plongee-plaisir.com\/fr\/wp-content\/uploads\/2021\/09\/9c05fbcbeba5417b0d0c04f86565116933ac408a_Page_01-725x1024.jpg\" alt=\"\" class=\"wp-image-53222 size-full\" srcset=\"https:\/\/www.plongee-plaisir.com\/fr\/wp-content\/uploads\/2021\/09\/9c05fbcbeba5417b0d0c04f86565116933ac408a_Page_01-725x1024.jpg 725w, https:\/\/www.plongee-plaisir.com\/fr\/wp-content\/uploads\/2021\/09\/9c05fbcbeba5417b0d0c04f86565116933ac408a_Page_01-300x424.jpg 300w, https:\/\/www.plongee-plaisir.com\/fr\/wp-content\/uploads\/2021\/09\/9c05fbcbeba5417b0d0c04f86565116933ac408a_Page_01-600x848.jpg 600w, https:\/\/www.plongee-plaisir.com\/fr\/wp-content\/uploads\/2021\/09\/9c05fbcbeba5417b0d0c04f86565116933ac408a_Page_01-212x300.jpg 212w, https:\/\/www.plongee-plaisir.com\/fr\/wp-content\/uploads\/2021\/09\/9c05fbcbeba5417b0d0c04f86565116933ac408a_Page_01-768x1085.jpg 768w, https:\/\/www.plongee-plaisir.com\/fr\/wp-content\/uploads\/2021\/09\/9c05fbcbeba5417b0d0c04f86565116933ac408a_Page_01-1087x1536.jpg 1087w, https:\/\/www.plongee-plaisir.com\/fr\/wp-content\/uploads\/2021\/09\/9c05fbcbeba5417b0d0c04f86565116933ac408a_Page_01.jpg 1241w\" sizes=\"(max-width: 725px) 100vw, 725px\" \/><\/figure><div class=\"wp-block-media-text__content\">\n<p class=\"has-medium-font-size wp-block-paragraph\">T\u00e9l\u00e9charger le guide 2021 du minist\u00e8re charg\u00e9 des sports.<\/p>\n\n\n\n<div class=\"wp-block-genesis-blocks-gb-button gb-block-button\"><a href=\"https:\/\/ffessm.fr\/uploads\/media\/docs\/0001\/07\/9c05fbcbeba5417b0d0c04f86565116933ac408a.pdf\" class=\"gb-button gb-button-shape-rounded gb-button-size-medium\" style=\"color:#ffffff;background-color:#3373dc\">T\u00e9l\u00e9charger<\/a><\/div>\n<\/div><\/div>\n\n\n\n<div style=\"height:34px\" aria-hidden=\"true\" class=\"wp-block-spacer\"><\/div>\n\n\n\n<p class=\"wp-block-paragraph\">Article de la FFESSM : <a href=\"https:\/\/ffessm.fr\/actualites\/saisie-des-nouvelles-licences-et-honorabilite\" target=\"_blank\" rel=\"noreferrer noopener\">cliquez ici<\/a>.<\/p>\n\n\n\n<figure class=\"wp-block-image size-full is-resized is-style-default\"><img decoding=\"async\" src=\"https:\/\/www.plongee-plaisir.com\/fr\/wp-content\/uploads\/2021\/02\/carre.jpg\" alt=\"\" class=\"wp-image-48240\" width=\"30\" height=\"30\" srcset=\"https:\/\/www.plongee-plaisir.com\/fr\/wp-content\/uploads\/2021\/02\/carre.jpg 102w, https:\/\/www.plongee-plaisir.com\/fr\/wp-content\/uploads\/2021\/02\/carre-100x100.jpg 100w\" sizes=\"(max-width: 30px) 100vw, 30px\" \/><\/figure>\n<style class=\"advgb-styles-renderer\">.wp-block-kadence-spacer.kt-block-spacer-_72b3a8-64 .kt-block-spacer{height:17px;}.wp-block-kadence-spacer.kt-block-spacer-_72b3a8-64 .kt-divider{border-top-width:10px;border-top-color:#abb8c3;width:100%;border-top-style:solid;}<\/style>","protected":false},"excerpt":{"rendered":"<p>FICHES INFO &gt; \u00c9TABLISSEMENTS D&rsquo;APS FFESSM : licence 2021\/2022 et honorabilit\u00e9 Plong\u00e9e Plaisir vous a d\u00e9j\u00e0 inform\u00e9 \u00e0 propos de conditions d&rsquo;honorabilit\u00e9 des encadrants et exploitants. C&rsquo;est dans ce cadre que la FFESSM vient de modifier les conditions d&rsquo;obtention de sa licence pour la saison 2021\/2022. Personnes concern\u00e9es Pour les clubs : Pr\u00e9sident club (ou [&hellip;]<\/p>\n","protected":false},"author":4,"featured_media":0,"parent":0,"menu_order":0,"comment_status":"closed","ping_status":"closed","template":"","meta":{"_crdt_document":"","_uag_custom_page_level_css":"","advgb_blocks_editor_width":"","advgb_blocks_columns_visual_guide":"","_genesis_hide_title":true,"_genesis_hide_breadcrumbs":false,"_genesis_hide_singular_image":false,"_genesis_hide_footer_widgets":false,"_genesis_custom_body_class":"","_genesis_custom_post_class":"","_genesis_layout":"content-sidebar","_vp_format_video_url":"","_vp_image_focal_point":[],"footnotes":""},"class_list":{"0":"post-53184","1":"page","2":"type-page","3":"status-publish","5":"entry"},"yoast_head":"<!-- This site is optimized with the Yoast SEO plugin v27.5 - https:\/\/yoast.com\/product\/yoast-seo-wordpress\/ -->\n<title>FFESSM : licence 2021\/2022 - Plong\u00e9e Plaisir, site officiel<\/title>\n<meta name=\"robots\" content=\"index, follow, max-snippet:-1, max-image-preview:large, max-video-preview:-1\" \/>\n<link rel=\"canonical\" href=\"https:\/\/www.plongee-plaisir.com\/fr\/ffessm-licence-2021-2022-et-honorabilite\/\" \/>\n<meta property=\"og:locale\" content=\"fr_FR\" \/>\n<meta property=\"og:type\" content=\"article\" \/>\n<meta property=\"og:title\" content=\"FFESSM : licence 2021\/2022 - Plong\u00e9e Plaisir, site officiel\" \/>\n<meta property=\"og:description\" content=\"FICHES INFO &gt; \u00c9TABLISSEMENTS D&rsquo;APS FFESSM : licence 2021\/2022 et honorabilit\u00e9 Plong\u00e9e Plaisir vous a d\u00e9j\u00e0 inform\u00e9 \u00e0 propos de conditions d&rsquo;honorabilit\u00e9 des encadrants et exploitants. C&rsquo;est dans ce cadre que la FFESSM vient de modifier les conditions d&rsquo;obtention de sa licence pour la saison 2021\/2022. Personnes concern\u00e9es Pour les clubs : Pr\u00e9sident club (ou [&hellip;]\" \/>\n<meta property=\"og:url\" content=\"https:\/\/www.plongee-plaisir.com\/fr\/ffessm-licence-2021-2022-et-honorabilite\/\" \/>\n<meta property=\"og:site_name\" content=\"Plong\u00e9e Plaisir, site officiel\" \/>\n<meta property=\"article:modified_time\" content=\"2021-09-15T15:20:13+00:00\" \/>\n<meta property=\"og:image\" content=\"https:\/\/www.plongee-plaisir.com\/fr\/wp-content\/uploads\/2021\/09\/licences-2021-2022.png\" \/>\n<meta name=\"twitter:card\" content=\"summary_large_image\" \/>\n<meta name=\"twitter:label1\" content=\"Dur\u00e9e de lecture estim\u00e9e\" \/>\n\t<meta name=\"twitter:data1\" content=\"4 minutes\" \/>\n<script type=\"application\/ld+json\" class=\"yoast-schema-graph\">{\"@context\":\"https:\\\/\\\/schema.org\",\"@graph\":[{\"@type\":\"WebPage\",\"@id\":\"https:\\\/\\\/www.plongee-plaisir.com\\\/fr\\\/ffessm-licence-2021-2022-et-honorabilite\\\/\",\"url\":\"https:\\\/\\\/www.plongee-plaisir.com\\\/fr\\\/ffessm-licence-2021-2022-et-honorabilite\\\/\",\"name\":\"FFESSM : licence 2021\\\/2022 - Plong\u00e9e Plaisir, site officiel\",\"isPartOf\":{\"@id\":\"https:\\\/\\\/www.plongee-plaisir.com\\\/fr\\\/#website\"},\"primaryImageOfPage\":{\"@id\":\"https:\\\/\\\/www.plongee-plaisir.com\\\/fr\\\/ffessm-licence-2021-2022-et-honorabilite\\\/#primaryimage\"},\"image\":{\"@id\":\"https:\\\/\\\/www.plongee-plaisir.com\\\/fr\\\/ffessm-licence-2021-2022-et-honorabilite\\\/#primaryimage\"},\"thumbnailUrl\":\"https:\\\/\\\/www.plongee-plaisir.com\\\/fr\\\/wp-content\\\/uploads\\\/2021\\\/09\\\/licences-2021-2022.png\",\"datePublished\":\"2021-09-15T13:12:21+00:00\",\"dateModified\":\"2021-09-15T15:20:13+00:00\",\"breadcrumb\":{\"@id\":\"https:\\\/\\\/www.plongee-plaisir.com\\\/fr\\\/ffessm-licence-2021-2022-et-honorabilite\\\/#breadcrumb\"},\"inLanguage\":\"fr-FR\",\"potentialAction\":[{\"@type\":\"ReadAction\",\"target\":[\"https:\\\/\\\/www.plongee-plaisir.com\\\/fr\\\/ffessm-licence-2021-2022-et-honorabilite\\\/\"]}]},{\"@type\":\"ImageObject\",\"inLanguage\":\"fr-FR\",\"@id\":\"https:\\\/\\\/www.plongee-plaisir.com\\\/fr\\\/ffessm-licence-2021-2022-et-honorabilite\\\/#primaryimage\",\"url\":\"https:\\\/\\\/www.plongee-plaisir.com\\\/fr\\\/wp-content\\\/uploads\\\/2021\\\/09\\\/licences-2021-2022.png\",\"contentUrl\":\"https:\\\/\\\/www.plongee-plaisir.com\\\/fr\\\/wp-content\\\/uploads\\\/2021\\\/09\\\/licences-2021-2022.png\",\"width\":580,\"height\":230},{\"@type\":\"BreadcrumbList\",\"@id\":\"https:\\\/\\\/www.plongee-plaisir.com\\\/fr\\\/ffessm-licence-2021-2022-et-honorabilite\\\/#breadcrumb\",\"itemListElement\":[{\"@type\":\"ListItem\",\"position\":1,\"name\":\"Accueil\",\"item\":\"https:\\\/\\\/www.plongee-plaisir.com\\\/fr\\\/\"},{\"@type\":\"ListItem\",\"position\":2,\"name\":\"FFESSM : licence 2021\\\/2022\"}]},{\"@type\":\"WebSite\",\"@id\":\"https:\\\/\\\/www.plongee-plaisir.com\\\/fr\\\/#website\",\"url\":\"https:\\\/\\\/www.plongee-plaisir.com\\\/fr\\\/\",\"name\":\"Plong\u00e9e Plaisir, site officiel\",\"description\":\"Apprendre \u00e0 plonger - Learning to dive\",\"potentialAction\":[{\"@type\":\"SearchAction\",\"target\":{\"@type\":\"EntryPoint\",\"urlTemplate\":\"https:\\\/\\\/www.plongee-plaisir.com\\\/fr\\\/?s={search_term_string}\"},\"query-input\":{\"@type\":\"PropertyValueSpecification\",\"valueRequired\":true,\"valueName\":\"search_term_string\"}}],\"inLanguage\":\"fr-FR\"}]}<\/script>\n<!-- \/ Yoast SEO plugin. -->","yoast_head_json":{"title":"FFESSM : licence 2021\/2022 - Plong\u00e9e Plaisir, site officiel","robots":{"index":"index","follow":"follow","max-snippet":"max-snippet:-1","max-image-preview":"max-image-preview:large","max-video-preview":"max-video-preview:-1"},"canonical":"https:\/\/www.plongee-plaisir.com\/fr\/ffessm-licence-2021-2022-et-honorabilite\/","og_locale":"fr_FR","og_type":"article","og_title":"FFESSM : licence 2021\/2022 - Plong\u00e9e Plaisir, site officiel","og_description":"FICHES INFO &gt; \u00c9TABLISSEMENTS D&rsquo;APS FFESSM : licence 2021\/2022 et honorabilit\u00e9 Plong\u00e9e Plaisir vous a d\u00e9j\u00e0 inform\u00e9 \u00e0 propos de conditions d&rsquo;honorabilit\u00e9 des encadrants et exploitants. C&rsquo;est dans ce cadre que la FFESSM vient de modifier les conditions d&rsquo;obtention de sa licence pour la saison 2021\/2022. Personnes concern\u00e9es Pour les clubs : Pr\u00e9sident club (ou [&hellip;]","og_url":"https:\/\/www.plongee-plaisir.com\/fr\/ffessm-licence-2021-2022-et-honorabilite\/","og_site_name":"Plong\u00e9e Plaisir, site officiel","article_modified_time":"2021-09-15T15:20:13+00:00","og_image":[{"url":"https:\/\/www.plongee-plaisir.com\/fr\/wp-content\/uploads\/2021\/09\/licences-2021-2022.png","type":"","width":"","height":""}],"twitter_card":"summary_large_image","twitter_misc":{"Dur\u00e9e de lecture estim\u00e9e":"4 minutes"},"schema":{"@context":"https:\/\/schema.org","@graph":[{"@type":"WebPage","@id":"https:\/\/www.plongee-plaisir.com\/fr\/ffessm-licence-2021-2022-et-honorabilite\/","url":"https:\/\/www.plongee-plaisir.com\/fr\/ffessm-licence-2021-2022-et-honorabilite\/","name":"FFESSM : licence 2021\/2022 - Plong\u00e9e Plaisir, site officiel","isPartOf":{"@id":"https:\/\/www.plongee-plaisir.com\/fr\/#website"},"primaryImageOfPage":{"@id":"https:\/\/www.plongee-plaisir.com\/fr\/ffessm-licence-2021-2022-et-honorabilite\/#primaryimage"},"image":{"@id":"https:\/\/www.plongee-plaisir.com\/fr\/ffessm-licence-2021-2022-et-honorabilite\/#primaryimage"},"thumbnailUrl":"https:\/\/www.plongee-plaisir.com\/fr\/wp-content\/uploads\/2021\/09\/licences-2021-2022.png","datePublished":"2021-09-15T13:12:21+00:00","dateModified":"2021-09-15T15:20:13+00:00","breadcrumb":{"@id":"https:\/\/www.plongee-plaisir.com\/fr\/ffessm-licence-2021-2022-et-honorabilite\/#breadcrumb"},"inLanguage":"fr-FR","potentialAction":[{"@type":"ReadAction","target":["https:\/\/www.plongee-plaisir.com\/fr\/ffessm-licence-2021-2022-et-honorabilite\/"]}]},{"@type":"ImageObject","inLanguage":"fr-FR","@id":"https:\/\/www.plongee-plaisir.com\/fr\/ffessm-licence-2021-2022-et-honorabilite\/#primaryimage","url":"https:\/\/www.plongee-plaisir.com\/fr\/wp-content\/uploads\/2021\/09\/licences-2021-2022.png","contentUrl":"https:\/\/www.plongee-plaisir.com\/fr\/wp-content\/uploads\/2021\/09\/licences-2021-2022.png","width":580,"height":230},{"@type":"BreadcrumbList","@id":"https:\/\/www.plongee-plaisir.com\/fr\/ffessm-licence-2021-2022-et-honorabilite\/#breadcrumb","itemListElement":[{"@type":"ListItem","position":1,"name":"Accueil","item":"https:\/\/www.plongee-plaisir.com\/fr\/"},{"@type":"ListItem","position":2,"name":"FFESSM : licence 2021\/2022"}]},{"@type":"WebSite","@id":"https:\/\/www.plongee-plaisir.com\/fr\/#website","url":"https:\/\/www.plongee-plaisir.com\/fr\/","name":"Plong\u00e9e Plaisir, site officiel","description":"Apprendre \u00e0 plonger - Learning to dive","potentialAction":[{"@type":"SearchAction","target":{"@type":"EntryPoint","urlTemplate":"https:\/\/www.plongee-plaisir.com\/fr\/?s={search_term_string}"},"query-input":{"@type":"PropertyValueSpecification","valueRequired":true,"valueName":"search_term_string"}}],"inLanguage":"fr-FR"}]}},"featured_image_src":null,"featured_image_src_square":null,"uagb_featured_image_src":{"full":false,"thumbnail":false,"medium":false,"medium_large":false,"large":false,"1536x1536":false,"2048x2048":false,"featured-content":false,"author-pro-image":false,"tb-timeline-landscape":false,"tb-timeline-square":false,"ultp_layout_landscape_large":false,"ultp_layout_landscape":false,"ultp_layout_portrait":false,"ultp_layout_square":false,"vp_sm":false,"vp_md":false,"vp_lg":false,"vp_xl":false,"vp_sm_popup":false,"vp_md_popup":false,"vp_xl_popup":false,"gb-block-post-grid-landscape":false,"gb-block-post-grid-square":false,"woocommerce_thumbnail":false,"woocommerce_single":false,"woocommerce_gallery_thumbnail":false,"sow-carousel-default":false},"uagb_author_info":{"display_name":"Alain Foret","author_link":"https:\/\/www.plongee-plaisir.com\/fr\/author\/plongeeplaisir\/"},"uagb_comment_info":0,"uagb_excerpt":"FICHES INFO &gt; \u00c9TABLISSEMENTS D&rsquo;APS FFESSM : licence 2021\/2022 et honorabilit\u00e9 Plong\u00e9e Plaisir vous a d\u00e9j\u00e0 inform\u00e9 \u00e0 propos de conditions d&rsquo;honorabilit\u00e9 des encadrants et exploitants. C&rsquo;est dans ce cadre que la FFESSM vient de modifier les conditions d&rsquo;obtention de sa licence pour la saison 2021\/2022. Personnes concern\u00e9es Pour les clubs : Pr\u00e9sident club (ou\u2026","coauthors":[],"author_meta":{"author_link":"https:\/\/www.plongee-plaisir.com\/fr\/author\/plongeeplaisir\/","display_name":"Alain Foret"},"relative_dates":{"created":"Publi\u00e9 5 ans il y a","modified":"Mis \u00e0 jour 5 ans il y a"},"absolute_dates":{"created":"Publi\u00e9 le 15 septembre 2021","modified":"Mise \u00e0 jour le 15 septembre 2021"},"absolute_dates_time":{"created":"Publi\u00e9 le 15 septembre 2021 15 h 12 min","modified":"Mise \u00e0 jour le 15 septembre 2021 17 h 20 min"},"featured_img_caption":"","featured_img":false,"series_order":"","amp_enabled":true,"_links":{"self":[{"href":"https:\/\/www.plongee-plaisir.com\/fr\/wp-json\/wp\/v2\/pages\/53184","targetHints":{"allow":["GET"]}}],"collection":[{"href":"https:\/\/www.plongee-plaisir.com\/fr\/wp-json\/wp\/v2\/pages"}],"about":[{"href":"https:\/\/www.plongee-plaisir.com\/fr\/wp-json\/wp\/v2\/types\/page"}],"author":[{"embeddable":true,"href":"https:\/\/www.plongee-plaisir.com\/fr\/wp-json\/wp\/v2\/users\/4"}],"replies":[{"embeddable":true,"href":"https:\/\/www.plongee-plaisir.com\/fr\/wp-json\/wp\/v2\/comments?post=53184"}],"version-history":[{"count":0,"href":"https:\/\/www.plongee-plaisir.com\/fr\/wp-json\/wp\/v2\/pages\/53184\/revisions"}],"wp:attachment":[{"href":"https:\/\/www.plongee-plaisir.com\/fr\/wp-json\/wp\/v2\/media?parent=53184"}],"curies":[{"name":"wp","href":"https:\/\/api.w.org\/{rel}","templated":true}]}}