{"id":53517,"date":"2021-10-31T15:41:57","date_gmt":"2021-10-31T14:41:57","guid":{"rendered":"https:\/\/www.plongee-plaisir.com\/fr\/?page_id=53517"},"modified":"2021-11-06T03:04:01","modified_gmt":"2021-11-06T02:04:01","slug":"invitation-cx-sc-mvalues-gf","status":"publish","type":"page","link":"https:\/\/www.plongee-plaisir.com\/fr\/invitation-cx-sc-mvalues-gf\/","title":{"rendered":"Invitation Cx, Sc &#8211; Mvalues &#8211; GF"},"content":{"rendered":"\n<h1 class=\"wp-block-heading\" id=\"conference-ordinateurs-m-values-et-gf-expliques\">Conf\u00e9rence Ordinateurs : M-Values et GF expliqu\u00e9s<\/h1>\n\n\n\n<div class=\"wp-block-media-text alignwide is-stacked-on-mobile\" style=\"grid-template-columns:37% auto\"><figure class=\"wp-block-media-text__media\"><img decoding=\"async\" width=\"1024\" height=\"683\" src=\"https:\/\/www.plongee-plaisir.com\/fr\/wp-content\/uploads\/2021\/10\/Invitation-conference2-1.png\" alt=\"\" class=\"wp-image-53522 size-full\" srcset=\"https:\/\/www.plongee-plaisir.com\/fr\/wp-content\/uploads\/2021\/10\/Invitation-conference2-1.png 1024w, https:\/\/www.plongee-plaisir.com\/fr\/wp-content\/uploads\/2021\/10\/Invitation-conference2-1-300x200.png 300w, https:\/\/www.plongee-plaisir.com\/fr\/wp-content\/uploads\/2021\/10\/Invitation-conference2-1-600x400.png 600w, https:\/\/www.plongee-plaisir.com\/fr\/wp-content\/uploads\/2021\/10\/Invitation-conference2-1-768x512.png 768w, https:\/\/www.plongee-plaisir.com\/fr\/wp-content\/uploads\/2021\/10\/Invitation-conference2-1-272x182.png 272w\" sizes=\"(max-width: 1024px) 100vw, 1024px\" \/><\/figure><div class=\"wp-block-media-text__content\">\n<p class=\"has-small-font-size wp-block-paragraph\"><strong>Titre&nbsp;:<\/strong>&nbsp;Ordinateurs de plong\u00e9e : M-Values et Gradient Factors (GF) expliqu\u00e9s. Une approche unifi\u00e9e des mod\u00e8les haldaniens.<\/p>\n\n\n\n<p class=\"has-small-font-size wp-block-paragraph\"><strong>Pr\u00e9sentation<\/strong>&nbsp;: La d\u00e9saturation est fondamentale pour tous les plongeurs. Nous nous en remettons tous \u00e0 notre ordinateur de plong\u00e9e et donc \u00e0 un mod\u00e8le de d\u00e9saturation. Pour autant, savons-nous ce qui se cache derri\u00e8re ces mod\u00e8les&nbsp;? Que repr\u00e9sentent les M-Values du mod\u00e8le B\u00fchlmann&nbsp;? Qu\u2019est qu\u2019un mod\u00e8le diphasique du type RGBM du Bruce Wienke&nbsp;? Que repr\u00e9sentent vraiment les Gradient Factors (GF) que les ordinateurs r\u00e9cents laissent param\u00e9trables par l\u2019utilisateur&nbsp;?<\/p>\n\n\n\n<p class=\"has-small-font-size wp-block-paragraph\">Fruit de 2 ans de travail, Alain Foret vous pr\u00e9sente une approche unifi\u00e9e de tous ces concepts, pour une plong\u00e9e plus sure et des choix avis\u00e9s.<\/p>\n\n\n\n<p class=\"has-small-font-size wp-block-paragraph\"><strong>Conf\u00e9rencier<\/strong>&nbsp;: Alain Foret, BEES2-DESJEPS, auteur des livres et supports p\u00e9dagogiques Plong\u00e9e Plaisir.<\/p>\n<\/div><\/div>\n\n\n\n<p class=\"wp-block-paragraph\">INSCRIPTIONS CLOSES<\/p>\n","protected":false},"excerpt":{"rendered":"<p>Conf\u00e9rence Ordinateurs : M-Values et GF expliqu\u00e9s Titre&nbsp;:&nbsp;Ordinateurs de plong\u00e9e : M-Values et Gradient Factors (GF) expliqu\u00e9s. Une approche unifi\u00e9e des mod\u00e8les haldaniens. Pr\u00e9sentation&nbsp;: La d\u00e9saturation est fondamentale pour tous les plongeurs. Nous nous en remettons tous \u00e0 notre ordinateur de plong\u00e9e et donc \u00e0 un mod\u00e8le de d\u00e9saturation. Pour autant, savons-nous ce qui se [&hellip;]<\/p>\n","protected":false},"author":4,"featured_media":0,"parent":0,"menu_order":0,"comment_status":"closed","ping_status":"closed","template":"","meta":{"_crdt_document":"","_uag_custom_page_level_css":"","advgb_blocks_editor_width":"","advgb_blocks_columns_visual_guide":"","_genesis_hide_title":false,"_genesis_hide_breadcrumbs":false,"_genesis_hide_singular_image":false,"_genesis_hide_footer_widgets":false,"_genesis_custom_body_class":"","_genesis_custom_post_class":"","_genesis_layout":"","_vp_format_video_url":"","_vp_image_focal_point":[],"footnotes":""},"class_list":{"0":"post-53517","1":"page","2":"type-page","3":"status-publish","5":"entry"},"yoast_head":"<!-- This site is optimized with the Yoast SEO plugin v27.3 - https:\/\/yoast.com\/product\/yoast-seo-wordpress\/ -->\n<title>Invitation Cx, Sc - Mvalues - GF - Plong\u00e9e Plaisir, site officiel<\/title>\n<meta name=\"robots\" content=\"index, follow, max-snippet:-1, max-image-preview:large, max-video-preview:-1\" \/>\n<link rel=\"canonical\" href=\"https:\/\/www.plongee-plaisir.com\/fr\/invitation-cx-sc-mvalues-gf\/\" \/>\n<meta property=\"og:locale\" content=\"fr_FR\" \/>\n<meta property=\"og:type\" content=\"article\" \/>\n<meta property=\"og:title\" content=\"Invitation Cx, Sc - Mvalues - GF - Plong\u00e9e Plaisir, site officiel\" \/>\n<meta property=\"og:description\" content=\"Conf\u00e9rence Ordinateurs : M-Values et GF expliqu\u00e9s Titre&nbsp;:&nbsp;Ordinateurs de plong\u00e9e : M-Values et Gradient Factors (GF) expliqu\u00e9s. Une approche unifi\u00e9e des mod\u00e8les haldaniens. Pr\u00e9sentation&nbsp;: La d\u00e9saturation est fondamentale pour tous les plongeurs. Nous nous en remettons tous \u00e0 notre ordinateur de plong\u00e9e et donc \u00e0 un mod\u00e8le de d\u00e9saturation. Pour autant, savons-nous ce qui se [&hellip;]\" \/>\n<meta property=\"og:url\" content=\"https:\/\/www.plongee-plaisir.com\/fr\/invitation-cx-sc-mvalues-gf\/\" \/>\n<meta property=\"og:site_name\" content=\"Plong\u00e9e Plaisir, site officiel\" \/>\n<meta property=\"article:modified_time\" content=\"2021-11-06T02:04:01+00:00\" \/>\n<meta property=\"og:image\" content=\"https:\/\/www.plongee-plaisir.com\/fr\/wp-content\/uploads\/2021\/10\/Invitation-conference2-1.png\" \/>\n<meta name=\"twitter:card\" content=\"summary_large_image\" \/>\n<meta name=\"twitter:label1\" content=\"Dur\u00e9e de lecture estim\u00e9e\" \/>\n\t<meta name=\"twitter:data1\" content=\"1 minute\" \/>\n<script type=\"application\/ld+json\" class=\"yoast-schema-graph\">{\"@context\":\"https:\\\/\\\/schema.org\",\"@graph\":[{\"@type\":\"WebPage\",\"@id\":\"https:\\\/\\\/www.plongee-plaisir.com\\\/fr\\\/invitation-cx-sc-mvalues-gf\\\/\",\"url\":\"https:\\\/\\\/www.plongee-plaisir.com\\\/fr\\\/invitation-cx-sc-mvalues-gf\\\/\",\"name\":\"Invitation Cx, Sc - Mvalues - GF - Plong\u00e9e Plaisir, site officiel\",\"isPartOf\":{\"@id\":\"https:\\\/\\\/www.plongee-plaisir.com\\\/fr\\\/#website\"},\"primaryImageOfPage\":{\"@id\":\"https:\\\/\\\/www.plongee-plaisir.com\\\/fr\\\/invitation-cx-sc-mvalues-gf\\\/#primaryimage\"},\"image\":{\"@id\":\"https:\\\/\\\/www.plongee-plaisir.com\\\/fr\\\/invitation-cx-sc-mvalues-gf\\\/#primaryimage\"},\"thumbnailUrl\":\"https:\\\/\\\/www.plongee-plaisir.com\\\/fr\\\/wp-content\\\/uploads\\\/2021\\\/10\\\/Invitation-conference2-1.png\",\"datePublished\":\"2021-10-31T14:41:57+00:00\",\"dateModified\":\"2021-11-06T02:04:01+00:00\",\"breadcrumb\":{\"@id\":\"https:\\\/\\\/www.plongee-plaisir.com\\\/fr\\\/invitation-cx-sc-mvalues-gf\\\/#breadcrumb\"},\"inLanguage\":\"fr-FR\",\"potentialAction\":[{\"@type\":\"ReadAction\",\"target\":[\"https:\\\/\\\/www.plongee-plaisir.com\\\/fr\\\/invitation-cx-sc-mvalues-gf\\\/\"]}]},{\"@type\":\"ImageObject\",\"inLanguage\":\"fr-FR\",\"@id\":\"https:\\\/\\\/www.plongee-plaisir.com\\\/fr\\\/invitation-cx-sc-mvalues-gf\\\/#primaryimage\",\"url\":\"https:\\\/\\\/www.plongee-plaisir.com\\\/fr\\\/wp-content\\\/uploads\\\/2021\\\/10\\\/Invitation-conference2-1.png\",\"contentUrl\":\"https:\\\/\\\/www.plongee-plaisir.com\\\/fr\\\/wp-content\\\/uploads\\\/2021\\\/10\\\/Invitation-conference2-1.png\",\"width\":1024,\"height\":683},{\"@type\":\"BreadcrumbList\",\"@id\":\"https:\\\/\\\/www.plongee-plaisir.com\\\/fr\\\/invitation-cx-sc-mvalues-gf\\\/#breadcrumb\",\"itemListElement\":[{\"@type\":\"ListItem\",\"position\":1,\"name\":\"Accueil\",\"item\":\"https:\\\/\\\/www.plongee-plaisir.com\\\/fr\\\/\"},{\"@type\":\"ListItem\",\"position\":2,\"name\":\"Invitation Cx, Sc &#8211; Mvalues &#8211; GF\"}]},{\"@type\":\"WebSite\",\"@id\":\"https:\\\/\\\/www.plongee-plaisir.com\\\/fr\\\/#website\",\"url\":\"https:\\\/\\\/www.plongee-plaisir.com\\\/fr\\\/\",\"name\":\"Plong\u00e9e Plaisir, site officiel\",\"description\":\"Apprendre \u00e0 plonger - Learning to dive\",\"potentialAction\":[{\"@type\":\"SearchAction\",\"target\":{\"@type\":\"EntryPoint\",\"urlTemplate\":\"https:\\\/\\\/www.plongee-plaisir.com\\\/fr\\\/?s={search_term_string}\"},\"query-input\":{\"@type\":\"PropertyValueSpecification\",\"valueRequired\":true,\"valueName\":\"search_term_string\"}}],\"inLanguage\":\"fr-FR\"}]}<\/script>\n<!-- \/ Yoast SEO plugin. -->","yoast_head_json":{"title":"Invitation Cx, Sc - Mvalues - GF - Plong\u00e9e Plaisir, site officiel","robots":{"index":"index","follow":"follow","max-snippet":"max-snippet:-1","max-image-preview":"max-image-preview:large","max-video-preview":"max-video-preview:-1"},"canonical":"https:\/\/www.plongee-plaisir.com\/fr\/invitation-cx-sc-mvalues-gf\/","og_locale":"fr_FR","og_type":"article","og_title":"Invitation Cx, Sc - Mvalues - GF - Plong\u00e9e Plaisir, site officiel","og_description":"Conf\u00e9rence Ordinateurs : M-Values et GF expliqu\u00e9s Titre&nbsp;:&nbsp;Ordinateurs de plong\u00e9e : M-Values et Gradient Factors (GF) expliqu\u00e9s. Une approche unifi\u00e9e des mod\u00e8les haldaniens. Pr\u00e9sentation&nbsp;: La d\u00e9saturation est fondamentale pour tous les plongeurs. Nous nous en remettons tous \u00e0 notre ordinateur de plong\u00e9e et donc \u00e0 un mod\u00e8le de d\u00e9saturation. Pour autant, savons-nous ce qui se [&hellip;]","og_url":"https:\/\/www.plongee-plaisir.com\/fr\/invitation-cx-sc-mvalues-gf\/","og_site_name":"Plong\u00e9e Plaisir, site officiel","article_modified_time":"2021-11-06T02:04:01+00:00","og_image":[{"url":"https:\/\/www.plongee-plaisir.com\/fr\/wp-content\/uploads\/2021\/10\/Invitation-conference2-1.png","type":"","width":"","height":""}],"twitter_card":"summary_large_image","twitter_misc":{"Dur\u00e9e de lecture estim\u00e9e":"1 minute"},"schema":{"@context":"https:\/\/schema.org","@graph":[{"@type":"WebPage","@id":"https:\/\/www.plongee-plaisir.com\/fr\/invitation-cx-sc-mvalues-gf\/","url":"https:\/\/www.plongee-plaisir.com\/fr\/invitation-cx-sc-mvalues-gf\/","name":"Invitation Cx, Sc - Mvalues - GF - Plong\u00e9e Plaisir, site officiel","isPartOf":{"@id":"https:\/\/www.plongee-plaisir.com\/fr\/#website"},"primaryImageOfPage":{"@id":"https:\/\/www.plongee-plaisir.com\/fr\/invitation-cx-sc-mvalues-gf\/#primaryimage"},"image":{"@id":"https:\/\/www.plongee-plaisir.com\/fr\/invitation-cx-sc-mvalues-gf\/#primaryimage"},"thumbnailUrl":"https:\/\/www.plongee-plaisir.com\/fr\/wp-content\/uploads\/2021\/10\/Invitation-conference2-1.png","datePublished":"2021-10-31T14:41:57+00:00","dateModified":"2021-11-06T02:04:01+00:00","breadcrumb":{"@id":"https:\/\/www.plongee-plaisir.com\/fr\/invitation-cx-sc-mvalues-gf\/#breadcrumb"},"inLanguage":"fr-FR","potentialAction":[{"@type":"ReadAction","target":["https:\/\/www.plongee-plaisir.com\/fr\/invitation-cx-sc-mvalues-gf\/"]}]},{"@type":"ImageObject","inLanguage":"fr-FR","@id":"https:\/\/www.plongee-plaisir.com\/fr\/invitation-cx-sc-mvalues-gf\/#primaryimage","url":"https:\/\/www.plongee-plaisir.com\/fr\/wp-content\/uploads\/2021\/10\/Invitation-conference2-1.png","contentUrl":"https:\/\/www.plongee-plaisir.com\/fr\/wp-content\/uploads\/2021\/10\/Invitation-conference2-1.png","width":1024,"height":683},{"@type":"BreadcrumbList","@id":"https:\/\/www.plongee-plaisir.com\/fr\/invitation-cx-sc-mvalues-gf\/#breadcrumb","itemListElement":[{"@type":"ListItem","position":1,"name":"Accueil","item":"https:\/\/www.plongee-plaisir.com\/fr\/"},{"@type":"ListItem","position":2,"name":"Invitation Cx, Sc &#8211; Mvalues &#8211; GF"}]},{"@type":"WebSite","@id":"https:\/\/www.plongee-plaisir.com\/fr\/#website","url":"https:\/\/www.plongee-plaisir.com\/fr\/","name":"Plong\u00e9e Plaisir, site officiel","description":"Apprendre \u00e0 plonger - Learning to dive","potentialAction":[{"@type":"SearchAction","target":{"@type":"EntryPoint","urlTemplate":"https:\/\/www.plongee-plaisir.com\/fr\/?s={search_term_string}"},"query-input":{"@type":"PropertyValueSpecification","valueRequired":true,"valueName":"search_term_string"}}],"inLanguage":"fr-FR"}]}},"featured_image_src":null,"featured_image_src_square":null,"uagb_featured_image_src":{"full":false,"thumbnail":false,"medium":false,"medium_large":false,"large":false,"1536x1536":false,"2048x2048":false,"featured-content":false,"author-pro-image":false,"tb-timeline-landscape":false,"tb-timeline-square":false,"ultp_layout_landscape_large":false,"ultp_layout_landscape":false,"ultp_layout_portrait":false,"ultp_layout_square":false,"vp_sm":false,"vp_md":false,"vp_lg":false,"vp_xl":false,"vp_sm_popup":false,"vp_md_popup":false,"vp_xl_popup":false,"gb-block-post-grid-landscape":false,"gb-block-post-grid-square":false,"woocommerce_thumbnail":false,"woocommerce_single":false,"woocommerce_gallery_thumbnail":false,"web-stories-poster-portrait":false,"web-stories-publisher-logo":false,"web-stories-thumbnail":false,"sow-carousel-default":false},"uagb_author_info":{"display_name":"Alain Foret","author_link":"https:\/\/www.plongee-plaisir.com\/fr\/author\/plongeeplaisir\/"},"uagb_comment_info":0,"uagb_excerpt":"Conf\u00e9rence Ordinateurs : M-Values et GF expliqu\u00e9s Titre&nbsp;:&nbsp;Ordinateurs de plong\u00e9e : M-Values et Gradient Factors (GF) expliqu\u00e9s. Une approche unifi\u00e9e des mod\u00e8les haldaniens. Pr\u00e9sentation&nbsp;: La d\u00e9saturation est fondamentale pour tous les plongeurs. Nous nous en remettons tous \u00e0 notre ordinateur de plong\u00e9e et donc \u00e0 un mod\u00e8le de d\u00e9saturation. Pour autant, savons-nous ce qui se\u2026","coauthors":[],"author_meta":{"author_link":"https:\/\/www.plongee-plaisir.com\/fr\/author\/plongeeplaisir\/","display_name":"Alain Foret"},"relative_dates":{"created":"Publi\u00e9 4 ans il y a","modified":"Mis \u00e0 jour 4 ans il y a"},"absolute_dates":{"created":"Publi\u00e9 le 31 octobre 2021","modified":"Mise \u00e0 jour le 6 novembre 2021"},"absolute_dates_time":{"created":"Publi\u00e9 le 31 octobre 2021 15 h 41 min","modified":"Mise \u00e0 jour le 6 novembre 2021 3 h 04 min"},"featured_img_caption":"","featured_img":false,"series_order":"","amp_enabled":true,"_links":{"self":[{"href":"https:\/\/www.plongee-plaisir.com\/fr\/wp-json\/wp\/v2\/pages\/53517","targetHints":{"allow":["GET"]}}],"collection":[{"href":"https:\/\/www.plongee-plaisir.com\/fr\/wp-json\/wp\/v2\/pages"}],"about":[{"href":"https:\/\/www.plongee-plaisir.com\/fr\/wp-json\/wp\/v2\/types\/page"}],"author":[{"embeddable":true,"href":"https:\/\/www.plongee-plaisir.com\/fr\/wp-json\/wp\/v2\/users\/4"}],"replies":[{"embeddable":true,"href":"https:\/\/www.plongee-plaisir.com\/fr\/wp-json\/wp\/v2\/comments?post=53517"}],"version-history":[{"count":0,"href":"https:\/\/www.plongee-plaisir.com\/fr\/wp-json\/wp\/v2\/pages\/53517\/revisions"}],"wp:attachment":[{"href":"https:\/\/www.plongee-plaisir.com\/fr\/wp-json\/wp\/v2\/media?parent=53517"}],"curies":[{"name":"wp","href":"https:\/\/api.w.org\/{rel}","templated":true}]}}