{"id":53643,"date":"2021-11-09T16:35:40","date_gmt":"2021-11-09T15:35:40","guid":{"rendered":"https:\/\/www.plongee-plaisir.com\/fr\/?page_id=53643"},"modified":"2021-11-23T11:01:06","modified_gmt":"2021-11-23T10:01:06","slug":"editions-gap","status":"publish","type":"page","link":"https:\/\/www.plongee-plaisir.com\/fr\/editions-gap\/","title":{"rendered":"EDITIONS GAP"},"content":{"rendered":"\n<figure class=\"wp-block-image size-full is-style-default\"><a href=\"https:\/\/editionsgap.fr\" target=\"_blank\" rel=\"noopener\"><img decoding=\"async\" width=\"218\" height=\"36\" src=\"https:\/\/www.plongee-plaisir.com\/fr\/wp-content\/uploads\/2016\/07\/Editions-gap-logo.jpg\" alt=\"Editions GAP\" class=\"wp-image-1320\"\/><\/a><\/figure>\n\n\n\n<div style=\"height:26px\" aria-hidden=\"true\" class=\"wp-block-spacer\"><\/div>\n\n\n\n<p class=\"wp-block-paragraph\">Les <a href=\"https:\/\/editionsgap.fr\" target=\"_blank\" rel=\"noreferrer noopener\">\u00c9ditions GAP<\/a> \u00e9ditent les livres Plong\u00e9e Plaisir depuis leur cr\u00e9ation, en 1999.<\/p>\n\n\n\n<h1 class=\"wp-block-heading\" id=\"historique-des-livres-plongee-plaisir\">Historique des livres Plong\u00e9e Plaisir<\/h1>\n\n\n\n<p class=\"wp-block-paragraph\"><strong>1994&nbsp;\u2013&nbsp;1996<\/strong><strong><br><\/strong>R\u00e9alisation d\u2019un polycopi\u00e9 de 132&nbsp;pages \u00e0 destination des plongeurs en formation niveau&nbsp;2.<\/p>\n\n\n\n<p class=\"wp-block-paragraph\">Diffusion gracieuse, utilisation par plusieurs clubs de l\u2019H\u00e9rault. Jean-Pierre Montseny, alors pr\u00e9sident de la Commission technique d\u00e9partementale de l\u2019H\u00e9rault (FFESSM) sugg\u00e8re \u00e0 Alain Foret d\u2019y ajouter de la couleur et de le publier sous forme d\u2019un v\u00e9ritable livre.<\/p>\n\n\n\n<p class=\"wp-block-paragraph\"><strong>1997<\/strong><br>Contact avec les fondateurs de la librairie Sixi\u00e8me Continent \u00e0 Montpellier (Pascal Levasseur et Didier Grand) et mise en relation avec deux \u00e9diteurs dont les Editions GAP, fond\u00e9es et dirig\u00e9es par Georges Pajean. Apr\u00e8s avoir contact\u00e9 Paul Villevieille, d\u00e9j\u00e0 auteur de livres de plong\u00e9e aux \u00e9ditions GAP, Georges Pajean donne son accord pour une publication int\u00e9grant \u00e0 la fois le niveau&nbsp;1 et le niveau&nbsp;2. Aucune autre contrainte n\u2019est formul\u00e9e, pas plus en terme de nombre de pages que de nombre de photographies ou sch\u00e9mas. Cela offre une libert\u00e9 fort appr\u00e9ciable pour un auteur.<\/p>\n\n\n\n<p class=\"wp-block-paragraph\"><strong>1997<br><\/strong>Alain Foret recherche alors un photographe, d\u2019abord pour quelques dizaines de photographies concernant le monde sous-marin, au final pour plus de 400 photographies. Le tout premier contact est pris avec un ami plongeur, Pablo Torres. Celui-ci r\u00e9pond favorablement. Rapidement, vu le nombre de photographies et leur importance dans l\u2019attrait du livre, Pablo Torres devient co-auteur.<\/p>\n\n\n\n<p class=\"wp-block-paragraph\"><strong>10&nbsp;septembre&nbsp;1997<\/strong><br>Signature du premier contrat d\u2019\u00e9dition avec les \u00e9ditions GAP.<\/p>\n\n\n\n<p class=\"wp-block-paragraph\"><strong>1997-1999<br><\/strong>R\u00e9daction du livre \u00ab&nbsp;<em>Plong\u00e9e Plaisir niveaux 1 et 2<\/em>\u00ab&nbsp;, sous-titr\u00e9 \u00ab&nbsp;<em>De l\u2019initiation \u00e0 l\u2019autonomie<\/em>\u00ab&nbsp;.<\/p>\n\n\n\n<p class=\"wp-block-paragraph\">L\u2019approche, novatrice, consiste \u00e0 int\u00e9grer :<\/p>\n\n\n\n<ul class=\"wp-block-list\"><li>La logique de formation par les comp\u00e9tences.<\/li><li>Un enseignement transversal, dans la suite logique des comp\u00e9tences. Les \u00ab&nbsp;lois physiques&nbsp;\u00bb et \u00ab&nbsp;l\u2019anatomie-physiologie&nbsp;\u00bb ne sont plus enseign\u00e9es pour elles-m\u00eames mais directement int\u00e9gr\u00e9es, en tant que de besoin, dans les cours sur la pr\u00e9vention des risques.<\/li><li>Des sch\u00e9mas originaux.<\/li><\/ul>\n\n\n\n<p class=\"wp-block-paragraph\">Lire la suite de <a href=\"https:\/\/www.plongee-plaisir.com\/fr\/historique-des-livres-plongee-plaisir\/\">l&rsquo;historique des livres Plong\u00e9e Plaisir<\/a>.<\/p>\n\n\n\n<div style=\"height:29px\" aria-hidden=\"true\" class=\"wp-block-spacer\"><\/div>\n\n\n\n<div class=\"wp-block-buttons is-layout-flex wp-block-buttons-is-layout-flex\">\n<div class=\"wp-block-button is-style-fill\"><a class=\"wp-block-button__link\" href=\"https:\/\/editionsgap.fr\">ACC\u00c9DER AU SITE DES \u00c9DITIONS GAP<\/a><\/div>\n<\/div>\n","protected":false},"excerpt":{"rendered":"<p>Les \u00c9ditions GAP \u00e9ditent les livres Plong\u00e9e Plaisir depuis leur cr\u00e9ation, en 1999. Historique des livres Plong\u00e9e Plaisir 1994&nbsp;\u2013&nbsp;1996R\u00e9alisation d\u2019un polycopi\u00e9 de 132&nbsp;pages \u00e0 destination des plongeurs en formation niveau&nbsp;2. Diffusion gracieuse, utilisation par plusieurs clubs de l\u2019H\u00e9rault. Jean-Pierre Montseny, alors pr\u00e9sident de la Commission technique d\u00e9partementale de l\u2019H\u00e9rault (FFESSM) sugg\u00e8re \u00e0 Alain Foret d\u2019y [&hellip;]<\/p>\n","protected":false},"author":4,"featured_media":0,"parent":0,"menu_order":0,"comment_status":"closed","ping_status":"closed","template":"","meta":{"_crdt_document":"","_uag_custom_page_level_css":"","advgb_blocks_editor_width":"","advgb_blocks_columns_visual_guide":"","_genesis_hide_title":false,"_genesis_hide_breadcrumbs":false,"_genesis_hide_singular_image":false,"_genesis_hide_footer_widgets":false,"_genesis_custom_body_class":"","_genesis_custom_post_class":"","_genesis_layout":"","_vp_format_video_url":"","_vp_image_focal_point":[],"footnotes":""},"class_list":{"0":"post-53643","1":"page","2":"type-page","3":"status-publish","5":"entry"},"yoast_head":"<!-- This site is optimized with the Yoast SEO plugin v27.3 - https:\/\/yoast.com\/product\/yoast-seo-wordpress\/ -->\n<title>EDITIONS GAP - Plong\u00e9e Plaisir, site officiel<\/title>\n<meta name=\"robots\" content=\"index, follow, max-snippet:-1, max-image-preview:large, max-video-preview:-1\" \/>\n<link rel=\"canonical\" href=\"https:\/\/www.plongee-plaisir.com\/fr\/editions-gap\/\" \/>\n<meta property=\"og:locale\" content=\"fr_FR\" \/>\n<meta property=\"og:type\" content=\"article\" \/>\n<meta property=\"og:title\" content=\"EDITIONS GAP - Plong\u00e9e Plaisir, site officiel\" \/>\n<meta property=\"og:description\" content=\"Les \u00c9ditions GAP \u00e9ditent les livres Plong\u00e9e Plaisir depuis leur cr\u00e9ation, en 1999. Historique des livres Plong\u00e9e Plaisir 1994&nbsp;\u2013&nbsp;1996R\u00e9alisation d\u2019un polycopi\u00e9 de 132&nbsp;pages \u00e0 destination des plongeurs en formation niveau&nbsp;2. Diffusion gracieuse, utilisation par plusieurs clubs de l\u2019H\u00e9rault. Jean-Pierre Montseny, alors pr\u00e9sident de la Commission technique d\u00e9partementale de l\u2019H\u00e9rault (FFESSM) sugg\u00e8re \u00e0 Alain Foret d\u2019y [&hellip;]\" \/>\n<meta property=\"og:url\" content=\"https:\/\/www.plongee-plaisir.com\/fr\/editions-gap\/\" \/>\n<meta property=\"og:site_name\" content=\"Plong\u00e9e Plaisir, site officiel\" \/>\n<meta property=\"article:modified_time\" content=\"2021-11-23T10:01:06+00:00\" \/>\n<meta property=\"og:image\" content=\"https:\/\/www.plongee-plaisir.com\/fr\/wp-content\/uploads\/2016\/07\/Editions-gap-logo.jpg\" \/>\n<meta name=\"twitter:card\" content=\"summary_large_image\" \/>\n<meta name=\"twitter:label1\" content=\"Dur\u00e9e de lecture estim\u00e9e\" \/>\n\t<meta name=\"twitter:data1\" content=\"2 minutes\" \/>\n<script type=\"application\/ld+json\" class=\"yoast-schema-graph\">{\"@context\":\"https:\\\/\\\/schema.org\",\"@graph\":[{\"@type\":\"WebPage\",\"@id\":\"https:\\\/\\\/www.plongee-plaisir.com\\\/fr\\\/editions-gap\\\/\",\"url\":\"https:\\\/\\\/www.plongee-plaisir.com\\\/fr\\\/editions-gap\\\/\",\"name\":\"EDITIONS GAP - Plong\u00e9e Plaisir, site officiel\",\"isPartOf\":{\"@id\":\"https:\\\/\\\/www.plongee-plaisir.com\\\/fr\\\/#website\"},\"primaryImageOfPage\":{\"@id\":\"https:\\\/\\\/www.plongee-plaisir.com\\\/fr\\\/editions-gap\\\/#primaryimage\"},\"image\":{\"@id\":\"https:\\\/\\\/www.plongee-plaisir.com\\\/fr\\\/editions-gap\\\/#primaryimage\"},\"thumbnailUrl\":\"https:\\\/\\\/www.plongee-plaisir.com\\\/fr\\\/wp-content\\\/uploads\\\/2016\\\/07\\\/Editions-gap-logo.jpg\",\"datePublished\":\"2021-11-09T15:35:40+00:00\",\"dateModified\":\"2021-11-23T10:01:06+00:00\",\"breadcrumb\":{\"@id\":\"https:\\\/\\\/www.plongee-plaisir.com\\\/fr\\\/editions-gap\\\/#breadcrumb\"},\"inLanguage\":\"fr-FR\",\"potentialAction\":[{\"@type\":\"ReadAction\",\"target\":[\"https:\\\/\\\/www.plongee-plaisir.com\\\/fr\\\/editions-gap\\\/\"]}]},{\"@type\":\"ImageObject\",\"inLanguage\":\"fr-FR\",\"@id\":\"https:\\\/\\\/www.plongee-plaisir.com\\\/fr\\\/editions-gap\\\/#primaryimage\",\"url\":\"https:\\\/\\\/www.plongee-plaisir.com\\\/fr\\\/wp-content\\\/uploads\\\/2016\\\/07\\\/Editions-gap-logo.jpg\",\"contentUrl\":\"https:\\\/\\\/www.plongee-plaisir.com\\\/fr\\\/wp-content\\\/uploads\\\/2016\\\/07\\\/Editions-gap-logo.jpg\",\"width\":218,\"height\":36,\"caption\":\"Editions GAP\"},{\"@type\":\"BreadcrumbList\",\"@id\":\"https:\\\/\\\/www.plongee-plaisir.com\\\/fr\\\/editions-gap\\\/#breadcrumb\",\"itemListElement\":[{\"@type\":\"ListItem\",\"position\":1,\"name\":\"Accueil\",\"item\":\"https:\\\/\\\/www.plongee-plaisir.com\\\/fr\\\/\"},{\"@type\":\"ListItem\",\"position\":2,\"name\":\"EDITIONS GAP\"}]},{\"@type\":\"WebSite\",\"@id\":\"https:\\\/\\\/www.plongee-plaisir.com\\\/fr\\\/#website\",\"url\":\"https:\\\/\\\/www.plongee-plaisir.com\\\/fr\\\/\",\"name\":\"Plong\u00e9e Plaisir, site officiel\",\"description\":\"Apprendre \u00e0 plonger - Learning to dive\",\"potentialAction\":[{\"@type\":\"SearchAction\",\"target\":{\"@type\":\"EntryPoint\",\"urlTemplate\":\"https:\\\/\\\/www.plongee-plaisir.com\\\/fr\\\/?s={search_term_string}\"},\"query-input\":{\"@type\":\"PropertyValueSpecification\",\"valueRequired\":true,\"valueName\":\"search_term_string\"}}],\"inLanguage\":\"fr-FR\"}]}<\/script>\n<!-- \/ Yoast SEO plugin. -->","yoast_head_json":{"title":"EDITIONS GAP - Plong\u00e9e Plaisir, site officiel","robots":{"index":"index","follow":"follow","max-snippet":"max-snippet:-1","max-image-preview":"max-image-preview:large","max-video-preview":"max-video-preview:-1"},"canonical":"https:\/\/www.plongee-plaisir.com\/fr\/editions-gap\/","og_locale":"fr_FR","og_type":"article","og_title":"EDITIONS GAP - Plong\u00e9e Plaisir, site officiel","og_description":"Les \u00c9ditions GAP \u00e9ditent les livres Plong\u00e9e Plaisir depuis leur cr\u00e9ation, en 1999. Historique des livres Plong\u00e9e Plaisir 1994&nbsp;\u2013&nbsp;1996R\u00e9alisation d\u2019un polycopi\u00e9 de 132&nbsp;pages \u00e0 destination des plongeurs en formation niveau&nbsp;2. Diffusion gracieuse, utilisation par plusieurs clubs de l\u2019H\u00e9rault. Jean-Pierre Montseny, alors pr\u00e9sident de la Commission technique d\u00e9partementale de l\u2019H\u00e9rault (FFESSM) sugg\u00e8re \u00e0 Alain Foret d\u2019y [&hellip;]","og_url":"https:\/\/www.plongee-plaisir.com\/fr\/editions-gap\/","og_site_name":"Plong\u00e9e Plaisir, site officiel","article_modified_time":"2021-11-23T10:01:06+00:00","og_image":[{"url":"https:\/\/www.plongee-plaisir.com\/fr\/wp-content\/uploads\/2016\/07\/Editions-gap-logo.jpg","type":"","width":"","height":""}],"twitter_card":"summary_large_image","twitter_misc":{"Dur\u00e9e de lecture estim\u00e9e":"2 minutes"},"schema":{"@context":"https:\/\/schema.org","@graph":[{"@type":"WebPage","@id":"https:\/\/www.plongee-plaisir.com\/fr\/editions-gap\/","url":"https:\/\/www.plongee-plaisir.com\/fr\/editions-gap\/","name":"EDITIONS GAP - Plong\u00e9e Plaisir, site officiel","isPartOf":{"@id":"https:\/\/www.plongee-plaisir.com\/fr\/#website"},"primaryImageOfPage":{"@id":"https:\/\/www.plongee-plaisir.com\/fr\/editions-gap\/#primaryimage"},"image":{"@id":"https:\/\/www.plongee-plaisir.com\/fr\/editions-gap\/#primaryimage"},"thumbnailUrl":"https:\/\/www.plongee-plaisir.com\/fr\/wp-content\/uploads\/2016\/07\/Editions-gap-logo.jpg","datePublished":"2021-11-09T15:35:40+00:00","dateModified":"2021-11-23T10:01:06+00:00","breadcrumb":{"@id":"https:\/\/www.plongee-plaisir.com\/fr\/editions-gap\/#breadcrumb"},"inLanguage":"fr-FR","potentialAction":[{"@type":"ReadAction","target":["https:\/\/www.plongee-plaisir.com\/fr\/editions-gap\/"]}]},{"@type":"ImageObject","inLanguage":"fr-FR","@id":"https:\/\/www.plongee-plaisir.com\/fr\/editions-gap\/#primaryimage","url":"https:\/\/www.plongee-plaisir.com\/fr\/wp-content\/uploads\/2016\/07\/Editions-gap-logo.jpg","contentUrl":"https:\/\/www.plongee-plaisir.com\/fr\/wp-content\/uploads\/2016\/07\/Editions-gap-logo.jpg","width":218,"height":36,"caption":"Editions GAP"},{"@type":"BreadcrumbList","@id":"https:\/\/www.plongee-plaisir.com\/fr\/editions-gap\/#breadcrumb","itemListElement":[{"@type":"ListItem","position":1,"name":"Accueil","item":"https:\/\/www.plongee-plaisir.com\/fr\/"},{"@type":"ListItem","position":2,"name":"EDITIONS GAP"}]},{"@type":"WebSite","@id":"https:\/\/www.plongee-plaisir.com\/fr\/#website","url":"https:\/\/www.plongee-plaisir.com\/fr\/","name":"Plong\u00e9e Plaisir, site officiel","description":"Apprendre \u00e0 plonger - Learning to dive","potentialAction":[{"@type":"SearchAction","target":{"@type":"EntryPoint","urlTemplate":"https:\/\/www.plongee-plaisir.com\/fr\/?s={search_term_string}"},"query-input":{"@type":"PropertyValueSpecification","valueRequired":true,"valueName":"search_term_string"}}],"inLanguage":"fr-FR"}]}},"featured_image_src":null,"featured_image_src_square":null,"uagb_featured_image_src":{"full":false,"thumbnail":false,"medium":false,"medium_large":false,"large":false,"1536x1536":false,"2048x2048":false,"featured-content":false,"author-pro-image":false,"tb-timeline-landscape":false,"tb-timeline-square":false,"ultp_layout_landscape_large":false,"ultp_layout_landscape":false,"ultp_layout_portrait":false,"ultp_layout_square":false,"vp_sm":false,"vp_md":false,"vp_lg":false,"vp_xl":false,"vp_sm_popup":false,"vp_md_popup":false,"vp_xl_popup":false,"gb-block-post-grid-landscape":false,"gb-block-post-grid-square":false,"woocommerce_thumbnail":false,"woocommerce_single":false,"woocommerce_gallery_thumbnail":false,"web-stories-poster-portrait":false,"web-stories-publisher-logo":false,"web-stories-thumbnail":false,"sow-carousel-default":false},"uagb_author_info":{"display_name":"Alain Foret","author_link":"https:\/\/www.plongee-plaisir.com\/fr\/author\/plongeeplaisir\/"},"uagb_comment_info":0,"uagb_excerpt":"Les \u00c9ditions GAP \u00e9ditent les livres Plong\u00e9e Plaisir depuis leur cr\u00e9ation, en 1999. Historique des livres Plong\u00e9e Plaisir 1994&nbsp;\u2013&nbsp;1996R\u00e9alisation d\u2019un polycopi\u00e9 de 132&nbsp;pages \u00e0 destination des plongeurs en formation niveau&nbsp;2. Diffusion gracieuse, utilisation par plusieurs clubs de l\u2019H\u00e9rault. Jean-Pierre Montseny, alors pr\u00e9sident de la Commission technique d\u00e9partementale de l\u2019H\u00e9rault (FFESSM) sugg\u00e8re \u00e0 Alain Foret d\u2019y\u2026","coauthors":[],"author_meta":{"author_link":"https:\/\/www.plongee-plaisir.com\/fr\/author\/plongeeplaisir\/","display_name":"Alain Foret"},"relative_dates":{"created":"Publi\u00e9 4 ans il y a","modified":"Mis \u00e0 jour 4 ans il y a"},"absolute_dates":{"created":"Publi\u00e9 le 9 novembre 2021","modified":"Mise \u00e0 jour le 23 novembre 2021"},"absolute_dates_time":{"created":"Publi\u00e9 le 9 novembre 2021 16 h 35 min","modified":"Mise \u00e0 jour le 23 novembre 2021 11 h 01 min"},"featured_img_caption":"","featured_img":false,"series_order":"","amp_enabled":true,"_links":{"self":[{"href":"https:\/\/www.plongee-plaisir.com\/fr\/wp-json\/wp\/v2\/pages\/53643","targetHints":{"allow":["GET"]}}],"collection":[{"href":"https:\/\/www.plongee-plaisir.com\/fr\/wp-json\/wp\/v2\/pages"}],"about":[{"href":"https:\/\/www.plongee-plaisir.com\/fr\/wp-json\/wp\/v2\/types\/page"}],"author":[{"embeddable":true,"href":"https:\/\/www.plongee-plaisir.com\/fr\/wp-json\/wp\/v2\/users\/4"}],"replies":[{"embeddable":true,"href":"https:\/\/www.plongee-plaisir.com\/fr\/wp-json\/wp\/v2\/comments?post=53643"}],"version-history":[{"count":0,"href":"https:\/\/www.plongee-plaisir.com\/fr\/wp-json\/wp\/v2\/pages\/53643\/revisions"}],"wp:attachment":[{"href":"https:\/\/www.plongee-plaisir.com\/fr\/wp-json\/wp\/v2\/media?parent=53643"}],"curies":[{"name":"wp","href":"https:\/\/api.w.org\/{rel}","templated":true}]}}