{"id":54203,"date":"2022-01-08T15:17:56","date_gmt":"2022-01-08T14:17:56","guid":{"rendered":"https:\/\/www.plongee-plaisir.com\/fr\/?page_id=54203"},"modified":"2022-01-09T18:54:41","modified_gmt":"2022-01-09T17:54:41","slug":"lequilibre","status":"publish","type":"page","link":"https:\/\/www.plongee-plaisir.com\/fr\/lequilibre\/","title":{"rendered":"L&rsquo;\u00e9quilibre"},"content":{"rendered":"\n<div class=\"wp-block-group is-layout-flow wp-block-group-is-layout-flow\">\n<figure class=\"wp-block-image size-large is-resized\"><img decoding=\"async\" src=\"https:\/\/www.plongee-plaisir.com\/fr\/wp-content\/uploads\/2021\/03\/logo-seambassador-01-1024x146.png\" alt=\"\" class=\"wp-image-50552\" width=\"377\" height=\"54\" srcset=\"https:\/\/www.plongee-plaisir.com\/fr\/wp-content\/uploads\/2021\/03\/logo-seambassador-01-1024x146.png 1024w, https:\/\/www.plongee-plaisir.com\/fr\/wp-content\/uploads\/2021\/03\/logo-seambassador-01-300x43.png 300w, https:\/\/www.plongee-plaisir.com\/fr\/wp-content\/uploads\/2021\/03\/logo-seambassador-01-600x85.png 600w, https:\/\/www.plongee-plaisir.com\/fr\/wp-content\/uploads\/2021\/03\/logo-seambassador-01-768x109.png 768w, https:\/\/www.plongee-plaisir.com\/fr\/wp-content\/uploads\/2021\/03\/logo-seambassador-01.png 1334w\" sizes=\"(max-width: 377px) 100vw, 377px\" \/><figcaption>Le programme de protection de la nature de Plong\u00e9e Plaisir<\/figcaption><\/figure>\n\n\n\n<div class=\"wp-block-group is-layout-flow wp-block-group-is-layout-flow\">\n<div class=\"wp-block-kadence-spacer aligncenter kt-block-spacer-_1bfc91-4e\"><div class=\"kt-block-spacer kt-block-spacer-halign-center\" style=\"height:6px\"><hr class=\"kt-divider\" style=\"border-top-color:#0693e3;border-top-width:10px;width:100%;border-top-style:solid\"\/><\/div><\/div>\n\n\n\n<p class=\"wp-block-paragraph\"><a href=\"https:\/\/www.plongee-plaisir.com\/fr\/proteger\/\">PROT\u00c9GER<\/a> &gt; L&rsquo;\u00c9QUILIBRE<\/p>\n<\/div>\n<\/div>\n\n\n\n<div class=\"wp-block-image\"><figure class=\"alignleft size-full is-resized\"><img decoding=\"async\" src=\"https:\/\/www.plongee-plaisir.com\/fr\/wp-content\/uploads\/2022\/01\/equilibre-jmc-V2.png\" alt=\"\" class=\"wp-image-54292\" width=\"1158\" height=\"747\" srcset=\"https:\/\/www.plongee-plaisir.com\/fr\/wp-content\/uploads\/2022\/01\/equilibre-jmc-V2.png 1024w, https:\/\/www.plongee-plaisir.com\/fr\/wp-content\/uploads\/2022\/01\/equilibre-jmc-V2-300x193.png 300w, https:\/\/www.plongee-plaisir.com\/fr\/wp-content\/uploads\/2022\/01\/equilibre-jmc-V2-600x387.png 600w, https:\/\/www.plongee-plaisir.com\/fr\/wp-content\/uploads\/2022\/01\/equilibre-jmc-V2-768x495.png 768w\" sizes=\"(max-width: 1158px) 100vw, 1158px\" \/><figcaption>Bien \u00e9quilibr\u00e9, le plongeur est capable de rester sans effort entre deux eaux sans varier de profondeur.<\/figcaption><\/figure><\/div>\n\n\n\n<p class=\"wp-block-paragraph\"><\/p>\n<style class=\"advgb-styles-renderer\">.wp-block-kadence-spacer.kt-block-spacer-_1bfc91-4e .kt-block-spacer{height:6px;}.wp-block-kadence-spacer.kt-block-spacer-_1bfc91-4e .kt-divider{border-top-width:10px;border-top-color:#0693e3;width:100%;border-top-style:solid;}<\/style>","protected":false},"excerpt":{"rendered":"<p>PROT\u00c9GER &gt; L&rsquo;\u00c9QUILIBRE<\/p>\n","protected":false},"author":4,"featured_media":0,"parent":0,"menu_order":0,"comment_status":"closed","ping_status":"closed","template":"","meta":{"_crdt_document":"","_uag_custom_page_level_css":"","advgb_blocks_editor_width":"","advgb_blocks_columns_visual_guide":"","_genesis_hide_title":true,"_genesis_hide_breadcrumbs":false,"_genesis_hide_singular_image":false,"_genesis_hide_footer_widgets":false,"_genesis_custom_body_class":"","_genesis_custom_post_class":"","_genesis_layout":"content-sidebar","_vp_format_video_url":"","_vp_image_focal_point":[],"footnotes":""},"class_list":{"0":"post-54203","1":"page","2":"type-page","3":"status-publish","5":"entry"},"yoast_head":"<!-- This site is optimized with the Yoast SEO plugin v27.3 - https:\/\/yoast.com\/product\/yoast-seo-wordpress\/ -->\n<title>L&#039;\u00e9quilibre - Plong\u00e9e Plaisir, site officiel<\/title>\n<meta name=\"robots\" content=\"index, follow, max-snippet:-1, max-image-preview:large, max-video-preview:-1\" \/>\n<link rel=\"canonical\" href=\"https:\/\/www.plongee-plaisir.com\/fr\/lequilibre\/\" \/>\n<meta property=\"og:locale\" content=\"fr_FR\" \/>\n<meta property=\"og:type\" content=\"article\" \/>\n<meta property=\"og:title\" content=\"L&#039;\u00e9quilibre - Plong\u00e9e Plaisir, site officiel\" \/>\n<meta property=\"og:description\" content=\"PROT\u00c9GER &gt; L&rsquo;\u00c9QUILIBRE\" \/>\n<meta property=\"og:url\" content=\"https:\/\/www.plongee-plaisir.com\/fr\/lequilibre\/\" \/>\n<meta property=\"og:site_name\" content=\"Plong\u00e9e Plaisir, site officiel\" \/>\n<meta property=\"article:modified_time\" content=\"2022-01-09T17:54:41+00:00\" \/>\n<meta property=\"og:image\" content=\"https:\/\/www.plongee-plaisir.com\/fr\/wp-content\/uploads\/2021\/03\/logo-seambassador-01-1024x146.png\" \/>\n<meta name=\"twitter:card\" content=\"summary_large_image\" \/>\n<meta name=\"twitter:label1\" content=\"Dur\u00e9e de lecture estim\u00e9e\" \/>\n\t<meta name=\"twitter:data1\" content=\"1 minute\" \/>\n<script type=\"application\/ld+json\" class=\"yoast-schema-graph\">{\"@context\":\"https:\\\/\\\/schema.org\",\"@graph\":[{\"@type\":\"WebPage\",\"@id\":\"https:\\\/\\\/www.plongee-plaisir.com\\\/fr\\\/lequilibre\\\/\",\"url\":\"https:\\\/\\\/www.plongee-plaisir.com\\\/fr\\\/lequilibre\\\/\",\"name\":\"L'\u00e9quilibre - Plong\u00e9e Plaisir, site officiel\",\"isPartOf\":{\"@id\":\"https:\\\/\\\/www.plongee-plaisir.com\\\/fr\\\/#website\"},\"primaryImageOfPage\":{\"@id\":\"https:\\\/\\\/www.plongee-plaisir.com\\\/fr\\\/lequilibre\\\/#primaryimage\"},\"image\":{\"@id\":\"https:\\\/\\\/www.plongee-plaisir.com\\\/fr\\\/lequilibre\\\/#primaryimage\"},\"thumbnailUrl\":\"https:\\\/\\\/www.plongee-plaisir.com\\\/fr\\\/wp-content\\\/uploads\\\/2021\\\/03\\\/logo-seambassador-01-1024x146.png\",\"datePublished\":\"2022-01-08T14:17:56+00:00\",\"dateModified\":\"2022-01-09T17:54:41+00:00\",\"breadcrumb\":{\"@id\":\"https:\\\/\\\/www.plongee-plaisir.com\\\/fr\\\/lequilibre\\\/#breadcrumb\"},\"inLanguage\":\"fr-FR\",\"potentialAction\":[{\"@type\":\"ReadAction\",\"target\":[\"https:\\\/\\\/www.plongee-plaisir.com\\\/fr\\\/lequilibre\\\/\"]}]},{\"@type\":\"ImageObject\",\"inLanguage\":\"fr-FR\",\"@id\":\"https:\\\/\\\/www.plongee-plaisir.com\\\/fr\\\/lequilibre\\\/#primaryimage\",\"url\":\"https:\\\/\\\/www.plongee-plaisir.com\\\/fr\\\/wp-content\\\/uploads\\\/2021\\\/03\\\/logo-seambassador-01.png\",\"contentUrl\":\"https:\\\/\\\/www.plongee-plaisir.com\\\/fr\\\/wp-content\\\/uploads\\\/2021\\\/03\\\/logo-seambassador-01.png\",\"width\":1334,\"height\":190},{\"@type\":\"BreadcrumbList\",\"@id\":\"https:\\\/\\\/www.plongee-plaisir.com\\\/fr\\\/lequilibre\\\/#breadcrumb\",\"itemListElement\":[{\"@type\":\"ListItem\",\"position\":1,\"name\":\"Accueil\",\"item\":\"https:\\\/\\\/www.plongee-plaisir.com\\\/fr\\\/\"},{\"@type\":\"ListItem\",\"position\":2,\"name\":\"L&rsquo;\u00e9quilibre\"}]},{\"@type\":\"WebSite\",\"@id\":\"https:\\\/\\\/www.plongee-plaisir.com\\\/fr\\\/#website\",\"url\":\"https:\\\/\\\/www.plongee-plaisir.com\\\/fr\\\/\",\"name\":\"Plong\u00e9e Plaisir, site officiel\",\"description\":\"Apprendre \u00e0 plonger - Learning to dive\",\"potentialAction\":[{\"@type\":\"SearchAction\",\"target\":{\"@type\":\"EntryPoint\",\"urlTemplate\":\"https:\\\/\\\/www.plongee-plaisir.com\\\/fr\\\/?s={search_term_string}\"},\"query-input\":{\"@type\":\"PropertyValueSpecification\",\"valueRequired\":true,\"valueName\":\"search_term_string\"}}],\"inLanguage\":\"fr-FR\"}]}<\/script>\n<!-- \/ Yoast SEO plugin. -->","yoast_head_json":{"title":"L'\u00e9quilibre - Plong\u00e9e Plaisir, site officiel","robots":{"index":"index","follow":"follow","max-snippet":"max-snippet:-1","max-image-preview":"max-image-preview:large","max-video-preview":"max-video-preview:-1"},"canonical":"https:\/\/www.plongee-plaisir.com\/fr\/lequilibre\/","og_locale":"fr_FR","og_type":"article","og_title":"L'\u00e9quilibre - Plong\u00e9e Plaisir, site officiel","og_description":"PROT\u00c9GER &gt; L&rsquo;\u00c9QUILIBRE","og_url":"https:\/\/www.plongee-plaisir.com\/fr\/lequilibre\/","og_site_name":"Plong\u00e9e Plaisir, site officiel","article_modified_time":"2022-01-09T17:54:41+00:00","og_image":[{"url":"https:\/\/www.plongee-plaisir.com\/fr\/wp-content\/uploads\/2021\/03\/logo-seambassador-01-1024x146.png","type":"","width":"","height":""}],"twitter_card":"summary_large_image","twitter_misc":{"Dur\u00e9e de lecture estim\u00e9e":"1 minute"},"schema":{"@context":"https:\/\/schema.org","@graph":[{"@type":"WebPage","@id":"https:\/\/www.plongee-plaisir.com\/fr\/lequilibre\/","url":"https:\/\/www.plongee-plaisir.com\/fr\/lequilibre\/","name":"L'\u00e9quilibre - Plong\u00e9e Plaisir, site officiel","isPartOf":{"@id":"https:\/\/www.plongee-plaisir.com\/fr\/#website"},"primaryImageOfPage":{"@id":"https:\/\/www.plongee-plaisir.com\/fr\/lequilibre\/#primaryimage"},"image":{"@id":"https:\/\/www.plongee-plaisir.com\/fr\/lequilibre\/#primaryimage"},"thumbnailUrl":"https:\/\/www.plongee-plaisir.com\/fr\/wp-content\/uploads\/2021\/03\/logo-seambassador-01-1024x146.png","datePublished":"2022-01-08T14:17:56+00:00","dateModified":"2022-01-09T17:54:41+00:00","breadcrumb":{"@id":"https:\/\/www.plongee-plaisir.com\/fr\/lequilibre\/#breadcrumb"},"inLanguage":"fr-FR","potentialAction":[{"@type":"ReadAction","target":["https:\/\/www.plongee-plaisir.com\/fr\/lequilibre\/"]}]},{"@type":"ImageObject","inLanguage":"fr-FR","@id":"https:\/\/www.plongee-plaisir.com\/fr\/lequilibre\/#primaryimage","url":"https:\/\/www.plongee-plaisir.com\/fr\/wp-content\/uploads\/2021\/03\/logo-seambassador-01.png","contentUrl":"https:\/\/www.plongee-plaisir.com\/fr\/wp-content\/uploads\/2021\/03\/logo-seambassador-01.png","width":1334,"height":190},{"@type":"BreadcrumbList","@id":"https:\/\/www.plongee-plaisir.com\/fr\/lequilibre\/#breadcrumb","itemListElement":[{"@type":"ListItem","position":1,"name":"Accueil","item":"https:\/\/www.plongee-plaisir.com\/fr\/"},{"@type":"ListItem","position":2,"name":"L&rsquo;\u00e9quilibre"}]},{"@type":"WebSite","@id":"https:\/\/www.plongee-plaisir.com\/fr\/#website","url":"https:\/\/www.plongee-plaisir.com\/fr\/","name":"Plong\u00e9e Plaisir, site officiel","description":"Apprendre \u00e0 plonger - Learning to dive","potentialAction":[{"@type":"SearchAction","target":{"@type":"EntryPoint","urlTemplate":"https:\/\/www.plongee-plaisir.com\/fr\/?s={search_term_string}"},"query-input":{"@type":"PropertyValueSpecification","valueRequired":true,"valueName":"search_term_string"}}],"inLanguage":"fr-FR"}]}},"featured_image_src":null,"featured_image_src_square":null,"uagb_featured_image_src":{"full":false,"thumbnail":false,"medium":false,"medium_large":false,"large":false,"1536x1536":false,"2048x2048":false,"featured-content":false,"author-pro-image":false,"tb-timeline-landscape":false,"tb-timeline-square":false,"ultp_layout_landscape_large":false,"ultp_layout_landscape":false,"ultp_layout_portrait":false,"ultp_layout_square":false,"vp_sm":false,"vp_md":false,"vp_lg":false,"vp_xl":false,"vp_sm_popup":false,"vp_md_popup":false,"vp_xl_popup":false,"gb-block-post-grid-landscape":false,"gb-block-post-grid-square":false,"woocommerce_thumbnail":false,"woocommerce_single":false,"woocommerce_gallery_thumbnail":false,"web-stories-poster-portrait":false,"web-stories-publisher-logo":false,"web-stories-thumbnail":false,"sow-carousel-default":false},"uagb_author_info":{"display_name":"Alain Foret","author_link":"https:\/\/www.plongee-plaisir.com\/fr\/author\/plongeeplaisir\/"},"uagb_comment_info":0,"uagb_excerpt":"PROT\u00c9GER &gt; L&rsquo;\u00c9QUILIBRE","coauthors":[],"author_meta":{"author_link":"https:\/\/www.plongee-plaisir.com\/fr\/author\/plongeeplaisir\/","display_name":"Alain Foret"},"relative_dates":{"created":"Publi\u00e9 4 ans il y a","modified":"Mis \u00e0 jour 4 ans il y a"},"absolute_dates":{"created":"Publi\u00e9 le 8 janvier 2022","modified":"Mise \u00e0 jour le 9 janvier 2022"},"absolute_dates_time":{"created":"Publi\u00e9 le 8 janvier 2022 15 h 17 min","modified":"Mise \u00e0 jour le 9 janvier 2022 18 h 54 min"},"featured_img_caption":"","featured_img":false,"series_order":"","amp_enabled":true,"_links":{"self":[{"href":"https:\/\/www.plongee-plaisir.com\/fr\/wp-json\/wp\/v2\/pages\/54203","targetHints":{"allow":["GET"]}}],"collection":[{"href":"https:\/\/www.plongee-plaisir.com\/fr\/wp-json\/wp\/v2\/pages"}],"about":[{"href":"https:\/\/www.plongee-plaisir.com\/fr\/wp-json\/wp\/v2\/types\/page"}],"author":[{"embeddable":true,"href":"https:\/\/www.plongee-plaisir.com\/fr\/wp-json\/wp\/v2\/users\/4"}],"replies":[{"embeddable":true,"href":"https:\/\/www.plongee-plaisir.com\/fr\/wp-json\/wp\/v2\/comments?post=54203"}],"version-history":[{"count":0,"href":"https:\/\/www.plongee-plaisir.com\/fr\/wp-json\/wp\/v2\/pages\/54203\/revisions"}],"wp:attachment":[{"href":"https:\/\/www.plongee-plaisir.com\/fr\/wp-json\/wp\/v2\/media?parent=54203"}],"curies":[{"name":"wp","href":"https:\/\/api.w.org\/{rel}","templated":true}]}}