{"id":54325,"date":"2022-01-09T17:50:00","date_gmt":"2022-01-09T16:50:00","guid":{"rendered":"https:\/\/www.plongee-plaisir.com\/fr\/?page_id=54325"},"modified":"2022-02-18T11:23:31","modified_gmt":"2022-02-18T10:23:31","slug":"charte-longitude-181","status":"publish","type":"page","link":"https:\/\/www.plongee-plaisir.com\/fr\/charte-longitude-181\/","title":{"rendered":"Charte Longitude 181"},"content":{"rendered":"\n<div class=\"wp-block-group is-layout-flow wp-block-group-is-layout-flow\">\n<figure class=\"wp-block-image size-large is-resized\"><img decoding=\"async\" src=\"https:\/\/www.plongee-plaisir.com\/fr\/wp-content\/uploads\/2021\/03\/logo-seambassador-01-1024x146.png\" alt=\"\" class=\"wp-image-50552\" width=\"377\" height=\"54\" srcset=\"https:\/\/www.plongee-plaisir.com\/fr\/wp-content\/uploads\/2021\/03\/logo-seambassador-01-1024x146.png 1024w, https:\/\/www.plongee-plaisir.com\/fr\/wp-content\/uploads\/2021\/03\/logo-seambassador-01-300x43.png 300w, https:\/\/www.plongee-plaisir.com\/fr\/wp-content\/uploads\/2021\/03\/logo-seambassador-01-600x85.png 600w, https:\/\/www.plongee-plaisir.com\/fr\/wp-content\/uploads\/2021\/03\/logo-seambassador-01-768x109.png 768w, https:\/\/www.plongee-plaisir.com\/fr\/wp-content\/uploads\/2021\/03\/logo-seambassador-01.png 1334w\" sizes=\"(max-width: 377px) 100vw, 377px\" \/><figcaption>Le programme de protection de la nature de Plong\u00e9e Plaisir<\/figcaption><\/figure>\n\n\n\n<div class=\"wp-block-group is-layout-flow wp-block-group-is-layout-flow\">\n<div class=\"wp-block-kadence-spacer aligncenter kt-block-spacer-_10e335-85\"><div class=\"kt-block-spacer kt-block-spacer-halign-center\" style=\"height:6px\"><hr class=\"kt-divider\" style=\"border-top-color:#0693e3;border-top-width:10px;width:100%;border-top-style:solid\"\/><\/div><\/div>\n\n\n\n<p class=\"wp-block-paragraph\"><a href=\"https:\/\/www.plongee-plaisir.com\/fr\/proteger\/\">PROT\u00c9GER<\/a> &gt; <a href=\"https:\/\/www.plongee-plaisir.com\/fr\/proteger-locean\/\">L&rsquo;OC\u00c9AN<\/a> \u00b7 <a href=\"https:\/\/www.plongee-plaisir.com\/fr\/un-palmage-respectueux\/\">PALMAGE<\/a> \u00b7 <a href=\"https:\/\/www.plongee-plaisir.com\/fr\/fixer-ses-instruments\/\">INSTRUMENTS<\/a> \u00b7 <a href=\"https:\/\/www.plongee-plaisir.com\/fr\/lequilibre\/\">\u00c9QUILIBRE<\/a> \u00b7 <a href=\"https:\/\/www.plongee-plaisir.com\/fr\/la-lumiere-additionnelle\/\">LUMI\u00c8RE<\/a> \u00b7 <a href=\"https:\/\/www.plongee-plaisir.com\/fr\/la-prise-de-vue\/\">PRISE DE VUE<\/a> \u00b7 <a href=\"https:\/\/www.plongee-plaisir.com\/fr\/lapproche-des-especes\/\">APPROCHE<\/a> \u00b7 <a href=\"https:\/\/www.plongee-plaisir.com\/fr\/un-rincage-du-materiel-responsable\/\">RINCER<\/a> \u00b7 <a href=\"https:\/\/www.plongee-plaisir.com\/fr\/neoprene\/\">N\u00c9OPR\u00c8NE<\/a> \u00b7 <a href=\"https:\/\/www.plongee-plaisir.com\/fr\/charte-longitude-181\/\">LONGITUDE<\/a><\/p>\n<\/div>\n<\/div>\n\n\n\n<figure class=\"wp-block-image size-full\"><a href=\"https:\/\/www.longitude181.org\/la-charte\/\" target=\"_blank\" rel=\"noopener\"><img decoding=\"async\" width=\"357\" height=\"213\" src=\"https:\/\/www.plongee-plaisir.com\/fr\/wp-content\/uploads\/2022\/01\/charte_1.jpg\" alt=\"\" class=\"wp-image-54328\" srcset=\"https:\/\/www.plongee-plaisir.com\/fr\/wp-content\/uploads\/2022\/01\/charte_1.jpg 357w, https:\/\/www.plongee-plaisir.com\/fr\/wp-content\/uploads\/2022\/01\/charte_1-300x179.jpg 300w\" sizes=\"(max-width: 357px) 100vw, 357px\" \/><\/a><\/figure>\n\n\n\n<p class=\"wp-block-paragraph\">Cliquez ci-dessus pour acc\u00e9der au site de Longitude 181 et \u00e0 la <a href=\"https:\/\/www.longitude181.org\/la-charte\/\" target=\"_blank\" rel=\"noreferrer noopener\">Charte Internationale du plongeur responsable<\/a>.<\/p>\n\n\n<a href=\"https:\/\/www.plongee-plaisir.com\/fr\/wp-content\/uploads\/2022\/01\/Charte-Francais.pdf\" class=\"pdfemb-viewer\" style=\"\" data-width=\"max\" data-height=\"max\" data-mobile-width=\"500\"  data-scrollbar=\"none\" data-download=\"on\" data-tracking=\"on\" data-newwindow=\"on\" data-pagetextbox=\"off\" data-scrolltotop=\"off\" data-startzoom=\"100\" data-startfpzoom=\"100\" data-toolbar=\"bottom\" data-toolbar-fixed=\"off\">Charte-Francais<br\/><\/a>\n<p class=\"wp-block-pdfemb-pdf-embedder-viewer\"><\/p>\n\n\n\n<h2 class=\"wp-block-heading\" id=\"guide-d-enseignement\">Guide d&rsquo;enseignement<\/h2>\n\n\n\n<p class=\"wp-block-paragraph\">Longitude 181 et Plong\u00e9e Plaisir ont cr\u00e9\u00e9 en 2016 un guide d&rsquo;enseignement de la charte afin de faciliter son enseignement sur le terrain.<\/p>\n\n\n\n<p class=\"wp-block-paragraph\">Cette pr\u00e9sentation a pour objectif de&nbsp;<strong>faciliter la compr\u00e9hension&nbsp;<\/strong>des \u00e9l\u00e9ments de la&nbsp;<em>Charte Internationale du Plongeur Responsable&nbsp;<\/em>de l\u2019association Longitude 181. Elle est le fruit d\u2019une collaboration entre Longitude 181 et Plong\u00e9e Plaisir (livres et supports de cours en plong\u00e9e).<\/p>\n\n\n\n<p class=\"wp-block-paragraph\">Elle ne se substitue pas \u00e0 la charte, elle l\u2019\u00e9claire sur un plan p\u00e9dagogique.<\/p>\n\n\n\n<p class=\"wp-block-paragraph\">Ce document est libre de diffusion \u00e0 la condition que celle-ci soit non-commerciale et que le contenu ne soit ni modifi\u00e9, ni alt\u00e9r\u00e9.<\/p>\n\n\n\n<p class=\"wp-block-paragraph\">En particulier, les photos et sch\u00e9mas de cette pr\u00e9sentation ne peuvent pas \u00eatre extraits pour une utilisation sur d\u2019autres supports.<\/p>\n\n\n\n<p class=\"wp-block-paragraph\">Ce document est destin\u00e9 aux enseignants, clubs et centres de plong\u00e9e pour leurs cours sur la Charte Internationale du Plongeur Responsable, dans le respect des cursus de formation des organismes d\u2019appartenance.&nbsp;<\/p>\n\n\n\n<p class=\"wp-block-paragraph\">Nous vous souhaitons de belles plong\u00e9es, respectueuses de la nature qui vous accueille.<\/p>\n\n\n\n<p class=\"wp-block-paragraph\"><strong>Patrice Bureau, Longitude 181 &amp; Alain Foret, Plong\u00e9e Plaisir<\/strong><\/p>\n\n\n\n<div class=\"wp-block-genesis-blocks-gb-button gb-block-button\"><a href=\"https:\/\/www.plongee-plaisir.com\/fr\/charte-plongeur-responsable\/\" class=\"gb-button gb-button-shape-rounded gb-button-size-medium\" style=\"color:#ffffff;background-color:#d103cf\">Acc\u00e9der au guide d&rsquo;enseignement de la charte<\/a><\/div>\n\n\n\n<div class=\"wp-block-image\"><figure class=\"alignleft size-full is-resized\"><img decoding=\"async\" src=\"https:\/\/www.plongee-plaisir.com\/fr\/wp-content\/uploads\/2021\/02\/carre.jpg\" alt=\"\" class=\"wp-image-48240\" width=\"30\" height=\"30\" srcset=\"https:\/\/www.plongee-plaisir.com\/fr\/wp-content\/uploads\/2021\/02\/carre.jpg 102w, https:\/\/www.plongee-plaisir.com\/fr\/wp-content\/uploads\/2021\/02\/carre-100x100.jpg 100w\" sizes=\"(max-width: 30px) 100vw, 30px\" \/><\/figure><\/div>\n<style class=\"advgb-styles-renderer\">.wp-block-kadence-spacer.kt-block-spacer-_10e335-85 .kt-block-spacer{height:6px;}.wp-block-kadence-spacer.kt-block-spacer-_10e335-85 .kt-divider{border-top-width:10px;border-top-color:#0693e3;width:100%;border-top-style:solid;}<\/style>","protected":false},"excerpt":{"rendered":"<p>PROT\u00c9GER &gt; L&rsquo;OC\u00c9AN \u00b7 PALMAGE \u00b7 INSTRUMENTS \u00b7 \u00c9QUILIBRE \u00b7 LUMI\u00c8RE \u00b7 PRISE DE VUE \u00b7 APPROCHE \u00b7 RINCER \u00b7 N\u00c9OPR\u00c8NE \u00b7 LONGITUDE Cliquez ci-dessus pour acc\u00e9der au site de Longitude 181 et \u00e0 la Charte Internationale du plongeur responsable. Guide d&rsquo;enseignement Longitude 181 et Plong\u00e9e Plaisir ont cr\u00e9\u00e9 en 2016 un guide d&rsquo;enseignement de [&hellip;]<\/p>\n","protected":false},"author":4,"featured_media":0,"parent":0,"menu_order":0,"comment_status":"closed","ping_status":"closed","template":"","meta":{"_crdt_document":"","_uag_custom_page_level_css":"","advgb_blocks_editor_width":"","advgb_blocks_columns_visual_guide":"","_genesis_hide_title":true,"_genesis_hide_breadcrumbs":false,"_genesis_hide_singular_image":false,"_genesis_hide_footer_widgets":false,"_genesis_custom_body_class":"","_genesis_custom_post_class":"","_genesis_layout":"content-sidebar","_vp_format_video_url":"","_vp_image_focal_point":[],"footnotes":""},"class_list":{"0":"post-54325","1":"page","2":"type-page","3":"status-publish","5":"entry"},"yoast_head":"<!-- This site is optimized with the Yoast SEO plugin v27.5 - https:\/\/yoast.com\/product\/yoast-seo-wordpress\/ -->\n<title>Charte Longitude 181 - Plong\u00e9e Plaisir, site officiel<\/title>\n<meta name=\"robots\" content=\"index, follow, max-snippet:-1, max-image-preview:large, max-video-preview:-1\" \/>\n<link rel=\"canonical\" href=\"https:\/\/www.plongee-plaisir.com\/fr\/charte-longitude-181\/\" \/>\n<meta property=\"og:locale\" content=\"fr_FR\" \/>\n<meta property=\"og:type\" content=\"article\" \/>\n<meta property=\"og:title\" content=\"Charte Longitude 181 - Plong\u00e9e Plaisir, site officiel\" \/>\n<meta property=\"og:description\" content=\"PROT\u00c9GER &gt; L&rsquo;OC\u00c9AN \u00b7 PALMAGE \u00b7 INSTRUMENTS \u00b7 \u00c9QUILIBRE \u00b7 LUMI\u00c8RE \u00b7 PRISE DE VUE \u00b7 APPROCHE \u00b7 RINCER \u00b7 N\u00c9OPR\u00c8NE \u00b7 LONGITUDE Cliquez ci-dessus pour acc\u00e9der au site de Longitude 181 et \u00e0 la Charte Internationale du plongeur responsable. Guide d&rsquo;enseignement Longitude 181 et Plong\u00e9e Plaisir ont cr\u00e9\u00e9 en 2016 un guide d&rsquo;enseignement de [&hellip;]\" \/>\n<meta property=\"og:url\" content=\"https:\/\/www.plongee-plaisir.com\/fr\/charte-longitude-181\/\" \/>\n<meta property=\"og:site_name\" content=\"Plong\u00e9e Plaisir, site officiel\" \/>\n<meta property=\"article:modified_time\" content=\"2022-02-18T10:23:31+00:00\" \/>\n<meta property=\"og:image\" content=\"https:\/\/www.plongee-plaisir.com\/fr\/wp-content\/uploads\/2021\/03\/logo-seambassador-01-1024x146.png\" \/>\n<meta name=\"twitter:card\" content=\"summary_large_image\" \/>\n<meta name=\"twitter:label1\" content=\"Dur\u00e9e de lecture estim\u00e9e\" \/>\n\t<meta name=\"twitter:data1\" content=\"2 minutes\" \/>\n<script type=\"application\/ld+json\" class=\"yoast-schema-graph\">{\"@context\":\"https:\\\/\\\/schema.org\",\"@graph\":[{\"@type\":\"WebPage\",\"@id\":\"https:\\\/\\\/www.plongee-plaisir.com\\\/fr\\\/charte-longitude-181\\\/\",\"url\":\"https:\\\/\\\/www.plongee-plaisir.com\\\/fr\\\/charte-longitude-181\\\/\",\"name\":\"Charte Longitude 181 - Plong\u00e9e Plaisir, site officiel\",\"isPartOf\":{\"@id\":\"https:\\\/\\\/www.plongee-plaisir.com\\\/fr\\\/#website\"},\"primaryImageOfPage\":{\"@id\":\"https:\\\/\\\/www.plongee-plaisir.com\\\/fr\\\/charte-longitude-181\\\/#primaryimage\"},\"image\":{\"@id\":\"https:\\\/\\\/www.plongee-plaisir.com\\\/fr\\\/charte-longitude-181\\\/#primaryimage\"},\"thumbnailUrl\":\"https:\\\/\\\/www.plongee-plaisir.com\\\/fr\\\/wp-content\\\/uploads\\\/2021\\\/03\\\/logo-seambassador-01-1024x146.png\",\"datePublished\":\"2022-01-09T16:50:00+00:00\",\"dateModified\":\"2022-02-18T10:23:31+00:00\",\"breadcrumb\":{\"@id\":\"https:\\\/\\\/www.plongee-plaisir.com\\\/fr\\\/charte-longitude-181\\\/#breadcrumb\"},\"inLanguage\":\"fr-FR\",\"potentialAction\":[{\"@type\":\"ReadAction\",\"target\":[\"https:\\\/\\\/www.plongee-plaisir.com\\\/fr\\\/charte-longitude-181\\\/\"]}]},{\"@type\":\"ImageObject\",\"inLanguage\":\"fr-FR\",\"@id\":\"https:\\\/\\\/www.plongee-plaisir.com\\\/fr\\\/charte-longitude-181\\\/#primaryimage\",\"url\":\"https:\\\/\\\/www.plongee-plaisir.com\\\/fr\\\/wp-content\\\/uploads\\\/2021\\\/03\\\/logo-seambassador-01.png\",\"contentUrl\":\"https:\\\/\\\/www.plongee-plaisir.com\\\/fr\\\/wp-content\\\/uploads\\\/2021\\\/03\\\/logo-seambassador-01.png\",\"width\":1334,\"height\":190},{\"@type\":\"BreadcrumbList\",\"@id\":\"https:\\\/\\\/www.plongee-plaisir.com\\\/fr\\\/charte-longitude-181\\\/#breadcrumb\",\"itemListElement\":[{\"@type\":\"ListItem\",\"position\":1,\"name\":\"Accueil\",\"item\":\"https:\\\/\\\/www.plongee-plaisir.com\\\/fr\\\/\"},{\"@type\":\"ListItem\",\"position\":2,\"name\":\"Charte Longitude 181\"}]},{\"@type\":\"WebSite\",\"@id\":\"https:\\\/\\\/www.plongee-plaisir.com\\\/fr\\\/#website\",\"url\":\"https:\\\/\\\/www.plongee-plaisir.com\\\/fr\\\/\",\"name\":\"Plong\u00e9e Plaisir, site officiel\",\"description\":\"Apprendre \u00e0 plonger - Learning to dive\",\"potentialAction\":[{\"@type\":\"SearchAction\",\"target\":{\"@type\":\"EntryPoint\",\"urlTemplate\":\"https:\\\/\\\/www.plongee-plaisir.com\\\/fr\\\/?s={search_term_string}\"},\"query-input\":{\"@type\":\"PropertyValueSpecification\",\"valueRequired\":true,\"valueName\":\"search_term_string\"}}],\"inLanguage\":\"fr-FR\"}]}<\/script>\n<!-- \/ Yoast SEO plugin. -->","yoast_head_json":{"title":"Charte Longitude 181 - Plong\u00e9e Plaisir, site officiel","robots":{"index":"index","follow":"follow","max-snippet":"max-snippet:-1","max-image-preview":"max-image-preview:large","max-video-preview":"max-video-preview:-1"},"canonical":"https:\/\/www.plongee-plaisir.com\/fr\/charte-longitude-181\/","og_locale":"fr_FR","og_type":"article","og_title":"Charte Longitude 181 - Plong\u00e9e Plaisir, site officiel","og_description":"PROT\u00c9GER &gt; L&rsquo;OC\u00c9AN \u00b7 PALMAGE \u00b7 INSTRUMENTS \u00b7 \u00c9QUILIBRE \u00b7 LUMI\u00c8RE \u00b7 PRISE DE VUE \u00b7 APPROCHE \u00b7 RINCER \u00b7 N\u00c9OPR\u00c8NE \u00b7 LONGITUDE Cliquez ci-dessus pour acc\u00e9der au site de Longitude 181 et \u00e0 la Charte Internationale du plongeur responsable. Guide d&rsquo;enseignement Longitude 181 et Plong\u00e9e Plaisir ont cr\u00e9\u00e9 en 2016 un guide d&rsquo;enseignement de [&hellip;]","og_url":"https:\/\/www.plongee-plaisir.com\/fr\/charte-longitude-181\/","og_site_name":"Plong\u00e9e Plaisir, site officiel","article_modified_time":"2022-02-18T10:23:31+00:00","og_image":[{"url":"https:\/\/www.plongee-plaisir.com\/fr\/wp-content\/uploads\/2021\/03\/logo-seambassador-01-1024x146.png","type":"","width":"","height":""}],"twitter_card":"summary_large_image","twitter_misc":{"Dur\u00e9e de lecture estim\u00e9e":"2 minutes"},"schema":{"@context":"https:\/\/schema.org","@graph":[{"@type":"WebPage","@id":"https:\/\/www.plongee-plaisir.com\/fr\/charte-longitude-181\/","url":"https:\/\/www.plongee-plaisir.com\/fr\/charte-longitude-181\/","name":"Charte Longitude 181 - Plong\u00e9e Plaisir, site officiel","isPartOf":{"@id":"https:\/\/www.plongee-plaisir.com\/fr\/#website"},"primaryImageOfPage":{"@id":"https:\/\/www.plongee-plaisir.com\/fr\/charte-longitude-181\/#primaryimage"},"image":{"@id":"https:\/\/www.plongee-plaisir.com\/fr\/charte-longitude-181\/#primaryimage"},"thumbnailUrl":"https:\/\/www.plongee-plaisir.com\/fr\/wp-content\/uploads\/2021\/03\/logo-seambassador-01-1024x146.png","datePublished":"2022-01-09T16:50:00+00:00","dateModified":"2022-02-18T10:23:31+00:00","breadcrumb":{"@id":"https:\/\/www.plongee-plaisir.com\/fr\/charte-longitude-181\/#breadcrumb"},"inLanguage":"fr-FR","potentialAction":[{"@type":"ReadAction","target":["https:\/\/www.plongee-plaisir.com\/fr\/charte-longitude-181\/"]}]},{"@type":"ImageObject","inLanguage":"fr-FR","@id":"https:\/\/www.plongee-plaisir.com\/fr\/charte-longitude-181\/#primaryimage","url":"https:\/\/www.plongee-plaisir.com\/fr\/wp-content\/uploads\/2021\/03\/logo-seambassador-01.png","contentUrl":"https:\/\/www.plongee-plaisir.com\/fr\/wp-content\/uploads\/2021\/03\/logo-seambassador-01.png","width":1334,"height":190},{"@type":"BreadcrumbList","@id":"https:\/\/www.plongee-plaisir.com\/fr\/charte-longitude-181\/#breadcrumb","itemListElement":[{"@type":"ListItem","position":1,"name":"Accueil","item":"https:\/\/www.plongee-plaisir.com\/fr\/"},{"@type":"ListItem","position":2,"name":"Charte Longitude 181"}]},{"@type":"WebSite","@id":"https:\/\/www.plongee-plaisir.com\/fr\/#website","url":"https:\/\/www.plongee-plaisir.com\/fr\/","name":"Plong\u00e9e Plaisir, site officiel","description":"Apprendre \u00e0 plonger - Learning to dive","potentialAction":[{"@type":"SearchAction","target":{"@type":"EntryPoint","urlTemplate":"https:\/\/www.plongee-plaisir.com\/fr\/?s={search_term_string}"},"query-input":{"@type":"PropertyValueSpecification","valueRequired":true,"valueName":"search_term_string"}}],"inLanguage":"fr-FR"}]}},"featured_image_src":null,"featured_image_src_square":null,"uagb_featured_image_src":{"full":false,"thumbnail":false,"medium":false,"medium_large":false,"large":false,"1536x1536":false,"2048x2048":false,"featured-content":false,"author-pro-image":false,"tb-timeline-landscape":false,"tb-timeline-square":false,"ultp_layout_landscape_large":false,"ultp_layout_landscape":false,"ultp_layout_portrait":false,"ultp_layout_square":false,"vp_sm":false,"vp_md":false,"vp_lg":false,"vp_xl":false,"vp_sm_popup":false,"vp_md_popup":false,"vp_xl_popup":false,"gb-block-post-grid-landscape":false,"gb-block-post-grid-square":false,"woocommerce_thumbnail":false,"woocommerce_single":false,"woocommerce_gallery_thumbnail":false,"sow-carousel-default":false},"uagb_author_info":{"display_name":"Alain Foret","author_link":"https:\/\/www.plongee-plaisir.com\/fr\/author\/plongeeplaisir\/"},"uagb_comment_info":0,"uagb_excerpt":"PROT\u00c9GER &gt; L&rsquo;OC\u00c9AN \u00b7 PALMAGE \u00b7 INSTRUMENTS \u00b7 \u00c9QUILIBRE \u00b7 LUMI\u00c8RE \u00b7 PRISE DE VUE \u00b7 APPROCHE \u00b7 RINCER \u00b7 N\u00c9OPR\u00c8NE \u00b7 LONGITUDE Cliquez ci-dessus pour acc\u00e9der au site de Longitude 181 et \u00e0 la Charte Internationale du plongeur responsable. Guide d&rsquo;enseignement Longitude 181 et Plong\u00e9e Plaisir ont cr\u00e9\u00e9 en 2016 un guide d&rsquo;enseignement de\u2026","coauthors":[],"author_meta":{"author_link":"https:\/\/www.plongee-plaisir.com\/fr\/author\/plongeeplaisir\/","display_name":"Alain Foret"},"relative_dates":{"created":"Publi\u00e9 4 ans il y a","modified":"Mis \u00e0 jour 4 ans il y a"},"absolute_dates":{"created":"Publi\u00e9 le 9 janvier 2022","modified":"Mise \u00e0 jour le 18 f\u00e9vrier 2022"},"absolute_dates_time":{"created":"Publi\u00e9 le 9 janvier 2022 17 h 50 min","modified":"Mise \u00e0 jour le 18 f\u00e9vrier 2022 11 h 23 min"},"featured_img_caption":"","featured_img":false,"series_order":"","amp_enabled":true,"_links":{"self":[{"href":"https:\/\/www.plongee-plaisir.com\/fr\/wp-json\/wp\/v2\/pages\/54325","targetHints":{"allow":["GET"]}}],"collection":[{"href":"https:\/\/www.plongee-plaisir.com\/fr\/wp-json\/wp\/v2\/pages"}],"about":[{"href":"https:\/\/www.plongee-plaisir.com\/fr\/wp-json\/wp\/v2\/types\/page"}],"author":[{"embeddable":true,"href":"https:\/\/www.plongee-plaisir.com\/fr\/wp-json\/wp\/v2\/users\/4"}],"replies":[{"embeddable":true,"href":"https:\/\/www.plongee-plaisir.com\/fr\/wp-json\/wp\/v2\/comments?post=54325"}],"version-history":[{"count":0,"href":"https:\/\/www.plongee-plaisir.com\/fr\/wp-json\/wp\/v2\/pages\/54325\/revisions"}],"wp:attachment":[{"href":"https:\/\/www.plongee-plaisir.com\/fr\/wp-json\/wp\/v2\/media?parent=54325"}],"curies":[{"name":"wp","href":"https:\/\/api.w.org\/{rel}","templated":true}]}}