{"id":5522,"date":"2019-10-13T15:06:00","date_gmt":"2019-10-13T13:06:00","guid":{"rendered":"https:\/\/www.plongee-plaisir.com\/fr\/?page_id=5522"},"modified":"2023-11-24T18:34:52","modified_gmt":"2023-11-24T17:34:52","slug":"zone-telechargement","status":"publish","type":"page","link":"https:\/\/www.plongee-plaisir.com\/fr\/zone-telechargement\/","title":{"rendered":"Zone de t\u00e9l\u00e9chargement Plong\u00e9e Plaisir"},"content":{"rendered":"<div class=\"eMember_protected_message\">S&rsquo;il vous plait <a href=\"https:\/\/www.plongee-plaisir.com\/fr\/zone-telechargement\/?event=login\">Connexion - Login<\/a> Pour voir ce contenu. <span class=\"eMember_not_a_member_msg\">(Pas encore membre ? <a href=\"https:\/\/www.plongee-plaisir.com\/fr\/join-us\/registration\/\">Adh&eacute;rez maintenant !<\/a>)<\/span><\/div>","protected":false},"excerpt":{"rendered":"<p>S&rsquo;il vous plait Connexion &#8211; Login Pour voir ce contenu. (Pas encore membre ? Adh&eacute;rez maintenant !)<\/p>\n","protected":false},"author":4,"featured_media":0,"parent":0,"menu_order":0,"comment_status":"closed","ping_status":"closed","template":"","meta":{"_crdt_document":"","_uag_custom_page_level_css":"","advgb_blocks_editor_width":"","advgb_blocks_columns_visual_guide":"","_genesis_hide_title":false,"_genesis_hide_breadcrumbs":false,"_genesis_hide_singular_image":false,"_genesis_hide_footer_widgets":false,"_genesis_custom_body_class":"","_genesis_custom_post_class":"","_genesis_layout":"content-sidebar","_vp_format_video_url":"","_vp_image_focal_point":[],"footnotes":""},"class_list":{"0":"post-5522","1":"page","2":"type-page","3":"status-publish","5":"entry"},"yoast_head":"<!-- This site is optimized with the Yoast SEO plugin v27.3 - https:\/\/yoast.com\/product\/yoast-seo-wordpress\/ -->\n<title>Zone de t\u00e9l\u00e9chargement Plong\u00e9e Plaisir - Plong\u00e9e Plaisir, site officiel<\/title>\n<meta name=\"robots\" content=\"index, follow, max-snippet:-1, max-image-preview:large, max-video-preview:-1\" \/>\n<link rel=\"canonical\" href=\"https:\/\/www.plongee-plaisir.com\/fr\/zone-telechargement\/\" \/>\n<meta property=\"og:locale\" content=\"fr_FR\" \/>\n<meta property=\"og:type\" content=\"article\" \/>\n<meta property=\"og:title\" content=\"Zone de t\u00e9l\u00e9chargement Plong\u00e9e Plaisir - Plong\u00e9e Plaisir, site officiel\" \/>\n<meta property=\"og:description\" content=\"S&rsquo;il vous plait Connexion - Login Pour voir ce contenu. (Pas encore membre ? Adh&eacute;rez maintenant !)\" \/>\n<meta property=\"og:url\" content=\"https:\/\/www.plongee-plaisir.com\/fr\/zone-telechargement\/\" \/>\n<meta property=\"og:site_name\" content=\"Plong\u00e9e Plaisir, site officiel\" \/>\n<meta property=\"article:modified_time\" content=\"2023-11-24T17:34:52+00:00\" \/>\n<meta property=\"og:image\" content=\"https:\/\/www.plongee-plaisir.com\/fr\/wp-content\/uploads\/2016\/06\/plongee_plaisir_plan_secours_1024-1024x724.png\" \/>\n<meta name=\"twitter:card\" content=\"summary_large_image\" \/>\n<meta name=\"twitter:label1\" content=\"Dur\u00e9e de lecture estim\u00e9e\" \/>\n\t<meta name=\"twitter:data1\" content=\"13 minutes\" \/>\n<script type=\"application\/ld+json\" class=\"yoast-schema-graph\">{\"@context\":\"https:\\\/\\\/schema.org\",\"@graph\":[{\"@type\":\"WebPage\",\"@id\":\"https:\\\/\\\/www.plongee-plaisir.com\\\/fr\\\/zone-telechargement\\\/\",\"url\":\"https:\\\/\\\/www.plongee-plaisir.com\\\/fr\\\/zone-telechargement\\\/\",\"name\":\"Zone de t\u00e9l\u00e9chargement Plong\u00e9e Plaisir - Plong\u00e9e Plaisir, site officiel\",\"isPartOf\":{\"@id\":\"https:\\\/\\\/www.plongee-plaisir.com\\\/fr\\\/#website\"},\"primaryImageOfPage\":{\"@id\":\"https:\\\/\\\/www.plongee-plaisir.com\\\/fr\\\/zone-telechargement\\\/#primaryimage\"},\"image\":{\"@id\":\"https:\\\/\\\/www.plongee-plaisir.com\\\/fr\\\/zone-telechargement\\\/#primaryimage\"},\"thumbnailUrl\":\"https:\\\/\\\/www.plongee-plaisir.com\\\/fr\\\/wp-content\\\/uploads\\\/2016\\\/06\\\/plongee_plaisir_plan_secours_1024-1024x724.png\",\"datePublished\":\"2019-10-13T13:06:00+00:00\",\"dateModified\":\"2023-11-24T17:34:52+00:00\",\"breadcrumb\":{\"@id\":\"https:\\\/\\\/www.plongee-plaisir.com\\\/fr\\\/zone-telechargement\\\/#breadcrumb\"},\"inLanguage\":\"fr-FR\",\"potentialAction\":[{\"@type\":\"ReadAction\",\"target\":[\"https:\\\/\\\/www.plongee-plaisir.com\\\/fr\\\/zone-telechargement\\\/\"]}]},{\"@type\":\"ImageObject\",\"inLanguage\":\"fr-FR\",\"@id\":\"https:\\\/\\\/www.plongee-plaisir.com\\\/fr\\\/zone-telechargement\\\/#primaryimage\",\"url\":\"https:\\\/\\\/www.plongee-plaisir.com\\\/fr\\\/wp-content\\\/uploads\\\/2016\\\/06\\\/plongee_plaisir_plan_secours_1024.png\",\"contentUrl\":\"https:\\\/\\\/www.plongee-plaisir.com\\\/fr\\\/wp-content\\\/uploads\\\/2016\\\/06\\\/plongee_plaisir_plan_secours_1024.png\",\"width\":1024,\"height\":724,\"caption\":\"Plan de secours plong\u00e9e\"},{\"@type\":\"BreadcrumbList\",\"@id\":\"https:\\\/\\\/www.plongee-plaisir.com\\\/fr\\\/zone-telechargement\\\/#breadcrumb\",\"itemListElement\":[{\"@type\":\"ListItem\",\"position\":1,\"name\":\"Accueil\",\"item\":\"https:\\\/\\\/www.plongee-plaisir.com\\\/fr\\\/\"},{\"@type\":\"ListItem\",\"position\":2,\"name\":\"Zone de t\u00e9l\u00e9chargement Plong\u00e9e Plaisir\"}]},{\"@type\":\"WebSite\",\"@id\":\"https:\\\/\\\/www.plongee-plaisir.com\\\/fr\\\/#website\",\"url\":\"https:\\\/\\\/www.plongee-plaisir.com\\\/fr\\\/\",\"name\":\"Plong\u00e9e Plaisir, site officiel\",\"description\":\"Apprendre \u00e0 plonger - Learning to dive\",\"potentialAction\":[{\"@type\":\"SearchAction\",\"target\":{\"@type\":\"EntryPoint\",\"urlTemplate\":\"https:\\\/\\\/www.plongee-plaisir.com\\\/fr\\\/?s={search_term_string}\"},\"query-input\":{\"@type\":\"PropertyValueSpecification\",\"valueRequired\":true,\"valueName\":\"search_term_string\"}}],\"inLanguage\":\"fr-FR\"}]}<\/script>\n<!-- \/ Yoast SEO plugin. -->","yoast_head_json":{"title":"Zone de t\u00e9l\u00e9chargement Plong\u00e9e Plaisir - Plong\u00e9e Plaisir, site officiel","robots":{"index":"index","follow":"follow","max-snippet":"max-snippet:-1","max-image-preview":"max-image-preview:large","max-video-preview":"max-video-preview:-1"},"canonical":"https:\/\/www.plongee-plaisir.com\/fr\/zone-telechargement\/","og_locale":"fr_FR","og_type":"article","og_title":"Zone de t\u00e9l\u00e9chargement Plong\u00e9e Plaisir - Plong\u00e9e Plaisir, site officiel","og_description":"S&rsquo;il vous plait Connexion - Login Pour voir ce contenu. (Pas encore membre ? Adh&eacute;rez maintenant !)","og_url":"https:\/\/www.plongee-plaisir.com\/fr\/zone-telechargement\/","og_site_name":"Plong\u00e9e Plaisir, site officiel","article_modified_time":"2023-11-24T17:34:52+00:00","og_image":[{"url":"https:\/\/www.plongee-plaisir.com\/fr\/wp-content\/uploads\/2016\/06\/plongee_plaisir_plan_secours_1024-1024x724.png","type":"","width":"","height":""}],"twitter_card":"summary_large_image","twitter_misc":{"Dur\u00e9e de lecture estim\u00e9e":"13 minutes"},"schema":{"@context":"https:\/\/schema.org","@graph":[{"@type":"WebPage","@id":"https:\/\/www.plongee-plaisir.com\/fr\/zone-telechargement\/","url":"https:\/\/www.plongee-plaisir.com\/fr\/zone-telechargement\/","name":"Zone de t\u00e9l\u00e9chargement Plong\u00e9e Plaisir - Plong\u00e9e Plaisir, site officiel","isPartOf":{"@id":"https:\/\/www.plongee-plaisir.com\/fr\/#website"},"primaryImageOfPage":{"@id":"https:\/\/www.plongee-plaisir.com\/fr\/zone-telechargement\/#primaryimage"},"image":{"@id":"https:\/\/www.plongee-plaisir.com\/fr\/zone-telechargement\/#primaryimage"},"thumbnailUrl":"https:\/\/www.plongee-plaisir.com\/fr\/wp-content\/uploads\/2016\/06\/plongee_plaisir_plan_secours_1024-1024x724.png","datePublished":"2019-10-13T13:06:00+00:00","dateModified":"2023-11-24T17:34:52+00:00","breadcrumb":{"@id":"https:\/\/www.plongee-plaisir.com\/fr\/zone-telechargement\/#breadcrumb"},"inLanguage":"fr-FR","potentialAction":[{"@type":"ReadAction","target":["https:\/\/www.plongee-plaisir.com\/fr\/zone-telechargement\/"]}]},{"@type":"ImageObject","inLanguage":"fr-FR","@id":"https:\/\/www.plongee-plaisir.com\/fr\/zone-telechargement\/#primaryimage","url":"https:\/\/www.plongee-plaisir.com\/fr\/wp-content\/uploads\/2016\/06\/plongee_plaisir_plan_secours_1024.png","contentUrl":"https:\/\/www.plongee-plaisir.com\/fr\/wp-content\/uploads\/2016\/06\/plongee_plaisir_plan_secours_1024.png","width":1024,"height":724,"caption":"Plan de secours plong\u00e9e"},{"@type":"BreadcrumbList","@id":"https:\/\/www.plongee-plaisir.com\/fr\/zone-telechargement\/#breadcrumb","itemListElement":[{"@type":"ListItem","position":1,"name":"Accueil","item":"https:\/\/www.plongee-plaisir.com\/fr\/"},{"@type":"ListItem","position":2,"name":"Zone de t\u00e9l\u00e9chargement Plong\u00e9e Plaisir"}]},{"@type":"WebSite","@id":"https:\/\/www.plongee-plaisir.com\/fr\/#website","url":"https:\/\/www.plongee-plaisir.com\/fr\/","name":"Plong\u00e9e Plaisir, site officiel","description":"Apprendre \u00e0 plonger - Learning to dive","potentialAction":[{"@type":"SearchAction","target":{"@type":"EntryPoint","urlTemplate":"https:\/\/www.plongee-plaisir.com\/fr\/?s={search_term_string}"},"query-input":{"@type":"PropertyValueSpecification","valueRequired":true,"valueName":"search_term_string"}}],"inLanguage":"fr-FR"}]}},"featured_image_src":null,"featured_image_src_square":null,"uagb_featured_image_src":{"full":false,"thumbnail":false,"medium":false,"medium_large":false,"large":false,"1536x1536":false,"2048x2048":false,"featured-content":false,"author-pro-image":false,"tb-timeline-landscape":false,"tb-timeline-square":false,"ultp_layout_landscape_large":false,"ultp_layout_landscape":false,"ultp_layout_portrait":false,"ultp_layout_square":false,"vp_sm":false,"vp_md":false,"vp_lg":false,"vp_xl":false,"vp_sm_popup":false,"vp_md_popup":false,"vp_xl_popup":false,"gb-block-post-grid-landscape":false,"gb-block-post-grid-square":false,"woocommerce_thumbnail":false,"woocommerce_single":false,"woocommerce_gallery_thumbnail":false,"web-stories-poster-portrait":false,"web-stories-publisher-logo":false,"web-stories-thumbnail":false,"sow-carousel-default":false},"uagb_author_info":{"display_name":"Alain Foret","author_link":"https:\/\/www.plongee-plaisir.com\/fr\/author\/plongeeplaisir\/"},"uagb_comment_info":0,"uagb_excerpt":"S&rsquo;il vous plait Connexion - Login Pour voir ce contenu. (Pas encore membre ? Adh&eacute;rez maintenant !)","coauthors":[],"author_meta":{"author_link":"https:\/\/www.plongee-plaisir.com\/fr\/author\/plongeeplaisir\/","display_name":"Alain Foret"},"relative_dates":{"created":"Publi\u00e9 6 ans il y a","modified":"Mis \u00e0 jour 2 ans il y a"},"absolute_dates":{"created":"Publi\u00e9 le 13 octobre 2019","modified":"Mise \u00e0 jour le 24 novembre 2023"},"absolute_dates_time":{"created":"Publi\u00e9 le 13 octobre 2019 15 h 06 min","modified":"Mise \u00e0 jour le 24 novembre 2023 18 h 34 min"},"featured_img_caption":"","featured_img":false,"series_order":"","amp_enabled":true,"_links":{"self":[{"href":"https:\/\/www.plongee-plaisir.com\/fr\/wp-json\/wp\/v2\/pages\/5522","targetHints":{"allow":["GET"]}}],"collection":[{"href":"https:\/\/www.plongee-plaisir.com\/fr\/wp-json\/wp\/v2\/pages"}],"about":[{"href":"https:\/\/www.plongee-plaisir.com\/fr\/wp-json\/wp\/v2\/types\/page"}],"author":[{"embeddable":true,"href":"https:\/\/www.plongee-plaisir.com\/fr\/wp-json\/wp\/v2\/users\/4"}],"replies":[{"embeddable":true,"href":"https:\/\/www.plongee-plaisir.com\/fr\/wp-json\/wp\/v2\/comments?post=5522"}],"version-history":[{"count":0,"href":"https:\/\/www.plongee-plaisir.com\/fr\/wp-json\/wp\/v2\/pages\/5522\/revisions"}],"wp:attachment":[{"href":"https:\/\/www.plongee-plaisir.com\/fr\/wp-json\/wp\/v2\/media?parent=5522"}],"curies":[{"name":"wp","href":"https:\/\/api.w.org\/{rel}","templated":true}]}}