{"id":55871,"date":"2022-06-16T17:28:15","date_gmt":"2022-06-16T15:28:15","guid":{"rendered":"https:\/\/www.plongee-plaisir.com\/fr\/?p=55871"},"modified":"2022-06-16T18:10:46","modified_gmt":"2022-06-16T16:10:46","slug":"la-notion-de-pre-conditonnement","status":"publish","type":"page","link":"https:\/\/www.plongee-plaisir.com\/fr\/la-notion-de-pre-conditonnement\/","title":{"rendered":"La notion de pr\u00e9-conditionnement"},"content":{"rendered":"\n<div class=\"wp-block-group is-layout-flow wp-block-group-is-layout-flow\">\n<p class=\"has-luminous-vivid-orange-color has-text-color wp-block-paragraph\"><a href=\"https:\/\/www.plongee-plaisir.com\/fr\/fiches-infos\/\">FICHES INFO<\/a> &gt; VOUS PERFECTIONNER<\/p>\n\n\n\n<div class=\"wp-block-kadence-spacer aligncenter kt-block-spacer-_c2638d-86\"><div class=\"kt-block-spacer kt-block-spacer-halign-center\"><hr class=\"kt-divider\"\/><\/div><\/div>\n<\/div>\n\n\n\n<figure class=\"wp-block-image alignleft size-large\"><img decoding=\"async\" width=\"1024\" height=\"553\" src=\"https:\/\/www.plongee-plaisir.com\/fr\/wp-content\/uploads\/2022\/06\/bateau-1024x553.jpg\" alt=\"\" class=\"wp-image-55891\" srcset=\"https:\/\/www.plongee-plaisir.com\/fr\/wp-content\/uploads\/2022\/06\/bateau-1024x553.jpg 1024w, https:\/\/www.plongee-plaisir.com\/fr\/wp-content\/uploads\/2022\/06\/bateau-300x162.jpg 300w, https:\/\/www.plongee-plaisir.com\/fr\/wp-content\/uploads\/2022\/06\/bateau-768x414.jpg 768w, https:\/\/www.plongee-plaisir.com\/fr\/wp-content\/uploads\/2022\/06\/bateau-1536x829.jpg 1536w, https:\/\/www.plongee-plaisir.com\/fr\/wp-content\/uploads\/2022\/06\/bateau-600x324.jpg 600w, https:\/\/www.plongee-plaisir.com\/fr\/wp-content\/uploads\/2022\/06\/bateau-167x90.jpg 167w, https:\/\/www.plongee-plaisir.com\/fr\/wp-content\/uploads\/2022\/06\/bateau.jpg 1920w\" sizes=\"(max-width: 1024px) 100vw, 1024px\" \/><\/figure>\n\n\n\n<h1 class=\"wp-block-heading\">La notion de pr\u00e9-conditionnement<\/h1>\n\n\n\n<p class=\"wp-block-paragraph\">Ces vingt derni\u00e8res ann\u00e9es, l\u2019id\u00e9e est apparue d\u2019\u00e9liminer les poches de germes gazeux (<em>gas nuclei<\/em>), afin de diminuer le niveau de bulles lors de la d\u00e9saturation.<\/p>\n\n\n\n<p class=\"wp-block-paragraph\">Diff\u00e9rentes techniques ont \u00e9t\u00e9 \u00e9tudi\u00e9es, avant la plong\u00e9e&nbsp;:<\/p>\n\n\n\n<ul class=\"wp-block-list\"><li>Mettre les plongeurs sur un tapis de vibration&nbsp;;<\/li><li>Faire faire un effort physique&nbsp;;<\/li><li>Faire une s\u00e9ance de sauna&nbsp;;<\/li><li>Faire respirer de l\u2019O<sub>2&nbsp;<\/sub>;<\/li><li>Faire du mini-trampoline.<\/li><\/ul>\n\n\n\n<p class=\"wp-block-paragraph\">Concernant l\u2019effort physique avant la plong\u00e9e, des \u00e9tudes de la Marine nationale montrent un b\u00e9n\u00e9fice, lors des plong\u00e9es en circuit ouvert, pour un effort mod\u00e9r\u00e9 (70 \u00e0 80 % de la capacit\u00e9 maximale) de 40 \u00e0 45 minutes au moins deux heures avant la plong\u00e9e. En de\u00e7\u00e0 de ce d\u00e9lai de 2 h, le CO<sub>2<\/sub>&nbsp;en exc\u00e8s favoriserait, au contraire, la cr\u00e9ation de bulles.<\/p>\n\n\n\n<p class=\"wp-block-paragraph\">De plus, la Marine a interdit cette technique avant des plong\u00e9es au recycleur car cela favoriserait l\u2019apparition d\u2019\u0153d\u00e8mes pulmonaires d\u2019immersion.<\/p>\n\n\n\n<p class=\"wp-block-paragraph\">Quant \u00e0 l\u2019O<sub>2<\/sub>&nbsp;avant de plonger, il aurait bien un effet de r\u00e9duction du score de bulles, mais au prix d\u2019une augmentation de l\u2019oxydation dont les effets ne sont pas mesur\u00e9s.<\/p>\n\n\n\n<p class=\"wp-block-paragraph\">Concernant le mini-trampoline, les auteurs indiquent \u00e0 propos de cette \u00e9tude<sup><a href=\"applewebdata:\/\/20B648E5-D9FB-4F23-B0BB-8F6155C02B9C#_ftn1\">[1]<\/a><\/sup>,&nbsp;qui a port\u00e9 sur 8 plongeurs et s\u2019est d\u00e9roul\u00e9e en fosse de plong\u00e9e (25 m \/ 25 min), que les r\u00e9sultats m\u00e9riteraient d\u2019\u00eatre confirm\u00e9s.<\/p>\n\n\n\n<p class=\"wp-block-paragraph\"><strong>EN CONCLUSION<\/strong><\/p>\n\n\n\n<p class=\"wp-block-paragraph\"><strong>\u00c0 ce jour, aucun protocole de pr\u00e9-conditionnement n\u2019a \u00e9t\u00e9 valid\u00e9 pour les plongeurs de loisir. <\/strong><\/p>\n\n\n\n<p class=\"wp-block-paragraph\">Quand bien m\u00eame un protocole serait-il valid\u00e9, dans le monde du loisir, sa mise en application serait probablement sans objet : d&rsquo;une part du fait du type de plong\u00e9es, g\u00e9n\u00e9ralement peu saturantes (la notion de pr\u00e9-conditionnement concerne avant tout des plong\u00e9es militaires, longues et saturantes)&nbsp;; d&rsquo;autre part du fait des moyens logistiques qui interdisent, par exemple, d&rsquo;envoyer les 30 plongeurs d&rsquo;un bateau faire du trampoline avant de plonger !!!<\/p>\n\n\n\n<p class=\"wp-block-paragraph\">Plus que la question du pr\u00e9-conditionnement, il faut donc consid\u00e9rer les 4 r\u00e8gles de pr\u00e9vention des ADD :<br>1. Respect du protocole ;<br>2. Prise en compte des facteurs favorisants ;<br>3. \u00c9viter les profils \u00e0 risque ;<br>4. \u00c9viter les comportements \u00e0 risque.<\/p>\n\n\n\n<p class=\"wp-block-paragraph\">Pour en savoir plus : <a href=\"https:\/\/www.plongee-plaisir.com\/fr\/prevention-des-accidents-de-desaturation-add\/\" target=\"_blank\" rel=\"noreferrer noopener\">cliquez ici<\/a>.<\/p>\n\n\n\n<hr class=\"wp-block-separator has-alpha-channel-opacity\"\/>\n\n\n\n<p class=\"wp-block-paragraph\"><a href=\"applewebdata:\/\/20B648E5-D9FB-4F23-B0BB-8F6155C02B9C#_ftnref1\"><sup>[1]<\/sup><\/a>&nbsp;Kate Lambrechts et coll.,&nbsp;<em>Mini Trampoline, a New and Promising Way of SCUBA Diving Preconditioning to Reduce Vascular Gas Emboli?<\/em>, Int. J. Environ. Res. Public Health 2022, 19, 54.<\/p>\n\n\n\n<figure class=\"wp-block-image alignleft size-large is-resized is-style-default\"><img decoding=\"async\" src=\"https:\/\/www.plongee-plaisir.com\/fr\/wp-content\/uploads\/2021\/02\/carre.jpg\" alt=\"\" class=\"wp-image-48240\" width=\"30\" srcset=\"https:\/\/www.plongee-plaisir.com\/fr\/wp-content\/uploads\/2021\/02\/carre.jpg 102w, https:\/\/www.plongee-plaisir.com\/fr\/wp-content\/uploads\/2021\/02\/carre-100x100.jpg 100w\" sizes=\"(max-width: 102px) 100vw, 102px\" \/><\/figure>\n<style class=\"advgb-styles-renderer\">.wp-block-kadence-spacer.kt-block-spacer-_c2638d-86 .kt-block-spacer{height:6px;}.wp-block-kadence-spacer.kt-block-spacer-_c2638d-86 .kt-divider{border-top-width:10px;border-top-color:#ff6900;width:100%;border-top-style:solid;}<\/style>","protected":false},"excerpt":{"rendered":"<p>FICHES INFO &gt; VOUS PERFECTIONNER La notion de pr\u00e9-conditionnement Ces vingt derni\u00e8res ann\u00e9es, l\u2019id\u00e9e est apparue d\u2019\u00e9liminer les poches de germes gazeux (gas nuclei), afin de diminuer le niveau de bulles lors de la d\u00e9saturation. Diff\u00e9rentes techniques ont \u00e9t\u00e9 \u00e9tudi\u00e9es, avant la plong\u00e9e&nbsp;: Mettre les plongeurs sur un tapis de vibration&nbsp;; Faire faire un effort [&hellip;]<\/p>\n","protected":false},"author":4,"featured_media":0,"parent":0,"menu_order":0,"comment_status":"open","ping_status":"open","template":"","meta":{"_crdt_document":"","_uag_custom_page_level_css":"","advgb_blocks_editor_width":"","advgb_blocks_columns_visual_guide":"","_genesis_hide_title":true,"_genesis_hide_breadcrumbs":false,"_genesis_hide_singular_image":false,"_genesis_hide_footer_widgets":false,"_genesis_custom_body_class":"","_genesis_custom_post_class":"","_genesis_layout":"content-sidebar","_vp_format_video_url":"","_vp_image_focal_point":[],"footnotes":""},"class_list":{"0":"post-55871","1":"page","2":"type-page","3":"status-publish","5":"entry"},"yoast_head":"<!-- This site is optimized with the Yoast SEO plugin v27.5 - https:\/\/yoast.com\/product\/yoast-seo-wordpress\/ -->\n<title>La notion de pr\u00e9-conditionnement - Plong\u00e9e Plaisir, site officiel<\/title>\n<meta name=\"robots\" content=\"index, follow, max-snippet:-1, max-image-preview:large, max-video-preview:-1\" \/>\n<link rel=\"canonical\" href=\"https:\/\/www.plongee-plaisir.com\/fr\/la-notion-de-pre-conditonnement\/\" \/>\n<meta property=\"og:locale\" content=\"fr_FR\" \/>\n<meta property=\"og:type\" content=\"article\" \/>\n<meta property=\"og:title\" content=\"La notion de pr\u00e9-conditionnement - Plong\u00e9e Plaisir, site officiel\" \/>\n<meta property=\"og:description\" content=\"FICHES INFO &gt; VOUS PERFECTIONNER La notion de pr\u00e9-conditionnement Ces vingt derni\u00e8res ann\u00e9es, l\u2019id\u00e9e est apparue d\u2019\u00e9liminer les poches de germes gazeux (gas nuclei), afin de diminuer le niveau de bulles lors de la d\u00e9saturation. Diff\u00e9rentes techniques ont \u00e9t\u00e9 \u00e9tudi\u00e9es, avant la plong\u00e9e&nbsp;: Mettre les plongeurs sur un tapis de vibration&nbsp;; Faire faire un effort [&hellip;]\" \/>\n<meta property=\"og:url\" content=\"https:\/\/www.plongee-plaisir.com\/fr\/la-notion-de-pre-conditonnement\/\" \/>\n<meta property=\"og:site_name\" content=\"Plong\u00e9e Plaisir, site officiel\" \/>\n<meta property=\"article:modified_time\" content=\"2022-06-16T16:10:46+00:00\" \/>\n<meta property=\"og:image\" content=\"https:\/\/www.plongee-plaisir.com\/fr\/wp-content\/uploads\/2022\/06\/bateau-1024x553.jpg\" \/>\n<meta name=\"twitter:card\" content=\"summary_large_image\" \/>\n<meta name=\"twitter:label1\" content=\"Dur\u00e9e de lecture estim\u00e9e\" \/>\n\t<meta name=\"twitter:data1\" content=\"3 minutes\" \/>\n<script type=\"application\/ld+json\" class=\"yoast-schema-graph\">{\"@context\":\"https:\\\/\\\/schema.org\",\"@graph\":[{\"@type\":\"WebPage\",\"@id\":\"https:\\\/\\\/www.plongee-plaisir.com\\\/fr\\\/la-notion-de-pre-conditonnement\\\/\",\"url\":\"https:\\\/\\\/www.plongee-plaisir.com\\\/fr\\\/la-notion-de-pre-conditonnement\\\/\",\"name\":\"La notion de pr\u00e9-conditionnement - Plong\u00e9e Plaisir, site officiel\",\"isPartOf\":{\"@id\":\"https:\\\/\\\/www.plongee-plaisir.com\\\/fr\\\/#website\"},\"primaryImageOfPage\":{\"@id\":\"https:\\\/\\\/www.plongee-plaisir.com\\\/fr\\\/la-notion-de-pre-conditonnement\\\/#primaryimage\"},\"image\":{\"@id\":\"https:\\\/\\\/www.plongee-plaisir.com\\\/fr\\\/la-notion-de-pre-conditonnement\\\/#primaryimage\"},\"thumbnailUrl\":\"https:\\\/\\\/www.plongee-plaisir.com\\\/fr\\\/wp-content\\\/uploads\\\/2022\\\/06\\\/bateau-1024x553.jpg\",\"datePublished\":\"2022-06-16T15:28:15+00:00\",\"dateModified\":\"2022-06-16T16:10:46+00:00\",\"breadcrumb\":{\"@id\":\"https:\\\/\\\/www.plongee-plaisir.com\\\/fr\\\/la-notion-de-pre-conditonnement\\\/#breadcrumb\"},\"inLanguage\":\"fr-FR\",\"potentialAction\":[{\"@type\":\"ReadAction\",\"target\":[\"https:\\\/\\\/www.plongee-plaisir.com\\\/fr\\\/la-notion-de-pre-conditonnement\\\/\"]}]},{\"@type\":\"ImageObject\",\"inLanguage\":\"fr-FR\",\"@id\":\"https:\\\/\\\/www.plongee-plaisir.com\\\/fr\\\/la-notion-de-pre-conditonnement\\\/#primaryimage\",\"url\":\"https:\\\/\\\/www.plongee-plaisir.com\\\/fr\\\/wp-content\\\/uploads\\\/2022\\\/06\\\/bateau.jpg\",\"contentUrl\":\"https:\\\/\\\/www.plongee-plaisir.com\\\/fr\\\/wp-content\\\/uploads\\\/2022\\\/06\\\/bateau.jpg\",\"width\":1920,\"height\":1036},{\"@type\":\"BreadcrumbList\",\"@id\":\"https:\\\/\\\/www.plongee-plaisir.com\\\/fr\\\/la-notion-de-pre-conditonnement\\\/#breadcrumb\",\"itemListElement\":[{\"@type\":\"ListItem\",\"position\":1,\"name\":\"Accueil\",\"item\":\"https:\\\/\\\/www.plongee-plaisir.com\\\/fr\\\/\"},{\"@type\":\"ListItem\",\"position\":2,\"name\":\"La notion de pr\u00e9-conditionnement\"}]},{\"@type\":\"WebSite\",\"@id\":\"https:\\\/\\\/www.plongee-plaisir.com\\\/fr\\\/#website\",\"url\":\"https:\\\/\\\/www.plongee-plaisir.com\\\/fr\\\/\",\"name\":\"Plong\u00e9e Plaisir, site officiel\",\"description\":\"Apprendre \u00e0 plonger - Learning to dive\",\"potentialAction\":[{\"@type\":\"SearchAction\",\"target\":{\"@type\":\"EntryPoint\",\"urlTemplate\":\"https:\\\/\\\/www.plongee-plaisir.com\\\/fr\\\/?s={search_term_string}\"},\"query-input\":{\"@type\":\"PropertyValueSpecification\",\"valueRequired\":true,\"valueName\":\"search_term_string\"}}],\"inLanguage\":\"fr-FR\"}]}<\/script>\n<!-- \/ Yoast SEO plugin. -->","yoast_head_json":{"title":"La notion de pr\u00e9-conditionnement - Plong\u00e9e Plaisir, site officiel","robots":{"index":"index","follow":"follow","max-snippet":"max-snippet:-1","max-image-preview":"max-image-preview:large","max-video-preview":"max-video-preview:-1"},"canonical":"https:\/\/www.plongee-plaisir.com\/fr\/la-notion-de-pre-conditonnement\/","og_locale":"fr_FR","og_type":"article","og_title":"La notion de pr\u00e9-conditionnement - Plong\u00e9e Plaisir, site officiel","og_description":"FICHES INFO &gt; VOUS PERFECTIONNER La notion de pr\u00e9-conditionnement Ces vingt derni\u00e8res ann\u00e9es, l\u2019id\u00e9e est apparue d\u2019\u00e9liminer les poches de germes gazeux (gas nuclei), afin de diminuer le niveau de bulles lors de la d\u00e9saturation. Diff\u00e9rentes techniques ont \u00e9t\u00e9 \u00e9tudi\u00e9es, avant la plong\u00e9e&nbsp;: Mettre les plongeurs sur un tapis de vibration&nbsp;; Faire faire un effort [&hellip;]","og_url":"https:\/\/www.plongee-plaisir.com\/fr\/la-notion-de-pre-conditonnement\/","og_site_name":"Plong\u00e9e Plaisir, site officiel","article_modified_time":"2022-06-16T16:10:46+00:00","og_image":[{"url":"https:\/\/www.plongee-plaisir.com\/fr\/wp-content\/uploads\/2022\/06\/bateau-1024x553.jpg","type":"","width":"","height":""}],"twitter_card":"summary_large_image","twitter_misc":{"Dur\u00e9e de lecture estim\u00e9e":"3 minutes"},"schema":{"@context":"https:\/\/schema.org","@graph":[{"@type":"WebPage","@id":"https:\/\/www.plongee-plaisir.com\/fr\/la-notion-de-pre-conditonnement\/","url":"https:\/\/www.plongee-plaisir.com\/fr\/la-notion-de-pre-conditonnement\/","name":"La notion de pr\u00e9-conditionnement - Plong\u00e9e Plaisir, site officiel","isPartOf":{"@id":"https:\/\/www.plongee-plaisir.com\/fr\/#website"},"primaryImageOfPage":{"@id":"https:\/\/www.plongee-plaisir.com\/fr\/la-notion-de-pre-conditonnement\/#primaryimage"},"image":{"@id":"https:\/\/www.plongee-plaisir.com\/fr\/la-notion-de-pre-conditonnement\/#primaryimage"},"thumbnailUrl":"https:\/\/www.plongee-plaisir.com\/fr\/wp-content\/uploads\/2022\/06\/bateau-1024x553.jpg","datePublished":"2022-06-16T15:28:15+00:00","dateModified":"2022-06-16T16:10:46+00:00","breadcrumb":{"@id":"https:\/\/www.plongee-plaisir.com\/fr\/la-notion-de-pre-conditonnement\/#breadcrumb"},"inLanguage":"fr-FR","potentialAction":[{"@type":"ReadAction","target":["https:\/\/www.plongee-plaisir.com\/fr\/la-notion-de-pre-conditonnement\/"]}]},{"@type":"ImageObject","inLanguage":"fr-FR","@id":"https:\/\/www.plongee-plaisir.com\/fr\/la-notion-de-pre-conditonnement\/#primaryimage","url":"https:\/\/www.plongee-plaisir.com\/fr\/wp-content\/uploads\/2022\/06\/bateau.jpg","contentUrl":"https:\/\/www.plongee-plaisir.com\/fr\/wp-content\/uploads\/2022\/06\/bateau.jpg","width":1920,"height":1036},{"@type":"BreadcrumbList","@id":"https:\/\/www.plongee-plaisir.com\/fr\/la-notion-de-pre-conditonnement\/#breadcrumb","itemListElement":[{"@type":"ListItem","position":1,"name":"Accueil","item":"https:\/\/www.plongee-plaisir.com\/fr\/"},{"@type":"ListItem","position":2,"name":"La notion de pr\u00e9-conditionnement"}]},{"@type":"WebSite","@id":"https:\/\/www.plongee-plaisir.com\/fr\/#website","url":"https:\/\/www.plongee-plaisir.com\/fr\/","name":"Plong\u00e9e Plaisir, site officiel","description":"Apprendre \u00e0 plonger - Learning to dive","potentialAction":[{"@type":"SearchAction","target":{"@type":"EntryPoint","urlTemplate":"https:\/\/www.plongee-plaisir.com\/fr\/?s={search_term_string}"},"query-input":{"@type":"PropertyValueSpecification","valueRequired":true,"valueName":"search_term_string"}}],"inLanguage":"fr-FR"}]}},"featured_image_src":null,"featured_image_src_square":null,"uagb_featured_image_src":{"full":false,"thumbnail":false,"medium":false,"medium_large":false,"large":false,"1536x1536":false,"2048x2048":false,"featured-content":false,"author-pro-image":false,"tb-timeline-landscape":false,"tb-timeline-square":false,"ultp_layout_landscape_large":false,"ultp_layout_landscape":false,"ultp_layout_portrait":false,"ultp_layout_square":false,"vp_sm":false,"vp_md":false,"vp_lg":false,"vp_xl":false,"vp_sm_popup":false,"vp_md_popup":false,"vp_xl_popup":false,"gb-block-post-grid-landscape":false,"gb-block-post-grid-square":false,"woocommerce_thumbnail":false,"woocommerce_single":false,"woocommerce_gallery_thumbnail":false,"sow-carousel-default":false},"uagb_author_info":{"display_name":"Alain Foret","author_link":"https:\/\/www.plongee-plaisir.com\/fr\/author\/plongeeplaisir\/"},"uagb_comment_info":0,"uagb_excerpt":"FICHES INFO &gt; VOUS PERFECTIONNER La notion de pr\u00e9-conditionnement Ces vingt derni\u00e8res ann\u00e9es, l\u2019id\u00e9e est apparue d\u2019\u00e9liminer les poches de germes gazeux (gas nuclei), afin de diminuer le niveau de bulles lors de la d\u00e9saturation. Diff\u00e9rentes techniques ont \u00e9t\u00e9 \u00e9tudi\u00e9es, avant la plong\u00e9e&nbsp;: Mettre les plongeurs sur un tapis de vibration&nbsp;; Faire faire un effort\u2026","coauthors":[],"author_meta":{"author_link":"https:\/\/www.plongee-plaisir.com\/fr\/author\/plongeeplaisir\/","display_name":"Alain Foret"},"relative_dates":{"created":"Publi\u00e9 4 ans il y a","modified":"Mis \u00e0 jour 4 ans il y a"},"absolute_dates":{"created":"Publi\u00e9 le 16 juin 2022","modified":"Mise \u00e0 jour le 16 juin 2022"},"absolute_dates_time":{"created":"Publi\u00e9 le 16 juin 2022 17 h 28 min","modified":"Mise \u00e0 jour le 16 juin 2022 18 h 10 min"},"featured_img_caption":"","featured_img":false,"series_order":"","amp_enabled":true,"_links":{"self":[{"href":"https:\/\/www.plongee-plaisir.com\/fr\/wp-json\/wp\/v2\/pages\/55871","targetHints":{"allow":["GET"]}}],"collection":[{"href":"https:\/\/www.plongee-plaisir.com\/fr\/wp-json\/wp\/v2\/pages"}],"about":[{"href":"https:\/\/www.plongee-plaisir.com\/fr\/wp-json\/wp\/v2\/types\/page"}],"author":[{"embeddable":true,"href":"https:\/\/www.plongee-plaisir.com\/fr\/wp-json\/wp\/v2\/users\/4"}],"replies":[{"embeddable":true,"href":"https:\/\/www.plongee-plaisir.com\/fr\/wp-json\/wp\/v2\/comments?post=55871"}],"version-history":[{"count":0,"href":"https:\/\/www.plongee-plaisir.com\/fr\/wp-json\/wp\/v2\/pages\/55871\/revisions"}],"wp:attachment":[{"href":"https:\/\/www.plongee-plaisir.com\/fr\/wp-json\/wp\/v2\/media?parent=55871"}],"curies":[{"name":"wp","href":"https:\/\/api.w.org\/{rel}","templated":true}]}}