{"id":55902,"date":"2024-08-21T11:37:26","date_gmt":"2024-08-21T09:37:26","guid":{"rendered":"https:\/\/www.plongee-plaisir.com\/fr\/?page_id=55902"},"modified":"2024-08-21T11:38:49","modified_gmt":"2024-08-21T09:38:49","slug":"code-du-sport-plongee","status":"publish","type":"page","link":"https:\/\/www.plongee-plaisir.com\/fr\/code-du-sport-plongee\/","title":{"rendered":"Code du sport relatif \u00e0 la plong\u00e9e"},"content":{"rendered":"\n<p class=\"wp-block-paragraph\"><a href=\"https:\/\/www.plongee-plaisir.com\/fr\/fiches-infos\/\">FICHES INFO<\/a>&nbsp;&gt; R\u00c9GLEMENTATION<\/p>\n\n\n\n<div class=\"wp-block-kadence-spacer aligncenter kt-block-spacer-_72b3a8-64\"><div class=\"kt-block-spacer kt-block-spacer-halign-center\"><hr class=\"kt-divider\"\/><\/div><\/div>\n\n\n\n<h1 class=\"wp-block-heading\">Code du sport relatif \u00e0 la plong\u00e9e<\/h1>\n\n\n\n<figure class=\"wp-block-image size-large\"><img decoding=\"async\" width=\"1024\" height=\"553\" src=\"https:\/\/www.plongee-plaisir.com\/fr\/wp-content\/uploads\/2022\/06\/bateau-1024x553.jpg\" alt=\"\" class=\"wp-image-55891\" srcset=\"https:\/\/www.plongee-plaisir.com\/fr\/wp-content\/uploads\/2022\/06\/bateau-1024x553.jpg 1024w, https:\/\/www.plongee-plaisir.com\/fr\/wp-content\/uploads\/2022\/06\/bateau-300x162.jpg 300w, https:\/\/www.plongee-plaisir.com\/fr\/wp-content\/uploads\/2022\/06\/bateau-768x414.jpg 768w, https:\/\/www.plongee-plaisir.com\/fr\/wp-content\/uploads\/2022\/06\/bateau-1536x829.jpg 1536w, https:\/\/www.plongee-plaisir.com\/fr\/wp-content\/uploads\/2022\/06\/bateau-600x324.jpg 600w, https:\/\/www.plongee-plaisir.com\/fr\/wp-content\/uploads\/2022\/06\/bateau-167x90.jpg 167w, https:\/\/www.plongee-plaisir.com\/fr\/wp-content\/uploads\/2022\/06\/bateau.jpg 1920w\" sizes=\"(max-width: 1024px) 100vw, 1024px\" \/><\/figure>\n\n\n\n<p class=\"wp-block-paragraph\">Les \u00e9tablissements organisant la pratique de la plong\u00e9e subaquatique (scaphandre, recycleur, apn\u00e9e, randonn\u00e9e subaquatique) sont soumis, entre autres, au respect des r\u00e8gles d&rsquo;hygi\u00e8ne et de s\u00e9curit\u00e9 d\u00e9finies aux articles A322-71 \u00e0 A322-101 du code du sport.<\/p>\n\n\n\n<div class=\"wp-block-buttons is-layout-flex wp-block-buttons-is-layout-flex\">\n<div class=\"wp-block-button has-custom-width wp-block-button__width-100 is-style-outline is-style-outline--1\"><a class=\"wp-block-button__link has-very-light-gray-color has-very-dark-gray-background-color has-text-color has-background wp-element-button\" href=\"https:\/\/www.legifrance.gouv.fr\/codes\/section_lc\/LEGITEXT000006071318\/LEGISCTA000018751673\/\" style=\"border-radius:0px\" target=\"_blank\" rel=\"noreferrer noopener\">Acc\u00e9der aux articles A322-71 \u00e0 A322-101, sur le site officiel legifrance.gouv.fr<\/a><\/div>\n<\/div>\n\n\n\n<figure class=\"wp-block-image alignleft size-large is-resized is-style-default\"><img decoding=\"async\" src=\"https:\/\/www.plongee-plaisir.com\/fr\/wp-content\/uploads\/2021\/02\/carre.jpg\" alt=\"\" class=\"wp-image-48240\" width=\"30\" srcset=\"https:\/\/www.plongee-plaisir.com\/fr\/wp-content\/uploads\/2021\/02\/carre.jpg 102w, https:\/\/www.plongee-plaisir.com\/fr\/wp-content\/uploads\/2021\/02\/carre-100x100.jpg 100w\" sizes=\"(max-width: 102px) 100vw, 102px\" \/><\/figure>\n<style class=\"advgb-styles-renderer\">.wp-block-kadence-spacer.kt-block-spacer-_72b3a8-64 .kt-block-spacer{height:17px;}.wp-block-kadence-spacer.kt-block-spacer-_72b3a8-64 .kt-divider{border-top-width:10px;border-top-color:#abb8c3;width:100%;border-top-style:solid;}<\/style>","protected":false},"excerpt":{"rendered":"<p>FICHES INFO&nbsp;&gt; R\u00c9GLEMENTATION Code du sport relatif \u00e0 la plong\u00e9e Les \u00e9tablissements organisant la pratique de la plong\u00e9e subaquatique (scaphandre, recycleur, apn\u00e9e, randonn\u00e9e subaquatique) sont soumis, entre autres, au respect des r\u00e8gles d&rsquo;hygi\u00e8ne et de s\u00e9curit\u00e9 d\u00e9finies aux articles A322-71 \u00e0 A322-101 du code du sport.<\/p>\n","protected":false},"author":4,"featured_media":0,"parent":0,"menu_order":0,"comment_status":"closed","ping_status":"closed","template":"","meta":{"_crdt_document":"","_uag_custom_page_level_css":"","advgb_blocks_editor_width":"","advgb_blocks_columns_visual_guide":"","_genesis_hide_title":true,"_genesis_hide_breadcrumbs":false,"_genesis_hide_singular_image":false,"_genesis_hide_footer_widgets":false,"_genesis_custom_body_class":"","_genesis_custom_post_class":"","_genesis_layout":"content-sidebar","_vp_format_video_url":"","_vp_image_focal_point":[],"footnotes":""},"class_list":{"0":"post-55902","1":"page","2":"type-page","3":"status-publish","5":"entry"},"yoast_head":"<!-- This site is optimized with the Yoast SEO plugin v27.5 - https:\/\/yoast.com\/product\/yoast-seo-wordpress\/ -->\n<title>Code du sport relatif \u00e0 la plong\u00e9e - Plong\u00e9e Plaisir, site officiel<\/title>\n<meta name=\"description\" content=\"Code du sport, \u00e9tablissements qui organisent la pratique de la plong\u00e9e subaquatique. Source compl\u00e8te, Legifrance.\" \/>\n<meta name=\"robots\" content=\"index, follow, max-snippet:-1, max-image-preview:large, max-video-preview:-1\" \/>\n<link rel=\"canonical\" href=\"https:\/\/www.plongee-plaisir.com\/fr\/code-du-sport-plongee\/\" \/>\n<meta property=\"og:locale\" content=\"fr_FR\" \/>\n<meta property=\"og:type\" content=\"article\" \/>\n<meta property=\"og:title\" content=\"Code du sport relatif \u00e0 la plong\u00e9e - Plong\u00e9e Plaisir, site officiel\" \/>\n<meta property=\"og:description\" content=\"Code du sport, \u00e9tablissements qui organisent la pratique de la plong\u00e9e subaquatique. Source compl\u00e8te, Legifrance.\" \/>\n<meta property=\"og:url\" content=\"https:\/\/www.plongee-plaisir.com\/fr\/code-du-sport-plongee\/\" \/>\n<meta property=\"og:site_name\" content=\"Plong\u00e9e Plaisir, site officiel\" \/>\n<meta property=\"article:modified_time\" content=\"2024-08-21T09:38:49+00:00\" \/>\n<meta property=\"og:image\" content=\"https:\/\/www.plongee-plaisir.com\/fr\/wp-content\/uploads\/2022\/06\/bateau-1024x553.jpg\" \/>\n<meta name=\"twitter:card\" content=\"summary_large_image\" \/>\n<meta name=\"twitter:label1\" content=\"Dur\u00e9e de lecture estim\u00e9e\" \/>\n\t<meta name=\"twitter:data1\" content=\"1 minute\" \/>\n<script type=\"application\/ld+json\" class=\"yoast-schema-graph\">{\"@context\":\"https:\\\/\\\/schema.org\",\"@graph\":[{\"@type\":\"WebPage\",\"@id\":\"https:\\\/\\\/www.plongee-plaisir.com\\\/fr\\\/code-du-sport-plongee\\\/\",\"url\":\"https:\\\/\\\/www.plongee-plaisir.com\\\/fr\\\/code-du-sport-plongee\\\/\",\"name\":\"Code du sport relatif \u00e0 la plong\u00e9e - Plong\u00e9e Plaisir, site officiel\",\"isPartOf\":{\"@id\":\"https:\\\/\\\/www.plongee-plaisir.com\\\/fr\\\/#website\"},\"primaryImageOfPage\":{\"@id\":\"https:\\\/\\\/www.plongee-plaisir.com\\\/fr\\\/code-du-sport-plongee\\\/#primaryimage\"},\"image\":{\"@id\":\"https:\\\/\\\/www.plongee-plaisir.com\\\/fr\\\/code-du-sport-plongee\\\/#primaryimage\"},\"thumbnailUrl\":\"https:\\\/\\\/www.plongee-plaisir.com\\\/fr\\\/wp-content\\\/uploads\\\/2022\\\/06\\\/bateau-1024x553.jpg\",\"datePublished\":\"2024-08-21T09:37:26+00:00\",\"dateModified\":\"2024-08-21T09:38:49+00:00\",\"description\":\"Code du sport, \u00e9tablissements qui organisent la pratique de la plong\u00e9e subaquatique. Source compl\u00e8te, Legifrance.\",\"breadcrumb\":{\"@id\":\"https:\\\/\\\/www.plongee-plaisir.com\\\/fr\\\/code-du-sport-plongee\\\/#breadcrumb\"},\"inLanguage\":\"fr-FR\",\"potentialAction\":[{\"@type\":\"ReadAction\",\"target\":[\"https:\\\/\\\/www.plongee-plaisir.com\\\/fr\\\/code-du-sport-plongee\\\/\"]}]},{\"@type\":\"ImageObject\",\"inLanguage\":\"fr-FR\",\"@id\":\"https:\\\/\\\/www.plongee-plaisir.com\\\/fr\\\/code-du-sport-plongee\\\/#primaryimage\",\"url\":\"https:\\\/\\\/www.plongee-plaisir.com\\\/fr\\\/wp-content\\\/uploads\\\/2022\\\/06\\\/bateau.jpg\",\"contentUrl\":\"https:\\\/\\\/www.plongee-plaisir.com\\\/fr\\\/wp-content\\\/uploads\\\/2022\\\/06\\\/bateau.jpg\",\"width\":1920,\"height\":1036},{\"@type\":\"BreadcrumbList\",\"@id\":\"https:\\\/\\\/www.plongee-plaisir.com\\\/fr\\\/code-du-sport-plongee\\\/#breadcrumb\",\"itemListElement\":[{\"@type\":\"ListItem\",\"position\":1,\"name\":\"Accueil\",\"item\":\"https:\\\/\\\/www.plongee-plaisir.com\\\/fr\\\/\"},{\"@type\":\"ListItem\",\"position\":2,\"name\":\"Code du sport relatif \u00e0 la plong\u00e9e\"}]},{\"@type\":\"WebSite\",\"@id\":\"https:\\\/\\\/www.plongee-plaisir.com\\\/fr\\\/#website\",\"url\":\"https:\\\/\\\/www.plongee-plaisir.com\\\/fr\\\/\",\"name\":\"Plong\u00e9e Plaisir, site officiel\",\"description\":\"Apprendre \u00e0 plonger - Learning to dive\",\"potentialAction\":[{\"@type\":\"SearchAction\",\"target\":{\"@type\":\"EntryPoint\",\"urlTemplate\":\"https:\\\/\\\/www.plongee-plaisir.com\\\/fr\\\/?s={search_term_string}\"},\"query-input\":{\"@type\":\"PropertyValueSpecification\",\"valueRequired\":true,\"valueName\":\"search_term_string\"}}],\"inLanguage\":\"fr-FR\"}]}<\/script>\n<!-- \/ Yoast SEO plugin. -->","yoast_head_json":{"title":"Code du sport relatif \u00e0 la plong\u00e9e - Plong\u00e9e Plaisir, site officiel","description":"Code du sport, \u00e9tablissements qui organisent la pratique de la plong\u00e9e subaquatique. Source compl\u00e8te, Legifrance.","robots":{"index":"index","follow":"follow","max-snippet":"max-snippet:-1","max-image-preview":"max-image-preview:large","max-video-preview":"max-video-preview:-1"},"canonical":"https:\/\/www.plongee-plaisir.com\/fr\/code-du-sport-plongee\/","og_locale":"fr_FR","og_type":"article","og_title":"Code du sport relatif \u00e0 la plong\u00e9e - Plong\u00e9e Plaisir, site officiel","og_description":"Code du sport, \u00e9tablissements qui organisent la pratique de la plong\u00e9e subaquatique. Source compl\u00e8te, Legifrance.","og_url":"https:\/\/www.plongee-plaisir.com\/fr\/code-du-sport-plongee\/","og_site_name":"Plong\u00e9e Plaisir, site officiel","article_modified_time":"2024-08-21T09:38:49+00:00","og_image":[{"url":"https:\/\/www.plongee-plaisir.com\/fr\/wp-content\/uploads\/2022\/06\/bateau-1024x553.jpg","type":"","width":"","height":""}],"twitter_card":"summary_large_image","twitter_misc":{"Dur\u00e9e de lecture estim\u00e9e":"1 minute"},"schema":{"@context":"https:\/\/schema.org","@graph":[{"@type":"WebPage","@id":"https:\/\/www.plongee-plaisir.com\/fr\/code-du-sport-plongee\/","url":"https:\/\/www.plongee-plaisir.com\/fr\/code-du-sport-plongee\/","name":"Code du sport relatif \u00e0 la plong\u00e9e - Plong\u00e9e Plaisir, site officiel","isPartOf":{"@id":"https:\/\/www.plongee-plaisir.com\/fr\/#website"},"primaryImageOfPage":{"@id":"https:\/\/www.plongee-plaisir.com\/fr\/code-du-sport-plongee\/#primaryimage"},"image":{"@id":"https:\/\/www.plongee-plaisir.com\/fr\/code-du-sport-plongee\/#primaryimage"},"thumbnailUrl":"https:\/\/www.plongee-plaisir.com\/fr\/wp-content\/uploads\/2022\/06\/bateau-1024x553.jpg","datePublished":"2024-08-21T09:37:26+00:00","dateModified":"2024-08-21T09:38:49+00:00","description":"Code du sport, \u00e9tablissements qui organisent la pratique de la plong\u00e9e subaquatique. Source compl\u00e8te, Legifrance.","breadcrumb":{"@id":"https:\/\/www.plongee-plaisir.com\/fr\/code-du-sport-plongee\/#breadcrumb"},"inLanguage":"fr-FR","potentialAction":[{"@type":"ReadAction","target":["https:\/\/www.plongee-plaisir.com\/fr\/code-du-sport-plongee\/"]}]},{"@type":"ImageObject","inLanguage":"fr-FR","@id":"https:\/\/www.plongee-plaisir.com\/fr\/code-du-sport-plongee\/#primaryimage","url":"https:\/\/www.plongee-plaisir.com\/fr\/wp-content\/uploads\/2022\/06\/bateau.jpg","contentUrl":"https:\/\/www.plongee-plaisir.com\/fr\/wp-content\/uploads\/2022\/06\/bateau.jpg","width":1920,"height":1036},{"@type":"BreadcrumbList","@id":"https:\/\/www.plongee-plaisir.com\/fr\/code-du-sport-plongee\/#breadcrumb","itemListElement":[{"@type":"ListItem","position":1,"name":"Accueil","item":"https:\/\/www.plongee-plaisir.com\/fr\/"},{"@type":"ListItem","position":2,"name":"Code du sport relatif \u00e0 la plong\u00e9e"}]},{"@type":"WebSite","@id":"https:\/\/www.plongee-plaisir.com\/fr\/#website","url":"https:\/\/www.plongee-plaisir.com\/fr\/","name":"Plong\u00e9e Plaisir, site officiel","description":"Apprendre \u00e0 plonger - Learning to dive","potentialAction":[{"@type":"SearchAction","target":{"@type":"EntryPoint","urlTemplate":"https:\/\/www.plongee-plaisir.com\/fr\/?s={search_term_string}"},"query-input":{"@type":"PropertyValueSpecification","valueRequired":true,"valueName":"search_term_string"}}],"inLanguage":"fr-FR"}]}},"featured_image_src":null,"featured_image_src_square":null,"uagb_featured_image_src":{"full":false,"thumbnail":false,"medium":false,"medium_large":false,"large":false,"1536x1536":false,"2048x2048":false,"featured-content":false,"author-pro-image":false,"tb-timeline-landscape":false,"tb-timeline-square":false,"ultp_layout_landscape_large":false,"ultp_layout_landscape":false,"ultp_layout_portrait":false,"ultp_layout_square":false,"vp_sm":false,"vp_md":false,"vp_lg":false,"vp_xl":false,"vp_sm_popup":false,"vp_md_popup":false,"vp_xl_popup":false,"gb-block-post-grid-landscape":false,"gb-block-post-grid-square":false,"woocommerce_thumbnail":false,"woocommerce_single":false,"woocommerce_gallery_thumbnail":false,"sow-carousel-default":false},"uagb_author_info":{"display_name":"Alain Foret","author_link":"https:\/\/www.plongee-plaisir.com\/fr\/author\/plongeeplaisir\/"},"uagb_comment_info":0,"uagb_excerpt":"FICHES INFO&nbsp;&gt; R\u00c9GLEMENTATION Code du sport relatif \u00e0 la plong\u00e9e Les \u00e9tablissements organisant la pratique de la plong\u00e9e subaquatique (scaphandre, recycleur, apn\u00e9e, randonn\u00e9e subaquatique) sont soumis, entre autres, au respect des r\u00e8gles d&rsquo;hygi\u00e8ne et de s\u00e9curit\u00e9 d\u00e9finies aux articles A322-71 \u00e0 A322-101 du code du sport.","coauthors":[],"author_meta":{"author_link":"https:\/\/www.plongee-plaisir.com\/fr\/author\/plongeeplaisir\/","display_name":"Alain Foret"},"relative_dates":{"created":"Publi\u00e9 2 ans il y a","modified":"Mis \u00e0 jour 2 ans il y a"},"absolute_dates":{"created":"Publi\u00e9 le 21 ao\u00fbt 2024","modified":"Mise \u00e0 jour le 21 ao\u00fbt 2024"},"absolute_dates_time":{"created":"Publi\u00e9 le 21 ao\u00fbt 2024 11 h 37 min","modified":"Mise \u00e0 jour le 21 ao\u00fbt 2024 11 h 38 min"},"featured_img_caption":"","featured_img":false,"series_order":"","amp_enabled":true,"_links":{"self":[{"href":"https:\/\/www.plongee-plaisir.com\/fr\/wp-json\/wp\/v2\/pages\/55902","targetHints":{"allow":["GET"]}}],"collection":[{"href":"https:\/\/www.plongee-plaisir.com\/fr\/wp-json\/wp\/v2\/pages"}],"about":[{"href":"https:\/\/www.plongee-plaisir.com\/fr\/wp-json\/wp\/v2\/types\/page"}],"author":[{"embeddable":true,"href":"https:\/\/www.plongee-plaisir.com\/fr\/wp-json\/wp\/v2\/users\/4"}],"replies":[{"embeddable":true,"href":"https:\/\/www.plongee-plaisir.com\/fr\/wp-json\/wp\/v2\/comments?post=55902"}],"version-history":[{"count":0,"href":"https:\/\/www.plongee-plaisir.com\/fr\/wp-json\/wp\/v2\/pages\/55902\/revisions"}],"wp:attachment":[{"href":"https:\/\/www.plongee-plaisir.com\/fr\/wp-json\/wp\/v2\/media?parent=55902"}],"curies":[{"name":"wp","href":"https:\/\/api.w.org\/{rel}","templated":true}]}}