{"id":55926,"date":"2022-06-18T11:47:50","date_gmt":"2022-06-18T09:47:50","guid":{"rendered":"https:\/\/www.plongee-plaisir.com\/fr\/?page_id=55926"},"modified":"2022-06-18T14:11:39","modified_gmt":"2022-06-18T12:11:39","slug":"activites-nautiques-et-subaquatiques","status":"publish","type":"page","link":"https:\/\/www.plongee-plaisir.com\/fr\/activites-nautiques-et-subaquatiques\/","title":{"rendered":"Activit\u00e9s nautiques et subaquatiques"},"content":{"rendered":"\n<p class=\"wp-block-paragraph\"><a href=\"https:\/\/www.plongee-plaisir.com\/fr\/fiches-infos\/\">FICHES INFO<\/a>&nbsp;&gt; R\u00c9GLEMENTATION<\/p>\n\n\n\n<div class=\"wp-block-kadence-spacer aligncenter kt-block-spacer-_72b3a8-64\"><div class=\"kt-block-spacer kt-block-spacer-halign-center\"><hr class=\"kt-divider\"\/><\/div><\/div>\n\n\n\n<figure class=\"wp-block-image size-large\"><img decoding=\"async\" width=\"2560\" height=\"1440\" src=\"https:\/\/www.plongee-plaisir.com\/fr\/wp-content\/uploads\/2022\/06\/IMG_6542-scaled-edited.jpg\" alt=\"\" class=\"wp-image-55941\" srcset=\"https:\/\/www.plongee-plaisir.com\/fr\/wp-content\/uploads\/2022\/06\/IMG_6542-scaled-edited.jpg 2560w, https:\/\/www.plongee-plaisir.com\/fr\/wp-content\/uploads\/2022\/06\/IMG_6542-scaled-edited-300x169.jpg 300w, https:\/\/www.plongee-plaisir.com\/fr\/wp-content\/uploads\/2022\/06\/IMG_6542-scaled-edited-1024x576.jpg 1024w, https:\/\/www.plongee-plaisir.com\/fr\/wp-content\/uploads\/2022\/06\/IMG_6542-scaled-edited-768x432.jpg 768w, https:\/\/www.plongee-plaisir.com\/fr\/wp-content\/uploads\/2022\/06\/IMG_6542-scaled-edited-1536x864.jpg 1536w, https:\/\/www.plongee-plaisir.com\/fr\/wp-content\/uploads\/2022\/06\/IMG_6542-scaled-edited-2048x1152.jpg 2048w, https:\/\/www.plongee-plaisir.com\/fr\/wp-content\/uploads\/2022\/06\/IMG_6542-scaled-edited-600x338.jpg 600w, https:\/\/www.plongee-plaisir.com\/fr\/wp-content\/uploads\/2022\/06\/IMG_6542-scaled-edited-160x90.jpg 160w\" sizes=\"(max-width: 2560px) 100vw, 2560px\" \/><figcaption>Photographie (c) Alain Foret &#8211; Prise \u00e0 Banyuls (PO), 2021, Sars \u00e0 t\u00eate noire (<em>Diplodus vulgaris<\/em>).<\/figcaption><\/figure>\n\n\n\n<h1 class=\"wp-block-heading\">Activit\u00e9s nautiques et subaquatiques<\/h1>\n\n\n\n<p class=\"wp-block-paragraph\">Nous sommes confront\u00e9s, en mati\u00e8re de d\u00e9finition des activit\u00e9s aquatiques, nautiques et subaquatiques, \u00e0 des d\u00e9finitions diff\u00e9rentes, selon que l&rsquo;on consid\u00e8re celles donn\u00e9es par des dictionnaires et celle d\u00e9finie par la r\u00e9glementation.<\/p>\n\n\n\n<p class=\"wp-block-paragraph\">\u00c9videmment, dans le cadre de discussions avec l&rsquo;Administration (Pr\u00e9fectures, Administration en charge des sports, Douanes, &#8230;), il nous faut revenir \u00e0 la d\u00e9finition l\u00e9gale.<\/p>\n\n\n\n<p class=\"wp-block-paragraph\">Le code du sport d\u00e9finit ces activit\u00e9s ici :<\/p>\n\n\n\n<ul class=\"wp-block-list\"><li>Partie r\u00e9glementaire &#8211; Arr\u00eat\u00e9s (Articles A112-0 \u00e0 A429-2)<ul><li>LIVRE III : PRATIQUE SPORTIVE (Articles A312-1 \u00e0 A331-42)<ul><li>TITRE II : OBLIGATIONS LI\u00c9ES AUX ACTIVIT\u00c9S SPORTIVES (Articles A322-1 \u00e0 A322-177)<ul><li>Chapitre II : Garanties d&rsquo;hygi\u00e8ne et de s\u00e9curit\u00e9 (Articles A322-1 \u00e0 A322-177)<ul><li>Section 1 : Dispositions g\u00e9n\u00e9rales (Articles A322-1 \u00e0 A322-3)<\/li><li>Section 2 : <mark class=\"kt-highlight\">Etablissements d&rsquo;activit\u00e9s aquatiques et nautiques<\/mark> (Articles A322-3-1 \u00e0 A322-70)<\/li><li>Section 3 : <mark class=\"kt-highlight\">Etablissements organisant la pratique de la plong\u00e9e subaquatique<\/mark> (Articles A322-71 \u00e0 A322-101)<\/li><\/ul><\/li><\/ul><\/li><\/ul><\/li><\/ul><\/li><\/ul>\n\n\n\n<p class=\"wp-block-paragraph\">En cons\u00e9quence, la plong\u00e9e sous toutes ses formes (scaphandre, recycleur, apn\u00e9e, randonn\u00e9e subaquatique) n&rsquo;est pas class\u00e9e en activit\u00e9 aquatique ou nautique mais en \u00ab\u00a0pratique de la plong\u00e9e subaquatique\u00a0\u00bb.<\/p>\n\n\n\n<p class=\"wp-block-paragraph\">Le terme \u00ab\u00a0subaquatique\u00a0\u00bb en lieu et place de \u00ab\u00a0sous-marine\u00a0\u00bb signifie que cela concerne aussi bien la pratique en eau sal\u00e9 (mer, \u00e9tangs, &#8230;) qu&rsquo;en eau douce (lacs, rivi\u00e8res, carri\u00e8res, piscines, fosses, &#8230;).<\/p>\n\n\n\n<figure class=\"wp-block-image alignleft size-large is-resized is-style-default\"><img decoding=\"async\" src=\"https:\/\/www.plongee-plaisir.com\/fr\/wp-content\/uploads\/2021\/02\/carre.jpg\" alt=\"\" class=\"wp-image-48240\" width=\"30\" srcset=\"https:\/\/www.plongee-plaisir.com\/fr\/wp-content\/uploads\/2021\/02\/carre.jpg 102w, https:\/\/www.plongee-plaisir.com\/fr\/wp-content\/uploads\/2021\/02\/carre-100x100.jpg 100w\" sizes=\"(max-width: 102px) 100vw, 102px\" \/><\/figure>\n<style class=\"advgb-styles-renderer\">.wp-block-kadence-spacer.kt-block-spacer-_72b3a8-64 .kt-block-spacer{height:17px;}.wp-block-kadence-spacer.kt-block-spacer-_72b3a8-64 .kt-divider{border-top-width:10px;border-top-color:#abb8c3;width:100%;border-top-style:solid;}<\/style>","protected":false},"excerpt":{"rendered":"<p>FICHES INFO&nbsp;&gt; R\u00c9GLEMENTATION Activit\u00e9s nautiques et subaquatiques Nous sommes confront\u00e9s, en mati\u00e8re de d\u00e9finition des activit\u00e9s aquatiques, nautiques et subaquatiques, \u00e0 des d\u00e9finitions diff\u00e9rentes, selon que l&rsquo;on consid\u00e8re celles donn\u00e9es par des dictionnaires et celle d\u00e9finie par la r\u00e9glementation. \u00c9videmment, dans le cadre de discussions avec l&rsquo;Administration (Pr\u00e9fectures, Administration en charge des sports, Douanes, &#8230;), [&hellip;]<\/p>\n","protected":false},"author":4,"featured_media":0,"parent":0,"menu_order":0,"comment_status":"closed","ping_status":"closed","template":"","meta":{"_crdt_document":"","_uag_custom_page_level_css":"","advgb_blocks_editor_width":"","advgb_blocks_columns_visual_guide":"","_genesis_hide_title":true,"_genesis_hide_breadcrumbs":false,"_genesis_hide_singular_image":false,"_genesis_hide_footer_widgets":false,"_genesis_custom_body_class":"","_genesis_custom_post_class":"","_genesis_layout":"content-sidebar","_vp_format_video_url":"","_vp_image_focal_point":[],"footnotes":""},"class_list":{"0":"post-55926","1":"page","2":"type-page","3":"status-publish","5":"entry"},"yoast_head":"<!-- This site is optimized with the Yoast SEO plugin v27.4 - https:\/\/yoast.com\/product\/yoast-seo-wordpress\/ -->\n<title>Activit\u00e9s nautiques et subaquatiques - Plong\u00e9e Plaisir, site officiel<\/title>\n<meta name=\"robots\" content=\"index, follow, max-snippet:-1, max-image-preview:large, max-video-preview:-1\" \/>\n<link rel=\"canonical\" href=\"https:\/\/www.plongee-plaisir.com\/fr\/activites-nautiques-et-subaquatiques\/\" \/>\n<meta property=\"og:locale\" content=\"fr_FR\" \/>\n<meta property=\"og:type\" content=\"article\" \/>\n<meta property=\"og:title\" content=\"Activit\u00e9s nautiques et subaquatiques - Plong\u00e9e Plaisir, site officiel\" \/>\n<meta property=\"og:description\" content=\"FICHES INFO&nbsp;&gt; R\u00c9GLEMENTATION Activit\u00e9s nautiques et subaquatiques Nous sommes confront\u00e9s, en mati\u00e8re de d\u00e9finition des activit\u00e9s aquatiques, nautiques et subaquatiques, \u00e0 des d\u00e9finitions diff\u00e9rentes, selon que l&rsquo;on consid\u00e8re celles donn\u00e9es par des dictionnaires et celle d\u00e9finie par la r\u00e9glementation. \u00c9videmment, dans le cadre de discussions avec l&rsquo;Administration (Pr\u00e9fectures, Administration en charge des sports, Douanes, &#8230;), [&hellip;]\" \/>\n<meta property=\"og:url\" content=\"https:\/\/www.plongee-plaisir.com\/fr\/activites-nautiques-et-subaquatiques\/\" \/>\n<meta property=\"og:site_name\" content=\"Plong\u00e9e Plaisir, site officiel\" \/>\n<meta property=\"article:modified_time\" content=\"2022-06-18T12:11:39+00:00\" \/>\n<meta property=\"og:image\" content=\"https:\/\/www.plongee-plaisir.com\/fr\/wp-content\/uploads\/2022\/06\/IMG_6542-scaled-edited.jpg\" \/>\n<meta name=\"twitter:card\" content=\"summary_large_image\" \/>\n<meta name=\"twitter:label1\" content=\"Dur\u00e9e de lecture estim\u00e9e\" \/>\n\t<meta name=\"twitter:data1\" content=\"2 minutes\" \/>\n<script type=\"application\/ld+json\" class=\"yoast-schema-graph\">{\"@context\":\"https:\\\/\\\/schema.org\",\"@graph\":[{\"@type\":\"WebPage\",\"@id\":\"https:\\\/\\\/www.plongee-plaisir.com\\\/fr\\\/activites-nautiques-et-subaquatiques\\\/\",\"url\":\"https:\\\/\\\/www.plongee-plaisir.com\\\/fr\\\/activites-nautiques-et-subaquatiques\\\/\",\"name\":\"Activit\u00e9s nautiques et subaquatiques - Plong\u00e9e Plaisir, site officiel\",\"isPartOf\":{\"@id\":\"https:\\\/\\\/www.plongee-plaisir.com\\\/fr\\\/#website\"},\"primaryImageOfPage\":{\"@id\":\"https:\\\/\\\/www.plongee-plaisir.com\\\/fr\\\/activites-nautiques-et-subaquatiques\\\/#primaryimage\"},\"image\":{\"@id\":\"https:\\\/\\\/www.plongee-plaisir.com\\\/fr\\\/activites-nautiques-et-subaquatiques\\\/#primaryimage\"},\"thumbnailUrl\":\"https:\\\/\\\/www.plongee-plaisir.com\\\/fr\\\/wp-content\\\/uploads\\\/2022\\\/06\\\/IMG_6542-scaled-edited.jpg\",\"datePublished\":\"2022-06-18T09:47:50+00:00\",\"dateModified\":\"2022-06-18T12:11:39+00:00\",\"breadcrumb\":{\"@id\":\"https:\\\/\\\/www.plongee-plaisir.com\\\/fr\\\/activites-nautiques-et-subaquatiques\\\/#breadcrumb\"},\"inLanguage\":\"fr-FR\",\"potentialAction\":[{\"@type\":\"ReadAction\",\"target\":[\"https:\\\/\\\/www.plongee-plaisir.com\\\/fr\\\/activites-nautiques-et-subaquatiques\\\/\"]}]},{\"@type\":\"ImageObject\",\"inLanguage\":\"fr-FR\",\"@id\":\"https:\\\/\\\/www.plongee-plaisir.com\\\/fr\\\/activites-nautiques-et-subaquatiques\\\/#primaryimage\",\"url\":\"https:\\\/\\\/www.plongee-plaisir.com\\\/fr\\\/wp-content\\\/uploads\\\/2022\\\/06\\\/IMG_6542-scaled-edited.jpg\",\"contentUrl\":\"https:\\\/\\\/www.plongee-plaisir.com\\\/fr\\\/wp-content\\\/uploads\\\/2022\\\/06\\\/IMG_6542-scaled-edited.jpg\",\"width\":2560,\"height\":1440},{\"@type\":\"BreadcrumbList\",\"@id\":\"https:\\\/\\\/www.plongee-plaisir.com\\\/fr\\\/activites-nautiques-et-subaquatiques\\\/#breadcrumb\",\"itemListElement\":[{\"@type\":\"ListItem\",\"position\":1,\"name\":\"Accueil\",\"item\":\"https:\\\/\\\/www.plongee-plaisir.com\\\/fr\\\/\"},{\"@type\":\"ListItem\",\"position\":2,\"name\":\"Activit\u00e9s nautiques et subaquatiques\"}]},{\"@type\":\"WebSite\",\"@id\":\"https:\\\/\\\/www.plongee-plaisir.com\\\/fr\\\/#website\",\"url\":\"https:\\\/\\\/www.plongee-plaisir.com\\\/fr\\\/\",\"name\":\"Plong\u00e9e Plaisir, site officiel\",\"description\":\"Apprendre \u00e0 plonger - Learning to dive\",\"potentialAction\":[{\"@type\":\"SearchAction\",\"target\":{\"@type\":\"EntryPoint\",\"urlTemplate\":\"https:\\\/\\\/www.plongee-plaisir.com\\\/fr\\\/?s={search_term_string}\"},\"query-input\":{\"@type\":\"PropertyValueSpecification\",\"valueRequired\":true,\"valueName\":\"search_term_string\"}}],\"inLanguage\":\"fr-FR\"}]}<\/script>\n<!-- \/ Yoast SEO plugin. -->","yoast_head_json":{"title":"Activit\u00e9s nautiques et subaquatiques - Plong\u00e9e Plaisir, site officiel","robots":{"index":"index","follow":"follow","max-snippet":"max-snippet:-1","max-image-preview":"max-image-preview:large","max-video-preview":"max-video-preview:-1"},"canonical":"https:\/\/www.plongee-plaisir.com\/fr\/activites-nautiques-et-subaquatiques\/","og_locale":"fr_FR","og_type":"article","og_title":"Activit\u00e9s nautiques et subaquatiques - Plong\u00e9e Plaisir, site officiel","og_description":"FICHES INFO&nbsp;&gt; R\u00c9GLEMENTATION Activit\u00e9s nautiques et subaquatiques Nous sommes confront\u00e9s, en mati\u00e8re de d\u00e9finition des activit\u00e9s aquatiques, nautiques et subaquatiques, \u00e0 des d\u00e9finitions diff\u00e9rentes, selon que l&rsquo;on consid\u00e8re celles donn\u00e9es par des dictionnaires et celle d\u00e9finie par la r\u00e9glementation. \u00c9videmment, dans le cadre de discussions avec l&rsquo;Administration (Pr\u00e9fectures, Administration en charge des sports, Douanes, &#8230;), [&hellip;]","og_url":"https:\/\/www.plongee-plaisir.com\/fr\/activites-nautiques-et-subaquatiques\/","og_site_name":"Plong\u00e9e Plaisir, site officiel","article_modified_time":"2022-06-18T12:11:39+00:00","og_image":[{"url":"https:\/\/www.plongee-plaisir.com\/fr\/wp-content\/uploads\/2022\/06\/IMG_6542-scaled-edited.jpg","type":"","width":"","height":""}],"twitter_card":"summary_large_image","twitter_misc":{"Dur\u00e9e de lecture estim\u00e9e":"2 minutes"},"schema":{"@context":"https:\/\/schema.org","@graph":[{"@type":"WebPage","@id":"https:\/\/www.plongee-plaisir.com\/fr\/activites-nautiques-et-subaquatiques\/","url":"https:\/\/www.plongee-plaisir.com\/fr\/activites-nautiques-et-subaquatiques\/","name":"Activit\u00e9s nautiques et subaquatiques - Plong\u00e9e Plaisir, site officiel","isPartOf":{"@id":"https:\/\/www.plongee-plaisir.com\/fr\/#website"},"primaryImageOfPage":{"@id":"https:\/\/www.plongee-plaisir.com\/fr\/activites-nautiques-et-subaquatiques\/#primaryimage"},"image":{"@id":"https:\/\/www.plongee-plaisir.com\/fr\/activites-nautiques-et-subaquatiques\/#primaryimage"},"thumbnailUrl":"https:\/\/www.plongee-plaisir.com\/fr\/wp-content\/uploads\/2022\/06\/IMG_6542-scaled-edited.jpg","datePublished":"2022-06-18T09:47:50+00:00","dateModified":"2022-06-18T12:11:39+00:00","breadcrumb":{"@id":"https:\/\/www.plongee-plaisir.com\/fr\/activites-nautiques-et-subaquatiques\/#breadcrumb"},"inLanguage":"fr-FR","potentialAction":[{"@type":"ReadAction","target":["https:\/\/www.plongee-plaisir.com\/fr\/activites-nautiques-et-subaquatiques\/"]}]},{"@type":"ImageObject","inLanguage":"fr-FR","@id":"https:\/\/www.plongee-plaisir.com\/fr\/activites-nautiques-et-subaquatiques\/#primaryimage","url":"https:\/\/www.plongee-plaisir.com\/fr\/wp-content\/uploads\/2022\/06\/IMG_6542-scaled-edited.jpg","contentUrl":"https:\/\/www.plongee-plaisir.com\/fr\/wp-content\/uploads\/2022\/06\/IMG_6542-scaled-edited.jpg","width":2560,"height":1440},{"@type":"BreadcrumbList","@id":"https:\/\/www.plongee-plaisir.com\/fr\/activites-nautiques-et-subaquatiques\/#breadcrumb","itemListElement":[{"@type":"ListItem","position":1,"name":"Accueil","item":"https:\/\/www.plongee-plaisir.com\/fr\/"},{"@type":"ListItem","position":2,"name":"Activit\u00e9s nautiques et subaquatiques"}]},{"@type":"WebSite","@id":"https:\/\/www.plongee-plaisir.com\/fr\/#website","url":"https:\/\/www.plongee-plaisir.com\/fr\/","name":"Plong\u00e9e Plaisir, site officiel","description":"Apprendre \u00e0 plonger - Learning to dive","potentialAction":[{"@type":"SearchAction","target":{"@type":"EntryPoint","urlTemplate":"https:\/\/www.plongee-plaisir.com\/fr\/?s={search_term_string}"},"query-input":{"@type":"PropertyValueSpecification","valueRequired":true,"valueName":"search_term_string"}}],"inLanguage":"fr-FR"}]}},"featured_image_src":null,"featured_image_src_square":null,"uagb_featured_image_src":{"full":false,"thumbnail":false,"medium":false,"medium_large":false,"large":false,"1536x1536":false,"2048x2048":false,"featured-content":false,"author-pro-image":false,"tb-timeline-landscape":false,"tb-timeline-square":false,"ultp_layout_landscape_large":false,"ultp_layout_landscape":false,"ultp_layout_portrait":false,"ultp_layout_square":false,"vp_sm":false,"vp_md":false,"vp_lg":false,"vp_xl":false,"vp_sm_popup":false,"vp_md_popup":false,"vp_xl_popup":false,"gb-block-post-grid-landscape":false,"gb-block-post-grid-square":false,"woocommerce_thumbnail":false,"woocommerce_single":false,"woocommerce_gallery_thumbnail":false,"web-stories-poster-portrait":false,"web-stories-publisher-logo":false,"web-stories-thumbnail":false,"sow-carousel-default":false},"uagb_author_info":{"display_name":"Alain Foret","author_link":"https:\/\/www.plongee-plaisir.com\/fr\/author\/plongeeplaisir\/"},"uagb_comment_info":0,"uagb_excerpt":"FICHES INFO&nbsp;&gt; R\u00c9GLEMENTATION Activit\u00e9s nautiques et subaquatiques Nous sommes confront\u00e9s, en mati\u00e8re de d\u00e9finition des activit\u00e9s aquatiques, nautiques et subaquatiques, \u00e0 des d\u00e9finitions diff\u00e9rentes, selon que l&rsquo;on consid\u00e8re celles donn\u00e9es par des dictionnaires et celle d\u00e9finie par la r\u00e9glementation. \u00c9videmment, dans le cadre de discussions avec l&rsquo;Administration (Pr\u00e9fectures, Administration en charge des sports, Douanes, &#8230;),\u2026","coauthors":[],"author_meta":{"author_link":"https:\/\/www.plongee-plaisir.com\/fr\/author\/plongeeplaisir\/","display_name":"Alain Foret"},"relative_dates":{"created":"Publi\u00e9 4 ans il y a","modified":"Mis \u00e0 jour 4 ans il y a"},"absolute_dates":{"created":"Publi\u00e9 le 18 juin 2022","modified":"Mise \u00e0 jour le 18 juin 2022"},"absolute_dates_time":{"created":"Publi\u00e9 le 18 juin 2022 11 h 47 min","modified":"Mise \u00e0 jour le 18 juin 2022 14 h 11 min"},"featured_img_caption":"","featured_img":false,"series_order":"","amp_enabled":true,"_links":{"self":[{"href":"https:\/\/www.plongee-plaisir.com\/fr\/wp-json\/wp\/v2\/pages\/55926","targetHints":{"allow":["GET"]}}],"collection":[{"href":"https:\/\/www.plongee-plaisir.com\/fr\/wp-json\/wp\/v2\/pages"}],"about":[{"href":"https:\/\/www.plongee-plaisir.com\/fr\/wp-json\/wp\/v2\/types\/page"}],"author":[{"embeddable":true,"href":"https:\/\/www.plongee-plaisir.com\/fr\/wp-json\/wp\/v2\/users\/4"}],"replies":[{"embeddable":true,"href":"https:\/\/www.plongee-plaisir.com\/fr\/wp-json\/wp\/v2\/comments?post=55926"}],"version-history":[{"count":0,"href":"https:\/\/www.plongee-plaisir.com\/fr\/wp-json\/wp\/v2\/pages\/55926\/revisions"}],"wp:attachment":[{"href":"https:\/\/www.plongee-plaisir.com\/fr\/wp-json\/wp\/v2\/media?parent=55926"}],"curies":[{"name":"wp","href":"https:\/\/api.w.org\/{rel}","templated":true}]}}