{"id":57016,"date":"2023-01-01T18:52:01","date_gmt":"2023-01-01T17:52:01","guid":{"rendered":"https:\/\/www.plongee-plaisir.com\/fr\/?page_id=57016"},"modified":"2023-01-04T12:53:19","modified_gmt":"2023-01-04T11:53:19","slug":"worldivers-publications","status":"publish","type":"page","link":"https:\/\/www.plongee-plaisir.com\/fr\/worldivers-publications\/","title":{"rendered":"Worldivers"},"content":{"rendered":"\n<figure class=\"wp-block-image aligncenter size-large is-resized\"><img decoding=\"async\" src=\"https:\/\/www.plongee-plaisir.com\/fr\/wp-content\/uploads\/2023\/01\/logo-worldivers-2022-research-center-1024x210.jpg\" alt=\"\" class=\"wp-image-57017\" width=\"392\" height=\"80\" srcset=\"https:\/\/www.plongee-plaisir.com\/fr\/wp-content\/uploads\/2023\/01\/logo-worldivers-2022-research-center-1024x210.jpg 1024w, https:\/\/www.plongee-plaisir.com\/fr\/wp-content\/uploads\/2023\/01\/logo-worldivers-2022-research-center-300x62.jpg 300w, https:\/\/www.plongee-plaisir.com\/fr\/wp-content\/uploads\/2023\/01\/logo-worldivers-2022-research-center-768x158.jpg 768w, https:\/\/www.plongee-plaisir.com\/fr\/wp-content\/uploads\/2023\/01\/logo-worldivers-2022-research-center-1536x315.jpg 1536w, https:\/\/www.plongee-plaisir.com\/fr\/wp-content\/uploads\/2023\/01\/logo-worldivers-2022-research-center-2048x421.jpg 2048w, https:\/\/www.plongee-plaisir.com\/fr\/wp-content\/uploads\/2023\/01\/logo-worldivers-2022-research-center-500x103.jpg 500w, https:\/\/www.plongee-plaisir.com\/fr\/wp-content\/uploads\/2023\/01\/logo-worldivers-2022-research-center-800x164.jpg 800w, https:\/\/www.plongee-plaisir.com\/fr\/wp-content\/uploads\/2023\/01\/logo-worldivers-2022-research-center-1280x263.jpg 1280w, https:\/\/www.plongee-plaisir.com\/fr\/wp-content\/uploads\/2023\/01\/logo-worldivers-2022-research-center-1920x394.jpg 1920w, https:\/\/www.plongee-plaisir.com\/fr\/wp-content\/uploads\/2023\/01\/logo-worldivers-2022-research-center-600x123.jpg 600w, https:\/\/www.plongee-plaisir.com\/fr\/wp-content\/uploads\/2023\/01\/logo-worldivers-2022-research-center-190x39.jpg 190w, https:\/\/www.plongee-plaisir.com\/fr\/wp-content\/uploads\/2023\/01\/logo-worldivers-2022-research-center-438x90.jpg 438w\" sizes=\"(max-width: 392px) 100vw, 392px\" \/><\/figure>\n\n\n\n<div class=\"wp-block-media-text alignwide is-stacked-on-mobile\"><figure class=\"wp-block-media-text__media\"><img decoding=\"async\" width=\"996\" height=\"1330\" src=\"https:\/\/www.plongee-plaisir.com\/fr\/wp-content\/uploads\/2023\/01\/Capture-decran-2023-01-01-a-18.50.48.png\" alt=\"\" class=\"wp-image-57018 size-full\" srcset=\"https:\/\/www.plongee-plaisir.com\/fr\/wp-content\/uploads\/2023\/01\/Capture-decran-2023-01-01-a-18.50.48.png 996w, https:\/\/www.plongee-plaisir.com\/fr\/wp-content\/uploads\/2023\/01\/Capture-decran-2023-01-01-a-18.50.48-225x300.png 225w, https:\/\/www.plongee-plaisir.com\/fr\/wp-content\/uploads\/2023\/01\/Capture-decran-2023-01-01-a-18.50.48-768x1026.png 768w, https:\/\/www.plongee-plaisir.com\/fr\/wp-content\/uploads\/2023\/01\/Capture-decran-2023-01-01-a-18.50.48-500x668.png 500w, https:\/\/www.plongee-plaisir.com\/fr\/wp-content\/uploads\/2023\/01\/Capture-decran-2023-01-01-a-18.50.48-800x1068.png 800w, https:\/\/www.plongee-plaisir.com\/fr\/wp-content\/uploads\/2023\/01\/Capture-decran-2023-01-01-a-18.50.48-300x401.png 300w, https:\/\/www.plongee-plaisir.com\/fr\/wp-content\/uploads\/2023\/01\/Capture-decran-2023-01-01-a-18.50.48-600x801.png 600w, https:\/\/www.plongee-plaisir.com\/fr\/wp-content\/uploads\/2023\/01\/Capture-decran-2023-01-01-a-18.50.48-67x90.png 67w\" sizes=\"(max-width: 996px) 100vw, 996px\" \/><\/figure><div class=\"wp-block-media-text__content\">\n<p class=\"wp-block-paragraph\"><strong>Titre de la publication<\/strong> : Mod\u00e9lisation haldanienne de la d\u00e9saturation : principes de calcul, demi-vie, Sc, M-Values et facteurs de gradient (GF).<\/p>\n\n\n\n<p class=\"wp-block-paragraph\"><strong>Auteur<\/strong> : Alain Foret<\/p>\n\n\n\n<p class=\"wp-block-paragraph\"><strong>Pages <\/strong>: 19<\/p>\n\n\n\n<p class=\"wp-block-paragraph\"><strong>Format<\/strong> : pdf<\/p>\n\n\n\n<p class=\"wp-block-paragraph\"><strong>Taille<\/strong> : environ 1 Mo<\/p>\n\n\n\n<p class=\"wp-block-paragraph\"><strong>Date de publication<\/strong> : 01\/01\/2023<\/p>\n\n\n\n<p class=\"wp-block-paragraph\"><strong>Mise \u00e0 jour <\/strong>: 04\/01\/2023<\/p>\n\n\n\n<p class=\"wp-block-paragraph\"><strong>R\u00e9sum\u00e9<\/strong> : Cette publication pr\u00e9sente le mod\u00e8le de Haldane, en vigueur dans quasiment 100% des ordinateurs de plong\u00e9e via les jeux de param\u00e8tres B\u00fchlmann ou RGBM (souvent improprement appel\u00e9s \u00ab mod\u00e8le&nbsp;\u00bb). Apr\u00e8s une pr\u00e9sentation historique des travaux de Haldane, elle aborde le calcul du niveau de saturation (demi-vie, \u00e9quation de Haldane, \u00e9quation de Schreiner) et celui des conditions de la remont\u00e9e (seuil critique, M-Values, facteurs de gradient). En particulier, elle d\u00e9montre que l\u2019\u00e9quation de la remont\u00e9e via les seuils critiques est la m\u00eame que celle des M-Values de Workman, qui a l\u2019avantage de faire appara\u00eetre deux variables au lieu d\u2019une, ce qui en fait tout l\u2019int\u00e9r\u00eat. En utilisant le facteur Q (PrT index), nous avons pu \u00e9galement mesurer l\u2019incidence des M-Values en fonction de la s\u00e9v\u00e9rit\u00e9 de la d\u00e9saturation. Les facteurs de gradient (GF), une astuce de calcul consistant \u00e0 diminuer les M-Values, sont pr\u00e9sent\u00e9s \u00e0 la suite.<\/p>\n\n\n\n<hr class=\"wp-block-separator has-alpha-channel-opacity\"\/>\n\n\n\n<div class=\"wp-block-buttons is-layout-flex wp-block-buttons-is-layout-flex\">\n<div class=\"wp-block-button is-style-fill\"><a class=\"wp-block-button__link has-very-light-gray-color has-vivid-red-background-color has-text-color has-background wp-element-button\" href=\"https:\/\/www.plongee-plaisir.com\/fr\/download\/57026\/?tmstv=1672596128\" target=\"_blank\" rel=\"noreferrer noopener\">T\u00e9l\u00e9charger la publication<\/a><\/div>\n<\/div>\n<\/div><\/div>\n","protected":false},"excerpt":{"rendered":"","protected":false},"author":4,"featured_media":0,"parent":0,"menu_order":0,"comment_status":"closed","ping_status":"closed","template":"","meta":{"_crdt_document":"","_uag_custom_page_level_css":"","advgb_blocks_editor_width":"","advgb_blocks_columns_visual_guide":"","_genesis_hide_title":true,"_genesis_hide_breadcrumbs":false,"_genesis_hide_singular_image":false,"_genesis_hide_footer_widgets":false,"_genesis_custom_body_class":"","_genesis_custom_post_class":"","_genesis_layout":"","_vp_format_video_url":"","_vp_image_focal_point":[],"footnotes":""},"class_list":{"0":"post-57016","1":"page","2":"type-page","3":"status-publish","5":"entry"},"yoast_head":"<!-- This site is optimized with the Yoast SEO plugin v27.5 - https:\/\/yoast.com\/product\/yoast-seo-wordpress\/ -->\n<title>Worldivers - Plong\u00e9e Plaisir, site officiel<\/title>\n<meta name=\"robots\" content=\"index, follow, max-snippet:-1, max-image-preview:large, max-video-preview:-1\" \/>\n<link rel=\"canonical\" href=\"https:\/\/www.plongee-plaisir.com\/fr\/worldivers-publications\/\" \/>\n<meta property=\"og:locale\" content=\"fr_FR\" \/>\n<meta property=\"og:type\" content=\"article\" \/>\n<meta property=\"og:title\" content=\"Worldivers - Plong\u00e9e Plaisir, site officiel\" \/>\n<meta property=\"og:url\" content=\"https:\/\/www.plongee-plaisir.com\/fr\/worldivers-publications\/\" \/>\n<meta property=\"og:site_name\" content=\"Plong\u00e9e Plaisir, site officiel\" \/>\n<meta property=\"article:modified_time\" content=\"2023-01-04T11:53:19+00:00\" \/>\n<meta property=\"og:image\" content=\"https:\/\/www.plongee-plaisir.com\/fr\/wp-content\/uploads\/2023\/01\/logo-worldivers-2022-research-center-1024x210.jpg\" \/>\n<meta name=\"twitter:card\" content=\"summary_large_image\" \/>\n<meta name=\"twitter:label1\" content=\"Dur\u00e9e de lecture estim\u00e9e\" \/>\n\t<meta name=\"twitter:data1\" content=\"2 minutes\" \/>\n<script type=\"application\/ld+json\" class=\"yoast-schema-graph\">{\"@context\":\"https:\\\/\\\/schema.org\",\"@graph\":[{\"@type\":\"WebPage\",\"@id\":\"https:\\\/\\\/www.plongee-plaisir.com\\\/fr\\\/worldivers-publications\\\/\",\"url\":\"https:\\\/\\\/www.plongee-plaisir.com\\\/fr\\\/worldivers-publications\\\/\",\"name\":\"Worldivers - Plong\u00e9e Plaisir, site officiel\",\"isPartOf\":{\"@id\":\"https:\\\/\\\/www.plongee-plaisir.com\\\/fr\\\/#website\"},\"primaryImageOfPage\":{\"@id\":\"https:\\\/\\\/www.plongee-plaisir.com\\\/fr\\\/worldivers-publications\\\/#primaryimage\"},\"image\":{\"@id\":\"https:\\\/\\\/www.plongee-plaisir.com\\\/fr\\\/worldivers-publications\\\/#primaryimage\"},\"thumbnailUrl\":\"https:\\\/\\\/www.plongee-plaisir.com\\\/fr\\\/wp-content\\\/uploads\\\/2023\\\/01\\\/logo-worldivers-2022-research-center-1024x210.jpg\",\"datePublished\":\"2023-01-01T17:52:01+00:00\",\"dateModified\":\"2023-01-04T11:53:19+00:00\",\"breadcrumb\":{\"@id\":\"https:\\\/\\\/www.plongee-plaisir.com\\\/fr\\\/worldivers-publications\\\/#breadcrumb\"},\"inLanguage\":\"fr-FR\",\"potentialAction\":[{\"@type\":\"ReadAction\",\"target\":[\"https:\\\/\\\/www.plongee-plaisir.com\\\/fr\\\/worldivers-publications\\\/\"]}]},{\"@type\":\"ImageObject\",\"inLanguage\":\"fr-FR\",\"@id\":\"https:\\\/\\\/www.plongee-plaisir.com\\\/fr\\\/worldivers-publications\\\/#primaryimage\",\"url\":\"https:\\\/\\\/www.plongee-plaisir.com\\\/fr\\\/wp-content\\\/uploads\\\/2023\\\/01\\\/logo-worldivers-2022-research-center-scaled.jpg\",\"contentUrl\":\"https:\\\/\\\/www.plongee-plaisir.com\\\/fr\\\/wp-content\\\/uploads\\\/2023\\\/01\\\/logo-worldivers-2022-research-center-scaled.jpg\",\"width\":2560,\"height\":526},{\"@type\":\"BreadcrumbList\",\"@id\":\"https:\\\/\\\/www.plongee-plaisir.com\\\/fr\\\/worldivers-publications\\\/#breadcrumb\",\"itemListElement\":[{\"@type\":\"ListItem\",\"position\":1,\"name\":\"Accueil\",\"item\":\"https:\\\/\\\/www.plongee-plaisir.com\\\/fr\\\/\"},{\"@type\":\"ListItem\",\"position\":2,\"name\":\"Worldivers\"}]},{\"@type\":\"WebSite\",\"@id\":\"https:\\\/\\\/www.plongee-plaisir.com\\\/fr\\\/#website\",\"url\":\"https:\\\/\\\/www.plongee-plaisir.com\\\/fr\\\/\",\"name\":\"Plong\u00e9e Plaisir, site officiel\",\"description\":\"Apprendre \u00e0 plonger - Learning to dive\",\"potentialAction\":[{\"@type\":\"SearchAction\",\"target\":{\"@type\":\"EntryPoint\",\"urlTemplate\":\"https:\\\/\\\/www.plongee-plaisir.com\\\/fr\\\/?s={search_term_string}\"},\"query-input\":{\"@type\":\"PropertyValueSpecification\",\"valueRequired\":true,\"valueName\":\"search_term_string\"}}],\"inLanguage\":\"fr-FR\"}]}<\/script>\n<!-- \/ Yoast SEO plugin. -->","yoast_head_json":{"title":"Worldivers - Plong\u00e9e Plaisir, site officiel","robots":{"index":"index","follow":"follow","max-snippet":"max-snippet:-1","max-image-preview":"max-image-preview:large","max-video-preview":"max-video-preview:-1"},"canonical":"https:\/\/www.plongee-plaisir.com\/fr\/worldivers-publications\/","og_locale":"fr_FR","og_type":"article","og_title":"Worldivers - Plong\u00e9e Plaisir, site officiel","og_url":"https:\/\/www.plongee-plaisir.com\/fr\/worldivers-publications\/","og_site_name":"Plong\u00e9e Plaisir, site officiel","article_modified_time":"2023-01-04T11:53:19+00:00","og_image":[{"url":"https:\/\/www.plongee-plaisir.com\/fr\/wp-content\/uploads\/2023\/01\/logo-worldivers-2022-research-center-1024x210.jpg","type":"","width":"","height":""}],"twitter_card":"summary_large_image","twitter_misc":{"Dur\u00e9e de lecture estim\u00e9e":"2 minutes"},"schema":{"@context":"https:\/\/schema.org","@graph":[{"@type":"WebPage","@id":"https:\/\/www.plongee-plaisir.com\/fr\/worldivers-publications\/","url":"https:\/\/www.plongee-plaisir.com\/fr\/worldivers-publications\/","name":"Worldivers - Plong\u00e9e Plaisir, site officiel","isPartOf":{"@id":"https:\/\/www.plongee-plaisir.com\/fr\/#website"},"primaryImageOfPage":{"@id":"https:\/\/www.plongee-plaisir.com\/fr\/worldivers-publications\/#primaryimage"},"image":{"@id":"https:\/\/www.plongee-plaisir.com\/fr\/worldivers-publications\/#primaryimage"},"thumbnailUrl":"https:\/\/www.plongee-plaisir.com\/fr\/wp-content\/uploads\/2023\/01\/logo-worldivers-2022-research-center-1024x210.jpg","datePublished":"2023-01-01T17:52:01+00:00","dateModified":"2023-01-04T11:53:19+00:00","breadcrumb":{"@id":"https:\/\/www.plongee-plaisir.com\/fr\/worldivers-publications\/#breadcrumb"},"inLanguage":"fr-FR","potentialAction":[{"@type":"ReadAction","target":["https:\/\/www.plongee-plaisir.com\/fr\/worldivers-publications\/"]}]},{"@type":"ImageObject","inLanguage":"fr-FR","@id":"https:\/\/www.plongee-plaisir.com\/fr\/worldivers-publications\/#primaryimage","url":"https:\/\/www.plongee-plaisir.com\/fr\/wp-content\/uploads\/2023\/01\/logo-worldivers-2022-research-center-scaled.jpg","contentUrl":"https:\/\/www.plongee-plaisir.com\/fr\/wp-content\/uploads\/2023\/01\/logo-worldivers-2022-research-center-scaled.jpg","width":2560,"height":526},{"@type":"BreadcrumbList","@id":"https:\/\/www.plongee-plaisir.com\/fr\/worldivers-publications\/#breadcrumb","itemListElement":[{"@type":"ListItem","position":1,"name":"Accueil","item":"https:\/\/www.plongee-plaisir.com\/fr\/"},{"@type":"ListItem","position":2,"name":"Worldivers"}]},{"@type":"WebSite","@id":"https:\/\/www.plongee-plaisir.com\/fr\/#website","url":"https:\/\/www.plongee-plaisir.com\/fr\/","name":"Plong\u00e9e Plaisir, site officiel","description":"Apprendre \u00e0 plonger - Learning to dive","potentialAction":[{"@type":"SearchAction","target":{"@type":"EntryPoint","urlTemplate":"https:\/\/www.plongee-plaisir.com\/fr\/?s={search_term_string}"},"query-input":{"@type":"PropertyValueSpecification","valueRequired":true,"valueName":"search_term_string"}}],"inLanguage":"fr-FR"}]}},"featured_image_src":null,"featured_image_src_square":null,"uagb_featured_image_src":{"full":false,"thumbnail":false,"medium":false,"medium_large":false,"large":false,"1536x1536":false,"2048x2048":false,"featured-content":false,"author-pro-image":false,"tb-timeline-landscape":false,"tb-timeline-square":false,"ultp_layout_landscape_large":false,"ultp_layout_landscape":false,"ultp_layout_portrait":false,"ultp_layout_square":false,"vp_sm":false,"vp_md":false,"vp_lg":false,"vp_xl":false,"vp_sm_popup":false,"vp_md_popup":false,"vp_xl_popup":false,"gb-block-post-grid-landscape":false,"gb-block-post-grid-square":false,"woocommerce_thumbnail":false,"woocommerce_single":false,"woocommerce_gallery_thumbnail":false,"sow-carousel-default":false},"uagb_author_info":{"display_name":"Alain Foret","author_link":"https:\/\/www.plongee-plaisir.com\/fr\/author\/plongeeplaisir\/"},"uagb_comment_info":0,"uagb_excerpt":null,"coauthors":[],"author_meta":{"author_link":"https:\/\/www.plongee-plaisir.com\/fr\/author\/plongeeplaisir\/","display_name":"Alain Foret"},"relative_dates":{"created":"Publi\u00e9 3 ans il y a","modified":"Mis \u00e0 jour 3 ans il y a"},"absolute_dates":{"created":"Publi\u00e9 le 1 janvier 2023","modified":"Mise \u00e0 jour le 4 janvier 2023"},"absolute_dates_time":{"created":"Publi\u00e9 le 1 janvier 2023 18 h 52 min","modified":"Mise \u00e0 jour le 4 janvier 2023 12 h 53 min"},"featured_img_caption":"","featured_img":false,"series_order":"","amp_enabled":true,"_links":{"self":[{"href":"https:\/\/www.plongee-plaisir.com\/fr\/wp-json\/wp\/v2\/pages\/57016","targetHints":{"allow":["GET"]}}],"collection":[{"href":"https:\/\/www.plongee-plaisir.com\/fr\/wp-json\/wp\/v2\/pages"}],"about":[{"href":"https:\/\/www.plongee-plaisir.com\/fr\/wp-json\/wp\/v2\/types\/page"}],"author":[{"embeddable":true,"href":"https:\/\/www.plongee-plaisir.com\/fr\/wp-json\/wp\/v2\/users\/4"}],"replies":[{"embeddable":true,"href":"https:\/\/www.plongee-plaisir.com\/fr\/wp-json\/wp\/v2\/comments?post=57016"}],"version-history":[{"count":0,"href":"https:\/\/www.plongee-plaisir.com\/fr\/wp-json\/wp\/v2\/pages\/57016\/revisions"}],"wp:attachment":[{"href":"https:\/\/www.plongee-plaisir.com\/fr\/wp-json\/wp\/v2\/media?parent=57016"}],"curies":[{"name":"wp","href":"https:\/\/api.w.org\/{rel}","templated":true}]}}