{"id":5761,"date":"2017-05-15T15:20:38","date_gmt":"2017-05-15T13:20:38","guid":{"rendered":"https:\/\/www.plongee-plaisir.com\/fr\/?p=5761"},"modified":"2021-04-04T19:56:01","modified_gmt":"2021-04-04T17:56:01","slug":"calcul-de-majoration-tables-mn90","status":"publish","type":"page","link":"https:\/\/www.plongee-plaisir.com\/fr\/calcul-de-majoration-tables-mn90\/","title":{"rendered":"Calcul de la majoration, tables MN90"},"content":{"rendered":"\n<p class=\"has-text-color has-normal-font-size wp-block-paragraph\" style=\"color:#33b1a6\"><a href=\"https:\/\/www.plongee-plaisir.com\/fr\/fiches-infos\/\">FICHES INFO<\/a> &gt; ENSEIGNER<\/p>\n\n\n\n<div class=\"wp-block-kadence-spacer aligncenter kt-block-spacer-_72b3a8-64\"><div class=\"kt-block-spacer kt-block-spacer-halign-center\" style=\"height:17px\"><hr class=\"kt-divider\" style=\"border-top-color:rgba(51, 177, 166, 1);border-top-width:10px;width:100%;border-top-style:solid\"\/><\/div><\/div>\n\n\n\n<h1 class=\"wp-block-heading\">Calcul de la majoration, tables MN90<\/h1>\n\n\n\n<h2 class=\"wp-block-heading\">Qu&rsquo;est-ce que la majoration dans des tables de plong\u00e9e ?<\/h2>\n\n\n\n<p class=\"wp-block-paragraph\">Les tables ne sont calcul\u00e9es que pour une plong\u00e9e simple au niveau de la mer, c\u2019est-\u00e0-dire sans aucun azote r\u00e9siduel avant de plonger. Dit autrement, l\u2019entr\u00e9e dans les tables doit se faire avec un azote \u00e0 0,8 bar.<\/p>\n\n\n\n<p class=\"wp-block-paragraph\">Lors d\u2019une plong\u00e9e successive, cet azote r\u00e9siduel est, par d\u00e9finition, sup\u00e9rieur \u00e0 0,8 bar.<br>Par exemple 1,02 bar.<\/p>\n\n\n\n<p class=\"wp-block-paragraph\">L\u2019astuce de calcul mise en place dans les tables consiste \u00e0 calculer le temps qu\u2019il faudrait passer \u00e0 une profondeur x pour stocker cet azote suppl\u00e9mentaire (ex. 0,22 bar d\u2019azote : 1,02 \u2013 0,8).<\/p>\n\n\n\n<p class=\"wp-block-paragraph\">Ce temps s\u2019appelle la MAJORATION.<\/p>\n\n\n\n<h2 class=\"wp-block-heading\">Pourquoi la majoration est-elle plus courte lorsque la profondeur augmente ?<\/h2>\n\n\n\n<p class=\"wp-block-paragraph\">Tout simplement parce que plus on plonge profond, plus on sature vite. Si l&rsquo;on reprend l&rsquo;exemple ci-dessus avec 0,22 bar d&rsquo;azote suppl\u00e9mentaire \u00e0 saturer, il faudra plus de temps \u00e0 20 m qu&rsquo;\u00e0 25 m.<\/p>\n\n\n\n<h2 class=\"wp-block-heading\">Pour le calcul de la majoration, pourquoi doit-on prendre la profondeur imm\u00e9diatement sup\u00e9rieure lorsque la profondeur recherch\u00e9e n&rsquo;existe pas ?<\/h2>\n\n\n\n<p class=\"wp-block-paragraph\">Par coh\u00e9rence, car c&rsquo;est la profondeur qui sera utilis\u00e9e pour d\u00e9terminer les paliers. Si je plonge \u00e0 19 m, je vais entrer dans le table \u00e0 la profondeur de 20 m (profondeur lue imm\u00e9diatement sup\u00e9rieure). Et il faut proc\u00e9der de m\u00eame pour le calcul de la majoration et donc prendre, dans le tableau de calcul de la majoration, la profondeur lue imm\u00e9diatement sup\u00e9rieure si la profondeur recherch\u00e9e n&rsquo;existe pas (ex. 20 m pour une plong\u00e9e successive \u00e0 19 m).<\/p>\n\n\n\n<p class=\"wp-block-paragraph\">Si on prenait, pour le calcul de la majoration, la profondeur lue imm\u00e9diatement inf\u00e9rieure lorsque la profondeur recherch\u00e9e n&rsquo;existe pas, ce serait :<\/p>\n\n\n\n<ul class=\"wp-block-list\"><li>inutilement p\u00e9nalisant ;<\/li><li><strong>incoh\u00e9rent<\/strong> :<ul><li>incoh\u00e9rence n\u00b01 : si l&rsquo;on imagine une plong\u00e9e \u00e0 19 m, profondeur n&rsquo;existant pas dans les tables, alors il faudrait prendre 18 m pour calculer la majoration et 20 m pour calculer les paliers ;<\/li><li>incoh\u00e9rence n\u00b02 : si l&rsquo;on imagine une plong\u00e9e \u00e0 20 m, comme la profondeur existe, le calcul de la majoration se ferait \u00e0 20 m et les paliers seraient calcul\u00e9s \u00e0 20 m : parfait. Mais, incoh\u00e9rent par rapport au cas pr\u00e9c\u00e9dent : une plong\u00e9e \u00e0 20 m aboutirait \u00e0 des paliers moindres qu&rsquo;une plong\u00e9e \u00e0 19 m.<\/li><\/ul><\/li><\/ul>\n\n\n\n<h2 class=\"wp-block-heading\">L&rsquo;ancienne proc\u00e9dure des tables GERS 65 ne s&rsquo;applique donc pas (plus)<\/h2>\n\n\n\n<p class=\"wp-block-paragraph\">Il y a plus de 30 ans, avant les tables MN90, on prenait la profondeur inf\u00e9rieure pour le calcul de la majoration car les tables GERS 65 de l\u2019\u00e9poque avaient des incoh\u00e9rences dans les profondeurs. Voir le pdf ci-dessous.<\/p>\n\n\n<a href=\"https:\/\/www.plongee-plaisir.com\/fr\/wp-content\/uploads\/2017\/05\/Tables_MN90_GERS_Majoration.pdf\" class=\"pdfemb-viewer\" style=\"\" data-width=\"max\" data-height=\"max\" data-mobile-width=\"500\"  data-scrollbar=\"none\" data-download=\"on\" data-tracking=\"on\" data-newwindow=\"on\" data-pagetextbox=\"off\" data-scrolltotop=\"off\" data-startzoom=\"100\" data-startfpzoom=\"100\" data-toolbar=\"bottom\" data-toolbar-fixed=\"off\">Tables_MN90_GERS_Majoration<br\/><\/a>\n<p class=\"wp-block-pdfemb-pdf-embedder-viewer\"><\/p>\n\n\n\n<div style=\"height:32px\" aria-hidden=\"true\" class=\"wp-block-spacer\"><\/div>\n\n\n\n<p class=\"wp-block-paragraph\">\u00a9 Extrait des\u00a0<a href=\"https:\/\/www.plongee-plaisir.com\/fr\/livres-plongee\/\">livres Plong\u00e9e Plaisir<\/a>\u00a0par Alain Foret aux Editions GAP.<br>Toute reproduction interdite sur quelque support que ce soit sans accord \u00e9crit de l\u2019\u00e9diteur et de l\u2019auteur.<\/p>\n\n\n\n<div class=\"wp-block-image is-style-default\"><figure class=\"alignleft size-large is-resized\"><img decoding=\"async\" src=\"https:\/\/www.plongee-plaisir.com\/fr\/wp-content\/uploads\/2021\/02\/carre.jpg\" alt=\"\" class=\"wp-image-48240\" width=\"30\" srcset=\"https:\/\/www.plongee-plaisir.com\/fr\/wp-content\/uploads\/2021\/02\/carre.jpg 102w, https:\/\/www.plongee-plaisir.com\/fr\/wp-content\/uploads\/2021\/02\/carre-100x100.jpg 100w\" sizes=\"(max-width: 102px) 100vw, 102px\" \/><\/figure><\/div>\n<style class=\"advgb-styles-renderer\">.wp-block-kadence-spacer.kt-block-spacer-_72b3a8-64 .kt-block-spacer{height:17px;}.wp-block-kadence-spacer.kt-block-spacer-_72b3a8-64 .kt-divider{border-top-width:10px;border-top-color:#33b1a6;width:100%;border-top-style:solid;}<\/style>","protected":false},"excerpt":{"rendered":"<p>FICHES INFO &gt; ENSEIGNER Calcul de la majoration, tables MN90 Qu&rsquo;est-ce que la majoration dans des tables de plong\u00e9e ? Les tables ne sont calcul\u00e9es que pour une plong\u00e9e simple au niveau de la mer, c\u2019est-\u00e0-dire sans aucun azote r\u00e9siduel avant de plonger. Dit autrement, l\u2019entr\u00e9e dans les tables doit se faire avec un azote [&hellip;]<\/p>\n","protected":false},"author":4,"featured_media":6144,"parent":0,"menu_order":0,"comment_status":"open","ping_status":"open","template":"","meta":{"_crdt_document":"","_uag_custom_page_level_css":"","advgb_blocks_editor_width":"","advgb_blocks_columns_visual_guide":"","_genesis_hide_title":true,"_genesis_hide_breadcrumbs":false,"_genesis_hide_singular_image":false,"_genesis_hide_footer_widgets":false,"_genesis_custom_body_class":"","_genesis_custom_post_class":"","_genesis_layout":"content-sidebar","_vp_format_video_url":"","_vp_image_focal_point":[],"footnotes":""},"class_list":{"0":"post-5761","1":"page","2":"type-page","3":"status-publish","4":"has-post-thumbnail","6":"entry"},"yoast_head":"<!-- This site is optimized with the Yoast SEO plugin v27.4 - https:\/\/yoast.com\/product\/yoast-seo-wordpress\/ -->\n<title>Calcul de la majoration, tables MN90 - Plong\u00e9e Plaisir, site officiel<\/title>\n<meta name=\"robots\" content=\"index, follow, max-snippet:-1, max-image-preview:large, max-video-preview:-1\" \/>\n<link rel=\"canonical\" href=\"https:\/\/www.plongee-plaisir.com\/fr\/calcul-de-majoration-tables-mn90\/\" \/>\n<meta property=\"og:locale\" content=\"fr_FR\" \/>\n<meta property=\"og:type\" content=\"article\" \/>\n<meta property=\"og:title\" content=\"Calcul de la majoration, tables MN90 - Plong\u00e9e Plaisir, site officiel\" \/>\n<meta property=\"og:description\" content=\"FICHES INFO &gt; ENSEIGNER Calcul de la majoration, tables MN90 Qu&rsquo;est-ce que la majoration dans des tables de plong\u00e9e ? Les tables ne sont calcul\u00e9es que pour une plong\u00e9e simple au niveau de la mer, c\u2019est-\u00e0-dire sans aucun azote r\u00e9siduel avant de plonger. Dit autrement, l\u2019entr\u00e9e dans les tables doit se faire avec un azote [&hellip;]\" \/>\n<meta property=\"og:url\" content=\"https:\/\/www.plongee-plaisir.com\/fr\/calcul-de-majoration-tables-mn90\/\" \/>\n<meta property=\"og:site_name\" content=\"Plong\u00e9e Plaisir, site officiel\" \/>\n<meta property=\"article:modified_time\" content=\"2021-04-04T17:56:01+00:00\" \/>\n<meta property=\"og:image\" content=\"https:\/\/www.plongee-plaisir.com\/fr\/wp-content\/uploads\/2016\/07\/Fiches-infos2.png\" \/>\n\t<meta property=\"og:image:width\" content=\"1076\" \/>\n\t<meta property=\"og:image:height\" content=\"702\" \/>\n\t<meta property=\"og:image:type\" content=\"image\/png\" \/>\n<meta name=\"twitter:card\" content=\"summary_large_image\" \/>\n<meta name=\"twitter:label1\" content=\"Dur\u00e9e de lecture estim\u00e9e\" \/>\n\t<meta name=\"twitter:data1\" content=\"3 minutes\" \/>\n<script type=\"application\/ld+json\" class=\"yoast-schema-graph\">{\"@context\":\"https:\\\/\\\/schema.org\",\"@graph\":[{\"@type\":\"WebPage\",\"@id\":\"https:\\\/\\\/www.plongee-plaisir.com\\\/fr\\\/calcul-de-majoration-tables-mn90\\\/\",\"url\":\"https:\\\/\\\/www.plongee-plaisir.com\\\/fr\\\/calcul-de-majoration-tables-mn90\\\/\",\"name\":\"Calcul de la majoration, tables MN90 - Plong\u00e9e Plaisir, site officiel\",\"isPartOf\":{\"@id\":\"https:\\\/\\\/www.plongee-plaisir.com\\\/fr\\\/#website\"},\"primaryImageOfPage\":{\"@id\":\"https:\\\/\\\/www.plongee-plaisir.com\\\/fr\\\/calcul-de-majoration-tables-mn90\\\/#primaryimage\"},\"image\":{\"@id\":\"https:\\\/\\\/www.plongee-plaisir.com\\\/fr\\\/calcul-de-majoration-tables-mn90\\\/#primaryimage\"},\"thumbnailUrl\":\"https:\\\/\\\/www.plongee-plaisir.com\\\/fr\\\/wp-content\\\/uploads\\\/2016\\\/07\\\/Fiches-infos2.png\",\"datePublished\":\"2017-05-15T13:20:38+00:00\",\"dateModified\":\"2021-04-04T17:56:01+00:00\",\"breadcrumb\":{\"@id\":\"https:\\\/\\\/www.plongee-plaisir.com\\\/fr\\\/calcul-de-majoration-tables-mn90\\\/#breadcrumb\"},\"inLanguage\":\"fr-FR\",\"potentialAction\":[{\"@type\":\"ReadAction\",\"target\":[\"https:\\\/\\\/www.plongee-plaisir.com\\\/fr\\\/calcul-de-majoration-tables-mn90\\\/\"]}]},{\"@type\":\"ImageObject\",\"inLanguage\":\"fr-FR\",\"@id\":\"https:\\\/\\\/www.plongee-plaisir.com\\\/fr\\\/calcul-de-majoration-tables-mn90\\\/#primaryimage\",\"url\":\"https:\\\/\\\/www.plongee-plaisir.com\\\/fr\\\/wp-content\\\/uploads\\\/2016\\\/07\\\/Fiches-infos2.png\",\"contentUrl\":\"https:\\\/\\\/www.plongee-plaisir.com\\\/fr\\\/wp-content\\\/uploads\\\/2016\\\/07\\\/Fiches-infos2.png\",\"width\":1076,\"height\":702,\"caption\":\"Fiches-infos\"},{\"@type\":\"BreadcrumbList\",\"@id\":\"https:\\\/\\\/www.plongee-plaisir.com\\\/fr\\\/calcul-de-majoration-tables-mn90\\\/#breadcrumb\",\"itemListElement\":[{\"@type\":\"ListItem\",\"position\":1,\"name\":\"Accueil\",\"item\":\"https:\\\/\\\/www.plongee-plaisir.com\\\/fr\\\/\"},{\"@type\":\"ListItem\",\"position\":2,\"name\":\"Calcul de la majoration, tables MN90\"}]},{\"@type\":\"WebSite\",\"@id\":\"https:\\\/\\\/www.plongee-plaisir.com\\\/fr\\\/#website\",\"url\":\"https:\\\/\\\/www.plongee-plaisir.com\\\/fr\\\/\",\"name\":\"Plong\u00e9e Plaisir, site officiel\",\"description\":\"Apprendre \u00e0 plonger - Learning to dive\",\"potentialAction\":[{\"@type\":\"SearchAction\",\"target\":{\"@type\":\"EntryPoint\",\"urlTemplate\":\"https:\\\/\\\/www.plongee-plaisir.com\\\/fr\\\/?s={search_term_string}\"},\"query-input\":{\"@type\":\"PropertyValueSpecification\",\"valueRequired\":true,\"valueName\":\"search_term_string\"}}],\"inLanguage\":\"fr-FR\"}]}<\/script>\n<!-- \/ Yoast SEO plugin. -->","yoast_head_json":{"title":"Calcul de la majoration, tables MN90 - Plong\u00e9e Plaisir, site officiel","robots":{"index":"index","follow":"follow","max-snippet":"max-snippet:-1","max-image-preview":"max-image-preview:large","max-video-preview":"max-video-preview:-1"},"canonical":"https:\/\/www.plongee-plaisir.com\/fr\/calcul-de-majoration-tables-mn90\/","og_locale":"fr_FR","og_type":"article","og_title":"Calcul de la majoration, tables MN90 - Plong\u00e9e Plaisir, site officiel","og_description":"FICHES INFO &gt; ENSEIGNER Calcul de la majoration, tables MN90 Qu&rsquo;est-ce que la majoration dans des tables de plong\u00e9e ? Les tables ne sont calcul\u00e9es que pour une plong\u00e9e simple au niveau de la mer, c\u2019est-\u00e0-dire sans aucun azote r\u00e9siduel avant de plonger. Dit autrement, l\u2019entr\u00e9e dans les tables doit se faire avec un azote [&hellip;]","og_url":"https:\/\/www.plongee-plaisir.com\/fr\/calcul-de-majoration-tables-mn90\/","og_site_name":"Plong\u00e9e Plaisir, site officiel","article_modified_time":"2021-04-04T17:56:01+00:00","og_image":[{"width":1076,"height":702,"url":"https:\/\/www.plongee-plaisir.com\/fr\/wp-content\/uploads\/2016\/07\/Fiches-infos2.png","type":"image\/png"}],"twitter_card":"summary_large_image","twitter_misc":{"Dur\u00e9e de lecture estim\u00e9e":"3 minutes"},"schema":{"@context":"https:\/\/schema.org","@graph":[{"@type":"WebPage","@id":"https:\/\/www.plongee-plaisir.com\/fr\/calcul-de-majoration-tables-mn90\/","url":"https:\/\/www.plongee-plaisir.com\/fr\/calcul-de-majoration-tables-mn90\/","name":"Calcul de la majoration, tables MN90 - Plong\u00e9e Plaisir, site officiel","isPartOf":{"@id":"https:\/\/www.plongee-plaisir.com\/fr\/#website"},"primaryImageOfPage":{"@id":"https:\/\/www.plongee-plaisir.com\/fr\/calcul-de-majoration-tables-mn90\/#primaryimage"},"image":{"@id":"https:\/\/www.plongee-plaisir.com\/fr\/calcul-de-majoration-tables-mn90\/#primaryimage"},"thumbnailUrl":"https:\/\/www.plongee-plaisir.com\/fr\/wp-content\/uploads\/2016\/07\/Fiches-infos2.png","datePublished":"2017-05-15T13:20:38+00:00","dateModified":"2021-04-04T17:56:01+00:00","breadcrumb":{"@id":"https:\/\/www.plongee-plaisir.com\/fr\/calcul-de-majoration-tables-mn90\/#breadcrumb"},"inLanguage":"fr-FR","potentialAction":[{"@type":"ReadAction","target":["https:\/\/www.plongee-plaisir.com\/fr\/calcul-de-majoration-tables-mn90\/"]}]},{"@type":"ImageObject","inLanguage":"fr-FR","@id":"https:\/\/www.plongee-plaisir.com\/fr\/calcul-de-majoration-tables-mn90\/#primaryimage","url":"https:\/\/www.plongee-plaisir.com\/fr\/wp-content\/uploads\/2016\/07\/Fiches-infos2.png","contentUrl":"https:\/\/www.plongee-plaisir.com\/fr\/wp-content\/uploads\/2016\/07\/Fiches-infos2.png","width":1076,"height":702,"caption":"Fiches-infos"},{"@type":"BreadcrumbList","@id":"https:\/\/www.plongee-plaisir.com\/fr\/calcul-de-majoration-tables-mn90\/#breadcrumb","itemListElement":[{"@type":"ListItem","position":1,"name":"Accueil","item":"https:\/\/www.plongee-plaisir.com\/fr\/"},{"@type":"ListItem","position":2,"name":"Calcul de la majoration, tables MN90"}]},{"@type":"WebSite","@id":"https:\/\/www.plongee-plaisir.com\/fr\/#website","url":"https:\/\/www.plongee-plaisir.com\/fr\/","name":"Plong\u00e9e Plaisir, site officiel","description":"Apprendre \u00e0 plonger - Learning to dive","potentialAction":[{"@type":"SearchAction","target":{"@type":"EntryPoint","urlTemplate":"https:\/\/www.plongee-plaisir.com\/fr\/?s={search_term_string}"},"query-input":{"@type":"PropertyValueSpecification","valueRequired":true,"valueName":"search_term_string"}}],"inLanguage":"fr-FR"}]}},"featured_image_src":"https:\/\/www.plongee-plaisir.com\/fr\/wp-content\/uploads\/2016\/07\/Fiches-infos2.png","featured_image_src_square":"https:\/\/www.plongee-plaisir.com\/fr\/wp-content\/uploads\/2016\/07\/Fiches-infos2.png","uagb_featured_image_src":{"full":["https:\/\/www.plongee-plaisir.com\/fr\/wp-content\/uploads\/2016\/07\/Fiches-infos2.png",1076,702,false],"thumbnail":["https:\/\/www.plongee-plaisir.com\/fr\/wp-content\/uploads\/2016\/07\/Fiches-infos2-150x150.png",150,150,true],"medium":["https:\/\/www.plongee-plaisir.com\/fr\/wp-content\/uploads\/2016\/07\/Fiches-infos2-300x196.png",300,196,true],"medium_large":["https:\/\/www.plongee-plaisir.com\/fr\/wp-content\/uploads\/2016\/07\/Fiches-infos2-768x501.png",768,501,true],"large":["https:\/\/www.plongee-plaisir.com\/fr\/wp-content\/uploads\/2016\/07\/Fiches-infos2-1024x668.png",1024,668,true],"1536x1536":["https:\/\/www.plongee-plaisir.com\/fr\/wp-content\/uploads\/2016\/07\/Fiches-infos2.png",1076,702,false],"2048x2048":["https:\/\/www.plongee-plaisir.com\/fr\/wp-content\/uploads\/2016\/07\/Fiches-infos2.png",1076,702,false],"featured-content":["https:\/\/www.plongee-plaisir.com\/fr\/wp-content\/uploads\/2016\/07\/Fiches-infos2-800x702.png",800,702,true],"author-pro-image":["https:\/\/www.plongee-plaisir.com\/fr\/wp-content\/uploads\/2016\/07\/Fiches-infos2-360x570.png",360,570,true],"tb-timeline-landscape":["https:\/\/www.plongee-plaisir.com\/fr\/wp-content\/uploads\/2016\/07\/Fiches-infos2.png",600,391,false],"tb-timeline-square":["https:\/\/www.plongee-plaisir.com\/fr\/wp-content\/uploads\/2016\/07\/Fiches-infos2.png",600,391,false],"ultp_layout_landscape_large":["https:\/\/www.plongee-plaisir.com\/fr\/wp-content\/uploads\/2016\/07\/Fiches-infos2.png",1076,702,false],"ultp_layout_landscape":["https:\/\/www.plongee-plaisir.com\/fr\/wp-content\/uploads\/2016\/07\/Fiches-infos2.png",870,568,false],"ultp_layout_portrait":["https:\/\/www.plongee-plaisir.com\/fr\/wp-content\/uploads\/2016\/07\/Fiches-infos2.png",600,391,false],"ultp_layout_square":["https:\/\/www.plongee-plaisir.com\/fr\/wp-content\/uploads\/2016\/07\/Fiches-infos2.png",600,391,false],"vp_sm":["https:\/\/www.plongee-plaisir.com\/fr\/wp-content\/uploads\/2016\/07\/Fiches-infos2.png",500,326,false],"vp_md":["https:\/\/www.plongee-plaisir.com\/fr\/wp-content\/uploads\/2016\/07\/Fiches-infos2.png",800,522,false],"vp_lg":["https:\/\/www.plongee-plaisir.com\/fr\/wp-content\/uploads\/2016\/07\/Fiches-infos2.png",1076,702,false],"vp_xl":["https:\/\/www.plongee-plaisir.com\/fr\/wp-content\/uploads\/2016\/07\/Fiches-infos2.png",1076,702,false],"vp_sm_popup":["https:\/\/www.plongee-plaisir.com\/fr\/wp-content\/uploads\/2016\/07\/Fiches-infos2.png",500,326,false],"vp_md_popup":["https:\/\/www.plongee-plaisir.com\/fr\/wp-content\/uploads\/2016\/07\/Fiches-infos2.png",800,522,false],"vp_xl_popup":["https:\/\/www.plongee-plaisir.com\/fr\/wp-content\/uploads\/2016\/07\/Fiches-infos2.png",1076,702,false],"gb-block-post-grid-landscape":["https:\/\/www.plongee-plaisir.com\/fr\/wp-content\/uploads\/2016\/07\/Fiches-infos2.png",600,391,false],"gb-block-post-grid-square":["https:\/\/www.plongee-plaisir.com\/fr\/wp-content\/uploads\/2016\/07\/Fiches-infos2.png",600,391,false],"woocommerce_thumbnail":["https:\/\/www.plongee-plaisir.com\/fr\/wp-content\/uploads\/2016\/07\/Fiches-infos2-300x196.png",300,196,true],"woocommerce_single":["https:\/\/www.plongee-plaisir.com\/fr\/wp-content\/uploads\/2016\/07\/Fiches-infos2-600x391.png",600,391,true],"woocommerce_gallery_thumbnail":["https:\/\/www.plongee-plaisir.com\/fr\/wp-content\/uploads\/2016\/07\/Fiches-infos2-100x100.png",100,100,true],"web-stories-poster-portrait":["https:\/\/www.plongee-plaisir.com\/fr\/wp-content\/uploads\/2016\/07\/Fiches-infos2.png",640,418,false],"web-stories-publisher-logo":["https:\/\/www.plongee-plaisir.com\/fr\/wp-content\/uploads\/2016\/07\/Fiches-infos2.png",96,63,false],"web-stories-thumbnail":["https:\/\/www.plongee-plaisir.com\/fr\/wp-content\/uploads\/2016\/07\/Fiches-infos2.png",150,98,false],"sow-carousel-default":["https:\/\/www.plongee-plaisir.com\/fr\/wp-content\/uploads\/2016\/07\/Fiches-infos2-272x182.png",272,182,true]},"uagb_author_info":{"display_name":"Alain Foret","author_link":"https:\/\/www.plongee-plaisir.com\/fr\/author\/plongeeplaisir\/"},"uagb_comment_info":0,"uagb_excerpt":"FICHES INFO &gt; ENSEIGNER Calcul de la majoration, tables MN90 Qu&rsquo;est-ce que la majoration dans des tables de plong\u00e9e ? Les tables ne sont calcul\u00e9es que pour une plong\u00e9e simple au niveau de la mer, c\u2019est-\u00e0-dire sans aucun azote r\u00e9siduel avant de plonger. Dit autrement, l\u2019entr\u00e9e dans les tables doit se faire avec un azote\u2026","coauthors":[],"author_meta":{"author_link":"https:\/\/www.plongee-plaisir.com\/fr\/author\/plongeeplaisir\/","display_name":"Alain Foret"},"relative_dates":{"created":"Publi\u00e9 9 ans il y a","modified":"Mis \u00e0 jour 5 ans il y a"},"absolute_dates":{"created":"Publi\u00e9 le 15 mai 2017","modified":"Mise \u00e0 jour le 4 avril 2021"},"absolute_dates_time":{"created":"Publi\u00e9 le 15 mai 2017 15 h 20 min","modified":"Mise \u00e0 jour le 4 avril 2021 19 h 56 min"},"featured_img_caption":"","featured_img":"https:\/\/www.plongee-plaisir.com\/fr\/wp-content\/uploads\/2016\/07\/Fiches-infos2.png","series_order":"","amp_enabled":true,"_links":{"self":[{"href":"https:\/\/www.plongee-plaisir.com\/fr\/wp-json\/wp\/v2\/pages\/5761","targetHints":{"allow":["GET"]}}],"collection":[{"href":"https:\/\/www.plongee-plaisir.com\/fr\/wp-json\/wp\/v2\/pages"}],"about":[{"href":"https:\/\/www.plongee-plaisir.com\/fr\/wp-json\/wp\/v2\/types\/page"}],"author":[{"embeddable":true,"href":"https:\/\/www.plongee-plaisir.com\/fr\/wp-json\/wp\/v2\/users\/4"}],"replies":[{"embeddable":true,"href":"https:\/\/www.plongee-plaisir.com\/fr\/wp-json\/wp\/v2\/comments?post=5761"}],"version-history":[{"count":0,"href":"https:\/\/www.plongee-plaisir.com\/fr\/wp-json\/wp\/v2\/pages\/5761\/revisions"}],"wp:featuredmedia":[{"embeddable":true,"href":"https:\/\/www.plongee-plaisir.com\/fr\/wp-json\/wp\/v2\/media\/6144"}],"wp:attachment":[{"href":"https:\/\/www.plongee-plaisir.com\/fr\/wp-json\/wp\/v2\/media?parent=5761"}],"curies":[{"name":"wp","href":"https:\/\/api.w.org\/{rel}","templated":true}]}}