{"id":5830,"date":"2019-06-22T12:00:25","date_gmt":"2019-06-22T10:00:25","guid":{"rendered":"https:\/\/www.plongee-plaisir.com\/fr\/?p=5830"},"modified":"2024-07-05T11:46:30","modified_gmt":"2024-07-05T09:46:30","slug":"les-epi","status":"publish","type":"page","link":"https:\/\/www.plongee-plaisir.com\/fr\/les-epi\/","title":{"rendered":"Les Equipements de Protection Individuelle (EPI) en plong\u00e9e"},"content":{"rendered":"\n<p class=\"has-text-color has-normal-font-size wp-block-paragraph\" style=\"color:#7d858b\"><a href=\"https:\/\/www.plongee-plaisir.com\/fr\/fiches-infos\/\">FICHES INFO<\/a> &gt; R\u00c9GLEMENTATION<\/p>\n\n\n\n<div class=\"wp-block-kadence-spacer aligncenter kt-block-spacer-_72b3a8-64\"><div class=\"kt-block-spacer kt-block-spacer-halign-center\" style=\"height:17px\"><hr class=\"kt-divider\" style=\"border-top-color:rgba(171, 184, 195, 1);border-top-width:10px;width:100%;border-top-style:solid\"\/><\/div><\/div>\n\n\n\n<h1 class=\"wp-block-heading\">Les \u00c9quipements de Protection Individuelle (EPI) en plong\u00e9e<\/h1>\n\n\n\n<div style=\"height:30px\" aria-hidden=\"true\" class=\"wp-block-spacer\"><\/div>\n\n\n\n<div class=\"wp-block-genesis-blocks-gb-columns gb-layout-columns-2 gb-2-col-equal\"><div class=\"gb-layout-column-wrap gb-block-layout-column-gap-2 gb-is-responsive-column\">\n<div class=\"wp-block-genesis-blocks-gb-column gb-block-layout-column\"><div class=\"gb-block-layout-column-inner\">\n<div class=\"wp-block-cover gb-block-cta\" style=\"padding-top:2%;min-height:13em;aspect-ratio:unset;\"><span aria-hidden=\"true\" class=\"wp-block-cover__background has-background-dim-100 has-background-dim\" style=\"background-color:#f2f2f2\"><\/span><div class=\"wp-block-cover__inner-container is-layout-flow wp-block-cover-is-layout-flow\">\n<h2 class=\"wp-block-heading has-text-align-center has-text-color\" style=\"color:#32373c;font-size:32;line-height:1\">Cours sur les EPI<\/h2>\n\n\n\n<p class=\"has-text-align-center has-text-color wp-block-paragraph\" style=\"color:#32373c;line-height:1\">Retrouvez un cours sur les EPI en plong\u00e9e aux formats PPSX et PDF (acc\u00e8s gratuit, sur inscription).<\/p>\n\n\n\n<div class=\"wp-block-buttons is-content-justification-center is-layout-flex wp-container-core-buttons-is-layout-fe48e5de wp-block-buttons-is-layout-flex\">\n<div class=\"wp-block-button has-custom-font-size gb-block-button\" style=\"font-size:20px;line-height:1.2\"><a class=\"wp-block-button__link has-text-color has-background wp-element-button\" href=\"https:\/\/www.plongee-plaisir.com\/fr\/zone-telechargement\/\" style=\"border-radius:5px;color:#313131;background-color:#fae100;padding-top:10px;padding-right:1em;padding-bottom:10px;padding-left:1em\">T\u00e9l\u00e9charger<\/a><\/div>\n<\/div>\n<\/div><\/div>\n<\/div><\/div>\n\n\n\n<div class=\"wp-block-genesis-blocks-gb-column gb-block-layout-column\"><div class=\"gb-block-layout-column-inner\">\n<div class=\"wp-block-cover gb-block-cta\" style=\"padding-top:2%;min-height:13em;aspect-ratio:unset;\"><span aria-hidden=\"true\" class=\"wp-block-cover__background has-background-dim-100 has-background-dim\" style=\"background-color:#fae100\"><\/span><div class=\"wp-block-cover__inner-container is-layout-flow wp-block-cover-is-layout-flow\">\n<h2 class=\"wp-block-heading has-text-align-center has-text-color\" style=\"color:#32373c;font-size:32;line-height:1\">Bathyfolages<\/h2>\n\n\n\n<p class=\"has-text-align-center has-text-color wp-block-paragraph\" style=\"color:#32373c;line-height:1\">Retrouvez le dossier complet sur les EPI dans Bathyfolages n\u00b09 (acc\u00e8s gratuit sur inscription)<\/p>\n\n\n\n<div class=\"wp-block-buttons is-content-justification-center is-layout-flex wp-container-core-buttons-is-layout-fe48e5de wp-block-buttons-is-layout-flex\">\n<div class=\"wp-block-button has-custom-font-size gb-block-button\" style=\"font-size:20px;line-height:1.2\"><a class=\"wp-block-button__link has-text-color has-background wp-element-button\" href=\"https:\/\/www.plongee-plaisir.com\/fr\/book\/bathyfolages\/\" style=\"border-radius:5px;color:#eeeeee;background-color:#313131;padding-top:10px;padding-right:1em;padding-bottom:10px;padding-left:1em\">Dossier complet<\/a><\/div>\n<\/div>\n<\/div><\/div>\n<\/div><\/div>\n<\/div><\/div>\n\n\n\n<div style=\"height:41px\" aria-hidden=\"true\" class=\"wp-block-spacer\"><\/div>\n\n\n\n<figure class=\"wp-block-image aligncenter\"><img decoding=\"async\" width=\"1183\" height=\"867\" src=\"https:\/\/www.plongee-plaisir.com\/fr\/wp-content\/uploads\/2018\/08\/tableau-epi-v2.png\" alt=\"Les EPI en plong\u00e9e\" class=\"wp-image-14052\" srcset=\"https:\/\/www.plongee-plaisir.com\/fr\/wp-content\/uploads\/2018\/08\/tableau-epi-v2.png 1183w, https:\/\/www.plongee-plaisir.com\/fr\/wp-content\/uploads\/2018\/08\/tableau-epi-v2-300x220.png 300w, https:\/\/www.plongee-plaisir.com\/fr\/wp-content\/uploads\/2018\/08\/tableau-epi-v2-600x440.png 600w, https:\/\/www.plongee-plaisir.com\/fr\/wp-content\/uploads\/2018\/08\/tableau-epi-v2-768x563.png 768w, https:\/\/www.plongee-plaisir.com\/fr\/wp-content\/uploads\/2018\/08\/tableau-epi-v2-1024x750.png 1024w\" sizes=\"(max-width: 1183px) 100vw, 1183px\" \/><figcaption class=\"wp-element-caption\">Les EPI en plong\u00e9e (c) Alain Foret &#8211; <a href=\"http:\/\/www.plongee-plaisir.com\">www.plongee-plaisir.com<\/a><\/figcaption><\/figure>\n\n\n\n<div class=\"wp-block-genesis-blocks-gb-columns gb-layout-columns-3 gb-3-col-equal\"><div class=\"gb-layout-column-wrap gb-block-layout-column-gap-2 gb-is-responsive-column\">\n<div class=\"wp-block-genesis-blocks-gb-column gb-block-layout-column\"><div class=\"gb-block-layout-column-inner\">\n<div class=\"wp-block-cover gb-block-cta\" style=\"padding-top:2%;min-height:13em;aspect-ratio:unset;\"><span aria-hidden=\"true\" class=\"wp-block-cover__background has-background-dim-100 has-background-dim\" style=\"background-color:#f2f2f2\"><\/span><div class=\"wp-block-cover__inner-container is-layout-flow wp-block-cover-is-layout-flow\">\n<h2 class=\"wp-block-heading has-text-align-center has-text-color\" style=\"color:#32373c;font-size:32;line-height:1\">Fiche de synth\u00e8se sur les EPI<\/h2>\n\n\n\n<p class=\"has-text-align-center has-text-color wp-block-paragraph\" style=\"color:#32373c;line-height:1\">T\u00e9l\u00e9chargez une fiche de synth\u00e8se sur les EPI en plong\u00e9e.<\/p>\n\n\n\n<div class=\"wp-block-buttons is-content-justification-center is-layout-flex wp-container-core-buttons-is-layout-fe48e5de wp-block-buttons-is-layout-flex\">\n<div class=\"wp-block-button has-custom-font-size gb-block-button\" style=\"font-size:20px;line-height:1.2\"><a class=\"wp-block-button__link has-text-color has-background wp-element-button\" href=\"https:\/\/www.plongee-plaisir.com\/fr\/download\/19355\/\" style=\"border-radius:5px;color:#313131;background-color:#fae100;padding-top:10px;padding-right:1em;padding-bottom:10px;padding-left:1em\" target=\"_blank\" rel=\"noopener\">T\u00e9l\u00e9charger<\/a><\/div>\n<\/div>\n<\/div><\/div>\n<\/div><\/div>\n\n\n\n<div class=\"wp-block-genesis-blocks-gb-column gb-block-layout-column\"><div class=\"gb-block-layout-column-inner\">\n<div class=\"wp-block-cover gb-block-cta\" style=\"padding-top:2%;min-height:13em;aspect-ratio:unset;\"><span aria-hidden=\"true\" class=\"wp-block-cover__background has-background-dim-100 has-background-dim\" style=\"background-color:#f2f2f2\"><\/span><div class=\"wp-block-cover__inner-container is-layout-flow wp-block-cover-is-layout-flow\">\n<h2 class=\"wp-block-heading has-text-align-center has-text-color\" style=\"color:#32373c;font-size:32;line-height:1\">Note d\u00e9taill\u00e9e sur les EPI<\/h2>\n\n\n\n<p class=\"has-text-align-center has-text-color wp-block-paragraph\" style=\"color:#32373c;line-height:1\">28\/01\/2019 &#8211;&nbsp;Le point sur la question, dans un seul fichier PDF.<\/p>\n\n\n\n<div class=\"wp-block-buttons is-content-justification-center is-layout-flex wp-container-core-buttons-is-layout-fe48e5de wp-block-buttons-is-layout-flex\">\n<div class=\"wp-block-button has-custom-font-size gb-block-button\" style=\"font-size:20px;line-height:1.2\"><a class=\"wp-block-button__link has-text-color has-background wp-element-button\" href=\"https:\/\/www.plongee-plaisir.com\/fr\/download\/19542\/\" style=\"border-radius:5px;color:#313131;background-color:#fae100;padding-top:10px;padding-right:1em;padding-bottom:10px;padding-left:1em\" target=\"_blank\" rel=\"noopener\">T\u00e9l\u00e9charger<\/a><\/div>\n<\/div>\n<\/div><\/div>\n<\/div><\/div>\n\n\n\n<div class=\"wp-block-genesis-blocks-gb-column gb-block-layout-column\"><div class=\"gb-block-layout-column-inner\">\n<div class=\"wp-block-cover gb-block-cta\" style=\"padding-top:2%;min-height:13em;aspect-ratio:unset;\"><span aria-hidden=\"true\" class=\"wp-block-cover__background has-background-dim-100 has-background-dim\" style=\"background-color:#f2f2f2\"><\/span><div class=\"wp-block-cover__inner-container is-layout-flow wp-block-cover-is-layout-flow\">\n<h2 class=\"wp-block-heading has-text-align-center has-text-color\" style=\"color:#32373c;font-size:32;line-height:1\">Lettre ouverte \u00e0 la FFESSM<\/h2>\n\n\n\n<p class=\"has-text-align-center has-text-color wp-block-paragraph\" style=\"color:#32373c;line-height:1\">15\/09\/2018 &#8211; En r\u00e9ponse \u00e0 la note de la FFESSM sur les EPI<em>.<\/em><\/p>\n\n\n\n<div class=\"wp-block-buttons is-content-justification-center is-layout-flex wp-container-core-buttons-is-layout-fe48e5de wp-block-buttons-is-layout-flex\">\n<div class=\"wp-block-button has-custom-font-size gb-block-button\" style=\"font-size:20px;line-height:1.2\"><a class=\"wp-block-button__link has-text-color has-background wp-element-button\" href=\"https:\/\/www.plongee-plaisir.com\/fr\/download\/14905\/\" style=\"border-radius:5px;color:#313131;background-color:#fae100;padding-top:10px;padding-right:1em;padding-bottom:10px;padding-left:1em\" target=\"_blank\" rel=\"noopener\">T\u00e9l\u00e9charger<\/a><\/div>\n<\/div>\n<\/div><\/div>\n<\/div><\/div>\n<\/div><\/div>\n\n\n\n<div style=\"height:16px\" aria-hidden=\"true\" class=\"wp-block-spacer\"><\/div>\n\n\n\n<p class=\"wp-block-paragraph\">\u00a9 Extrait des&nbsp;<a href=\"https:\/\/www.plongee-plaisir.com\/fr\/livres-plongee\/\">livres Plong\u00e9e Plaisir<\/a>&nbsp;par Alain Foret aux Editions GAP.<br>Toute reproduction interdite sur quelque support que ce soit sans accord \u00e9crit de l\u2019\u00e9diteur et de l\u2019auteur.<\/p>\n\n\n\n<figure class=\"wp-block-image alignleft size-large is-resized is-style-default\"><img decoding=\"async\" width=\"102\" height=\"102\" src=\"https:\/\/www.plongee-plaisir.com\/fr\/wp-content\/uploads\/2021\/02\/carre.jpg\" alt=\"\" class=\"wp-image-48240\" style=\"width:30px\" srcset=\"https:\/\/www.plongee-plaisir.com\/fr\/wp-content\/uploads\/2021\/02\/carre.jpg 102w, https:\/\/www.plongee-plaisir.com\/fr\/wp-content\/uploads\/2021\/02\/carre-100x100.jpg 100w\" sizes=\"(max-width: 102px) 100vw, 102px\" \/><\/figure>\n\n\n\n<p class=\"wp-block-paragraph\"><\/p>\n<style class=\"advgb-styles-renderer\">.wp-block-kadence-spacer.kt-block-spacer-_72b3a8-64 .kt-block-spacer{height:17px;}.wp-block-kadence-spacer.kt-block-spacer-_72b3a8-64 .kt-divider{border-top-width:10px;border-top-color:#abb8c3;width:100%;border-top-style:solid;}<\/style>","protected":false},"excerpt":{"rendered":"<p>La r\u00e9glementation concernant les Equipements de Protection Individuelle\u00a0(EPI) en plong\u00e9e se r\u00e9sume \u00e0 trois obligations.<\/p>\n<p>1. La liste des \u00e9quipements concern\u00e9s par le r\u00e8glement UE 2016\/425 ne concerne que leur conformit\u00e9 avec obligation de marquage CE pour \u00eatre vendus, pr\u00eat\u00e9s ou lou\u00e9s au sein de l\u2019Union Europ\u00e9enne.<\/p>\n<p>2. Au titre des EPI-SL, seuls les masques pouvant \u00eatre pr\u00eat\u00e9s ou lou\u00e9s doivent faire l\u2019objet d\u2019une fiche de gestion.<\/p>\n<p>3. Pour les EPI au travail, ils ne concernent que les \u00e9quipements pr\u00eat\u00e9s par l\u2019employeur aux travailleurs salari\u00e9s.<\/p>\n","protected":false},"author":4,"featured_media":35158,"parent":0,"menu_order":0,"comment_status":"closed","ping_status":"closed","template":"","meta":{"_crdt_document":"","_uag_custom_page_level_css":"","advgb_blocks_editor_width":"","advgb_blocks_columns_visual_guide":"","_genesis_hide_title":true,"_genesis_hide_breadcrumbs":false,"_genesis_hide_singular_image":false,"_genesis_hide_footer_widgets":false,"_genesis_custom_body_class":"","_genesis_custom_post_class":"","_genesis_layout":"content-sidebar","_vp_format_video_url":"","_vp_image_focal_point":[],"footnotes":""},"class_list":{"0":"post-5830","1":"page","2":"type-page","3":"status-publish","4":"has-post-thumbnail","6":"entry"},"yoast_head":"<!-- This site is optimized with the Yoast SEO plugin v27.4 - https:\/\/yoast.com\/product\/yoast-seo-wordpress\/ -->\n<title>Les Equipements de Protection Individuelle (EPI) en plong\u00e9e - Plong\u00e9e Plaisir, site officiel<\/title>\n<meta name=\"robots\" content=\"index, follow, max-snippet:-1, max-image-preview:large, max-video-preview:-1\" \/>\n<link rel=\"canonical\" href=\"https:\/\/www.plongee-plaisir.com\/fr\/les-epi\/\" \/>\n<meta property=\"og:locale\" content=\"fr_FR\" \/>\n<meta property=\"og:type\" content=\"article\" \/>\n<meta property=\"og:title\" content=\"Les Equipements de Protection Individuelle (EPI) en plong\u00e9e - Plong\u00e9e Plaisir, site officiel\" \/>\n<meta property=\"og:description\" content=\"La r\u00e9glementation concernant les Equipements de Protection Individuelle\u00a0(EPI) en plong\u00e9e se r\u00e9sume \u00e0 trois obligations. 1. La liste des \u00e9quipements concern\u00e9s par le r\u00e8glement UE 2016\/425 ne concerne que leur conformit\u00e9 avec obligation de marquage CE pour \u00eatre vendus, pr\u00eat\u00e9s ou lou\u00e9s au sein de l\u2019Union Europ\u00e9enne. 2. Au titre des EPI-SL, seuls les masques pouvant \u00eatre pr\u00eat\u00e9s ou lou\u00e9s doivent faire l\u2019objet d\u2019une fiche de gestion. 3. Pour les EPI au travail, ils ne concernent que les \u00e9quipements pr\u00eat\u00e9s par l\u2019employeur aux travailleurs salari\u00e9s.\" \/>\n<meta property=\"og:url\" content=\"https:\/\/www.plongee-plaisir.com\/fr\/les-epi\/\" \/>\n<meta property=\"og:site_name\" content=\"Plong\u00e9e Plaisir, site officiel\" \/>\n<meta property=\"article:modified_time\" content=\"2024-07-05T09:46:30+00:00\" \/>\n<meta property=\"og:image\" content=\"https:\/\/www.plongee-plaisir.com\/fr\/wp-content\/uploads\/2019\/06\/Fiches-infos-epi.png\" \/>\n\t<meta property=\"og:image:width\" content=\"300\" \/>\n\t<meta property=\"og:image:height\" content=\"196\" \/>\n\t<meta property=\"og:image:type\" content=\"image\/png\" \/>\n<meta name=\"twitter:card\" content=\"summary_large_image\" \/>\n<meta name=\"twitter:label1\" content=\"Dur\u00e9e de lecture estim\u00e9e\" \/>\n\t<meta name=\"twitter:data1\" content=\"2 minutes\" \/>\n<script type=\"application\/ld+json\" class=\"yoast-schema-graph\">{\"@context\":\"https:\\\/\\\/schema.org\",\"@graph\":[{\"@type\":\"WebPage\",\"@id\":\"https:\\\/\\\/www.plongee-plaisir.com\\\/fr\\\/les-epi\\\/\",\"url\":\"https:\\\/\\\/www.plongee-plaisir.com\\\/fr\\\/les-epi\\\/\",\"name\":\"Les Equipements de Protection Individuelle (EPI) en plong\u00e9e - Plong\u00e9e Plaisir, site officiel\",\"isPartOf\":{\"@id\":\"https:\\\/\\\/www.plongee-plaisir.com\\\/fr\\\/#website\"},\"primaryImageOfPage\":{\"@id\":\"https:\\\/\\\/www.plongee-plaisir.com\\\/fr\\\/les-epi\\\/#primaryimage\"},\"image\":{\"@id\":\"https:\\\/\\\/www.plongee-plaisir.com\\\/fr\\\/les-epi\\\/#primaryimage\"},\"thumbnailUrl\":\"https:\\\/\\\/www.plongee-plaisir.com\\\/fr\\\/wp-content\\\/uploads\\\/2019\\\/06\\\/Fiches-infos-epi.png\",\"datePublished\":\"2019-06-22T10:00:25+00:00\",\"dateModified\":\"2024-07-05T09:46:30+00:00\",\"breadcrumb\":{\"@id\":\"https:\\\/\\\/www.plongee-plaisir.com\\\/fr\\\/les-epi\\\/#breadcrumb\"},\"inLanguage\":\"fr-FR\",\"potentialAction\":[{\"@type\":\"ReadAction\",\"target\":[\"https:\\\/\\\/www.plongee-plaisir.com\\\/fr\\\/les-epi\\\/\"]}]},{\"@type\":\"ImageObject\",\"inLanguage\":\"fr-FR\",\"@id\":\"https:\\\/\\\/www.plongee-plaisir.com\\\/fr\\\/les-epi\\\/#primaryimage\",\"url\":\"https:\\\/\\\/www.plongee-plaisir.com\\\/fr\\\/wp-content\\\/uploads\\\/2019\\\/06\\\/Fiches-infos-epi.png\",\"contentUrl\":\"https:\\\/\\\/www.plongee-plaisir.com\\\/fr\\\/wp-content\\\/uploads\\\/2019\\\/06\\\/Fiches-infos-epi.png\",\"width\":300,\"height\":196},{\"@type\":\"BreadcrumbList\",\"@id\":\"https:\\\/\\\/www.plongee-plaisir.com\\\/fr\\\/les-epi\\\/#breadcrumb\",\"itemListElement\":[{\"@type\":\"ListItem\",\"position\":1,\"name\":\"Accueil\",\"item\":\"https:\\\/\\\/www.plongee-plaisir.com\\\/fr\\\/\"},{\"@type\":\"ListItem\",\"position\":2,\"name\":\"Les Equipements de Protection Individuelle (EPI) en plong\u00e9e\"}]},{\"@type\":\"WebSite\",\"@id\":\"https:\\\/\\\/www.plongee-plaisir.com\\\/fr\\\/#website\",\"url\":\"https:\\\/\\\/www.plongee-plaisir.com\\\/fr\\\/\",\"name\":\"Plong\u00e9e Plaisir, site officiel\",\"description\":\"Apprendre \u00e0 plonger - Learning to dive\",\"potentialAction\":[{\"@type\":\"SearchAction\",\"target\":{\"@type\":\"EntryPoint\",\"urlTemplate\":\"https:\\\/\\\/www.plongee-plaisir.com\\\/fr\\\/?s={search_term_string}\"},\"query-input\":{\"@type\":\"PropertyValueSpecification\",\"valueRequired\":true,\"valueName\":\"search_term_string\"}}],\"inLanguage\":\"fr-FR\"}]}<\/script>\n<!-- \/ Yoast SEO plugin. -->","yoast_head_json":{"title":"Les Equipements de Protection Individuelle (EPI) en plong\u00e9e - Plong\u00e9e Plaisir, site officiel","robots":{"index":"index","follow":"follow","max-snippet":"max-snippet:-1","max-image-preview":"max-image-preview:large","max-video-preview":"max-video-preview:-1"},"canonical":"https:\/\/www.plongee-plaisir.com\/fr\/les-epi\/","og_locale":"fr_FR","og_type":"article","og_title":"Les Equipements de Protection Individuelle (EPI) en plong\u00e9e - Plong\u00e9e Plaisir, site officiel","og_description":"La r\u00e9glementation concernant les Equipements de Protection Individuelle\u00a0(EPI) en plong\u00e9e se r\u00e9sume \u00e0 trois obligations. 1. La liste des \u00e9quipements concern\u00e9s par le r\u00e8glement UE 2016\/425 ne concerne que leur conformit\u00e9 avec obligation de marquage CE pour \u00eatre vendus, pr\u00eat\u00e9s ou lou\u00e9s au sein de l\u2019Union Europ\u00e9enne. 2. Au titre des EPI-SL, seuls les masques pouvant \u00eatre pr\u00eat\u00e9s ou lou\u00e9s doivent faire l\u2019objet d\u2019une fiche de gestion. 3. Pour les EPI au travail, ils ne concernent que les \u00e9quipements pr\u00eat\u00e9s par l\u2019employeur aux travailleurs salari\u00e9s.","og_url":"https:\/\/www.plongee-plaisir.com\/fr\/les-epi\/","og_site_name":"Plong\u00e9e Plaisir, site officiel","article_modified_time":"2024-07-05T09:46:30+00:00","og_image":[{"width":300,"height":196,"url":"https:\/\/www.plongee-plaisir.com\/fr\/wp-content\/uploads\/2019\/06\/Fiches-infos-epi.png","type":"image\/png"}],"twitter_card":"summary_large_image","twitter_misc":{"Dur\u00e9e de lecture estim\u00e9e":"2 minutes"},"schema":{"@context":"https:\/\/schema.org","@graph":[{"@type":"WebPage","@id":"https:\/\/www.plongee-plaisir.com\/fr\/les-epi\/","url":"https:\/\/www.plongee-plaisir.com\/fr\/les-epi\/","name":"Les Equipements de Protection Individuelle (EPI) en plong\u00e9e - Plong\u00e9e Plaisir, site officiel","isPartOf":{"@id":"https:\/\/www.plongee-plaisir.com\/fr\/#website"},"primaryImageOfPage":{"@id":"https:\/\/www.plongee-plaisir.com\/fr\/les-epi\/#primaryimage"},"image":{"@id":"https:\/\/www.plongee-plaisir.com\/fr\/les-epi\/#primaryimage"},"thumbnailUrl":"https:\/\/www.plongee-plaisir.com\/fr\/wp-content\/uploads\/2019\/06\/Fiches-infos-epi.png","datePublished":"2019-06-22T10:00:25+00:00","dateModified":"2024-07-05T09:46:30+00:00","breadcrumb":{"@id":"https:\/\/www.plongee-plaisir.com\/fr\/les-epi\/#breadcrumb"},"inLanguage":"fr-FR","potentialAction":[{"@type":"ReadAction","target":["https:\/\/www.plongee-plaisir.com\/fr\/les-epi\/"]}]},{"@type":"ImageObject","inLanguage":"fr-FR","@id":"https:\/\/www.plongee-plaisir.com\/fr\/les-epi\/#primaryimage","url":"https:\/\/www.plongee-plaisir.com\/fr\/wp-content\/uploads\/2019\/06\/Fiches-infos-epi.png","contentUrl":"https:\/\/www.plongee-plaisir.com\/fr\/wp-content\/uploads\/2019\/06\/Fiches-infos-epi.png","width":300,"height":196},{"@type":"BreadcrumbList","@id":"https:\/\/www.plongee-plaisir.com\/fr\/les-epi\/#breadcrumb","itemListElement":[{"@type":"ListItem","position":1,"name":"Accueil","item":"https:\/\/www.plongee-plaisir.com\/fr\/"},{"@type":"ListItem","position":2,"name":"Les Equipements de Protection Individuelle (EPI) en plong\u00e9e"}]},{"@type":"WebSite","@id":"https:\/\/www.plongee-plaisir.com\/fr\/#website","url":"https:\/\/www.plongee-plaisir.com\/fr\/","name":"Plong\u00e9e Plaisir, site officiel","description":"Apprendre \u00e0 plonger - Learning to dive","potentialAction":[{"@type":"SearchAction","target":{"@type":"EntryPoint","urlTemplate":"https:\/\/www.plongee-plaisir.com\/fr\/?s={search_term_string}"},"query-input":{"@type":"PropertyValueSpecification","valueRequired":true,"valueName":"search_term_string"}}],"inLanguage":"fr-FR"}]}},"featured_image_src":"https:\/\/www.plongee-plaisir.com\/fr\/wp-content\/uploads\/2019\/06\/Fiches-infos-epi.png","featured_image_src_square":"https:\/\/www.plongee-plaisir.com\/fr\/wp-content\/uploads\/2019\/06\/Fiches-infos-epi.png","uagb_featured_image_src":{"full":["https:\/\/www.plongee-plaisir.com\/fr\/wp-content\/uploads\/2019\/06\/Fiches-infos-epi.png",300,196,false],"thumbnail":["https:\/\/www.plongee-plaisir.com\/fr\/wp-content\/uploads\/2019\/06\/Fiches-infos-epi-150x150.png",150,150,true],"medium":["https:\/\/www.plongee-plaisir.com\/fr\/wp-content\/uploads\/2019\/06\/Fiches-infos-epi.png",300,196,false],"medium_large":["https:\/\/www.plongee-plaisir.com\/fr\/wp-content\/uploads\/2019\/06\/Fiches-infos-epi.png",300,196,false],"large":["https:\/\/www.plongee-plaisir.com\/fr\/wp-content\/uploads\/2019\/06\/Fiches-infos-epi.png",300,196,false],"1536x1536":["https:\/\/www.plongee-plaisir.com\/fr\/wp-content\/uploads\/2019\/06\/Fiches-infos-epi.png",300,196,false],"2048x2048":["https:\/\/www.plongee-plaisir.com\/fr\/wp-content\/uploads\/2019\/06\/Fiches-infos-epi.png",300,196,false],"featured-content":["https:\/\/www.plongee-plaisir.com\/fr\/wp-content\/uploads\/2019\/06\/Fiches-infos-epi.png",300,196,false],"author-pro-image":["https:\/\/www.plongee-plaisir.com\/fr\/wp-content\/uploads\/2019\/06\/Fiches-infos-epi.png",300,196,false],"tb-timeline-landscape":["https:\/\/www.plongee-plaisir.com\/fr\/wp-content\/uploads\/2019\/06\/Fiches-infos-epi.png",300,196,false],"tb-timeline-square":["https:\/\/www.plongee-plaisir.com\/fr\/wp-content\/uploads\/2019\/06\/Fiches-infos-epi.png",300,196,false],"ultp_layout_landscape_large":["https:\/\/www.plongee-plaisir.com\/fr\/wp-content\/uploads\/2019\/06\/Fiches-infos-epi.png",300,196,false],"ultp_layout_landscape":["https:\/\/www.plongee-plaisir.com\/fr\/wp-content\/uploads\/2019\/06\/Fiches-infos-epi.png",300,196,false],"ultp_layout_portrait":["https:\/\/www.plongee-plaisir.com\/fr\/wp-content\/uploads\/2019\/06\/Fiches-infos-epi.png",300,196,false],"ultp_layout_square":["https:\/\/www.plongee-plaisir.com\/fr\/wp-content\/uploads\/2019\/06\/Fiches-infos-epi.png",300,196,false],"vp_sm":["https:\/\/www.plongee-plaisir.com\/fr\/wp-content\/uploads\/2019\/06\/Fiches-infos-epi.png",300,196,false],"vp_md":["https:\/\/www.plongee-plaisir.com\/fr\/wp-content\/uploads\/2019\/06\/Fiches-infos-epi.png",300,196,false],"vp_lg":["https:\/\/www.plongee-plaisir.com\/fr\/wp-content\/uploads\/2019\/06\/Fiches-infos-epi.png",300,196,false],"vp_xl":["https:\/\/www.plongee-plaisir.com\/fr\/wp-content\/uploads\/2019\/06\/Fiches-infos-epi.png",300,196,false],"vp_sm_popup":["https:\/\/www.plongee-plaisir.com\/fr\/wp-content\/uploads\/2019\/06\/Fiches-infos-epi.png",300,196,false],"vp_md_popup":["https:\/\/www.plongee-plaisir.com\/fr\/wp-content\/uploads\/2019\/06\/Fiches-infos-epi.png",300,196,false],"vp_xl_popup":["https:\/\/www.plongee-plaisir.com\/fr\/wp-content\/uploads\/2019\/06\/Fiches-infos-epi.png",300,196,false],"gb-block-post-grid-landscape":["https:\/\/www.plongee-plaisir.com\/fr\/wp-content\/uploads\/2019\/06\/Fiches-infos-epi.png",300,196,false],"gb-block-post-grid-square":["https:\/\/www.plongee-plaisir.com\/fr\/wp-content\/uploads\/2019\/06\/Fiches-infos-epi.png",300,196,false],"woocommerce_thumbnail":["https:\/\/www.plongee-plaisir.com\/fr\/wp-content\/uploads\/2019\/06\/Fiches-infos-epi.png",300,196,false],"woocommerce_single":["https:\/\/www.plongee-plaisir.com\/fr\/wp-content\/uploads\/2019\/06\/Fiches-infos-epi.png",300,196,false],"woocommerce_gallery_thumbnail":["https:\/\/www.plongee-plaisir.com\/fr\/wp-content\/uploads\/2019\/06\/Fiches-infos-epi-100x100.png",100,100,true],"web-stories-poster-portrait":["https:\/\/www.plongee-plaisir.com\/fr\/wp-content\/uploads\/2019\/06\/Fiches-infos-epi.png",300,196,false],"web-stories-publisher-logo":["https:\/\/www.plongee-plaisir.com\/fr\/wp-content\/uploads\/2019\/06\/Fiches-infos-epi.png",96,63,false],"web-stories-thumbnail":["https:\/\/www.plongee-plaisir.com\/fr\/wp-content\/uploads\/2019\/06\/Fiches-infos-epi.png",150,98,false],"sow-carousel-default":["https:\/\/www.plongee-plaisir.com\/fr\/wp-content\/uploads\/2019\/06\/Fiches-infos-epi.png",272,178,false]},"uagb_author_info":{"display_name":"Alain Foret","author_link":"https:\/\/www.plongee-plaisir.com\/fr\/author\/plongeeplaisir\/"},"uagb_comment_info":0,"uagb_excerpt":"La r\u00e9glementation concernant les Equipements de Protection Individuelle\u00a0(EPI) en plong\u00e9e se r\u00e9sume \u00e0 trois obligations. 1. La liste des \u00e9quipements concern\u00e9s par le r\u00e8glement UE 2016\/425 ne concerne que leur conformit\u00e9 avec obligation de marquage CE pour \u00eatre vendus, pr\u00eat\u00e9s ou lou\u00e9s au sein de l\u2019Union Europ\u00e9enne. 2. Au titre des EPI-SL, seuls les masques\u2026","coauthors":[],"author_meta":{"author_link":"https:\/\/www.plongee-plaisir.com\/fr\/author\/plongeeplaisir\/","display_name":"Alain Foret"},"relative_dates":{"created":"Publi\u00e9 7 ans il y a","modified":"Mis \u00e0 jour 2 ans il y a"},"absolute_dates":{"created":"Publi\u00e9 le 22 juin 2019","modified":"Mise \u00e0 jour le 5 juillet 2024"},"absolute_dates_time":{"created":"Publi\u00e9 le 22 juin 2019 12 h 00 min","modified":"Mise \u00e0 jour le 5 juillet 2024 11 h 46 min"},"featured_img_caption":"","featured_img":"https:\/\/www.plongee-plaisir.com\/fr\/wp-content\/uploads\/2019\/06\/Fiches-infos-epi.png","series_order":"","amp_enabled":true,"_links":{"self":[{"href":"https:\/\/www.plongee-plaisir.com\/fr\/wp-json\/wp\/v2\/pages\/5830","targetHints":{"allow":["GET"]}}],"collection":[{"href":"https:\/\/www.plongee-plaisir.com\/fr\/wp-json\/wp\/v2\/pages"}],"about":[{"href":"https:\/\/www.plongee-plaisir.com\/fr\/wp-json\/wp\/v2\/types\/page"}],"author":[{"embeddable":true,"href":"https:\/\/www.plongee-plaisir.com\/fr\/wp-json\/wp\/v2\/users\/4"}],"replies":[{"embeddable":true,"href":"https:\/\/www.plongee-plaisir.com\/fr\/wp-json\/wp\/v2\/comments?post=5830"}],"version-history":[{"count":0,"href":"https:\/\/www.plongee-plaisir.com\/fr\/wp-json\/wp\/v2\/pages\/5830\/revisions"}],"wp:featuredmedia":[{"embeddable":true,"href":"https:\/\/www.plongee-plaisir.com\/fr\/wp-json\/wp\/v2\/media\/35158"}],"wp:attachment":[{"href":"https:\/\/www.plongee-plaisir.com\/fr\/wp-json\/wp\/v2\/media?parent=5830"}],"curies":[{"name":"wp","href":"https:\/\/api.w.org\/{rel}","templated":true}]}}