{"id":60857,"date":"2024-05-06T12:19:16","date_gmt":"2024-05-06T10:19:16","guid":{"rendered":"https:\/\/www.plongee-plaisir.com\/fr\/?page_id=60857"},"modified":"2024-05-07T10:36:24","modified_gmt":"2024-05-07T08:36:24","slug":"flamme-olympique","status":"publish","type":"page","link":"https:\/\/www.plongee-plaisir.com\/fr\/flamme-olympique\/","title":{"rendered":"Flamme Olympique"},"content":{"rendered":"\n<p class=\"wp-block-paragraph\">Parti de Gr\u00e8ce avec la flamme olympique, le Belem arrivera \u00e0 Marseille le mardi 8 mai 2024 avec Florent Manaudou comme premier relayeur.<\/p>\n\n\n\n<p class=\"wp-block-paragraph\">Ce n&rsquo;est pas la premi\u00e8re fois que Marseille re\u00e7oit la flamme olympique.<\/p>\n\n\n\n<p class=\"wp-block-paragraph\">Pour les jeux olympiques d&rsquo;hiver de 1968, la flamme olympique avait rejoint Grenoble en traversant le Vieux-Port de Marseille en janvier. \u00ab\u00a0Elle \u00e9tait port\u00e9e par le champion de France de chasse sous-marine Tony Salvatori. Il \u00e9tait accompagn\u00e9 dans cette travers\u00e9e symbolique par Amari, B\u00e9ranger, Gautier, Jouve, Mattio, Mazelier et Tomasseto. Peu de temps auparavant, \u00e0 Paris, trois champions de nage avec palmes, Selosse, Colasse et Mlle Eckstein avaient d\u00e9j\u00e0 particip\u00e9 au prestigieux relais.\u00a0\u00bb<\/p>\n\n\n\n<figure class=\"wp-block-image size-full\"><img decoding=\"async\" width=\"953\" height=\"757\" src=\"https:\/\/www.plongee-plaisir.com\/fr\/wp-content\/uploads\/2024\/05\/FFESSM_flamme_olympique-br.jpg\" alt=\"\" class=\"wp-image-60858\" srcset=\"https:\/\/www.plongee-plaisir.com\/fr\/wp-content\/uploads\/2024\/05\/FFESSM_flamme_olympique-br.jpg 953w, https:\/\/www.plongee-plaisir.com\/fr\/wp-content\/uploads\/2024\/05\/FFESSM_flamme_olympique-br-300x238.jpg 300w, https:\/\/www.plongee-plaisir.com\/fr\/wp-content\/uploads\/2024\/05\/FFESSM_flamme_olympique-br-768x610.jpg 768w, https:\/\/www.plongee-plaisir.com\/fr\/wp-content\/uploads\/2024\/05\/FFESSM_flamme_olympique-br-500x397.jpg 500w, https:\/\/www.plongee-plaisir.com\/fr\/wp-content\/uploads\/2024\/05\/FFESSM_flamme_olympique-br-800x635.jpg 800w, https:\/\/www.plongee-plaisir.com\/fr\/wp-content\/uploads\/2024\/05\/FFESSM_flamme_olympique-br-600x477.jpg 600w\" sizes=\"(max-width: 953px) 100vw, 953px\" \/><\/figure>\n\n\n\n<p class=\"wp-block-paragraph\">Extrait de <em>Une histoire de la plong\u00e9e et des sports subaquatiques<\/em>, A. Foret et P. Martin-Razi, Subaqua, 2007, p. 234. \u00a0Photo Munschy.<\/p>\n","protected":false},"excerpt":{"rendered":"<p>Parti de Gr\u00e8ce avec la flamme olympique, le Belem arrivera \u00e0 Marseille le mardi 8 mai 2024 avec Florent Manaudou comme premier relayeur. Ce n&rsquo;est pas la premi\u00e8re fois que Marseille re\u00e7oit la flamme olympique. Pour les jeux olympiques d&rsquo;hiver de 1968, la flamme olympique avait rejoint Grenoble en traversant le Vieux-Port de Marseille en [&hellip;]<\/p>\n","protected":false},"author":4,"featured_media":0,"parent":0,"menu_order":0,"comment_status":"closed","ping_status":"closed","template":"","meta":{"_crdt_document":"","_uag_custom_page_level_css":"","advgb_blocks_editor_width":"","advgb_blocks_columns_visual_guide":"","_genesis_hide_title":false,"_genesis_hide_breadcrumbs":false,"_genesis_hide_singular_image":false,"_genesis_hide_footer_widgets":false,"_genesis_custom_body_class":"","_genesis_custom_post_class":"","_genesis_layout":"","_vp_format_video_url":"","_vp_image_focal_point":[],"footnotes":""},"class_list":{"0":"post-60857","1":"page","2":"type-page","3":"status-publish","5":"entry"},"yoast_head":"<!-- This site is optimized with the Yoast SEO plugin v27.6 - https:\/\/yoast.com\/product\/yoast-seo-wordpress\/ -->\n<title>Flamme Olympique - Plong\u00e9e Plaisir, site officiel<\/title>\n<meta name=\"robots\" content=\"index, follow, max-snippet:-1, max-image-preview:large, max-video-preview:-1\" \/>\n<link rel=\"canonical\" href=\"https:\/\/www.plongee-plaisir.com\/fr\/flamme-olympique\/\" \/>\n<meta property=\"og:locale\" content=\"fr_FR\" \/>\n<meta property=\"og:type\" content=\"article\" \/>\n<meta property=\"og:title\" content=\"Flamme Olympique - Plong\u00e9e Plaisir, site officiel\" \/>\n<meta property=\"og:description\" content=\"Parti de Gr\u00e8ce avec la flamme olympique, le Belem arrivera \u00e0 Marseille le mardi 8 mai 2024 avec Florent Manaudou comme premier relayeur. Ce n&rsquo;est pas la premi\u00e8re fois que Marseille re\u00e7oit la flamme olympique. Pour les jeux olympiques d&rsquo;hiver de 1968, la flamme olympique avait rejoint Grenoble en traversant le Vieux-Port de Marseille en [&hellip;]\" \/>\n<meta property=\"og:url\" content=\"https:\/\/www.plongee-plaisir.com\/fr\/flamme-olympique\/\" \/>\n<meta property=\"og:site_name\" content=\"Plong\u00e9e Plaisir, site officiel\" \/>\n<meta property=\"article:modified_time\" content=\"2024-05-07T08:36:24+00:00\" \/>\n<meta property=\"og:image\" content=\"https:\/\/www.plongee-plaisir.com\/fr\/wp-content\/uploads\/2024\/05\/FFESSM_flamme_olympique-br.jpg\" \/>\n<meta name=\"twitter:card\" content=\"summary_large_image\" \/>\n<meta name=\"twitter:label1\" content=\"Dur\u00e9e de lecture estim\u00e9e\" \/>\n\t<meta name=\"twitter:data1\" content=\"1 minute\" \/>\n<script type=\"application\/ld+json\" class=\"yoast-schema-graph\">{\"@context\":\"https:\\\/\\\/schema.org\",\"@graph\":[{\"@type\":\"WebPage\",\"@id\":\"https:\\\/\\\/www.plongee-plaisir.com\\\/fr\\\/flamme-olympique\\\/\",\"url\":\"https:\\\/\\\/www.plongee-plaisir.com\\\/fr\\\/flamme-olympique\\\/\",\"name\":\"Flamme Olympique - Plong\u00e9e Plaisir, site officiel\",\"isPartOf\":{\"@id\":\"https:\\\/\\\/www.plongee-plaisir.com\\\/fr\\\/#website\"},\"primaryImageOfPage\":{\"@id\":\"https:\\\/\\\/www.plongee-plaisir.com\\\/fr\\\/flamme-olympique\\\/#primaryimage\"},\"image\":{\"@id\":\"https:\\\/\\\/www.plongee-plaisir.com\\\/fr\\\/flamme-olympique\\\/#primaryimage\"},\"thumbnailUrl\":\"https:\\\/\\\/www.plongee-plaisir.com\\\/fr\\\/wp-content\\\/uploads\\\/2024\\\/05\\\/FFESSM_flamme_olympique-br.jpg\",\"datePublished\":\"2024-05-06T10:19:16+00:00\",\"dateModified\":\"2024-05-07T08:36:24+00:00\",\"breadcrumb\":{\"@id\":\"https:\\\/\\\/www.plongee-plaisir.com\\\/fr\\\/flamme-olympique\\\/#breadcrumb\"},\"inLanguage\":\"fr-FR\",\"potentialAction\":[{\"@type\":\"ReadAction\",\"target\":[\"https:\\\/\\\/www.plongee-plaisir.com\\\/fr\\\/flamme-olympique\\\/\"]}]},{\"@type\":\"ImageObject\",\"inLanguage\":\"fr-FR\",\"@id\":\"https:\\\/\\\/www.plongee-plaisir.com\\\/fr\\\/flamme-olympique\\\/#primaryimage\",\"url\":\"https:\\\/\\\/www.plongee-plaisir.com\\\/fr\\\/wp-content\\\/uploads\\\/2024\\\/05\\\/FFESSM_flamme_olympique-br.jpg\",\"contentUrl\":\"https:\\\/\\\/www.plongee-plaisir.com\\\/fr\\\/wp-content\\\/uploads\\\/2024\\\/05\\\/FFESSM_flamme_olympique-br.jpg\",\"width\":953,\"height\":757},{\"@type\":\"BreadcrumbList\",\"@id\":\"https:\\\/\\\/www.plongee-plaisir.com\\\/fr\\\/flamme-olympique\\\/#breadcrumb\",\"itemListElement\":[{\"@type\":\"ListItem\",\"position\":1,\"name\":\"Accueil\",\"item\":\"https:\\\/\\\/www.plongee-plaisir.com\\\/fr\\\/\"},{\"@type\":\"ListItem\",\"position\":2,\"name\":\"Flamme Olympique\"}]},{\"@type\":\"WebSite\",\"@id\":\"https:\\\/\\\/www.plongee-plaisir.com\\\/fr\\\/#website\",\"url\":\"https:\\\/\\\/www.plongee-plaisir.com\\\/fr\\\/\",\"name\":\"Plong\u00e9e Plaisir, site officiel\",\"description\":\"Apprendre \u00e0 plonger - Learning to dive\",\"potentialAction\":[{\"@type\":\"SearchAction\",\"target\":{\"@type\":\"EntryPoint\",\"urlTemplate\":\"https:\\\/\\\/www.plongee-plaisir.com\\\/fr\\\/?s={search_term_string}\"},\"query-input\":{\"@type\":\"PropertyValueSpecification\",\"valueRequired\":true,\"valueName\":\"search_term_string\"}}],\"inLanguage\":\"fr-FR\"}]}<\/script>\n<!-- \/ Yoast SEO plugin. -->","yoast_head_json":{"title":"Flamme Olympique - Plong\u00e9e Plaisir, site officiel","robots":{"index":"index","follow":"follow","max-snippet":"max-snippet:-1","max-image-preview":"max-image-preview:large","max-video-preview":"max-video-preview:-1"},"canonical":"https:\/\/www.plongee-plaisir.com\/fr\/flamme-olympique\/","og_locale":"fr_FR","og_type":"article","og_title":"Flamme Olympique - Plong\u00e9e Plaisir, site officiel","og_description":"Parti de Gr\u00e8ce avec la flamme olympique, le Belem arrivera \u00e0 Marseille le mardi 8 mai 2024 avec Florent Manaudou comme premier relayeur. Ce n&rsquo;est pas la premi\u00e8re fois que Marseille re\u00e7oit la flamme olympique. Pour les jeux olympiques d&rsquo;hiver de 1968, la flamme olympique avait rejoint Grenoble en traversant le Vieux-Port de Marseille en [&hellip;]","og_url":"https:\/\/www.plongee-plaisir.com\/fr\/flamme-olympique\/","og_site_name":"Plong\u00e9e Plaisir, site officiel","article_modified_time":"2024-05-07T08:36:24+00:00","og_image":[{"url":"https:\/\/www.plongee-plaisir.com\/fr\/wp-content\/uploads\/2024\/05\/FFESSM_flamme_olympique-br.jpg","type":"","width":"","height":""}],"twitter_card":"summary_large_image","twitter_misc":{"Dur\u00e9e de lecture estim\u00e9e":"1 minute"},"schema":{"@context":"https:\/\/schema.org","@graph":[{"@type":"WebPage","@id":"https:\/\/www.plongee-plaisir.com\/fr\/flamme-olympique\/","url":"https:\/\/www.plongee-plaisir.com\/fr\/flamme-olympique\/","name":"Flamme Olympique - Plong\u00e9e Plaisir, site officiel","isPartOf":{"@id":"https:\/\/www.plongee-plaisir.com\/fr\/#website"},"primaryImageOfPage":{"@id":"https:\/\/www.plongee-plaisir.com\/fr\/flamme-olympique\/#primaryimage"},"image":{"@id":"https:\/\/www.plongee-plaisir.com\/fr\/flamme-olympique\/#primaryimage"},"thumbnailUrl":"https:\/\/www.plongee-plaisir.com\/fr\/wp-content\/uploads\/2024\/05\/FFESSM_flamme_olympique-br.jpg","datePublished":"2024-05-06T10:19:16+00:00","dateModified":"2024-05-07T08:36:24+00:00","breadcrumb":{"@id":"https:\/\/www.plongee-plaisir.com\/fr\/flamme-olympique\/#breadcrumb"},"inLanguage":"fr-FR","potentialAction":[{"@type":"ReadAction","target":["https:\/\/www.plongee-plaisir.com\/fr\/flamme-olympique\/"]}]},{"@type":"ImageObject","inLanguage":"fr-FR","@id":"https:\/\/www.plongee-plaisir.com\/fr\/flamme-olympique\/#primaryimage","url":"https:\/\/www.plongee-plaisir.com\/fr\/wp-content\/uploads\/2024\/05\/FFESSM_flamme_olympique-br.jpg","contentUrl":"https:\/\/www.plongee-plaisir.com\/fr\/wp-content\/uploads\/2024\/05\/FFESSM_flamme_olympique-br.jpg","width":953,"height":757},{"@type":"BreadcrumbList","@id":"https:\/\/www.plongee-plaisir.com\/fr\/flamme-olympique\/#breadcrumb","itemListElement":[{"@type":"ListItem","position":1,"name":"Accueil","item":"https:\/\/www.plongee-plaisir.com\/fr\/"},{"@type":"ListItem","position":2,"name":"Flamme Olympique"}]},{"@type":"WebSite","@id":"https:\/\/www.plongee-plaisir.com\/fr\/#website","url":"https:\/\/www.plongee-plaisir.com\/fr\/","name":"Plong\u00e9e Plaisir, site officiel","description":"Apprendre \u00e0 plonger - Learning to dive","potentialAction":[{"@type":"SearchAction","target":{"@type":"EntryPoint","urlTemplate":"https:\/\/www.plongee-plaisir.com\/fr\/?s={search_term_string}"},"query-input":{"@type":"PropertyValueSpecification","valueRequired":true,"valueName":"search_term_string"}}],"inLanguage":"fr-FR"}]}},"featured_image_src":null,"featured_image_src_square":null,"uagb_featured_image_src":{"full":false,"thumbnail":false,"medium":false,"medium_large":false,"large":false,"1536x1536":false,"2048x2048":false,"featured-content":false,"author-pro-image":false,"tb-timeline-landscape":false,"tb-timeline-square":false,"ultp_layout_landscape_large":false,"ultp_layout_landscape":false,"ultp_layout_portrait":false,"ultp_layout_square":false,"vp_sm":false,"vp_md":false,"vp_lg":false,"vp_xl":false,"vp_sm_popup":false,"vp_md_popup":false,"vp_xl_popup":false,"gb-block-post-grid-landscape":false,"gb-block-post-grid-square":false,"woocommerce_thumbnail":false,"woocommerce_single":false,"woocommerce_gallery_thumbnail":false,"sow-carousel-default":false},"uagb_author_info":{"display_name":"Alain Foret","author_link":"https:\/\/www.plongee-plaisir.com\/fr\/author\/plongeeplaisir\/"},"uagb_comment_info":0,"uagb_excerpt":"Parti de Gr\u00e8ce avec la flamme olympique, le Belem arrivera \u00e0 Marseille le mardi 8 mai 2024 avec Florent Manaudou comme premier relayeur. Ce n&rsquo;est pas la premi\u00e8re fois que Marseille re\u00e7oit la flamme olympique. Pour les jeux olympiques d&rsquo;hiver de 1968, la flamme olympique avait rejoint Grenoble en traversant le Vieux-Port de Marseille en\u2026","coauthors":[],"author_meta":{"author_link":"https:\/\/www.plongee-plaisir.com\/fr\/author\/plongeeplaisir\/","display_name":"Alain Foret"},"relative_dates":{"created":"Publi\u00e9 2 ans il y a","modified":"Mis \u00e0 jour 2 ans il y a"},"absolute_dates":{"created":"Publi\u00e9 le 6 mai 2024","modified":"Mise \u00e0 jour le 7 mai 2024"},"absolute_dates_time":{"created":"Publi\u00e9 le 6 mai 2024 12 h 19 min","modified":"Mise \u00e0 jour le 7 mai 2024 10 h 36 min"},"featured_img_caption":"","featured_img":false,"series_order":"","amp_enabled":true,"_links":{"self":[{"href":"https:\/\/www.plongee-plaisir.com\/fr\/wp-json\/wp\/v2\/pages\/60857","targetHints":{"allow":["GET"]}}],"collection":[{"href":"https:\/\/www.plongee-plaisir.com\/fr\/wp-json\/wp\/v2\/pages"}],"about":[{"href":"https:\/\/www.plongee-plaisir.com\/fr\/wp-json\/wp\/v2\/types\/page"}],"author":[{"embeddable":true,"href":"https:\/\/www.plongee-plaisir.com\/fr\/wp-json\/wp\/v2\/users\/4"}],"replies":[{"embeddable":true,"href":"https:\/\/www.plongee-plaisir.com\/fr\/wp-json\/wp\/v2\/comments?post=60857"}],"version-history":[{"count":0,"href":"https:\/\/www.plongee-plaisir.com\/fr\/wp-json\/wp\/v2\/pages\/60857\/revisions"}],"wp:attachment":[{"href":"https:\/\/www.plongee-plaisir.com\/fr\/wp-json\/wp\/v2\/media?parent=60857"}],"curies":[{"name":"wp","href":"https:\/\/api.w.org\/{rel}","templated":true}]}}