{"id":61292,"date":"2024-12-26T10:54:00","date_gmt":"2024-12-26T09:54:00","guid":{"rendered":"https:\/\/www.plongee-plaisir.com\/fr\/?page_id=61292"},"modified":"2024-12-26T12:56:46","modified_gmt":"2024-12-26T11:56:46","slug":"ordi-successives","status":"publish","type":"page","link":"https:\/\/www.plongee-plaisir.com\/fr\/ordi-successives\/","title":{"rendered":"Ordinateurs et plong\u00e9es successives"},"content":{"rendered":"\n<p class=\"has-vivid-red-color has-text-color has-normal-font-size wp-block-paragraph\"><a href=\"https:\/\/www.plongee-plaisir.com\/fr\/fiches-infos\/\">FICHES INFO<\/a> &gt; ORDINATEURS ET PLONG\u00c9ES SUCCESSIVES<\/p>\n\n\n\n<div class=\"wp-block-kadence-spacer aligncenter kt-block-spacer-61292_cb20c6-a3\"><div class=\"kt-block-spacer kt-block-spacer-halign-center\"><hr class=\"kt-divider\"\/><\/div><\/div>\n\n\n\n<h2 class=\"wp-block-heading\" id=\"plongees-successives-et-ordinateurs-de-plongee-cf7dcd06-ea2e-4ab8-9dd4-40b1285c8c28\">Plong\u00e9es successives et ordinateurs de plong\u00e9e<\/h2>\n\n\n\n<p class=\"wp-block-paragraph\">Selon les ordinateurs de plong\u00e9e, les plong\u00e9es successives sont plus ou moins major\u00e9es, ce qui conduit \u00e0 de grandes diff\u00e9rences de paliers. Les fabricants ne donnent aucune information \u00e0 ce propos dans les notices. Les vid\u00e9os et articles ci-dessous font le point.<\/p>\n\n\n\n<div class=\"wp-block-media-text is-stacked-on-mobile\" style=\"grid-template-columns:32% auto\"><figure class=\"wp-block-media-text__media\"><img decoding=\"async\" width=\"400\" height=\"599\" src=\"https:\/\/www.plongee-plaisir.com\/fr\/wp-content\/uploads\/2024\/11\/vignette-successives-haldane.jpg\" alt=\"\" class=\"wp-image-61534 size-full\" srcset=\"https:\/\/www.plongee-plaisir.com\/fr\/wp-content\/uploads\/2024\/11\/vignette-successives-haldane.jpg 400w, https:\/\/www.plongee-plaisir.com\/fr\/wp-content\/uploads\/2024\/11\/vignette-successives-haldane-200x300.jpg 200w, https:\/\/www.plongee-plaisir.com\/fr\/wp-content\/uploads\/2024\/11\/vignette-successives-haldane-300x449.jpg 300w\" sizes=\"(max-width: 400px) 100vw, 400px\" \/><\/figure><div class=\"wp-block-media-text__content\">\n<p class=\"wp-block-paragraph\">Les plong\u00e9es successives ne font pas partie de la mod\u00e9lisation de Haldane. En cons\u00e9quence, pour l\u2019ensemble des jeux de param\u00e8tres haldaniens (US-Navy, B\u00fchlmann (ZH-L), Marine nationale\u2026) la gestion des plong\u00e9es successives n\u00e9cessite la mise en place d\u2019une proc\u00e9dure additionnelle, avec des tables comme avec des ordinateurs de plong\u00e9e.<\/p>\n\n\n\n<p class=\"wp-block-paragraph\">Haldane avait signal\u00e9, d\u00e8s 1908, cette limite de sa mod\u00e9lisation.<\/p>\n\n\n\n<p class=\"wp-block-paragraph\">De 1908 \u00e0 1948, la seule proc\u00e9dure en vigueur \u00e9tait extr\u00eamement p\u00e9nalisante.<\/p>\n\n\n\n<p class=\"wp-block-paragraph\">\u00c0 partir de 1948, la proc\u00e9dure du Groupe de plong\u00e9es successives (GPS) est cr\u00e9\u00e9e par Jean Alinat au sein de la Marine nationale (GRS, GERS), afin d\u2019appliquer une majoration aux plong\u00e9es successives. Elle est ensuite reprise par toutes les tables de plong\u00e9e au monde et adapt\u00e9e, \u00e0 partir des ann\u00e9es 1980\/1990, dans les ordinateurs de plong\u00e9e.<\/p>\n\n\n\n<p class=\"wp-block-paragraph\"><strong>Conna\u00eetre ce cheminement historique permet de mieux comprendre la question des plong\u00e9es successives et de fournir des \u00e9l\u00e9ments de d\u00e9cision argument\u00e9s quant au choix des ordinateurs de plong\u00e9e<\/strong>.<\/p>\n\n\n\n<div class=\"wp-block-buttons is-layout-flex wp-block-buttons-is-layout-flex\">\n<div class=\"wp-block-button\"><a class=\"wp-block-button__link wp-element-button\" href=\"https:\/\/www.plongee-plaisir.com\/fr\/produit\/successives-haldane\/\">Acc\u00e8s \u00e0 la vid\u00e9o<\/a><\/div>\n<\/div>\n<\/div><\/div>\n\n\n\n<hr class=\"wp-block-separator has-alpha-channel-opacity\"\/>\n\n\n\n<div class=\"wp-block-media-text is-stacked-on-mobile\" style=\"grid-template-columns:32% auto\"><figure class=\"wp-block-media-text__media\"><img decoding=\"async\" width=\"892\" height=\"1172\" src=\"https:\/\/www.plongee-plaisir.com\/fr\/wp-content\/uploads\/2024\/12\/Capture-decran-2024-12-26-a-12.28.15.jpg\" alt=\"\" class=\"wp-image-62614 size-full\" srcset=\"https:\/\/www.plongee-plaisir.com\/fr\/wp-content\/uploads\/2024\/12\/Capture-decran-2024-12-26-a-12.28.15.jpg 892w, https:\/\/www.plongee-plaisir.com\/fr\/wp-content\/uploads\/2024\/12\/Capture-decran-2024-12-26-a-12.28.15-228x300.jpg 228w, https:\/\/www.plongee-plaisir.com\/fr\/wp-content\/uploads\/2024\/12\/Capture-decran-2024-12-26-a-12.28.15-768x1009.jpg 768w, https:\/\/www.plongee-plaisir.com\/fr\/wp-content\/uploads\/2024\/12\/Capture-decran-2024-12-26-a-12.28.15-500x657.jpg 500w, https:\/\/www.plongee-plaisir.com\/fr\/wp-content\/uploads\/2024\/12\/Capture-decran-2024-12-26-a-12.28.15-800x1051.jpg 800w, https:\/\/www.plongee-plaisir.com\/fr\/wp-content\/uploads\/2024\/12\/Capture-decran-2024-12-26-a-12.28.15-300x394.jpg 300w, https:\/\/www.plongee-plaisir.com\/fr\/wp-content\/uploads\/2024\/12\/Capture-decran-2024-12-26-a-12.28.15-600x788.jpg 600w\" sizes=\"(max-width: 892px) 100vw, 892px\" \/><\/figure><div class=\"wp-block-media-text__content\">\n<p class=\"wp-block-paragraph\">L&rsquo;article publi\u00e9 sur ResearchGate.<\/p>\n\n\n\n<div class=\"wp-block-buttons is-layout-flex wp-block-buttons-is-layout-flex\">\n<div class=\"wp-block-button\"><a class=\"wp-block-button__link wp-element-button\" href=\"https:\/\/www.researchgate.net\/publication\/385653865_Ordinateur_de_plongee_et_parametres_haldaniens_comment_gerer_les_plongees_successives?_tp=eyJjb250ZXh0Ijp7ImZpcnN0UGFnZSI6InByb2ZpbGUiLCJwYWdlIjoicHJvZmlsZSIsInBvc2l0aW9uIjoicGFnZUNvbnRlbnQifX0\" target=\"_blank\" rel=\"noreferrer noopener\">Acc\u00e8s \u00e0 l&rsquo;article en fran\u00e7ais<\/a><\/div>\n\n\n\n<div class=\"wp-block-button\"><a class=\"wp-block-button__link wp-element-button\" href=\"https:\/\/www.researchgate.net\/publication\/385653808_Dive_computers_and_Haldanian_sets_of_parametres_how_to_manage_repetitive_dives\" target=\"_blank\" rel=\"noreferrer noopener\">Acc\u00e8s \u00e0 l&rsquo;article en anglais<\/a><\/div>\n<\/div>\n<\/div><\/div>\n\n\n\n<hr class=\"wp-block-separator has-alpha-channel-opacity\"\/>\n\n\n\n<div class=\"wp-block-media-text is-stacked-on-mobile\" style=\"grid-template-columns:32% auto\"><figure class=\"wp-block-media-text__media\"><img decoding=\"async\" width=\"400\" height=\"599\" src=\"https:\/\/www.plongee-plaisir.com\/fr\/wp-content\/uploads\/2023\/11\/vignette-cours-successives.jpg\" alt=\"\" class=\"wp-image-59005 size-full\" srcset=\"https:\/\/www.plongee-plaisir.com\/fr\/wp-content\/uploads\/2023\/11\/vignette-cours-successives.jpg 400w, https:\/\/www.plongee-plaisir.com\/fr\/wp-content\/uploads\/2023\/11\/vignette-cours-successives-200x300.jpg 200w, https:\/\/www.plongee-plaisir.com\/fr\/wp-content\/uploads\/2023\/11\/vignette-cours-successives-300x449.jpg 300w\" sizes=\"(max-width: 400px) 100vw, 400px\" \/><\/figure><div class=\"wp-block-media-text__content\">\n<p class=\"wp-block-paragraph\">Sans information, l\u2019impl\u00e9mentation du jeu de param\u00e8tres ZH-L 16 C GF dans les ordinateurs de plong\u00e9e r\u00e9cents s\u2019est faite en occultant toute surp\u00e9nalisation sp\u00e9cifique des plong\u00e9es successives, sous la formule marketing \u00ab&nbsp;<strong>pur<\/strong>&nbsp;ZH-L 16 C&nbsp;\u00bb. En fait de \u00ab&nbsp;<strong>pur<\/strong>&nbsp;ZH-L 16 C&nbsp;\u00bb, il s\u2019agit d\u2019une absence d\u2019algorithme additionnel. &nbsp; Les r\u00e9sultats de nos tests men\u00e9s depuis 6 mois, qui seront pr\u00e9sent\u00e9s lors de cette visioconf\u00e9rence sont sans appel.&nbsp;<strong>Les \u00e9carts de dur\u00e9e de paliers entre ces ordinateurs et ceux int\u00e9grant un algorithme sp\u00e9cifique pour les successives peuvent aller du simple au triple !<\/strong>&nbsp;Pourquoi ce choix ou ce non-choix ? Quels risques associ\u00e9s ? Bien \u00e9videmment, on a du mal \u00e0 y croire. Et pourtant !<\/p>\n\n\n\n<div class=\"wp-block-buttons is-layout-flex wp-block-buttons-is-layout-flex\">\n<div class=\"wp-block-button\"><a class=\"wp-block-button__link wp-element-button\" href=\"https:\/\/www.plongee-plaisir.com\/fr\/produit\/zh-l-16-c-gf-et-absence-de-penalisation-des-plongees-successives\/\">Acc\u00e8s \u00e0 la vid\u00e9o<\/a><\/div>\n<\/div>\n<\/div><\/div>\n\n\n\n<hr class=\"wp-block-separator has-alpha-channel-opacity\"\/>\n\n\n\n<div class=\"wp-block-media-text is-stacked-on-mobile\" style=\"grid-template-columns:32% auto\"><figure class=\"wp-block-media-text__media\"><img decoding=\"async\" width=\"1024\" height=\"1330\" src=\"https:\/\/www.plongee-plaisir.com\/fr\/wp-content\/uploads\/2024\/12\/Capture-decran-2024-12-26-a-12.56.18-1024x1330.jpg\" alt=\"\" class=\"wp-image-62621 size-full\" srcset=\"https:\/\/www.plongee-plaisir.com\/fr\/wp-content\/uploads\/2024\/12\/Capture-decran-2024-12-26-a-12.56.18-1024x1330.jpg 1024w, https:\/\/www.plongee-plaisir.com\/fr\/wp-content\/uploads\/2024\/12\/Capture-decran-2024-12-26-a-12.56.18-231x300.jpg 231w, https:\/\/www.plongee-plaisir.com\/fr\/wp-content\/uploads\/2024\/12\/Capture-decran-2024-12-26-a-12.56.18-768x998.jpg 768w, https:\/\/www.plongee-plaisir.com\/fr\/wp-content\/uploads\/2024\/12\/Capture-decran-2024-12-26-a-12.56.18-500x650.jpg 500w, https:\/\/www.plongee-plaisir.com\/fr\/wp-content\/uploads\/2024\/12\/Capture-decran-2024-12-26-a-12.56.18-800x1039.jpg 800w, https:\/\/www.plongee-plaisir.com\/fr\/wp-content\/uploads\/2024\/12\/Capture-decran-2024-12-26-a-12.56.18-300x390.jpg 300w, https:\/\/www.plongee-plaisir.com\/fr\/wp-content\/uploads\/2024\/12\/Capture-decran-2024-12-26-a-12.56.18-600x780.jpg 600w, https:\/\/www.plongee-plaisir.com\/fr\/wp-content\/uploads\/2024\/12\/Capture-decran-2024-12-26-a-12.56.18.jpg 1096w\" sizes=\"(max-width: 1024px) 100vw, 1024px\" \/><\/figure><div class=\"wp-block-media-text__content\">\n<p class=\"wp-block-paragraph\">L&rsquo;article publi\u00e9 sur ResearchGate.<\/p>\n\n\n\n<div class=\"wp-block-buttons is-layout-flex wp-block-buttons-is-layout-flex\">\n<div class=\"wp-block-button\"><a class=\"wp-block-button__link wp-element-button\" href=\"https:\/\/www.researchgate.net\/publication\/376782530_Ordinateurs_de_plongee_et_absence_de_surpenalisation_des_plongees_successives_english_text_Dive_computers_and_no_extra_penalty_for_repetitive_dives_same_authors\/references\" target=\"_blank\" rel=\"noreferrer noopener\">Acc\u00e8s \u00e0 l&rsquo;article en fran\u00e7ais<\/a><\/div>\n\n\n\n<div class=\"wp-block-button\"><a class=\"wp-block-button__link wp-element-button\" href=\"https:\/\/www.researchgate.net\/publication\/376758406_Dive_computers_and_no_extra_penalty_for_repetitive_dives\" target=\"_blank\" rel=\"noreferrer noopener\">Acc\u00e8s \u00e0 l&rsquo;article en anglais<\/a><\/div>\n<\/div>\n<\/div><\/div>\n\n\n\n<div style=\"height:25px\" aria-hidden=\"true\" class=\"wp-block-spacer\"><\/div>\n\n\n\n<figure class=\"wp-block-image alignleft size-large is-resized is-style-default\"><img decoding=\"async\" width=\"102\" height=\"102\" src=\"https:\/\/www.plongee-plaisir.com\/fr\/wp-content\/uploads\/2021\/02\/carre.jpg\" alt=\"\" class=\"wp-image-48240\" style=\"width:36px;height:auto\" srcset=\"https:\/\/www.plongee-plaisir.com\/fr\/wp-content\/uploads\/2021\/02\/carre.jpg 102w, https:\/\/www.plongee-plaisir.com\/fr\/wp-content\/uploads\/2021\/02\/carre-100x100.jpg 100w\" sizes=\"(max-width: 102px) 100vw, 102px\" \/><\/figure>\n<style class=\"advgb-styles-renderer\">.wp-block-kadence-spacer.kt-block-spacer-61292_cb20c6-a3 .kt-block-spacer{height:17px;}.wp-block-kadence-spacer.kt-block-spacer-61292_cb20c6-a3 .kt-divider{border-top-width:10px;border-top-color:#e71f05;width:100%;border-top-style:solid;}<\/style>","protected":false},"excerpt":{"rendered":"<p>FICHES INFO &gt; ORDINATEURS ET PLONG\u00c9ES SUCCESSIVES Plong\u00e9es successives et ordinateurs de plong\u00e9e Selon les ordinateurs de plong\u00e9e, les plong\u00e9es successives sont plus ou moins major\u00e9es, ce qui conduit \u00e0 de grandes diff\u00e9rences de paliers. Les fabricants ne donnent aucune information \u00e0 ce propos dans les notices. Les vid\u00e9os et articles ci-dessous font le point.<\/p>\n","protected":false},"author":4,"featured_media":0,"parent":0,"menu_order":0,"comment_status":"closed","ping_status":"closed","template":"","meta":{"_crdt_document":"","_uag_custom_page_level_css":"","advgb_blocks_editor_width":"","advgb_blocks_columns_visual_guide":"","_genesis_hide_title":true,"_genesis_hide_breadcrumbs":false,"_genesis_hide_singular_image":false,"_genesis_hide_footer_widgets":false,"_genesis_custom_body_class":"","_genesis_custom_post_class":"","_genesis_layout":"content-sidebar","_vp_format_video_url":"","_vp_image_focal_point":[],"footnotes":""},"class_list":{"0":"post-61292","1":"page","2":"type-page","3":"status-publish","5":"entry"},"yoast_head":"<!-- This site is optimized with the Yoast SEO plugin v27.5 - https:\/\/yoast.com\/product\/yoast-seo-wordpress\/ -->\n<title>Ordinateurs et plong\u00e9es successives - Plong\u00e9e Plaisir, site officiel<\/title>\n<meta name=\"robots\" content=\"index, follow, max-snippet:-1, max-image-preview:large, max-video-preview:-1\" \/>\n<link rel=\"canonical\" href=\"https:\/\/www.plongee-plaisir.com\/fr\/ordi-successives\/\" \/>\n<meta property=\"og:locale\" content=\"fr_FR\" \/>\n<meta property=\"og:type\" content=\"article\" \/>\n<meta property=\"og:title\" content=\"Ordinateurs et plong\u00e9es successives - Plong\u00e9e Plaisir, site officiel\" \/>\n<meta property=\"og:description\" content=\"FICHES INFO &gt; ORDINATEURS ET PLONG\u00c9ES SUCCESSIVES Plong\u00e9es successives et ordinateurs de plong\u00e9e Selon les ordinateurs de plong\u00e9e, les plong\u00e9es successives sont plus ou moins major\u00e9es, ce qui conduit \u00e0 de grandes diff\u00e9rences de paliers. Les fabricants ne donnent aucune information \u00e0 ce propos dans les notices. Les vid\u00e9os et articles ci-dessous font le point.\" \/>\n<meta property=\"og:url\" content=\"https:\/\/www.plongee-plaisir.com\/fr\/ordi-successives\/\" \/>\n<meta property=\"og:site_name\" content=\"Plong\u00e9e Plaisir, site officiel\" \/>\n<meta property=\"article:modified_time\" content=\"2024-12-26T11:56:46+00:00\" \/>\n<meta property=\"og:image\" content=\"https:\/\/www.plongee-plaisir.com\/fr\/wp-content\/uploads\/2024\/11\/vignette-successives-haldane.jpg\" \/>\n\t<meta property=\"og:image:width\" content=\"400\" \/>\n\t<meta property=\"og:image:height\" content=\"599\" \/>\n\t<meta property=\"og:image:type\" content=\"image\/jpeg\" \/>\n<meta name=\"twitter:card\" content=\"summary_large_image\" \/>\n<meta name=\"twitter:label1\" content=\"Dur\u00e9e de lecture estim\u00e9e\" \/>\n\t<meta name=\"twitter:data1\" content=\"3 minutes\" \/>\n<script type=\"application\/ld+json\" class=\"yoast-schema-graph\">{\"@context\":\"https:\\\/\\\/schema.org\",\"@graph\":[{\"@type\":\"WebPage\",\"@id\":\"https:\\\/\\\/www.plongee-plaisir.com\\\/fr\\\/ordi-successives\\\/\",\"url\":\"https:\\\/\\\/www.plongee-plaisir.com\\\/fr\\\/ordi-successives\\\/\",\"name\":\"Ordinateurs et plong\u00e9es successives - Plong\u00e9e Plaisir, site officiel\",\"isPartOf\":{\"@id\":\"https:\\\/\\\/www.plongee-plaisir.com\\\/fr\\\/#website\"},\"primaryImageOfPage\":{\"@id\":\"https:\\\/\\\/www.plongee-plaisir.com\\\/fr\\\/ordi-successives\\\/#primaryimage\"},\"image\":{\"@id\":\"https:\\\/\\\/www.plongee-plaisir.com\\\/fr\\\/ordi-successives\\\/#primaryimage\"},\"thumbnailUrl\":\"https:\\\/\\\/www.plongee-plaisir.com\\\/fr\\\/wp-content\\\/uploads\\\/2024\\\/11\\\/vignette-successives-haldane.jpg\",\"datePublished\":\"2024-12-26T09:54:00+00:00\",\"dateModified\":\"2024-12-26T11:56:46+00:00\",\"breadcrumb\":{\"@id\":\"https:\\\/\\\/www.plongee-plaisir.com\\\/fr\\\/ordi-successives\\\/#breadcrumb\"},\"inLanguage\":\"fr-FR\",\"potentialAction\":[{\"@type\":\"ReadAction\",\"target\":[\"https:\\\/\\\/www.plongee-plaisir.com\\\/fr\\\/ordi-successives\\\/\"]}]},{\"@type\":\"ImageObject\",\"inLanguage\":\"fr-FR\",\"@id\":\"https:\\\/\\\/www.plongee-plaisir.com\\\/fr\\\/ordi-successives\\\/#primaryimage\",\"url\":\"https:\\\/\\\/www.plongee-plaisir.com\\\/fr\\\/wp-content\\\/uploads\\\/2024\\\/11\\\/vignette-successives-haldane.jpg\",\"contentUrl\":\"https:\\\/\\\/www.plongee-plaisir.com\\\/fr\\\/wp-content\\\/uploads\\\/2024\\\/11\\\/vignette-successives-haldane.jpg\",\"width\":400,\"height\":599},{\"@type\":\"BreadcrumbList\",\"@id\":\"https:\\\/\\\/www.plongee-plaisir.com\\\/fr\\\/ordi-successives\\\/#breadcrumb\",\"itemListElement\":[{\"@type\":\"ListItem\",\"position\":1,\"name\":\"Accueil\",\"item\":\"https:\\\/\\\/www.plongee-plaisir.com\\\/fr\\\/\"},{\"@type\":\"ListItem\",\"position\":2,\"name\":\"Ordinateurs et plong\u00e9es successives\"}]},{\"@type\":\"WebSite\",\"@id\":\"https:\\\/\\\/www.plongee-plaisir.com\\\/fr\\\/#website\",\"url\":\"https:\\\/\\\/www.plongee-plaisir.com\\\/fr\\\/\",\"name\":\"Plong\u00e9e Plaisir, site officiel\",\"description\":\"Apprendre \u00e0 plonger - Learning to dive\",\"potentialAction\":[{\"@type\":\"SearchAction\",\"target\":{\"@type\":\"EntryPoint\",\"urlTemplate\":\"https:\\\/\\\/www.plongee-plaisir.com\\\/fr\\\/?s={search_term_string}\"},\"query-input\":{\"@type\":\"PropertyValueSpecification\",\"valueRequired\":true,\"valueName\":\"search_term_string\"}}],\"inLanguage\":\"fr-FR\"}]}<\/script>\n<!-- \/ Yoast SEO plugin. -->","yoast_head_json":{"title":"Ordinateurs et plong\u00e9es successives - Plong\u00e9e Plaisir, site officiel","robots":{"index":"index","follow":"follow","max-snippet":"max-snippet:-1","max-image-preview":"max-image-preview:large","max-video-preview":"max-video-preview:-1"},"canonical":"https:\/\/www.plongee-plaisir.com\/fr\/ordi-successives\/","og_locale":"fr_FR","og_type":"article","og_title":"Ordinateurs et plong\u00e9es successives - Plong\u00e9e Plaisir, site officiel","og_description":"FICHES INFO &gt; ORDINATEURS ET PLONG\u00c9ES SUCCESSIVES Plong\u00e9es successives et ordinateurs de plong\u00e9e Selon les ordinateurs de plong\u00e9e, les plong\u00e9es successives sont plus ou moins major\u00e9es, ce qui conduit \u00e0 de grandes diff\u00e9rences de paliers. Les fabricants ne donnent aucune information \u00e0 ce propos dans les notices. Les vid\u00e9os et articles ci-dessous font le point.","og_url":"https:\/\/www.plongee-plaisir.com\/fr\/ordi-successives\/","og_site_name":"Plong\u00e9e Plaisir, site officiel","article_modified_time":"2024-12-26T11:56:46+00:00","og_image":[{"width":400,"height":599,"url":"https:\/\/www.plongee-plaisir.com\/fr\/wp-content\/uploads\/2024\/11\/vignette-successives-haldane.jpg","type":"image\/jpeg"}],"twitter_card":"summary_large_image","twitter_misc":{"Dur\u00e9e de lecture estim\u00e9e":"3 minutes"},"schema":{"@context":"https:\/\/schema.org","@graph":[{"@type":"WebPage","@id":"https:\/\/www.plongee-plaisir.com\/fr\/ordi-successives\/","url":"https:\/\/www.plongee-plaisir.com\/fr\/ordi-successives\/","name":"Ordinateurs et plong\u00e9es successives - Plong\u00e9e Plaisir, site officiel","isPartOf":{"@id":"https:\/\/www.plongee-plaisir.com\/fr\/#website"},"primaryImageOfPage":{"@id":"https:\/\/www.plongee-plaisir.com\/fr\/ordi-successives\/#primaryimage"},"image":{"@id":"https:\/\/www.plongee-plaisir.com\/fr\/ordi-successives\/#primaryimage"},"thumbnailUrl":"https:\/\/www.plongee-plaisir.com\/fr\/wp-content\/uploads\/2024\/11\/vignette-successives-haldane.jpg","datePublished":"2024-12-26T09:54:00+00:00","dateModified":"2024-12-26T11:56:46+00:00","breadcrumb":{"@id":"https:\/\/www.plongee-plaisir.com\/fr\/ordi-successives\/#breadcrumb"},"inLanguage":"fr-FR","potentialAction":[{"@type":"ReadAction","target":["https:\/\/www.plongee-plaisir.com\/fr\/ordi-successives\/"]}]},{"@type":"ImageObject","inLanguage":"fr-FR","@id":"https:\/\/www.plongee-plaisir.com\/fr\/ordi-successives\/#primaryimage","url":"https:\/\/www.plongee-plaisir.com\/fr\/wp-content\/uploads\/2024\/11\/vignette-successives-haldane.jpg","contentUrl":"https:\/\/www.plongee-plaisir.com\/fr\/wp-content\/uploads\/2024\/11\/vignette-successives-haldane.jpg","width":400,"height":599},{"@type":"BreadcrumbList","@id":"https:\/\/www.plongee-plaisir.com\/fr\/ordi-successives\/#breadcrumb","itemListElement":[{"@type":"ListItem","position":1,"name":"Accueil","item":"https:\/\/www.plongee-plaisir.com\/fr\/"},{"@type":"ListItem","position":2,"name":"Ordinateurs et plong\u00e9es successives"}]},{"@type":"WebSite","@id":"https:\/\/www.plongee-plaisir.com\/fr\/#website","url":"https:\/\/www.plongee-plaisir.com\/fr\/","name":"Plong\u00e9e Plaisir, site officiel","description":"Apprendre \u00e0 plonger - Learning to dive","potentialAction":[{"@type":"SearchAction","target":{"@type":"EntryPoint","urlTemplate":"https:\/\/www.plongee-plaisir.com\/fr\/?s={search_term_string}"},"query-input":{"@type":"PropertyValueSpecification","valueRequired":true,"valueName":"search_term_string"}}],"inLanguage":"fr-FR"}]}},"featured_image_src":null,"featured_image_src_square":null,"uagb_featured_image_src":{"full":false,"thumbnail":false,"medium":false,"medium_large":false,"large":false,"1536x1536":false,"2048x2048":false,"featured-content":false,"author-pro-image":false,"tb-timeline-landscape":false,"tb-timeline-square":false,"ultp_layout_landscape_large":false,"ultp_layout_landscape":false,"ultp_layout_portrait":false,"ultp_layout_square":false,"vp_sm":false,"vp_md":false,"vp_lg":false,"vp_xl":false,"vp_sm_popup":false,"vp_md_popup":false,"vp_xl_popup":false,"gb-block-post-grid-landscape":false,"gb-block-post-grid-square":false,"woocommerce_thumbnail":false,"woocommerce_single":false,"woocommerce_gallery_thumbnail":false,"sow-carousel-default":false},"uagb_author_info":{"display_name":"Alain Foret","author_link":"https:\/\/www.plongee-plaisir.com\/fr\/author\/plongeeplaisir\/"},"uagb_comment_info":0,"uagb_excerpt":"FICHES INFO &gt; ORDINATEURS ET PLONG\u00c9ES SUCCESSIVES Plong\u00e9es successives et ordinateurs de plong\u00e9e Selon les ordinateurs de plong\u00e9e, les plong\u00e9es successives sont plus ou moins major\u00e9es, ce qui conduit \u00e0 de grandes diff\u00e9rences de paliers. Les fabricants ne donnent aucune information \u00e0 ce propos dans les notices. Les vid\u00e9os et articles ci-dessous font le point.","coauthors":[],"author_meta":{"author_link":"https:\/\/www.plongee-plaisir.com\/fr\/author\/plongeeplaisir\/","display_name":"Alain Foret"},"relative_dates":{"created":"Publi\u00e9 1 an il y a","modified":"Mis \u00e0 jour 1 an il y a"},"absolute_dates":{"created":"Publi\u00e9 le 26 d\u00e9cembre 2024","modified":"Mise \u00e0 jour le 26 d\u00e9cembre 2024"},"absolute_dates_time":{"created":"Publi\u00e9 le 26 d\u00e9cembre 2024 10 h 54 min","modified":"Mise \u00e0 jour le 26 d\u00e9cembre 2024 12 h 56 min"},"featured_img_caption":"","featured_img":false,"series_order":"","amp_enabled":true,"_links":{"self":[{"href":"https:\/\/www.plongee-plaisir.com\/fr\/wp-json\/wp\/v2\/pages\/61292","targetHints":{"allow":["GET"]}}],"collection":[{"href":"https:\/\/www.plongee-plaisir.com\/fr\/wp-json\/wp\/v2\/pages"}],"about":[{"href":"https:\/\/www.plongee-plaisir.com\/fr\/wp-json\/wp\/v2\/types\/page"}],"author":[{"embeddable":true,"href":"https:\/\/www.plongee-plaisir.com\/fr\/wp-json\/wp\/v2\/users\/4"}],"replies":[{"embeddable":true,"href":"https:\/\/www.plongee-plaisir.com\/fr\/wp-json\/wp\/v2\/comments?post=61292"}],"version-history":[{"count":0,"href":"https:\/\/www.plongee-plaisir.com\/fr\/wp-json\/wp\/v2\/pages\/61292\/revisions"}],"wp:attachment":[{"href":"https:\/\/www.plongee-plaisir.com\/fr\/wp-json\/wp\/v2\/media?parent=61292"}],"curies":[{"name":"wp","href":"https:\/\/api.w.org\/{rel}","templated":true}]}}