{"id":63839,"date":"2025-10-30T12:41:24","date_gmt":"2025-10-30T11:41:24","guid":{"rendered":"https:\/\/www.plongee-plaisir.com\/fr\/?page_id=63839"},"modified":"2026-01-19T17:40:08","modified_gmt":"2026-01-19T16:40:08","slug":"code-du-sport-30-octobre-2025","status":"publish","type":"page","link":"https:\/\/www.plongee-plaisir.com\/fr\/code-du-sport-30-octobre-2025\/","title":{"rendered":"Code du sport, 30 octobre 2025 et 19 janvier 2026"},"content":{"rendered":"\n<p class=\"wp-block-paragraph\"><\/p>\n\n\n\n<p class=\"wp-block-paragraph\">L&rsquo;arr\u00eat\u00e9 du 17 octobre 2025 publi\u00e9 le 30 octobre 2025 modifie le code du sport relatif \u00e0 la plong\u00e9e :<\/p>\n\n\n\n<p class=\"wp-block-paragraph\"><\/p>\n\n\n\n<ul class=\"wp-block-list\">\n<li>Int\u00e9gration du BEPPA de la FFESSM. Rappel info FFESSM : \u00ab\u00a0Le&nbsp;<strong>BEPPA<\/strong>&nbsp;(brevet d\u2019enseignement de la plong\u00e9e profonde \u00e0 l\u2019air) permet aux MF1 (ou E3) \u00ab\u00a0plus\u00a0\u00bb le poss\u00e9dant de pratiquer l\u2019enseignement dans la zone des 40-60m\u00a0\u00bb ;<\/li>\n\n\n\n<li>Harmonisation de la r\u00e9daction concernant les plongeurs mineurs (et int\u00e9gration du nitrox).<\/li>\n<\/ul>\n\n\n\n<p class=\"wp-block-paragraph\">Plong\u00e9e Plaisir \/ Worldivers vous propose le texte consolid\u00e9, avec int\u00e9gration de la fiche d&rsquo;\u00e9vacuation et des tableaux annex\u00e9s, au format Word<sup>(R)<\/sup> ou PDF<sup>(R)<\/sup>.<\/p>\n\n\n\n<div style=\"height:49px\" aria-hidden=\"true\" class=\"wp-block-spacer\"><\/div>\n\n\n\n<p class=\"wp-block-paragraph\"><strong>\u00c0 noter :<\/strong><br>Le tableau de l\u2019<strong>Annexe III-15 b (art. A322-74)<\/strong>&nbsp;mis \u00e0 jour ce jour sur&nbsp;<a href=\"https:\/\/www.legifrance.gouv.fr\/codes\/article_lc\/LEGIARTI000025705123\">https:\/\/www.legifrance.gouv.fr\/codes\/article_lc\/LEGIARTI000025705123<\/a> pour le BEPPA, ne prend cependant (toujours) pas en compte les modifications de pr\u00e9rogatives des brevets d\u00e9livr\u00e9s par l\u2019\u00c9tat de 2017 (<a href=\"https:\/\/www.legifrance.gouv.fr\/codes\/id\/LEGIARTI000035285387\/2017-07-28\">https:\/\/www.legifrance.gouv.fr\/codes\/id\/LEGIARTI000035285387\/2017-07-28<\/a>) :<\/p>\n\n\n\n<ul class=\"wp-block-list\">\n<li>BPJEPS (E2 si \u00ab&nbsp;option A scaphandre&nbsp;\u00bb) \u2013 non mentionn\u00e9&nbsp;;<\/li>\n<\/ul>\n\n\n\n<ul class=\"wp-block-list\">\n<li>DEJEPS (E3 si \u00ab&nbsp;activit\u00e9s de la plong\u00e9e subaquatique&nbsp;\u00bb) &#8211; non mentionn\u00e9&nbsp;;<\/li>\n<\/ul>\n\n\n\n<p class=\"wp-block-paragraph\">De mani\u00e8re g\u00e9n\u00e9rale, pas de prise en compte du texte de 2017 sur les BP\/DE.<\/p>\n\n\n\n<p class=\"wp-block-paragraph\">Ce point est d\u00e9sormais corrig\u00e9 : <\/p>\n\n\n\n<p class=\"wp-block-paragraph\"><a href=\"https:\/\/www.legifrance.gouv.fr\/jorf\/id\/JORFTEXT000053374047\">https:\/\/www.legifrance.gouv.fr\/jorf\/id\/JORFTEXT000053374047<\/a><\/p>\n\n\n\n<p class=\"wp-block-paragraph\">Cordialement,<\/p>\n\n\n\n<p class=\"wp-block-paragraph\">Alain Foret<\/p>\n\n\n\n<p class=\"wp-block-paragraph\">Plong\u00e9e Plaisir &#8211; Worldivers<\/p>\n\n\n\n<div style=\"height:33px\" aria-hidden=\"true\" class=\"wp-block-spacer\"><\/div>\n","protected":false},"excerpt":{"rendered":"<p>L&rsquo;arr\u00eat\u00e9 du 17 octobre 2025 publi\u00e9 le 30 octobre 2025 modifie le code du sport relatif \u00e0 la plong\u00e9e : Plong\u00e9e Plaisir \/ Worldivers vous propose le texte consolid\u00e9, avec int\u00e9gration de la fiche d&rsquo;\u00e9vacuation et des tableaux annex\u00e9s, au format Word(R) ou PDF(R). \u00c0 noter :Le tableau de l\u2019Annexe III-15 b (art. A322-74)&nbsp;mis \u00e0 [&hellip;]<\/p>\n","protected":false},"author":4,"featured_media":0,"parent":0,"menu_order":0,"comment_status":"closed","ping_status":"closed","template":"","meta":{"_crdt_document":"","_uag_custom_page_level_css":"","advgb_blocks_editor_width":"","advgb_blocks_columns_visual_guide":"","_genesis_hide_title":false,"_genesis_hide_breadcrumbs":false,"_genesis_hide_singular_image":false,"_genesis_hide_footer_widgets":false,"_genesis_custom_body_class":"","_genesis_custom_post_class":"","_genesis_layout":"","_vp_format_video_url":"","_vp_image_focal_point":[],"footnotes":""},"class_list":{"0":"post-63839","1":"page","2":"type-page","3":"status-publish","5":"entry"},"yoast_head":"<!-- This site is optimized with the Yoast SEO plugin v27.5 - https:\/\/yoast.com\/product\/yoast-seo-wordpress\/ -->\n<title>Code du sport, 30 octobre 2025 et 19 janvier 2026 - Plong\u00e9e Plaisir, site officiel<\/title>\n<meta name=\"robots\" content=\"index, follow, max-snippet:-1, max-image-preview:large, max-video-preview:-1\" \/>\n<link rel=\"canonical\" href=\"https:\/\/www.plongee-plaisir.com\/fr\/code-du-sport-30-octobre-2025\/\" \/>\n<meta property=\"og:locale\" content=\"fr_FR\" \/>\n<meta property=\"og:type\" content=\"article\" \/>\n<meta property=\"og:title\" content=\"Code du sport, 30 octobre 2025 et 19 janvier 2026 - Plong\u00e9e Plaisir, site officiel\" \/>\n<meta property=\"og:description\" content=\"L&rsquo;arr\u00eat\u00e9 du 17 octobre 2025 publi\u00e9 le 30 octobre 2025 modifie le code du sport relatif \u00e0 la plong\u00e9e : Plong\u00e9e Plaisir \/ Worldivers vous propose le texte consolid\u00e9, avec int\u00e9gration de la fiche d&rsquo;\u00e9vacuation et des tableaux annex\u00e9s, au format Word(R) ou PDF(R). \u00c0 noter :Le tableau de l\u2019Annexe III-15 b (art. A322-74)&nbsp;mis \u00e0 [&hellip;]\" \/>\n<meta property=\"og:url\" content=\"https:\/\/www.plongee-plaisir.com\/fr\/code-du-sport-30-octobre-2025\/\" \/>\n<meta property=\"og:site_name\" content=\"Plong\u00e9e Plaisir, site officiel\" \/>\n<meta property=\"article:modified_time\" content=\"2026-01-19T16:40:08+00:00\" \/>\n<meta name=\"twitter:card\" content=\"summary_large_image\" \/>\n<meta name=\"twitter:label1\" content=\"Dur\u00e9e de lecture estim\u00e9e\" \/>\n\t<meta name=\"twitter:data1\" content=\"1 minute\" \/>\n<script type=\"application\/ld+json\" class=\"yoast-schema-graph\">{\"@context\":\"https:\\\/\\\/schema.org\",\"@graph\":[{\"@type\":\"WebPage\",\"@id\":\"https:\\\/\\\/www.plongee-plaisir.com\\\/fr\\\/code-du-sport-30-octobre-2025\\\/\",\"url\":\"https:\\\/\\\/www.plongee-plaisir.com\\\/fr\\\/code-du-sport-30-octobre-2025\\\/\",\"name\":\"Code du sport, 30 octobre 2025 et 19 janvier 2026 - Plong\u00e9e Plaisir, site officiel\",\"isPartOf\":{\"@id\":\"https:\\\/\\\/www.plongee-plaisir.com\\\/fr\\\/#website\"},\"datePublished\":\"2025-10-30T11:41:24+00:00\",\"dateModified\":\"2026-01-19T16:40:08+00:00\",\"breadcrumb\":{\"@id\":\"https:\\\/\\\/www.plongee-plaisir.com\\\/fr\\\/code-du-sport-30-octobre-2025\\\/#breadcrumb\"},\"inLanguage\":\"fr-FR\",\"potentialAction\":[{\"@type\":\"ReadAction\",\"target\":[\"https:\\\/\\\/www.plongee-plaisir.com\\\/fr\\\/code-du-sport-30-octobre-2025\\\/\"]}]},{\"@type\":\"BreadcrumbList\",\"@id\":\"https:\\\/\\\/www.plongee-plaisir.com\\\/fr\\\/code-du-sport-30-octobre-2025\\\/#breadcrumb\",\"itemListElement\":[{\"@type\":\"ListItem\",\"position\":1,\"name\":\"Accueil\",\"item\":\"https:\\\/\\\/www.plongee-plaisir.com\\\/fr\\\/\"},{\"@type\":\"ListItem\",\"position\":2,\"name\":\"Code du sport, 30 octobre 2025 et 19 janvier 2026\"}]},{\"@type\":\"WebSite\",\"@id\":\"https:\\\/\\\/www.plongee-plaisir.com\\\/fr\\\/#website\",\"url\":\"https:\\\/\\\/www.plongee-plaisir.com\\\/fr\\\/\",\"name\":\"Plong\u00e9e Plaisir, site officiel\",\"description\":\"Apprendre \u00e0 plonger - Learning to dive\",\"potentialAction\":[{\"@type\":\"SearchAction\",\"target\":{\"@type\":\"EntryPoint\",\"urlTemplate\":\"https:\\\/\\\/www.plongee-plaisir.com\\\/fr\\\/?s={search_term_string}\"},\"query-input\":{\"@type\":\"PropertyValueSpecification\",\"valueRequired\":true,\"valueName\":\"search_term_string\"}}],\"inLanguage\":\"fr-FR\"}]}<\/script>\n<!-- \/ Yoast SEO plugin. -->","yoast_head_json":{"title":"Code du sport, 30 octobre 2025 et 19 janvier 2026 - Plong\u00e9e Plaisir, site officiel","robots":{"index":"index","follow":"follow","max-snippet":"max-snippet:-1","max-image-preview":"max-image-preview:large","max-video-preview":"max-video-preview:-1"},"canonical":"https:\/\/www.plongee-plaisir.com\/fr\/code-du-sport-30-octobre-2025\/","og_locale":"fr_FR","og_type":"article","og_title":"Code du sport, 30 octobre 2025 et 19 janvier 2026 - Plong\u00e9e Plaisir, site officiel","og_description":"L&rsquo;arr\u00eat\u00e9 du 17 octobre 2025 publi\u00e9 le 30 octobre 2025 modifie le code du sport relatif \u00e0 la plong\u00e9e : Plong\u00e9e Plaisir \/ Worldivers vous propose le texte consolid\u00e9, avec int\u00e9gration de la fiche d&rsquo;\u00e9vacuation et des tableaux annex\u00e9s, au format Word(R) ou PDF(R). \u00c0 noter :Le tableau de l\u2019Annexe III-15 b (art. A322-74)&nbsp;mis \u00e0 [&hellip;]","og_url":"https:\/\/www.plongee-plaisir.com\/fr\/code-du-sport-30-octobre-2025\/","og_site_name":"Plong\u00e9e Plaisir, site officiel","article_modified_time":"2026-01-19T16:40:08+00:00","twitter_card":"summary_large_image","twitter_misc":{"Dur\u00e9e de lecture estim\u00e9e":"1 minute"},"schema":{"@context":"https:\/\/schema.org","@graph":[{"@type":"WebPage","@id":"https:\/\/www.plongee-plaisir.com\/fr\/code-du-sport-30-octobre-2025\/","url":"https:\/\/www.plongee-plaisir.com\/fr\/code-du-sport-30-octobre-2025\/","name":"Code du sport, 30 octobre 2025 et 19 janvier 2026 - Plong\u00e9e Plaisir, site officiel","isPartOf":{"@id":"https:\/\/www.plongee-plaisir.com\/fr\/#website"},"datePublished":"2025-10-30T11:41:24+00:00","dateModified":"2026-01-19T16:40:08+00:00","breadcrumb":{"@id":"https:\/\/www.plongee-plaisir.com\/fr\/code-du-sport-30-octobre-2025\/#breadcrumb"},"inLanguage":"fr-FR","potentialAction":[{"@type":"ReadAction","target":["https:\/\/www.plongee-plaisir.com\/fr\/code-du-sport-30-octobre-2025\/"]}]},{"@type":"BreadcrumbList","@id":"https:\/\/www.plongee-plaisir.com\/fr\/code-du-sport-30-octobre-2025\/#breadcrumb","itemListElement":[{"@type":"ListItem","position":1,"name":"Accueil","item":"https:\/\/www.plongee-plaisir.com\/fr\/"},{"@type":"ListItem","position":2,"name":"Code du sport, 30 octobre 2025 et 19 janvier 2026"}]},{"@type":"WebSite","@id":"https:\/\/www.plongee-plaisir.com\/fr\/#website","url":"https:\/\/www.plongee-plaisir.com\/fr\/","name":"Plong\u00e9e Plaisir, site officiel","description":"Apprendre \u00e0 plonger - Learning to dive","potentialAction":[{"@type":"SearchAction","target":{"@type":"EntryPoint","urlTemplate":"https:\/\/www.plongee-plaisir.com\/fr\/?s={search_term_string}"},"query-input":{"@type":"PropertyValueSpecification","valueRequired":true,"valueName":"search_term_string"}}],"inLanguage":"fr-FR"}]}},"featured_image_src":null,"featured_image_src_square":null,"uagb_featured_image_src":{"full":false,"thumbnail":false,"medium":false,"medium_large":false,"large":false,"1536x1536":false,"2048x2048":false,"featured-content":false,"author-pro-image":false,"tb-timeline-landscape":false,"tb-timeline-square":false,"ultp_layout_landscape_large":false,"ultp_layout_landscape":false,"ultp_layout_portrait":false,"ultp_layout_square":false,"vp_sm":false,"vp_md":false,"vp_lg":false,"vp_xl":false,"vp_sm_popup":false,"vp_md_popup":false,"vp_xl_popup":false,"gb-block-post-grid-landscape":false,"gb-block-post-grid-square":false,"woocommerce_thumbnail":false,"woocommerce_single":false,"woocommerce_gallery_thumbnail":false,"sow-carousel-default":false},"uagb_author_info":{"display_name":"Alain Foret","author_link":"https:\/\/www.plongee-plaisir.com\/fr\/author\/plongeeplaisir\/"},"uagb_comment_info":0,"uagb_excerpt":"L&rsquo;arr\u00eat\u00e9 du 17 octobre 2025 publi\u00e9 le 30 octobre 2025 modifie le code du sport relatif \u00e0 la plong\u00e9e : Plong\u00e9e Plaisir \/ Worldivers vous propose le texte consolid\u00e9, avec int\u00e9gration de la fiche d&rsquo;\u00e9vacuation et des tableaux annex\u00e9s, au format Word(R) ou PDF(R). \u00c0 noter :Le tableau de l\u2019Annexe III-15 b (art. A322-74)&nbsp;mis \u00e0\u2026","coauthors":[],"author_meta":{"author_link":"https:\/\/www.plongee-plaisir.com\/fr\/author\/plongeeplaisir\/","display_name":"Alain Foret"},"relative_dates":{"created":"Publi\u00e9 6 mois il y a","modified":"Mis \u00e0 jour 3 mois il y a"},"absolute_dates":{"created":"Publi\u00e9 le 30 octobre 2025","modified":"Mise \u00e0 jour le 19 janvier 2026"},"absolute_dates_time":{"created":"Publi\u00e9 le 30 octobre 2025 12 h 41 min","modified":"Mise \u00e0 jour le 19 janvier 2026 17 h 40 min"},"featured_img_caption":"","featured_img":false,"series_order":"","amp_enabled":true,"_links":{"self":[{"href":"https:\/\/www.plongee-plaisir.com\/fr\/wp-json\/wp\/v2\/pages\/63839","targetHints":{"allow":["GET"]}}],"collection":[{"href":"https:\/\/www.plongee-plaisir.com\/fr\/wp-json\/wp\/v2\/pages"}],"about":[{"href":"https:\/\/www.plongee-plaisir.com\/fr\/wp-json\/wp\/v2\/types\/page"}],"author":[{"embeddable":true,"href":"https:\/\/www.plongee-plaisir.com\/fr\/wp-json\/wp\/v2\/users\/4"}],"replies":[{"embeddable":true,"href":"https:\/\/www.plongee-plaisir.com\/fr\/wp-json\/wp\/v2\/comments?post=63839"}],"version-history":[{"count":0,"href":"https:\/\/www.plongee-plaisir.com\/fr\/wp-json\/wp\/v2\/pages\/63839\/revisions"}],"wp:attachment":[{"href":"https:\/\/www.plongee-plaisir.com\/fr\/wp-json\/wp\/v2\/media?parent=63839"}],"curies":[{"name":"wp","href":"https:\/\/api.w.org\/{rel}","templated":true}]}}