{"id":6412,"date":"2017-08-15T14:31:47","date_gmt":"2017-08-15T12:31:47","guid":{"rendered":"https:\/\/www.plongee-plaisir.com\/fr\/?p=6412"},"modified":"2021-04-04T19:05:03","modified_gmt":"2021-04-04T17:05:03","slug":"ou-se-former","status":"publish","type":"page","link":"https:\/\/www.plongee-plaisir.com\/fr\/ou-se-former\/","title":{"rendered":"O\u00f9 puis-je me former ?"},"content":{"rendered":"\n<p class=\"has-vivid-cyan-blue-color has-text-color wp-block-paragraph\"><a href=\"https:\/\/www.plongee-plaisir.com\/fr\/fiches-infos\/\">FICHES INFO<\/a> &gt; VOUS INITIER<\/p>\n\n\n\n<div class=\"wp-block-kadence-spacer aligncenter kt-block-spacer-_c2638d-86\"><div class=\"kt-block-spacer kt-block-spacer-halign-center\" style=\"height:6px\"><hr class=\"kt-divider\" style=\"border-top-color:rgba(142, 209, 252, 1);border-top-width:10px;width:100%;border-top-style:solid\"\/><\/div><\/div>\n\n\n\n<h1 class=\"wp-block-heading\">O\u00f9 puis-je me former ?<\/h1>\n\n\n\n<figure class=\"wp-block-image size-large is-style-default\"><img decoding=\"async\" width=\"1024\" height=\"625\" src=\"https:\/\/www.plongee-plaisir.com\/fr\/wp-content\/uploads\/2021\/03\/Stabilisation-1024x625.jpg\" alt=\"\" class=\"wp-image-50194\" srcset=\"https:\/\/www.plongee-plaisir.com\/fr\/wp-content\/uploads\/2021\/03\/Stabilisation-1024x625.jpg 1024w, https:\/\/www.plongee-plaisir.com\/fr\/wp-content\/uploads\/2021\/03\/Stabilisation-300x183.jpg 300w, https:\/\/www.plongee-plaisir.com\/fr\/wp-content\/uploads\/2021\/03\/Stabilisation-scaled-600x366.jpg 600w, https:\/\/www.plongee-plaisir.com\/fr\/wp-content\/uploads\/2021\/03\/Stabilisation-768x469.jpg 768w, https:\/\/www.plongee-plaisir.com\/fr\/wp-content\/uploads\/2021\/03\/Stabilisation-1536x938.jpg 1536w, https:\/\/www.plongee-plaisir.com\/fr\/wp-content\/uploads\/2021\/03\/Stabilisation-2048x1251.jpg 2048w\" sizes=\"(max-width: 1024px) 100vw, 1024px\" \/><\/figure>\n\n\n<p>En France, plus de 2000 structures enseignent la plong\u00e9e, sur tout le&nbsp;territoire. Vous pouvez les trouver dans l\u2019annuaire de la plong\u00e9e&nbsp;(<a href=\"http:\/\/www.annuairedelaplongee.com\/\" target=\"_blank\" rel=\"noopener noreferrer\">www.annuairedelaplongee.com<\/a>) ou&nbsp;bien directement sur le site web des&nbsp;organismes d\u2019enseignement :<\/p>\n<ul>\n<li><a href=\"http:\/\/www.ffessm.fr\/\" target=\"_blank\" rel=\"noopener noreferrer\">FFESSM<\/a>&nbsp;(annuaire des <a href=\"https:\/\/rechercheclub.ffessm.fr\">clubs et centres de plong\u00e9e<\/a>)<\/li>\n<li><a href=\"http:\/\/www.plongee.fsgt.org\/\" target=\"_blank\" rel=\"noopener noreferrer\">FSGT<\/a><\/li>\n<li><a href=\"http:\/\/www.anmp-plongee.com\/\" target=\"_blank\" rel=\"noopener noreferrer\">ANMP<\/a><\/li>\n<li><a href=\"http:\/\/www.snmp-plongee.com\/\" target=\"_blank\" rel=\"noopener noreferrer\">SNMP<\/a><\/li>\n<li><a href=\"http:\/\/www.ucpa-vacances.com\/sport\/plongee\/\" target=\"_blank\" rel=\"noopener noreferrer\">UCPA<\/a><\/li>\n<\/ul>\n<p>Les annuaires de la plong\u00e9e :<\/p>\n<ul>\n<li><a href=\"http:\/\/www.plongeeonline.com\" target=\"_blank\" rel=\"noopener noreferrer\">Plong\u00e9e Online<\/a><\/li>\n<li><a href=\"http:\/\/www.annuairedelaplongee.com\" target=\"_blank\" rel=\"noopener noreferrer\">L&rsquo;annuaire de la plong\u00e9e<\/a><\/li>\n<\/ul>\n\n\n<div class=\"wp-block-image is-style-default\"><figure class=\"alignleft size-large is-resized\"><img decoding=\"async\" src=\"https:\/\/www.plongee-plaisir.com\/fr\/wp-content\/uploads\/2021\/02\/carre.jpg\" alt=\"\" class=\"wp-image-48240\" width=\"30\" srcset=\"https:\/\/www.plongee-plaisir.com\/fr\/wp-content\/uploads\/2021\/02\/carre.jpg 102w, https:\/\/www.plongee-plaisir.com\/fr\/wp-content\/uploads\/2021\/02\/carre-100x100.jpg 100w\" sizes=\"(max-width: 102px) 100vw, 102px\" \/><\/figure><\/div>\n\n\n\n<p class=\"wp-block-paragraph\"><\/p>\n<style class=\"advgb-styles-renderer\">.wp-block-kadence-spacer.kt-block-spacer-_c2638d-86 .kt-block-spacer{height:6px;}.wp-block-kadence-spacer.kt-block-spacer-_c2638d-86 .kt-divider{border-top-width:10px;border-top-color:#8ed1fc;width:100%;border-top-style:solid;}<\/style>","protected":false},"excerpt":{"rendered":"<p>FICHES INFO &gt; VOUS INITIER O\u00f9 puis-je me former ? En France, plus de 2000 structures enseignent la plong\u00e9e, sur tout le&nbsp;territoire. Vous pouvez les trouver dans l\u2019annuaire de la plong\u00e9e&nbsp;(www.annuairedelaplongee.com) ou&nbsp;bien directement sur le site web des&nbsp;organismes d\u2019enseignement : FFESSM&nbsp;(annuaire des clubs et centres de plong\u00e9e) FSGT ANMP SNMP UCPA Les annuaires de la [&hellip;]<\/p>\n","protected":false},"author":4,"featured_media":6153,"parent":0,"menu_order":0,"comment_status":"open","ping_status":"open","template":"","meta":{"_crdt_document":"","_uag_custom_page_level_css":"","advgb_blocks_editor_width":"","advgb_blocks_columns_visual_guide":"","_genesis_hide_title":true,"_genesis_hide_breadcrumbs":false,"_genesis_hide_singular_image":false,"_genesis_hide_footer_widgets":false,"_genesis_custom_body_class":"","_genesis_custom_post_class":"","_genesis_layout":"content-sidebar","_vp_format_video_url":"","_vp_image_focal_point":[],"footnotes":""},"class_list":{"0":"post-6412","1":"page","2":"type-page","3":"status-publish","4":"has-post-thumbnail","6":"entry"},"yoast_head":"<!-- This site is optimized with the Yoast SEO plugin v27.5 - https:\/\/yoast.com\/product\/yoast-seo-wordpress\/ -->\n<title>O\u00f9 puis-je me former ? - Plong\u00e9e Plaisir, site officiel<\/title>\n<meta name=\"robots\" content=\"index, follow, max-snippet:-1, max-image-preview:large, max-video-preview:-1\" \/>\n<link rel=\"canonical\" href=\"https:\/\/www.plongee-plaisir.com\/fr\/ou-se-former\/\" \/>\n<meta property=\"og:locale\" content=\"fr_FR\" \/>\n<meta property=\"og:type\" content=\"article\" \/>\n<meta property=\"og:title\" content=\"O\u00f9 puis-je me former ? - Plong\u00e9e Plaisir, site officiel\" \/>\n<meta property=\"og:description\" content=\"FICHES INFO &gt; VOUS INITIER O\u00f9 puis-je me former ? En France, plus de 2000 structures enseignent la plong\u00e9e, sur tout le&nbsp;territoire. Vous pouvez les trouver dans l\u2019annuaire de la plong\u00e9e&nbsp;(www.annuairedelaplongee.com) ou&nbsp;bien directement sur le site web des&nbsp;organismes d\u2019enseignement : FFESSM&nbsp;(annuaire des clubs et centres de plong\u00e9e) FSGT ANMP SNMP UCPA Les annuaires de la [&hellip;]\" \/>\n<meta property=\"og:url\" content=\"https:\/\/www.plongee-plaisir.com\/fr\/ou-se-former\/\" \/>\n<meta property=\"og:site_name\" content=\"Plong\u00e9e Plaisir, site officiel\" \/>\n<meta property=\"article:modified_time\" content=\"2021-04-04T17:05:03+00:00\" \/>\n<meta property=\"og:image\" content=\"https:\/\/www.plongee-plaisir.com\/fr\/wp-content\/uploads\/2016\/07\/Fiches-infos3.png\" \/>\n\t<meta property=\"og:image:width\" content=\"1076\" \/>\n\t<meta property=\"og:image:height\" content=\"702\" \/>\n\t<meta property=\"og:image:type\" content=\"image\/png\" \/>\n<meta name=\"twitter:card\" content=\"summary_large_image\" \/>\n<meta name=\"twitter:label1\" content=\"Dur\u00e9e de lecture estim\u00e9e\" \/>\n\t<meta name=\"twitter:data1\" content=\"1 minute\" \/>\n<script type=\"application\/ld+json\" class=\"yoast-schema-graph\">{\"@context\":\"https:\\\/\\\/schema.org\",\"@graph\":[{\"@type\":\"WebPage\",\"@id\":\"https:\\\/\\\/www.plongee-plaisir.com\\\/fr\\\/ou-se-former\\\/\",\"url\":\"https:\\\/\\\/www.plongee-plaisir.com\\\/fr\\\/ou-se-former\\\/\",\"name\":\"O\u00f9 puis-je me former ? - Plong\u00e9e Plaisir, site officiel\",\"isPartOf\":{\"@id\":\"https:\\\/\\\/www.plongee-plaisir.com\\\/fr\\\/#website\"},\"primaryImageOfPage\":{\"@id\":\"https:\\\/\\\/www.plongee-plaisir.com\\\/fr\\\/ou-se-former\\\/#primaryimage\"},\"image\":{\"@id\":\"https:\\\/\\\/www.plongee-plaisir.com\\\/fr\\\/ou-se-former\\\/#primaryimage\"},\"thumbnailUrl\":\"https:\\\/\\\/www.plongee-plaisir.com\\\/fr\\\/wp-content\\\/uploads\\\/2016\\\/07\\\/Fiches-infos3.png\",\"datePublished\":\"2017-08-15T12:31:47+00:00\",\"dateModified\":\"2021-04-04T17:05:03+00:00\",\"breadcrumb\":{\"@id\":\"https:\\\/\\\/www.plongee-plaisir.com\\\/fr\\\/ou-se-former\\\/#breadcrumb\"},\"inLanguage\":\"fr-FR\",\"potentialAction\":[{\"@type\":\"ReadAction\",\"target\":[\"https:\\\/\\\/www.plongee-plaisir.com\\\/fr\\\/ou-se-former\\\/\"]}]},{\"@type\":\"ImageObject\",\"inLanguage\":\"fr-FR\",\"@id\":\"https:\\\/\\\/www.plongee-plaisir.com\\\/fr\\\/ou-se-former\\\/#primaryimage\",\"url\":\"https:\\\/\\\/www.plongee-plaisir.com\\\/fr\\\/wp-content\\\/uploads\\\/2016\\\/07\\\/Fiches-infos3.png\",\"contentUrl\":\"https:\\\/\\\/www.plongee-plaisir.com\\\/fr\\\/wp-content\\\/uploads\\\/2016\\\/07\\\/Fiches-infos3.png\",\"width\":1076,\"height\":702,\"caption\":\"Fiches infos Plong\u00e9e Plaisir\"},{\"@type\":\"BreadcrumbList\",\"@id\":\"https:\\\/\\\/www.plongee-plaisir.com\\\/fr\\\/ou-se-former\\\/#breadcrumb\",\"itemListElement\":[{\"@type\":\"ListItem\",\"position\":1,\"name\":\"Accueil\",\"item\":\"https:\\\/\\\/www.plongee-plaisir.com\\\/fr\\\/\"},{\"@type\":\"ListItem\",\"position\":2,\"name\":\"O\u00f9 puis-je me former ?\"}]},{\"@type\":\"WebSite\",\"@id\":\"https:\\\/\\\/www.plongee-plaisir.com\\\/fr\\\/#website\",\"url\":\"https:\\\/\\\/www.plongee-plaisir.com\\\/fr\\\/\",\"name\":\"Plong\u00e9e Plaisir, site officiel\",\"description\":\"Apprendre \u00e0 plonger - Learning to dive\",\"potentialAction\":[{\"@type\":\"SearchAction\",\"target\":{\"@type\":\"EntryPoint\",\"urlTemplate\":\"https:\\\/\\\/www.plongee-plaisir.com\\\/fr\\\/?s={search_term_string}\"},\"query-input\":{\"@type\":\"PropertyValueSpecification\",\"valueRequired\":true,\"valueName\":\"search_term_string\"}}],\"inLanguage\":\"fr-FR\"}]}<\/script>\n<!-- \/ Yoast SEO plugin. -->","yoast_head_json":{"title":"O\u00f9 puis-je me former ? - Plong\u00e9e Plaisir, site officiel","robots":{"index":"index","follow":"follow","max-snippet":"max-snippet:-1","max-image-preview":"max-image-preview:large","max-video-preview":"max-video-preview:-1"},"canonical":"https:\/\/www.plongee-plaisir.com\/fr\/ou-se-former\/","og_locale":"fr_FR","og_type":"article","og_title":"O\u00f9 puis-je me former ? - Plong\u00e9e Plaisir, site officiel","og_description":"FICHES INFO &gt; VOUS INITIER O\u00f9 puis-je me former ? En France, plus de 2000 structures enseignent la plong\u00e9e, sur tout le&nbsp;territoire. Vous pouvez les trouver dans l\u2019annuaire de la plong\u00e9e&nbsp;(www.annuairedelaplongee.com) ou&nbsp;bien directement sur le site web des&nbsp;organismes d\u2019enseignement : FFESSM&nbsp;(annuaire des clubs et centres de plong\u00e9e) FSGT ANMP SNMP UCPA Les annuaires de la [&hellip;]","og_url":"https:\/\/www.plongee-plaisir.com\/fr\/ou-se-former\/","og_site_name":"Plong\u00e9e Plaisir, site officiel","article_modified_time":"2021-04-04T17:05:03+00:00","og_image":[{"width":1076,"height":702,"url":"https:\/\/www.plongee-plaisir.com\/fr\/wp-content\/uploads\/2016\/07\/Fiches-infos3.png","type":"image\/png"}],"twitter_card":"summary_large_image","twitter_misc":{"Dur\u00e9e de lecture estim\u00e9e":"1 minute"},"schema":{"@context":"https:\/\/schema.org","@graph":[{"@type":"WebPage","@id":"https:\/\/www.plongee-plaisir.com\/fr\/ou-se-former\/","url":"https:\/\/www.plongee-plaisir.com\/fr\/ou-se-former\/","name":"O\u00f9 puis-je me former ? - Plong\u00e9e Plaisir, site officiel","isPartOf":{"@id":"https:\/\/www.plongee-plaisir.com\/fr\/#website"},"primaryImageOfPage":{"@id":"https:\/\/www.plongee-plaisir.com\/fr\/ou-se-former\/#primaryimage"},"image":{"@id":"https:\/\/www.plongee-plaisir.com\/fr\/ou-se-former\/#primaryimage"},"thumbnailUrl":"https:\/\/www.plongee-plaisir.com\/fr\/wp-content\/uploads\/2016\/07\/Fiches-infos3.png","datePublished":"2017-08-15T12:31:47+00:00","dateModified":"2021-04-04T17:05:03+00:00","breadcrumb":{"@id":"https:\/\/www.plongee-plaisir.com\/fr\/ou-se-former\/#breadcrumb"},"inLanguage":"fr-FR","potentialAction":[{"@type":"ReadAction","target":["https:\/\/www.plongee-plaisir.com\/fr\/ou-se-former\/"]}]},{"@type":"ImageObject","inLanguage":"fr-FR","@id":"https:\/\/www.plongee-plaisir.com\/fr\/ou-se-former\/#primaryimage","url":"https:\/\/www.plongee-plaisir.com\/fr\/wp-content\/uploads\/2016\/07\/Fiches-infos3.png","contentUrl":"https:\/\/www.plongee-plaisir.com\/fr\/wp-content\/uploads\/2016\/07\/Fiches-infos3.png","width":1076,"height":702,"caption":"Fiches infos Plong\u00e9e Plaisir"},{"@type":"BreadcrumbList","@id":"https:\/\/www.plongee-plaisir.com\/fr\/ou-se-former\/#breadcrumb","itemListElement":[{"@type":"ListItem","position":1,"name":"Accueil","item":"https:\/\/www.plongee-plaisir.com\/fr\/"},{"@type":"ListItem","position":2,"name":"O\u00f9 puis-je me former ?"}]},{"@type":"WebSite","@id":"https:\/\/www.plongee-plaisir.com\/fr\/#website","url":"https:\/\/www.plongee-plaisir.com\/fr\/","name":"Plong\u00e9e Plaisir, site officiel","description":"Apprendre \u00e0 plonger - Learning to dive","potentialAction":[{"@type":"SearchAction","target":{"@type":"EntryPoint","urlTemplate":"https:\/\/www.plongee-plaisir.com\/fr\/?s={search_term_string}"},"query-input":{"@type":"PropertyValueSpecification","valueRequired":true,"valueName":"search_term_string"}}],"inLanguage":"fr-FR"}]}},"featured_image_src":"https:\/\/www.plongee-plaisir.com\/fr\/wp-content\/uploads\/2016\/07\/Fiches-infos3.png","featured_image_src_square":"https:\/\/www.plongee-plaisir.com\/fr\/wp-content\/uploads\/2016\/07\/Fiches-infos3.png","uagb_featured_image_src":{"full":["https:\/\/www.plongee-plaisir.com\/fr\/wp-content\/uploads\/2016\/07\/Fiches-infos3.png",1076,702,false],"thumbnail":["https:\/\/www.plongee-plaisir.com\/fr\/wp-content\/uploads\/2016\/07\/Fiches-infos3-150x150.png",150,150,true],"medium":["https:\/\/www.plongee-plaisir.com\/fr\/wp-content\/uploads\/2016\/07\/Fiches-infos3-300x196.png",300,196,true],"medium_large":["https:\/\/www.plongee-plaisir.com\/fr\/wp-content\/uploads\/2016\/07\/Fiches-infos3-768x501.png",768,501,true],"large":["https:\/\/www.plongee-plaisir.com\/fr\/wp-content\/uploads\/2016\/07\/Fiches-infos3-1024x668.png",1024,668,true],"1536x1536":["https:\/\/www.plongee-plaisir.com\/fr\/wp-content\/uploads\/2016\/07\/Fiches-infos3.png",1076,702,false],"2048x2048":["https:\/\/www.plongee-plaisir.com\/fr\/wp-content\/uploads\/2016\/07\/Fiches-infos3.png",1076,702,false],"featured-content":["https:\/\/www.plongee-plaisir.com\/fr\/wp-content\/uploads\/2016\/07\/Fiches-infos3-800x702.png",800,702,true],"author-pro-image":["https:\/\/www.plongee-plaisir.com\/fr\/wp-content\/uploads\/2016\/07\/Fiches-infos3-360x570.png",360,570,true],"tb-timeline-landscape":["https:\/\/www.plongee-plaisir.com\/fr\/wp-content\/uploads\/2016\/07\/Fiches-infos3.png",600,391,false],"tb-timeline-square":["https:\/\/www.plongee-plaisir.com\/fr\/wp-content\/uploads\/2016\/07\/Fiches-infos3.png",600,391,false],"ultp_layout_landscape_large":["https:\/\/www.plongee-plaisir.com\/fr\/wp-content\/uploads\/2016\/07\/Fiches-infos3.png",1076,702,false],"ultp_layout_landscape":["https:\/\/www.plongee-plaisir.com\/fr\/wp-content\/uploads\/2016\/07\/Fiches-infos3.png",870,568,false],"ultp_layout_portrait":["https:\/\/www.plongee-plaisir.com\/fr\/wp-content\/uploads\/2016\/07\/Fiches-infos3.png",600,391,false],"ultp_layout_square":["https:\/\/www.plongee-plaisir.com\/fr\/wp-content\/uploads\/2016\/07\/Fiches-infos3.png",600,391,false],"vp_sm":["https:\/\/www.plongee-plaisir.com\/fr\/wp-content\/uploads\/2016\/07\/Fiches-infos3.png",500,326,false],"vp_md":["https:\/\/www.plongee-plaisir.com\/fr\/wp-content\/uploads\/2016\/07\/Fiches-infos3.png",800,522,false],"vp_lg":["https:\/\/www.plongee-plaisir.com\/fr\/wp-content\/uploads\/2016\/07\/Fiches-infos3.png",1076,702,false],"vp_xl":["https:\/\/www.plongee-plaisir.com\/fr\/wp-content\/uploads\/2016\/07\/Fiches-infos3.png",1076,702,false],"vp_sm_popup":["https:\/\/www.plongee-plaisir.com\/fr\/wp-content\/uploads\/2016\/07\/Fiches-infos3.png",500,326,false],"vp_md_popup":["https:\/\/www.plongee-plaisir.com\/fr\/wp-content\/uploads\/2016\/07\/Fiches-infos3.png",800,522,false],"vp_xl_popup":["https:\/\/www.plongee-plaisir.com\/fr\/wp-content\/uploads\/2016\/07\/Fiches-infos3.png",1076,702,false],"gb-block-post-grid-landscape":["https:\/\/www.plongee-plaisir.com\/fr\/wp-content\/uploads\/2016\/07\/Fiches-infos3.png",600,391,false],"gb-block-post-grid-square":["https:\/\/www.plongee-plaisir.com\/fr\/wp-content\/uploads\/2016\/07\/Fiches-infos3.png",600,391,false],"woocommerce_thumbnail":["https:\/\/www.plongee-plaisir.com\/fr\/wp-content\/uploads\/2016\/07\/Fiches-infos3-300x196.png",300,196,true],"woocommerce_single":["https:\/\/www.plongee-plaisir.com\/fr\/wp-content\/uploads\/2016\/07\/Fiches-infos3-600x391.png",600,391,true],"woocommerce_gallery_thumbnail":["https:\/\/www.plongee-plaisir.com\/fr\/wp-content\/uploads\/2016\/07\/Fiches-infos3-100x100.png",100,100,true],"sow-carousel-default":["https:\/\/www.plongee-plaisir.com\/fr\/wp-content\/uploads\/2016\/07\/Fiches-infos3-272x182.png",272,182,true]},"uagb_author_info":{"display_name":"Alain Foret","author_link":"https:\/\/www.plongee-plaisir.com\/fr\/author\/plongeeplaisir\/"},"uagb_comment_info":0,"uagb_excerpt":"FICHES INFO &gt; VOUS INITIER O\u00f9 puis-je me former ? En France, plus de 2000 structures enseignent la plong\u00e9e, sur tout le&nbsp;territoire. Vous pouvez les trouver dans l\u2019annuaire de la plong\u00e9e&nbsp;(www.annuairedelaplongee.com) ou&nbsp;bien directement sur le site web des&nbsp;organismes d\u2019enseignement : FFESSM&nbsp;(annuaire des clubs et centres de plong\u00e9e) FSGT ANMP SNMP UCPA Les annuaires de la\u2026","coauthors":[],"author_meta":{"author_link":"https:\/\/www.plongee-plaisir.com\/fr\/author\/plongeeplaisir\/","display_name":"Alain Foret"},"relative_dates":{"created":"Publi\u00e9 9 ans il y a","modified":"Mis \u00e0 jour 5 ans il y a"},"absolute_dates":{"created":"Publi\u00e9 le 15 ao\u00fbt 2017","modified":"Mise \u00e0 jour le 4 avril 2021"},"absolute_dates_time":{"created":"Publi\u00e9 le 15 ao\u00fbt 2017 14 h 31 min","modified":"Mise \u00e0 jour le 4 avril 2021 19 h 05 min"},"featured_img_caption":"","featured_img":"https:\/\/www.plongee-plaisir.com\/fr\/wp-content\/uploads\/2016\/07\/Fiches-infos3.png","series_order":"","amp_enabled":true,"_links":{"self":[{"href":"https:\/\/www.plongee-plaisir.com\/fr\/wp-json\/wp\/v2\/pages\/6412","targetHints":{"allow":["GET"]}}],"collection":[{"href":"https:\/\/www.plongee-plaisir.com\/fr\/wp-json\/wp\/v2\/pages"}],"about":[{"href":"https:\/\/www.plongee-plaisir.com\/fr\/wp-json\/wp\/v2\/types\/page"}],"author":[{"embeddable":true,"href":"https:\/\/www.plongee-plaisir.com\/fr\/wp-json\/wp\/v2\/users\/4"}],"replies":[{"embeddable":true,"href":"https:\/\/www.plongee-plaisir.com\/fr\/wp-json\/wp\/v2\/comments?post=6412"}],"version-history":[{"count":0,"href":"https:\/\/www.plongee-plaisir.com\/fr\/wp-json\/wp\/v2\/pages\/6412\/revisions"}],"wp:featuredmedia":[{"embeddable":true,"href":"https:\/\/www.plongee-plaisir.com\/fr\/wp-json\/wp\/v2\/media\/6153"}],"wp:attachment":[{"href":"https:\/\/www.plongee-plaisir.com\/fr\/wp-json\/wp\/v2\/media?parent=6412"}],"curies":[{"name":"wp","href":"https:\/\/api.w.org\/{rel}","templated":true}]}}