{"id":6875,"date":"2017-08-25T16:37:02","date_gmt":"2017-08-25T14:37:02","guid":{"rendered":"https:\/\/www.plongee-plaisir.com\/fr\/?p=6875"},"modified":"2021-04-04T19:30:48","modified_gmt":"2021-04-04T17:30:48","slug":"efforts-favorisent-add","status":"publish","type":"page","link":"https:\/\/www.plongee-plaisir.com\/fr\/efforts-favorisent-add\/","title":{"rendered":"Les efforts favorisent les ADD"},"content":{"rendered":"\n<p class=\"has-luminous-vivid-orange-color has-text-color wp-block-paragraph\"><a href=\"https:\/\/www.plongee-plaisir.com\/fr\/fiches-infos\/\">FICHES INFO<\/a> &gt; VOUS PERFECTIONNER<\/p>\n\n\n\n<div class=\"wp-block-kadence-spacer aligncenter kt-block-spacer-_c2638d-86\"><div class=\"kt-block-spacer kt-block-spacer-halign-center\" style=\"height:6px\"><hr class=\"kt-divider\" style=\"border-top-color:rgba(255, 105, 0, 1);border-top-width:10px;width:100%;border-top-style:solid\"\/><\/div><\/div>\n\n\n\n<h1 class=\"wp-block-heading\">Les efforts favorisent les ADD<\/h1>\n\n\n<h2>Efforts en plong\u00e9e<\/h2>\n<p>Julien Hugon dans sa th\u00e8se soutenue en 2010 \u00e0 Marseille sur la \u00ab mod\u00e9lisation biophysique de la d\u00e9compression \u00bb nous semble r\u00e9sumer parfaitement la situation : \u00ab Le fait de pratiquer des efforts lors d\u2019une exposition augmente le risque de g\u00e9n\u00e9rer un accident de d\u00e9compression (Vann et Thalmann 1993). Ceci tient au fait qu\u2019une activation de la circulation augmente la vitesse de saturation de certains tissus (muscles squelettiques, peau, tendons&#8230;). Aussi, pour un m\u00eame type d\u2019exposition, la quantit\u00e9 de gaz que l\u2019on peut dissoudre dans l\u2019organisme peut \u00eatre nettement sup\u00e9rieure si des exercices sont pratiqu\u00e9s, ce en comparaison d\u2019une situation au repos. Pour se pr\u00e9munir contre l\u2019accident de d\u00e9compression de mani\u00e8re efficace, les dur\u00e9es des d\u00e9compressions doivent alors \u00eatre major\u00e9es (Vann et Thalmann 1993) \u00bb.<\/p>\n<h2>Effort apr\u00e8s la plong\u00e9e<\/h2>\n<p>Tous les auteurs semblent unanimes sur la question.<\/p>\n<p>Selon Julien Hugon, d\u00e9j\u00e0 cit\u00e9 ci-dessus : \u00ab Apr\u00e8s une d\u00e9compression, les efforts sont \u00e0 \u00e9viter. Il est en effet reconnu comme dangereux d\u2019activer le m\u00e9tabolisme alors que des microbulles et des bulles sont d\u00e9j\u00e0 form\u00e9es. Le repos est plut\u00f4t vivement conseill\u00e9. En outre, un sympt\u00f4me survenant \u00e0 la suite d\u2019une d\u00e9compression et disparaissant par la suite peut r\u00e9appara\u00eetre tr\u00e8s rapidement si le sujet ne se m\u00e9nage pas.<\/p>\n<p>Il est int\u00e9ressant de noter que les d\u00e9lais d\u2019apparition des premiers sympt\u00f4mes sont r\u00e9duits pour les sujets ne se m\u00e9nageant pas apr\u00e8s la d\u00e9compression. L\u2019anecdote relat\u00e9e par Hills (1977) est \u00e0 ce titre un bon exemple : certains p\u00eacheurs de perle choisissaient de travailler vigoureusement apr\u00e8s la plong\u00e9e de mani\u00e8re \u00e0 activer l\u2019apparition d\u2019un \u00e9ventuel sympt\u00f4me, ce afin de pouvoir se r\u00e9immerger pour se recomprimer assez t\u00f4t avant le d\u00e9part du bateau&#8230; \u00bb<\/p>\n<p>Selon Fructus et Sciarli (Plong\u00e9e Sant\u00e9 S\u00e9curit\u00e9 aux Editions Maritimes et d\u2019Outre-Mer), \u00ab Ceux qui, comme nous, \u00e0 l\u2019issue de plong\u00e9es \u00e0 l\u2019air contr\u00f4l\u00e9es par le d\u00e9tecteur \u00e0 effet Doppler, ont entendu les bulles, absentes au repos, signaler leur passage apr\u00e8s seulement deux flexions des membres inf\u00e9rieurs, sont convaincus&#8230; ! \u00bb.<\/p>\n<p>En conclusion, s\u2019il n\u2019y avait qu\u2019une chose \u00e0 retenir :<\/p>\n<p>Ne pas faire d\u2019effort physique dans les 2 \u00e0 4 heures qui suivent une plong\u00e9e (Bonnin et coll. P<em>long\u00e9e sous-marine et milieu subaquatique<\/em>, Masson).<\/p>\n\n\n<div style=\"height:20px\" aria-hidden=\"true\" class=\"wp-block-spacer\"><\/div>\n\n\n\n<p class=\"wp-block-paragraph\">\u00a9&nbsp;Extrait des&nbsp;<a href=\"https:\/\/www.plongee-plaisir.com\/fr\/livres-plongee\/\">livres Plong\u00e9e Plaisir<\/a>&nbsp;par Alain Foret aux Editions GAP.<br>Toute reproduction interdite sur quelque support que ce soit sans accord \u00e9crit de l\u2019\u00e9diteur et de l\u2019auteur.<\/p>\n\n\n\n<div class=\"wp-block-image is-style-default\"><figure class=\"alignleft size-large is-resized\"><img decoding=\"async\" src=\"https:\/\/www.plongee-plaisir.com\/fr\/wp-content\/uploads\/2021\/02\/carre.jpg\" alt=\"\" class=\"wp-image-48240\" width=\"30\" srcset=\"https:\/\/www.plongee-plaisir.com\/fr\/wp-content\/uploads\/2021\/02\/carre.jpg 102w, https:\/\/www.plongee-plaisir.com\/fr\/wp-content\/uploads\/2021\/02\/carre-100x100.jpg 100w\" sizes=\"(max-width: 102px) 100vw, 102px\" \/><\/figure><\/div>\n\n\n\n<p class=\"wp-block-paragraph\"><\/p>\n<style class=\"advgb-styles-renderer\">.wp-block-kadence-spacer.kt-block-spacer-_c2638d-86 .kt-block-spacer{height:6px;}.wp-block-kadence-spacer.kt-block-spacer-_c2638d-86 .kt-divider{border-top-width:10px;border-top-color:#ff6900;width:100%;border-top-style:solid;}<\/style>","protected":false},"excerpt":{"rendered":"<p>FICHES INFO &gt; VOUS PERFECTIONNER Les efforts favorisent les ADD Efforts en plong\u00e9e Julien Hugon dans sa th\u00e8se soutenue en 2010 \u00e0 Marseille sur la \u00ab mod\u00e9lisation biophysique de la d\u00e9compression \u00bb nous semble r\u00e9sumer parfaitement la situation : \u00ab Le fait de pratiquer des efforts lors d\u2019une exposition augmente le risque de g\u00e9n\u00e9rer un [&hellip;]<\/p>\n","protected":false},"author":4,"featured_media":35555,"parent":0,"menu_order":0,"comment_status":"open","ping_status":"open","template":"","meta":{"_crdt_document":"","_uag_custom_page_level_css":"","advgb_blocks_editor_width":"","advgb_blocks_columns_visual_guide":"","_genesis_hide_title":true,"_genesis_hide_breadcrumbs":false,"_genesis_hide_singular_image":false,"_genesis_hide_footer_widgets":false,"_genesis_custom_body_class":"","_genesis_custom_post_class":"","_genesis_layout":"content-sidebar","_vp_format_video_url":"","_vp_image_focal_point":[],"footnotes":""},"class_list":{"0":"post-6875","1":"page","2":"type-page","3":"status-publish","4":"has-post-thumbnail","6":"entry"},"yoast_head":"<!-- This site is optimized with the Yoast SEO plugin v27.4 - https:\/\/yoast.com\/product\/yoast-seo-wordpress\/ -->\n<title>Les efforts favorisent les ADD - Plong\u00e9e Plaisir, site officiel<\/title>\n<meta name=\"robots\" content=\"index, follow, max-snippet:-1, max-image-preview:large, max-video-preview:-1\" \/>\n<link rel=\"canonical\" href=\"https:\/\/www.plongee-plaisir.com\/fr\/efforts-favorisent-add\/\" \/>\n<meta property=\"og:locale\" content=\"fr_FR\" \/>\n<meta property=\"og:type\" content=\"article\" \/>\n<meta property=\"og:title\" content=\"Les efforts favorisent les ADD - Plong\u00e9e Plaisir, site officiel\" \/>\n<meta property=\"og:description\" content=\"FICHES INFO &gt; VOUS PERFECTIONNER Les efforts favorisent les ADD Efforts en plong\u00e9e Julien Hugon dans sa th\u00e8se soutenue en 2010 \u00e0 Marseille sur la \u00ab mod\u00e9lisation biophysique de la d\u00e9compression \u00bb nous semble r\u00e9sumer parfaitement la situation : \u00ab Le fait de pratiquer des efforts lors d\u2019une exposition augmente le risque de g\u00e9n\u00e9rer un [&hellip;]\" \/>\n<meta property=\"og:url\" content=\"https:\/\/www.plongee-plaisir.com\/fr\/efforts-favorisent-add\/\" \/>\n<meta property=\"og:site_name\" content=\"Plong\u00e9e Plaisir, site officiel\" \/>\n<meta property=\"article:modified_time\" content=\"2021-04-04T17:30:48+00:00\" \/>\n<meta property=\"og:image\" content=\"https:\/\/www.plongee-plaisir.com\/fr\/wp-content\/uploads\/2017\/08\/Fiches-infos-effort-plongee.png\" \/>\n\t<meta property=\"og:image:width\" content=\"300\" \/>\n\t<meta property=\"og:image:height\" content=\"196\" \/>\n\t<meta property=\"og:image:type\" content=\"image\/png\" \/>\n<meta name=\"twitter:card\" content=\"summary_large_image\" \/>\n<meta name=\"twitter:label1\" content=\"Dur\u00e9e de lecture estim\u00e9e\" \/>\n\t<meta name=\"twitter:data1\" content=\"2 minutes\" \/>\n<script type=\"application\/ld+json\" class=\"yoast-schema-graph\">{\"@context\":\"https:\\\/\\\/schema.org\",\"@graph\":[{\"@type\":\"WebPage\",\"@id\":\"https:\\\/\\\/www.plongee-plaisir.com\\\/fr\\\/efforts-favorisent-add\\\/\",\"url\":\"https:\\\/\\\/www.plongee-plaisir.com\\\/fr\\\/efforts-favorisent-add\\\/\",\"name\":\"Les efforts favorisent les ADD - Plong\u00e9e Plaisir, site officiel\",\"isPartOf\":{\"@id\":\"https:\\\/\\\/www.plongee-plaisir.com\\\/fr\\\/#website\"},\"primaryImageOfPage\":{\"@id\":\"https:\\\/\\\/www.plongee-plaisir.com\\\/fr\\\/efforts-favorisent-add\\\/#primaryimage\"},\"image\":{\"@id\":\"https:\\\/\\\/www.plongee-plaisir.com\\\/fr\\\/efforts-favorisent-add\\\/#primaryimage\"},\"thumbnailUrl\":\"https:\\\/\\\/www.plongee-plaisir.com\\\/fr\\\/wp-content\\\/uploads\\\/2017\\\/08\\\/Fiches-infos-effort-plongee.png\",\"datePublished\":\"2017-08-25T14:37:02+00:00\",\"dateModified\":\"2021-04-04T17:30:48+00:00\",\"breadcrumb\":{\"@id\":\"https:\\\/\\\/www.plongee-plaisir.com\\\/fr\\\/efforts-favorisent-add\\\/#breadcrumb\"},\"inLanguage\":\"fr-FR\",\"potentialAction\":[{\"@type\":\"ReadAction\",\"target\":[\"https:\\\/\\\/www.plongee-plaisir.com\\\/fr\\\/efforts-favorisent-add\\\/\"]}]},{\"@type\":\"ImageObject\",\"inLanguage\":\"fr-FR\",\"@id\":\"https:\\\/\\\/www.plongee-plaisir.com\\\/fr\\\/efforts-favorisent-add\\\/#primaryimage\",\"url\":\"https:\\\/\\\/www.plongee-plaisir.com\\\/fr\\\/wp-content\\\/uploads\\\/2017\\\/08\\\/Fiches-infos-effort-plongee.png\",\"contentUrl\":\"https:\\\/\\\/www.plongee-plaisir.com\\\/fr\\\/wp-content\\\/uploads\\\/2017\\\/08\\\/Fiches-infos-effort-plongee.png\",\"width\":300,\"height\":196},{\"@type\":\"BreadcrumbList\",\"@id\":\"https:\\\/\\\/www.plongee-plaisir.com\\\/fr\\\/efforts-favorisent-add\\\/#breadcrumb\",\"itemListElement\":[{\"@type\":\"ListItem\",\"position\":1,\"name\":\"Accueil\",\"item\":\"https:\\\/\\\/www.plongee-plaisir.com\\\/fr\\\/\"},{\"@type\":\"ListItem\",\"position\":2,\"name\":\"Les efforts favorisent les ADD\"}]},{\"@type\":\"WebSite\",\"@id\":\"https:\\\/\\\/www.plongee-plaisir.com\\\/fr\\\/#website\",\"url\":\"https:\\\/\\\/www.plongee-plaisir.com\\\/fr\\\/\",\"name\":\"Plong\u00e9e Plaisir, site officiel\",\"description\":\"Apprendre \u00e0 plonger - Learning to dive\",\"potentialAction\":[{\"@type\":\"SearchAction\",\"target\":{\"@type\":\"EntryPoint\",\"urlTemplate\":\"https:\\\/\\\/www.plongee-plaisir.com\\\/fr\\\/?s={search_term_string}\"},\"query-input\":{\"@type\":\"PropertyValueSpecification\",\"valueRequired\":true,\"valueName\":\"search_term_string\"}}],\"inLanguage\":\"fr-FR\"}]}<\/script>\n<!-- \/ Yoast SEO plugin. -->","yoast_head_json":{"title":"Les efforts favorisent les ADD - Plong\u00e9e Plaisir, site officiel","robots":{"index":"index","follow":"follow","max-snippet":"max-snippet:-1","max-image-preview":"max-image-preview:large","max-video-preview":"max-video-preview:-1"},"canonical":"https:\/\/www.plongee-plaisir.com\/fr\/efforts-favorisent-add\/","og_locale":"fr_FR","og_type":"article","og_title":"Les efforts favorisent les ADD - Plong\u00e9e Plaisir, site officiel","og_description":"FICHES INFO &gt; VOUS PERFECTIONNER Les efforts favorisent les ADD Efforts en plong\u00e9e Julien Hugon dans sa th\u00e8se soutenue en 2010 \u00e0 Marseille sur la \u00ab mod\u00e9lisation biophysique de la d\u00e9compression \u00bb nous semble r\u00e9sumer parfaitement la situation : \u00ab Le fait de pratiquer des efforts lors d\u2019une exposition augmente le risque de g\u00e9n\u00e9rer un [&hellip;]","og_url":"https:\/\/www.plongee-plaisir.com\/fr\/efforts-favorisent-add\/","og_site_name":"Plong\u00e9e Plaisir, site officiel","article_modified_time":"2021-04-04T17:30:48+00:00","og_image":[{"width":300,"height":196,"url":"https:\/\/www.plongee-plaisir.com\/fr\/wp-content\/uploads\/2017\/08\/Fiches-infos-effort-plongee.png","type":"image\/png"}],"twitter_card":"summary_large_image","twitter_misc":{"Dur\u00e9e de lecture estim\u00e9e":"2 minutes"},"schema":{"@context":"https:\/\/schema.org","@graph":[{"@type":"WebPage","@id":"https:\/\/www.plongee-plaisir.com\/fr\/efforts-favorisent-add\/","url":"https:\/\/www.plongee-plaisir.com\/fr\/efforts-favorisent-add\/","name":"Les efforts favorisent les ADD - Plong\u00e9e Plaisir, site officiel","isPartOf":{"@id":"https:\/\/www.plongee-plaisir.com\/fr\/#website"},"primaryImageOfPage":{"@id":"https:\/\/www.plongee-plaisir.com\/fr\/efforts-favorisent-add\/#primaryimage"},"image":{"@id":"https:\/\/www.plongee-plaisir.com\/fr\/efforts-favorisent-add\/#primaryimage"},"thumbnailUrl":"https:\/\/www.plongee-plaisir.com\/fr\/wp-content\/uploads\/2017\/08\/Fiches-infos-effort-plongee.png","datePublished":"2017-08-25T14:37:02+00:00","dateModified":"2021-04-04T17:30:48+00:00","breadcrumb":{"@id":"https:\/\/www.plongee-plaisir.com\/fr\/efforts-favorisent-add\/#breadcrumb"},"inLanguage":"fr-FR","potentialAction":[{"@type":"ReadAction","target":["https:\/\/www.plongee-plaisir.com\/fr\/efforts-favorisent-add\/"]}]},{"@type":"ImageObject","inLanguage":"fr-FR","@id":"https:\/\/www.plongee-plaisir.com\/fr\/efforts-favorisent-add\/#primaryimage","url":"https:\/\/www.plongee-plaisir.com\/fr\/wp-content\/uploads\/2017\/08\/Fiches-infos-effort-plongee.png","contentUrl":"https:\/\/www.plongee-plaisir.com\/fr\/wp-content\/uploads\/2017\/08\/Fiches-infos-effort-plongee.png","width":300,"height":196},{"@type":"BreadcrumbList","@id":"https:\/\/www.plongee-plaisir.com\/fr\/efforts-favorisent-add\/#breadcrumb","itemListElement":[{"@type":"ListItem","position":1,"name":"Accueil","item":"https:\/\/www.plongee-plaisir.com\/fr\/"},{"@type":"ListItem","position":2,"name":"Les efforts favorisent les ADD"}]},{"@type":"WebSite","@id":"https:\/\/www.plongee-plaisir.com\/fr\/#website","url":"https:\/\/www.plongee-plaisir.com\/fr\/","name":"Plong\u00e9e Plaisir, site officiel","description":"Apprendre \u00e0 plonger - Learning to dive","potentialAction":[{"@type":"SearchAction","target":{"@type":"EntryPoint","urlTemplate":"https:\/\/www.plongee-plaisir.com\/fr\/?s={search_term_string}"},"query-input":{"@type":"PropertyValueSpecification","valueRequired":true,"valueName":"search_term_string"}}],"inLanguage":"fr-FR"}]}},"featured_image_src":"https:\/\/www.plongee-plaisir.com\/fr\/wp-content\/uploads\/2017\/08\/Fiches-infos-effort-plongee.png","featured_image_src_square":"https:\/\/www.plongee-plaisir.com\/fr\/wp-content\/uploads\/2017\/08\/Fiches-infos-effort-plongee.png","uagb_featured_image_src":{"full":["https:\/\/www.plongee-plaisir.com\/fr\/wp-content\/uploads\/2017\/08\/Fiches-infos-effort-plongee.png",300,196,false],"thumbnail":["https:\/\/www.plongee-plaisir.com\/fr\/wp-content\/uploads\/2017\/08\/Fiches-infos-effort-plongee-150x150.png",150,150,true],"medium":["https:\/\/www.plongee-plaisir.com\/fr\/wp-content\/uploads\/2017\/08\/Fiches-infos-effort-plongee.png",300,196,false],"medium_large":["https:\/\/www.plongee-plaisir.com\/fr\/wp-content\/uploads\/2017\/08\/Fiches-infos-effort-plongee.png",300,196,false],"large":["https:\/\/www.plongee-plaisir.com\/fr\/wp-content\/uploads\/2017\/08\/Fiches-infos-effort-plongee.png",300,196,false],"1536x1536":["https:\/\/www.plongee-plaisir.com\/fr\/wp-content\/uploads\/2017\/08\/Fiches-infos-effort-plongee.png",300,196,false],"2048x2048":["https:\/\/www.plongee-plaisir.com\/fr\/wp-content\/uploads\/2017\/08\/Fiches-infos-effort-plongee.png",300,196,false],"featured-content":["https:\/\/www.plongee-plaisir.com\/fr\/wp-content\/uploads\/2017\/08\/Fiches-infos-effort-plongee.png",300,196,false],"author-pro-image":["https:\/\/www.plongee-plaisir.com\/fr\/wp-content\/uploads\/2017\/08\/Fiches-infos-effort-plongee.png",300,196,false],"tb-timeline-landscape":["https:\/\/www.plongee-plaisir.com\/fr\/wp-content\/uploads\/2017\/08\/Fiches-infos-effort-plongee.png",300,196,false],"tb-timeline-square":["https:\/\/www.plongee-plaisir.com\/fr\/wp-content\/uploads\/2017\/08\/Fiches-infos-effort-plongee.png",300,196,false],"ultp_layout_landscape_large":["https:\/\/www.plongee-plaisir.com\/fr\/wp-content\/uploads\/2017\/08\/Fiches-infos-effort-plongee.png",300,196,false],"ultp_layout_landscape":["https:\/\/www.plongee-plaisir.com\/fr\/wp-content\/uploads\/2017\/08\/Fiches-infos-effort-plongee.png",300,196,false],"ultp_layout_portrait":["https:\/\/www.plongee-plaisir.com\/fr\/wp-content\/uploads\/2017\/08\/Fiches-infos-effort-plongee.png",300,196,false],"ultp_layout_square":["https:\/\/www.plongee-plaisir.com\/fr\/wp-content\/uploads\/2017\/08\/Fiches-infos-effort-plongee.png",300,196,false],"vp_sm":["https:\/\/www.plongee-plaisir.com\/fr\/wp-content\/uploads\/2017\/08\/Fiches-infos-effort-plongee.png",300,196,false],"vp_md":["https:\/\/www.plongee-plaisir.com\/fr\/wp-content\/uploads\/2017\/08\/Fiches-infos-effort-plongee.png",300,196,false],"vp_lg":["https:\/\/www.plongee-plaisir.com\/fr\/wp-content\/uploads\/2017\/08\/Fiches-infos-effort-plongee.png",300,196,false],"vp_xl":["https:\/\/www.plongee-plaisir.com\/fr\/wp-content\/uploads\/2017\/08\/Fiches-infos-effort-plongee.png",300,196,false],"vp_sm_popup":["https:\/\/www.plongee-plaisir.com\/fr\/wp-content\/uploads\/2017\/08\/Fiches-infos-effort-plongee.png",300,196,false],"vp_md_popup":["https:\/\/www.plongee-plaisir.com\/fr\/wp-content\/uploads\/2017\/08\/Fiches-infos-effort-plongee.png",300,196,false],"vp_xl_popup":["https:\/\/www.plongee-plaisir.com\/fr\/wp-content\/uploads\/2017\/08\/Fiches-infos-effort-plongee.png",300,196,false],"gb-block-post-grid-landscape":["https:\/\/www.plongee-plaisir.com\/fr\/wp-content\/uploads\/2017\/08\/Fiches-infos-effort-plongee.png",300,196,false],"gb-block-post-grid-square":["https:\/\/www.plongee-plaisir.com\/fr\/wp-content\/uploads\/2017\/08\/Fiches-infos-effort-plongee.png",300,196,false],"woocommerce_thumbnail":["https:\/\/www.plongee-plaisir.com\/fr\/wp-content\/uploads\/2017\/08\/Fiches-infos-effort-plongee.png",300,196,false],"woocommerce_single":["https:\/\/www.plongee-plaisir.com\/fr\/wp-content\/uploads\/2017\/08\/Fiches-infos-effort-plongee.png",300,196,false],"woocommerce_gallery_thumbnail":["https:\/\/www.plongee-plaisir.com\/fr\/wp-content\/uploads\/2017\/08\/Fiches-infos-effort-plongee-100x100.png",100,100,true],"web-stories-poster-portrait":["https:\/\/www.plongee-plaisir.com\/fr\/wp-content\/uploads\/2017\/08\/Fiches-infos-effort-plongee.png",300,196,false],"web-stories-publisher-logo":["https:\/\/www.plongee-plaisir.com\/fr\/wp-content\/uploads\/2017\/08\/Fiches-infos-effort-plongee.png",96,63,false],"web-stories-thumbnail":["https:\/\/www.plongee-plaisir.com\/fr\/wp-content\/uploads\/2017\/08\/Fiches-infos-effort-plongee.png",150,98,false],"sow-carousel-default":["https:\/\/www.plongee-plaisir.com\/fr\/wp-content\/uploads\/2017\/08\/Fiches-infos-effort-plongee.png",272,178,false]},"uagb_author_info":{"display_name":"Alain Foret","author_link":"https:\/\/www.plongee-plaisir.com\/fr\/author\/plongeeplaisir\/"},"uagb_comment_info":0,"uagb_excerpt":"FICHES INFO &gt; VOUS PERFECTIONNER Les efforts favorisent les ADD Efforts en plong\u00e9e Julien Hugon dans sa th\u00e8se soutenue en 2010 \u00e0 Marseille sur la \u00ab mod\u00e9lisation biophysique de la d\u00e9compression \u00bb nous semble r\u00e9sumer parfaitement la situation : \u00ab Le fait de pratiquer des efforts lors d\u2019une exposition augmente le risque de g\u00e9n\u00e9rer un\u2026","coauthors":[],"author_meta":{"author_link":"https:\/\/www.plongee-plaisir.com\/fr\/author\/plongeeplaisir\/","display_name":"Alain Foret"},"relative_dates":{"created":"Publi\u00e9 9 ans il y a","modified":"Mis \u00e0 jour 5 ans il y a"},"absolute_dates":{"created":"Publi\u00e9 le 25 ao\u00fbt 2017","modified":"Mise \u00e0 jour le 4 avril 2021"},"absolute_dates_time":{"created":"Publi\u00e9 le 25 ao\u00fbt 2017 16 h 37 min","modified":"Mise \u00e0 jour le 4 avril 2021 19 h 30 min"},"featured_img_caption":"","featured_img":"https:\/\/www.plongee-plaisir.com\/fr\/wp-content\/uploads\/2017\/08\/Fiches-infos-effort-plongee.png","series_order":"","amp_enabled":true,"_links":{"self":[{"href":"https:\/\/www.plongee-plaisir.com\/fr\/wp-json\/wp\/v2\/pages\/6875","targetHints":{"allow":["GET"]}}],"collection":[{"href":"https:\/\/www.plongee-plaisir.com\/fr\/wp-json\/wp\/v2\/pages"}],"about":[{"href":"https:\/\/www.plongee-plaisir.com\/fr\/wp-json\/wp\/v2\/types\/page"}],"author":[{"embeddable":true,"href":"https:\/\/www.plongee-plaisir.com\/fr\/wp-json\/wp\/v2\/users\/4"}],"replies":[{"embeddable":true,"href":"https:\/\/www.plongee-plaisir.com\/fr\/wp-json\/wp\/v2\/comments?post=6875"}],"version-history":[{"count":0,"href":"https:\/\/www.plongee-plaisir.com\/fr\/wp-json\/wp\/v2\/pages\/6875\/revisions"}],"wp:featuredmedia":[{"embeddable":true,"href":"https:\/\/www.plongee-plaisir.com\/fr\/wp-json\/wp\/v2\/media\/35555"}],"wp:attachment":[{"href":"https:\/\/www.plongee-plaisir.com\/fr\/wp-json\/wp\/v2\/media?parent=6875"}],"curies":[{"name":"wp","href":"https:\/\/api.w.org\/{rel}","templated":true}]}}