{"id":979,"date":"2016-05-28T21:10:22","date_gmt":"2016-05-28T19:10:22","guid":{"rendered":"http:\/\/www.plongee-plaisir.com\/wp\/member-login\/"},"modified":"2021-03-30T16:44:40","modified_gmt":"2021-03-30T14:44:40","slug":"member-login","status":"publish","type":"page","link":"https:\/\/www.plongee-plaisir.com\/fr\/member-login\/","title":{"rendered":"Identifiez-vous"},"content":{"rendered":"\n<div class=\"wp-block-columns has-black-color has-white-background-color has-text-color has-background is-layout-flex wp-container-core-columns-is-layout-8f761849 wp-block-columns-is-layout-flex\">\n<div class=\"wp-block-column is-layout-flow wp-block-column-is-layout-flow\"><\/div>\n\n\n\n<div class=\"wp-block-column is-layout-flow wp-block-column-is-layout-flow\" style=\"flex-basis:25%\">\n<h1 class=\"wp-block-heading\">VOUS CONNECTER<\/h1>\n\n\n\n<p class=\"wp-block-paragraph\">(Espace Membres Plong\u00e9e Plaisir)<\/p>\n\n\n\n<h2 class=\"has-text-align-left wp-block-heading\">Identifiez-vous<\/h2>\n\n\n\n<p class=\"has-text-align-left wp-block-paragraph\">    <form action=\"\" method=\"post\" class=\"loginForm wp_emember_loginForm\" name=\"wp_emember_loginForm\" id=\"wp_emember_loginForm\">\n        <input type=\"hidden\" id=\"_wpnonce\" name=\"_wpnonce\" value=\"d7c9139df3\" \/><input type=\"hidden\" name=\"_wp_http_referer\" value=\"\/fr\/wp-json\/wp\/v2\/pages\/979\" \/>        <table width=\"95%\" border=\"0\" cellpadding=\"3\" cellspacing=\"5\" class=\"forms\">\n            <tr>\n                <td colspan=\"2\"><label for=\"login_user_name\" class=\"eMember_label\">Nom d&rsquo;utilisateur<\/label><\/td>\n            <\/tr>\n            <tr>\n                <td colspan=\"2\"><input class=\"eMember_text_input\" type=\"text\" id=\"login_user_name\" name=\"login_user_name\" size=\"15\" value=\"\" \/><\/td>\n            <\/tr>\n            <tr>\n                <td colspan=\"2\"><label for=\"login_pwd\" class=\"eMember_label\">Mot de passe<\/label><\/td>\n            <\/tr>\n            <tr>\n                <td style=\"position:relative;\" colspan=\"2\">\n                    <input class=\"eMember_text_input\" type=\"password\" id=\"login_pwd\" name=\"login_pwd\" size=\"15\" value=\"\" \/>\n                                    <\/td>\n            <\/tr>\n                            <tr>\n                    <td colspan=\"2\">\n                        <div class=\"eMember_remember_me\"><label><input type=\"checkbox\" tabindex=\"90\" value=\"forever\" id=\"rememberme\" name=\"rememberme\" \/><span class=\"eMember_remember_me_label\"> Garder en m&eacute;moire<\/span><\/label><\/div>\n                    <\/td>\n                <\/tr>\n                        <tr class=\"emember-login-captcha-tr\">\n                <td colspan=\"2\" class=\"emember-login-captcha-td\">\n                    <div class=\"emember-login-captcha-section\">\n                                        <\/div>\n                <\/td>\n            <\/tr>\n            <tr>\n                <td colspan=\"2\">\n                    <input type=\"hidden\" value=\"1\" name=\"testcookie\" \/>\n                    <input name=\"doLogin\" type=\"submit\" id=\"doLogin\" class=\"eMember_button emember_login_submit\" value=\"Connexion - Login\" \/>\n                <\/td>\n            <\/tr>\n            <tr>\n                <td colspan=\"2\">\n                                            <a id=\"forgot_pass\" href=\"https:\/\/www.plongee-plaisir.com\/fr\/password-reset\/\">Oubli&eacute; votre mot de passe ?<\/a>\n                                    <\/td>\n            <\/tr>\n            <tr>\n                <td colspan=\"2\"><a id=\"register\" class=\"register_link\" href=\"https:\/\/www.plongee-plaisir.com\/fr\/join-us\/registration\/\">Rejoignez-nous<\/a><\/td>\n            <\/tr>\n            <tr>\n                <td colspan=\"2\"><span class=\"emember_error\">  <\/span><\/td>\n            <\/tr>\n        <\/table>\n    <\/form>\n    <\/p>\n<\/div>\n\n\n\n<div class=\"wp-block-column is-layout-flow wp-block-column-is-layout-flow\"><\/div>\n<\/div>\n\n\n\n<p class=\"wp-block-paragraph\"><\/p>\n","protected":false},"excerpt":{"rendered":"<p>VOUS CONNECTER (Espace Membres Plong\u00e9e Plaisir) Identifiez-vous<\/p>\n","protected":false},"author":4,"featured_media":0,"parent":0,"menu_order":0,"comment_status":"closed","ping_status":"closed","template":"","meta":{"_crdt_document":"","_uag_custom_page_level_css":"","advgb_blocks_editor_width":"","advgb_blocks_columns_visual_guide":"","_genesis_hide_title":true,"_genesis_hide_breadcrumbs":false,"_genesis_hide_singular_image":false,"_genesis_hide_footer_widgets":false,"_genesis_custom_body_class":"","_genesis_custom_post_class":"","_genesis_layout":"","_vp_format_video_url":"","_vp_image_focal_point":[],"footnotes":""},"class_list":{"0":"post-979","1":"page","2":"type-page","3":"status-publish","5":"entry"},"yoast_head":"<!-- This site is optimized with the Yoast SEO plugin v27.5 - https:\/\/yoast.com\/product\/yoast-seo-wordpress\/ -->\n<title>Identifiez-vous - Plong\u00e9e Plaisir, site officiel<\/title>\n<meta name=\"robots\" content=\"index, follow, max-snippet:-1, max-image-preview:large, max-video-preview:-1\" \/>\n<link rel=\"canonical\" href=\"https:\/\/www.plongee-plaisir.com\/fr\/member-login\/\" \/>\n<meta property=\"og:locale\" content=\"fr_FR\" \/>\n<meta property=\"og:type\" content=\"article\" \/>\n<meta property=\"og:title\" content=\"Identifiez-vous - Plong\u00e9e Plaisir, site officiel\" \/>\n<meta property=\"og:description\" content=\"VOUS CONNECTER (Espace Membres Plong\u00e9e Plaisir) Identifiez-vous\" \/>\n<meta property=\"og:url\" content=\"https:\/\/www.plongee-plaisir.com\/fr\/member-login\/\" \/>\n<meta property=\"og:site_name\" content=\"Plong\u00e9e Plaisir, site officiel\" \/>\n<meta property=\"article:modified_time\" content=\"2021-03-30T14:44:40+00:00\" \/>\n<meta name=\"twitter:card\" content=\"summary_large_image\" \/>\n<meta name=\"twitter:label1\" content=\"Dur\u00e9e de lecture estim\u00e9e\" \/>\n\t<meta name=\"twitter:data1\" content=\"1 minute\" \/>\n<script type=\"application\/ld+json\" class=\"yoast-schema-graph\">{\"@context\":\"https:\\\/\\\/schema.org\",\"@graph\":[{\"@type\":\"WebPage\",\"@id\":\"https:\\\/\\\/www.plongee-plaisir.com\\\/fr\\\/member-login\\\/\",\"url\":\"https:\\\/\\\/www.plongee-plaisir.com\\\/fr\\\/member-login\\\/\",\"name\":\"Identifiez-vous - Plong\u00e9e Plaisir, site officiel\",\"isPartOf\":{\"@id\":\"https:\\\/\\\/www.plongee-plaisir.com\\\/fr\\\/#website\"},\"datePublished\":\"2016-05-28T19:10:22+00:00\",\"dateModified\":\"2021-03-30T14:44:40+00:00\",\"breadcrumb\":{\"@id\":\"https:\\\/\\\/www.plongee-plaisir.com\\\/fr\\\/member-login\\\/#breadcrumb\"},\"inLanguage\":\"fr-FR\",\"potentialAction\":[{\"@type\":\"ReadAction\",\"target\":[\"https:\\\/\\\/www.plongee-plaisir.com\\\/fr\\\/member-login\\\/\"]}]},{\"@type\":\"BreadcrumbList\",\"@id\":\"https:\\\/\\\/www.plongee-plaisir.com\\\/fr\\\/member-login\\\/#breadcrumb\",\"itemListElement\":[{\"@type\":\"ListItem\",\"position\":1,\"name\":\"Accueil\",\"item\":\"https:\\\/\\\/www.plongee-plaisir.com\\\/fr\\\/\"},{\"@type\":\"ListItem\",\"position\":2,\"name\":\"Identifiez-vous\"}]},{\"@type\":\"WebSite\",\"@id\":\"https:\\\/\\\/www.plongee-plaisir.com\\\/fr\\\/#website\",\"url\":\"https:\\\/\\\/www.plongee-plaisir.com\\\/fr\\\/\",\"name\":\"Plong\u00e9e Plaisir, site officiel\",\"description\":\"Apprendre \u00e0 plonger - Learning to dive\",\"potentialAction\":[{\"@type\":\"SearchAction\",\"target\":{\"@type\":\"EntryPoint\",\"urlTemplate\":\"https:\\\/\\\/www.plongee-plaisir.com\\\/fr\\\/?s={search_term_string}\"},\"query-input\":{\"@type\":\"PropertyValueSpecification\",\"valueRequired\":true,\"valueName\":\"search_term_string\"}}],\"inLanguage\":\"fr-FR\"}]}<\/script>\n<!-- \/ Yoast SEO plugin. -->","yoast_head_json":{"title":"Identifiez-vous - Plong\u00e9e Plaisir, site officiel","robots":{"index":"index","follow":"follow","max-snippet":"max-snippet:-1","max-image-preview":"max-image-preview:large","max-video-preview":"max-video-preview:-1"},"canonical":"https:\/\/www.plongee-plaisir.com\/fr\/member-login\/","og_locale":"fr_FR","og_type":"article","og_title":"Identifiez-vous - Plong\u00e9e Plaisir, site officiel","og_description":"VOUS CONNECTER (Espace Membres Plong\u00e9e Plaisir) Identifiez-vous","og_url":"https:\/\/www.plongee-plaisir.com\/fr\/member-login\/","og_site_name":"Plong\u00e9e Plaisir, site officiel","article_modified_time":"2021-03-30T14:44:40+00:00","twitter_card":"summary_large_image","twitter_misc":{"Dur\u00e9e de lecture estim\u00e9e":"1 minute"},"schema":{"@context":"https:\/\/schema.org","@graph":[{"@type":"WebPage","@id":"https:\/\/www.plongee-plaisir.com\/fr\/member-login\/","url":"https:\/\/www.plongee-plaisir.com\/fr\/member-login\/","name":"Identifiez-vous - Plong\u00e9e Plaisir, site officiel","isPartOf":{"@id":"https:\/\/www.plongee-plaisir.com\/fr\/#website"},"datePublished":"2016-05-28T19:10:22+00:00","dateModified":"2021-03-30T14:44:40+00:00","breadcrumb":{"@id":"https:\/\/www.plongee-plaisir.com\/fr\/member-login\/#breadcrumb"},"inLanguage":"fr-FR","potentialAction":[{"@type":"ReadAction","target":["https:\/\/www.plongee-plaisir.com\/fr\/member-login\/"]}]},{"@type":"BreadcrumbList","@id":"https:\/\/www.plongee-plaisir.com\/fr\/member-login\/#breadcrumb","itemListElement":[{"@type":"ListItem","position":1,"name":"Accueil","item":"https:\/\/www.plongee-plaisir.com\/fr\/"},{"@type":"ListItem","position":2,"name":"Identifiez-vous"}]},{"@type":"WebSite","@id":"https:\/\/www.plongee-plaisir.com\/fr\/#website","url":"https:\/\/www.plongee-plaisir.com\/fr\/","name":"Plong\u00e9e Plaisir, site officiel","description":"Apprendre \u00e0 plonger - Learning to dive","potentialAction":[{"@type":"SearchAction","target":{"@type":"EntryPoint","urlTemplate":"https:\/\/www.plongee-plaisir.com\/fr\/?s={search_term_string}"},"query-input":{"@type":"PropertyValueSpecification","valueRequired":true,"valueName":"search_term_string"}}],"inLanguage":"fr-FR"}]}},"featured_image_src":null,"featured_image_src_square":null,"uagb_featured_image_src":{"full":false,"thumbnail":false,"medium":false,"medium_large":false,"large":false,"1536x1536":false,"2048x2048":false,"featured-content":false,"author-pro-image":false,"tb-timeline-landscape":false,"tb-timeline-square":false,"ultp_layout_landscape_large":false,"ultp_layout_landscape":false,"ultp_layout_portrait":false,"ultp_layout_square":false,"vp_sm":false,"vp_md":false,"vp_lg":false,"vp_xl":false,"vp_sm_popup":false,"vp_md_popup":false,"vp_xl_popup":false,"gb-block-post-grid-landscape":false,"gb-block-post-grid-square":false,"woocommerce_thumbnail":false,"woocommerce_single":false,"woocommerce_gallery_thumbnail":false,"sow-carousel-default":false},"uagb_author_info":{"display_name":"Alain Foret","author_link":"https:\/\/www.plongee-plaisir.com\/fr\/author\/plongeeplaisir\/"},"uagb_comment_info":0,"uagb_excerpt":"VOUS CONNECTER (Espace Membres Plong\u00e9e Plaisir) Identifiez-vous","coauthors":[],"author_meta":{"author_link":"https:\/\/www.plongee-plaisir.com\/fr\/author\/plongeeplaisir\/","display_name":"Alain Foret"},"relative_dates":{"created":"Publi\u00e9 10 ans il y a","modified":"Mis \u00e0 jour 5 ans il y a"},"absolute_dates":{"created":"Publi\u00e9 le 28 mai 2016","modified":"Mise \u00e0 jour le 30 mars 2021"},"absolute_dates_time":{"created":"Publi\u00e9 le 28 mai 2016 21 h 10 min","modified":"Mise \u00e0 jour le 30 mars 2021 16 h 44 min"},"featured_img_caption":"","featured_img":false,"series_order":"","amp_enabled":true,"_links":{"self":[{"href":"https:\/\/www.plongee-plaisir.com\/fr\/wp-json\/wp\/v2\/pages\/979","targetHints":{"allow":["GET"]}}],"collection":[{"href":"https:\/\/www.plongee-plaisir.com\/fr\/wp-json\/wp\/v2\/pages"}],"about":[{"href":"https:\/\/www.plongee-plaisir.com\/fr\/wp-json\/wp\/v2\/types\/page"}],"author":[{"embeddable":true,"href":"https:\/\/www.plongee-plaisir.com\/fr\/wp-json\/wp\/v2\/users\/4"}],"replies":[{"embeddable":true,"href":"https:\/\/www.plongee-plaisir.com\/fr\/wp-json\/wp\/v2\/comments?post=979"}],"version-history":[{"count":0,"href":"https:\/\/www.plongee-plaisir.com\/fr\/wp-json\/wp\/v2\/pages\/979\/revisions"}],"wp:attachment":[{"href":"https:\/\/www.plongee-plaisir.com\/fr\/wp-json\/wp\/v2\/media?parent=979"}],"curies":[{"name":"wp","href":"https:\/\/api.w.org\/{rel}","templated":true}]}}