{"id":981,"date":"2016-05-28T21:10:23","date_gmt":"2016-05-28T19:10:23","guid":{"rendered":"http:\/\/www.plongee-plaisir.com\/wp\/join-us\/registration\/"},"modified":"2021-02-11T12:58:00","modified_gmt":"2021-02-11T11:58:00","slug":"registration","status":"publish","type":"page","link":"https:\/\/www.plongee-plaisir.com\/fr\/join-us\/registration\/","title":{"rendered":"Inscription"},"content":{"rendered":"\n<p class=\"wp-block-paragraph\">L&rsquo;inscription \u00e0 l&rsquo;espace membres <em>Plong\u00e9e Plaisir<\/em> vous permet d&rsquo;acc\u00e9der :<\/p>\n\n\n\n<ul class=\"wp-block-list\"><li>\u00e0 la zone de t\u00e9l\u00e9chargement (mod\u00e8le de plan de secours, de fiche de s\u00e9curit\u00e9, &#8230;) ;<\/li><li>\u00e0 la revue Bathyfolages ;<\/li><li>aux <em>Fiches Info Plong\u00e9e Plaisir<\/em> r\u00e9serv\u00e9es aux membres ;<\/li><li>\u00e0 la zone de e-learning de l&rsquo;<em>Amphith\u00e9\u00e2tre Plong\u00e9e Plaisir<\/em>.<\/li><\/ul>\n\n\n\n<p class=\"wp-block-paragraph\">Vous recevrez \u00e9galement des informations concernant :<\/p>\n\n\n\n<ul class=\"wp-block-list\"><li>L&rsquo;actualit\u00e9 des livres, formations et supports p\u00e9dagogiques <em>Plong\u00e9e Plaisir<\/em> ;<\/li><li>L&rsquo;actualit\u00e9 de la plong\u00e9e (veille r\u00e9glementaire, faits ou \u00e9v\u00e9nements marquants).<\/li><\/ul>\n\n\n\n<p class=\"wp-block-paragraph\">Pour consulter les conditions g\u00e9n\u00e9rales d&rsquo;utilisation (CGU) : <a href=\"https:\/\/www.plongee-plaisir.com\/fr\/cgu-membres\/\" target=\"_blank\" rel=\"noreferrer noopener\">cliquez-ici<\/a>.<\/p>\n\n\n\n<hr class=\"wp-block-separator\"\/>\n\n\n    <script type=\"text\/javascript\" src=\"https:\/\/www.plongee-plaisir.com\/fr?emember_load_js=registration&id=wp_emember_regoFormWithConfirmation\"><\/script>\n    <link rel='stylesheet' href='https:\/\/www.plongee-plaisir.com\/fr\/wp-content\/plugins\/wp-eMember\/css\/pure-min.css?ver=10.9.2' type='text\/css' media='all' \/>\n    <form action=\"\" method=\"post\" name=\"wp_emember_regoFormWithConfirmation\" id=\"wp_emember_regoFormWithConfirmation\" class=\"pure-form pure-form-stacked\" >\n        <input type=\"hidden\" name=\"emember_dsc_nonce\" value=\"69e7bb290fbc2\">\n        \t    <div class=\"emember_free_rego_with_confirm_form_msg\">\n\t\tCompl&eacute;tez les d&eacute;tails suivants pour v&eacute;rifier votre email afin d\\'&ecirc;tre autoris&eacute;(e) &agrave; vous enregistrer sur un compte gratuit.\t    <\/div>\n\t<fieldset>\n\t    \t    <input type=\"text\" id=\"wp_emember_afirstname\" name=\"wp_emember_afirstname\" size=\"20\" value=\"\" class=\"pure-input-1\" placeholder=\"Pr&eacute;nom\" \/>\n                                    <input type=\"text\" id=\"wp_emember_alastname\" name=\"wp_emember_alastname\" size=\"20\" value=\"\" class=\"pure-input-1\"  placeholder=\"Nom\" \/>\n            \t    <input type=\"text\" id=\"wp_emember_aemail\" name=\"wp_emember_aemail\" size=\"20\" value=\"\" class=\"validate[required] pure-input-1\" placeholder=\"Email\" \/>\n\t    <input type=\"text\" id=\"wp_emember_aemail_re\" name=\"wp_emember_aemail_re\" size=\"20\" value=\"\" class=\"validate[required] pure-input-1\" placeholder=\"Re-saisie votre email\" \/>\n\t<\/fieldset>\n\t<fieldset class=\"emember-centered\">\n            <div class=\"wp_emember_recaptcha\">\n\t\t<div class=\"emember-recaptcha-section\">\n\t\t    <div class=\"emember-recaptcha-section\"><script src=\"https:\/\/www.google.com\/recaptcha\/api.js\" async defer><\/script><div class=\"emember_g_captcha\"><div class=\"g-recaptcha\" data-sitekey=\"6Lc9q4AfAAAAAI6BgigWmRpWRezcs8oiF_dc1Lng\"><\/div><\/div><\/div>\t\t<\/div>\n            <\/div>\n\t<\/fieldset>\n\t<fieldset class=\"pure-controls emember-centered\">\n            <div class=\"eMember_Register\">\n                <button id=\"eMember_Register_with_confirmation\" type=\"submit\" class=\"pure-button pure-button-active emember-rego-confirm-submit-button\">Envoyer un email de v&eacute;rification<\/button>\n                <input class=\"pure-button pure-button-active emember-rego-confirm-submit-input\" name=\"eMember_Register_with_confirmation\" type=\"hidden\" value=\"Envoyer un email de v&eacute;rification\">\n            <\/div>\n        <\/fieldset>\n    <\/form>\n    ","protected":false},"excerpt":{"rendered":"<p>L&rsquo;inscription \u00e0 l&rsquo;espace membres Plong\u00e9e Plaisir vous permet d&rsquo;acc\u00e9der : \u00e0 la zone de t\u00e9l\u00e9chargement (mod\u00e8le de plan de secours, de fiche de s\u00e9curit\u00e9, &#8230;) ; \u00e0 la revue Bathyfolages ; aux Fiches Info Plong\u00e9e Plaisir r\u00e9serv\u00e9es aux membres ; \u00e0 la zone de e-learning de l&rsquo;Amphith\u00e9\u00e2tre Plong\u00e9e Plaisir. Vous recevrez \u00e9galement des informations concernant [&hellip;]<\/p>\n","protected":false},"author":4,"featured_media":0,"parent":980,"menu_order":0,"comment_status":"closed","ping_status":"closed","template":"","meta":{"_crdt_document":"","_uag_custom_page_level_css":"","advgb_blocks_editor_width":"","advgb_blocks_columns_visual_guide":"","_genesis_hide_title":false,"_genesis_hide_breadcrumbs":false,"_genesis_hide_singular_image":false,"_genesis_hide_footer_widgets":false,"_genesis_custom_body_class":"","_genesis_custom_post_class":"","_genesis_layout":"","_vp_format_video_url":"","_vp_image_focal_point":[],"footnotes":""},"class_list":{"0":"post-981","1":"page","2":"type-page","3":"status-publish","5":"entry"},"yoast_head":"<!-- This site is optimized with the Yoast SEO plugin v27.4 - https:\/\/yoast.com\/product\/yoast-seo-wordpress\/ -->\n<title>Inscription - Plong\u00e9e Plaisir, site officiel<\/title>\n<meta name=\"robots\" content=\"index, follow, max-snippet:-1, max-image-preview:large, max-video-preview:-1\" \/>\n<link rel=\"canonical\" href=\"https:\/\/www.plongee-plaisir.com\/fr\/join-us\/registration\/\" \/>\n<meta property=\"og:locale\" content=\"fr_FR\" \/>\n<meta property=\"og:type\" content=\"article\" \/>\n<meta property=\"og:title\" content=\"Inscription - Plong\u00e9e Plaisir, site officiel\" \/>\n<meta property=\"og:description\" content=\"L&rsquo;inscription \u00e0 l&rsquo;espace membres Plong\u00e9e Plaisir vous permet d&rsquo;acc\u00e9der : \u00e0 la zone de t\u00e9l\u00e9chargement (mod\u00e8le de plan de secours, de fiche de s\u00e9curit\u00e9, &#8230;) ; \u00e0 la revue Bathyfolages ; aux Fiches Info Plong\u00e9e Plaisir r\u00e9serv\u00e9es aux membres ; \u00e0 la zone de e-learning de l&rsquo;Amphith\u00e9\u00e2tre Plong\u00e9e Plaisir. Vous recevrez \u00e9galement des informations concernant [&hellip;]\" \/>\n<meta property=\"og:url\" content=\"https:\/\/www.plongee-plaisir.com\/fr\/join-us\/registration\/\" \/>\n<meta property=\"og:site_name\" content=\"Plong\u00e9e Plaisir, site officiel\" \/>\n<meta property=\"article:modified_time\" content=\"2021-02-11T11:58:00+00:00\" \/>\n<meta name=\"twitter:card\" content=\"summary_large_image\" \/>\n<meta name=\"twitter:label1\" content=\"Dur\u00e9e de lecture estim\u00e9e\" \/>\n\t<meta name=\"twitter:data1\" content=\"1 minute\" \/>\n<script type=\"application\/ld+json\" class=\"yoast-schema-graph\">{\"@context\":\"https:\\\/\\\/schema.org\",\"@graph\":[{\"@type\":\"WebPage\",\"@id\":\"https:\\\/\\\/www.plongee-plaisir.com\\\/fr\\\/join-us\\\/registration\\\/\",\"url\":\"https:\\\/\\\/www.plongee-plaisir.com\\\/fr\\\/join-us\\\/registration\\\/\",\"name\":\"Inscription - Plong\u00e9e Plaisir, site officiel\",\"isPartOf\":{\"@id\":\"https:\\\/\\\/www.plongee-plaisir.com\\\/fr\\\/#website\"},\"datePublished\":\"2016-05-28T19:10:23+00:00\",\"dateModified\":\"2021-02-11T11:58:00+00:00\",\"breadcrumb\":{\"@id\":\"https:\\\/\\\/www.plongee-plaisir.com\\\/fr\\\/join-us\\\/registration\\\/#breadcrumb\"},\"inLanguage\":\"fr-FR\",\"potentialAction\":[{\"@type\":\"ReadAction\",\"target\":[\"https:\\\/\\\/www.plongee-plaisir.com\\\/fr\\\/join-us\\\/registration\\\/\"]}]},{\"@type\":\"BreadcrumbList\",\"@id\":\"https:\\\/\\\/www.plongee-plaisir.com\\\/fr\\\/join-us\\\/registration\\\/#breadcrumb\",\"itemListElement\":[{\"@type\":\"ListItem\",\"position\":1,\"name\":\"Accueil\",\"item\":\"https:\\\/\\\/www.plongee-plaisir.com\\\/fr\\\/\"},{\"@type\":\"ListItem\",\"position\":2,\"name\":\"Rejoignez-Nous\",\"item\":\"https:\\\/\\\/www.plongee-plaisir.com\\\/fr\\\/join-us\\\/\"},{\"@type\":\"ListItem\",\"position\":3,\"name\":\"Inscription\"}]},{\"@type\":\"WebSite\",\"@id\":\"https:\\\/\\\/www.plongee-plaisir.com\\\/fr\\\/#website\",\"url\":\"https:\\\/\\\/www.plongee-plaisir.com\\\/fr\\\/\",\"name\":\"Plong\u00e9e Plaisir, site officiel\",\"description\":\"Apprendre \u00e0 plonger - Learning to dive\",\"potentialAction\":[{\"@type\":\"SearchAction\",\"target\":{\"@type\":\"EntryPoint\",\"urlTemplate\":\"https:\\\/\\\/www.plongee-plaisir.com\\\/fr\\\/?s={search_term_string}\"},\"query-input\":{\"@type\":\"PropertyValueSpecification\",\"valueRequired\":true,\"valueName\":\"search_term_string\"}}],\"inLanguage\":\"fr-FR\"}]}<\/script>\n<!-- \/ Yoast SEO plugin. -->","yoast_head_json":{"title":"Inscription - Plong\u00e9e Plaisir, site officiel","robots":{"index":"index","follow":"follow","max-snippet":"max-snippet:-1","max-image-preview":"max-image-preview:large","max-video-preview":"max-video-preview:-1"},"canonical":"https:\/\/www.plongee-plaisir.com\/fr\/join-us\/registration\/","og_locale":"fr_FR","og_type":"article","og_title":"Inscription - Plong\u00e9e Plaisir, site officiel","og_description":"L&rsquo;inscription \u00e0 l&rsquo;espace membres Plong\u00e9e Plaisir vous permet d&rsquo;acc\u00e9der : \u00e0 la zone de t\u00e9l\u00e9chargement (mod\u00e8le de plan de secours, de fiche de s\u00e9curit\u00e9, &#8230;) ; \u00e0 la revue Bathyfolages ; aux Fiches Info Plong\u00e9e Plaisir r\u00e9serv\u00e9es aux membres ; \u00e0 la zone de e-learning de l&rsquo;Amphith\u00e9\u00e2tre Plong\u00e9e Plaisir. Vous recevrez \u00e9galement des informations concernant [&hellip;]","og_url":"https:\/\/www.plongee-plaisir.com\/fr\/join-us\/registration\/","og_site_name":"Plong\u00e9e Plaisir, site officiel","article_modified_time":"2021-02-11T11:58:00+00:00","twitter_card":"summary_large_image","twitter_misc":{"Dur\u00e9e de lecture estim\u00e9e":"1 minute"},"schema":{"@context":"https:\/\/schema.org","@graph":[{"@type":"WebPage","@id":"https:\/\/www.plongee-plaisir.com\/fr\/join-us\/registration\/","url":"https:\/\/www.plongee-plaisir.com\/fr\/join-us\/registration\/","name":"Inscription - Plong\u00e9e Plaisir, site officiel","isPartOf":{"@id":"https:\/\/www.plongee-plaisir.com\/fr\/#website"},"datePublished":"2016-05-28T19:10:23+00:00","dateModified":"2021-02-11T11:58:00+00:00","breadcrumb":{"@id":"https:\/\/www.plongee-plaisir.com\/fr\/join-us\/registration\/#breadcrumb"},"inLanguage":"fr-FR","potentialAction":[{"@type":"ReadAction","target":["https:\/\/www.plongee-plaisir.com\/fr\/join-us\/registration\/"]}]},{"@type":"BreadcrumbList","@id":"https:\/\/www.plongee-plaisir.com\/fr\/join-us\/registration\/#breadcrumb","itemListElement":[{"@type":"ListItem","position":1,"name":"Accueil","item":"https:\/\/www.plongee-plaisir.com\/fr\/"},{"@type":"ListItem","position":2,"name":"Rejoignez-Nous","item":"https:\/\/www.plongee-plaisir.com\/fr\/join-us\/"},{"@type":"ListItem","position":3,"name":"Inscription"}]},{"@type":"WebSite","@id":"https:\/\/www.plongee-plaisir.com\/fr\/#website","url":"https:\/\/www.plongee-plaisir.com\/fr\/","name":"Plong\u00e9e Plaisir, site officiel","description":"Apprendre \u00e0 plonger - Learning to dive","potentialAction":[{"@type":"SearchAction","target":{"@type":"EntryPoint","urlTemplate":"https:\/\/www.plongee-plaisir.com\/fr\/?s={search_term_string}"},"query-input":{"@type":"PropertyValueSpecification","valueRequired":true,"valueName":"search_term_string"}}],"inLanguage":"fr-FR"}]}},"featured_image_src":null,"featured_image_src_square":null,"uagb_featured_image_src":{"full":false,"thumbnail":false,"medium":false,"medium_large":false,"large":false,"1536x1536":false,"2048x2048":false,"featured-content":false,"author-pro-image":false,"tb-timeline-landscape":false,"tb-timeline-square":false,"ultp_layout_landscape_large":false,"ultp_layout_landscape":false,"ultp_layout_portrait":false,"ultp_layout_square":false,"vp_sm":false,"vp_md":false,"vp_lg":false,"vp_xl":false,"vp_sm_popup":false,"vp_md_popup":false,"vp_xl_popup":false,"gb-block-post-grid-landscape":false,"gb-block-post-grid-square":false,"woocommerce_thumbnail":false,"woocommerce_single":false,"woocommerce_gallery_thumbnail":false,"web-stories-poster-portrait":false,"web-stories-publisher-logo":false,"web-stories-thumbnail":false,"sow-carousel-default":false},"uagb_author_info":{"display_name":"Alain Foret","author_link":"https:\/\/www.plongee-plaisir.com\/fr\/author\/plongeeplaisir\/"},"uagb_comment_info":0,"uagb_excerpt":"L&rsquo;inscription \u00e0 l&rsquo;espace membres Plong\u00e9e Plaisir vous permet d&rsquo;acc\u00e9der : \u00e0 la zone de t\u00e9l\u00e9chargement (mod\u00e8le de plan de secours, de fiche de s\u00e9curit\u00e9, &#8230;) ; \u00e0 la revue Bathyfolages ; aux Fiches Info Plong\u00e9e Plaisir r\u00e9serv\u00e9es aux membres ; \u00e0 la zone de e-learning de l&rsquo;Amphith\u00e9\u00e2tre Plong\u00e9e Plaisir. Vous recevrez \u00e9galement des informations concernant\u2026","coauthors":[],"author_meta":{"author_link":"https:\/\/www.plongee-plaisir.com\/fr\/author\/plongeeplaisir\/","display_name":"Alain Foret"},"relative_dates":{"created":"Publi\u00e9 10 ans il y a","modified":"Mis \u00e0 jour 5 ans il y a"},"absolute_dates":{"created":"Publi\u00e9 le 28 mai 2016","modified":"Mise \u00e0 jour le 11 f\u00e9vrier 2021"},"absolute_dates_time":{"created":"Publi\u00e9 le 28 mai 2016 21 h 10 min","modified":"Mise \u00e0 jour le 11 f\u00e9vrier 2021 12 h 58 min"},"featured_img_caption":"","featured_img":false,"series_order":"","amp_enabled":true,"_links":{"self":[{"href":"https:\/\/www.plongee-plaisir.com\/fr\/wp-json\/wp\/v2\/pages\/981","targetHints":{"allow":["GET"]}}],"collection":[{"href":"https:\/\/www.plongee-plaisir.com\/fr\/wp-json\/wp\/v2\/pages"}],"about":[{"href":"https:\/\/www.plongee-plaisir.com\/fr\/wp-json\/wp\/v2\/types\/page"}],"author":[{"embeddable":true,"href":"https:\/\/www.plongee-plaisir.com\/fr\/wp-json\/wp\/v2\/users\/4"}],"replies":[{"embeddable":true,"href":"https:\/\/www.plongee-plaisir.com\/fr\/wp-json\/wp\/v2\/comments?post=981"}],"version-history":[{"count":0,"href":"https:\/\/www.plongee-plaisir.com\/fr\/wp-json\/wp\/v2\/pages\/981\/revisions"}],"up":[{"embeddable":true,"href":"https:\/\/www.plongee-plaisir.com\/fr\/wp-json\/wp\/v2\/pages\/980"}],"wp:attachment":[{"href":"https:\/\/www.plongee-plaisir.com\/fr\/wp-json\/wp\/v2\/media?parent=981"}],"curies":[{"name":"wp","href":"https:\/\/api.w.org\/{rel}","templated":true}]}}