{"id":54550,"date":"2022-02-11T17:49:16","date_gmt":"2022-02-11T16:49:16","guid":{"rendered":"https:\/\/www.plongee-plaisir.com\/fr\/?post_type=product&#038;p=54550"},"modified":"2022-02-14T12:55:11","modified_gmt":"2022-02-14T11:55:11","slug":"quantite-dazote-et-severite-de-la-desaturation","status":"publish","type":"product","link":"https:\/\/www.plongee-plaisir.com\/fr\/produit\/quantite-dazote-et-severite-de-la-desaturation\/","title":{"rendered":"N4-02 Quantit\u00e9 d&rsquo;azote et s\u00e9v\u00e9rit\u00e9 de la d\u00e9saturation"},"content":{"rendered":"<p>Quantit\u00e9 d&rsquo;azote et s\u00e9v\u00e9rit\u00e9 de la d\u00e9saturation<\/p>\n<p>Pr\u00e9alable : Connaissances niveau 3<\/p>\n<p>Format : vid\u00e9o, streaming<\/p>\n<p>Dur\u00e9e\u00a0: 1 h 40<\/p>\n<p>Intervenant : Alain Foret (BEES2\/DESJEPS, auteur des livres et supports p\u00e9dagogiques\u00a0<em>Plong\u00e9e Plaisir<\/em>)<\/p>\n<p>Apr\u00e8s commande, vous recevez dans les 5 minutes (pensez \u00e0 consulter vos courriers ind\u00e9sirables ou \u00ab\u00a0spams\u00a0\u00bb) :<\/p>\n<ul>\n<li>Un e-mail de confirmation de votre commande avec le code d&rsquo;acc\u00e8s \u00e0 la vid\u00e9o.\u00a0<strong>Ce code est personnel<\/strong>.<\/li>\n<li>Une facture au format pdf (pour les produits gratuits : facture \u00e0 z\u00e9ro).<\/li>\n<\/ul>\n<h2>LIENS AVEC LE LIVRE PLONG\u00c9E PLAISIR 4<\/h2>\n<p><strong>Fiche n\u00b045<\/strong> : Une histoire des proc\u00e9dures de d\u00e9saturation. Cette courte pr\u00e9sentation (2 pages) permet de comprendre comment les premi\u00e8res tables de plong\u00e9e ont \u00e9t\u00e9 cr\u00e9\u00e9es et de savoir qui \u00e9tait John Scott Haldane, leur cr\u00e9ateur en 1908. Un guide de palanqu\u00e9e ne peut pas ignorer ce nom.<\/p>\n<p><strong>Fiche n\u00b046<\/strong> : Les mod\u00e8les de d\u00e9saturation. C\u2019est le coeur du sujet, en distinguant les deux types de mod\u00e8les int\u00e9gr\u00e9s actuellement dans les ordinateurs de plong\u00e9e : les mod\u00e8les haldaniens ne prenant en compte que l\u2019azote dissous (ex. B\u00fclhmann, MN90, Comex-MT92) et les mod\u00e8les prenant en compte \u00e0 la fois l\u2019azote dissous et la pr\u00e9-existence de germes gazeux (ex. RGBM). Nous verrons qu\u2019aucune approche n\u2019est plus s\u00fbre que l\u2019autre, le point clef \u00e0 prendre en compte pour tous les mod\u00e8les \u00e9tant leurs limites. Un \u201cmod\u00e8le\u201d \u00e9tant une repr\u00e9sentation math\u00e9matique simplifi\u00e9e, cette fiche se termine par la notion d\u2019\u00e9changes gazeux en distinguant la r\u00e9alit\u00e9 de ces \u00e9changes (d\u00e9taill\u00e9e dans la fiche 38) et ce que les mod\u00e8les tentent de prendre en compte. Ce dernier point permet d\u2019aborder la notion de mod\u00e8le dit \u201c\u00e0 perfusion\u201d.<\/p>\n<p><strong>Fiche n\u00b047<\/strong> : Le mod\u00e8le de Haldane. C\u2019est une pr\u00e9sentation historique du premier mod\u00e8le de d\u00e9saturation afin de mieux comprendre la probl\u00e8matique pos\u00e9e \u00e0 l\u2019origine. Les onglets en bas de page indiquent (comme dans tout le livre) si ces notions sont une simple information \u201c<b>i<\/b>\u201d, utiles au niveau 4 \u201c<b>P4<\/b>\u201d et\/ou au monitorat \u201c<b>M<\/b>\u201d.<\/p>\n<p><strong>Fiche n\u00b048<\/strong> : Les tables MN90, un mod\u00e8le haldanien. Cette fiche pr\u00e9sente de mani\u00e8re simplifi\u00e9e les \u00e9l\u00e9ments de calcul des tables MN90. Depuis quelques ann\u00e9es, la f\u00e9d\u00e9ration d\u00e9l\u00e9gataire en France (FFESSM) n\u2019exige plus que de tels calculs soient demand\u00e9s aux candidats niveau 4 (renseignez-vous toutefois aupr\u00e8s de votre centre d\u2019examen). En revanche, conna\u00eetre la logique de ces calculs permet de mieux comprendre comment les mod\u00e8les sont con\u00e7us, ce qui est fondamental, encore une fois, pour en comprendre les limites.<\/p>\n<p><strong>Fiche n\u00b049<\/strong> : D\u2019autres mod\u00e8les hadaniens. Il peut \u00eatre demand\u00e9 \u00e0 un candidat niveau 4 de citer diff\u00e9rents mod\u00e8les de d\u00e9saturation. Cette fiche cite les principaux en donnant quelques explications.<\/p>\n<p><strong>Fiche n\u00b050<\/strong> : Des Sc aux M-Values et aux <i>Gradient Factors <\/i>(GF). De plus en plus d\u2019ordinateurs de plong\u00e9e int\u00e8grent aujourd\u2019hui la notion de \u201cgradient factors\u201d, sans pour autant donner d\u2019information pr\u00e9cise quant \u00e0 leur utilit\u00e9 et \u00e0 leur mise en oeuvre. De plus, la f\u00e9d\u00e9ration d\u00e9l\u00e9gataire en France (FFESSM) a int\u00e9gr\u00e9 derni\u00e8rement ces notions dans le cursus et l\u2019examen de niveau 4. Cette fiche fait le point sur la question.<\/p>\n<p><strong>Fiche n\u00b051<\/strong> : Les mod\u00e8les non-haldaniens. Comme pour la fiche n\u00b049, cela permet de r\u00e9pondre \u00e0 d\u2019\u00e9ventuelles questions sur les mod\u00e8les existants (ex. Pouvez-vous citer des mod\u00e8les non-haldaniens ?).<span class=\"Apple-converted-space\">\u00a0<\/span><\/p>\n<h2><b>PR\u00c9SENTATION<\/b><\/h2>\n<p>La s\u00e9v\u00e9rit\u00e9 de la d\u00e9saturation (et donc les risques d\u2019ADD) augmente avec la quantit\u00e9 d\u2019azote stock\u00e9. Cette notion essentielle en d\u00e9saturation permet de mieux comprendre pourquoi limiter le nombre de plong\u00e9es, le temps de plong\u00e9e, la profondeur, les efforts ou utiliser du nitrox.<\/p>\n<h2><b>JUSTIFICATION DU COURS<\/b><\/h2>\n<ul>\n<li>Comprendre toute la port\u00e9e du raisonnement par la quantit\u00e9 d\u2019azote pour pr\u00e9venir les risques d\u2019ADD et mieux cerner le fonctionnement des mod\u00e8les de d\u00e9saturation.<\/li>\n<li>Comprendre \u00e9galement que la quantit\u00e9 d\u2019azote \u00e0 d\u00e9saturer dicte la s\u00e9v\u00e9rit\u00e9 de la d\u00e9saturation et donc le niveau de risque.<\/li>\n<\/ul>\n<h2><b>OBJECTIFS P\u00c9DAGOGIQUES<\/b><\/h2>\n<ul>\n<li>D\u00e9passer les difficult\u00e9s d\u2019apprentissage et pointer les \u00e9l\u00e9ments clefs des mod\u00e8les de d\u00e9saturation.<\/li>\n<li>D\u00e9mythifier la notion de \u201cmod\u00e8le de d\u00e9saturation\u201d afin de mesurer les limites de tout mod\u00e8le, de comprendre qu\u2019un ordinateur n\u2019est qu\u2019une aide \u00e0 la d\u00e9saturation et qu\u2019il n\u2019est pas raisonnable de faire une confiance aveugle \u00e0 ce qui n\u2019est qu\u2019un instrument.<\/li>\n<li>Montrer la diff\u00e9rence entre un mod\u00e8le, sa transcription sous forme de logiciel ou de tables (sans opposer les deux) et les modes op\u00e9ratoires associ\u00e9s, qui ne font pas partie du mod\u00e8le.<\/li>\n<li>Comprendre pourquoi la pr\u00e9vention des risques passe non seulement par le respect des consignes d\u2019un ordinateur (vitesse de remont\u00e9e, paliers) mais \u00e9galement par la prise en compte des facteurs favorisants et en \u00e9vitant les profils et comportements \u00e0 risque (cours n\u00b03 de cette formation).<\/li>\n<li>Montrer le niveau attendu des r\u00e9ponses.<\/li>\n<\/ul>\n<h2>PROGRAMME<\/h2>\n<ul>\n<li>Facteur Q ;<\/li>\n<li>Mod\u00e8les de d\u00e9saturation ;<\/li>\n<li>Risques d&rsquo;ADD.<\/li>\n<\/ul>\n","protected":false},"excerpt":{"rendered":"<p>La s\u00e9v\u00e9rit\u00e9 de la d\u00e9saturation (et donc les risques d\u2019ADD) augmente avec la quantit\u00e9 d\u2019azote stock\u00e9. Cette notion essentielle en d\u00e9saturation permet de mieux comprendre pourquoi limiter le nombre de plong\u00e9es, le temps de plong\u00e9e, la profondeur, les efforts ou utiliser du nitrox.<\/p>\n","protected":false},"author":4,"featured_media":54551,"template":"","meta":{"_crdt_document":"","_uag_custom_page_level_css":"","advgb_blocks_editor_width":"","advgb_blocks_columns_visual_guide":"","_genesis_hide_title":false,"_genesis_hide_breadcrumbs":false,"_genesis_hide_singular_image":false,"_genesis_hide_footer_widgets":false,"_genesis_custom_body_class":"","_genesis_custom_post_class":"","_genesis_layout":"","_vp_format_video_url":"","_vp_image_focal_point":[]},"product_brand":[],"product_cat":[293,366],"product_tag":[],"class_list":{"0":"post-54550","1":"product","2":"type-product","3":"status-publish","4":"has-post-thumbnail","6":"product_cat-amphitheatre","7":"product_cat-amphitheatre-niveau-4","8":"entry","10":"first","11":"instock","12":"virtual","13":"sold-individually","14":"taxable","15":"purchasable","16":"product-type-simple"},"yoast_head":"<!-- This site is optimized with the Yoast SEO plugin v27.5 - https:\/\/yoast.com\/product\/yoast-seo-wordpress\/ -->\n<title>N4-02 Quantit\u00e9 d&#039;azote et s\u00e9v\u00e9rit\u00e9 de la d\u00e9saturation - Plong\u00e9e Plaisir, site officiel<\/title>\n<meta name=\"description\" content=\"La s\u00e9v\u00e9rit\u00e9 de la d\u00e9saturation augmente avec la quantit\u00e9 d\u2019azote stock\u00e9. Il faut en tenir compte pour pr\u00e9venir les risques d&#039;ADD.\" \/>\n<meta name=\"robots\" content=\"index, follow, max-snippet:-1, max-image-preview:large, max-video-preview:-1\" \/>\n<link rel=\"canonical\" href=\"https:\/\/www.plongee-plaisir.com\/fr\/produit\/quantite-dazote-et-severite-de-la-desaturation\/\" \/>\n<meta property=\"og:locale\" content=\"fr_FR\" \/>\n<meta property=\"og:type\" content=\"article\" \/>\n<meta property=\"og:title\" content=\"N4-02 Quantit\u00e9 d&#039;azote et s\u00e9v\u00e9rit\u00e9 de la d\u00e9saturation - Plong\u00e9e Plaisir, site officiel\" \/>\n<meta property=\"og:description\" content=\"La s\u00e9v\u00e9rit\u00e9 de la d\u00e9saturation augmente avec la quantit\u00e9 d\u2019azote stock\u00e9. Il faut en tenir compte pour pr\u00e9venir les risques d&#039;ADD.\" \/>\n<meta property=\"og:url\" content=\"https:\/\/www.plongee-plaisir.com\/fr\/produit\/quantite-dazote-et-severite-de-la-desaturation\/\" \/>\n<meta property=\"og:site_name\" content=\"Plong\u00e9e Plaisir, site officiel\" \/>\n<meta property=\"article:modified_time\" content=\"2022-02-14T11:55:11+00:00\" \/>\n<meta property=\"og:image\" content=\"https:\/\/www.plongee-plaisir.com\/fr\/wp-content\/uploads\/2022\/02\/N4-02-600.jpg\" \/>\n\t<meta property=\"og:image:width\" content=\"600\" \/>\n\t<meta property=\"og:image:height\" content=\"898\" \/>\n\t<meta property=\"og:image:type\" content=\"image\/jpeg\" \/>\n<meta name=\"twitter:card\" content=\"summary_large_image\" \/>\n<meta name=\"twitter:label1\" content=\"Dur\u00e9e de lecture estim\u00e9e\" \/>\n\t<meta name=\"twitter:data1\" content=\"4 minutes\" \/>\n<script type=\"application\/ld+json\" class=\"yoast-schema-graph\">{\"@context\":\"https:\\\/\\\/schema.org\",\"@graph\":[{\"@type\":\"WebPage\",\"@id\":\"https:\\\/\\\/www.plongee-plaisir.com\\\/fr\\\/produit\\\/quantite-dazote-et-severite-de-la-desaturation\\\/\",\"url\":\"https:\\\/\\\/www.plongee-plaisir.com\\\/fr\\\/produit\\\/quantite-dazote-et-severite-de-la-desaturation\\\/\",\"name\":\"N4-02 Quantit\u00e9 d'azote et s\u00e9v\u00e9rit\u00e9 de la d\u00e9saturation - Plong\u00e9e Plaisir, site officiel\",\"isPartOf\":{\"@id\":\"https:\\\/\\\/www.plongee-plaisir.com\\\/fr\\\/#website\"},\"primaryImageOfPage\":{\"@id\":\"https:\\\/\\\/www.plongee-plaisir.com\\\/fr\\\/produit\\\/quantite-dazote-et-severite-de-la-desaturation\\\/#primaryimage\"},\"image\":{\"@id\":\"https:\\\/\\\/www.plongee-plaisir.com\\\/fr\\\/produit\\\/quantite-dazote-et-severite-de-la-desaturation\\\/#primaryimage\"},\"thumbnailUrl\":\"https:\\\/\\\/www.plongee-plaisir.com\\\/fr\\\/wp-content\\\/uploads\\\/2022\\\/02\\\/N4-02-600.jpg\",\"datePublished\":\"2022-02-11T16:49:16+00:00\",\"dateModified\":\"2022-02-14T11:55:11+00:00\",\"description\":\"La s\u00e9v\u00e9rit\u00e9 de la d\u00e9saturation augmente avec la quantit\u00e9 d\u2019azote stock\u00e9. Il faut en tenir compte pour pr\u00e9venir les risques d'ADD.\",\"breadcrumb\":{\"@id\":\"https:\\\/\\\/www.plongee-plaisir.com\\\/fr\\\/produit\\\/quantite-dazote-et-severite-de-la-desaturation\\\/#breadcrumb\"},\"inLanguage\":\"fr-FR\",\"potentialAction\":[{\"@type\":\"ReadAction\",\"target\":[\"https:\\\/\\\/www.plongee-plaisir.com\\\/fr\\\/produit\\\/quantite-dazote-et-severite-de-la-desaturation\\\/\"]}]},{\"@type\":\"ImageObject\",\"inLanguage\":\"fr-FR\",\"@id\":\"https:\\\/\\\/www.plongee-plaisir.com\\\/fr\\\/produit\\\/quantite-dazote-et-severite-de-la-desaturation\\\/#primaryimage\",\"url\":\"https:\\\/\\\/www.plongee-plaisir.com\\\/fr\\\/wp-content\\\/uploads\\\/2022\\\/02\\\/N4-02-600.jpg\",\"contentUrl\":\"https:\\\/\\\/www.plongee-plaisir.com\\\/fr\\\/wp-content\\\/uploads\\\/2022\\\/02\\\/N4-02-600.jpg\",\"width\":600,\"height\":898},{\"@type\":\"BreadcrumbList\",\"@id\":\"https:\\\/\\\/www.plongee-plaisir.com\\\/fr\\\/produit\\\/quantite-dazote-et-severite-de-la-desaturation\\\/#breadcrumb\",\"itemListElement\":[{\"@type\":\"ListItem\",\"position\":1,\"name\":\"Accueil\",\"item\":\"https:\\\/\\\/www.plongee-plaisir.com\\\/fr\\\/\"},{\"@type\":\"ListItem\",\"position\":2,\"name\":\"N4-02 Quantit\u00e9 d&#8217;azote et s\u00e9v\u00e9rit\u00e9 de la d\u00e9saturation\"}]},{\"@type\":\"WebSite\",\"@id\":\"https:\\\/\\\/www.plongee-plaisir.com\\\/fr\\\/#website\",\"url\":\"https:\\\/\\\/www.plongee-plaisir.com\\\/fr\\\/\",\"name\":\"Plong\u00e9e Plaisir, site officiel\",\"description\":\"Apprendre \u00e0 plonger - Learning to dive\",\"potentialAction\":[{\"@type\":\"SearchAction\",\"target\":{\"@type\":\"EntryPoint\",\"urlTemplate\":\"https:\\\/\\\/www.plongee-plaisir.com\\\/fr\\\/?s={search_term_string}\"},\"query-input\":{\"@type\":\"PropertyValueSpecification\",\"valueRequired\":true,\"valueName\":\"search_term_string\"}}],\"inLanguage\":\"fr-FR\"}]}<\/script>\n<!-- \/ Yoast SEO plugin. -->","yoast_head_json":{"title":"N4-02 Quantit\u00e9 d'azote et s\u00e9v\u00e9rit\u00e9 de la d\u00e9saturation - Plong\u00e9e Plaisir, site officiel","description":"La s\u00e9v\u00e9rit\u00e9 de la d\u00e9saturation augmente avec la quantit\u00e9 d\u2019azote stock\u00e9. Il faut en tenir compte pour pr\u00e9venir les risques d'ADD.","robots":{"index":"index","follow":"follow","max-snippet":"max-snippet:-1","max-image-preview":"max-image-preview:large","max-video-preview":"max-video-preview:-1"},"canonical":"https:\/\/www.plongee-plaisir.com\/fr\/produit\/quantite-dazote-et-severite-de-la-desaturation\/","og_locale":"fr_FR","og_type":"article","og_title":"N4-02 Quantit\u00e9 d'azote et s\u00e9v\u00e9rit\u00e9 de la d\u00e9saturation - Plong\u00e9e Plaisir, site officiel","og_description":"La s\u00e9v\u00e9rit\u00e9 de la d\u00e9saturation augmente avec la quantit\u00e9 d\u2019azote stock\u00e9. Il faut en tenir compte pour pr\u00e9venir les risques d'ADD.","og_url":"https:\/\/www.plongee-plaisir.com\/fr\/produit\/quantite-dazote-et-severite-de-la-desaturation\/","og_site_name":"Plong\u00e9e Plaisir, site officiel","article_modified_time":"2022-02-14T11:55:11+00:00","og_image":[{"width":600,"height":898,"url":"https:\/\/www.plongee-plaisir.com\/fr\/wp-content\/uploads\/2022\/02\/N4-02-600.jpg","type":"image\/jpeg"}],"twitter_card":"summary_large_image","twitter_misc":{"Dur\u00e9e de lecture estim\u00e9e":"4 minutes"},"schema":{"@context":"https:\/\/schema.org","@graph":[{"@type":"WebPage","@id":"https:\/\/www.plongee-plaisir.com\/fr\/produit\/quantite-dazote-et-severite-de-la-desaturation\/","url":"https:\/\/www.plongee-plaisir.com\/fr\/produit\/quantite-dazote-et-severite-de-la-desaturation\/","name":"N4-02 Quantit\u00e9 d'azote et s\u00e9v\u00e9rit\u00e9 de la d\u00e9saturation - Plong\u00e9e Plaisir, site officiel","isPartOf":{"@id":"https:\/\/www.plongee-plaisir.com\/fr\/#website"},"primaryImageOfPage":{"@id":"https:\/\/www.plongee-plaisir.com\/fr\/produit\/quantite-dazote-et-severite-de-la-desaturation\/#primaryimage"},"image":{"@id":"https:\/\/www.plongee-plaisir.com\/fr\/produit\/quantite-dazote-et-severite-de-la-desaturation\/#primaryimage"},"thumbnailUrl":"https:\/\/www.plongee-plaisir.com\/fr\/wp-content\/uploads\/2022\/02\/N4-02-600.jpg","datePublished":"2022-02-11T16:49:16+00:00","dateModified":"2022-02-14T11:55:11+00:00","description":"La s\u00e9v\u00e9rit\u00e9 de la d\u00e9saturation augmente avec la quantit\u00e9 d\u2019azote stock\u00e9. Il faut en tenir compte pour pr\u00e9venir les risques d'ADD.","breadcrumb":{"@id":"https:\/\/www.plongee-plaisir.com\/fr\/produit\/quantite-dazote-et-severite-de-la-desaturation\/#breadcrumb"},"inLanguage":"fr-FR","potentialAction":[{"@type":"ReadAction","target":["https:\/\/www.plongee-plaisir.com\/fr\/produit\/quantite-dazote-et-severite-de-la-desaturation\/"]}]},{"@type":"ImageObject","inLanguage":"fr-FR","@id":"https:\/\/www.plongee-plaisir.com\/fr\/produit\/quantite-dazote-et-severite-de-la-desaturation\/#primaryimage","url":"https:\/\/www.plongee-plaisir.com\/fr\/wp-content\/uploads\/2022\/02\/N4-02-600.jpg","contentUrl":"https:\/\/www.plongee-plaisir.com\/fr\/wp-content\/uploads\/2022\/02\/N4-02-600.jpg","width":600,"height":898},{"@type":"BreadcrumbList","@id":"https:\/\/www.plongee-plaisir.com\/fr\/produit\/quantite-dazote-et-severite-de-la-desaturation\/#breadcrumb","itemListElement":[{"@type":"ListItem","position":1,"name":"Accueil","item":"https:\/\/www.plongee-plaisir.com\/fr\/"},{"@type":"ListItem","position":2,"name":"N4-02 Quantit\u00e9 d&#8217;azote et s\u00e9v\u00e9rit\u00e9 de la d\u00e9saturation"}]},{"@type":"WebSite","@id":"https:\/\/www.plongee-plaisir.com\/fr\/#website","url":"https:\/\/www.plongee-plaisir.com\/fr\/","name":"Plong\u00e9e Plaisir, site officiel","description":"Apprendre \u00e0 plonger - Learning to dive","potentialAction":[{"@type":"SearchAction","target":{"@type":"EntryPoint","urlTemplate":"https:\/\/www.plongee-plaisir.com\/fr\/?s={search_term_string}"},"query-input":{"@type":"PropertyValueSpecification","valueRequired":true,"valueName":"search_term_string"}}],"inLanguage":"fr-FR"}]}},"uagb_featured_image_src":{"full":["https:\/\/www.plongee-plaisir.com\/fr\/wp-content\/uploads\/2022\/02\/N4-02-600.jpg",600,898,false],"thumbnail":["https:\/\/www.plongee-plaisir.com\/fr\/wp-content\/uploads\/2022\/02\/N4-02-600-150x150.jpg",150,150,true],"medium":["https:\/\/www.plongee-plaisir.com\/fr\/wp-content\/uploads\/2022\/02\/N4-02-600-200x300.jpg",200,300,true],"medium_large":["https:\/\/www.plongee-plaisir.com\/fr\/wp-content\/uploads\/2022\/02\/N4-02-600.jpg",600,898,false],"large":["https:\/\/www.plongee-plaisir.com\/fr\/wp-content\/uploads\/2022\/02\/N4-02-600.jpg",600,898,false],"1536x1536":["https:\/\/www.plongee-plaisir.com\/fr\/wp-content\/uploads\/2022\/02\/N4-02-600.jpg",600,898,false],"2048x2048":["https:\/\/www.plongee-plaisir.com\/fr\/wp-content\/uploads\/2022\/02\/N4-02-600.jpg",600,898,false],"featured-content":["https:\/\/www.plongee-plaisir.com\/fr\/wp-content\/uploads\/2022\/02\/N4-02-600-600x800.jpg",600,800,true],"author-pro-image":["https:\/\/www.plongee-plaisir.com\/fr\/wp-content\/uploads\/2022\/02\/N4-02-600-360x570.jpg",360,570,true],"tb-timeline-landscape":["https:\/\/www.plongee-plaisir.com\/fr\/wp-content\/uploads\/2022\/02\/N4-02-600-600x400.jpg",600,400,true],"tb-timeline-square":["https:\/\/www.plongee-plaisir.com\/fr\/wp-content\/uploads\/2022\/02\/N4-02-600-600x600.jpg",600,600,true],"ultp_layout_landscape_large":["https:\/\/www.plongee-plaisir.com\/fr\/wp-content\/uploads\/2022\/02\/N4-02-600-600x800.jpg",600,800,true],"ultp_layout_landscape":["https:\/\/www.plongee-plaisir.com\/fr\/wp-content\/uploads\/2022\/02\/N4-02-600-600x570.jpg",600,570,true],"ultp_layout_portrait":["https:\/\/www.plongee-plaisir.com\/fr\/wp-content\/uploads\/2022\/02\/N4-02-600.jpg",600,898,false],"ultp_layout_square":["https:\/\/www.plongee-plaisir.com\/fr\/wp-content\/uploads\/2022\/02\/N4-02-600-600x600.jpg",600,600,true],"vp_sm":["https:\/\/www.plongee-plaisir.com\/fr\/wp-content\/uploads\/2022\/02\/N4-02-600.jpg",500,748,false],"vp_md":["https:\/\/www.plongee-plaisir.com\/fr\/wp-content\/uploads\/2022\/02\/N4-02-600.jpg",600,898,false],"vp_lg":["https:\/\/www.plongee-plaisir.com\/fr\/wp-content\/uploads\/2022\/02\/N4-02-600.jpg",600,898,false],"vp_xl":["https:\/\/www.plongee-plaisir.com\/fr\/wp-content\/uploads\/2022\/02\/N4-02-600.jpg",600,898,false],"vp_sm_popup":["https:\/\/www.plongee-plaisir.com\/fr\/wp-content\/uploads\/2022\/02\/N4-02-600.jpg",500,748,false],"vp_md_popup":["https:\/\/www.plongee-plaisir.com\/fr\/wp-content\/uploads\/2022\/02\/N4-02-600.jpg",600,898,false],"vp_xl_popup":["https:\/\/www.plongee-plaisir.com\/fr\/wp-content\/uploads\/2022\/02\/N4-02-600.jpg",600,898,false],"gb-block-post-grid-landscape":["https:\/\/www.plongee-plaisir.com\/fr\/wp-content\/uploads\/2022\/02\/N4-02-600-600x400.jpg",600,400,true],"gb-block-post-grid-square":["https:\/\/www.plongee-plaisir.com\/fr\/wp-content\/uploads\/2022\/02\/N4-02-600-600x600.jpg",600,600,true],"woocommerce_thumbnail":["https:\/\/www.plongee-plaisir.com\/fr\/wp-content\/uploads\/2022\/02\/N4-02-600-300x449.jpg",300,449,true],"woocommerce_single":["https:\/\/www.plongee-plaisir.com\/fr\/wp-content\/uploads\/2022\/02\/N4-02-600.jpg",600,898,false],"woocommerce_gallery_thumbnail":["https:\/\/www.plongee-plaisir.com\/fr\/wp-content\/uploads\/2022\/02\/N4-02-600-100x100.jpg",100,100,true],"sow-carousel-default":["https:\/\/www.plongee-plaisir.com\/fr\/wp-content\/uploads\/2022\/02\/N4-02-600-272x182.jpg",272,182,true]},"uagb_author_info":{"display_name":"Alain Foret","author_link":"https:\/\/www.plongee-plaisir.com\/fr\/author\/plongeeplaisir\/"},"uagb_comment_info":0,"uagb_excerpt":"La s\u00e9v\u00e9rit\u00e9 de la d\u00e9saturation (et donc les risques d\u2019ADD) augmente avec la quantit\u00e9 d\u2019azote stock\u00e9. Cette notion essentielle en d\u00e9saturation permet de mieux comprendre pourquoi limiter le nombre de plong\u00e9es, le temps de plong\u00e9e, la profondeur, les efforts ou utiliser du nitrox.","featured_img":"https:\/\/www.plongee-plaisir.com\/fr\/wp-content\/uploads\/2022\/02\/N4-02-600.jpg","coauthors":[],"author_meta":{"author_link":"https:\/\/www.plongee-plaisir.com\/fr\/author\/plongeeplaisir\/","display_name":"Alain Foret"},"relative_dates":{"created":"Publi\u00e9 4 ans il y a","modified":"Mis \u00e0 jour 4 ans il y a"},"absolute_dates":{"created":"Publi\u00e9 le 11 f\u00e9vrier 2022","modified":"Mise \u00e0 jour le 14 f\u00e9vrier 2022"},"absolute_dates_time":{"created":"Publi\u00e9 le 11 f\u00e9vrier 2022 17 h 49 min","modified":"Mise \u00e0 jour le 14 f\u00e9vrier 2022 12 h 55 min"},"featured_img_caption":"","tax_additional":{"product_brand":{"linked":[],"unlinked":[],"slug":"product_brand","name":"Marques"},"product_type":{"linked":["<a href=\"https:\/\/www.plongee-plaisir.com\/fr\/?taxonomy=product_type&#038;term=simple\" class=\"advgb-post-tax-term\">simple<\/a>"],"unlinked":["<span class=\"advgb-post-tax-term\">simple<\/span>"],"slug":"product_type","name":"Type de produit"},"product_visibility":{"linked":[],"unlinked":[],"slug":"product_visibility","name":"Visibilit\u00e9 du produit"},"product_cat":{"linked":["<a href=\"https:\/\/www.plongee-plaisir.com\/fr\/categorie-produit\/amphitheatre\/\" class=\"advgb-post-tax-term\">Amphith\u00e9\u00e2tre<\/a>","<a href=\"https:\/\/www.plongee-plaisir.com\/fr\/categorie-produit\/amphitheatre-niveau-4\/\" class=\"advgb-post-tax-term\">Amphith\u00e9\u00e2tre - Niveau 4<\/a>"],"unlinked":["<span class=\"advgb-post-tax-term\">Amphith\u00e9\u00e2tre<\/span>","<span class=\"advgb-post-tax-term\">Amphith\u00e9\u00e2tre - Niveau 4<\/span>"],"slug":"product_cat","name":"Cat\u00e9gories de produits"},"product_tag":{"linked":[],"unlinked":[],"slug":"product_tag","name":"\u00c9tiquettes produit"},"product_shipping_class":{"linked":[],"unlinked":[],"slug":"product_shipping_class","name":"Classe d\u2019exp\u00e9dition du produit"},"pos_product_visibility":{"linked":[],"unlinked":[],"slug":"pos_product_visibility","name":"Visibilit\u00e9 du produit sur le point de vente"}},"series_order":"","_links":{"self":[{"href":"https:\/\/www.plongee-plaisir.com\/fr\/wp-json\/wp\/v2\/product\/54550","targetHints":{"allow":["GET"]}}],"collection":[{"href":"https:\/\/www.plongee-plaisir.com\/fr\/wp-json\/wp\/v2\/product"}],"about":[{"href":"https:\/\/www.plongee-plaisir.com\/fr\/wp-json\/wp\/v2\/types\/product"}],"wp:featuredmedia":[{"embeddable":true,"href":"https:\/\/www.plongee-plaisir.com\/fr\/wp-json\/wp\/v2\/media\/54551"}],"wp:attachment":[{"href":"https:\/\/www.plongee-plaisir.com\/fr\/wp-json\/wp\/v2\/media?parent=54550"}],"wp:term":[{"taxonomy":"product_brand","embeddable":true,"href":"https:\/\/www.plongee-plaisir.com\/fr\/wp-json\/wp\/v2\/product_brand?post=54550"},{"taxonomy":"product_cat","embeddable":true,"href":"https:\/\/www.plongee-plaisir.com\/fr\/wp-json\/wp\/v2\/product_cat?post=54550"},{"taxonomy":"product_tag","embeddable":true,"href":"https:\/\/www.plongee-plaisir.com\/fr\/wp-json\/wp\/v2\/product_tag?post=54550"}],"curies":[{"name":"wp","href":"https:\/\/api.w.org\/{rel}","templated":true}]}}